{"id":66,"date":"2023-02-03T10:36:20","date_gmt":"2023-02-03T09:36:20","guid":{"rendered":"https:\/\/hoyre.no\/naeroysund\/?page_id=66"},"modified":"2023-08-07T23:00:58","modified_gmt":"2023-08-07T21:00:58","slug":"5-grunner-til-a-stemme-naeroysund-hoyre","status":"publish","type":"page","link":"https:\/\/hoyre.no\/naeroysund\/politikk\/5-grunner-til-a-stemme-naeroysund-hoyre\/","title":{"rendered":"Fem grunner til \u00e5 stemme N\u00e6r\u00f8ysund H\u00f8yre"},"content":{"rendered":"\n\t\t<div class=\" has-simple-highlight style-white has-mobile-text-aligned-center slogan-type-custom wp-block-hoyre-slogan\">\n\t\t\t<div class=\"slogan-container\">\n\t\t\t\t<div class=\"slogan__image\">\n\t\t\t\t\t<img loading=\"lazy\" decoding=\"async\" width=\"3024\" height=\"4032\" src=\"https:\/\/hoyre.no\/content\/uploads\/sites\/286\/2023\/04\/Naeroysund.png\" class=\"slogan__background-media\" alt=\"\" style=\"--focal-point: 51% 47%;\" srcset=\"https:\/\/hoyre.no\/content\/uploads\/sites\/286\/2023\/04\/Naeroysund.png 3024w, https:\/\/hoyre.no\/content\/uploads\/sites\/286\/2023\/04\/Naeroysund-225x300.png 225w, https:\/\/hoyre.no\/content\/uploads\/sites\/286\/2023\/04\/Naeroysund-768x1024.png 768w, https:\/\/hoyre.no\/content\/uploads\/sites\/286\/2023\/04\/Naeroysund-1152x1536.png 1152w, https:\/\/hoyre.no\/content\/uploads\/sites\/286\/2023\/04\/Naeroysund-1536x2048.png 1536w\" sizes=\"auto, (max-width: 3024px) 100vw, 3024px\" \/>\n\t\t\t\t<\/div>\n\t\t\t\t<div class=\"slogan__content\">\n\t\t\t\t\t\n\t\t\t\t\t<h2 class=\"slogan__big-title\">Fem grunner til \u00e5 stemme N\u00e6r\u00f8ysund H\u00f8yre<\/h2>\n\t\t\t\t\t<p>H\u00f8yres visjon for N\u00e6r\u00f8ysund er et samfunn med muligheter for alle<\/p>\n\t\t\t\t\t\n\t\t\t\t<\/div>\n\t\t\t<\/div>\n\t\t\t\n\t\t<\/div>\n\t\t\n\n\n\n<div class=\"wp-block-media-text alignwide has-media-on-the-right is-stacked-on-mobile is-image-fill\"><figure class=\"wp-block-media-text__media\" style=\"background-image:url('https:\/\/hoyre.no\/content\/uploads\/sites\/286\/2023\/08\/aUjGVp6e-1024x683.jpeg');background-position:50% 50%\"><img loading=\"lazy\" decoding=\"async\" width=\"1024\" height=\"683\" src=\"https:\/\/hoyre.no\/content\/uploads\/sites\/286\/2023\/08\/aUjGVp6e-1024x683.jpeg\" alt=\"\" class=\"wp-image-123 size-full\" srcset=\"https:\/\/hoyre.no\/content\/uploads\/sites\/286\/2023\/08\/aUjGVp6e-1024x683.jpeg 1024w, https:\/\/hoyre.no\/content\/uploads\/sites\/286\/2023\/08\/aUjGVp6e-300x200.jpeg 300w, https:\/\/hoyre.no\/content\/uploads\/sites\/286\/2023\/08\/aUjGVp6e-768x512.jpeg 768w, https:\/\/hoyre.no\/content\/uploads\/sites\/286\/2023\/08\/aUjGVp6e-1536x1024.jpeg 1536w, https:\/\/hoyre.no\/content\/uploads\/sites\/286\/2023\/08\/aUjGVp6e.jpeg 2048w\" sizes=\"auto, (max-width: 1024px) 100vw, 1024px\" \/><\/figure><div class=\"wp-block-media-text__content\">\n<h2 class=\"wp-block-heading\">1. <strong>1000 flere jobber i N\u00e6r\u00f8ysund<\/strong><\/h2>\n\n\n\n<p>Vi skal v\u00e6re en JA-kommune med rask saksbehandling og som m\u00f8ter jobbskapere med positiv holdning. Gode jobber i N\u00e6r\u00f8ysund vil gj\u00f8re at flere kan bli boende i kommunen v\u00e5r.<\/p>\n<\/div><\/div>\n\n\n\n<div class=\"wp-block-media-text alignwide is-stacked-on-mobile\"><figure class=\"wp-block-media-text__media\"><img loading=\"lazy\" decoding=\"async\" width=\"1024\" height=\"683\" src=\"https:\/\/hoyre.no\/content\/uploads\/sites\/286\/2023\/02\/w5OHPr4c-1024x683.jpeg\" alt=\"\" class=\"wp-image-68 size-full\" srcset=\"https:\/\/hoyre.no\/content\/uploads\/sites\/286\/2023\/02\/w5OHPr4c-1024x683.jpeg 1024w, https:\/\/hoyre.no\/content\/uploads\/sites\/286\/2023\/02\/w5OHPr4c-300x200.jpeg 300w, https:\/\/hoyre.no\/content\/uploads\/sites\/286\/2023\/02\/w5OHPr4c-768x512.jpeg 768w, https:\/\/hoyre.no\/content\/uploads\/sites\/286\/2023\/02\/w5OHPr4c-1536x1024.jpeg 1536w, https:\/\/hoyre.no\/content\/uploads\/sites\/286\/2023\/02\/w5OHPr4c-2048x1365.jpeg 2048w\" sizes=\"auto, (max-width: 1024px) 100vw, 1024px\" \/><\/figure><div class=\"wp-block-media-text__content\">\n\n<h2 class=\"wp-block-heading\">2. <strong>En skole med mestring og l\u00e6ringsglede<\/strong><\/h2>\n\n\n<p>H\u00f8yre satser p\u00e5 skolen og vil jobbe systematisk for at elevene trives og l\u00e6rer seg \u00e5 lese, skrive og regne. Vi vil satse p\u00e5 l\u00e6rerne og bygge et lag rundt eleven. H\u00f8yre vil jobbe for en ny skole p\u00e5 R\u00f8rvik.<\/p>\n\n<\/div><\/div>\n\n\n\n<div class=\"wp-block-media-text alignwide has-media-on-the-right is-stacked-on-mobile is-image-fill\"><figure class=\"wp-block-media-text__media\" style=\"background-image:url('https:\/\/hoyre.no\/content\/uploads\/sites\/286\/2023\/08\/WIUZvPS7-1024x683.jpeg');background-position:50% 50%\"><img loading=\"lazy\" decoding=\"async\" width=\"1024\" height=\"683\" src=\"https:\/\/hoyre.no\/content\/uploads\/sites\/286\/2023\/08\/WIUZvPS7-1024x683.jpeg\" alt=\"\" class=\"wp-image-124 size-full\" srcset=\"https:\/\/hoyre.no\/content\/uploads\/sites\/286\/2023\/08\/WIUZvPS7-1024x683.jpeg 1024w, https:\/\/hoyre.no\/content\/uploads\/sites\/286\/2023\/08\/WIUZvPS7-300x200.jpeg 300w, https:\/\/hoyre.no\/content\/uploads\/sites\/286\/2023\/08\/WIUZvPS7-768x512.jpeg 768w, https:\/\/hoyre.no\/content\/uploads\/sites\/286\/2023\/08\/WIUZvPS7-1536x1024.jpeg 1536w, https:\/\/hoyre.no\/content\/uploads\/sites\/286\/2023\/08\/WIUZvPS7.jpeg 2048w\" sizes=\"auto, (max-width: 1024px) 100vw, 1024px\" \/><\/figure><div class=\"wp-block-media-text__content\">\n<h2 class=\"wp-block-heading\">3. <strong>Kvalitet i helse- og omsorgstjenesten<\/strong><\/h2>\n\n\n\n<p>Pasienter og p\u00e5r\u00f8rende skal bli lyttet til. Vi skal jobbe for at eldre f\u00e5r et godt tilpasset botilbud, og at det blir mulig \u00e5 bli boende hjemme lengre. Vi \u00f8nsker at det er det samme omsorgspersonellet som kommer hjem til folk.<\/p>\n<\/div><\/div>\n\n\n\n<div class=\"wp-block-media-text alignwide is-stacked-on-mobile is-image-fill\"><figure class=\"wp-block-media-text__media\" style=\"background-image:url('https:\/\/hoyre.no\/content\/uploads\/sites\/286\/2023\/02\/m347xAnU-1024x682.jpeg');background-position:50% 50%\"><img loading=\"lazy\" decoding=\"async\" width=\"1024\" height=\"682\" src=\"https:\/\/hoyre.no\/content\/uploads\/sites\/286\/2023\/02\/m347xAnU-1024x682.jpeg\" alt=\"\" class=\"wp-image-70 size-full\" srcset=\"https:\/\/hoyre.no\/content\/uploads\/sites\/286\/2023\/02\/m347xAnU-1024x682.jpeg 1024w, https:\/\/hoyre.no\/content\/uploads\/sites\/286\/2023\/02\/m347xAnU-300x200.jpeg 300w, https:\/\/hoyre.no\/content\/uploads\/sites\/286\/2023\/02\/m347xAnU-768x511.jpeg 768w, https:\/\/hoyre.no\/content\/uploads\/sites\/286\/2023\/02\/m347xAnU-1536x1022.jpeg 1536w, https:\/\/hoyre.no\/content\/uploads\/sites\/286\/2023\/02\/m347xAnU.jpeg 2048w\" sizes=\"auto, (max-width: 1024px) 100vw, 1024px\" \/><\/figure><div class=\"wp-block-media-text__content\">\n<h2 class=\"wp-block-heading\">4. <strong>Trygt \u00e5 bli gammel i N\u00e6r\u00f8ysund<\/strong><\/h2>\n\n\n\n<p>I dag mangler vi \u00e5penhet i N\u00e6r\u00f8ysund om hvordan de som bruker omsorgstjenestene opplever tilbudet. Dette skaper en utrygghet for de som trenger tjenestene i fremtiden. H\u00f8yre vil ha mer \u00e5penhet, og \u00f8nsker bedre systemer for brukerunders\u00f8kelser og oppf\u00f8lging av disse.<\/p>\n<\/div><\/div>\n\n\n\n<div class=\"wp-block-media-text alignwide has-media-on-the-right is-stacked-on-mobile is-image-fill\"><figure class=\"wp-block-media-text__media\" style=\"background-image:url('https:\/\/hoyre.no\/content\/uploads\/sites\/286\/2023\/02\/zI3j2ABY-1024x683.jpeg');background-position:50% 50%\"><img loading=\"lazy\" decoding=\"async\" width=\"1024\" height=\"683\" src=\"https:\/\/hoyre.no\/content\/uploads\/sites\/286\/2023\/02\/zI3j2ABY-1024x683.jpeg\" alt=\"\" class=\"wp-image-71 size-full\" srcset=\"https:\/\/hoyre.no\/content\/uploads\/sites\/286\/2023\/02\/zI3j2ABY-1024x683.jpeg 1024w, https:\/\/hoyre.no\/content\/uploads\/sites\/286\/2023\/02\/zI3j2ABY-300x200.jpeg 300w, https:\/\/hoyre.no\/content\/uploads\/sites\/286\/2023\/02\/zI3j2ABY-768x512.jpeg 768w, https:\/\/hoyre.no\/content\/uploads\/sites\/286\/2023\/02\/zI3j2ABY-1536x1024.jpeg 1536w, https:\/\/hoyre.no\/content\/uploads\/sites\/286\/2023\/02\/zI3j2ABY-2048x1365.jpeg 2048w\" sizes=\"auto, (max-width: 1024px) 100vw, 1024px\" \/><\/figure><div class=\"wp-block-media-text__content\">\n<h2 class=\"wp-block-heading\">5. <strong>Inkludere flere i arbeid, utdanning eller fellesskap<\/strong><\/h2>\n\n\n\n<p>H\u00f8yre vil satse p\u00e5 \u00e5 inkludere unge arbeidsledige som sliter med \u00e5 komme seg i arbeid eller utdanning. Vi vil tilpasse tilbudet til hver enkelt, og blant annet utnytte potensialet i Ytre Namdal Vekst. Det er ogs\u00e5 viktig for \u00e5 skape gode fellesskapsarenaer for barn og unge. Derfor vil vi at alle barn og unge skal kunne delta p\u00e5 minst en fritidsaktivitet gratis.<\/p>\n<\/div><\/div>\n\n\n\n<div class=\"wp-block-hoyre-banner alignwide undefined\"><div class=\"banner-inner\"><figure class=\"hoyre-image-wrapper\"><div class=\"hoyre-image\"><img loading=\"lazy\" decoding=\"async\" width=\"2500\" height=\"1667\" src=\"https:\/\/hoyre.no\/content\/uploads\/sites\/286\/2022\/10\/Q_o51n1U-scaled.jpeg\" class=\"attachment-scaled size-scaled\" alt=\"\" style=\"object-position: 50% 50%\" srcset=\"https:\/\/hoyre.no\/content\/uploads\/sites\/286\/2022\/10\/Q_o51n1U-scaled.jpeg 2500w, https:\/\/hoyre.no\/content\/uploads\/sites\/286\/2022\/10\/Q_o51n1U-300x200.jpeg 300w, https:\/\/hoyre.no\/content\/uploads\/sites\/286\/2022\/10\/Q_o51n1U-1024x683.jpeg 1024w, https:\/\/hoyre.no\/content\/uploads\/sites\/286\/2022\/10\/Q_o51n1U-768x512.jpeg 768w, https:\/\/hoyre.no\/content\/uploads\/sites\/286\/2022\/10\/Q_o51n1U-1536x1024.jpeg 1536w, https:\/\/hoyre.no\/content\/uploads\/sites\/286\/2022\/10\/Q_o51n1U-2048x1365.jpeg 2048w\" sizes=\"auto, (max-width: 2500px) 100vw, 2500px\" \/><\/div><\/figure><div class=\"banner-content\"><div class=\"entry-content\">\n<h2 class=\"wp-block-heading\">Bli kjent med H\u00f8yres ordf\u00f8rerkandidat Andrea<\/h2>\n\n\n\n<div class=\"wp-block-buttons is-layout-flex wp-block-buttons-is-layout-flex\">\n<div class=\"wp-block-button\"><a class=\"wp-block-button__link\" href=\"https:\/\/hoyre.no\/naeroysund\/andrea-nogva-var-ordforerkandidat\/\">Trykk her for \u00e5 lese<\/a><\/div>\n<\/div>\n<\/div><\/div><\/div><\/div>\n\n\n\n<div class=\"wp-block hoyre-section alignfull has-background is-style-light-blue wp-block-hoyre-section\"><div class=\"inner-blocks alignwide\">\n\n<h1 class=\"has-text-align-center wp-block-heading\" id=\"h-finn-ditt-valglokale\">Finn ditt n\u00e6rmeste valglokale<\/h1>\n\n\n\n<p class=\"has-text-align-center\">Du kan forh\u00e5ndsstemme fra 10. august til og med 8. september. I denne perioden kan du stemme i valglokaler over hele landet. Se oversikt over lokale valglokaler og \u00e5pningstider her:<\/p>\n\n\n\n<div class=\"wp-block-buttons is-layout-flex wp-block-buttons-is-layout-flex\">\n<div class=\"wp-block-button aligncenter is-style-fill\"><a class=\"wp-block-button__link\" href=\"https:\/\/www.valg.no\/valglokaler\/valglokaler2\/stem-pa-forhand\/?mpid=5060\" target=\"_blank\" rel=\"noreferrer noopener\">lokaler for forh\u00e5ndsstemming<\/a><\/div>\n<\/div>\n\n\n\n<p class=\"has-text-align-center\">Valgdagen i \u00e5r er mandag 11. september. P\u00e5 valgdagen m\u00e5 du stemme i N\u00e6r\u00f8ysund kommune. Se oversikt over lokale valglokaler og \u00e5pningstider her:<\/p>\n\n\n\n<div class=\"wp-block-buttons is-layout-flex wp-block-buttons-is-layout-flex\">\n<div class=\"wp-block-button aligncenter\"><a class=\"wp-block-button__link\" href=\"https:\/\/www.valg.no\/valglokaler\/valglokaler2\/stemme-pa-valgdagen\/?mpid=5060\" target=\"_blank\" rel=\"noreferrer noopener\">valglokaler p\u00e5 valgdagen<\/a><\/div>\n<\/div>\n\n\n\n<p class=\"has-text-align-center\"><strong>Husk \u00e5 ta med legitimasjon n\u00e5r du skal stemme. Godt valg<\/strong>!<\/p>\n\n<\/div><\/div>","protected":false},"excerpt":{"rendered":"","protected":false},"author":15381,"featured_media":0,"parent":97,"menu_order":0,"comment_status":"closed","ping_status":"closed","template":"","meta":{"teft_cards_image_url":"","teft_cards_custom_pretitle":"","teft_cards_image_id":0,"teft_cards_image_focal_point_x":0,"teft_cards_image_focal_point_y":0,"teft_cards_title":"","teft_cards_excerpt":"","teft_show_chapters":false,"footnotes":""},"class_list":["post-66","page","type-page","status-publish","hentry"],"yoast_head":"<!-- This site is optimized with the Yoast SEO plugin v26.6 - https:\/\/yoast.com\/wordpress\/plugins\/seo\/ -->\n<title>Fem grunner til \u00e5 stemme N\u00e6r\u00f8ysund H\u00f8yre - N\u00e6r\u00f8ysund H\u00f8yre<\/title>\n<meta name=\"robots\" content=\"index, follow, max-snippet:-1, max-image-preview:large, max-video-preview:-1\" \/>\n<link rel=\"canonical\" href=\"https:\/\/hoyre.no\/naeroysund\/politikk\/5-grunner-til-a-stemme-naeroysund-hoyre\/\" \/>\n<meta property=\"og:locale\" content=\"nb_NO\" \/>\n<meta property=\"og:type\" content=\"article\" \/>\n<meta property=\"og:title\" content=\"Fem grunner til \u00e5 stemme N\u00e6r\u00f8ysund H\u00f8yre - N\u00e6r\u00f8ysund H\u00f8yre\" \/>\n<meta property=\"og:url\" content=\"https:\/\/hoyre.no\/naeroysund\/politikk\/5-grunner-til-a-stemme-naeroysund-hoyre\/\" \/>\n<meta property=\"og:site_name\" content=\"N\u00e6r\u00f8ysund H\u00f8yre\" \/>\n<meta property=\"article:modified_time\" content=\"2023-08-07T21:00:58+00:00\" \/>\n<meta property=\"og:image\" content=\"https:\/\/hoyre.no\/content\/uploads\/sites\/286\/2023\/08\/aUjGVp6e-1024x683.jpeg\" \/>\n<meta name=\"twitter:card\" content=\"summary_large_image\" \/>\n<meta name=\"twitter:label1\" content=\"Ansl. lesetid\" \/>\n\t<meta name=\"twitter:data1\" content=\"3 minutter\" \/>\n<script type=\"application\/ld+json\" class=\"yoast-schema-graph\">{\"@context\":\"https:\/\/schema.org\",\"@graph\":[{\"@type\":\"WebPage\",\"@id\":\"https:\/\/hoyre.no\/naeroysund\/politikk\/5-grunner-til-a-stemme-naeroysund-hoyre\/\",\"url\":\"https:\/\/hoyre.no\/naeroysund\/politikk\/5-grunner-til-a-stemme-naeroysund-hoyre\/\",\"name\":\"Fem grunner til \u00e5 stemme N\u00e6r\u00f8ysund H\u00f8yre - N\u00e6r\u00f8ysund H\u00f8yre\",\"isPartOf\":{\"@id\":\"https:\/\/hoyre.no\/naeroysund\/#website\"},\"image\":{\"@id\":\"https:\/\/hoyre.no\/naeroysund\/politikk\/5-grunner-til-a-stemme-naeroysund-hoyre\/#primaryimage\"},\"thumbnailUrl\":\"https:\/\/hoyre.no\/content\/uploads\/sites\/286\/2023\/08\/aUjGVp6e-1024x683.jpeg\",\"datePublished\":\"2023-02-03T09:36:20+00:00\",\"dateModified\":\"2023-08-07T21:00:58+00:00\",\"breadcrumb\":{\"@id\":\"https:\/\/hoyre.no\/naeroysund\/politikk\/5-grunner-til-a-stemme-naeroysund-hoyre\/#breadcrumb\"},\"inLanguage\":\"nb-NO\",\"potentialAction\":[{\"@type\":\"ReadAction\",\"target\":[\"https:\/\/hoyre.no\/naeroysund\/politikk\/5-grunner-til-a-stemme-naeroysund-hoyre\/\"]}]},{\"@type\":\"ImageObject\",\"inLanguage\":\"nb-NO\",\"@id\":\"https:\/\/hoyre.no\/naeroysund\/politikk\/5-grunner-til-a-stemme-naeroysund-hoyre\/#primaryimage\",\"url\":\"https:\/\/hoyre.no\/content\/uploads\/sites\/286\/2023\/08\/aUjGVp6e-1024x683.jpeg\",\"contentUrl\":\"https:\/\/hoyre.no\/content\/uploads\/sites\/286\/2023\/08\/aUjGVp6e-1024x683.jpeg\"},{\"@type\":\"BreadcrumbList\",\"@id\":\"https:\/\/hoyre.no\/naeroysund\/politikk\/5-grunner-til-a-stemme-naeroysund-hoyre\/#breadcrumb\",\"itemListElement\":[{\"@type\":\"ListItem\",\"position\":1,\"name\":\"Til hoyre.no\",\"item\":\"https:\/\/hoyre.no\"},{\"@type\":\"ListItem\",\"position\":2,\"name\":\"Hjem\",\"item\":\"https:\/\/hoyre.no\/naeroysund\/\"},{\"@type\":\"ListItem\",\"position\":3,\"name\":\"Politikk\",\"item\":\"https:\/\/hoyre.no\/naeroysund\/politikk\/\"},{\"@type\":\"ListItem\",\"position\":4,\"name\":\"Fem grunner til \u00e5 stemme N\u00e6r\u00f8ysund H\u00f8yre\"}]},{\"@type\":\"WebSite\",\"@id\":\"https:\/\/hoyre.no\/naeroysund\/#website\",\"url\":\"https:\/\/hoyre.no\/naeroysund\/\",\"name\":\"N\u00e6r\u00f8ysund H\u00f8yre\",\"description\":\"Bare enda et H\u00f8yres nettsteder-nettsted\",\"inLanguage\":\"nb-NO\"}]}<\/script>\n<!-- \/ Yoast SEO plugin. -->","yoast_head_json":{"title":"Fem grunner til \u00e5 stemme N\u00e6r\u00f8ysund H\u00f8yre - N\u00e6r\u00f8ysund H\u00f8yre","robots":{"index":"index","follow":"follow","max-snippet":"max-snippet:-1","max-image-preview":"max-image-preview:large","max-video-preview":"max-video-preview:-1"},"canonical":"https:\/\/hoyre.no\/naeroysund\/politikk\/5-grunner-til-a-stemme-naeroysund-hoyre\/","og_locale":"nb_NO","og_type":"article","og_title":"Fem grunner til \u00e5 stemme N\u00e6r\u00f8ysund H\u00f8yre - N\u00e6r\u00f8ysund H\u00f8yre","og_url":"https:\/\/hoyre.no\/naeroysund\/politikk\/5-grunner-til-a-stemme-naeroysund-hoyre\/","og_site_name":"N\u00e6r\u00f8ysund H\u00f8yre","article_modified_time":"2023-08-07T21:00:58+00:00","og_image":[{"url":"https:\/\/hoyre.no\/content\/uploads\/sites\/286\/2023\/08\/aUjGVp6e-1024x683.jpeg","type":"","width":"","height":""}],"twitter_card":"summary_large_image","twitter_misc":{"Ansl. lesetid":"3 minutter"},"schema":{"@context":"https:\/\/schema.org","@graph":[{"@type":"WebPage","@id":"https:\/\/hoyre.no\/naeroysund\/politikk\/5-grunner-til-a-stemme-naeroysund-hoyre\/","url":"https:\/\/hoyre.no\/naeroysund\/politikk\/5-grunner-til-a-stemme-naeroysund-hoyre\/","name":"Fem grunner til \u00e5 stemme N\u00e6r\u00f8ysund H\u00f8yre - N\u00e6r\u00f8ysund H\u00f8yre","isPartOf":{"@id":"https:\/\/hoyre.no\/naeroysund\/#website"},"image":{"@id":"https:\/\/hoyre.no\/naeroysund\/politikk\/5-grunner-til-a-stemme-naeroysund-hoyre\/#primaryimage"},"thumbnailUrl":"https:\/\/hoyre.no\/content\/uploads\/sites\/286\/2023\/08\/aUjGVp6e-1024x683.jpeg","datePublished":"2023-02-03T09:36:20+00:00","dateModified":"2023-08-07T21:00:58+00:00","breadcrumb":{"@id":"https:\/\/hoyre.no\/naeroysund\/politikk\/5-grunner-til-a-stemme-naeroysund-hoyre\/#breadcrumb"},"inLanguage":"nb-NO","potentialAction":[{"@type":"ReadAction","target":["https:\/\/hoyre.no\/naeroysund\/politikk\/5-grunner-til-a-stemme-naeroysund-hoyre\/"]}]},{"@type":"ImageObject","inLanguage":"nb-NO","@id":"https:\/\/hoyre.no\/naeroysund\/politikk\/5-grunner-til-a-stemme-naeroysund-hoyre\/#primaryimage","url":"https:\/\/hoyre.no\/content\/uploads\/sites\/286\/2023\/08\/aUjGVp6e-1024x683.jpeg","contentUrl":"https:\/\/hoyre.no\/content\/uploads\/sites\/286\/2023\/08\/aUjGVp6e-1024x683.jpeg"},{"@type":"BreadcrumbList","@id":"https:\/\/hoyre.no\/naeroysund\/politikk\/5-grunner-til-a-stemme-naeroysund-hoyre\/#breadcrumb","itemListElement":[{"@type":"ListItem","position":1,"name":"Til hoyre.no","item":"https:\/\/hoyre.no"},{"@type":"ListItem","position":2,"name":"Hjem","item":"https:\/\/hoyre.no\/naeroysund\/"},{"@type":"ListItem","position":3,"name":"Politikk","item":"https:\/\/hoyre.no\/naeroysund\/politikk\/"},{"@type":"ListItem","position":4,"name":"Fem grunner til \u00e5 stemme N\u00e6r\u00f8ysund H\u00f8yre"}]},{"@type":"WebSite","@id":"https:\/\/hoyre.no\/naeroysund\/#website","url":"https:\/\/hoyre.no\/naeroysund\/","name":"N\u00e6r\u00f8ysund H\u00f8yre","description":"Bare enda et H\u00f8yres nettsteder-nettsted","inLanguage":"nb-NO"}]}},"distributor_meta":false,"distributor_terms":false,"distributor_media":false,"distributor_original_site_name":"N\u00e6r\u00f8ysund H\u00f8yre","distributor_original_site_url":"https:\/\/hoyre.no\/naeroysund","push-errors":false,"_links":{"self":[{"href":"https:\/\/hoyre.no\/naeroysund\/wp-json\/wp\/v2\/pages\/66","targetHints":{"allow":["GET"]}}],"collection":[{"href":"https:\/\/hoyre.no\/naeroysund\/wp-json\/wp\/v2\/pages"}],"about":[{"href":"https:\/\/hoyre.no\/naeroysund\/wp-json\/wp\/v2\/types\/page"}],"author":[{"embeddable":true,"href":"https:\/\/hoyre.no\/naeroysund\/wp-json\/wp\/v2\/users\/15381"}],"replies":[{"embeddable":true,"href":"https:\/\/hoyre.no\/naeroysund\/wp-json\/wp\/v2\/comments?post=66"}],"version-history":[{"count":8,"href":"https:\/\/hoyre.no\/naeroysund\/wp-json\/wp\/v2\/pages\/66\/revisions"}],"predecessor-version":[{"id":125,"href":"https:\/\/hoyre.no\/naeroysund\/wp-json\/wp\/v2\/pages\/66\/revisions\/125"}],"up":[{"embeddable":true,"href":"https:\/\/hoyre.no\/naeroysund\/wp-json\/wp\/v2\/pages\/97"}],"wp:attachment":[{"href":"https:\/\/hoyre.no\/naeroysund\/wp-json\/wp\/v2\/media?parent=66"}],"curies":[{"name":"wp","href":"https:\/\/api.w.org\/{rel}","templated":true}]}}