{"id":97,"date":"2023-05-02T12:48:34","date_gmt":"2023-05-02T10:48:34","guid":{"rendered":"https:\/\/hoyre.no\/naeroysund\/?page_id=97"},"modified":"2023-11-13T10:04:39","modified_gmt":"2023-11-13T09:04:39","slug":"politikk","status":"publish","type":"page","link":"https:\/\/hoyre.no\/naeroysund\/politikk\/","title":{"rendered":"Politikk"},"content":{"rendered":"\n<div class=\"wp-block-hoyre-hero with-image-gradient text-color-light  alignfull has-background\"><div class=\"hoyre-hero \"><h1 class=\"title\">Politikk<\/h1><p class=\"preamble\">N\u00e5r frivilligheten, n\u00e6ringslivet og offentlig sektor spiller p\u00e5 lag, skapes det gode lokalsamfunn. H\u00f8yre tror p\u00e5 enkeltmenneskets evne og lyst til \u00e5 st\u00e5 p\u00e5 egne ben.<br><br>Det er v\u00e5r oppgave \u00e5 s\u00f8rge for at mennesker kan leve gode liv, uansett utgangspunkt. Vi skaper ikke politikk for kommunen, men for alle som bor der. H\u00f8yre tror p\u00e5 et samfunn som gir muligheter for alle.<\/p><\/div><\/div>\n\n\n\n\n<div class=\"wp-block-teft-file icon-link-block\"><a href=\"https:\/\/hoyre.no\/content\/uploads\/sites\/286\/2023\/11\/Partiprogram-Naeroysund-HOYRE-tekstversjon.docx.pdf\" download><span class=\"file-title\">Her kan du lese valgprogrammet v\u00e5rt for 2023-2027<\/span><\/a><\/div>\n\n\n\n\t\t<div class=\"has-dark-blue-background-color is-layout-left alignwide alignwide wp-block-hoyre-media-text\">\n\t\t\t<div class=\"hoyre-media-text__media\">\n\t\t\t\t<img loading=\"lazy\" decoding=\"async\" width=\"768\" height=\"1024\" src=\"https:\/\/hoyre.no\/content\/uploads\/sites\/286\/2023\/04\/Andrea-1-768x1024.png\" class=\"hoyre-media-text__media-image\" alt=\"\" style=\"--focal: 21% 54%;\" srcset=\"https:\/\/hoyre.no\/content\/uploads\/sites\/286\/2023\/04\/Andrea-1-768x1024.png 768w, https:\/\/hoyre.no\/content\/uploads\/sites\/286\/2023\/04\/Andrea-1-225x300.png 225w, https:\/\/hoyre.no\/content\/uploads\/sites\/286\/2023\/04\/Andrea-1-1152x1536.png 1152w, https:\/\/hoyre.no\/content\/uploads\/sites\/286\/2023\/04\/Andrea-1-1536x2048.png 1536w\" sizes=\"auto, (max-width: 768px) 100vw, 768px\" \/>\n\t\t\t<\/div>\n\t\t\t<div class=\"hoyre-media-text__content\">\n\t\t\t\t<div class=\"hoyre-media-text__content-inner\">\n\t\t\t\t\t\n\t\t\t<div class=\"hoyre-media-text__title-container\">\n\t\t\t\t\n\t\t\t\t<h2 class=\"hoyre-media-text__title\">Fem grunner til \u00e5 stemme N\u00e6r\u00f8ysund H\u00f8yre<\/h2>\n\t\t\t<\/div>\n\t\t\t\n\t\t\t\t\t<div class=\"hoyre-media-text__blocks\"><\/div>\n\t\t\t\t\t\n\t\t\t<div class=\"hoyre-media-text__buttons\">\n\t\t\t\t<a class=\"button\" href=\"https:\/\/hoyre.no\/naeroysund\/politikk\/5-grunner-til-a-stemme-naeroysund-hoyre\/\">Les mer<\/a>\n\t\t\t<\/div>\n\t\t\t\n\t\t\t\t<\/div>\n\t\t\t<\/div>\n\t\t<\/div>\n\t\t\n\n\n<div class=\"wp-block-hoyre-banner alignwide undefined  is-style-blue\"><div class=\"banner-inner\"><figure class=\"hoyre-image-wrapper\"><div class=\"hoyre-image\"><img loading=\"lazy\" decoding=\"async\" width=\"2500\" height=\"1667\" src=\"https:\/\/hoyre.no\/content\/uploads\/sites\/286\/2022\/10\/Q_o51n1U-scaled.jpeg\" class=\"attachment-scaled size-scaled\" alt=\"\" style=\"object-position: 50% 50%\" srcset=\"https:\/\/hoyre.no\/content\/uploads\/sites\/286\/2022\/10\/Q_o51n1U-scaled.jpeg 2500w, https:\/\/hoyre.no\/content\/uploads\/sites\/286\/2022\/10\/Q_o51n1U-300x200.jpeg 300w, https:\/\/hoyre.no\/content\/uploads\/sites\/286\/2022\/10\/Q_o51n1U-1024x683.jpeg 1024w, https:\/\/hoyre.no\/content\/uploads\/sites\/286\/2022\/10\/Q_o51n1U-768x512.jpeg 768w, https:\/\/hoyre.no\/content\/uploads\/sites\/286\/2022\/10\/Q_o51n1U-1536x1024.jpeg 1536w, https:\/\/hoyre.no\/content\/uploads\/sites\/286\/2022\/10\/Q_o51n1U-2048x1365.jpeg 2048w\" sizes=\"auto, (max-width: 2500px) 100vw, 2500px\" \/><\/div><\/figure><div class=\"banner-content\"><div class=\"entry-content\">\n<h2 class=\"wp-block-heading\">N\u00e6r\u00f8ysund H\u00f8yres ordf\u00f8rerkandidat<\/h2>\n\n\n\n<div class=\"wp-block-buttons is-layout-flex wp-block-buttons-is-layout-flex\">\n<div class=\"wp-block-button is-style-fill\"><a class=\"wp-block-button__link wp-element-button\" href=\"https:\/\/hoyre.no\/naeroysund\/andrea-nogva-var-ordforerkandidat\/\" style=\"border-radius:8px\">BLI BEDRE KJENT MED ANDREA NOGVA<\/a><\/div>\n<\/div>\n<\/div><\/div><\/div><\/div>\n\n\n\n\n<div class=\"wp-block-teft-file icon-link-block\"><a href=\"https:\/\/hoyre.no\/content\/uploads\/sites\/286\/2020\/11\/hoyre-naeroysund--vare-politikk.pdf\" download><span class=\"file-title\">Valgprogrammet v\u00e5rt for 2019-2023<\/span><span class=\"file-name\">hoyre-naeroysund&#8211;vare-politikk.pdf [221.3kb]<\/span><\/a><\/div>\n","protected":false},"excerpt":{"rendered":"","protected":false},"author":31684,"featured_media":0,"parent":0,"menu_order":0,"comment_status":"closed","ping_status":"closed","template":"","meta":{"teft_cards_image_url":"","teft_cards_custom_pretitle":"","teft_cards_image_id":0,"teft_cards_image_focal_point_x":0,"teft_cards_image_focal_point_y":0,"teft_cards_title":"","teft_cards_excerpt":"","teft_show_chapters":false,"footnotes":""},"class_list":["post-97","page","type-page","status-publish","hentry"],"yoast_head":"<!-- This site is optimized with the Yoast SEO plugin v26.6 - https:\/\/yoast.com\/wordpress\/plugins\/seo\/ -->\n<title>Politikk - N\u00e6r\u00f8ysund H\u00f8yre<\/title>\n<meta name=\"robots\" content=\"index, follow, max-snippet:-1, max-image-preview:large, max-video-preview:-1\" \/>\n<link rel=\"canonical\" href=\"https:\/\/hoyre.no\/naeroysund\/politikk\/\" \/>\n<meta property=\"og:locale\" content=\"nb_NO\" \/>\n<meta property=\"og:type\" content=\"article\" \/>\n<meta property=\"og:title\" content=\"Politikk - N\u00e6r\u00f8ysund H\u00f8yre\" \/>\n<meta property=\"og:url\" content=\"https:\/\/hoyre.no\/naeroysund\/politikk\/\" \/>\n<meta property=\"og:site_name\" content=\"N\u00e6r\u00f8ysund H\u00f8yre\" \/>\n<meta property=\"article:modified_time\" content=\"2023-11-13T09:04:39+00:00\" \/>\n<meta property=\"og:image\" content=\"https:\/\/hoyre.no\/content\/uploads\/sites\/286\/2022\/11\/Hoyres-logo.png\" \/>\n\t<meta property=\"og:image:width\" content=\"1000\" \/>\n\t<meta property=\"og:image:height\" content=\"1000\" \/>\n\t<meta property=\"og:image:type\" content=\"image\/png\" \/>\n<meta name=\"twitter:card\" content=\"summary_large_image\" \/>\n<meta name=\"twitter:label1\" content=\"Ansl. lesetid\" \/>\n\t<meta name=\"twitter:data1\" content=\"1 minutt\" \/>\n<script type=\"application\/ld+json\" class=\"yoast-schema-graph\">{\"@context\":\"https:\/\/schema.org\",\"@graph\":[{\"@type\":\"WebPage\",\"@id\":\"https:\/\/hoyre.no\/naeroysund\/politikk\/\",\"url\":\"https:\/\/hoyre.no\/naeroysund\/politikk\/\",\"name\":\"Politikk - N\u00e6r\u00f8ysund H\u00f8yre\",\"isPartOf\":{\"@id\":\"https:\/\/hoyre.no\/naeroysund\/#website\"},\"datePublished\":\"2023-05-02T10:48:34+00:00\",\"dateModified\":\"2023-11-13T09:04:39+00:00\",\"breadcrumb\":{\"@id\":\"https:\/\/hoyre.no\/naeroysund\/politikk\/#breadcrumb\"},\"inLanguage\":\"nb-NO\",\"potentialAction\":[{\"@type\":\"ReadAction\",\"target\":[\"https:\/\/hoyre.no\/naeroysund\/politikk\/\"]}]},{\"@type\":\"BreadcrumbList\",\"@id\":\"https:\/\/hoyre.no\/naeroysund\/politikk\/#breadcrumb\",\"itemListElement\":[{\"@type\":\"ListItem\",\"position\":1,\"name\":\"Til hoyre.no\",\"item\":\"https:\/\/hoyre.no\"},{\"@type\":\"ListItem\",\"position\":2,\"name\":\"Hjem\",\"item\":\"https:\/\/hoyre.no\/naeroysund\/\"},{\"@type\":\"ListItem\",\"position\":3,\"name\":\"Politikk\"}]},{\"@type\":\"WebSite\",\"@id\":\"https:\/\/hoyre.no\/naeroysund\/#website\",\"url\":\"https:\/\/hoyre.no\/naeroysund\/\",\"name\":\"N\u00e6r\u00f8ysund H\u00f8yre\",\"description\":\"Bare enda et H\u00f8yres nettsteder-nettsted\",\"inLanguage\":\"nb-NO\"}]}<\/script>\n<!-- \/ Yoast SEO plugin. -->","yoast_head_json":{"title":"Politikk - N\u00e6r\u00f8ysund H\u00f8yre","robots":{"index":"index","follow":"follow","max-snippet":"max-snippet:-1","max-image-preview":"max-image-preview:large","max-video-preview":"max-video-preview:-1"},"canonical":"https:\/\/hoyre.no\/naeroysund\/politikk\/","og_locale":"nb_NO","og_type":"article","og_title":"Politikk - N\u00e6r\u00f8ysund H\u00f8yre","og_url":"https:\/\/hoyre.no\/naeroysund\/politikk\/","og_site_name":"N\u00e6r\u00f8ysund H\u00f8yre","article_modified_time":"2023-11-13T09:04:39+00:00","og_image":[{"width":1000,"height":1000,"url":"https:\/\/hoyre.no\/content\/uploads\/sites\/286\/2022\/11\/Hoyres-logo.png","type":"image\/png"}],"twitter_card":"summary_large_image","twitter_misc":{"Ansl. lesetid":"1 minutt"},"schema":{"@context":"https:\/\/schema.org","@graph":[{"@type":"WebPage","@id":"https:\/\/hoyre.no\/naeroysund\/politikk\/","url":"https:\/\/hoyre.no\/naeroysund\/politikk\/","name":"Politikk - N\u00e6r\u00f8ysund H\u00f8yre","isPartOf":{"@id":"https:\/\/hoyre.no\/naeroysund\/#website"},"datePublished":"2023-05-02T10:48:34+00:00","dateModified":"2023-11-13T09:04:39+00:00","breadcrumb":{"@id":"https:\/\/hoyre.no\/naeroysund\/politikk\/#breadcrumb"},"inLanguage":"nb-NO","potentialAction":[{"@type":"ReadAction","target":["https:\/\/hoyre.no\/naeroysund\/politikk\/"]}]},{"@type":"BreadcrumbList","@id":"https:\/\/hoyre.no\/naeroysund\/politikk\/#breadcrumb","itemListElement":[{"@type":"ListItem","position":1,"name":"Til hoyre.no","item":"https:\/\/hoyre.no"},{"@type":"ListItem","position":2,"name":"Hjem","item":"https:\/\/hoyre.no\/naeroysund\/"},{"@type":"ListItem","position":3,"name":"Politikk"}]},{"@type":"WebSite","@id":"https:\/\/hoyre.no\/naeroysund\/#website","url":"https:\/\/hoyre.no\/naeroysund\/","name":"N\u00e6r\u00f8ysund H\u00f8yre","description":"Bare enda et H\u00f8yres nettsteder-nettsted","inLanguage":"nb-NO"}]}},"distributor_meta":false,"distributor_terms":false,"distributor_media":false,"distributor_original_site_name":"N\u00e6r\u00f8ysund H\u00f8yre","distributor_original_site_url":"https:\/\/hoyre.no\/naeroysund","push-errors":false,"_links":{"self":[{"href":"https:\/\/hoyre.no\/naeroysund\/wp-json\/wp\/v2\/pages\/97","targetHints":{"allow":["GET"]}}],"collection":[{"href":"https:\/\/hoyre.no\/naeroysund\/wp-json\/wp\/v2\/pages"}],"about":[{"href":"https:\/\/hoyre.no\/naeroysund\/wp-json\/wp\/v2\/types\/page"}],"author":[{"embeddable":true,"href":"https:\/\/hoyre.no\/naeroysund\/wp-json\/wp\/v2\/users\/31684"}],"replies":[{"embeddable":true,"href":"https:\/\/hoyre.no\/naeroysund\/wp-json\/wp\/v2\/comments?post=97"}],"version-history":[{"count":6,"href":"https:\/\/hoyre.no\/naeroysund\/wp-json\/wp\/v2\/pages\/97\/revisions"}],"predecessor-version":[{"id":163,"href":"https:\/\/hoyre.no\/naeroysund\/wp-json\/wp\/v2\/pages\/97\/revisions\/163"}],"wp:attachment":[{"href":"https:\/\/hoyre.no\/naeroysund\/wp-json\/wp\/v2\/media?parent=97"}],"curies":[{"name":"wp","href":"https:\/\/api.w.org\/{rel}","templated":true}]}}