{"id":1412,"date":"2026-02-04T10:36:32","date_gmt":"2026-02-04T09:36:32","guid":{"rendered":"https:\/\/hoyre.no\/nesodden\/?page_id=1412"},"modified":"2026-02-04T11:02:32","modified_gmt":"2026-02-04T10:02:32","slug":"forslag","status":"publish","type":"page","link":"https:\/\/hoyre.no\/nesodden\/forslag\/","title":{"rendered":"Forslag"},"content":{"rendered":"\n<div class=\"wp-block-hoyre-hero with-image-gradient text-color-light  has-media alignfull has-background \"><div class=\"hoyre-hero has-image\"><h1 class=\"title\">Hva ville du gjort hvis du var ordf\u00f8rer?<\/h1><p class=\"preamble\">Nesodden H\u00f8yre skal lage ny politikk for valgperioden 2027-2031, og vi \u00f8nsker \u00e5 h\u00f8re fra deg!<\/p>\t\t\t<div class=\"post-meta wp-block teft-byline-wrapper\">\n\t\t\t\t<div class=\"top\">\n\t\t\t\t\t<div class=\"signature\">\n\t\t\t\t\t\t<div class=\"teft-byline\">\n\t\t\t\t\t\t\t\t\t\t\t\t\t\t<div>\n\t\t\t\t\t\t\t\t<h3>H\u00f8yres redaksjon<\/h3>\t\t\t\t\t\t\t\t\n\t\t\t\t\t\t\t\t\t\t\t\t\t\t\t\t\t<span class=\"date\">Sist oppdatert: 4. februar 2026<\/span>\n\t\t\t\t\t\t\t\t\t\t\t\t\t\t\t\t\t\t\t\t\t\t\t\t\t<span class=\"reading-time\" itemprop=\"timeRequired\" content=\"PT2M\"><em>Ca. 2 minutter lesetid<\/em><\/span>\n\t\t\t\t\t\t\t\t\t\t\t\t\t\t\t<\/div>\n\t\t\t\t\t\t<\/div>\n\t\t\t\t\t<\/div>\n\t\t\t\t\t\t<div class=\"sharing\">\n\t\t<a class=\"share-button share-link copy-link\" data-copy=\"https:\/\/hoyre.no\/nesodden\/forslag\/\" target=\"_blank\"><span class=\"screen-reader-text\">Del link<\/span><\/a>\n\t\t<a class=\"share-button share-twitter\" href=\"http:\/\/twitter.com\/share?text=Forslag&#038;url=https:\/\/hoyre.no\/nesodden\/forslag\/&#038;hashtags=Hoyre\" target=\"_blank\"><span class=\"screen-reader-text\">Del p\u00e5 twitter<\/span><\/a>\n\t\t<a class=\"share-button share-facebook\" href=\"https:\/\/www.facebook.com\/sharer\/sharer.php?u=https:\/\/hoyre.no\/nesodden\/forslag\/\" target=\"_blank\"><span class=\"screen-reader-text\">Del p\u00e5 facebook<\/span><\/a>\n\t<\/div>\n\t\t\t\t\t<\/div>\n\t\t\t<\/div>\n\n\t\t\t<figure class=\"hoyre-image-wrapper\"><div class=\"hoyre-image\"><img loading=\"lazy\" decoding=\"async\" width=\"2500\" height=\"1670\" src=\"https:\/\/hoyre.no\/content\/uploads\/sites\/172\/2022\/11\/DSC04444-1-scaled.jpg\" class=\"attachment-scaled size-scaled\" alt=\"Fyr og Nesoddb\u00e5ten\" style=\"object-position: 50% 50%\" srcset=\"https:\/\/hoyre.no\/content\/uploads\/sites\/172\/2022\/11\/DSC04444-1-scaled.jpg 2500w, https:\/\/hoyre.no\/content\/uploads\/sites\/172\/2022\/11\/DSC04444-1-300x200.jpg 300w, https:\/\/hoyre.no\/content\/uploads\/sites\/172\/2022\/11\/DSC04444-1-1024x684.jpg 1024w, https:\/\/hoyre.no\/content\/uploads\/sites\/172\/2022\/11\/DSC04444-1-768x513.jpg 768w, https:\/\/hoyre.no\/content\/uploads\/sites\/172\/2022\/11\/DSC04444-1-1536x1026.jpg 1536w, https:\/\/hoyre.no\/content\/uploads\/sites\/172\/2022\/11\/DSC04444-1-2048x1368.jpg 2048w\" sizes=\"auto, (max-width: 2500px) 100vw, 2500px\" \/><\/div><\/figure><\/div><\/div>\n\n\n\n\n<h2 class=\"wp-block-heading\">Hva kan bli bedre p\u00e5 Nesodden?<\/h2>\n\n\n\n<p>Nesodden H\u00f8yre skal n\u00e5 lage nytt partiprogram for kommunestyreperioden 2027-2031.<\/p>\n\n\n\n<p>Programmet skal v\u00e6re tydelig p\u00e5 hva vi vil for at Nesodden skal bli et enda bedre sted \u00e5 bo. Vi har et sterkt \u00f8nske om at programmet skal bygge p\u00e5 erfaringene og innsikten til folk som kjenner hverdagsutfordringene p\u00e5 kroppen.<\/p>\n\n\n\n<p><strong>Vi i programkomiteen ber derfor om dine innspill!<\/strong><\/p>\n\n\n\n<p>Hva ville du gjort hvis du var ordf\u00f8rer for \u00e9n dag? Hva mener du er de viktigste utfordringene p\u00e5 Nesodden, og hvilke tiltak b\u00f8r H\u00f8yre prioritere for \u00e5 gj\u00f8re hverdagen enklere for innbyggerne, styrke kommune\u00f8konomien og sikre gode tjenester?<\/p>\n\n\n\n<div class=\"wp-block-buttons is-layout-flex wp-block-buttons-is-layout-flex\">\n<div class=\"wp-block-button\"><a class=\"wp-block-button__link wp-element-button\" href=\"https:\/\/forms.gle\/xFMpjQzP1Ne58zXN8\">Send inn dine forslag her<\/a><\/div>\n<\/div>\n\n\n\n<p>Vi kommer til \u00e5 lese gjennom alle forslagene som kommer inn, oppsummere dem og bruke dem aktivt i programarbeidet. Hvis du \u00f8nsker at vi tar kontakt for en kort prat eller utdyping, kan du ogs\u00e5 gi oss beskjed om n\u00e5r det passer, s\u00e5 tar vi kontakt.<\/p>\n\n\n\n<p>Takk for at du bidrar. Det handler om deg, og det handler om Nesodden.<\/p>\n\n\n\n<p><strong>Har du sp\u00f8rsm\u00e5l? Ta kontakt med Helge Bj\u00f8rgo, leder for programkomiteen.<\/strong><\/p>\n\n\n\n<div class=\"wp-block-hoyre-contacts alignwide\"><div class=\"hoyre-contacts__inner\">\n<div class=\"wp-block-hoyre-contact alignwide\"><div class=\"hoyre-contact__inner\"><figure class=\"hoyre-image-wrapper\"><div class=\"hoyre-image\"><img loading=\"lazy\" decoding=\"async\" width=\"2500\" height=\"1667\" src=\"https:\/\/hoyre.no\/content\/uploads\/sites\/172\/2026\/02\/IMG_9791-scaled.jpg\" class=\"attachment-scaled size-scaled\" alt=\"Helge\" style=\"object-position: 40% 50%\" srcset=\"https:\/\/hoyre.no\/content\/uploads\/sites\/172\/2026\/02\/IMG_9791-scaled.jpg 2500w, https:\/\/hoyre.no\/content\/uploads\/sites\/172\/2026\/02\/IMG_9791-300x200.jpg 300w, https:\/\/hoyre.no\/content\/uploads\/sites\/172\/2026\/02\/IMG_9791-1024x683.jpg 1024w, https:\/\/hoyre.no\/content\/uploads\/sites\/172\/2026\/02\/IMG_9791-768x512.jpg 768w, https:\/\/hoyre.no\/content\/uploads\/sites\/172\/2026\/02\/IMG_9791-1536x1024.jpg 1536w, https:\/\/hoyre.no\/content\/uploads\/sites\/172\/2026\/02\/IMG_9791-2048x1365.jpg 2048w\" sizes=\"auto, (max-width: 2500px) 100vw, 2500px\" \/><\/div><\/figure><h3 class=\"title\">Helge Bj\u00f8rgo<\/h3><span class=\"position\">Leder for programkomiteen<\/span><br \/><a class=\"phone\" href=\"tel:40497974\">40497974<\/a><br \/><a class=\"email\" href=\"mailto:epf.bjorgo.helge@gmail.com\">epf.bjorgo.helge@gmail.com<\/a><\/div><\/div>\n<\/div><\/div>\n\n\n\n<h2 class=\"wp-block-heading\">Nesodden H\u00f8yres programkomit\u00e9<\/h2>\n\n\n\n<figure class=\"wp-block-table\"><table class=\"has-fixed-layout\"><tbody><tr><td><strong>Navn<\/strong><\/td><td><strong>Krets<\/strong><\/td><\/tr><tr><td>Helge Bj\u00f8rgo (leder)<\/td><td>Berger<\/td><\/tr><tr><td>Jostein Bakke<\/td><td>Tangen<\/td><\/tr><tr><td>Tage Slind Jensen<\/td><td>Tangen<\/td><\/tr><tr><td>Stian Skalle<\/td><td>Alv\u00e6rn<\/td><\/tr><tr><td>Sofie R\u00f8nnevik (Unge H\u00f8yre)<\/td><td>Bj\u00f8rnemyr<\/td><\/tr><tr><td>Tor Lindberg (Senior H\u00f8yre)<\/td><td>Tangen<\/td><\/tr><\/tbody><\/table><\/figure>\n\n\n\n<h2 class=\"wp-block-heading\">Datoplan<\/h2>\n\n\n\n<figure class=\"wp-block-table\"><table class=\"has-fixed-layout\"><tbody><tr><td><strong>Dato<\/strong><\/td><td><strong>Hva<\/strong><\/td><\/tr><tr><td>1. mai<\/td><td>Frist for \u00e5 sende inn innspill<\/td><\/tr><tr><td>31. mai<\/td><td>Frist for \u00e5 publisere 1. utkast til nytt program<\/td><\/tr><tr><td>1. august<\/td><td>Frist for \u00e5 sende inn innspill til 1. utkastet<\/td><\/tr><tr><td>1. september<\/td><td>Frist for \u00e5 publisere 2. utkast til nytt program<\/td><\/tr><tr><td>30. september<\/td><td>Frist for \u00e5 sende inn endringsforslag<\/td><\/tr><tr><td>8. oktober<\/td><td>Programm\u00f8te (programmet vedtas endelig)<\/td><\/tr><\/tbody><\/table><\/figure>\n\n","protected":false},"excerpt":{"rendered":"","protected":false},"author":11570,"featured_media":0,"parent":0,"menu_order":0,"comment_status":"closed","ping_status":"closed","template":"","meta":{"teft_cards_image_url":"","teft_cards_custom_pretitle":"","teft_cards_image_id":481,"teft_cards_image_focal_point_x":0.5,"teft_cards_image_focal_point_y":0.5,"teft_cards_title":"Hva ville du gjort hvis du var ordf\u00f8rer?","teft_cards_excerpt":"","teft_show_chapters":false,"footnotes":""},"class_list":["post-1412","page","type-page","status-publish","hentry"],"yoast_head":"<!-- This site is optimized with the Yoast SEO plugin v26.6 - https:\/\/yoast.com\/wordpress\/plugins\/seo\/ -->\n<title>Forslag - Nesodden H\u00f8yre<\/title>\n<meta name=\"robots\" content=\"index, follow, max-snippet:-1, max-image-preview:large, max-video-preview:-1\" \/>\n<link rel=\"canonical\" href=\"https:\/\/hoyre.no\/nesodden\/forslag\/\" \/>\n<meta property=\"og:locale\" content=\"nb_NO\" \/>\n<meta property=\"og:type\" content=\"article\" \/>\n<meta property=\"og:title\" content=\"Forslag - Nesodden H\u00f8yre\" \/>\n<meta property=\"og:url\" content=\"https:\/\/hoyre.no\/nesodden\/forslag\/\" \/>\n<meta property=\"og:site_name\" content=\"Nesodden H\u00f8yre\" \/>\n<meta property=\"article:modified_time\" content=\"2026-02-04T10:02:32+00:00\" \/>\n<meta property=\"og:image\" content=\"https:\/\/hoyre.no\/content\/uploads\/sites\/172\/2022\/11\/DSC04444-1-1024x684.jpg\" \/>\n<meta name=\"twitter:card\" content=\"summary_large_image\" \/>\n<meta name=\"twitter:label1\" content=\"Ansl. lesetid\" \/>\n\t<meta name=\"twitter:data1\" content=\"2 minutter\" \/>\n<script type=\"application\/ld+json\" class=\"yoast-schema-graph\">{\"@context\":\"https:\/\/schema.org\",\"@graph\":[{\"@type\":\"WebPage\",\"@id\":\"https:\/\/hoyre.no\/nesodden\/forslag\/\",\"url\":\"https:\/\/hoyre.no\/nesodden\/forslag\/\",\"name\":\"Forslag - Nesodden H\u00f8yre\",\"isPartOf\":{\"@id\":\"https:\/\/hoyre.no\/nesodden\/#website\"},\"datePublished\":\"2026-02-04T09:36:32+00:00\",\"dateModified\":\"2026-02-04T10:02:32+00:00\",\"breadcrumb\":{\"@id\":\"https:\/\/hoyre.no\/nesodden\/forslag\/#breadcrumb\"},\"inLanguage\":\"nb-NO\",\"potentialAction\":[{\"@type\":\"ReadAction\",\"target\":[\"https:\/\/hoyre.no\/nesodden\/forslag\/\"]}]},{\"@type\":\"BreadcrumbList\",\"@id\":\"https:\/\/hoyre.no\/nesodden\/forslag\/#breadcrumb\",\"itemListElement\":[{\"@type\":\"ListItem\",\"position\":1,\"name\":\"Til hoyre.no\",\"item\":\"https:\/\/hoyre.no\"},{\"@type\":\"ListItem\",\"position\":2,\"name\":\"Hjem\",\"item\":\"https:\/\/hoyre.no\/nesodden\/\"},{\"@type\":\"ListItem\",\"position\":3,\"name\":\"Forslag\"}]},{\"@type\":\"WebSite\",\"@id\":\"https:\/\/hoyre.no\/nesodden\/#website\",\"url\":\"https:\/\/hoyre.no\/nesodden\/\",\"name\":\"Nesodden H\u00f8yre\",\"description\":\"Bare enda et H\u00f8yres nettsteder-nettsted\",\"inLanguage\":\"nb-NO\"}]}<\/script>\n<!-- \/ Yoast SEO plugin. -->","yoast_head_json":{"title":"Forslag - Nesodden H\u00f8yre","robots":{"index":"index","follow":"follow","max-snippet":"max-snippet:-1","max-image-preview":"max-image-preview:large","max-video-preview":"max-video-preview:-1"},"canonical":"https:\/\/hoyre.no\/nesodden\/forslag\/","og_locale":"nb_NO","og_type":"article","og_title":"Forslag - Nesodden H\u00f8yre","og_url":"https:\/\/hoyre.no\/nesodden\/forslag\/","og_site_name":"Nesodden H\u00f8yre","article_modified_time":"2026-02-04T10:02:32+00:00","og_image":[{"url":"https:\/\/hoyre.no\/content\/uploads\/sites\/172\/2022\/11\/DSC04444-1-1024x684.jpg","width":"","height":"","type":""}],"twitter_card":"summary_large_image","twitter_misc":{"Ansl. lesetid":"2 minutter"},"schema":{"@context":"https:\/\/schema.org","@graph":[{"@type":"WebPage","@id":"https:\/\/hoyre.no\/nesodden\/forslag\/","url":"https:\/\/hoyre.no\/nesodden\/forslag\/","name":"Forslag - Nesodden H\u00f8yre","isPartOf":{"@id":"https:\/\/hoyre.no\/nesodden\/#website"},"datePublished":"2026-02-04T09:36:32+00:00","dateModified":"2026-02-04T10:02:32+00:00","breadcrumb":{"@id":"https:\/\/hoyre.no\/nesodden\/forslag\/#breadcrumb"},"inLanguage":"nb-NO","potentialAction":[{"@type":"ReadAction","target":["https:\/\/hoyre.no\/nesodden\/forslag\/"]}]},{"@type":"BreadcrumbList","@id":"https:\/\/hoyre.no\/nesodden\/forslag\/#breadcrumb","itemListElement":[{"@type":"ListItem","position":1,"name":"Til hoyre.no","item":"https:\/\/hoyre.no"},{"@type":"ListItem","position":2,"name":"Hjem","item":"https:\/\/hoyre.no\/nesodden\/"},{"@type":"ListItem","position":3,"name":"Forslag"}]},{"@type":"WebSite","@id":"https:\/\/hoyre.no\/nesodden\/#website","url":"https:\/\/hoyre.no\/nesodden\/","name":"Nesodden H\u00f8yre","description":"Bare enda et H\u00f8yres nettsteder-nettsted","inLanguage":"nb-NO"}]}},"distributor_meta":false,"distributor_terms":false,"distributor_media":false,"distributor_original_site_name":"Nesodden H\u00f8yre","distributor_original_site_url":"https:\/\/hoyre.no\/nesodden","push-errors":false,"_links":{"self":[{"href":"https:\/\/hoyre.no\/nesodden\/wp-json\/wp\/v2\/pages\/1412","targetHints":{"allow":["GET"]}}],"collection":[{"href":"https:\/\/hoyre.no\/nesodden\/wp-json\/wp\/v2\/pages"}],"about":[{"href":"https:\/\/hoyre.no\/nesodden\/wp-json\/wp\/v2\/types\/page"}],"author":[{"embeddable":true,"href":"https:\/\/hoyre.no\/nesodden\/wp-json\/wp\/v2\/users\/11570"}],"replies":[{"embeddable":true,"href":"https:\/\/hoyre.no\/nesodden\/wp-json\/wp\/v2\/comments?post=1412"}],"version-history":[{"count":6,"href":"https:\/\/hoyre.no\/nesodden\/wp-json\/wp\/v2\/pages\/1412\/revisions"}],"predecessor-version":[{"id":1445,"href":"https:\/\/hoyre.no\/nesodden\/wp-json\/wp\/v2\/pages\/1412\/revisions\/1445"}],"wp:attachment":[{"href":"https:\/\/hoyre.no\/nesodden\/wp-json\/wp\/v2\/media?parent=1412"}],"curies":[{"name":"wp","href":"https:\/\/api.w.org\/{rel}","templated":true}]}}