{"id":1444,"date":"2026-02-07T16:27:48","date_gmt":"2026-02-07T15:27:48","guid":{"rendered":"https:\/\/hoyre.no\/nesodden\/?page_id=1444"},"modified":"2026-03-20T10:20:25","modified_gmt":"2026-03-20T09:20:25","slug":"nominasjon","status":"publish","type":"page","link":"https:\/\/hoyre.no\/nesodden\/nominasjon\/","title":{"rendered":"Nominasjon"},"content":{"rendered":"\n<div class=\"wp-block-hoyre-hero with-image-gradient text-color-light  has-media alignfull has-background \"><div class=\"hoyre-hero has-image\"><h1 class=\"title\">Vil du pr\u00f8ve deg som politiker?<\/h1><p class=\"preamble\">Nominasjonskomiteen er i gang med arbeidet med \u00e5 sette sammen laget som skal bringe H\u00f8yre til valgseier p\u00e5 Nesodden i 2027.<\/p>\t\t\t<div class=\"post-meta wp-block teft-byline-wrapper\">\n\t\t\t\t<div class=\"top\">\n\t\t\t\t\t<div class=\"signature\">\n\t\t\t\t\t\t<div class=\"teft-byline\">\n\t\t\t\t\t\t\t\t\t\t\t\t\t\t<div>\n\t\t\t\t\t\t\t\t<h3>H\u00f8yres redaksjon<\/h3>\t\t\t\t\t\t\t\t\n\t\t\t\t\t\t\t\t\t\t\t\t\t\t\t\t\t<span class=\"date\">Sist oppdatert: 20. mars 2026<\/span>\n\t\t\t\t\t\t\t\t\t\t\t\t\t\t\t\t\t\t\t\t\t\t\t\t\t<span class=\"reading-time\" itemprop=\"timeRequired\" content=\"PT3M\"><em>Ca. 3 minutter lesetid<\/em><\/span>\n\t\t\t\t\t\t\t\t\t\t\t\t\t\t\t<\/div>\n\t\t\t\t\t\t<\/div>\n\t\t\t\t\t<\/div>\n\t\t\t\t\t\t<div class=\"sharing\">\n\t\t<a class=\"share-button share-link copy-link\" data-copy=\"https:\/\/hoyre.no\/nesodden\/nominasjon\/\" target=\"_blank\"><span class=\"screen-reader-text\">Del link<\/span><\/a>\n\t\t<a class=\"share-button share-twitter\" href=\"http:\/\/twitter.com\/share?text=Nominasjon&#038;url=https:\/\/hoyre.no\/nesodden\/nominasjon\/&#038;hashtags=Hoyre\" target=\"_blank\"><span class=\"screen-reader-text\">Del p\u00e5 twitter<\/span><\/a>\n\t\t<a class=\"share-button share-facebook\" href=\"https:\/\/www.facebook.com\/sharer\/sharer.php?u=https:\/\/hoyre.no\/nesodden\/nominasjon\/\" target=\"_blank\"><span class=\"screen-reader-text\">Del p\u00e5 facebook<\/span><\/a>\n\t<\/div>\n\t\t\t\t\t<\/div>\n\t\t\t<\/div>\n\n\t\t\t<figure class=\"hoyre-image-wrapper\"><div class=\"hoyre-image\"><img loading=\"lazy\" decoding=\"async\" width=\"2500\" height=\"1670\" src=\"https:\/\/hoyre.no\/content\/uploads\/sites\/172\/2024\/04\/Fagerstrand-scaled.jpg\" class=\"attachment-scaled size-scaled\" alt=\"\" style=\"object-position: 50% 50%\" srcset=\"https:\/\/hoyre.no\/content\/uploads\/sites\/172\/2024\/04\/Fagerstrand-scaled.jpg 2500w, https:\/\/hoyre.no\/content\/uploads\/sites\/172\/2024\/04\/Fagerstrand-300x200.jpg 300w, https:\/\/hoyre.no\/content\/uploads\/sites\/172\/2024\/04\/Fagerstrand-1024x684.jpg 1024w, https:\/\/hoyre.no\/content\/uploads\/sites\/172\/2024\/04\/Fagerstrand-768x513.jpg 768w, https:\/\/hoyre.no\/content\/uploads\/sites\/172\/2024\/04\/Fagerstrand-1536x1026.jpg 1536w, https:\/\/hoyre.no\/content\/uploads\/sites\/172\/2024\/04\/Fagerstrand-2048x1368.jpg 2048w\" sizes=\"auto, (max-width: 2500px) 100vw, 2500px\" \/><\/div><\/figure><\/div><\/div>\n\n\n\n<h2 class=\"wp-block-heading\">Kandidater s\u00f8kes!<\/h2>\n\n\n\n\n<p>Kunne du tenke deg \u00e5 stille til valg for Nesodden H\u00f8yre i 2027, eller kjenner du noen som kunne egnet seg som politiker for H\u00f8yre? Da vil vi oppfordre deg til \u00e5 ta kontakt med v\u00e5r nominasjonskomit\u00e9!<\/p>\n\n\n\n<div class=\"wp-block-buttons is-layout-flex wp-block-buttons-is-layout-flex\">\n<div class=\"wp-block-button\"><a class=\"wp-block-button__link wp-element-button\" href=\"https:\/\/forms.office.com\/e\/A9HSJ0wHBW\">Meld interesse eller tips om kandidater her!<\/a><\/div>\n<\/div>\n\n\n\n<p><strong>Du kan ogs\u00e5 sende inn tips til nominasjonskomiteens leder, P\u00e5l R\u00f8nnevik, p\u00e5 e-post:<\/strong><\/p>\n\n\n\n<div class=\"wp-block-hoyre-contacts alignwide\"><div class=\"hoyre-contacts__inner\">\n<div class=\"wp-block-hoyre-contact\"><div class=\"hoyre-contact__inner\"><figure class=\"hoyre-image-wrapper\"><div class=\"hoyre-image\"><img loading=\"lazy\" decoding=\"async\" width=\"1670\" height=\"2500\" src=\"https:\/\/hoyre.no\/content\/uploads\/sites\/172\/2026\/02\/Pal-Ronnevik-1-scaled.jpg\" class=\"attachment-scaled size-scaled\" alt=\"\" style=\"object-position: 50% 0%\" srcset=\"https:\/\/hoyre.no\/content\/uploads\/sites\/172\/2026\/02\/Pal-Ronnevik-1-scaled.jpg 1670w, https:\/\/hoyre.no\/content\/uploads\/sites\/172\/2026\/02\/Pal-Ronnevik-1-200x300.jpg 200w, https:\/\/hoyre.no\/content\/uploads\/sites\/172\/2026\/02\/Pal-Ronnevik-1-684x1024.jpg 684w, https:\/\/hoyre.no\/content\/uploads\/sites\/172\/2026\/02\/Pal-Ronnevik-1-768x1150.jpg 768w, https:\/\/hoyre.no\/content\/uploads\/sites\/172\/2026\/02\/Pal-Ronnevik-1-1026x1536.jpg 1026w, https:\/\/hoyre.no\/content\/uploads\/sites\/172\/2026\/02\/Pal-Ronnevik-1-1368x2048.jpg 1368w\" sizes=\"auto, (max-width: 1670px) 100vw, 1670px\" \/><\/div><\/figure><h3 class=\"title\">P\u00e5l R\u00f8nnevik<\/h3><span class=\"position\">Leder for nominasjonskomiteen<\/span><br \/><a class=\"phone\" href=\"tel:90960504\">90960504<\/a><br \/><a class=\"email\" href=\"mailto:pal.kristen.ronnevik@gmail.com\">pal.kristen.ronnevik@gmail.com<\/a><\/div><\/div>\n<\/div><\/div>\n\n\n\n<p>Det spiller ingen rolle om du har kort, lang eller ingen erfaring fra H\u00f8yre. Alle tips mottas med stor takk! Du, eller personen du foresl\u00e5r, trenger ikke \u00e5 v\u00e6re medlem i H\u00f8yre for \u00e5 bli vurdert som kandidat, men m\u00e5 melde seg inn og betale kontingent f\u00f8r nominasjonsm\u00f8tet.<\/p>\n\n\n\n<p>Hvis du foresl\u00e5r noen andre enn deg selv, blir vi takknemlige om du sender kontaktinformasjon til vedkommende.<\/p>\n\n\n\n<h2 class=\"wp-block-heading\">To nominasjonsm\u00f8ter<\/h2>\n\n\n\n<p>Nominasjonskomiteen er ansvarlig for \u00e5 utarbeide et forslag til valgliste for Nesodden H\u00f8yre til kommunestyrevalget i 2027. Listen vedtas endelig p\u00e5 nominasjonsm\u00f8tet, hvor alle betalende medlemmer i Nesodden H\u00f8yre har m\u00f8te-, tale- og stemmerett.<\/p>\n\n\n\n<p>Basert p\u00e5 gode erfaringer fra valget i 2023, har Nesodden H\u00f8yre besluttet at nominasjonen skal gjennomf\u00f8res i to omganger.<\/p>\n\n\n\n<p>Det f\u00f8rste nominasjonsm\u00f8tet vil finne sted i16. april 2026, og her skal ordf\u00f8rer- og 2. kandidaten p\u00e5 listen nomineres. Resten av listen (opptil 35 navn) skal nomineres p\u00e5 nominasjonsm\u00f8tet 12. november 2026.<\/p>\n\n\n\n<div class=\"wp-block-teft-accentuated-link undefined has-image\"><div class=\"kf-link__wrapper\"><div class=\"kf-link__tagline\">Innstilling p\u00e5 1. og 2. kandidat<\/div><a class=\"kf-link__link\" href=\"https:\/\/hoyre.no\/nesodden\/aktuelt\/tage-og-linda-innstilt-pa-topp\/\">Tage og Linda innstilt p\u00e5 topp<span class=\"kf-link__link-source\">hoyre.no<\/span><\/a><\/div><figure class=\"hoyre-image-wrapper\"><div class=\"hoyre-image\"><img loading=\"lazy\" decoding=\"async\" width=\"2500\" height=\"1667\" src=\"https:\/\/hoyre.no\/content\/uploads\/sites\/172\/2026\/03\/Tage-og-Linda-latter-scaled.jpg\" class=\"attachment-scaled size-scaled\" alt=\"Tage Slind Jensen og Linda Johnstone S\u00f8rensen latter\" style=\"object-position: 50% 50%\" srcset=\"https:\/\/hoyre.no\/content\/uploads\/sites\/172\/2026\/03\/Tage-og-Linda-latter-scaled.jpg 2500w, https:\/\/hoyre.no\/content\/uploads\/sites\/172\/2026\/03\/Tage-og-Linda-latter-300x200.jpg 300w, https:\/\/hoyre.no\/content\/uploads\/sites\/172\/2026\/03\/Tage-og-Linda-latter-1024x683.jpg 1024w, https:\/\/hoyre.no\/content\/uploads\/sites\/172\/2026\/03\/Tage-og-Linda-latter-768x512.jpg 768w, https:\/\/hoyre.no\/content\/uploads\/sites\/172\/2026\/03\/Tage-og-Linda-latter-1536x1024.jpg 1536w, https:\/\/hoyre.no\/content\/uploads\/sites\/172\/2026\/03\/Tage-og-Linda-latter-2048x1365.jpg 2048w\" sizes=\"auto, (max-width: 2500px) 100vw, 2500px\" \/><\/div><\/figure><\/div>\n\n\n\n<h2 class=\"wp-block-heading\">Nesodden H\u00f8yres nominasjonskomit\u00e9<\/h2>\n\n\n\n<figure class=\"wp-block-table\"><table class=\"has-fixed-layout\"><tbody><tr><td><strong>Navn<\/strong><\/td><td><strong>Krets<\/strong><\/td><\/tr><tr><td>P\u00e5l Kristen R\u00f8nnevik (leder)<\/td><td>Bj\u00f8rnemyr<\/td><\/tr><tr><td>Gudrun Hesselberg<\/td><td>Tangen<\/td><\/tr><tr><td>Karianne Lampe-Oppegaard<\/td><td>Bj\u00f8rnemyr<\/td><\/tr><tr><td>Beate Fahre<\/td><td>Fagerstrand<\/td><\/tr><tr><td>Charlotte L\u00f8es Hokholt (Unge H\u00f8yre)<\/td><td>Alv\u00e6rn<\/td><\/tr><tr><td>Astrid L\u00f8es Hokholt (Senior H\u00f8yre)<\/td><td>Jaer<\/td><\/tr><\/tbody><\/table><\/figure>\n\n\n\n<h2 class=\"wp-block-heading\">Datoplan for nominasjonsprosessen<\/h2>\n\n\n\n<figure class=\"wp-block-table\"><table class=\"has-fixed-layout\"><tbody><tr><td><strong>Dato<\/strong><\/td><td><strong>Hva<\/strong><\/td><\/tr><tr><td>20. mars<\/td><td>Frist for sittende representanter \u00e5 avklare om de stiller seg til disposisjon for renominasjon<\/td><\/tr><tr><td>20. mars<\/td><td>Frist for offentliggj\u00f8ring av nominasjonskomiteens innstilling til ordf\u00f8rerkandidat og 2. kandidat<\/td><\/tr><tr><td>16. april<\/td><td>Nominasjonsm\u00f8te for ordf\u00f8rerkandidat og 2. kandidat<\/td><\/tr><tr><td>29. oktober<\/td><td>Frist for offentliggj\u00f8ring av nominasjonskomiteens innstilling til \u00f8vrige listekandidater<\/td><\/tr><tr><td>12. november<\/td><td>Nominasjonsm\u00f8te<\/td><\/tr><\/tbody><\/table><\/figure>\n\n\n\n<h2 class=\"wp-block-heading\">Disse \u00f8nsker renominasjon<\/h2>\n\n\n\n<p>Her er oversikten over hvilke medlemmer i kommunestyregruppen som stiller seg til disposisjon for renominasjon.<\/p>\n\n\n\n<figure class=\"wp-block-table\"><table class=\"has-fixed-layout\"><tbody><tr><td><strong>Navn<\/strong><\/td><td><strong>Stiller du deg til disposisjon for renominasjon?<\/strong><\/td><\/tr><tr><td>1. Tage Slind Jensen<\/td><td>Ja<\/td><\/tr><tr><td>2. Trude Thorsdatter Evensen<\/td><td>Nei<\/td><\/tr><tr><td>3. Tor Lindberg<\/td><td>Nei<\/td><\/tr><tr><td>4. Linda Johnstone S\u00f8rensen<\/td><td>Ja<\/td><\/tr><tr><td>5. Anette L\u00f8es Hokholt Wiik<\/td><td>Nei<\/td><\/tr><tr><td>6. Arne Bjerke<\/td><td>Ja<\/td><\/tr><tr><td>7. Rebekka Klem Moseby<\/td><td>Ja<\/td><\/tr><tr><td>8. Erik Adland<\/td><td>Ja<\/td><\/tr><tr><td>9. Sofie R\u00f8nnevik<\/td><td>Ja<\/td><\/tr><tr><td>10. Christian Sundelin<\/td><td>Ja<\/td><\/tr><tr><td>11. Arne Kyrkjeb\u00f8<\/td><td>Ja<\/td><\/tr><tr><td>12. Marit Gautvik<\/td><td>Nei<\/td><\/tr><tr><td>13. Grethe \u00d8yna Milivojevic<\/td><td>Ja<\/td><\/tr><tr><td>14. Anisa Solvang<\/td><td>Nei<\/td><\/tr><tr><td>15. Kjeld Bagh Christensen<\/td><td>Nei<\/td><\/tr><tr><td>16. Christine Olsen<\/td><td>(Ikke besvart)<\/td><\/tr><tr><td>17. Fabian Mikal Kemi<\/td><td>Ja<\/td><\/tr><tr><td>18. P\u00e5l Kristen R\u00f8nnevik<\/td><td>Nei<\/td><\/tr><tr><td>19. Trond Blindheim<\/td><td>(Ikke besvart)<\/td><\/tr><\/tbody><\/table><\/figure>\n\n","protected":false},"excerpt":{"rendered":"<p>Kandidater s\u00f8kes!<\/p>\n","protected":false},"author":11570,"featured_media":0,"parent":0,"menu_order":0,"comment_status":"closed","ping_status":"closed","template":"","meta":{"teft_cards_image_url":"","teft_cards_custom_pretitle":"","teft_cards_image_id":1033,"teft_cards_image_focal_point_x":0.5,"teft_cards_image_focal_point_y":0.5,"teft_cards_title":"Kandidater s\u00f8kes!","teft_cards_excerpt":"","teft_show_chapters":false,"footnotes":""},"class_list":["post-1444","page","type-page","status-publish","hentry"],"yoast_head":"<!-- This site is optimized with the Yoast SEO plugin v26.6 - https:\/\/yoast.com\/wordpress\/plugins\/seo\/ -->\n<title>Nominasjon - Nesodden H\u00f8yre<\/title>\n<meta name=\"robots\" content=\"index, follow, max-snippet:-1, max-image-preview:large, max-video-preview:-1\" \/>\n<link rel=\"canonical\" href=\"https:\/\/hoyre.no\/nesodden\/nominasjon\/\" \/>\n<meta property=\"og:locale\" content=\"nb_NO\" \/>\n<meta property=\"og:type\" content=\"article\" \/>\n<meta property=\"og:title\" content=\"Nominasjon - Nesodden H\u00f8yre\" \/>\n<meta property=\"og:description\" content=\"Kandidater s\u00f8kes!\" \/>\n<meta property=\"og:url\" content=\"https:\/\/hoyre.no\/nesodden\/nominasjon\/\" \/>\n<meta property=\"og:site_name\" content=\"Nesodden H\u00f8yre\" \/>\n<meta property=\"article:modified_time\" content=\"2026-03-20T09:20:25+00:00\" \/>\n<meta property=\"og:image\" content=\"https:\/\/hoyre.no\/content\/uploads\/sites\/172\/2024\/04\/Fagerstrand-1024x684.jpg\" \/>\n<meta name=\"twitter:card\" content=\"summary_large_image\" \/>\n<meta name=\"twitter:label1\" content=\"Ansl. lesetid\" \/>\n\t<meta name=\"twitter:data1\" content=\"3 minutter\" \/>\n<script type=\"application\/ld+json\" class=\"yoast-schema-graph\">{\"@context\":\"https:\/\/schema.org\",\"@graph\":[{\"@type\":\"WebPage\",\"@id\":\"https:\/\/hoyre.no\/nesodden\/nominasjon\/\",\"url\":\"https:\/\/hoyre.no\/nesodden\/nominasjon\/\",\"name\":\"Nominasjon - Nesodden H\u00f8yre\",\"isPartOf\":{\"@id\":\"https:\/\/hoyre.no\/nesodden\/#website\"},\"datePublished\":\"2026-02-07T15:27:48+00:00\",\"dateModified\":\"2026-03-20T09:20:25+00:00\",\"breadcrumb\":{\"@id\":\"https:\/\/hoyre.no\/nesodden\/nominasjon\/#breadcrumb\"},\"inLanguage\":\"nb-NO\",\"potentialAction\":[{\"@type\":\"ReadAction\",\"target\":[\"https:\/\/hoyre.no\/nesodden\/nominasjon\/\"]}]},{\"@type\":\"BreadcrumbList\",\"@id\":\"https:\/\/hoyre.no\/nesodden\/nominasjon\/#breadcrumb\",\"itemListElement\":[{\"@type\":\"ListItem\",\"position\":1,\"name\":\"Til hoyre.no\",\"item\":\"https:\/\/hoyre.no\"},{\"@type\":\"ListItem\",\"position\":2,\"name\":\"Hjem\",\"item\":\"https:\/\/hoyre.no\/nesodden\/\"},{\"@type\":\"ListItem\",\"position\":3,\"name\":\"Nominasjon\"}]},{\"@type\":\"WebSite\",\"@id\":\"https:\/\/hoyre.no\/nesodden\/#website\",\"url\":\"https:\/\/hoyre.no\/nesodden\/\",\"name\":\"Nesodden H\u00f8yre\",\"description\":\"Bare enda et H\u00f8yres nettsteder-nettsted\",\"inLanguage\":\"nb-NO\"}]}<\/script>\n<!-- \/ Yoast SEO plugin. -->","yoast_head_json":{"title":"Nominasjon - Nesodden H\u00f8yre","robots":{"index":"index","follow":"follow","max-snippet":"max-snippet:-1","max-image-preview":"max-image-preview:large","max-video-preview":"max-video-preview:-1"},"canonical":"https:\/\/hoyre.no\/nesodden\/nominasjon\/","og_locale":"nb_NO","og_type":"article","og_title":"Nominasjon - Nesodden H\u00f8yre","og_description":"Kandidater s\u00f8kes!","og_url":"https:\/\/hoyre.no\/nesodden\/nominasjon\/","og_site_name":"Nesodden H\u00f8yre","article_modified_time":"2026-03-20T09:20:25+00:00","og_image":[{"url":"https:\/\/hoyre.no\/content\/uploads\/sites\/172\/2024\/04\/Fagerstrand-1024x684.jpg","width":"","height":"","type":""}],"twitter_card":"summary_large_image","twitter_misc":{"Ansl. lesetid":"3 minutter"},"schema":{"@context":"https:\/\/schema.org","@graph":[{"@type":"WebPage","@id":"https:\/\/hoyre.no\/nesodden\/nominasjon\/","url":"https:\/\/hoyre.no\/nesodden\/nominasjon\/","name":"Nominasjon - Nesodden H\u00f8yre","isPartOf":{"@id":"https:\/\/hoyre.no\/nesodden\/#website"},"datePublished":"2026-02-07T15:27:48+00:00","dateModified":"2026-03-20T09:20:25+00:00","breadcrumb":{"@id":"https:\/\/hoyre.no\/nesodden\/nominasjon\/#breadcrumb"},"inLanguage":"nb-NO","potentialAction":[{"@type":"ReadAction","target":["https:\/\/hoyre.no\/nesodden\/nominasjon\/"]}]},{"@type":"BreadcrumbList","@id":"https:\/\/hoyre.no\/nesodden\/nominasjon\/#breadcrumb","itemListElement":[{"@type":"ListItem","position":1,"name":"Til hoyre.no","item":"https:\/\/hoyre.no"},{"@type":"ListItem","position":2,"name":"Hjem","item":"https:\/\/hoyre.no\/nesodden\/"},{"@type":"ListItem","position":3,"name":"Nominasjon"}]},{"@type":"WebSite","@id":"https:\/\/hoyre.no\/nesodden\/#website","url":"https:\/\/hoyre.no\/nesodden\/","name":"Nesodden H\u00f8yre","description":"Bare enda et H\u00f8yres nettsteder-nettsted","inLanguage":"nb-NO"}]}},"distributor_meta":false,"distributor_terms":false,"distributor_media":false,"distributor_original_site_name":"Nesodden H\u00f8yre","distributor_original_site_url":"https:\/\/hoyre.no\/nesodden","push-errors":false,"_links":{"self":[{"href":"https:\/\/hoyre.no\/nesodden\/wp-json\/wp\/v2\/pages\/1444","targetHints":{"allow":["GET"]}}],"collection":[{"href":"https:\/\/hoyre.no\/nesodden\/wp-json\/wp\/v2\/pages"}],"about":[{"href":"https:\/\/hoyre.no\/nesodden\/wp-json\/wp\/v2\/types\/page"}],"author":[{"embeddable":true,"href":"https:\/\/hoyre.no\/nesodden\/wp-json\/wp\/v2\/users\/11570"}],"replies":[{"embeddable":true,"href":"https:\/\/hoyre.no\/nesodden\/wp-json\/wp\/v2\/comments?post=1444"}],"version-history":[{"count":4,"href":"https:\/\/hoyre.no\/nesodden\/wp-json\/wp\/v2\/pages\/1444\/revisions"}],"predecessor-version":[{"id":1503,"href":"https:\/\/hoyre.no\/nesodden\/wp-json\/wp\/v2\/pages\/1444\/revisions\/1503"}],"wp:attachment":[{"href":"https:\/\/hoyre.no\/nesodden\/wp-json\/wp\/v2\/media?parent=1444"}],"curies":[{"name":"wp","href":"https:\/\/api.w.org\/{rel}","templated":true}]}}