{"id":301,"date":"2022-09-23T23:49:47","date_gmt":"2022-09-23T21:49:47","guid":{"rendered":"https:\/\/hoyre.no\/nesodden\/?page_id=301"},"modified":"2025-11-30T15:49:19","modified_gmt":"2025-11-30T14:49:19","slug":"bli-bedre-kjent-med-tage","status":"publish","type":"page","link":"https:\/\/hoyre.no\/nesodden\/bli-bedre-kjent-med-tage\/","title":{"rendered":"Bli bedre kjent med Tage"},"content":{"rendered":"\n\n<h1 class=\"wp-block-heading\">Tage Slind Jensen \u2013 v\u00e5r varaordf\u00f8rer<\/h1>\n\n\n\n<p class=\"is-style-large\">2. oktober 2023 ble han Nesoddens yngste varaordf\u00f8rer i historien. Han st\u00e5r p\u00e5 for \u00e5 gj\u00f8re Nesodden til et enda bedre sted \u00e5 bo.<\/p>\n\n\n\n<figure class=\"wp-block-image size-large\"><img loading=\"lazy\" decoding=\"async\" width=\"2408\" height=\"1505\" src=\"https:\/\/hoyre.no\/content\/uploads\/sites\/172\/2023\/04\/ressurs-1-2-edited.jpeg\" alt=\"\" class=\"wp-image-680\" srcset=\"https:\/\/hoyre.no\/content\/uploads\/sites\/172\/2023\/04\/ressurs-1-2-edited.jpeg 2408w, https:\/\/hoyre.no\/content\/uploads\/sites\/172\/2023\/04\/ressurs-1-2-edited-300x188.jpeg 300w, https:\/\/hoyre.no\/content\/uploads\/sites\/172\/2023\/04\/ressurs-1-2-edited-1024x640.jpeg 1024w, https:\/\/hoyre.no\/content\/uploads\/sites\/172\/2023\/04\/ressurs-1-2-edited-768x480.jpeg 768w, https:\/\/hoyre.no\/content\/uploads\/sites\/172\/2023\/04\/ressurs-1-2-edited-1536x960.jpeg 1536w, https:\/\/hoyre.no\/content\/uploads\/sites\/172\/2023\/04\/ressurs-1-2-edited-2048x1280.jpeg 2048w\" sizes=\"auto, (max-width: 2408px) 100vw, 2408px\" \/><figcaption class=\"wp-element-caption\">Tage og Erna Solberg p\u00e5 Nesoddb\u00e5ten. <strong>Foto:<\/strong> Privat<\/figcaption><\/figure>\n\n\n\n<div class=\"wp-block-teft-factbox is-style-blue\"><div class=\"factbox-inner\"><div class=\"entry-content\"><h4 class=\"toggle\">Hvem er Tage?<\/h4>\n<p><strong>Navn:<\/strong> Tage Slind Jensen<\/p>\n\n\n\n<p><strong>Alder:<\/strong> 27 \u00e5r<\/p>\n\n\n\n<p><strong>Bosted: <\/strong>Tangen<\/p>\n\n\n\n<p><strong>Utdanning:<\/strong> Master i statsvitenskap ved UiO<\/p>\n\n\n\n<p><strong>Politisk erfaring<\/strong>: Tage har v\u00e6rt aktiv i Nesodden H\u00f8yre siden 2016, og fra 2019 har han representert H\u00f8yre i kommunestyret. Han er H\u00f8yres fraksjonsleder og m\u00f8ter fast i skole- og oppvekstutvalget.<\/p>\n\n\n\n<p>Han engasjerte seg i Operasjon Dagsverk p\u00e5 ungdomsskolen, og meldte seg inn i Unge H\u00f8yre i 2014. Siden da har han p\u00e5tatt seg flere verv og oppgaver i b\u00e5de Unge H\u00f8yre og H\u00f8yre. Han har blant annet v\u00e6rt leder i Nesodden og Follo Unge H\u00f8yre, og nestleder i Akershus Unge H\u00f8yre. Tage jobbet som kampanjer\u00e5dgiver i H\u00f8yre f\u00f8r han ble ordf\u00f8rer. Forut for dette, jobbet han som organisasjonssekret\u00e6r i Akershus Unge H\u00f8yre.<\/p>\n\n\n\n<p>Tage var i tillegg en av Akershus H\u00f8yres kandidater til Stortinget ved valget i 2021.<\/p>\n\n\n\n<p><strong>Fritidsinteresser:<\/strong> N\u00e5r Tage ikke er p\u00e5 jobb eller driver med politikk, liker han \u00e5 tilbringe tid med familie og venner. Han liker ogs\u00e5 \u00e5 koble av med en god bok, serie eller podkast. Han har en stor interesse for kultur- og samfunnsliv. N\u00e5r det kommer til b\u00f8ker, er han mest glad i de gamle klassikerne og samfunnslitteratur.&nbsp;Tage er glad i \u00e5 g\u00e5 p\u00e5 museum og teater, hvor han har en like stor fascinasjon for det moderne som det tradisjonelle. Videre har han drevet frivillig arbeid for Kirkens Bymisjon i Oslo, der han var fast bes\u00f8ksvenn for en dame p\u00e5 over 90 \u00e5r i over to \u00e5r. At de to hadde mye \u00e5 snakke om, er enkelt \u00e5 forst\u00e5 ut fra Tages interesser.&nbsp;<\/p>\n\n\n\n<p>Tage liker imidlertid ogs\u00e5 ting som er mer vanlige for folk p\u00e5 hans alder. Han er glad i gaming, god mat og sier sjeldent nei til en \u00f8l eller et glass vin. Tidligere drev han ogs\u00e5 med friidrett, men piggskoene er i dag byttet ut med et par joggesko som er bedre tilpasset en ung mosjonist.<\/p>\n<\/div><\/div><\/div>\n\n\n\n<figure class=\"wp-block-image size-large\"><img loading=\"lazy\" decoding=\"async\" width=\"1024\" height=\"684\" src=\"https:\/\/hoyre.no\/content\/uploads\/sites\/172\/2022\/09\/DSC03747-1-1-1024x684.jpg\" alt=\"\" class=\"wp-image-302\" srcset=\"https:\/\/hoyre.no\/content\/uploads\/sites\/172\/2022\/09\/DSC03747-1-1-1024x684.jpg 1024w, https:\/\/hoyre.no\/content\/uploads\/sites\/172\/2022\/09\/DSC03747-1-1-300x200.jpg 300w, https:\/\/hoyre.no\/content\/uploads\/sites\/172\/2022\/09\/DSC03747-1-1-768x513.jpg 768w, https:\/\/hoyre.no\/content\/uploads\/sites\/172\/2022\/09\/DSC03747-1-1-1536x1026.jpg 1536w, https:\/\/hoyre.no\/content\/uploads\/sites\/172\/2022\/09\/DSC03747-1-1-2048x1368.jpg 2048w\" sizes=\"auto, (max-width: 1024px) 100vw, 1024px\" \/><figcaption class=\"wp-element-caption\">Tage kan knapt huske at Nesodden har hatt H\u00f8yre-ordf\u00f8rer i hans levetid. <strong>Foto:<\/strong> Elias Rasch \/ Rasch Produksjon<\/figcaption><\/figure>\n\n\n\n<h2 class=\"wp-block-heading\">P\u00e5 lag med folk og n\u00e6ringsliv<\/h2>\n\n\n\n<p><strong>Selv om Tage synes at Nesodden er et godt sted \u00e5 bo, og at kommunen f\u00e5r til mye bra, erkjenner han at det er flere utfordringer som m\u00e5 l\u00f8ses. I rollen som varaordf\u00f8rer vil Tage bidra til \u00e5 gj\u00f8re Nesodden til en ja-kommune.<\/strong><\/p>\n\n\n\n<p>\u2013 H\u00f8yre vil ha et Nesodden som spiller p\u00e5 lag med b\u00e5de folk og n\u00e6ringsliv. Selv om kommunen f\u00e5r til mye bra, opplever jeg at den har en del \u00e5 g\u00e5 p\u00e5 n\u00e5r det gjelder service og tilgjengelighet overfor innbyggerne og bedriftene. Altfor mange f\u00e5r \u2013 etter altfor mange uker \u2013 nei fra kommunen p\u00e5 sine henvendelser. Dette gjelder like mye for Ola og Kari som vil bygge terrasse, som for en lokal bedrift som vil utvide med en etasje fordi den er i vekst og trenger mer plass. Dette skaper un\u00f8dvendig frustrasjon og papirarbeid, og jeg er sikker p\u00e5 at dette kan l\u00f8ses med nye rutiner og holdninger hos den politiske ledelsen. H\u00f8yres tydelige m\u00e5l er at Nesodden skal bli en ja-kommune der politikere og administrasjon bestemmer mindre,<span style=\"font-size: revert;color: var(--color-dark);, sans-serif;letter-spacing: 0.02em\"> og hver enkelt innbygger bestemmer mer, sier Tage.<\/span><\/p>\n\n\n\n<p><strong>Tage er et ordensmenneske som fargesorterer kl\u00e6rne sine, skriver huskelister og rydder n\u00e5r han trenger \u00e5 slappe av.<\/strong><\/p>\n\n\n\n<p><strong>Han har respekt for at saksbehandling kan ta tid, men synes det er trist at Nesodden har f\u00e5tt stempel som en tungrodd, treg og lite tilgjengelig kommune. Selv er han ut\u00e5lmodig og kjenner p\u00e5 en stor lyst til \u00e5 rydde opp og effektivisere slik at kommunen kan levere bedre tjenester til innbyggerne.<\/strong><\/p>\n\n\n\n<p><strong>Han tror at ryddedugnaden blir best med nye H\u00f8yre-koster i den politiske ledelsen i kommunen.<\/strong> <strong>Til tross for at Tage personlig er sv\u00e6rt glad i systemer, mener han at menneskene m\u00e5 komme foran i politikken.<\/strong><\/p>\n\n\n\n<p>\u2013 Politikk handler om mennesker. Som politiker er jeg opptatt av \u00e5 l\u00f8se utfordringene folk m\u00f8ter p\u00e5 i hverdagen, og legge til rette for at hver enkelt f\u00e5r st\u00f8rre frihet i sitt eget liv. Dersom noe ikke fungerer m\u00e5 vi finne bedre l\u00f8sninger, og jeg tror at samfunnet blir bedre n\u00e5r vi politikere bestemmer mindre. H\u00f8yre mener blant annet at elever skal kunne velge mellom flere fag og linjer p\u00e5 ungdomsskolen, og at det viktigste er at vi har mange nok varme hender i omsorgen, ikke hvem som leverer tjenestene. N\u00e5r man f\u00e5r velge og bestemme mer selv, tror jeg ogs\u00e5 at man f\u00e5r et bedre liv, sier Tage.<\/p>\n\n\n\n<figure class=\"wp-block-image size-large\"><img loading=\"lazy\" decoding=\"async\" width=\"1024\" height=\"684\" src=\"https:\/\/hoyre.no\/content\/uploads\/sites\/172\/2022\/09\/DSC03672-1-1024x684.jpg\" alt=\"\" class=\"wp-image-320\" srcset=\"https:\/\/hoyre.no\/content\/uploads\/sites\/172\/2022\/09\/DSC03672-1-1024x684.jpg 1024w, https:\/\/hoyre.no\/content\/uploads\/sites\/172\/2022\/09\/DSC03672-1-300x200.jpg 300w, https:\/\/hoyre.no\/content\/uploads\/sites\/172\/2022\/09\/DSC03672-1-768x513.jpg 768w, https:\/\/hoyre.no\/content\/uploads\/sites\/172\/2022\/09\/DSC03672-1-1536x1026.jpg 1536w, https:\/\/hoyre.no\/content\/uploads\/sites\/172\/2022\/09\/DSC03672-1-2048x1368.jpg 2048w\" sizes=\"auto, (max-width: 1024px) 100vw, 1024px\" \/><figcaption class=\"wp-element-caption\">Tage er opptatt av at det skal v\u00e6re g\u00f8y \u00e5 v\u00e6re med i H\u00f8yre. Her er han sammen med venner fra Unge H\u00f8yre. <strong>Foto:<\/strong> Elias Rasch \/ Rasch Produksjon<\/figcaption><\/figure>\n\n\n\n<h2 class=\"wp-block-heading\">Fem raske<\/h2>\n\n\n\n<p><strong>1. Det er l\u00f8rdag og klokken n\u00e6rmer seg 19.00. Hva spiser du helst til middag?<\/strong><\/p>\n\n\n\n<p>\u2013 Tja, kanskje sushi? Det blir aldri feil.<\/p>\n\n\n\n<p><strong>2. Hva er ditt favorittsted p\u00e5 Nesodden?<\/strong><\/p>\n\n\n\n<p>\u2013 Det finnes utrolig mange flotte steder p\u00e5 Nesodden, men mitt favorittsted er nok badehusene p\u00e5 Ursvik. Der hadde besteforeldrene mine badehus og b\u00e5tplass. Jeg har tilbragt mange somre der.<\/p>\n\n\n\n<p><strong>3. Hva med utenfor kommunen?<\/strong><\/p>\n\n\n\n<p>\u2013 Jeg synes det er veldig hyggelig i Botanisk hage i Oslo, s\u00e6rlig p\u00e5 forsommeren. &nbsp;<\/p>\n\n\n\n<p><strong>4. Hund eller katt?<\/strong><\/p>\n\n\n\n<p>\u2013 Begge deler er koselig, men det blir hund om jeg kun kan velge \u00e9n.<\/p>\n\n\n\n<p><strong>5. Hva ser du helst p\u00e5 TV?<\/strong><\/p>\n\n\n\n<p>\u2013 Jeg ser ikke s\u00e5 mye p\u00e5 TV, men er glad i b\u00e5de politiske og historiske dramaserier. Downton Abbey og danske Borgen er blant favorittene. &nbsp;<\/p>\n\n\n\n<figure class=\"wp-block-image size-large\"><img loading=\"lazy\" decoding=\"async\" width=\"1024\" height=\"684\" src=\"https:\/\/hoyre.no\/content\/uploads\/sites\/172\/2022\/09\/DSC03994-1024x684.jpg\" alt=\"\" class=\"wp-image-382\" srcset=\"https:\/\/hoyre.no\/content\/uploads\/sites\/172\/2022\/09\/DSC03994-1024x684.jpg 1024w, https:\/\/hoyre.no\/content\/uploads\/sites\/172\/2022\/09\/DSC03994-300x200.jpg 300w, https:\/\/hoyre.no\/content\/uploads\/sites\/172\/2022\/09\/DSC03994-768x513.jpg 768w, https:\/\/hoyre.no\/content\/uploads\/sites\/172\/2022\/09\/DSC03994-1536x1026.jpg 1536w, https:\/\/hoyre.no\/content\/uploads\/sites\/172\/2022\/09\/DSC03994-2048x1368.jpg 2048w\" sizes=\"auto, (max-width: 1024px) 100vw, 1024px\" \/><figcaption class=\"wp-element-caption\">Tage med Ursvikbukta i bakgrunnen, hvor farfar og bestemor hadde b\u00e5de badehus og b\u00e5tplass. <strong>Foto:<\/strong> Elias Rasch \/ Rasch Produksjon<\/figcaption><\/figure>\n\n\n\n<p><strong>Vil du komme i kontakt med Tage?<\/strong><\/p>\n\n\n\n<div class=\"wp-block-buttons is-layout-flex wp-block-buttons-is-layout-flex\">\n<div class=\"wp-block-button\"><a class=\"wp-block-button__link wp-element-button\" href=\"https:\/\/hoyre.no\/personprofiler\/tage-slind-jensen\/\">Trykk her!<\/a><\/div>\n<\/div>\n\n","protected":false},"excerpt":{"rendered":"","protected":false},"author":11570,"featured_media":0,"parent":0,"menu_order":0,"comment_status":"closed","ping_status":"closed","template":"","meta":{"teft_cards_image_url":"","teft_cards_custom_pretitle":"","teft_cards_image_id":676,"teft_cards_image_focal_point_x":0.5,"teft_cards_image_focal_point_y":0.5,"teft_cards_title":"Bli bedre kjent med Tage Slind Jensen","teft_cards_excerpt":"","teft_show_chapters":false,"footnotes":""},"class_list":["post-301","page","type-page","status-publish","hentry"],"yoast_head":"<!-- This site is optimized with the Yoast SEO plugin v26.6 - https:\/\/yoast.com\/wordpress\/plugins\/seo\/ -->\n<title>Bli bedre kjent med Tage - Nesodden H\u00f8yre<\/title>\n<meta name=\"robots\" content=\"index, follow, max-snippet:-1, max-image-preview:large, max-video-preview:-1\" \/>\n<link rel=\"canonical\" href=\"https:\/\/hoyre.no\/nesodden\/bli-bedre-kjent-med-tage\/\" \/>\n<meta property=\"og:locale\" content=\"nb_NO\" \/>\n<meta property=\"og:type\" content=\"article\" \/>\n<meta property=\"og:title\" content=\"Bli bedre kjent med Tage\" \/>\n<meta property=\"og:description\" content=\"Tage var fire \u00e5r sist H\u00f8yre hadde ordf\u00f8reren p\u00e5 Nesodden. N\u00e5 vil han jobbe dag og natt for at Nesodden igjen skal bli bl\u00e5tt.\" \/>\n<meta property=\"og:url\" content=\"https:\/\/hoyre.no\/nesodden\/bli-bedre-kjent-med-tage\/\" \/>\n<meta property=\"og:site_name\" content=\"Nesodden H\u00f8yre\" \/>\n<meta property=\"article:modified_time\" content=\"2025-11-30T14:49:19+00:00\" \/>\n<meta property=\"og:image\" content=\"https:\/\/hoyre.no\/content\/uploads\/sites\/172\/2023\/04\/ressurs-1-2-edited.jpeg\" \/>\n\t<meta property=\"og:image:width\" content=\"2408\" \/>\n\t<meta property=\"og:image:height\" content=\"1505\" \/>\n\t<meta property=\"og:image:type\" content=\"image\/jpeg\" \/>\n<meta name=\"twitter:card\" content=\"summary_large_image\" \/>\n<meta name=\"twitter:label1\" content=\"Ansl. lesetid\" \/>\n\t<meta name=\"twitter:data1\" content=\"6 minutter\" \/>\n<script type=\"application\/ld+json\" class=\"yoast-schema-graph\">{\"@context\":\"https:\/\/schema.org\",\"@graph\":[{\"@type\":\"WebPage\",\"@id\":\"https:\/\/hoyre.no\/nesodden\/bli-bedre-kjent-med-tage\/\",\"url\":\"https:\/\/hoyre.no\/nesodden\/bli-bedre-kjent-med-tage\/\",\"name\":\"Bli bedre kjent med Tage - Nesodden H\u00f8yre\",\"isPartOf\":{\"@id\":\"https:\/\/hoyre.no\/nesodden\/#website\"},\"image\":{\"@id\":\"https:\/\/hoyre.no\/nesodden\/bli-bedre-kjent-med-tage\/#primaryimage\"},\"thumbnailUrl\":\"https:\/\/hoyre.no\/content\/uploads\/sites\/172\/2023\/04\/ressurs-1-2-edited.jpeg\",\"datePublished\":\"2022-09-23T21:49:47+00:00\",\"dateModified\":\"2025-11-30T14:49:19+00:00\",\"breadcrumb\":{\"@id\":\"https:\/\/hoyre.no\/nesodden\/bli-bedre-kjent-med-tage\/#breadcrumb\"},\"inLanguage\":\"nb-NO\",\"potentialAction\":[{\"@type\":\"ReadAction\",\"target\":[\"https:\/\/hoyre.no\/nesodden\/bli-bedre-kjent-med-tage\/\"]}]},{\"@type\":\"ImageObject\",\"inLanguage\":\"nb-NO\",\"@id\":\"https:\/\/hoyre.no\/nesodden\/bli-bedre-kjent-med-tage\/#primaryimage\",\"url\":\"https:\/\/hoyre.no\/content\/uploads\/sites\/172\/2023\/04\/ressurs-1-2-edited.jpeg\",\"contentUrl\":\"https:\/\/hoyre.no\/content\/uploads\/sites\/172\/2023\/04\/ressurs-1-2-edited.jpeg\"},{\"@type\":\"BreadcrumbList\",\"@id\":\"https:\/\/hoyre.no\/nesodden\/bli-bedre-kjent-med-tage\/#breadcrumb\",\"itemListElement\":[{\"@type\":\"ListItem\",\"position\":1,\"name\":\"Til hoyre.no\",\"item\":\"https:\/\/hoyre.no\"},{\"@type\":\"ListItem\",\"position\":2,\"name\":\"Hjem\",\"item\":\"https:\/\/hoyre.no\/nesodden\/\"},{\"@type\":\"ListItem\",\"position\":3,\"name\":\"Bli bedre kjent med Tage\"}]},{\"@type\":\"WebSite\",\"@id\":\"https:\/\/hoyre.no\/nesodden\/#website\",\"url\":\"https:\/\/hoyre.no\/nesodden\/\",\"name\":\"Nesodden H\u00f8yre\",\"description\":\"Bare enda et H\u00f8yres nettsteder-nettsted\",\"inLanguage\":\"nb-NO\"}]}<\/script>\n<!-- \/ Yoast SEO plugin. -->","yoast_head_json":{"title":"Bli bedre kjent med Tage - Nesodden H\u00f8yre","robots":{"index":"index","follow":"follow","max-snippet":"max-snippet:-1","max-image-preview":"max-image-preview:large","max-video-preview":"max-video-preview:-1"},"canonical":"https:\/\/hoyre.no\/nesodden\/bli-bedre-kjent-med-tage\/","og_locale":"nb_NO","og_type":"article","og_title":"Bli bedre kjent med Tage","og_description":"Tage var fire \u00e5r sist H\u00f8yre hadde ordf\u00f8reren p\u00e5 Nesodden. N\u00e5 vil han jobbe dag og natt for at Nesodden igjen skal bli bl\u00e5tt.","og_url":"https:\/\/hoyre.no\/nesodden\/bli-bedre-kjent-med-tage\/","og_site_name":"Nesodden H\u00f8yre","article_modified_time":"2025-11-30T14:49:19+00:00","og_image":[{"width":2408,"height":1505,"url":"https:\/\/hoyre.no\/content\/uploads\/sites\/172\/2023\/04\/ressurs-1-2-edited.jpeg","type":"image\/jpeg"}],"twitter_card":"summary_large_image","twitter_misc":{"Ansl. lesetid":"6 minutter"},"schema":{"@context":"https:\/\/schema.org","@graph":[{"@type":"WebPage","@id":"https:\/\/hoyre.no\/nesodden\/bli-bedre-kjent-med-tage\/","url":"https:\/\/hoyre.no\/nesodden\/bli-bedre-kjent-med-tage\/","name":"Bli bedre kjent med Tage - Nesodden H\u00f8yre","isPartOf":{"@id":"https:\/\/hoyre.no\/nesodden\/#website"},"image":{"@id":"https:\/\/hoyre.no\/nesodden\/bli-bedre-kjent-med-tage\/#primaryimage"},"thumbnailUrl":"https:\/\/hoyre.no\/content\/uploads\/sites\/172\/2023\/04\/ressurs-1-2-edited.jpeg","datePublished":"2022-09-23T21:49:47+00:00","dateModified":"2025-11-30T14:49:19+00:00","breadcrumb":{"@id":"https:\/\/hoyre.no\/nesodden\/bli-bedre-kjent-med-tage\/#breadcrumb"},"inLanguage":"nb-NO","potentialAction":[{"@type":"ReadAction","target":["https:\/\/hoyre.no\/nesodden\/bli-bedre-kjent-med-tage\/"]}]},{"@type":"ImageObject","inLanguage":"nb-NO","@id":"https:\/\/hoyre.no\/nesodden\/bli-bedre-kjent-med-tage\/#primaryimage","url":"https:\/\/hoyre.no\/content\/uploads\/sites\/172\/2023\/04\/ressurs-1-2-edited.jpeg","contentUrl":"https:\/\/hoyre.no\/content\/uploads\/sites\/172\/2023\/04\/ressurs-1-2-edited.jpeg"},{"@type":"BreadcrumbList","@id":"https:\/\/hoyre.no\/nesodden\/bli-bedre-kjent-med-tage\/#breadcrumb","itemListElement":[{"@type":"ListItem","position":1,"name":"Til hoyre.no","item":"https:\/\/hoyre.no"},{"@type":"ListItem","position":2,"name":"Hjem","item":"https:\/\/hoyre.no\/nesodden\/"},{"@type":"ListItem","position":3,"name":"Bli bedre kjent med Tage"}]},{"@type":"WebSite","@id":"https:\/\/hoyre.no\/nesodden\/#website","url":"https:\/\/hoyre.no\/nesodden\/","name":"Nesodden H\u00f8yre","description":"Bare enda et H\u00f8yres nettsteder-nettsted","inLanguage":"nb-NO"}]}},"distributor_meta":false,"distributor_terms":false,"distributor_media":false,"distributor_original_site_name":"Nesodden H\u00f8yre","distributor_original_site_url":"https:\/\/hoyre.no\/nesodden","push-errors":false,"_links":{"self":[{"href":"https:\/\/hoyre.no\/nesodden\/wp-json\/wp\/v2\/pages\/301","targetHints":{"allow":["GET"]}}],"collection":[{"href":"https:\/\/hoyre.no\/nesodden\/wp-json\/wp\/v2\/pages"}],"about":[{"href":"https:\/\/hoyre.no\/nesodden\/wp-json\/wp\/v2\/types\/page"}],"author":[{"embeddable":true,"href":"https:\/\/hoyre.no\/nesodden\/wp-json\/wp\/v2\/users\/11570"}],"replies":[{"embeddable":true,"href":"https:\/\/hoyre.no\/nesodden\/wp-json\/wp\/v2\/comments?post=301"}],"version-history":[{"count":37,"href":"https:\/\/hoyre.no\/nesodden\/wp-json\/wp\/v2\/pages\/301\/revisions"}],"predecessor-version":[{"id":1384,"href":"https:\/\/hoyre.no\/nesodden\/wp-json\/wp\/v2\/pages\/301\/revisions\/1384"}],"wp:attachment":[{"href":"https:\/\/hoyre.no\/nesodden\/wp-json\/wp\/v2\/media?parent=301"}],"curies":[{"name":"wp","href":"https:\/\/api.w.org\/{rel}","templated":true}]}}