{"id":699,"date":"2023-05-02T12:46:48","date_gmt":"2023-05-02T10:46:48","guid":{"rendered":"https:\/\/hoyre.no\/nesodden\/?page_id=699"},"modified":"2026-01-09T15:37:25","modified_gmt":"2026-01-09T14:37:25","slug":"politikk","status":"publish","type":"page","link":"https:\/\/hoyre.no\/nesodden\/politikk\/","title":{"rendered":"Politikk"},"content":{"rendered":"\n<div class=\"wp-block-hoyre-hero with-image-gradient text-color-light  has-media alignfull has-background\"><div class=\"hoyre-hero has-image\"><h1 class=\"title\">Politikk<\/h1><p class=\"preamble\">Her finner du Nesodden H\u00f8yres vedtatte politikk. <\/p>\t\t\t<div class=\"post-meta wp-block teft-byline-wrapper\">\n\t\t\t\t<div class=\"top\">\n\t\t\t\t\t<div class=\"signature\">\n\t\t\t\t\t\t<div class=\"teft-byline\">\n\t\t\t\t\t\t\t\t\t\t\t\t\t\t<div>\n\t\t\t\t\t\t\t\t<h3>H\u00f8yres redaksjon<\/h3>\t\t\t\t\t\t\t\t\n\t\t\t\t\t\t\t\t\t\t\t\t\t\t\t\t\t<span class=\"date\">Sist oppdatert: 9. januar 2026<\/span>\n\t\t\t\t\t\t\t\t\t\t\t\t\t\t\t\t\t\t\t\t\t\t\t\t\t<span class=\"reading-time\" itemprop=\"timeRequired\" content=\"PT3M\"><em>Ca. 3 minutter lesetid<\/em><\/span>\n\t\t\t\t\t\t\t\t\t\t\t\t\t\t\t<\/div>\n\t\t\t\t\t\t<\/div>\n\t\t\t\t\t<\/div>\n\t\t\t\t\t\t<div class=\"sharing\">\n\t\t<a class=\"share-button share-link copy-link\" data-copy=\"https:\/\/hoyre.no\/nesodden\/politikk\/\" target=\"_blank\"><span class=\"screen-reader-text\">Del link<\/span><\/a>\n\t\t<a class=\"share-button share-twitter\" href=\"http:\/\/twitter.com\/share?text=Politikk&#038;url=https:\/\/hoyre.no\/nesodden\/politikk\/&#038;hashtags=Hoyre\" target=\"_blank\"><span class=\"screen-reader-text\">Del p\u00e5 twitter<\/span><\/a>\n\t\t<a class=\"share-button share-facebook\" href=\"https:\/\/www.facebook.com\/sharer\/sharer.php?u=https:\/\/hoyre.no\/nesodden\/politikk\/\" target=\"_blank\"><span class=\"screen-reader-text\">Del p\u00e5 facebook<\/span><\/a>\n\t<\/div>\n\t\t\t\t\t<\/div>\n\t\t\t<\/div>\n\n\t\t\t<figure class=\"hoyre-image-wrapper\"><div class=\"hoyre-image\"><img loading=\"lazy\" decoding=\"async\" width=\"2500\" height=\"1670\" src=\"https:\/\/hoyre.no\/content\/uploads\/sites\/172\/2023\/05\/DSC04690-scaled.jpg\" class=\"attachment-scaled size-scaled\" alt=\"Utsikt fra Nesoddb\u00e5ten\" style=\"object-position: 50% 50%\" srcset=\"https:\/\/hoyre.no\/content\/uploads\/sites\/172\/2023\/05\/DSC04690-scaled.jpg 2500w, https:\/\/hoyre.no\/content\/uploads\/sites\/172\/2023\/05\/DSC04690-300x200.jpg 300w, https:\/\/hoyre.no\/content\/uploads\/sites\/172\/2023\/05\/DSC04690-1024x684.jpg 1024w, https:\/\/hoyre.no\/content\/uploads\/sites\/172\/2023\/05\/DSC04690-768x513.jpg 768w, https:\/\/hoyre.no\/content\/uploads\/sites\/172\/2023\/05\/DSC04690-1536x1026.jpg 1536w, https:\/\/hoyre.no\/content\/uploads\/sites\/172\/2023\/05\/DSC04690-2048x1368.jpg 2048w\" sizes=\"auto, (max-width: 2500px) 100vw, 2500px\" \/><\/div><\/figure><\/div><\/div>\n\n\n\n\n<h2 class=\"wp-block-heading\">Muligheter for alle<\/h2>\n\n\n\n<p>Nesodden er et fantastisk sted \u00e5 bo, vokse opp og leve. H\u00f8yre vil bevare det som er godt p\u00e5 Nesodden, men ogs\u00e5 utvikle kommunen for \u00e5 kunne m\u00f8te fremtidens utfordringer og muligheter. Vi \u00f8nsker at Nesodden skal v\u00e6re en kommune med muligheter for alle. <\/p>\n\n\n\n<p>Det er en hjertesak for H\u00f8yre at Nesoddskolen skal bli enda bedre. \u00c5r med pandemi har skapt vansker for l\u00e6rere og elever, og en god og styrket skole vil hindre at elever dropper ut av verdifull utdanning. V\u00e5rt m\u00e5l er gode og moderne barnehager og skoler i hele kommunen.<\/p>\n\n\n\n<p>Videre m\u00e5 kommunen forberedes p\u00e5 den kommende eldreb\u00f8lgen. Det m\u00e5 bygges nok omsorgs- og seniorboliger, og sikres at alle f\u00e5r et godt botilbud i alle livsfaser. Eldre skal ha valgfrihet og oppleve en helse- og omsorgstjeneste som ser hver enkelt.<\/p>\n\n\n\n<p>H\u00f8yre mener ogs\u00e5 at den lokale innsatsen for klimaet og milj\u00f8et m\u00e5 trappes opp for at v\u00e5re etterkommere skal kunne overta en levelig klode. En viktig sak vil v\u00e6re \u00e5 bevare og styrke livet i Oslofjorden. Fjorden kan bare reddes hvis politikerne vil det nok. Vi i H\u00f8yre er klare til \u00e5 gj\u00f8re v\u00e5r del av jobben.<\/p>\n\n\n\n<p>H\u00f8yre vil at flere unge og folk med vanlige inntekter skal kunne bo og leve p\u00e5 Nesodden. Da m\u00e5 det gj\u00f8res noe med boligprisstigningen i kommunen. Derfor vil vi legge til rette for \u00e5 bygge flere mindre og rimelige leiligheter der det egner seg.<\/p>\n\n\n\n<p>H\u00f8yre s\u00f8ker makt for \u00e5 gi makten tilbake til deg. Vi tror at samfunnet blir bedre n\u00e5r hver enkelt gis st\u00f8rre valgfrihet og f\u00e5r bestemme mer over egen hverdag. H\u00f8yre vil at Nesodden skal bli en ja-kommune som spiller p\u00e5 lag med folk, frivillighet og n\u00e6ringsliv.<\/p>\n\n\n\n<p>Sammen gj\u00f8r vi Nesodden til et enda bedre sted \u00e5 bo, vokse opp og leve.<\/p>\n\n\n\n<p><strong>Her kan du lese programmet v\u00e5rt for 2023-2027:<\/strong><\/p>\n\n\n\n<div class=\"wp-block-teft-file icon-link-block\"><a href=\"https:\/\/hoyre.no\/content\/uploads\/sites\/172\/2023\/08\/Nesodden-Hoyres-partiprogram-2023-2027-1.pdf\" download><span class=\"file-title\">Nesodden H\u00f8yres partiprogram 2023-2027<\/span><span class=\"file-name\"><\/span><\/a><\/div>\n\n\n\n<p><strong>Her kan du lese samarbeidsavtalen vi har inng\u00e5tt med Ap og KrF:<\/strong><\/p>\n\n\n\n<div class=\"wp-block-teft-file icon-link-block\"><a href=\"https:\/\/hoyre.no\/content\/uploads\/sites\/172\/2023\/09\/Samarbeidsavtale-Ap-H-og-KrF-1.pdf\" download><span class=\"file-title\">Trygg og ansvarlig styring i en urolig tid<\/span><span class=\"file-name\"><\/span><\/a><\/div>\n\n\n\n<h2 class=\"wp-block-heading\">Vedtatt politikk<\/h2>\n\n\n\n<p>Her finner du resolusjoner og uttalelser vedtatt av Nesodden H\u00f8yre.<\/p>\n\n\n\n<h3 class=\"wp-block-heading\">2025<\/h3>\n\n\n\n<div class=\"wp-block-teft-file icon-link-block\"><a href=\"https:\/\/hoyre.no\/content\/uploads\/sites\/172\/2025\/12\/Norges-plass-i-Europa.docx\" download><span class=\"file-title\">Norges plass i Europa<\/span><span class=\"file-name\"><\/span><\/a><\/div>\n\n\n\n<div class=\"wp-block-teft-file icon-link-block\"><a href=\"https:\/\/hoyre.no\/content\/uploads\/sites\/172\/2025\/11\/Vi-ma-forenkle-forbedre-og-effektivisere-saksbehandlingen-1.docx\" download><span class=\"file-title\">Vi m\u00e5 forenkle, forbedre og effektivisere saksbehandlingen<\/span><span class=\"file-name\"><\/span><\/a><\/div>\n\n\n\n<div class=\"wp-block-teft-file icon-link-block\"><a href=\"https:\/\/hoyre.no\/content\/uploads\/sites\/172\/2025\/11\/Ja-til-flere-fjordhager-1.docx\" download><span class=\"file-title\">Ja til flere fjordhager<\/span><span class=\"file-name\"><\/span><\/a><\/div>\n\n\n\n<h3 class=\"wp-block-heading\">2024<\/h3>\n\n\n\n<div class=\"wp-block-teft-file icon-link-block\"><a href=\"https:\/\/hoyre.no\/content\/uploads\/sites\/172\/2024\/11\/2024-Resolusjon-Omstilling-til-fremtiden-2.docx\" download><span class=\"file-title\">Omstilling til fremtiden<\/span><span class=\"file-name\"><\/span><\/a><\/div>\n\n\n\n<div class=\"wp-block-teft-file icon-link-block\"><a href=\"https:\/\/hoyre.no\/content\/uploads\/sites\/172\/2024\/11\/2024-Uttalelse-Eldres-tilgang-til-offentlige-tjenester-1.docx\" download><span class=\"file-title\">Eldres tilgang til offentlige tjenester<\/span><span class=\"file-name\"><\/span><\/a><\/div>\n\n\n\n\n\n\n<p><\/p>\n","protected":false},"excerpt":{"rendered":"","protected":false},"author":11570,"featured_media":0,"parent":0,"menu_order":0,"comment_status":"closed","ping_status":"closed","template":"","meta":{"teft_cards_image_url":"","teft_cards_custom_pretitle":"","teft_cards_image_id":0,"teft_cards_image_focal_point_x":0,"teft_cards_image_focal_point_y":0,"teft_cards_title":"","teft_cards_excerpt":"","teft_show_chapters":false,"footnotes":""},"class_list":["post-699","page","type-page","status-publish","hentry"],"yoast_head":"<!-- This site is optimized with the Yoast SEO plugin v26.6 - https:\/\/yoast.com\/wordpress\/plugins\/seo\/ -->\n<title>Politikk - Nesodden H\u00f8yre<\/title>\n<meta name=\"robots\" content=\"index, follow, max-snippet:-1, max-image-preview:large, max-video-preview:-1\" \/>\n<link rel=\"canonical\" href=\"https:\/\/hoyre.no\/nesodden\/politikk\/\" \/>\n<meta property=\"og:locale\" content=\"nb_NO\" \/>\n<meta property=\"og:type\" content=\"article\" \/>\n<meta property=\"og:title\" content=\"Politikk - Nesodden H\u00f8yre\" \/>\n<meta property=\"og:url\" content=\"https:\/\/hoyre.no\/nesodden\/politikk\/\" \/>\n<meta property=\"og:site_name\" content=\"Nesodden H\u00f8yre\" \/>\n<meta property=\"article:modified_time\" content=\"2026-01-09T14:37:25+00:00\" \/>\n<meta property=\"og:image\" content=\"https:\/\/hoyre.no\/content\/uploads\/sites\/172\/2022\/11\/Hoyres-logo.png\" \/>\n\t<meta property=\"og:image:width\" content=\"1000\" \/>\n\t<meta property=\"og:image:height\" content=\"1000\" \/>\n\t<meta property=\"og:image:type\" content=\"image\/png\" \/>\n<meta name=\"twitter:card\" content=\"summary_large_image\" \/>\n<meta name=\"twitter:label1\" content=\"Ansl. lesetid\" \/>\n\t<meta name=\"twitter:data1\" content=\"3 minutter\" \/>\n<script type=\"application\/ld+json\" class=\"yoast-schema-graph\">{\"@context\":\"https:\/\/schema.org\",\"@graph\":[{\"@type\":\"WebPage\",\"@id\":\"https:\/\/hoyre.no\/nesodden\/politikk\/\",\"url\":\"https:\/\/hoyre.no\/nesodden\/politikk\/\",\"name\":\"Politikk - Nesodden H\u00f8yre\",\"isPartOf\":{\"@id\":\"https:\/\/hoyre.no\/nesodden\/#website\"},\"datePublished\":\"2023-05-02T10:46:48+00:00\",\"dateModified\":\"2026-01-09T14:37:25+00:00\",\"breadcrumb\":{\"@id\":\"https:\/\/hoyre.no\/nesodden\/politikk\/#breadcrumb\"},\"inLanguage\":\"nb-NO\",\"potentialAction\":[{\"@type\":\"ReadAction\",\"target\":[\"https:\/\/hoyre.no\/nesodden\/politikk\/\"]}]},{\"@type\":\"BreadcrumbList\",\"@id\":\"https:\/\/hoyre.no\/nesodden\/politikk\/#breadcrumb\",\"itemListElement\":[{\"@type\":\"ListItem\",\"position\":1,\"name\":\"Til hoyre.no\",\"item\":\"https:\/\/hoyre.no\"},{\"@type\":\"ListItem\",\"position\":2,\"name\":\"Hjem\",\"item\":\"https:\/\/hoyre.no\/nesodden\/\"},{\"@type\":\"ListItem\",\"position\":3,\"name\":\"Politikk\"}]},{\"@type\":\"WebSite\",\"@id\":\"https:\/\/hoyre.no\/nesodden\/#website\",\"url\":\"https:\/\/hoyre.no\/nesodden\/\",\"name\":\"Nesodden H\u00f8yre\",\"description\":\"Bare enda et H\u00f8yres nettsteder-nettsted\",\"inLanguage\":\"nb-NO\"}]}<\/script>\n<!-- \/ Yoast SEO plugin. -->","yoast_head_json":{"title":"Politikk - Nesodden H\u00f8yre","robots":{"index":"index","follow":"follow","max-snippet":"max-snippet:-1","max-image-preview":"max-image-preview:large","max-video-preview":"max-video-preview:-1"},"canonical":"https:\/\/hoyre.no\/nesodden\/politikk\/","og_locale":"nb_NO","og_type":"article","og_title":"Politikk - Nesodden H\u00f8yre","og_url":"https:\/\/hoyre.no\/nesodden\/politikk\/","og_site_name":"Nesodden H\u00f8yre","article_modified_time":"2026-01-09T14:37:25+00:00","og_image":[{"width":1000,"height":1000,"url":"https:\/\/hoyre.no\/content\/uploads\/sites\/172\/2022\/11\/Hoyres-logo.png","type":"image\/png"}],"twitter_card":"summary_large_image","twitter_misc":{"Ansl. lesetid":"3 minutter"},"schema":{"@context":"https:\/\/schema.org","@graph":[{"@type":"WebPage","@id":"https:\/\/hoyre.no\/nesodden\/politikk\/","url":"https:\/\/hoyre.no\/nesodden\/politikk\/","name":"Politikk - Nesodden H\u00f8yre","isPartOf":{"@id":"https:\/\/hoyre.no\/nesodden\/#website"},"datePublished":"2023-05-02T10:46:48+00:00","dateModified":"2026-01-09T14:37:25+00:00","breadcrumb":{"@id":"https:\/\/hoyre.no\/nesodden\/politikk\/#breadcrumb"},"inLanguage":"nb-NO","potentialAction":[{"@type":"ReadAction","target":["https:\/\/hoyre.no\/nesodden\/politikk\/"]}]},{"@type":"BreadcrumbList","@id":"https:\/\/hoyre.no\/nesodden\/politikk\/#breadcrumb","itemListElement":[{"@type":"ListItem","position":1,"name":"Til hoyre.no","item":"https:\/\/hoyre.no"},{"@type":"ListItem","position":2,"name":"Hjem","item":"https:\/\/hoyre.no\/nesodden\/"},{"@type":"ListItem","position":3,"name":"Politikk"}]},{"@type":"WebSite","@id":"https:\/\/hoyre.no\/nesodden\/#website","url":"https:\/\/hoyre.no\/nesodden\/","name":"Nesodden H\u00f8yre","description":"Bare enda et H\u00f8yres nettsteder-nettsted","inLanguage":"nb-NO"}]}},"distributor_meta":false,"distributor_terms":false,"distributor_media":false,"distributor_original_site_name":"Nesodden H\u00f8yre","distributor_original_site_url":"https:\/\/hoyre.no\/nesodden","push-errors":false,"_links":{"self":[{"href":"https:\/\/hoyre.no\/nesodden\/wp-json\/wp\/v2\/pages\/699","targetHints":{"allow":["GET"]}}],"collection":[{"href":"https:\/\/hoyre.no\/nesodden\/wp-json\/wp\/v2\/pages"}],"about":[{"href":"https:\/\/hoyre.no\/nesodden\/wp-json\/wp\/v2\/types\/page"}],"author":[{"embeddable":true,"href":"https:\/\/hoyre.no\/nesodden\/wp-json\/wp\/v2\/users\/11570"}],"replies":[{"embeddable":true,"href":"https:\/\/hoyre.no\/nesodden\/wp-json\/wp\/v2\/comments?post=699"}],"version-history":[{"count":18,"href":"https:\/\/hoyre.no\/nesodden\/wp-json\/wp\/v2\/pages\/699\/revisions"}],"predecessor-version":[{"id":1401,"href":"https:\/\/hoyre.no\/nesodden\/wp-json\/wp\/v2\/pages\/699\/revisions\/1401"}],"wp:attachment":[{"href":"https:\/\/hoyre.no\/nesodden\/wp-json\/wp\/v2\/media?parent=699"}],"curies":[{"name":"wp","href":"https:\/\/api.w.org\/{rel}","templated":true}]}}