{"id":938,"date":"2023-10-05T14:06:52","date_gmt":"2023-10-05T12:06:52","guid":{"rendered":"https:\/\/hoyre.no\/nesodden\/?page_id=938"},"modified":"2026-01-27T10:09:16","modified_gmt":"2026-01-27T09:09:16","slug":"vare-representanter","status":"publish","type":"page","link":"https:\/\/hoyre.no\/nesodden\/vare-representanter\/","title":{"rendered":"V\u00e5re representanter"},"content":{"rendered":"\n<div class=\"wp-block-hoyre-hero with-image-gradient text-color-light  alignfull has-background \"><div class=\"hoyre-hero \"><h1 class=\"title\">V\u00e5re representanter<\/h1><p class=\"preamble\">H\u00f8yre er representert i alle folkevalgte utvalg. \u00d8nsker du \u00e5 komme i kontakt med en av oss? Da kan du finne din representant her.<\/p><\/div><\/div>\n\n\n\n\n<h2 class=\"wp-block-heading\">Formannskapet<\/h2>\n\n\n\n<p><\/p>\n\n\n\n<div class=\"wp-block-media-text is-stacked-on-mobile is-image-fill-element is-image-fill\"><figure class=\"wp-block-media-text__media\"><img loading=\"lazy\" decoding=\"async\" width=\"684\" height=\"1024\" src=\"https:\/\/hoyre.no\/content\/uploads\/sites\/172\/2023\/01\/1.-Tage-Jensen-2-684x1024.jpg\" alt=\"\" class=\"wp-image-595 size-full\" style=\"object-position:49% 11%\" srcset=\"https:\/\/hoyre.no\/content\/uploads\/sites\/172\/2023\/01\/1.-Tage-Jensen-2-684x1024.jpg 684w, https:\/\/hoyre.no\/content\/uploads\/sites\/172\/2023\/01\/1.-Tage-Jensen-2-200x300.jpg 200w, https:\/\/hoyre.no\/content\/uploads\/sites\/172\/2023\/01\/1.-Tage-Jensen-2-768x1150.jpg 768w, https:\/\/hoyre.no\/content\/uploads\/sites\/172\/2023\/01\/1.-Tage-Jensen-2-1026x1536.jpg 1026w, https:\/\/hoyre.no\/content\/uploads\/sites\/172\/2023\/01\/1.-Tage-Jensen-2-1368x2048.jpg 1368w, https:\/\/hoyre.no\/content\/uploads\/sites\/172\/2023\/01\/1.-Tage-Jensen-2-scaled.jpg 1670w\" sizes=\"auto, (max-width: 684px) 100vw, 684px\" \/><\/figure><div class=\"wp-block-media-text__content\">\n<h2 class=\"wp-block-heading\">Tage Slind Jensen<\/h2>\n\n\n\n<p><em>Varaordf\u00f8rer<\/em><br><strong>E-post: <\/strong>tage.slind.jensen@nesodden.kommune.no<br><strong>Telefon:<\/strong> 48125251<\/p>\n<\/div><\/div>\n\n\n\n<div class=\"wp-block-media-text is-stacked-on-mobile is-image-fill-element is-image-fill\"><figure class=\"wp-block-media-text__media\"><img loading=\"lazy\" decoding=\"async\" width=\"684\" height=\"1024\" src=\"https:\/\/hoyre.no\/content\/uploads\/sites\/172\/2023\/10\/2.-Trude-Evensen-684x1024.jpg\" alt=\"\" class=\"wp-image-939 size-full\" style=\"object-position:54% 24%\" srcset=\"https:\/\/hoyre.no\/content\/uploads\/sites\/172\/2023\/10\/2.-Trude-Evensen-684x1024.jpg 684w, https:\/\/hoyre.no\/content\/uploads\/sites\/172\/2023\/10\/2.-Trude-Evensen-200x300.jpg 200w, https:\/\/hoyre.no\/content\/uploads\/sites\/172\/2023\/10\/2.-Trude-Evensen-768x1150.jpg 768w, https:\/\/hoyre.no\/content\/uploads\/sites\/172\/2023\/10\/2.-Trude-Evensen-1026x1536.jpg 1026w, https:\/\/hoyre.no\/content\/uploads\/sites\/172\/2023\/10\/2.-Trude-Evensen-1368x2048.jpg 1368w, https:\/\/hoyre.no\/content\/uploads\/sites\/172\/2023\/10\/2.-Trude-Evensen-scaled.jpg 1670w\" sizes=\"auto, (max-width: 684px) 100vw, 684px\" \/><\/figure><div class=\"wp-block-media-text__content\">\n<h2 class=\"wp-block-heading\">Trude T. Evensen<\/h2>\n\n\n\n<p><strong>E-post: <\/strong>trude.thorsdatter.evensen@nesodden.kommune.no<br><strong>Telefon:<\/strong> 92070601<\/p>\n<\/div><\/div>\n\n\n\n<div class=\"wp-block-media-text is-stacked-on-mobile is-image-fill-element is-image-fill\"><figure class=\"wp-block-media-text__media\"><img loading=\"lazy\" decoding=\"async\" width=\"684\" height=\"1024\" src=\"https:\/\/hoyre.no\/content\/uploads\/sites\/172\/2023\/10\/8.-Arne-Bjerke-684x1024.jpg\" alt=\"\" class=\"wp-image-940 size-full\" style=\"object-position:48% 15%\" srcset=\"https:\/\/hoyre.no\/content\/uploads\/sites\/172\/2023\/10\/8.-Arne-Bjerke-684x1024.jpg 684w, https:\/\/hoyre.no\/content\/uploads\/sites\/172\/2023\/10\/8.-Arne-Bjerke-200x300.jpg 200w, https:\/\/hoyre.no\/content\/uploads\/sites\/172\/2023\/10\/8.-Arne-Bjerke-768x1150.jpg 768w, https:\/\/hoyre.no\/content\/uploads\/sites\/172\/2023\/10\/8.-Arne-Bjerke-1026x1536.jpg 1026w, https:\/\/hoyre.no\/content\/uploads\/sites\/172\/2023\/10\/8.-Arne-Bjerke-1368x2048.jpg 1368w, https:\/\/hoyre.no\/content\/uploads\/sites\/172\/2023\/10\/8.-Arne-Bjerke-scaled.jpg 1670w\" sizes=\"auto, (max-width: 684px) 100vw, 684px\" \/><\/figure><div class=\"wp-block-media-text__content\">\n<h2 class=\"wp-block-heading\">Arne Tor Selin Bjerke<\/h2>\n\n\n\n<p><strong>E-post:<\/strong> arnebjer@online.no <br><strong>Telefon: <\/strong>48179083<\/p>\n<\/div><\/div>\n\n\n\n<h2 class=\"wp-block-heading\">Teknikk-, milj\u00f8- og planutvalget<\/h2>\n\n\n\n<div class=\"wp-block-media-text is-stacked-on-mobile is-image-fill-element is-image-fill\"><figure class=\"wp-block-media-text__media\"><img loading=\"lazy\" decoding=\"async\" width=\"684\" height=\"1024\" src=\"https:\/\/hoyre.no\/content\/uploads\/sites\/172\/2023\/10\/4.-Linda-Sorensen-684x1024.jpg\" alt=\"\" class=\"wp-image-942 size-full\" style=\"object-position:49% 20%\" srcset=\"https:\/\/hoyre.no\/content\/uploads\/sites\/172\/2023\/10\/4.-Linda-Sorensen-684x1024.jpg 684w, https:\/\/hoyre.no\/content\/uploads\/sites\/172\/2023\/10\/4.-Linda-Sorensen-200x300.jpg 200w, https:\/\/hoyre.no\/content\/uploads\/sites\/172\/2023\/10\/4.-Linda-Sorensen-768x1150.jpg 768w, https:\/\/hoyre.no\/content\/uploads\/sites\/172\/2023\/10\/4.-Linda-Sorensen-1026x1536.jpg 1026w, https:\/\/hoyre.no\/content\/uploads\/sites\/172\/2023\/10\/4.-Linda-Sorensen-1368x2048.jpg 1368w, https:\/\/hoyre.no\/content\/uploads\/sites\/172\/2023\/10\/4.-Linda-Sorensen-scaled.jpg 1670w\" sizes=\"auto, (max-width: 684px) 100vw, 684px\" \/><\/figure><div class=\"wp-block-media-text__content\">\n<h2 class=\"wp-block-heading\">Linda Johnstone S\u00f8rensen<\/h2>\n\n\n\n<p><em>Utvalgsleder \/ gruppeleder<br><\/em><strong>E-post:<\/strong> 91002133<br><strong>Telefon: <\/strong>lindajsorensen@gmail.com<\/p>\n<\/div><\/div>\n\n\n\n<div class=\"wp-block-media-text is-stacked-on-mobile is-image-fill-element is-image-fill\"><figure class=\"wp-block-media-text__media\"><img loading=\"lazy\" decoding=\"async\" width=\"684\" height=\"1024\" src=\"https:\/\/hoyre.no\/content\/uploads\/sites\/172\/2023\/10\/7.-Sofie-Ronnevik-684x1024.jpg\" alt=\"\" class=\"wp-image-943 size-full\" style=\"object-position:50% 15%\" srcset=\"https:\/\/hoyre.no\/content\/uploads\/sites\/172\/2023\/10\/7.-Sofie-Ronnevik-684x1024.jpg 684w, https:\/\/hoyre.no\/content\/uploads\/sites\/172\/2023\/10\/7.-Sofie-Ronnevik-200x300.jpg 200w, https:\/\/hoyre.no\/content\/uploads\/sites\/172\/2023\/10\/7.-Sofie-Ronnevik-768x1150.jpg 768w, https:\/\/hoyre.no\/content\/uploads\/sites\/172\/2023\/10\/7.-Sofie-Ronnevik-1026x1536.jpg 1026w, https:\/\/hoyre.no\/content\/uploads\/sites\/172\/2023\/10\/7.-Sofie-Ronnevik-1368x2048.jpg 1368w, https:\/\/hoyre.no\/content\/uploads\/sites\/172\/2023\/10\/7.-Sofie-Ronnevik-scaled.jpg 1670w\" sizes=\"auto, (max-width: 684px) 100vw, 684px\" \/><\/figure><div class=\"wp-block-media-text__content\">\n<h2 class=\"wp-block-heading\">Sofie R\u00f8nnevik<\/h2>\n\n\n\n<p><strong>E-post:<\/strong> Sofie.ronnevik@gmail.com<br><strong>Telefon:<\/strong> 46420207<\/p>\n<\/div><\/div>\n\n\n\n<h2 class=\"wp-block-heading\">Tjenesteutvalget<\/h2>\n\n\n\n<div class=\"wp-block-media-text is-stacked-on-mobile is-image-fill-element is-image-fill\"><figure class=\"wp-block-media-text__media\"><img loading=\"lazy\" decoding=\"async\" width=\"684\" height=\"1024\" src=\"https:\/\/hoyre.no\/content\/uploads\/sites\/172\/2023\/10\/5.-Anette-Wiik-684x1024.jpg\" alt=\"\" class=\"wp-image-944 size-full\" style=\"object-position:49% 22%\" srcset=\"https:\/\/hoyre.no\/content\/uploads\/sites\/172\/2023\/10\/5.-Anette-Wiik-684x1024.jpg 684w, https:\/\/hoyre.no\/content\/uploads\/sites\/172\/2023\/10\/5.-Anette-Wiik-200x300.jpg 200w, https:\/\/hoyre.no\/content\/uploads\/sites\/172\/2023\/10\/5.-Anette-Wiik-768x1150.jpg 768w, https:\/\/hoyre.no\/content\/uploads\/sites\/172\/2023\/10\/5.-Anette-Wiik-1026x1536.jpg 1026w, https:\/\/hoyre.no\/content\/uploads\/sites\/172\/2023\/10\/5.-Anette-Wiik-1368x2048.jpg 1368w, https:\/\/hoyre.no\/content\/uploads\/sites\/172\/2023\/10\/5.-Anette-Wiik-scaled.jpg 1670w\" sizes=\"auto, (max-width: 684px) 100vw, 684px\" \/><\/figure><div class=\"wp-block-media-text__content\">\n<h2 class=\"wp-block-heading\">Anette L\u00f8es Hokholt Wiik<\/h2>\n\n\n\n<p><em>Utvalgsleder \/ gruppenestleder<br><\/em><strong>E-post:<\/strong> anettehwiik@hotmail.no<br><strong>Telefon:<\/strong> 91166208<\/p>\n<\/div><\/div>\n\n\n\n<div class=\"wp-block-media-text is-stacked-on-mobile is-image-fill-element is-image-fill\"><figure class=\"wp-block-media-text__media\"><img loading=\"lazy\" decoding=\"async\" width=\"684\" height=\"1024\" src=\"https:\/\/hoyre.no\/content\/uploads\/sites\/172\/2023\/10\/11.-Rebekka-Klem-684x1024.jpg\" alt=\"\" class=\"wp-image-945 size-full\" style=\"object-position:50% 22%\" srcset=\"https:\/\/hoyre.no\/content\/uploads\/sites\/172\/2023\/10\/11.-Rebekka-Klem-684x1024.jpg 684w, https:\/\/hoyre.no\/content\/uploads\/sites\/172\/2023\/10\/11.-Rebekka-Klem-200x300.jpg 200w, https:\/\/hoyre.no\/content\/uploads\/sites\/172\/2023\/10\/11.-Rebekka-Klem-768x1150.jpg 768w, https:\/\/hoyre.no\/content\/uploads\/sites\/172\/2023\/10\/11.-Rebekka-Klem-1026x1536.jpg 1026w, https:\/\/hoyre.no\/content\/uploads\/sites\/172\/2023\/10\/11.-Rebekka-Klem-1368x2048.jpg 1368w, https:\/\/hoyre.no\/content\/uploads\/sites\/172\/2023\/10\/11.-Rebekka-Klem-scaled.jpg 1670w\" sizes=\"auto, (max-width: 684px) 100vw, 684px\" \/><\/figure><div class=\"wp-block-media-text__content\">\n<h2 class=\"wp-block-heading\">Rebekka Klem Moseby<\/h2>\n\n\n\n<p><strong>E-post: <\/strong>rebekkamoseby@gmail.com<br><strong>Telefon:<\/strong> 90827558<\/p>\n<\/div><\/div>\n\n\n\n<h2 class=\"wp-block-heading\">Kontrollutvalget<\/h2>\n\n\n\n<div class=\"wp-block-media-text is-stacked-on-mobile is-image-fill-element is-image-fill\"><figure class=\"wp-block-media-text__media\"><img loading=\"lazy\" decoding=\"async\" width=\"684\" height=\"1024\" src=\"https:\/\/hoyre.no\/content\/uploads\/sites\/172\/2023\/10\/23.-Anisa-Solvang-684x1024.jpg\" alt=\"\" class=\"wp-image-946 size-full\" style=\"object-position:50% 23%\" srcset=\"https:\/\/hoyre.no\/content\/uploads\/sites\/172\/2023\/10\/23.-Anisa-Solvang-684x1024.jpg 684w, https:\/\/hoyre.no\/content\/uploads\/sites\/172\/2023\/10\/23.-Anisa-Solvang-200x300.jpg 200w, https:\/\/hoyre.no\/content\/uploads\/sites\/172\/2023\/10\/23.-Anisa-Solvang-768x1150.jpg 768w, https:\/\/hoyre.no\/content\/uploads\/sites\/172\/2023\/10\/23.-Anisa-Solvang-1026x1536.jpg 1026w, https:\/\/hoyre.no\/content\/uploads\/sites\/172\/2023\/10\/23.-Anisa-Solvang-1368x2048.jpg 1368w, https:\/\/hoyre.no\/content\/uploads\/sites\/172\/2023\/10\/23.-Anisa-Solvang-scaled.jpg 1670w\" sizes=\"auto, (max-width: 684px) 100vw, 684px\" \/><\/figure><div class=\"wp-block-media-text__content\">\n<h2 class=\"wp-block-heading\">Anisa Solvang<\/h2>\n\n\n\n<p><strong>E-post:<\/strong> anisa@anisasolvang.no<br><strong>Telefon:<\/strong> 99418611<\/p>\n<\/div><\/div>\n\n\n\n<h2 class=\"wp-block-heading\">Administrasjonsutvalget<\/h2>\n\n\n\n<div class=\"wp-block-media-text is-stacked-on-mobile is-image-fill-element is-image-fill\"><figure class=\"wp-block-media-text__media\"><img loading=\"lazy\" decoding=\"async\" width=\"684\" height=\"1024\" src=\"https:\/\/hoyre.no\/content\/uploads\/sites\/172\/2023\/10\/8.-Arne-Bjerke-684x1024.jpg\" alt=\"\" class=\"wp-image-940 size-full\" style=\"object-position:48% 16%\" srcset=\"https:\/\/hoyre.no\/content\/uploads\/sites\/172\/2023\/10\/8.-Arne-Bjerke-684x1024.jpg 684w, https:\/\/hoyre.no\/content\/uploads\/sites\/172\/2023\/10\/8.-Arne-Bjerke-200x300.jpg 200w, https:\/\/hoyre.no\/content\/uploads\/sites\/172\/2023\/10\/8.-Arne-Bjerke-768x1150.jpg 768w, https:\/\/hoyre.no\/content\/uploads\/sites\/172\/2023\/10\/8.-Arne-Bjerke-1026x1536.jpg 1026w, https:\/\/hoyre.no\/content\/uploads\/sites\/172\/2023\/10\/8.-Arne-Bjerke-1368x2048.jpg 1368w, https:\/\/hoyre.no\/content\/uploads\/sites\/172\/2023\/10\/8.-Arne-Bjerke-scaled.jpg 1670w\" sizes=\"auto, (max-width: 684px) 100vw, 684px\" \/><\/figure><div class=\"wp-block-media-text__content\">\n<h2 class=\"wp-block-heading\">Arne Tor Selin Bjerke<\/h2>\n\n\n\n<p><strong>E-post:<\/strong> arnebjer@online.no <br><strong>Telefon:<\/strong> 48179083<\/p>\n<\/div><\/div>\n\n\n\n<p><\/p>\n\n\n\n<p><\/p>\n\n","protected":false},"excerpt":{"rendered":"","protected":false},"author":11570,"featured_media":0,"parent":0,"menu_order":0,"comment_status":"closed","ping_status":"closed","template":"","meta":{"teft_cards_image_url":"","teft_cards_custom_pretitle":"","teft_cards_image_id":612,"teft_cards_image_focal_point_x":0.5,"teft_cards_image_focal_point_y":0.5,"teft_cards_title":"V\u00e5re representanter","teft_cards_excerpt":"","teft_show_chapters":false,"footnotes":""},"class_list":["post-938","page","type-page","status-publish","hentry"],"yoast_head":"<!-- This site is optimized with the Yoast SEO plugin v26.6 - https:\/\/yoast.com\/wordpress\/plugins\/seo\/ -->\n<title>V\u00e5re representanter - Nesodden H\u00f8yre<\/title>\n<meta name=\"robots\" content=\"index, follow, max-snippet:-1, max-image-preview:large, max-video-preview:-1\" \/>\n<link rel=\"canonical\" href=\"https:\/\/hoyre.no\/nesodden\/vare-representanter\/\" \/>\n<meta property=\"og:locale\" content=\"nb_NO\" \/>\n<meta property=\"og:type\" content=\"article\" \/>\n<meta property=\"og:title\" content=\"V\u00e5re representanter - Nesodden H\u00f8yre\" \/>\n<meta property=\"og:url\" content=\"https:\/\/hoyre.no\/nesodden\/vare-representanter\/\" \/>\n<meta property=\"og:site_name\" content=\"Nesodden H\u00f8yre\" \/>\n<meta property=\"article:modified_time\" content=\"2026-01-27T09:09:16+00:00\" \/>\n<meta property=\"og:image\" content=\"https:\/\/hoyre.no\/content\/uploads\/sites\/172\/2023\/01\/DSC07522-1024x684.jpg\" \/>\n<meta name=\"twitter:card\" content=\"summary_large_image\" \/>\n<meta name=\"twitter:label1\" content=\"Ansl. lesetid\" \/>\n\t<meta name=\"twitter:data1\" content=\"3 minutter\" \/>\n<script type=\"application\/ld+json\" class=\"yoast-schema-graph\">{\"@context\":\"https:\/\/schema.org\",\"@graph\":[{\"@type\":\"WebPage\",\"@id\":\"https:\/\/hoyre.no\/nesodden\/vare-representanter\/\",\"url\":\"https:\/\/hoyre.no\/nesodden\/vare-representanter\/\",\"name\":\"V\u00e5re representanter - Nesodden H\u00f8yre\",\"isPartOf\":{\"@id\":\"https:\/\/hoyre.no\/nesodden\/#website\"},\"image\":{\"@id\":\"https:\/\/hoyre.no\/nesodden\/vare-representanter\/#primaryimage\"},\"thumbnailUrl\":\"https:\/\/hoyre.no\/content\/uploads\/sites\/172\/2023\/01\/1.-Tage-Jensen-2-684x1024.jpg\",\"datePublished\":\"2023-10-05T12:06:52+00:00\",\"dateModified\":\"2026-01-27T09:09:16+00:00\",\"breadcrumb\":{\"@id\":\"https:\/\/hoyre.no\/nesodden\/vare-representanter\/#breadcrumb\"},\"inLanguage\":\"nb-NO\",\"potentialAction\":[{\"@type\":\"ReadAction\",\"target\":[\"https:\/\/hoyre.no\/nesodden\/vare-representanter\/\"]}]},{\"@type\":\"ImageObject\",\"inLanguage\":\"nb-NO\",\"@id\":\"https:\/\/hoyre.no\/nesodden\/vare-representanter\/#primaryimage\",\"url\":\"https:\/\/hoyre.no\/content\/uploads\/sites\/172\/2023\/01\/1.-Tage-Jensen-2-684x1024.jpg\",\"contentUrl\":\"https:\/\/hoyre.no\/content\/uploads\/sites\/172\/2023\/01\/1.-Tage-Jensen-2-684x1024.jpg\"},{\"@type\":\"BreadcrumbList\",\"@id\":\"https:\/\/hoyre.no\/nesodden\/vare-representanter\/#breadcrumb\",\"itemListElement\":[{\"@type\":\"ListItem\",\"position\":1,\"name\":\"Til hoyre.no\",\"item\":\"https:\/\/hoyre.no\"},{\"@type\":\"ListItem\",\"position\":2,\"name\":\"Hjem\",\"item\":\"https:\/\/hoyre.no\/nesodden\/\"},{\"@type\":\"ListItem\",\"position\":3,\"name\":\"V\u00e5re representanter\"}]},{\"@type\":\"WebSite\",\"@id\":\"https:\/\/hoyre.no\/nesodden\/#website\",\"url\":\"https:\/\/hoyre.no\/nesodden\/\",\"name\":\"Nesodden H\u00f8yre\",\"description\":\"Bare enda et H\u00f8yres nettsteder-nettsted\",\"inLanguage\":\"nb-NO\"}]}<\/script>\n<!-- \/ Yoast SEO plugin. -->","yoast_head_json":{"title":"V\u00e5re representanter - Nesodden H\u00f8yre","robots":{"index":"index","follow":"follow","max-snippet":"max-snippet:-1","max-image-preview":"max-image-preview:large","max-video-preview":"max-video-preview:-1"},"canonical":"https:\/\/hoyre.no\/nesodden\/vare-representanter\/","og_locale":"nb_NO","og_type":"article","og_title":"V\u00e5re representanter - Nesodden H\u00f8yre","og_url":"https:\/\/hoyre.no\/nesodden\/vare-representanter\/","og_site_name":"Nesodden H\u00f8yre","article_modified_time":"2026-01-27T09:09:16+00:00","og_image":[{"url":"https:\/\/hoyre.no\/content\/uploads\/sites\/172\/2023\/01\/DSC07522-1024x684.jpg","width":"","height":"","type":""}],"twitter_card":"summary_large_image","twitter_misc":{"Ansl. lesetid":"3 minutter"},"schema":{"@context":"https:\/\/schema.org","@graph":[{"@type":"WebPage","@id":"https:\/\/hoyre.no\/nesodden\/vare-representanter\/","url":"https:\/\/hoyre.no\/nesodden\/vare-representanter\/","name":"V\u00e5re representanter - Nesodden H\u00f8yre","isPartOf":{"@id":"https:\/\/hoyre.no\/nesodden\/#website"},"image":{"@id":"https:\/\/hoyre.no\/nesodden\/vare-representanter\/#primaryimage"},"thumbnailUrl":"https:\/\/hoyre.no\/content\/uploads\/sites\/172\/2023\/01\/1.-Tage-Jensen-2-684x1024.jpg","datePublished":"2023-10-05T12:06:52+00:00","dateModified":"2026-01-27T09:09:16+00:00","breadcrumb":{"@id":"https:\/\/hoyre.no\/nesodden\/vare-representanter\/#breadcrumb"},"inLanguage":"nb-NO","potentialAction":[{"@type":"ReadAction","target":["https:\/\/hoyre.no\/nesodden\/vare-representanter\/"]}]},{"@type":"ImageObject","inLanguage":"nb-NO","@id":"https:\/\/hoyre.no\/nesodden\/vare-representanter\/#primaryimage","url":"https:\/\/hoyre.no\/content\/uploads\/sites\/172\/2023\/01\/1.-Tage-Jensen-2-684x1024.jpg","contentUrl":"https:\/\/hoyre.no\/content\/uploads\/sites\/172\/2023\/01\/1.-Tage-Jensen-2-684x1024.jpg"},{"@type":"BreadcrumbList","@id":"https:\/\/hoyre.no\/nesodden\/vare-representanter\/#breadcrumb","itemListElement":[{"@type":"ListItem","position":1,"name":"Til hoyre.no","item":"https:\/\/hoyre.no"},{"@type":"ListItem","position":2,"name":"Hjem","item":"https:\/\/hoyre.no\/nesodden\/"},{"@type":"ListItem","position":3,"name":"V\u00e5re representanter"}]},{"@type":"WebSite","@id":"https:\/\/hoyre.no\/nesodden\/#website","url":"https:\/\/hoyre.no\/nesodden\/","name":"Nesodden H\u00f8yre","description":"Bare enda et H\u00f8yres nettsteder-nettsted","inLanguage":"nb-NO"}]}},"distributor_meta":false,"distributor_terms":false,"distributor_media":false,"distributor_original_site_name":"Nesodden H\u00f8yre","distributor_original_site_url":"https:\/\/hoyre.no\/nesodden","push-errors":false,"_links":{"self":[{"href":"https:\/\/hoyre.no\/nesodden\/wp-json\/wp\/v2\/pages\/938","targetHints":{"allow":["GET"]}}],"collection":[{"href":"https:\/\/hoyre.no\/nesodden\/wp-json\/wp\/v2\/pages"}],"about":[{"href":"https:\/\/hoyre.no\/nesodden\/wp-json\/wp\/v2\/types\/page"}],"author":[{"embeddable":true,"href":"https:\/\/hoyre.no\/nesodden\/wp-json\/wp\/v2\/users\/11570"}],"replies":[{"embeddable":true,"href":"https:\/\/hoyre.no\/nesodden\/wp-json\/wp\/v2\/comments?post=938"}],"version-history":[{"count":8,"href":"https:\/\/hoyre.no\/nesodden\/wp-json\/wp\/v2\/pages\/938\/revisions"}],"predecessor-version":[{"id":1407,"href":"https:\/\/hoyre.no\/nesodden\/wp-json\/wp\/v2\/pages\/938\/revisions\/1407"}],"wp:attachment":[{"href":"https:\/\/hoyre.no\/nesodden\/wp-json\/wp\/v2\/media?parent=938"}],"curies":[{"name":"wp","href":"https:\/\/api.w.org\/{rel}","templated":true}]}}