{"id":27,"date":"2023-05-02T12:44:53","date_gmt":"2023-05-02T10:44:53","guid":{"rendered":"https:\/\/hoyre.no\/nord-odal\/?page_id=27"},"modified":"2025-01-17T13:10:01","modified_gmt":"2025-01-17T12:10:01","slug":"politikk","status":"publish","type":"page","link":"https:\/\/hoyre.no\/nord-odal\/politikk\/","title":{"rendered":"Politikk"},"content":{"rendered":"\n<div class=\"wp-block-hoyre-hero with-image-gradient text-color-light  has-media alignfull has-background\"><div class=\"hoyre-hero has-image\"><h1 class=\"title\">Nord-Odal H\u00f8yres kjernesaker<br><\/h1><p class=\"preamble\">N\u00e5r frivilligheten, n\u00e6ringslivet og offentlig sektor spiller p\u00e5 lag, skapes det gode lokalsamfunn. H\u00f8yre tror p\u00e5 enkeltmenneskets evne og lyst til \u00e5 st\u00e5 p\u00e5 egne ben.<br><br>Det er v\u00e5r oppgave \u00e5 s\u00f8rge for at mennesker kan leve gode liv, uansett utgangspunkt. Vi skaper ikke politikk for kommunen, men for alle som bor der. H\u00f8yre tror p\u00e5 et samfunn som gir muligheter for alle.<\/p>\t\t\t<div class=\"post-meta wp-block teft-byline-wrapper\">\n\t\t\t\t<div class=\"top\">\n\t\t\t\t\t<div class=\"signature\">\n\t\t\t\t\t\t<div class=\"teft-byline\">\n\t\t\t\t\t\t\t\t\t\t\t\t\t\t<div>\n\t\t\t\t\t\t\t\t<h3>H\u00f8yres redaksjon<\/h3>\t\t\t\t\t\t\t\t\n\t\t\t\t\t\t\t\t\t\t\t\t\t\t\t\t\t<span class=\"date\">Sist oppdatert: 17. januar 2025<\/span>\n\t\t\t\t\t\t\t\t\t\t\t\t\t\t\t\t\t\t\t\t\t\t\t\t\t<span class=\"reading-time\" itemprop=\"timeRequired\" content=\"PT3M\"><em>Ca. 3 minutter lesetid<\/em><\/span>\n\t\t\t\t\t\t\t\t\t\t\t\t\t\t\t<\/div>\n\t\t\t\t\t\t<\/div>\n\t\t\t\t\t<\/div>\n\t\t\t\t\t\t<div class=\"sharing\">\n\t\t<a class=\"share-button share-link copy-link\" data-copy=\"https:\/\/hoyre.no\/nord-odal\/politikk\/\" target=\"_blank\"><span class=\"screen-reader-text\">Del link<\/span><\/a>\n\t\t<a class=\"share-button share-twitter\" href=\"http:\/\/twitter.com\/share?text=Politikk&#038;url=https:\/\/hoyre.no\/nord-odal\/politikk\/&#038;hashtags=Hoyre\" target=\"_blank\"><span class=\"screen-reader-text\">Del p\u00e5 twitter<\/span><\/a>\n\t\t<a class=\"share-button share-facebook\" href=\"https:\/\/www.facebook.com\/sharer\/sharer.php?u=https:\/\/hoyre.no\/nord-odal\/politikk\/\" target=\"_blank\"><span class=\"screen-reader-text\">Del p\u00e5 facebook<\/span><\/a>\n\t<\/div>\n\t\t\t\t\t<\/div>\n\t\t\t<\/div>\n\n\t\t\t<figure class=\"hoyre-image-wrapper\"><div class=\"hoyre-image\"><img loading=\"lazy\" decoding=\"async\" width=\"1936\" height=\"1296\" src=\"https:\/\/hoyre.no\/content\/uploads\/sites\/67\/2024\/01\/DSC_4212.jpg\" class=\"attachment-scaled size-scaled\" alt=\"\" style=\"object-position: 50% 50%\" srcset=\"https:\/\/hoyre.no\/content\/uploads\/sites\/67\/2024\/01\/DSC_4212.jpg 1936w, https:\/\/hoyre.no\/content\/uploads\/sites\/67\/2024\/01\/DSC_4212-300x201.jpg 300w, https:\/\/hoyre.no\/content\/uploads\/sites\/67\/2024\/01\/DSC_4212-1024x685.jpg 1024w, https:\/\/hoyre.no\/content\/uploads\/sites\/67\/2024\/01\/DSC_4212-768x514.jpg 768w, https:\/\/hoyre.no\/content\/uploads\/sites\/67\/2024\/01\/DSC_4212-1536x1028.jpg 1536w\" sizes=\"auto, (max-width: 1936px) 100vw, 1936px\" \/><\/div><\/figure><\/div><\/div>\n\n\n\n<div class=\"wp-block-media-text alignwide is-stacked-on-mobile is-image-fill\" style=\"grid-template-columns:52% auto\"><figure class=\"wp-block-media-text__media\" style=\"background-image:url('https:\/\/hoyre.no\/content\/uploads\/sites\/67\/2024\/01\/GettyImages-1063392686-1024x683.jpg');background-position:50% 50%\"><img loading=\"lazy\" decoding=\"async\" width=\"1024\" height=\"683\" src=\"https:\/\/hoyre.no\/content\/uploads\/sites\/67\/2024\/01\/GettyImages-1063392686-1024x683.jpg\" alt=\"\" class=\"wp-image-79 size-full\" srcset=\"https:\/\/hoyre.no\/content\/uploads\/sites\/67\/2024\/01\/GettyImages-1063392686-1024x683.jpg 1024w, https:\/\/hoyre.no\/content\/uploads\/sites\/67\/2024\/01\/GettyImages-1063392686-300x200.jpg 300w, https:\/\/hoyre.no\/content\/uploads\/sites\/67\/2024\/01\/GettyImages-1063392686-768x512.jpg 768w, https:\/\/hoyre.no\/content\/uploads\/sites\/67\/2024\/01\/GettyImages-1063392686-1536x1024.jpg 1536w, https:\/\/hoyre.no\/content\/uploads\/sites\/67\/2024\/01\/GettyImages-1063392686-2048x1365.jpg 2048w\" sizes=\"auto, (max-width: 1024px) 100vw, 1024px\" \/><\/figure><div class=\"wp-block-media-text__content\">\n<h2 class=\"wp-block-heading\">\ud83d\udc99 Vi m\u00e5 ta psykisk helse p\u00e5 alvor<\/h2>\n\n\n\n<p>Nord-Odal H\u00f8yre vil prioritere god psykisk helse og forebygge store lidelser og utenforskap gjennom tidlig innsats. Vi m\u00e5 derfor ansette en kommunepsykolog med spesiell oppf\u00f8lging for barn og unge, som er lovp\u00e5lagt. Videre \u00f8nsker vi \u00e5 tilby fritt behandlingsvalg og legge til rette for ulike aktivitetstilbud og samarbeid p\u00e5 tvers av etater i kommunen for \u00e5 sikre st\u00f8rre tilbud og raskere hjelp for dem som trenger det mest. Tilbudene skal v\u00e6re lavterskel og tilpasset brukernes behov.<\/p>\n<\/div><\/div>\n\n\n\n<div class=\"wp-block-media-text alignwide has-media-on-the-right is-stacked-on-mobile is-image-fill\"><div class=\"wp-block-media-text__content\">\n<h2 class=\"wp-block-heading\">\ud83d\udc99 Kvalitet i oppveksten<\/h2>\n\n\n\n<p>Nord-Odal H\u00f8yres m\u00e5l er at alle barn skal trives og oppleve mestring p\u00e5 skolen. Trygge og gode l\u00e6rere er det beste virkemiddelet for \u00e5 f\u00e5 til dette. I tillegg m\u00e5 skolen gj\u00f8res mer<br>tilpasset hver enkelt elev. H\u00f8yre vil legge til rette for flere valgfag p\u00e5 ungdomsskolen, mer praktisk undervisning og tilpasning etter niv\u00e5. Vi m\u00e5 ogs\u00e5 utrede ulike muligheter for \u00e5 etablere en felles framtidig skole slik at vi f\u00e5r samlet<br>kompetansen.<\/p>\n<\/div><figure class=\"wp-block-media-text__media\" style=\"background-image:url('https:\/\/hoyre.no\/content\/uploads\/sites\/67\/2024\/01\/sand-sentralskole.jpg');background-position:50% 50%\"><img loading=\"lazy\" decoding=\"async\" width=\"976\" height=\"651\" src=\"https:\/\/hoyre.no\/content\/uploads\/sites\/67\/2024\/01\/sand-sentralskole.jpg\" alt=\"\" class=\"wp-image-80 size-full\" srcset=\"https:\/\/hoyre.no\/content\/uploads\/sites\/67\/2024\/01\/sand-sentralskole.jpg 976w, https:\/\/hoyre.no\/content\/uploads\/sites\/67\/2024\/01\/sand-sentralskole-300x200.jpg 300w, https:\/\/hoyre.no\/content\/uploads\/sites\/67\/2024\/01\/sand-sentralskole-768x512.jpg 768w\" sizes=\"auto, (max-width: 976px) 100vw, 976px\" \/><\/figure><\/div>\n\n\n\n<div class=\"wp-block-media-text alignwide is-stacked-on-mobile is-image-fill\"><figure class=\"wp-block-media-text__media\" style=\"background-image:url('https:\/\/hoyre.no\/content\/uploads\/sites\/67\/2024\/01\/sykehjem.jpg');background-position:50% 50%\"><img loading=\"lazy\" decoding=\"async\" width=\"922\" height=\"615\" src=\"https:\/\/hoyre.no\/content\/uploads\/sites\/67\/2024\/01\/sykehjem.jpg\" alt=\"\" class=\"wp-image-81 size-full\" srcset=\"https:\/\/hoyre.no\/content\/uploads\/sites\/67\/2024\/01\/sykehjem.jpg 922w, https:\/\/hoyre.no\/content\/uploads\/sites\/67\/2024\/01\/sykehjem-300x200.jpg 300w, https:\/\/hoyre.no\/content\/uploads\/sites\/67\/2024\/01\/sykehjem-768x512.jpg 768w\" sizes=\"auto, (max-width: 922px) 100vw, 922px\" \/><\/figure><div class=\"wp-block-media-text__content\">\n<h2 class=\"wp-block-heading\">\ud83d\udc99 En verdig eldreomsorg<\/h2>\n\n\n\n<p>V\u00e5r visjon er at alle skal oppleve en verdig eldreomsorg i v\u00e5r kommune, med Leve hele livet-reformen som veiviser. Vi vil sikre et variert og sunt kosthold ved \u00e5 samle eldre til et godt felles m\u00e5ltid. Sammen skal vi inkludere eldre mer i lokalsamfunnet gjennom ulike aktivitetstilbud. V\u00e5rt m\u00e5l er \u00e5 sikre at eldre f\u00e5r en meningsfull alderdom, med god omsorg og sosialt fellesskap.<\/p>\n<\/div><\/div>\n\n\n\n<div class=\"wp-block-media-text alignwide has-media-on-the-right is-stacked-on-mobile is-image-fill\"><div class=\"wp-block-media-text__content\">\n<h2 class=\"wp-block-heading\">\ud83d\udc99 En b\u00e6rekraftig kommune\u00f8konomi<\/h2>\n\n\n\n<p>Nord-Odal H\u00f8yre vil v\u00e6re en garantist for gode og b\u00e6rekraftige l\u00f8sninger. Vi m\u00e5 skape flere arbeidsplasser og redusere eiendomsskatten. Vi vil vurdere salg av deler av kommuneskogen og selge flere kommunale bygg slik at vi<br>kan sikre bedre vedlikehold av f\u00e6rre bygg. Vi m\u00e5 se p\u00e5 alternativer for kommunesammensl\u00e5ing, slik at interkommunale samarbeid ikke blir et demokratisk problem. Kutt i utgifter og \u00f8kte inntekter skal v\u00e6re v\u00e5rt \u00f8konomiske prinsipp.<\/p>\n<\/div><figure class=\"wp-block-media-text__media\" style=\"background-image:url('https:\/\/hoyre.no\/content\/uploads\/sites\/67\/2024\/01\/kommunehus.jpg');background-position:50% 50%\"><img loading=\"lazy\" decoding=\"async\" width=\"1018\" height=\"679\" src=\"https:\/\/hoyre.no\/content\/uploads\/sites\/67\/2024\/01\/kommunehus.jpg\" alt=\"\" class=\"wp-image-82 size-full\" srcset=\"https:\/\/hoyre.no\/content\/uploads\/sites\/67\/2024\/01\/kommunehus.jpg 1018w, https:\/\/hoyre.no\/content\/uploads\/sites\/67\/2024\/01\/kommunehus-300x200.jpg 300w, https:\/\/hoyre.no\/content\/uploads\/sites\/67\/2024\/01\/kommunehus-768x512.jpg 768w\" sizes=\"auto, (max-width: 1018px) 100vw, 1018px\" \/><\/figure><\/div>\n\n\n\n\t\t<div class=\"has-pale-green-background-color is-layout-left alignwide alignwide wp-block-hoyre-media-text\">\n\t\t\t<div class=\"hoyre-media-text__media\">\n\t\t\t\t<img loading=\"lazy\" decoding=\"async\" width=\"1024\" height=\"683\" src=\"https:\/\/hoyre.no\/content\/uploads\/sites\/67\/2024\/01\/GettyImages-1202315655-1024x683.jpg\" class=\"hoyre-media-text__media-image\" alt=\"\" style=\"--focal: 50% 50%;\" srcset=\"https:\/\/hoyre.no\/content\/uploads\/sites\/67\/2024\/01\/GettyImages-1202315655-1024x683.jpg 1024w, https:\/\/hoyre.no\/content\/uploads\/sites\/67\/2024\/01\/GettyImages-1202315655-300x200.jpg 300w, https:\/\/hoyre.no\/content\/uploads\/sites\/67\/2024\/01\/GettyImages-1202315655-768x512.jpg 768w, https:\/\/hoyre.no\/content\/uploads\/sites\/67\/2024\/01\/GettyImages-1202315655-1536x1024.jpg 1536w, https:\/\/hoyre.no\/content\/uploads\/sites\/67\/2024\/01\/GettyImages-1202315655-2048x1365.jpg 2048w\" sizes=\"auto, (max-width: 1024px) 100vw, 1024px\" \/>\n\t\t\t<\/div>\n\t\t\t<div class=\"hoyre-media-text__content\">\n\t\t\t\t<div class=\"hoyre-media-text__content-inner\">\n\t\t\t\t\t\n\t\t\t<div class=\"hoyre-media-text__title-container\">\n\t\t\t\t<svg xmlns=\"http:\/\/www.w3.org\/2000\/svg\" xml:space=\"preserve\" viewBox=\"0 0 24 24\"><path d=\"M12 4.42C9.17-1.27 0 .36 0 7.69 0 14.96 9.9 18.63 12 23c2.1-4.37 12-8.04 12-15.31 0-7.32-9.17-8.97-12-3.27z\"\/><\/svg>\n\n\t\t\t\t<h2 class=\"hoyre-media-text__title\">10 grunner til \u00e5 stemme H\u00f8yre i Nord-Odal<\/h2>\n\t\t\t<\/div>\n\t\t\t\n\t\t\t\t\t<div class=\"hoyre-media-text__blocks\"><\/div>\n\t\t\t\t\t\n\t\t\t<div class=\"hoyre-media-text__buttons\">\n\t\t\t\t<a class=\"button\" href=\"https:\/\/hoyre.no\/nord-odal\/10-grunner-til-a-stemme-hoyre-i-nord-odal\/\">LES MER HER<\/a>\n\t\t\t<\/div>\n\t\t\t\n\t\t\t\t<\/div>\n\t\t\t<\/div>\n\t\t<\/div>\n\t\t\n\n\n<h3 class=\"wp-block-heading\">Les Nord-Odal H\u00f8yres valgprogram her:<\/h3>\n\n\n\n<div class=\"wp-block-teft-file icon-link-block\"><a href=\"https:\/\/hoyre.no\/content\/uploads\/sites\/67\/2024\/01\/Nord-Odal-Hoyres-valgprogram-2023-2027-1.pdf\" download><span class=\"file-title\">Nord-Odal H\u00f8yres valgprogram 2023-2027<\/span><span class=\"file-name\"><\/span><\/a><\/div>\n","protected":false},"excerpt":{"rendered":"<p>\ud83d\udc99 Vi m\u00e5 ta psykisk helse p\u00e5 alvor Nord-Odal H\u00f8yre vil prioritere god psykisk helse og forebygge store lidelser og utenforskap gjennom tidlig innsats. Vi m\u00e5 derfor ansette en kommunepsykolog med spesiell oppf\u00f8lging for barn og unge, som er lovp\u00e5lagt. Videre \u00f8nsker vi \u00e5 tilby fritt behandlingsvalg og legge til rette for ulike aktivitetstilbud og [&hellip;]<\/p>\n","protected":false},"author":18396,"featured_media":0,"parent":0,"menu_order":0,"comment_status":"closed","ping_status":"closed","template":"","meta":{"teft_cards_image_url":"","teft_cards_custom_pretitle":"","teft_cards_image_id":0,"teft_cards_image_focal_point_x":0,"teft_cards_image_focal_point_y":0,"teft_cards_title":"","teft_cards_excerpt":"","teft_show_chapters":false,"footnotes":""},"class_list":["post-27","page","type-page","status-publish","hentry"],"yoast_head":"<!-- This site is optimized with the Yoast SEO plugin v26.6 - https:\/\/yoast.com\/wordpress\/plugins\/seo\/ -->\n<title>Politikk - Nord-Odal H\u00f8yre<\/title>\n<meta name=\"robots\" content=\"index, follow, max-snippet:-1, max-image-preview:large, max-video-preview:-1\" \/>\n<link rel=\"canonical\" href=\"https:\/\/hoyre.no\/nord-odal\/politikk\/\" \/>\n<meta property=\"og:locale\" content=\"nb_NO\" \/>\n<meta property=\"og:type\" content=\"article\" \/>\n<meta property=\"og:title\" content=\"Politikk - Nord-Odal H\u00f8yre\" \/>\n<meta property=\"og:description\" content=\"\ud83d\udc99 Vi m\u00e5 ta psykisk helse p\u00e5 alvor Nord-Odal H\u00f8yre vil prioritere god psykisk helse og forebygge store lidelser og utenforskap gjennom tidlig innsats. Vi m\u00e5 derfor ansette en kommunepsykolog med spesiell oppf\u00f8lging for barn og unge, som er lovp\u00e5lagt. Videre \u00f8nsker vi \u00e5 tilby fritt behandlingsvalg og legge til rette for ulike aktivitetstilbud og [&hellip;]\" \/>\n<meta property=\"og:url\" content=\"https:\/\/hoyre.no\/nord-odal\/politikk\/\" \/>\n<meta property=\"og:site_name\" content=\"Nord-Odal H\u00f8yre\" \/>\n<meta property=\"article:modified_time\" content=\"2025-01-17T12:10:01+00:00\" \/>\n<meta property=\"og:image\" content=\"https:\/\/hoyre.no\/content\/uploads\/sites\/67\/2024\/01\/GettyImages-1063392686-1024x683.jpg\" \/>\n<meta name=\"twitter:card\" content=\"summary_large_image\" \/>\n<meta name=\"twitter:label1\" content=\"Ansl. lesetid\" \/>\n\t<meta name=\"twitter:data1\" content=\"3 minutter\" \/>\n<script type=\"application\/ld+json\" class=\"yoast-schema-graph\">{\"@context\":\"https:\/\/schema.org\",\"@graph\":[{\"@type\":\"WebPage\",\"@id\":\"https:\/\/hoyre.no\/nord-odal\/politikk\/\",\"url\":\"https:\/\/hoyre.no\/nord-odal\/politikk\/\",\"name\":\"Politikk - Nord-Odal H\u00f8yre\",\"isPartOf\":{\"@id\":\"https:\/\/hoyre.no\/nord-odal\/#website\"},\"image\":{\"@id\":\"https:\/\/hoyre.no\/nord-odal\/politikk\/#primaryimage\"},\"thumbnailUrl\":\"https:\/\/hoyre.no\/content\/uploads\/sites\/67\/2024\/01\/GettyImages-1063392686-1024x683.jpg\",\"datePublished\":\"2023-05-02T10:44:53+00:00\",\"dateModified\":\"2025-01-17T12:10:01+00:00\",\"breadcrumb\":{\"@id\":\"https:\/\/hoyre.no\/nord-odal\/politikk\/#breadcrumb\"},\"inLanguage\":\"nb-NO\",\"potentialAction\":[{\"@type\":\"ReadAction\",\"target\":[\"https:\/\/hoyre.no\/nord-odal\/politikk\/\"]}]},{\"@type\":\"ImageObject\",\"inLanguage\":\"nb-NO\",\"@id\":\"https:\/\/hoyre.no\/nord-odal\/politikk\/#primaryimage\",\"url\":\"https:\/\/hoyre.no\/content\/uploads\/sites\/67\/2024\/01\/GettyImages-1063392686-1024x683.jpg\",\"contentUrl\":\"https:\/\/hoyre.no\/content\/uploads\/sites\/67\/2024\/01\/GettyImages-1063392686-1024x683.jpg\"},{\"@type\":\"BreadcrumbList\",\"@id\":\"https:\/\/hoyre.no\/nord-odal\/politikk\/#breadcrumb\",\"itemListElement\":[{\"@type\":\"ListItem\",\"position\":1,\"name\":\"Til hoyre.no\",\"item\":\"https:\/\/hoyre.no\"},{\"@type\":\"ListItem\",\"position\":2,\"name\":\"Hjem\",\"item\":\"https:\/\/hoyre.no\/nord-odal\/\"},{\"@type\":\"ListItem\",\"position\":3,\"name\":\"Politikk\"}]},{\"@type\":\"WebSite\",\"@id\":\"https:\/\/hoyre.no\/nord-odal\/#website\",\"url\":\"https:\/\/hoyre.no\/nord-odal\/\",\"name\":\"Nord-Odal H\u00f8yre\",\"description\":\"Bare enda et H\u00f8yres nettsteder-nettsted\",\"inLanguage\":\"nb-NO\"}]}<\/script>\n<!-- \/ Yoast SEO plugin. -->","yoast_head_json":{"title":"Politikk - Nord-Odal H\u00f8yre","robots":{"index":"index","follow":"follow","max-snippet":"max-snippet:-1","max-image-preview":"max-image-preview:large","max-video-preview":"max-video-preview:-1"},"canonical":"https:\/\/hoyre.no\/nord-odal\/politikk\/","og_locale":"nb_NO","og_type":"article","og_title":"Politikk - Nord-Odal H\u00f8yre","og_description":"\ud83d\udc99 Vi m\u00e5 ta psykisk helse p\u00e5 alvor Nord-Odal H\u00f8yre vil prioritere god psykisk helse og forebygge store lidelser og utenforskap gjennom tidlig innsats. Vi m\u00e5 derfor ansette en kommunepsykolog med spesiell oppf\u00f8lging for barn og unge, som er lovp\u00e5lagt. Videre \u00f8nsker vi \u00e5 tilby fritt behandlingsvalg og legge til rette for ulike aktivitetstilbud og [&hellip;]","og_url":"https:\/\/hoyre.no\/nord-odal\/politikk\/","og_site_name":"Nord-Odal H\u00f8yre","article_modified_time":"2025-01-17T12:10:01+00:00","og_image":[{"url":"https:\/\/hoyre.no\/content\/uploads\/sites\/67\/2024\/01\/GettyImages-1063392686-1024x683.jpg","type":"","width":"","height":""}],"twitter_card":"summary_large_image","twitter_misc":{"Ansl. lesetid":"3 minutter"},"schema":{"@context":"https:\/\/schema.org","@graph":[{"@type":"WebPage","@id":"https:\/\/hoyre.no\/nord-odal\/politikk\/","url":"https:\/\/hoyre.no\/nord-odal\/politikk\/","name":"Politikk - Nord-Odal H\u00f8yre","isPartOf":{"@id":"https:\/\/hoyre.no\/nord-odal\/#website"},"image":{"@id":"https:\/\/hoyre.no\/nord-odal\/politikk\/#primaryimage"},"thumbnailUrl":"https:\/\/hoyre.no\/content\/uploads\/sites\/67\/2024\/01\/GettyImages-1063392686-1024x683.jpg","datePublished":"2023-05-02T10:44:53+00:00","dateModified":"2025-01-17T12:10:01+00:00","breadcrumb":{"@id":"https:\/\/hoyre.no\/nord-odal\/politikk\/#breadcrumb"},"inLanguage":"nb-NO","potentialAction":[{"@type":"ReadAction","target":["https:\/\/hoyre.no\/nord-odal\/politikk\/"]}]},{"@type":"ImageObject","inLanguage":"nb-NO","@id":"https:\/\/hoyre.no\/nord-odal\/politikk\/#primaryimage","url":"https:\/\/hoyre.no\/content\/uploads\/sites\/67\/2024\/01\/GettyImages-1063392686-1024x683.jpg","contentUrl":"https:\/\/hoyre.no\/content\/uploads\/sites\/67\/2024\/01\/GettyImages-1063392686-1024x683.jpg"},{"@type":"BreadcrumbList","@id":"https:\/\/hoyre.no\/nord-odal\/politikk\/#breadcrumb","itemListElement":[{"@type":"ListItem","position":1,"name":"Til hoyre.no","item":"https:\/\/hoyre.no"},{"@type":"ListItem","position":2,"name":"Hjem","item":"https:\/\/hoyre.no\/nord-odal\/"},{"@type":"ListItem","position":3,"name":"Politikk"}]},{"@type":"WebSite","@id":"https:\/\/hoyre.no\/nord-odal\/#website","url":"https:\/\/hoyre.no\/nord-odal\/","name":"Nord-Odal H\u00f8yre","description":"Bare enda et H\u00f8yres nettsteder-nettsted","inLanguage":"nb-NO"}]}},"distributor_meta":false,"distributor_terms":false,"distributor_media":false,"distributor_original_site_name":"Nord-Odal H\u00f8yre","distributor_original_site_url":"https:\/\/hoyre.no\/nord-odal","push-errors":false,"_links":{"self":[{"href":"https:\/\/hoyre.no\/nord-odal\/wp-json\/wp\/v2\/pages\/27","targetHints":{"allow":["GET"]}}],"collection":[{"href":"https:\/\/hoyre.no\/nord-odal\/wp-json\/wp\/v2\/pages"}],"about":[{"href":"https:\/\/hoyre.no\/nord-odal\/wp-json\/wp\/v2\/types\/page"}],"author":[{"embeddable":true,"href":"https:\/\/hoyre.no\/nord-odal\/wp-json\/wp\/v2\/users\/18396"}],"replies":[{"embeddable":true,"href":"https:\/\/hoyre.no\/nord-odal\/wp-json\/wp\/v2\/comments?post=27"}],"version-history":[{"count":8,"href":"https:\/\/hoyre.no\/nord-odal\/wp-json\/wp\/v2\/pages\/27\/revisions"}],"predecessor-version":[{"id":111,"href":"https:\/\/hoyre.no\/nord-odal\/wp-json\/wp\/v2\/pages\/27\/revisions\/111"}],"wp:attachment":[{"href":"https:\/\/hoyre.no\/nord-odal\/wp-json\/wp\/v2\/media?parent=27"}],"curies":[{"name":"wp","href":"https:\/\/api.w.org\/{rel}","templated":true}]}}