{"id":93,"date":"2024-01-27T22:38:18","date_gmt":"2024-01-27T21:38:18","guid":{"rendered":"https:\/\/hoyre.no\/nord-odal\/?page_id=93"},"modified":"2025-01-17T13:09:37","modified_gmt":"2025-01-17T12:09:37","slug":"10-grunner-til-a-stemme-hoyre-i-nord-odal","status":"publish","type":"page","link":"https:\/\/hoyre.no\/nord-odal\/10-grunner-til-a-stemme-hoyre-i-nord-odal\/","title":{"rendered":"10 grunner til \u00e5 stemme H\u00f8yre i Nord-Odal"},"content":{"rendered":"\n<div class=\"wp-block-hoyre-hero with-image-gradient text-color-light  has-media alignfull has-background\"><div class=\"hoyre-hero has-image\"><h1 class=\"title\">10 grunner til \u00e5 stemme H\u00f8yre i Nord-Odal<\/h1><figure class=\"hoyre-image-wrapper\"><div class=\"hoyre-image\"><img loading=\"lazy\" decoding=\"async\" width=\"1000\" height=\"1000\" src=\"https:\/\/hoyre.no\/content\/uploads\/sites\/67\/2022\/11\/Hoyres-logo.png\" class=\"attachment-scaled size-scaled\" alt=\"\" style=\"object-position: 50% 50%\" srcset=\"https:\/\/hoyre.no\/content\/uploads\/sites\/67\/2022\/11\/Hoyres-logo.png 1000w, https:\/\/hoyre.no\/content\/uploads\/sites\/67\/2022\/11\/Hoyres-logo-300x300.png 300w, https:\/\/hoyre.no\/content\/uploads\/sites\/67\/2022\/11\/Hoyres-logo-150x150.png 150w, https:\/\/hoyre.no\/content\/uploads\/sites\/67\/2022\/11\/Hoyres-logo-768x768.png 768w\" sizes=\"auto, (max-width: 1000px) 100vw, 1000px\" \/><\/div><\/figure><\/div><\/div>\n\n\n\n\n<ol class=\"wp-block-list\">\n<li>Ja til private barnehager.<\/li>\n\n\n\n<li>Jobbe for et stadig bedre busstilbud, ogs\u00e5 i helger.<\/li>\n\n\n\n<li>Videref\u00f8re tilbudet av sunn og god mat fra eget kj\u00f8kken ved sykehjem.<\/li>\n\n\n\n<li>Etablere flere private arbeidsplasser.<\/li>\n\n\n\n<li>Gi bonden st\u00f8rre mulighet til l\u00f8nnsom drift.<\/li>\n\n\n\n<li>Vi vil se p\u00e5 muligheter for utbygging av solceller.<\/li>\n\n\n\n<li>\u00d8remerke inntekter fra vindm\u00f8ller til \u00e5 nedbetale kommunale l\u00e5n.<\/li>\n\n\n\n<li>Inkludere velforeninger i kommunal planlegging og utvikling.<\/li>\n\n\n\n<li>Gjennomf\u00f8re aktivitetsplikten slik at flere kommer i arbeid.<\/li>\n\n\n\n<li>Bekjempe mobbing og sikre en god psykisk helse \u2013 det er v\u00e5rt felles ansvar.<\/li>\n<\/ol>\n\n","protected":false},"excerpt":{"rendered":"","protected":false},"author":18396,"featured_media":0,"parent":0,"menu_order":0,"comment_status":"closed","ping_status":"closed","template":"","meta":{"teft_cards_image_url":"","teft_cards_custom_pretitle":"","teft_cards_image_id":0,"teft_cards_image_focal_point_x":0,"teft_cards_image_focal_point_y":0,"teft_cards_title":"","teft_cards_excerpt":"","teft_show_chapters":false,"footnotes":""},"class_list":["post-93","page","type-page","status-publish","hentry"],"yoast_head":"<!-- This site is optimized with the Yoast SEO plugin v26.6 - https:\/\/yoast.com\/wordpress\/plugins\/seo\/ -->\n<title>10 grunner til \u00e5 stemme H\u00f8yre i Nord-Odal - Nord-Odal H\u00f8yre<\/title>\n<meta name=\"robots\" content=\"index, follow, max-snippet:-1, max-image-preview:large, max-video-preview:-1\" \/>\n<link rel=\"canonical\" href=\"https:\/\/hoyre.no\/nord-odal\/10-grunner-til-a-stemme-hoyre-i-nord-odal\/\" \/>\n<meta property=\"og:locale\" content=\"nb_NO\" \/>\n<meta property=\"og:type\" content=\"article\" \/>\n<meta property=\"og:title\" content=\"10 grunner til \u00e5 stemme H\u00f8yre i Nord-Odal - Nord-Odal H\u00f8yre\" \/>\n<meta property=\"og:url\" content=\"https:\/\/hoyre.no\/nord-odal\/10-grunner-til-a-stemme-hoyre-i-nord-odal\/\" \/>\n<meta property=\"og:site_name\" content=\"Nord-Odal H\u00f8yre\" \/>\n<meta property=\"article:modified_time\" content=\"2025-01-17T12:09:37+00:00\" \/>\n<meta property=\"og:image\" content=\"https:\/\/hoyre.no\/content\/uploads\/sites\/67\/2022\/11\/Hoyres-logo.png\" \/>\n\t<meta property=\"og:image:width\" content=\"1000\" \/>\n\t<meta property=\"og:image:height\" content=\"1000\" \/>\n\t<meta property=\"og:image:type\" content=\"image\/png\" \/>\n<meta name=\"twitter:card\" content=\"summary_large_image\" \/>\n<meta name=\"twitter:label1\" content=\"Ansl. lesetid\" \/>\n\t<meta name=\"twitter:data1\" content=\"1 minutt\" \/>\n<script type=\"application\/ld+json\" class=\"yoast-schema-graph\">{\"@context\":\"https:\/\/schema.org\",\"@graph\":[{\"@type\":\"WebPage\",\"@id\":\"https:\/\/hoyre.no\/nord-odal\/10-grunner-til-a-stemme-hoyre-i-nord-odal\/\",\"url\":\"https:\/\/hoyre.no\/nord-odal\/10-grunner-til-a-stemme-hoyre-i-nord-odal\/\",\"name\":\"10 grunner til \u00e5 stemme H\u00f8yre i Nord-Odal - Nord-Odal H\u00f8yre\",\"isPartOf\":{\"@id\":\"https:\/\/hoyre.no\/nord-odal\/#website\"},\"datePublished\":\"2024-01-27T21:38:18+00:00\",\"dateModified\":\"2025-01-17T12:09:37+00:00\",\"breadcrumb\":{\"@id\":\"https:\/\/hoyre.no\/nord-odal\/10-grunner-til-a-stemme-hoyre-i-nord-odal\/#breadcrumb\"},\"inLanguage\":\"nb-NO\",\"potentialAction\":[{\"@type\":\"ReadAction\",\"target\":[\"https:\/\/hoyre.no\/nord-odal\/10-grunner-til-a-stemme-hoyre-i-nord-odal\/\"]}]},{\"@type\":\"BreadcrumbList\",\"@id\":\"https:\/\/hoyre.no\/nord-odal\/10-grunner-til-a-stemme-hoyre-i-nord-odal\/#breadcrumb\",\"itemListElement\":[{\"@type\":\"ListItem\",\"position\":1,\"name\":\"Til hoyre.no\",\"item\":\"https:\/\/hoyre.no\"},{\"@type\":\"ListItem\",\"position\":2,\"name\":\"Hjem\",\"item\":\"https:\/\/hoyre.no\/nord-odal\/\"},{\"@type\":\"ListItem\",\"position\":3,\"name\":\"10 grunner til \u00e5 stemme H\u00f8yre i Nord-Odal\"}]},{\"@type\":\"WebSite\",\"@id\":\"https:\/\/hoyre.no\/nord-odal\/#website\",\"url\":\"https:\/\/hoyre.no\/nord-odal\/\",\"name\":\"Nord-Odal H\u00f8yre\",\"description\":\"Bare enda et H\u00f8yres nettsteder-nettsted\",\"inLanguage\":\"nb-NO\"}]}<\/script>\n<!-- \/ Yoast SEO plugin. -->","yoast_head_json":{"title":"10 grunner til \u00e5 stemme H\u00f8yre i Nord-Odal - Nord-Odal H\u00f8yre","robots":{"index":"index","follow":"follow","max-snippet":"max-snippet:-1","max-image-preview":"max-image-preview:large","max-video-preview":"max-video-preview:-1"},"canonical":"https:\/\/hoyre.no\/nord-odal\/10-grunner-til-a-stemme-hoyre-i-nord-odal\/","og_locale":"nb_NO","og_type":"article","og_title":"10 grunner til \u00e5 stemme H\u00f8yre i Nord-Odal - Nord-Odal H\u00f8yre","og_url":"https:\/\/hoyre.no\/nord-odal\/10-grunner-til-a-stemme-hoyre-i-nord-odal\/","og_site_name":"Nord-Odal H\u00f8yre","article_modified_time":"2025-01-17T12:09:37+00:00","og_image":[{"width":1000,"height":1000,"url":"https:\/\/hoyre.no\/content\/uploads\/sites\/67\/2022\/11\/Hoyres-logo.png","type":"image\/png"}],"twitter_card":"summary_large_image","twitter_misc":{"Ansl. lesetid":"1 minutt"},"schema":{"@context":"https:\/\/schema.org","@graph":[{"@type":"WebPage","@id":"https:\/\/hoyre.no\/nord-odal\/10-grunner-til-a-stemme-hoyre-i-nord-odal\/","url":"https:\/\/hoyre.no\/nord-odal\/10-grunner-til-a-stemme-hoyre-i-nord-odal\/","name":"10 grunner til \u00e5 stemme H\u00f8yre i Nord-Odal - Nord-Odal H\u00f8yre","isPartOf":{"@id":"https:\/\/hoyre.no\/nord-odal\/#website"},"datePublished":"2024-01-27T21:38:18+00:00","dateModified":"2025-01-17T12:09:37+00:00","breadcrumb":{"@id":"https:\/\/hoyre.no\/nord-odal\/10-grunner-til-a-stemme-hoyre-i-nord-odal\/#breadcrumb"},"inLanguage":"nb-NO","potentialAction":[{"@type":"ReadAction","target":["https:\/\/hoyre.no\/nord-odal\/10-grunner-til-a-stemme-hoyre-i-nord-odal\/"]}]},{"@type":"BreadcrumbList","@id":"https:\/\/hoyre.no\/nord-odal\/10-grunner-til-a-stemme-hoyre-i-nord-odal\/#breadcrumb","itemListElement":[{"@type":"ListItem","position":1,"name":"Til hoyre.no","item":"https:\/\/hoyre.no"},{"@type":"ListItem","position":2,"name":"Hjem","item":"https:\/\/hoyre.no\/nord-odal\/"},{"@type":"ListItem","position":3,"name":"10 grunner til \u00e5 stemme H\u00f8yre i Nord-Odal"}]},{"@type":"WebSite","@id":"https:\/\/hoyre.no\/nord-odal\/#website","url":"https:\/\/hoyre.no\/nord-odal\/","name":"Nord-Odal H\u00f8yre","description":"Bare enda et H\u00f8yres nettsteder-nettsted","inLanguage":"nb-NO"}]}},"distributor_meta":false,"distributor_terms":false,"distributor_media":false,"distributor_original_site_name":"Nord-Odal H\u00f8yre","distributor_original_site_url":"https:\/\/hoyre.no\/nord-odal","push-errors":false,"_links":{"self":[{"href":"https:\/\/hoyre.no\/nord-odal\/wp-json\/wp\/v2\/pages\/93","targetHints":{"allow":["GET"]}}],"collection":[{"href":"https:\/\/hoyre.no\/nord-odal\/wp-json\/wp\/v2\/pages"}],"about":[{"href":"https:\/\/hoyre.no\/nord-odal\/wp-json\/wp\/v2\/types\/page"}],"author":[{"embeddable":true,"href":"https:\/\/hoyre.no\/nord-odal\/wp-json\/wp\/v2\/users\/18396"}],"replies":[{"embeddable":true,"href":"https:\/\/hoyre.no\/nord-odal\/wp-json\/wp\/v2\/comments?post=93"}],"version-history":[{"count":3,"href":"https:\/\/hoyre.no\/nord-odal\/wp-json\/wp\/v2\/pages\/93\/revisions"}],"predecessor-version":[{"id":110,"href":"https:\/\/hoyre.no\/nord-odal\/wp-json\/wp\/v2\/pages\/93\/revisions\/110"}],"wp:attachment":[{"href":"https:\/\/hoyre.no\/nord-odal\/wp-json\/wp\/v2\/media?parent=93"}],"curies":[{"name":"wp","href":"https:\/\/api.w.org\/{rel}","templated":true}]}}