{"id":1699,"date":"2024-10-22T17:16:13","date_gmt":"2024-10-22T15:16:13","guid":{"rendered":"https:\/\/hoyre.no\/nordland\/?page_id=1699"},"modified":"2026-05-05T17:57:39","modified_gmt":"2026-05-05T15:57:39","slug":"nordland-hoyres-fylkesarsmote-og-nominasjonsmote-2025","status":"publish","type":"page","link":"https:\/\/hoyre.no\/nordland\/nordland-hoyres-fylkesarsmote-og-nominasjonsmote-2025\/","title":{"rendered":"Nordland H\u00f8yres fylkes\u00e5rsm\u00f8te og nominasjonsm\u00f8te 2024"},"content":{"rendered":"","protected":true},"excerpt":{"rendered":"","protected":true},"author":3547,"featured_media":0,"parent":0,"menu_order":0,"comment_status":"closed","ping_status":"closed","template":"","meta":{"teft_cards_image_url":"","teft_cards_custom_pretitle":"","teft_cards_image_id":1732,"teft_cards_image_focal_point_x":0.06,"teft_cards_image_focal_point_y":0.05,"teft_cards_title":"","teft_cards_excerpt":"","teft_show_chapters":false,"footnotes":""},"class_list":["post-1699","page","type-page","status-publish","post-password-required","hentry"],"yoast_head":"<!-- This site is optimized with the Yoast SEO plugin v26.6 - https:\/\/yoast.com\/wordpress\/plugins\/seo\/ -->\n<title>Nordland H\u00f8yres fylkes\u00e5rsm\u00f8te og nominasjonsm\u00f8te 2024 - Nordland H\u00f8yre<\/title>\n<meta name=\"robots\" content=\"index, follow, max-snippet:-1, max-image-preview:large, max-video-preview:-1\" \/>\n<link rel=\"canonical\" href=\"https:\/\/hoyre.no\/nordland\/nordland-hoyres-fylkesarsmote-og-nominasjonsmote-2025\/\" \/>\n<meta property=\"og:locale\" content=\"nb_NO\" \/>\n<meta property=\"og:type\" content=\"article\" \/>\n<meta property=\"og:title\" content=\"Nordland H\u00f8yres fylkes\u00e5rsm\u00f8te og nominasjonsm\u00f8te 2024 - Nordland H\u00f8yre\" \/>\n<meta property=\"og:description\" content=\"Det finnes ikke utdrag siden innlegget er beskyttet.\" \/>\n<meta property=\"og:url\" content=\"https:\/\/hoyre.no\/nordland\/nordland-hoyres-fylkesarsmote-og-nominasjonsmote-2025\/\" \/>\n<meta property=\"og:site_name\" content=\"Nordland H\u00f8yre\" \/>\n<meta property=\"article:modified_time\" content=\"2026-05-05T15:57:39+00:00\" \/>\n<meta property=\"og:image\" content=\"https:\/\/hoyre.no\/content\/uploads\/sites\/9\/2024\/10\/527WQKNUM3P3QSSXELI2TAQA6E.jpg\" \/>\n<meta name=\"twitter:card\" content=\"summary_large_image\" \/>\n<meta name=\"twitter:label1\" content=\"Ansl. lesetid\" \/>\n\t<meta name=\"twitter:data1\" content=\"4 minutter\" \/>\n<script type=\"application\/ld+json\" class=\"yoast-schema-graph\">{\"@context\":\"https:\/\/schema.org\",\"@graph\":[{\"@type\":\"WebPage\",\"@id\":\"https:\/\/hoyre.no\/nordland\/nordland-hoyres-fylkesarsmote-og-nominasjonsmote-2025\/\",\"url\":\"https:\/\/hoyre.no\/nordland\/nordland-hoyres-fylkesarsmote-og-nominasjonsmote-2025\/\",\"name\":\"Nordland H\u00f8yres fylkes\u00e5rsm\u00f8te og nominasjonsm\u00f8te 2024 - Nordland H\u00f8yre\",\"isPartOf\":{\"@id\":\"https:\/\/hoyre.no\/nordland\/#website\"},\"datePublished\":\"2024-10-22T15:16:13+00:00\",\"dateModified\":\"2026-05-05T15:57:39+00:00\",\"breadcrumb\":{\"@id\":\"https:\/\/hoyre.no\/nordland\/nordland-hoyres-fylkesarsmote-og-nominasjonsmote-2025\/#breadcrumb\"},\"inLanguage\":\"nb-NO\"},{\"@type\":\"WebSite\",\"@id\":\"https:\/\/hoyre.no\/nordland\/#website\",\"url\":\"https:\/\/hoyre.no\/nordland\/\",\"name\":\"Nordland H\u00f8yre\",\"description\":\"Bare enda et H\u00f8yres nettsteder-nettsted\",\"inLanguage\":\"nb-NO\"}]}<\/script>\n<!-- \/ Yoast SEO plugin. -->","yoast_head_json":{"title":"Nordland H\u00f8yres fylkes\u00e5rsm\u00f8te og nominasjonsm\u00f8te 2024 - Nordland H\u00f8yre","robots":{"index":"index","follow":"follow","max-snippet":"max-snippet:-1","max-image-preview":"max-image-preview:large","max-video-preview":"max-video-preview:-1"},"canonical":"https:\/\/hoyre.no\/nordland\/nordland-hoyres-fylkesarsmote-og-nominasjonsmote-2025\/","og_locale":"nb_NO","og_type":"article","og_title":"Nordland H\u00f8yres fylkes\u00e5rsm\u00f8te og nominasjonsm\u00f8te 2024 - Nordland H\u00f8yre","og_description":"Det finnes ikke utdrag siden innlegget er beskyttet.","og_url":"https:\/\/hoyre.no\/nordland\/nordland-hoyres-fylkesarsmote-og-nominasjonsmote-2025\/","og_site_name":"Nordland H\u00f8yre","article_modified_time":"2026-05-05T15:57:39+00:00","og_image":[{"url":"https:\/\/hoyre.no\/content\/uploads\/sites\/9\/2024\/10\/527WQKNUM3P3QSSXELI2TAQA6E.jpg","width":"","height":"","type":""}],"twitter_card":"summary_large_image","twitter_misc":{"Ansl. lesetid":"4 minutter"},"schema":{"@context":"https:\/\/schema.org","@graph":[{"@type":"WebPage","@id":"https:\/\/hoyre.no\/nordland\/nordland-hoyres-fylkesarsmote-og-nominasjonsmote-2025\/","url":"https:\/\/hoyre.no\/nordland\/nordland-hoyres-fylkesarsmote-og-nominasjonsmote-2025\/","name":"Nordland H\u00f8yres fylkes\u00e5rsm\u00f8te og nominasjonsm\u00f8te 2024 - Nordland H\u00f8yre","isPartOf":{"@id":"https:\/\/hoyre.no\/nordland\/#website"},"datePublished":"2024-10-22T15:16:13+00:00","dateModified":"2026-05-05T15:57:39+00:00","breadcrumb":{"@id":"https:\/\/hoyre.no\/nordland\/nordland-hoyres-fylkesarsmote-og-nominasjonsmote-2025\/#breadcrumb"},"inLanguage":"nb-NO"},{"@type":"WebSite","@id":"https:\/\/hoyre.no\/nordland\/#website","url":"https:\/\/hoyre.no\/nordland\/","name":"Nordland H\u00f8yre","description":"Bare enda et H\u00f8yres nettsteder-nettsted","inLanguage":"nb-NO"}]}},"distributor_meta":false,"distributor_terms":false,"distributor_media":false,"distributor_original_site_name":"Nordland H\u00f8yre","distributor_original_site_url":"https:\/\/hoyre.no\/nordland","push-errors":false,"_links":{"self":[{"href":"https:\/\/hoyre.no\/nordland\/wp-json\/wp\/v2\/pages\/1699","targetHints":{"allow":["GET"]}}],"collection":[{"href":"https:\/\/hoyre.no\/nordland\/wp-json\/wp\/v2\/pages"}],"about":[{"href":"https:\/\/hoyre.no\/nordland\/wp-json\/wp\/v2\/types\/page"}],"author":[{"embeddable":true,"href":"https:\/\/hoyre.no\/nordland\/wp-json\/wp\/v2\/users\/3547"}],"replies":[{"embeddable":true,"href":"https:\/\/hoyre.no\/nordland\/wp-json\/wp\/v2\/comments?post=1699"}],"version-history":[{"count":62,"href":"https:\/\/hoyre.no\/nordland\/wp-json\/wp\/v2\/pages\/1699\/revisions"}],"predecessor-version":[{"id":2381,"href":"https:\/\/hoyre.no\/nordland\/wp-json\/wp\/v2\/pages\/1699\/revisions\/2381"}],"wp:attachment":[{"href":"https:\/\/hoyre.no\/nordland\/wp-json\/wp\/v2\/media?parent=1699"}],"curies":[{"name":"wp","href":"https:\/\/api.w.org\/{rel}","templated":true}]}}