{"id":2156,"date":"2025-11-11T11:27:48","date_gmt":"2025-11-11T10:27:48","guid":{"rendered":"https:\/\/hoyre.no\/nordland\/?page_id=2156"},"modified":"2025-11-11T11:33:09","modified_gmt":"2025-11-11T10:33:09","slug":"hoyres-landsmote-2026","status":"publish","type":"page","link":"https:\/\/hoyre.no\/nordland\/hoyres-landsmote-2026\/","title":{"rendered":"H\u00f8yres landsm\u00f8te 2026"},"content":{"rendered":"\n<div class=\"wp-block-hoyre-hero with-image-gradient text-color-light  alignfull has-background\"><div class=\"hoyre-hero \"><h1 class=\"title\">Nordland H\u00f8yre &#8211; <br>landsm\u00f8te 2026<\/h1><p class=\"preamble\">Her finner du informasjon om Nordland H\u00f8yres deltakelse p\u00e5 H\u00f8yres landsm\u00f8te 2026, inkludert oversikt over delegasjonen og fortl\u00f8pende oppdateringer fram mot m\u00f8tet p\u00e5 Gardermoen 13.\u201315. februar 2026.<\/p><\/div><\/div>\n\n\n\n\n<p>Nordland H\u00f8yres delegasjon best\u00e5r av representanter valgt av fylkes\u00e5rsm\u00f8tet, samt selvskrevne delegater i kraft av sine verv. Sammen skal de representere fylkespartiet p\u00e5 H\u00f8yres landsm\u00f8te p\u00e5 Gardemoen 13.-15. februar 2026.<br><br>Landsm\u00f8tet er H\u00f8yres h\u00f8yeste organ, og samler delegater fra hele landet for \u00e5 behandle politiske saker, vedtekter og valg. Nordlands delegasjon reflekterer bredden i organisasjonen \u2013 fra lokalpolitikere og ordf\u00f8rere til representanter fra Unge H\u00f8yre, kvinneforum og n\u00e6ringsforum.<br><br><strong>Selvskrevne delegater fra Nordland H\u00f8yre:<\/strong><\/p>\n\n\n\n<ul class=\"wp-block-list\">\n<li>Lena Breivik, fylkesleder <\/li>\n\n\n\n<li>Eivind Holst, fylkesordf\u00f8rer<\/li>\n\n\n\n<li>B\u00e5rd Ludvig Thorheim, stortingsrepresentant <\/li>\n\n\n\n<li>Trine Sivertsen Hjortdahl, leder av Nordland H\u00f8yres kvinneforum<\/li>\n<\/ul>\n\n\n\n<p>I tillegg ble f\u00f8lgende <strong>valgte delegater og varadelegater<\/strong> valgt av fylkes\u00e5rsm\u00f8tet 1.november 2025:<br><br>1. Trine Remman, f\u00f8rste nestleder<br>2. Daniel Bjarmann-Simonsen, andre nestleder<br>3. Marianne Dobak Kvensj\u00f8, fylkesr\u00e5dsleder<br>4. Stig Tore Skogsholm, leder for fylkestingsgruppen<br>5. Lise Henriette R\u00e5nes, fylkesr\u00e5d for Eiendom<br>6. Odd Emil Ingebrigtsen, ordf\u00f8rer i Bod\u00f8<br>7. Sture Pedersen, ordf\u00f8rer i B\u00f8<br>8. Hanna Sverdrup, ordf\u00f8rer i Moskenes <br>9. Delegat valgt av Nordland Unge H\u00f8yre<br>10. Anita Sollie, varaordf\u00f8rer Rana<br><br><em>1.vara. Jim Simonsen Jenssen, leder Nordland n\u00e6ringsforum<br>2.vara. Joakim Sennesvik, fylkesr\u00e5d for utdanning<br>3.vara. Elisabeth S\u00f8rdahl, ordf\u00f8rer i \u00d8ksnes<br>4.vara. Vidar Thom Benjaminsen, ordf\u00f8rer i V\u00e5gan<br>5.vara. H\u00e5kon Lund, ordf\u00f8rer i Lur\u00f8y<br>6.vara. Siv Anita Brekke, fylkestingsrepresentant<br>7.vara. Jonny Finstad, ordf\u00f8rer i Vestv\u00e5g\u00f8y<br>8.vara. Grete Ellingsen, ordf\u00f8rer i Sortland<br>9.vara. Odd Langvatn, fylkestingsrepresentant<br>10.vara. Rune Moe, foreningsleder i Br\u00f8nn\u00f8y<\/em><br><br>Siden oppdateres fortl\u00f8pende med informasjon om H\u00f8yres landsm\u00f8tet  i 2026.<\/p>\n\n\n\n\n<p><\/p>\n","protected":false},"excerpt":{"rendered":"","protected":false},"author":486,"featured_media":0,"parent":0,"menu_order":0,"comment_status":"closed","ping_status":"closed","template":"","meta":{"teft_cards_image_url":"","teft_cards_custom_pretitle":"","teft_cards_image_id":0,"teft_cards_image_focal_point_x":0,"teft_cards_image_focal_point_y":0,"teft_cards_title":"","teft_cards_excerpt":"","teft_show_chapters":false,"footnotes":""},"class_list":["post-2156","page","type-page","status-publish","hentry"],"yoast_head":"<!-- This site is optimized with the Yoast SEO plugin v26.6 - https:\/\/yoast.com\/wordpress\/plugins\/seo\/ -->\n<title>H\u00f8yres landsm\u00f8te 2026 - Nordland H\u00f8yre<\/title>\n<meta name=\"robots\" content=\"index, follow, max-snippet:-1, max-image-preview:large, max-video-preview:-1\" \/>\n<link rel=\"canonical\" href=\"https:\/\/hoyre.no\/nordland\/hoyres-landsmote-2026\/\" \/>\n<meta property=\"og:locale\" content=\"nb_NO\" \/>\n<meta property=\"og:type\" content=\"article\" \/>\n<meta property=\"og:title\" content=\"H\u00f8yres landsm\u00f8te 2026 - Nordland H\u00f8yre\" \/>\n<meta property=\"og:url\" content=\"https:\/\/hoyre.no\/nordland\/hoyres-landsmote-2026\/\" \/>\n<meta property=\"og:site_name\" content=\"Nordland H\u00f8yre\" \/>\n<meta property=\"article:modified_time\" content=\"2025-11-11T10:33:09+00:00\" \/>\n<meta property=\"og:image\" content=\"https:\/\/hoyre.no\/content\/uploads\/sites\/9\/2022\/11\/Hoyres-logo.png\" \/>\n\t<meta property=\"og:image:width\" content=\"1000\" \/>\n\t<meta property=\"og:image:height\" content=\"1000\" \/>\n\t<meta property=\"og:image:type\" content=\"image\/png\" \/>\n<meta name=\"twitter:card\" content=\"summary_large_image\" \/>\n<meta name=\"twitter:label1\" content=\"Ansl. lesetid\" \/>\n\t<meta name=\"twitter:data1\" content=\"2 minutter\" \/>\n<script type=\"application\/ld+json\" class=\"yoast-schema-graph\">{\"@context\":\"https:\/\/schema.org\",\"@graph\":[{\"@type\":\"WebPage\",\"@id\":\"https:\/\/hoyre.no\/nordland\/hoyres-landsmote-2026\/\",\"url\":\"https:\/\/hoyre.no\/nordland\/hoyres-landsmote-2026\/\",\"name\":\"H\u00f8yres landsm\u00f8te 2026 - Nordland H\u00f8yre\",\"isPartOf\":{\"@id\":\"https:\/\/hoyre.no\/nordland\/#website\"},\"datePublished\":\"2025-11-11T10:27:48+00:00\",\"dateModified\":\"2025-11-11T10:33:09+00:00\",\"breadcrumb\":{\"@id\":\"https:\/\/hoyre.no\/nordland\/hoyres-landsmote-2026\/#breadcrumb\"},\"inLanguage\":\"nb-NO\",\"potentialAction\":[{\"@type\":\"ReadAction\",\"target\":[\"https:\/\/hoyre.no\/nordland\/hoyres-landsmote-2026\/\"]}]},{\"@type\":\"BreadcrumbList\",\"@id\":\"https:\/\/hoyre.no\/nordland\/hoyres-landsmote-2026\/#breadcrumb\",\"itemListElement\":[{\"@type\":\"ListItem\",\"position\":1,\"name\":\"Til hoyre.no\",\"item\":\"https:\/\/hoyre.no\"},{\"@type\":\"ListItem\",\"position\":2,\"name\":\"Hjem\",\"item\":\"https:\/\/hoyre.no\/nordland\/\"},{\"@type\":\"ListItem\",\"position\":3,\"name\":\"H\u00f8yres landsm\u00f8te 2026\"}]},{\"@type\":\"WebSite\",\"@id\":\"https:\/\/hoyre.no\/nordland\/#website\",\"url\":\"https:\/\/hoyre.no\/nordland\/\",\"name\":\"Nordland H\u00f8yre\",\"description\":\"Bare enda et H\u00f8yres nettsteder-nettsted\",\"inLanguage\":\"nb-NO\"}]}<\/script>\n<!-- \/ Yoast SEO plugin. -->","yoast_head_json":{"title":"H\u00f8yres landsm\u00f8te 2026 - Nordland H\u00f8yre","robots":{"index":"index","follow":"follow","max-snippet":"max-snippet:-1","max-image-preview":"max-image-preview:large","max-video-preview":"max-video-preview:-1"},"canonical":"https:\/\/hoyre.no\/nordland\/hoyres-landsmote-2026\/","og_locale":"nb_NO","og_type":"article","og_title":"H\u00f8yres landsm\u00f8te 2026 - Nordland H\u00f8yre","og_url":"https:\/\/hoyre.no\/nordland\/hoyres-landsmote-2026\/","og_site_name":"Nordland H\u00f8yre","article_modified_time":"2025-11-11T10:33:09+00:00","og_image":[{"width":1000,"height":1000,"url":"https:\/\/hoyre.no\/content\/uploads\/sites\/9\/2022\/11\/Hoyres-logo.png","type":"image\/png"}],"twitter_card":"summary_large_image","twitter_misc":{"Ansl. lesetid":"2 minutter"},"schema":{"@context":"https:\/\/schema.org","@graph":[{"@type":"WebPage","@id":"https:\/\/hoyre.no\/nordland\/hoyres-landsmote-2026\/","url":"https:\/\/hoyre.no\/nordland\/hoyres-landsmote-2026\/","name":"H\u00f8yres landsm\u00f8te 2026 - Nordland H\u00f8yre","isPartOf":{"@id":"https:\/\/hoyre.no\/nordland\/#website"},"datePublished":"2025-11-11T10:27:48+00:00","dateModified":"2025-11-11T10:33:09+00:00","breadcrumb":{"@id":"https:\/\/hoyre.no\/nordland\/hoyres-landsmote-2026\/#breadcrumb"},"inLanguage":"nb-NO","potentialAction":[{"@type":"ReadAction","target":["https:\/\/hoyre.no\/nordland\/hoyres-landsmote-2026\/"]}]},{"@type":"BreadcrumbList","@id":"https:\/\/hoyre.no\/nordland\/hoyres-landsmote-2026\/#breadcrumb","itemListElement":[{"@type":"ListItem","position":1,"name":"Til hoyre.no","item":"https:\/\/hoyre.no"},{"@type":"ListItem","position":2,"name":"Hjem","item":"https:\/\/hoyre.no\/nordland\/"},{"@type":"ListItem","position":3,"name":"H\u00f8yres landsm\u00f8te 2026"}]},{"@type":"WebSite","@id":"https:\/\/hoyre.no\/nordland\/#website","url":"https:\/\/hoyre.no\/nordland\/","name":"Nordland H\u00f8yre","description":"Bare enda et H\u00f8yres nettsteder-nettsted","inLanguage":"nb-NO"}]}},"distributor_meta":false,"distributor_terms":false,"distributor_media":false,"distributor_original_site_name":"Nordland H\u00f8yre","distributor_original_site_url":"https:\/\/hoyre.no\/nordland","push-errors":false,"_links":{"self":[{"href":"https:\/\/hoyre.no\/nordland\/wp-json\/wp\/v2\/pages\/2156","targetHints":{"allow":["GET"]}}],"collection":[{"href":"https:\/\/hoyre.no\/nordland\/wp-json\/wp\/v2\/pages"}],"about":[{"href":"https:\/\/hoyre.no\/nordland\/wp-json\/wp\/v2\/types\/page"}],"author":[{"embeddable":true,"href":"https:\/\/hoyre.no\/nordland\/wp-json\/wp\/v2\/users\/486"}],"replies":[{"embeddable":true,"href":"https:\/\/hoyre.no\/nordland\/wp-json\/wp\/v2\/comments?post=2156"}],"version-history":[{"count":12,"href":"https:\/\/hoyre.no\/nordland\/wp-json\/wp\/v2\/pages\/2156\/revisions"}],"predecessor-version":[{"id":2173,"href":"https:\/\/hoyre.no\/nordland\/wp-json\/wp\/v2\/pages\/2156\/revisions\/2173"}],"wp:attachment":[{"href":"https:\/\/hoyre.no\/nordland\/wp-json\/wp\/v2\/media?parent=2156"}],"curies":[{"name":"wp","href":"https:\/\/api.w.org\/{rel}","templated":true}]}}