{"id":1093,"date":"2022-11-07T08:56:18","date_gmt":"2022-11-07T07:56:18","guid":{"rendered":"https:\/\/hoyre.no\/nordre-follo\/?page_id=1093"},"modified":"2026-01-15T14:08:13","modified_gmt":"2026-01-15T13:08:13","slug":"ordforer-cecilie-dahl-jorgensen-pind","status":"publish","type":"page","link":"https:\/\/hoyre.no\/nordre-follo\/ordforer-cecilie-dahl-jorgensen-pind\/","title":{"rendered":"Ordf\u00f8rer Cecilie Dahl-J\u00f8rgensen Pind"},"content":{"rendered":"\n<div class=\"wp-block-hoyre-hero with-image-gradient text-color-light  has-media alignfull has-background\"><div class=\"hoyre-hero has-image\"><h1 class=\"title\">Cecilie Dahl-J\u00f8rgensen Pind<\/h1><p class=\"preamble\">Ordf\u00f8rer i Nordre Follo<\/p>\t\t\t<div class=\"post-meta wp-block teft-byline-wrapper\">\n\t\t\t\t<div class=\"top\">\n\t\t\t\t\t<div class=\"signature\">\n\t\t\t\t\t\t<div class=\"teft-byline\">\n\t\t\t\t\t\t\t\t\t\t\t\t\t\t<div>\n\t\t\t\t\t\t\t\t<h3>H\u00f8yres redaksjon<\/h3>\t\t\t\t\t\t\t\t\n\t\t\t\t\t\t\t\t\t\t\t\t\t\t\t\t\t<span class=\"date\">Sist oppdatert: 15. januar 2026<\/span>\n\t\t\t\t\t\t\t\t\t\t\t\t\t\t\t\t\t\t\t\t\t\t\t\t\t<span class=\"reading-time\" itemprop=\"timeRequired\" content=\"PT3M\"><em>Ca. 3 minutter lesetid<\/em><\/span>\n\t\t\t\t\t\t\t\t\t\t\t\t\t\t\t<\/div>\n\t\t\t\t\t\t<\/div>\n\t\t\t\t\t<\/div>\n\t\t\t\t\t\t<div class=\"sharing\">\n\t\t<a class=\"share-button share-link copy-link\" data-copy=\"https:\/\/hoyre.no\/nordre-follo\/ordforer-cecilie-dahl-jorgensen-pind\/\" target=\"_blank\"><span class=\"screen-reader-text\">Del link<\/span><\/a>\n\t\t<a class=\"share-button share-twitter\" href=\"http:\/\/twitter.com\/share?text=Ordf\u00f8rer Cecilie Dahl-J\u00f8rgensen Pind&#038;url=https:\/\/hoyre.no\/nordre-follo\/ordforer-cecilie-dahl-jorgensen-pind\/&#038;hashtags=Hoyre\" target=\"_blank\"><span class=\"screen-reader-text\">Del p\u00e5 twitter<\/span><\/a>\n\t\t<a class=\"share-button share-facebook\" href=\"https:\/\/www.facebook.com\/sharer\/sharer.php?u=https:\/\/hoyre.no\/nordre-follo\/ordforer-cecilie-dahl-jorgensen-pind\/\" target=\"_blank\"><span class=\"screen-reader-text\">Del p\u00e5 facebook<\/span><\/a>\n\t<\/div>\n\t\t\t\t\t<\/div>\n\t\t\t<\/div>\n\n\t\t\t<figure class=\"hoyre-image-wrapper\"><div class=\"hoyre-image\"><img loading=\"lazy\" decoding=\"async\" width=\"2000\" height=\"1333\" src=\"https:\/\/hoyre.no\/content\/uploads\/sites\/169\/2023\/09\/Cecilie_Kolbotn-stasjon.jpg\" class=\"attachment-scaled size-scaled\" alt=\"Cecilie med en fargerik tagging i bakgrunnen\" style=\"object-position: 49% 30%\" srcset=\"https:\/\/hoyre.no\/content\/uploads\/sites\/169\/2023\/09\/Cecilie_Kolbotn-stasjon.jpg 2000w, https:\/\/hoyre.no\/content\/uploads\/sites\/169\/2023\/09\/Cecilie_Kolbotn-stasjon-300x200.jpg 300w, https:\/\/hoyre.no\/content\/uploads\/sites\/169\/2023\/09\/Cecilie_Kolbotn-stasjon-1024x682.jpg 1024w, https:\/\/hoyre.no\/content\/uploads\/sites\/169\/2023\/09\/Cecilie_Kolbotn-stasjon-768x512.jpg 768w, https:\/\/hoyre.no\/content\/uploads\/sites\/169\/2023\/09\/Cecilie_Kolbotn-stasjon-1536x1024.jpg 1536w\" sizes=\"auto, (max-width: 2000px) 100vw, 2000px\" \/><\/div><\/figure><\/div><\/div>\n\n\n\n\n<div class=\"wp-block-buttons alignwide is-content-justification-center is-layout-flex wp-container-core-buttons-is-layout-16018d1d wp-block-buttons-is-layout-flex\">\n<div class=\"wp-block-button\"><a class=\"wp-block-button__link wp-element-button\" href=\"https:\/\/hoyre.no\/nyhetsbrev\/\">ABONNER P\u00c5 H\u00d8YRES NYHETSBREV<\/a><\/div>\n\n\n\n<div class=\"wp-block-button\"><a class=\"wp-block-button__link wp-element-button\" href=\"https:\/\/hoyre.no\/personprofiler\/cecilie-dahl-jorgensen-pind\/\">KOM I KONTAKT MED CECILIE<\/a><\/div>\n\n\n\n<div class=\"wp-block-button\"><a class=\"wp-block-button__link wp-element-button\" href=\"https:\/\/www.facebook.com\/nordre.follo.hoyre\">NORDRE FOLLO H\u00d8YRE P\u00c5 FACEBOOK<\/a><\/div>\n\n\n\n<div class=\"wp-block-button\"><a class=\"wp-block-button__link wp-element-button\" href=\"https:\/\/www.facebook.com\/ordforerkandidatCecilieDahlJorgensenPind\">Cecilie p\u00e5 facebook<\/a><\/div>\n<\/div>\n\n\n\n<div class=\"wp-block-hoyre-banner undefined has-icon-title icon-heart is-style-dark\"><div class=\"banner-inner\"><div class=\"banner-content\"><div class=\"entry-content\">\n<h2 class=\"wp-block-heading has-text-align-center\">Bli bedre kjent med Cecilie!<\/h2>\n\n\n\n<p class=\"has-text-align-left\"><strong>Alder:<\/strong> 50 \u00e5r<\/p>\n\n\n\n<p class=\"has-text-align-left\"><strong>Bosted:<\/strong> Hebekk<\/p>\n\n\n\n<p class=\"has-text-align-left\"><strong>Jobb:<\/strong> Ordf\u00f8rer i Nordre Follo, tidligere advokat<\/p>\n\n\n\n<p class=\"has-text-align-left\"><strong>Bakgrunn:<\/strong> Oppvokst i Ski. Har utdanning som jurist.<\/p>\n\n\n\n<p class=\"has-text-align-left\"><\/p>\n\n\n\n<div class=\"wp-block-buttons is-layout-flex wp-block-buttons-is-layout-flex\"><\/div>\n<\/div><\/div><\/div><\/div>\n\n\n\n<h2 class=\"wp-block-heading\">Litt om Cecilie<\/h2>\n\n\n\n<p>Cecilie Dahl-J\u00f8rgensen Pind ble valgt som ordf\u00f8rer av kommunestyret i Nordre Follo 10. oktober 2023. Hun var H\u00f8yres ordf\u00f8rerkandidat ved valget, og ledet partiet til et valgresultat p\u00e5 37,7% oppslutning. I dag leder hun en koalisjon i kommunestyret best\u00e5ende av H\u00f8yre, Fremskrittspartiet, Pensjonistpartiet og Senterpartiet.<\/p>\n\n\n\n<p>Cecilie ble f\u00f8rst valgt inn i gamle Ski kommunestyre i 2015, og satt da i plan- og byggesaksutvalget. Da Nordre Follo kommune ble til, satt hun som medlem av utvalget for areal, plan og byggesak inntil hun i februar 2021 ble valgt som H\u00f8yres gruppeleder og medlem av formannskapet etter at Anne-Kirstine Linnestad ble valgt inn p\u00e5 Stortinget. I juni 2022 ble hun ogs\u00e5 valgt som v\u00e5r ordf\u00f8rerkandidat.<\/p>\n\n\n\n<p>Utenfor politikken er Cecile utdannet jurist, og har i en \u00e5rrekke jobbet som advokat innenfor familierett. Hun er oppvokst i Ski, og bor i dag p\u00e5 Hebekk sammen med sine tre barn.<\/p>\n\n\n\n<figure class=\"wp-block-teft-gallery columns-3 count-3 rows-2 is-cropped\"><ul class=\"teft-gallery-grid\"><li class=\"teft-gallery-item \"><figure><a href=\"https:\/\/hoyre.no\/content\/uploads\/sites\/169\/2023\/10\/phonto-kopi.png\" data-size=\"3024x4032\"><img loading=\"lazy\" decoding=\"async\" width=\"768\" height=\"1024\" src=\"https:\/\/hoyre.no\/content\/uploads\/sites\/169\/2023\/10\/phonto-kopi-768x1024.png\" class=\"attachment-large size-large\" alt=\"\" srcset=\"https:\/\/hoyre.no\/content\/uploads\/sites\/169\/2023\/10\/phonto-kopi-768x1024.png 768w, https:\/\/hoyre.no\/content\/uploads\/sites\/169\/2023\/10\/phonto-kopi-225x300.png 225w, https:\/\/hoyre.no\/content\/uploads\/sites\/169\/2023\/10\/phonto-kopi-1152x1536.png 1152w, https:\/\/hoyre.no\/content\/uploads\/sites\/169\/2023\/10\/phonto-kopi-1536x2048.png 1536w\" sizes=\"auto, (max-width: 768px) 100vw, 768px\" \/ data-full-url=\"https:\/\/hoyre.no\/content\/uploads\/sites\/169\/2023\/10\/phonto-kopi.png\" data-id=\"2133\" data-caption=\"2133\"\/><\/a><\/figure><\/li><li class=\"teft-gallery-item \"><figure><a href=\"https:\/\/hoyre.no\/content\/uploads\/sites\/169\/2024\/06\/Cecilie_sommer-2024_1.jpg\" data-size=\"1536x2048\"><img loading=\"lazy\" decoding=\"async\" width=\"768\" height=\"1024\" src=\"https:\/\/hoyre.no\/content\/uploads\/sites\/169\/2024\/06\/Cecilie_sommer-2024_1-768x1024.jpg\" class=\"attachment-large size-large\" alt=\"Cecilie sitter i lysebl\u00e5 sommerkjole p\u00e5 en benk foran Nordre Follo R\u00e5dhus\" srcset=\"https:\/\/hoyre.no\/content\/uploads\/sites\/169\/2024\/06\/Cecilie_sommer-2024_1-768x1024.jpg 768w, https:\/\/hoyre.no\/content\/uploads\/sites\/169\/2024\/06\/Cecilie_sommer-2024_1-225x300.jpg 225w, https:\/\/hoyre.no\/content\/uploads\/sites\/169\/2024\/06\/Cecilie_sommer-2024_1-1152x1536.jpg 1152w, https:\/\/hoyre.no\/content\/uploads\/sites\/169\/2024\/06\/Cecilie_sommer-2024_1.jpg 1536w\" sizes=\"auto, (max-width: 768px) 100vw, 768px\" \/ data-full-url=\"https:\/\/hoyre.no\/content\/uploads\/sites\/169\/2024\/06\/Cecilie_sommer-2024_1.jpg\" data-id=\"2342\" data-caption=\"2342\"\/><\/a><\/figure><\/li><li class=\"teft-gallery-item \"><figure><a href=\"https:\/\/hoyre.no\/content\/uploads\/sites\/169\/2024\/04\/cecilie3_foto-Vivi-Rian-OB.jpg\" data-size=\"1076x807\"><img loading=\"lazy\" decoding=\"async\" width=\"1024\" height=\"768\" src=\"https:\/\/hoyre.no\/content\/uploads\/sites\/169\/2024\/04\/cecilie3_foto-Vivi-Rian-OB-1024x768.jpg\" class=\"attachment-large size-large\" alt=\"Ordf\u00f8rer Cecilie Pind p\u00e5 ordf\u00f8rerkontoret\" srcset=\"https:\/\/hoyre.no\/content\/uploads\/sites\/169\/2024\/04\/cecilie3_foto-Vivi-Rian-OB-1024x768.jpg 1024w, https:\/\/hoyre.no\/content\/uploads\/sites\/169\/2024\/04\/cecilie3_foto-Vivi-Rian-OB-300x225.jpg 300w, https:\/\/hoyre.no\/content\/uploads\/sites\/169\/2024\/04\/cecilie3_foto-Vivi-Rian-OB-768x576.jpg 768w, https:\/\/hoyre.no\/content\/uploads\/sites\/169\/2024\/04\/cecilie3_foto-Vivi-Rian-OB.jpg 1076w\" sizes=\"auto, (max-width: 1024px) 100vw, 1024px\" \/ data-full-url=\"https:\/\/hoyre.no\/content\/uploads\/sites\/169\/2024\/04\/cecilie3_foto-Vivi-Rian-OB.jpg\" data-id=\"2279\" data-caption=\"2279\"\/><\/a><\/figure><\/li><\/ul><\/figure>\n\n\n\n<h2 class=\"wp-block-heading has-text-align-left\">Cecilies hjertesaker<\/h2>\n\n\n\n<p><strong>Skole, eldreomsorg og en gr\u00f8nnere kommune<\/strong><\/p>\n\n\n\n<p>\ud83d\udc99 Jeg vil prioritere skole, milj\u00f8 og omsorgstjenester. Alle barn passer ikke inn i A4-boksen, og vi m\u00e5 tilrettelegge for en skole som er tilpasset den enkelte elev. Det m\u00e5 b\u00e5de gj\u00f8res tiltak i den offentlige skolen, men ogs\u00e5 \u00e5pnes for private alternativer som kan ivareta de barna som ikke passer inn i \u00abboksen\u00bb.<\/p>\n\n\n\n<p>\ud83d\udc99 En annen viktig sak for meg er eldreomsorg. I v\u00e5r kommune legges det ned sykehjemsplasser, selv om landet har en stadig aldrende befolkning. Vi blir flere eldre, som p\u00e5 sikt vil ha behov for pleie, da kan vi ikke legge ned sykehjemsplassene.<\/p>\n\n\n\n<p>\ud83d\udc99 Jeg vil ogs\u00e5 jobbe for at kommunen jobber enda gr\u00f8nnere og at vi i st\u00f8rre grad bruker innkj\u00f8psposisjonen v\u00e5r til \u00e5 gj\u00f8re gr\u00f8nnere valg. I tillegg m\u00e5 vi ha en mer helhetlig arealplanlegging, og det m\u00e5 bli lettere for n\u00e6ringsliv og innbyggere \u00e5 ta gr\u00f8nne valg.<\/p>\n\n\n\n<section class=\"wp-block-hoyre-branch-contact-person alignwide\">\n\t<div class=\"block-inner\">\n\t\t\n<div class=\"politician-info-wrapper\">\n\t<div class=\"politician-image-wrapper\">\n\t\t<div class=\"politician-image\">\n\t\t\t\t\t\t\t\t\t\t\t<a href=\"https:\/\/res.cloudinary.com\/hoyre\/image\/upload\/g_face:center,d_defaultprofileimg3.jpg,fl_lossy,f_auto\/v200902\/51895019.jpg\">\n\t\t\t\t\t<img decoding=\"async\" src=\"https:\/\/res.cloudinary.com\/hoyre\/image\/upload\/c_thumb,g_face:center,h_500,w_500,d_defaultprofileimg3.jpg,fl_lossy,f_auto\/w_500\/v20230420\/51895019.jpg\" alt=\"Profilbilde\" style=\"object-position: 50% 50%\" \/>\n\t\t\t\t<\/a>\n\t\t\t\t\t<\/div>\n\t\t\t<\/div>\n\t<div class=\"politician-details\">\n\t\t\t\t\t<h1 class=\"politician-name\"><a href=\"https:\/\/hoyre.no\/personprofiler\/cecilie-dahl-jorgensen-pind\/\">Cecilie Dahl-J\u00f8rgensen Pind<\/a><\/h1>\n\t\t\t\t\t\t\t\t<h2 class=\"politician-title\">Ordf\u00f8rer Nordre Follo<\/h2>\n\t\t\t\t\t<\/div>\n<\/div>\n\t<\/div>\n<\/section>\n\n\n\n<p><\/p>\n\n","protected":false},"excerpt":{"rendered":"","protected":false},"author":31684,"featured_media":0,"parent":0,"menu_order":0,"comment_status":"closed","ping_status":"closed","template":"","meta":{"teft_cards_image_url":"","teft_cards_custom_pretitle":"","teft_cards_image_id":1094,"teft_cards_image_focal_point_x":0.52,"teft_cards_image_focal_point_y":0.29,"teft_cards_title":"","teft_cards_excerpt":"","teft_show_chapters":false,"footnotes":""},"class_list":["post-1093","page","type-page","status-publish","hentry"],"yoast_head":"<!-- This site is optimized with the Yoast SEO plugin v26.6 - https:\/\/yoast.com\/wordpress\/plugins\/seo\/ -->\n<title>Ordf\u00f8rer Cecilie Dahl-J\u00f8rgensen Pind - Nordre Follo H\u00f8yre<\/title>\n<meta name=\"robots\" content=\"index, follow, max-snippet:-1, max-image-preview:large, max-video-preview:-1\" \/>\n<link rel=\"canonical\" href=\"https:\/\/hoyre.no\/nordre-follo\/ordforer-cecilie-dahl-jorgensen-pind\/\" \/>\n<meta property=\"og:locale\" content=\"nb_NO\" \/>\n<meta property=\"og:type\" content=\"article\" \/>\n<meta property=\"og:title\" content=\"Ordf\u00f8rer Cecilie Dahl-J\u00f8rgensen Pind - Nordre Follo H\u00f8yre\" \/>\n<meta property=\"og:url\" content=\"https:\/\/hoyre.no\/nordre-follo\/ordforer-cecilie-dahl-jorgensen-pind\/\" \/>\n<meta property=\"og:site_name\" content=\"Nordre Follo H\u00f8yre\" \/>\n<meta property=\"article:modified_time\" content=\"2026-01-15T13:08:13+00:00\" \/>\n<meta property=\"og:image\" content=\"https:\/\/hoyre.no\/content\/uploads\/sites\/169\/2022\/08\/nordre-follo-1024x702.jpeg\" \/>\n<meta name=\"twitter:card\" content=\"summary_large_image\" \/>\n<meta name=\"twitter:label1\" content=\"Ansl. lesetid\" \/>\n\t<meta name=\"twitter:data1\" content=\"2 minutter\" \/>\n<script type=\"application\/ld+json\" class=\"yoast-schema-graph\">{\"@context\":\"https:\/\/schema.org\",\"@graph\":[{\"@type\":\"WebPage\",\"@id\":\"https:\/\/hoyre.no\/nordre-follo\/ordforer-cecilie-dahl-jorgensen-pind\/\",\"url\":\"https:\/\/hoyre.no\/nordre-follo\/ordforer-cecilie-dahl-jorgensen-pind\/\",\"name\":\"Ordf\u00f8rer Cecilie Dahl-J\u00f8rgensen Pind - Nordre Follo H\u00f8yre\",\"isPartOf\":{\"@id\":\"https:\/\/hoyre.no\/nordre-follo\/#website\"},\"datePublished\":\"2022-11-07T07:56:18+00:00\",\"dateModified\":\"2026-01-15T13:08:13+00:00\",\"breadcrumb\":{\"@id\":\"https:\/\/hoyre.no\/nordre-follo\/ordforer-cecilie-dahl-jorgensen-pind\/#breadcrumb\"},\"inLanguage\":\"nb-NO\",\"potentialAction\":[{\"@type\":\"ReadAction\",\"target\":[\"https:\/\/hoyre.no\/nordre-follo\/ordforer-cecilie-dahl-jorgensen-pind\/\"]}]},{\"@type\":\"BreadcrumbList\",\"@id\":\"https:\/\/hoyre.no\/nordre-follo\/ordforer-cecilie-dahl-jorgensen-pind\/#breadcrumb\",\"itemListElement\":[{\"@type\":\"ListItem\",\"position\":1,\"name\":\"Til hoyre.no\",\"item\":\"https:\/\/hoyre.no\"},{\"@type\":\"ListItem\",\"position\":2,\"name\":\"Hjem\",\"item\":\"https:\/\/hoyre.no\/nordre-follo\/\"},{\"@type\":\"ListItem\",\"position\":3,\"name\":\"Ordf\u00f8rer Cecilie Dahl-J\u00f8rgensen Pind\"}]},{\"@type\":\"WebSite\",\"@id\":\"https:\/\/hoyre.no\/nordre-follo\/#website\",\"url\":\"https:\/\/hoyre.no\/nordre-follo\/\",\"name\":\"Nordre Follo H\u00f8yre\",\"description\":\"Bare enda et H\u00f8yres nettsteder-nettsted\",\"inLanguage\":\"nb-NO\"}]}<\/script>\n<!-- \/ Yoast SEO plugin. -->","yoast_head_json":{"title":"Ordf\u00f8rer Cecilie Dahl-J\u00f8rgensen Pind - Nordre Follo H\u00f8yre","robots":{"index":"index","follow":"follow","max-snippet":"max-snippet:-1","max-image-preview":"max-image-preview:large","max-video-preview":"max-video-preview:-1"},"canonical":"https:\/\/hoyre.no\/nordre-follo\/ordforer-cecilie-dahl-jorgensen-pind\/","og_locale":"nb_NO","og_type":"article","og_title":"Ordf\u00f8rer Cecilie Dahl-J\u00f8rgensen Pind - Nordre Follo H\u00f8yre","og_url":"https:\/\/hoyre.no\/nordre-follo\/ordforer-cecilie-dahl-jorgensen-pind\/","og_site_name":"Nordre Follo H\u00f8yre","article_modified_time":"2026-01-15T13:08:13+00:00","og_image":[{"url":"https:\/\/hoyre.no\/content\/uploads\/sites\/169\/2022\/08\/nordre-follo-1024x702.jpeg","width":"","height":"","type":""}],"twitter_card":"summary_large_image","twitter_misc":{"Ansl. lesetid":"2 minutter"},"schema":{"@context":"https:\/\/schema.org","@graph":[{"@type":"WebPage","@id":"https:\/\/hoyre.no\/nordre-follo\/ordforer-cecilie-dahl-jorgensen-pind\/","url":"https:\/\/hoyre.no\/nordre-follo\/ordforer-cecilie-dahl-jorgensen-pind\/","name":"Ordf\u00f8rer Cecilie Dahl-J\u00f8rgensen Pind - Nordre Follo H\u00f8yre","isPartOf":{"@id":"https:\/\/hoyre.no\/nordre-follo\/#website"},"datePublished":"2022-11-07T07:56:18+00:00","dateModified":"2026-01-15T13:08:13+00:00","breadcrumb":{"@id":"https:\/\/hoyre.no\/nordre-follo\/ordforer-cecilie-dahl-jorgensen-pind\/#breadcrumb"},"inLanguage":"nb-NO","potentialAction":[{"@type":"ReadAction","target":["https:\/\/hoyre.no\/nordre-follo\/ordforer-cecilie-dahl-jorgensen-pind\/"]}]},{"@type":"BreadcrumbList","@id":"https:\/\/hoyre.no\/nordre-follo\/ordforer-cecilie-dahl-jorgensen-pind\/#breadcrumb","itemListElement":[{"@type":"ListItem","position":1,"name":"Til hoyre.no","item":"https:\/\/hoyre.no"},{"@type":"ListItem","position":2,"name":"Hjem","item":"https:\/\/hoyre.no\/nordre-follo\/"},{"@type":"ListItem","position":3,"name":"Ordf\u00f8rer Cecilie Dahl-J\u00f8rgensen Pind"}]},{"@type":"WebSite","@id":"https:\/\/hoyre.no\/nordre-follo\/#website","url":"https:\/\/hoyre.no\/nordre-follo\/","name":"Nordre Follo H\u00f8yre","description":"Bare enda et H\u00f8yres nettsteder-nettsted","inLanguage":"nb-NO"}]}},"distributor_meta":false,"distributor_terms":false,"distributor_media":false,"distributor_original_site_name":"Nordre Follo H\u00f8yre","distributor_original_site_url":"https:\/\/hoyre.no\/nordre-follo","push-errors":false,"_links":{"self":[{"href":"https:\/\/hoyre.no\/nordre-follo\/wp-json\/wp\/v2\/pages\/1093","targetHints":{"allow":["GET"]}}],"collection":[{"href":"https:\/\/hoyre.no\/nordre-follo\/wp-json\/wp\/v2\/pages"}],"about":[{"href":"https:\/\/hoyre.no\/nordre-follo\/wp-json\/wp\/v2\/types\/page"}],"author":[{"embeddable":true,"href":"https:\/\/hoyre.no\/nordre-follo\/wp-json\/wp\/v2\/users\/31684"}],"replies":[{"embeddable":true,"href":"https:\/\/hoyre.no\/nordre-follo\/wp-json\/wp\/v2\/comments?post=1093"}],"version-history":[{"count":14,"href":"https:\/\/hoyre.no\/nordre-follo\/wp-json\/wp\/v2\/pages\/1093\/revisions"}],"predecessor-version":[{"id":2653,"href":"https:\/\/hoyre.no\/nordre-follo\/wp-json\/wp\/v2\/pages\/1093\/revisions\/2653"}],"wp:attachment":[{"href":"https:\/\/hoyre.no\/nordre-follo\/wp-json\/wp\/v2\/media?parent=1093"}],"curies":[{"name":"wp","href":"https:\/\/api.w.org\/{rel}","templated":true}]}}