{"id":2124,"date":"2023-10-10T14:31:00","date_gmt":"2023-10-10T12:31:00","guid":{"rendered":"https:\/\/hoyre.no\/nordre-follo\/?page_id=2124"},"modified":"2024-06-12T13:23:49","modified_gmt":"2024-06-12T11:23:49","slug":"vare-representanter","status":"publish","type":"page","link":"https:\/\/hoyre.no\/nordre-follo\/vare-representanter\/","title":{"rendered":"V\u00e5re representanter"},"content":{"rendered":"\n<div class=\"wp-block-hoyre-hero with-image-gradient text-color-light  alignfull has-background\"><div class=\"hoyre-hero \"><h1 class=\"title\">V\u00e5re representanter<\/h1><p class=\"preamble\">H\u00f8yre er representert i alle folkevalgte utvalg. \u00d8nsker du \u00e5 komme i kontakt med noen av oss? Da kan du finne din representant her!<\/p><\/div><\/div>\n\n\n\n\n<p><\/p>\n\n\n\n<h2 class=\"wp-block-heading\">Formannskapet<\/h2>\n\n\n\n<div class=\"wp-block-media-text is-stacked-on-mobile is-image-fill\"><figure class=\"wp-block-media-text__media\" style=\"background-image:url('https:\/\/hoyre.no\/content\/uploads\/sites\/169\/2023\/09\/Cecilie_NRK.jpg');background-position:50% 50%\"><img loading=\"lazy\" decoding=\"async\" width=\"1000\" height=\"1000\" src=\"https:\/\/hoyre.no\/content\/uploads\/sites\/169\/2023\/09\/Cecilie_NRK.jpg\" alt=\"\" class=\"wp-image-1993 size-full\" srcset=\"https:\/\/hoyre.no\/content\/uploads\/sites\/169\/2023\/09\/Cecilie_NRK.jpg 1000w, https:\/\/hoyre.no\/content\/uploads\/sites\/169\/2023\/09\/Cecilie_NRK-300x300.jpg 300w, https:\/\/hoyre.no\/content\/uploads\/sites\/169\/2023\/09\/Cecilie_NRK-150x150.jpg 150w, https:\/\/hoyre.no\/content\/uploads\/sites\/169\/2023\/09\/Cecilie_NRK-768x768.jpg 768w\" sizes=\"auto, (max-width: 1000px) 100vw, 1000px\" \/><\/figure><div class=\"wp-block-media-text__content\">\n<p class=\"is-style-large\"><strong>Cecilie Dahl-J\u00f8rgensen Pind<\/strong><\/p>\n\n\n\n<p><em>Ordf\u00f8rer<\/em><\/p>\n\n\n\n<p><strong>EPOST: <\/strong>cecilie.dahl-jorgensen.pind@politiker.nordrefollo.no<\/p>\n\n\n\n<p><strong>TELEFON: <\/strong>950 65 764<\/p>\n<\/div><\/div>\n\n\n\n\n<div class=\"wp-block-media-text is-stacked-on-mobile is-image-fill\"><figure class=\"wp-block-media-text__media\" style=\"background-image:url('https:\/\/hoyre.no\/content\/uploads\/sites\/169\/2023\/09\/Knut-Oppegaard-1024x576.jpg');background-position:50% 50%\"><img loading=\"lazy\" decoding=\"async\" width=\"1024\" height=\"576\" src=\"https:\/\/hoyre.no\/content\/uploads\/sites\/169\/2023\/09\/Knut-Oppegaard-1024x576.jpg\" alt=\"\" class=\"wp-image-1958 size-full\" srcset=\"https:\/\/hoyre.no\/content\/uploads\/sites\/169\/2023\/09\/Knut-Oppegaard-1024x576.jpg 1024w, https:\/\/hoyre.no\/content\/uploads\/sites\/169\/2023\/09\/Knut-Oppegaard-300x169.jpg 300w, https:\/\/hoyre.no\/content\/uploads\/sites\/169\/2023\/09\/Knut-Oppegaard-768x432.jpg 768w, https:\/\/hoyre.no\/content\/uploads\/sites\/169\/2023\/09\/Knut-Oppegaard.jpg 1280w\" sizes=\"auto, (max-width: 1024px) 100vw, 1024px\" \/><\/figure><div class=\"wp-block-media-text__content\">\n<p class=\"is-style-large\"><strong>Knut Oppegaard<\/strong><\/p>\n\n\n\n<p><em>Gruppeleder<\/em><\/p>\n\n\n\n<p><strong>EPOST: <\/strong>knut.oppegaard@politiker.nordrefollo.no<\/p>\n\n\n\n<p><strong>TELEFON:<\/strong> 900 20 370<\/p>\n<\/div><\/div>\n\n\n\n<div class=\"wp-block-media-text is-stacked-on-mobile is-image-fill\"><figure class=\"wp-block-media-text__media\" style=\"background-image:url('https:\/\/hoyre.no\/content\/uploads\/sites\/169\/2023\/10\/Skjermbilde-2023-10-10-kl.-14.13.36-1024x661.png');background-position:50% 50%\"><img loading=\"lazy\" decoding=\"async\" width=\"1024\" height=\"661\" src=\"https:\/\/hoyre.no\/content\/uploads\/sites\/169\/2023\/10\/Skjermbilde-2023-10-10-kl.-14.13.36-1024x661.png\" alt=\"\" class=\"wp-image-2125 size-full\" srcset=\"https:\/\/hoyre.no\/content\/uploads\/sites\/169\/2023\/10\/Skjermbilde-2023-10-10-kl.-14.13.36-1024x661.png 1024w, https:\/\/hoyre.no\/content\/uploads\/sites\/169\/2023\/10\/Skjermbilde-2023-10-10-kl.-14.13.36-300x194.png 300w, https:\/\/hoyre.no\/content\/uploads\/sites\/169\/2023\/10\/Skjermbilde-2023-10-10-kl.-14.13.36-768x496.png 768w, https:\/\/hoyre.no\/content\/uploads\/sites\/169\/2023\/10\/Skjermbilde-2023-10-10-kl.-14.13.36-1536x992.png 1536w, https:\/\/hoyre.no\/content\/uploads\/sites\/169\/2023\/10\/Skjermbilde-2023-10-10-kl.-14.13.36-2048x1323.png 2048w\" sizes=\"auto, (max-width: 1024px) 100vw, 1024px\" \/><\/figure><div class=\"wp-block-media-text__content\">\n<p class=\"is-style-large\"><strong>Hege Elise Blix Mortensen<\/strong><\/p>\n\n\n\n<p><em>Gruppenestleder<\/em><\/p>\n\n\n\n<p><strong>EPOST: <\/strong>hegeelise.blix.mortensen@politiker.nordrefollo.no<\/p>\n\n\n\n<p><strong>TELEFON:<\/strong> 483 54 213<\/p>\n<\/div><\/div>\n\n\n\n<div class=\"wp-block-media-text is-stacked-on-mobile is-image-fill\"><figure class=\"wp-block-media-text__media\" style=\"background-image:url('https:\/\/hoyre.no\/content\/uploads\/sites\/169\/2023\/06\/Klovstad_IMG_7663-e1696939867799-1024x911.jpg');background-position:50% 50%\"><img loading=\"lazy\" decoding=\"async\" width=\"1024\" height=\"911\" src=\"https:\/\/hoyre.no\/content\/uploads\/sites\/169\/2023\/06\/Klovstad_IMG_7663-e1696939867799-1024x911.jpg\" alt=\"Bj\u00f8rn Kl\u00f8vstad\" class=\"wp-image-1633 size-full\" srcset=\"https:\/\/hoyre.no\/content\/uploads\/sites\/169\/2023\/06\/Klovstad_IMG_7663-e1696939867799-1024x911.jpg 1024w, https:\/\/hoyre.no\/content\/uploads\/sites\/169\/2023\/06\/Klovstad_IMG_7663-e1696939867799-300x267.jpg 300w, https:\/\/hoyre.no\/content\/uploads\/sites\/169\/2023\/06\/Klovstad_IMG_7663-e1696939867799-768x683.jpg 768w, https:\/\/hoyre.no\/content\/uploads\/sites\/169\/2023\/06\/Klovstad_IMG_7663-e1696939867799.jpg 1510w\" sizes=\"auto, (max-width: 1024px) 100vw, 1024px\" \/><\/figure><div class=\"wp-block-media-text__content\">\n<p class=\"is-style-large\"><strong>Bj\u00f8rn Kl\u00f8vstad<\/strong><\/p>\n\n\n\n<p><strong>EPOST: <\/strong>bjorn.arne.klovstad@politiker.nordrefollo.no<\/p>\n\n\n\n<p><strong>TELEFON:<\/strong> 453 93 701<\/p>\n<\/div><\/div>\n\n\n\n<h2 class=\"wp-block-heading\">Utvalg for plan og byggesak<\/h2>\n\n\n\n<div class=\"wp-block-media-text is-stacked-on-mobile is-image-fill\"><figure class=\"wp-block-media-text__media\" style=\"background-image:url('https:\/\/hoyre.no\/content\/uploads\/sites\/169\/2023\/10\/Helge-Bunaes.jpeg');background-position:50% 50%\"><img loading=\"lazy\" decoding=\"async\" width=\"960\" height=\"922\" src=\"https:\/\/hoyre.no\/content\/uploads\/sites\/169\/2023\/10\/Helge-Bunaes.jpeg\" alt=\"\" class=\"wp-image-2126 size-full\" srcset=\"https:\/\/hoyre.no\/content\/uploads\/sites\/169\/2023\/10\/Helge-Bunaes.jpeg 960w, https:\/\/hoyre.no\/content\/uploads\/sites\/169\/2023\/10\/Helge-Bunaes-300x288.jpeg 300w, https:\/\/hoyre.no\/content\/uploads\/sites\/169\/2023\/10\/Helge-Bunaes-768x738.jpeg 768w\" sizes=\"auto, (max-width: 960px) 100vw, 960px\" \/><\/figure><div class=\"wp-block-media-text__content\">\n<p class=\"is-style-large\"><strong>Helge Bun\u00e6s<\/strong><\/p>\n\n\n\n<p><em>Utvalgsleder<\/em><\/p>\n\n\n\n<p><strong>EPOST: <\/strong>helge.bunes@politiker.nordrefollo.no<\/p>\n\n\n\n<p><strong>TELEFON:<\/strong> 918 64 663<\/p>\n<\/div><\/div>\n\n\n\n<h2 class=\"wp-block-heading\">Utvalg for klima, teknikk og milj\u00f8<\/h2>\n\n\n\n<div class=\"wp-block-media-text is-stacked-on-mobile is-image-fill\"><figure class=\"wp-block-media-text__media\" style=\"background-image:url('https:\/\/hoyre.no\/content\/uploads\/sites\/169\/2023\/08\/Sivert-1024x684.jpg');background-position:50% 50%\"><img loading=\"lazy\" decoding=\"async\" width=\"1024\" height=\"684\" src=\"https:\/\/hoyre.no\/content\/uploads\/sites\/169\/2023\/08\/Sivert-1024x684.jpg\" alt=\"\" class=\"wp-image-1863 size-full\" srcset=\"https:\/\/hoyre.no\/content\/uploads\/sites\/169\/2023\/08\/Sivert-1024x684.jpg 1024w, https:\/\/hoyre.no\/content\/uploads\/sites\/169\/2023\/08\/Sivert-300x200.jpg 300w, https:\/\/hoyre.no\/content\/uploads\/sites\/169\/2023\/08\/Sivert-768x513.jpg 768w, https:\/\/hoyre.no\/content\/uploads\/sites\/169\/2023\/08\/Sivert-1536x1025.jpg 1536w, https:\/\/hoyre.no\/content\/uploads\/sites\/169\/2023\/08\/Sivert.jpg 2000w\" sizes=\"auto, (max-width: 1024px) 100vw, 1024px\" \/><\/figure><div class=\"wp-block-media-text__content\">\n<p class=\"is-style-large\"><strong>Sivert Wahlgren Leirbakk<\/strong><\/p>\n\n\n\n<p><em>Utvalgsleder<\/em><\/p>\n\n\n\n<p><strong>EPOST: <\/strong>sivert@leirbakk.no<\/p>\n\n\n\n<p><strong>TELEFON:<\/strong> 483 62 568<\/p>\n<\/div><\/div>\n\n\n\n<h2 class=\"wp-block-heading\">Utvalg for oppvekst, idrett og kultur<\/h2>\n\n\n\n<div class=\"wp-block-media-text is-stacked-on-mobile is-image-fill\"><figure class=\"wp-block-media-text__media\" style=\"background-image:url('https:\/\/hoyre.no\/content\/uploads\/sites\/169\/2023\/10\/Skjermbilde-2023-10-10-kl.-14.13.36-1024x661.png');background-position:50% 50%\"><img loading=\"lazy\" decoding=\"async\" width=\"1024\" height=\"661\" src=\"https:\/\/hoyre.no\/content\/uploads\/sites\/169\/2023\/10\/Skjermbilde-2023-10-10-kl.-14.13.36-1024x661.png\" alt=\"\" class=\"wp-image-2125 size-full\" srcset=\"https:\/\/hoyre.no\/content\/uploads\/sites\/169\/2023\/10\/Skjermbilde-2023-10-10-kl.-14.13.36-1024x661.png 1024w, https:\/\/hoyre.no\/content\/uploads\/sites\/169\/2023\/10\/Skjermbilde-2023-10-10-kl.-14.13.36-300x194.png 300w, https:\/\/hoyre.no\/content\/uploads\/sites\/169\/2023\/10\/Skjermbilde-2023-10-10-kl.-14.13.36-768x496.png 768w, https:\/\/hoyre.no\/content\/uploads\/sites\/169\/2023\/10\/Skjermbilde-2023-10-10-kl.-14.13.36-1536x992.png 1536w, https:\/\/hoyre.no\/content\/uploads\/sites\/169\/2023\/10\/Skjermbilde-2023-10-10-kl.-14.13.36-2048x1323.png 2048w\" sizes=\"auto, (max-width: 1024px) 100vw, 1024px\" \/><\/figure><div class=\"wp-block-media-text__content\">\n<p class=\"is-style-large\"><strong>Hege Elise Blix Mortensen<\/strong><\/p>\n\n\n\n<p><em>Utvalgsleder<\/em><\/p>\n\n\n\n<p><strong>EPOST: <\/strong>hegeelise.blix.mortensen@politiker.nordrefollo.no<\/p>\n\n\n\n<p><strong>TELEFON:<\/strong> 483 54 213<\/p>\n<\/div><\/div>\n\n\n\n<h2 class=\"wp-block-heading\">Utvalg for omsorg, helse og seniorpolitikk<\/h2>\n\n\n\n<div class=\"wp-block-media-text is-stacked-on-mobile is-image-fill\"><figure class=\"wp-block-media-text__media\" style=\"background-image:url('https:\/\/hoyre.no\/content\/uploads\/sites\/169\/2023\/06\/Klovstad_IMG_7663-e1696939867799-1024x911.jpg');background-position:50% 50%\"><img loading=\"lazy\" decoding=\"async\" width=\"1024\" height=\"911\" src=\"https:\/\/hoyre.no\/content\/uploads\/sites\/169\/2023\/06\/Klovstad_IMG_7663-e1696939867799-1024x911.jpg\" alt=\"Bj\u00f8rn Kl\u00f8vstad\" class=\"wp-image-1633 size-full\" srcset=\"https:\/\/hoyre.no\/content\/uploads\/sites\/169\/2023\/06\/Klovstad_IMG_7663-e1696939867799-1024x911.jpg 1024w, https:\/\/hoyre.no\/content\/uploads\/sites\/169\/2023\/06\/Klovstad_IMG_7663-e1696939867799-300x267.jpg 300w, https:\/\/hoyre.no\/content\/uploads\/sites\/169\/2023\/06\/Klovstad_IMG_7663-e1696939867799-768x683.jpg 768w, https:\/\/hoyre.no\/content\/uploads\/sites\/169\/2023\/06\/Klovstad_IMG_7663-e1696939867799.jpg 1510w\" sizes=\"auto, (max-width: 1024px) 100vw, 1024px\" \/><\/figure><div class=\"wp-block-media-text__content\">\n<p class=\"is-style-large\"><strong>Bj\u00f8rn Kl\u00f8vstad<\/strong><\/p>\n\n\n\n<p><em>Utvalgsleder<\/em><\/p>\n\n\n\n<p><strong>EPOST: <\/strong>bjorn.arne.klovstad@politiker.nordrefollo.no<\/p>\n\n\n\n<p><strong>TELEFON:<\/strong> 453 93 701<\/p>\n<\/div><\/div>\n\n\n\n<h2 class=\"wp-block-heading\">Utvalg for n\u00e6ring, eiendoms- og stedsutvikling<\/h2>\n\n\n\n<div class=\"wp-block-media-text is-stacked-on-mobile is-image-fill\"><figure class=\"wp-block-media-text__media\" style=\"background-image:url('https:\/\/hoyre.no\/content\/uploads\/sites\/169\/2024\/06\/Kristian-Bjerke_2_kvadrat.jpg');background-position:55% 38%\"><img loading=\"lazy\" decoding=\"async\" width=\"608\" height=\"608\" src=\"https:\/\/hoyre.no\/content\/uploads\/sites\/169\/2024\/06\/Kristian-Bjerke_2_kvadrat.jpg\" alt=\"\" class=\"wp-image-2327 size-full\" srcset=\"https:\/\/hoyre.no\/content\/uploads\/sites\/169\/2024\/06\/Kristian-Bjerke_2_kvadrat.jpg 608w, https:\/\/hoyre.no\/content\/uploads\/sites\/169\/2024\/06\/Kristian-Bjerke_2_kvadrat-300x300.jpg 300w, https:\/\/hoyre.no\/content\/uploads\/sites\/169\/2024\/06\/Kristian-Bjerke_2_kvadrat-150x150.jpg 150w\" sizes=\"auto, (max-width: 608px) 100vw, 608px\" \/><\/figure><div class=\"wp-block-media-text__content\">\n<p class=\"is-style-large\"><strong>Kristian Bjerke<\/strong><\/p>\n\n\n\n<p><em>Utvalgsleder<\/em><\/p>\n\n\n\n<p><strong>EPOST: <\/strong>jkbjer@online.no<\/p>\n\n\n\n<p><strong>TELEFON:<\/strong> 901 89 444<\/p>\n<\/div><\/div>\n","protected":false},"excerpt":{"rendered":"<p>Knut Oppegaard Gruppeleder EPOST: knut.oppegaard@politiker.nordrefollo.no TELEFON: 900 20 370 Hege Elise Blix Mortensen Gruppenestleder EPOST: hegeelise.blix.mortensen@politiker.nordrefollo.no TELEFON: 483 54 213 Bj\u00f8rn Kl\u00f8vstad EPOST: bjorn.arne.klovstad@politiker.nordrefollo.no TELEFON: 453 93 701 Utvalg for plan og byggesak Helge Bun\u00e6s Utvalgsleder EPOST: helge.bunes@politiker.nordrefollo.no TELEFON: 918 64 663 Utvalg for klima, teknikk og milj\u00f8 Sivert Wahlgren Leirbakk Utvalgsleder EPOST: sivert@leirbakk.no TELEFON: [&hellip;]<\/p>\n","protected":false},"author":31695,"featured_media":0,"parent":0,"menu_order":0,"comment_status":"closed","ping_status":"closed","template":"","meta":{"teft_cards_image_url":"","teft_cards_custom_pretitle":"","teft_cards_image_id":0,"teft_cards_image_focal_point_x":0,"teft_cards_image_focal_point_y":0,"teft_cards_title":"","teft_cards_excerpt":"","teft_show_chapters":false,"footnotes":""},"class_list":["post-2124","page","type-page","status-publish","hentry"],"yoast_head":"<!-- This site is optimized with the Yoast SEO plugin v26.6 - https:\/\/yoast.com\/wordpress\/plugins\/seo\/ -->\n<title>V\u00e5re representanter - Nordre Follo H\u00f8yre<\/title>\n<meta name=\"robots\" content=\"index, follow, max-snippet:-1, max-image-preview:large, max-video-preview:-1\" \/>\n<link rel=\"canonical\" href=\"https:\/\/hoyre.no\/nordre-follo\/vare-representanter\/\" \/>\n<meta property=\"og:locale\" content=\"nb_NO\" \/>\n<meta property=\"og:type\" content=\"article\" \/>\n<meta property=\"og:title\" content=\"V\u00e5re representanter - Nordre Follo H\u00f8yre\" \/>\n<meta property=\"og:description\" content=\"Knut Oppegaard Gruppeleder EPOST: knut.oppegaard@politiker.nordrefollo.no TELEFON: 900 20 370 Hege Elise Blix Mortensen Gruppenestleder EPOST: hegeelise.blix.mortensen@politiker.nordrefollo.no TELEFON: 483 54 213 Bj\u00f8rn Kl\u00f8vstad EPOST: bjorn.arne.klovstad@politiker.nordrefollo.no TELEFON: 453 93 701 Utvalg for plan og byggesak Helge Bun\u00e6s Utvalgsleder EPOST: helge.bunes@politiker.nordrefollo.no TELEFON: 918 64 663 Utvalg for klima, teknikk og milj\u00f8 Sivert Wahlgren Leirbakk Utvalgsleder EPOST: sivert@leirbakk.no TELEFON: [&hellip;]\" \/>\n<meta property=\"og:url\" content=\"https:\/\/hoyre.no\/nordre-follo\/vare-representanter\/\" \/>\n<meta property=\"og:site_name\" content=\"Nordre Follo H\u00f8yre\" \/>\n<meta property=\"article:modified_time\" content=\"2024-06-12T11:23:49+00:00\" \/>\n<meta property=\"og:image\" content=\"https:\/\/hoyre.no\/content\/uploads\/sites\/169\/2023\/09\/Cecilie_NRK.jpg\" \/>\n<meta name=\"twitter:card\" content=\"summary_large_image\" \/>\n<meta name=\"twitter:label1\" content=\"Ansl. lesetid\" \/>\n\t<meta name=\"twitter:data1\" content=\"3 minutter\" \/>\n<script type=\"application\/ld+json\" class=\"yoast-schema-graph\">{\"@context\":\"https:\/\/schema.org\",\"@graph\":[{\"@type\":\"WebPage\",\"@id\":\"https:\/\/hoyre.no\/nordre-follo\/vare-representanter\/\",\"url\":\"https:\/\/hoyre.no\/nordre-follo\/vare-representanter\/\",\"name\":\"V\u00e5re representanter - Nordre Follo H\u00f8yre\",\"isPartOf\":{\"@id\":\"https:\/\/hoyre.no\/nordre-follo\/#website\"},\"image\":{\"@id\":\"https:\/\/hoyre.no\/nordre-follo\/vare-representanter\/#primaryimage\"},\"thumbnailUrl\":\"https:\/\/hoyre.no\/content\/uploads\/sites\/169\/2023\/09\/Cecilie_NRK.jpg\",\"datePublished\":\"2023-10-10T12:31:00+00:00\",\"dateModified\":\"2024-06-12T11:23:49+00:00\",\"breadcrumb\":{\"@id\":\"https:\/\/hoyre.no\/nordre-follo\/vare-representanter\/#breadcrumb\"},\"inLanguage\":\"nb-NO\",\"potentialAction\":[{\"@type\":\"ReadAction\",\"target\":[\"https:\/\/hoyre.no\/nordre-follo\/vare-representanter\/\"]}]},{\"@type\":\"ImageObject\",\"inLanguage\":\"nb-NO\",\"@id\":\"https:\/\/hoyre.no\/nordre-follo\/vare-representanter\/#primaryimage\",\"url\":\"https:\/\/hoyre.no\/content\/uploads\/sites\/169\/2023\/09\/Cecilie_NRK.jpg\",\"contentUrl\":\"https:\/\/hoyre.no\/content\/uploads\/sites\/169\/2023\/09\/Cecilie_NRK.jpg\"},{\"@type\":\"BreadcrumbList\",\"@id\":\"https:\/\/hoyre.no\/nordre-follo\/vare-representanter\/#breadcrumb\",\"itemListElement\":[{\"@type\":\"ListItem\",\"position\":1,\"name\":\"Til hoyre.no\",\"item\":\"https:\/\/hoyre.no\"},{\"@type\":\"ListItem\",\"position\":2,\"name\":\"Hjem\",\"item\":\"https:\/\/hoyre.no\/nordre-follo\/\"},{\"@type\":\"ListItem\",\"position\":3,\"name\":\"V\u00e5re representanter\"}]},{\"@type\":\"WebSite\",\"@id\":\"https:\/\/hoyre.no\/nordre-follo\/#website\",\"url\":\"https:\/\/hoyre.no\/nordre-follo\/\",\"name\":\"Nordre Follo H\u00f8yre\",\"description\":\"Bare enda et H\u00f8yres nettsteder-nettsted\",\"inLanguage\":\"nb-NO\"}]}<\/script>\n<!-- \/ Yoast SEO plugin. -->","yoast_head_json":{"title":"V\u00e5re representanter - Nordre Follo H\u00f8yre","robots":{"index":"index","follow":"follow","max-snippet":"max-snippet:-1","max-image-preview":"max-image-preview:large","max-video-preview":"max-video-preview:-1"},"canonical":"https:\/\/hoyre.no\/nordre-follo\/vare-representanter\/","og_locale":"nb_NO","og_type":"article","og_title":"V\u00e5re representanter - Nordre Follo H\u00f8yre","og_description":"Knut Oppegaard Gruppeleder EPOST: knut.oppegaard@politiker.nordrefollo.no TELEFON: 900 20 370 Hege Elise Blix Mortensen Gruppenestleder EPOST: hegeelise.blix.mortensen@politiker.nordrefollo.no TELEFON: 483 54 213 Bj\u00f8rn Kl\u00f8vstad EPOST: bjorn.arne.klovstad@politiker.nordrefollo.no TELEFON: 453 93 701 Utvalg for plan og byggesak Helge Bun\u00e6s Utvalgsleder EPOST: helge.bunes@politiker.nordrefollo.no TELEFON: 918 64 663 Utvalg for klima, teknikk og milj\u00f8 Sivert Wahlgren Leirbakk Utvalgsleder EPOST: sivert@leirbakk.no TELEFON: [&hellip;]","og_url":"https:\/\/hoyre.no\/nordre-follo\/vare-representanter\/","og_site_name":"Nordre Follo H\u00f8yre","article_modified_time":"2024-06-12T11:23:49+00:00","og_image":[{"url":"https:\/\/hoyre.no\/content\/uploads\/sites\/169\/2023\/09\/Cecilie_NRK.jpg","type":"","width":"","height":""}],"twitter_card":"summary_large_image","twitter_misc":{"Ansl. lesetid":"3 minutter"},"schema":{"@context":"https:\/\/schema.org","@graph":[{"@type":"WebPage","@id":"https:\/\/hoyre.no\/nordre-follo\/vare-representanter\/","url":"https:\/\/hoyre.no\/nordre-follo\/vare-representanter\/","name":"V\u00e5re representanter - Nordre Follo H\u00f8yre","isPartOf":{"@id":"https:\/\/hoyre.no\/nordre-follo\/#website"},"image":{"@id":"https:\/\/hoyre.no\/nordre-follo\/vare-representanter\/#primaryimage"},"thumbnailUrl":"https:\/\/hoyre.no\/content\/uploads\/sites\/169\/2023\/09\/Cecilie_NRK.jpg","datePublished":"2023-10-10T12:31:00+00:00","dateModified":"2024-06-12T11:23:49+00:00","breadcrumb":{"@id":"https:\/\/hoyre.no\/nordre-follo\/vare-representanter\/#breadcrumb"},"inLanguage":"nb-NO","potentialAction":[{"@type":"ReadAction","target":["https:\/\/hoyre.no\/nordre-follo\/vare-representanter\/"]}]},{"@type":"ImageObject","inLanguage":"nb-NO","@id":"https:\/\/hoyre.no\/nordre-follo\/vare-representanter\/#primaryimage","url":"https:\/\/hoyre.no\/content\/uploads\/sites\/169\/2023\/09\/Cecilie_NRK.jpg","contentUrl":"https:\/\/hoyre.no\/content\/uploads\/sites\/169\/2023\/09\/Cecilie_NRK.jpg"},{"@type":"BreadcrumbList","@id":"https:\/\/hoyre.no\/nordre-follo\/vare-representanter\/#breadcrumb","itemListElement":[{"@type":"ListItem","position":1,"name":"Til hoyre.no","item":"https:\/\/hoyre.no"},{"@type":"ListItem","position":2,"name":"Hjem","item":"https:\/\/hoyre.no\/nordre-follo\/"},{"@type":"ListItem","position":3,"name":"V\u00e5re representanter"}]},{"@type":"WebSite","@id":"https:\/\/hoyre.no\/nordre-follo\/#website","url":"https:\/\/hoyre.no\/nordre-follo\/","name":"Nordre Follo H\u00f8yre","description":"Bare enda et H\u00f8yres nettsteder-nettsted","inLanguage":"nb-NO"}]}},"distributor_meta":false,"distributor_terms":false,"distributor_media":false,"distributor_original_site_name":"Nordre Follo H\u00f8yre","distributor_original_site_url":"https:\/\/hoyre.no\/nordre-follo","push-errors":false,"_links":{"self":[{"href":"https:\/\/hoyre.no\/nordre-follo\/wp-json\/wp\/v2\/pages\/2124","targetHints":{"allow":["GET"]}}],"collection":[{"href":"https:\/\/hoyre.no\/nordre-follo\/wp-json\/wp\/v2\/pages"}],"about":[{"href":"https:\/\/hoyre.no\/nordre-follo\/wp-json\/wp\/v2\/types\/page"}],"author":[{"embeddable":true,"href":"https:\/\/hoyre.no\/nordre-follo\/wp-json\/wp\/v2\/users\/31695"}],"replies":[{"embeddable":true,"href":"https:\/\/hoyre.no\/nordre-follo\/wp-json\/wp\/v2\/comments?post=2124"}],"version-history":[{"count":5,"href":"https:\/\/hoyre.no\/nordre-follo\/wp-json\/wp\/v2\/pages\/2124\/revisions"}],"predecessor-version":[{"id":2329,"href":"https:\/\/hoyre.no\/nordre-follo\/wp-json\/wp\/v2\/pages\/2124\/revisions\/2329"}],"wp:attachment":[{"href":"https:\/\/hoyre.no\/nordre-follo\/wp-json\/wp\/v2\/media?parent=2124"}],"curies":[{"name":"wp","href":"https:\/\/api.w.org\/{rel}","templated":true}]}}