{"id":3,"date":"2020-11-12T10:13:29","date_gmt":"2020-11-12T09:13:29","guid":{"rendered":"https:\/\/hoyre.no\/nordre-follo\/forsiden\/"},"modified":"2026-01-12T16:01:32","modified_gmt":"2026-01-12T15:01:32","slug":"forsiden","status":"publish","type":"page","link":"https:\/\/hoyre.no\/nordre-follo\/","title":{"rendered":"Forsiden"},"content":{"rendered":"<div class=\"hero-2026 is-style-corner alignwide wp-block-hoyre-hero-2026\">\n\t\t\t<div class=\"hero-2026__image\"><img decoding=\"async\" src=\"https:\/\/hoyre.no\/content\/uploads\/sites\/169\/2024\/10\/Morgenutsikt_fra_et_togvindu_SKI_03359.jpeg\" alt=\"Utsikt fra et togvindu i Nordre Follo\" \/><\/div>\n\t\t\t\n\t\t\t<div class=\"hero-2026__content\">\n\t\t\t\t<svg width=\"101\" height=\"480\" viewBox=\"0 0 101 480\" fill=\"none\" xmlns=\"http:\/\/www.w3.org\/2000\/svg\">\n<path d=\"M6.65616 117.334C-0.295628 76.2104 -3.77152 55.6485 6.21097 39.8114C16.1935 23.9743 36.2437 18.2415 76.3441 6.77569L100.041 0L100.042 480L67.9629 480L6.65616 117.334Z\" fill=\"currentColor\" \/>\n<\/svg>\n\n\t\t\t\t\n\t\t\t\t<h2 class=\"hero-2026__title\">Vi vil mer for Nordre Follo<\/h2>\n\t\t\t\t<div class=\"hero-2026__buttons\">\n\n<div class=\"wp-block-buttons is-content-justification-center is-layout-flex wp-container-core-buttons-is-layout-16018d1d wp-block-buttons-is-layout-flex\">\n<div class=\"wp-block-button\"><a class=\"wp-block-button__link wp-element-button\" href=\"https:\/\/hoyre.no\/bli-med\/bli-medlem\/\">Bli medlem<\/a><\/div>\n<\/div>\n\n<\/div>\n\t\t\t<\/div>\n\t\t<\/div>\n\n\n<div class=\"wp-block-media-text alignwide is-stacked-on-mobile is-image-fill-element is-style-pale-blue\"><figure class=\"wp-block-media-text__media\"><img loading=\"lazy\" decoding=\"async\" width=\"666\" height=\"1000\" src=\"https:\/\/hoyre.no\/content\/uploads\/sites\/169\/2024\/12\/Cecilie-Pind_foto-Lill-Karin-Saltermark.jpg\" alt=\"En smilende Cecilie med hvit genser og m\u00f8rkebl\u00e5 blazer\" class=\"wp-image-2478 size-full\" style=\"object-position:56% 21%\" srcset=\"https:\/\/hoyre.no\/content\/uploads\/sites\/169\/2024\/12\/Cecilie-Pind_foto-Lill-Karin-Saltermark.jpg 666w, https:\/\/hoyre.no\/content\/uploads\/sites\/169\/2024\/12\/Cecilie-Pind_foto-Lill-Karin-Saltermark-200x300.jpg 200w\" sizes=\"auto, (max-width: 666px) 100vw, 666px\" \/><\/figure><div class=\"wp-block-media-text__content\">\n<h2 class=\"wp-block-heading\">Bli bedre kjent med Cecilie!<\/h2>\n\n\n\n<p>Her kan du bli bedre kjent med v\u00e5r ordf\u00f8rer, Cecilie!<\/p>\n\n\n\n<div class=\"wp-block-buttons is-layout-flex wp-block-buttons-is-layout-flex\">\n<div class=\"wp-block-button\"><a class=\"wp-block-button__link wp-element-button\" href=\"https:\/\/hoyre.no\/nordre-follo\/ordforer-cecilie-dahl-jorgensen-pind\">Bli kjent med cecilie<\/a><\/div>\n<\/div>\n<\/div><\/div>\n\n\n\n<div class=\"wp-block-media-text alignwide has-media-on-the-right is-stacked-on-mobile is-image-fill-element is-style-default\"><div class=\"wp-block-media-text__content\">\n<h2 class=\"wp-block-heading\">Finn din politiker<\/h2>\n\n\n\n<p>Nordre Follo H\u00f8yre har 18 representanter i kommunestyret. <\/p>\n\n\n\n<p>Trykk p\u00e5 knappen under for \u00e5 komme i kontakt med dem!<\/p>\n\n\n\n<div class=\"wp-block-buttons is-layout-flex wp-block-buttons-is-layout-flex\">\n<div class=\"wp-block-button\"><a class=\"wp-block-button__link wp-element-button\" href=\"https:\/\/hoyre.no\/nordre-follo\/vare-representanter\/\">Finn din representant<\/a><\/div>\n<\/div>\n<\/div><figure class=\"wp-block-media-text__media\"><img loading=\"lazy\" decoding=\"async\" width=\"768\" height=\"1024\" src=\"https:\/\/hoyre.no\/content\/uploads\/sites\/169\/2023\/06\/IMG_613949-768x1024.jpeg\" alt=\"\" class=\"wp-image-1623 size-full\" style=\"object-position:49% 33%\" srcset=\"https:\/\/hoyre.no\/content\/uploads\/sites\/169\/2023\/06\/IMG_613949-768x1024.jpeg 768w, https:\/\/hoyre.no\/content\/uploads\/sites\/169\/2023\/06\/IMG_613949-225x300.jpeg 225w, https:\/\/hoyre.no\/content\/uploads\/sites\/169\/2023\/06\/IMG_613949-1152x1536.jpeg 1152w, https:\/\/hoyre.no\/content\/uploads\/sites\/169\/2023\/06\/IMG_613949.jpeg 1536w\" sizes=\"auto, (max-width: 768px) 100vw, 768px\" \/><\/figure><\/div>\n\n\n\n\t\t<div class=\"has-lightest-blue-background-color is-layout-right alignwide alignwide wp-block-hoyre-media-text\">\n\t\t\t<div class=\"hoyre-media-text__media\">\n\t\t\t\t<img loading=\"lazy\" decoding=\"async\" width=\"1024\" height=\"683\" src=\"https:\/\/hoyre.no\/content\/uploads\/sites\/169\/2023\/03\/CbPdonjc-1024x683.jpeg\" class=\"hoyre-media-text__media-image\" alt=\"\" style=\"--focal: 50% 50%;\" srcset=\"https:\/\/hoyre.no\/content\/uploads\/sites\/169\/2023\/03\/CbPdonjc-1024x683.jpeg 1024w, https:\/\/hoyre.no\/content\/uploads\/sites\/169\/2023\/03\/CbPdonjc-300x200.jpeg 300w, https:\/\/hoyre.no\/content\/uploads\/sites\/169\/2023\/03\/CbPdonjc-768x512.jpeg 768w, https:\/\/hoyre.no\/content\/uploads\/sites\/169\/2023\/03\/CbPdonjc-1536x1024.jpeg 1536w, https:\/\/hoyre.no\/content\/uploads\/sites\/169\/2023\/03\/CbPdonjc-2048x1365.jpeg 2048w\" sizes=\"auto, (max-width: 1024px) 100vw, 1024px\" \/>\n\t\t\t<\/div>\n\t\t\t<div class=\"hoyre-media-text__content\">\n\t\t\t\t<div class=\"hoyre-media-text__content-inner\">\n\t\t\t\t\t\n\t\t\t<div class=\"hoyre-media-text__title-container\">\n\t\t\t\t\n\t\t\t\t<h2 class=\"hoyre-media-text__title\">Hva mener vi?<\/h2>\n\t\t\t<\/div>\n\t\t\t\n\t\t\t\t\t<div class=\"hoyre-media-text__blocks\">\nH\u00f8yre vil spille p\u00e5 lag med jobbskaperne, lytte til innbyggerne og sette enkeltmennesket foran systemet. Vi vil rett og slett mer for Nordre Follo!\n<\/div>\n\t\t\t\t\t\n\t\t\t<div class=\"hoyre-media-text__buttons\">\n\t\t\t\t<a class=\"button\" href=\"https:\/\/hoyre.no\/nordre-follo\/politikk\/\">les v\u00e5rt program<\/a>\n\t\t\t<\/div>\n\t\t\t\n\t\t\t\t<\/div>\n\t\t\t<\/div>\n\t\t<\/div>\n\t\t\n\n\n\t\t<div class=\"has-pale-purple-background-color is-layout-left alignwide alignwide wp-block-hoyre-media-text\">\n\t\t\t<div class=\"hoyre-media-text__media\">\n\t\t\t\t<img loading=\"lazy\" decoding=\"async\" width=\"1024\" height=\"683\" src=\"https:\/\/hoyre.no\/content\/uploads\/sites\/169\/2023\/10\/pexels-freestocksorg-167300-1024x683.jpg\" class=\"hoyre-media-text__media-image\" alt=\"\" style=\"--focal: 50% 50%;\" srcset=\"https:\/\/hoyre.no\/content\/uploads\/sites\/169\/2023\/10\/pexels-freestocksorg-167300-1024x683.jpg 1024w, https:\/\/hoyre.no\/content\/uploads\/sites\/169\/2023\/10\/pexels-freestocksorg-167300-300x200.jpg 300w, https:\/\/hoyre.no\/content\/uploads\/sites\/169\/2023\/10\/pexels-freestocksorg-167300-768x512.jpg 768w, https:\/\/hoyre.no\/content\/uploads\/sites\/169\/2023\/10\/pexels-freestocksorg-167300-1536x1024.jpg 1536w, https:\/\/hoyre.no\/content\/uploads\/sites\/169\/2023\/10\/pexels-freestocksorg-167300-2048x1365.jpg 2048w\" sizes=\"auto, (max-width: 1024px) 100vw, 1024px\" \/>\n\t\t\t<\/div>\n\t\t\t<div class=\"hoyre-media-text__content\">\n\t\t\t\t<div class=\"hoyre-media-text__content-inner\">\n\t\t\t\t\t\n\t\t\t<div class=\"hoyre-media-text__title-container\">\n\t\t\t\t\n\t\t\t\t<h2 class=\"hoyre-media-text__title\">Den politiske plattformen<\/h2>\n\t\t\t<\/div>\n\t\t\t\n\t\t\t\t\t<div class=\"hoyre-media-text__blocks\">\nH\u00f8yre, Fremskrittspartiet, Pensjonistpartiet og Senterpartiet er enige om en politisk plattform for den kommende perioden. Plattformen kan du lese her.\n<\/div>\n\t\t\t\t\t\n\t\t\t<div class=\"hoyre-media-text__buttons\">\n\t\t\t\t<a class=\"button\" href=\"https:\/\/hoyre.no\/nordre-follo\/aktuelt\/en-ansvarlig-okonomistyring-der-vi-prioriterer-det-viktigste-forst\/\">Les mer<\/a>\n\t\t\t<\/div>\n\t\t\t\n\t\t\t\t<\/div>\n\t\t\t<\/div>\n\t\t<\/div>\n\t\t\n\n\n\n\n\n<section class=\"wp-block-hoyre-latest-grid\">\n\t<div class=\"block-inner\">\n\t\t<header>\n\t\t\t<h2>Nyheter<\/h2>\n\t\t\t\t\t\t\t<a href=\"https:\/\/hoyre.no\/nordre-follo\/nyheter\/\">Vis alle<\/a>\n\t\t\t\t\t<\/header>\n\t\t<div class=\"teft-cards-grid default-size-4\">\n\t\t\t<div class=\"teft-cards-item has-12-columns is-style-two-columns is-vertically-aligned-center is-aligned-center is-card-hoyre\">\n\t<div class=\"teft-card hoyre-teft-card post-teft-card\">\n\t\t<a href=\"https:\/\/hoyre.no\/nordre-follo\/aktuelt\/nordre-follo-hoyres-nominasjonskomite\/\" class=\"teft-card__primary-action\">\n\n\t\t\t\t\t<div class=\"teft-card__media teft-card__media--16-9\">\n\t\t\t\t\t\t<img loading=\"lazy\" decoding=\"async\" width=\"768\" height=\"492\" src=\"https:\/\/hoyre.no\/content\/uploads\/sites\/169\/2026\/03\/1222281-768x492.jpg\" class=\"attachment-medium_large size-medium_large\" alt=\"\" \/>\t\t<\/div>\n\t\t\n\t\t\t<div class=\"teft-card__content-wrapper\">\n\t\t\t\t<div class=\"teft-card__secondary\">\n\t\t\t\t\t\n\t\t\t\t\t\t\t\t<div class=\"teft-card__meta\">\n\t\t\t\t\t\t\t\t\t<span class=\"post-date\">2. mar 2026<\/span>\n\n\t\t\t\t\t\t\t\t\t<span class=\"post-category\">Nordre Follo H\u00f8yre<\/span>\t\t\t\t\t\t\t\t<\/div>\n\t\t\t\t\t\t\t\t\t\t\t<\/div>\n\n\t\t\t\t<div class=\"teft-card__primary\">\n\t\t\t\t\t<h2 class=\"teft-card__title\">Nordre Follo H\u00f8yres nominasjonskomite&nbsp;<span class=\"teft-card__primary-title-append\"><\/span><\/h2>\t\t\t\t<\/div>\n\t\t\t<\/div>\n\t\t<\/a>\n\t<\/div>\n\n\t<\/div>\t\t\t<div class=\"teft-cards-item has-6-columns  is-card-hoyre\">\n\t<div class=\"teft-card hoyre-teft-card post-teft-card\">\n\t\t<a href=\"https:\/\/hoyre.no\/nordre-follo\/aktuelt\/ansvarlig-styring-og-utvikling-for-fremtidens-nordre-follo\/\" class=\"teft-card__primary-action\">\n\n\t\t\t\t\t<div class=\"teft-card__media teft-card__media--16-9\">\n\t\t\t\t\t\t<img loading=\"lazy\" decoding=\"async\" width=\"768\" height=\"1024\" src=\"https:\/\/hoyre.no\/content\/uploads\/sites\/169\/2025\/10\/7DB03D50-BEFA-4B95-99FC-E9ECA0422BA2-1-768x1024.png\" class=\"attachment-medium_large size-medium_large\" alt=\"\" \/>\t\t<\/div>\n\t\t\n\t\t\t<div class=\"teft-card__content-wrapper\">\n\t\t\t\t<div class=\"teft-card__secondary\">\n\t\t\t\t\t\n\t\t\t\t\t\t\t\t<div class=\"teft-card__meta\">\n\t\t\t\t\t\t\t\t\t<span class=\"post-date\">24. okt 2025<\/span>\n\n\t\t\t\t\t\t\t\t\t<span class=\"post-category\">Nordre Follo H\u00f8yre<\/span>\t\t\t\t\t\t\t\t<\/div>\n\t\t\t\t\t\t\t\t\t\t\t<\/div>\n\n\t\t\t\t<div class=\"teft-card__primary\">\n\t\t\t\t\t<h2 class=\"teft-card__title\">Ansvarlig styring og utvikling for fremtidens Nordre Follo!&nbsp;<span class=\"teft-card__primary-title-append\"><\/span><\/h2>\t\t\t\t<\/div>\n\t\t\t<\/div>\n\t\t<\/a>\n\t<\/div>\n\n\t<\/div>\t\t\t<div class=\"teft-cards-item has-6-columns  is-card-hoyre\">\n\t<div class=\"teft-card hoyre-teft-card post-teft-card\">\n\t\t<a href=\"https:\/\/hoyre.no\/2026\/04\/09\/vil-kjempe-til-jeg-blir-pensjonist\/\" class=\"teft-card__primary-action\">\n\n\t\t\t\t\t<div class=\"teft-card__media teft-card__media--16-9\">\n\t\t\t<span class=\"sticker\">Nasjonal<\/span>\t\t\t<img loading=\"lazy\" decoding=\"async\" width=\"768\" height=\"512\" src=\"https:\/\/hoyre.no\/content\/uploads\/2026\/04\/Erna-apner-valgkampsentralen-foto-Hans-Kristian-Thorbjornsen-1181_43235870b92-768x512.avif\" class=\"attachment-medium_large size-medium_large\" alt=\"Erna fylker\" \/>\t\t<\/div>\n\t\t\n\t\t\t<div class=\"teft-card__content-wrapper\">\n\t\t\t\t<div class=\"teft-card__secondary\">\n\t\t\t\t\t\n\t\t\t\t\t\t\t\t<div class=\"teft-card__meta\">\n\t\t\t\t\t\t\t\t\t<span class=\"post-date\">9. apr 2026<\/span>\n\n\t\t\t\t\t\t\t\t\t\t\t\t\t\t\t\t\t<\/div>\n\t\t\t\t\t\t\t\t\t\t\t<\/div>\n\n\t\t\t\t<div class=\"teft-card__primary\">\n\t\t\t\t\t<h2 class=\"teft-card__title\">&#8211; Lukker \u00f8ynene for at det er un\u00f8dvendig og dyrt&nbsp;<span class=\"teft-card__primary-title-append\"><\/span><\/h2>\t\t\t\t<\/div>\n\t\t\t<\/div>\n\t\t<\/a>\n\t<\/div>\n\n\t<!-- From network 1 169--><!-- From card class --><\/div>\t\t\t<div class=\"teft-cards-item has-4-columns is-card-hoyre\">\n\t<div class=\"teft-card hoyre-teft-card post-teft-card\">\n\t\t<a href=\"https:\/\/hoyre.no\/2026\/04\/09\/nar-prisene-stenger-doren-for-unge\/\" class=\"teft-card__primary-action\">\n\n\t\t\t\t\t<div class=\"teft-card__media teft-card__media--16-9\">\n\t\t\t<span class=\"sticker\">Nasjonal<\/span>\t\t\t<img loading=\"lazy\" decoding=\"async\" width=\"768\" height=\"512\" src=\"https:\/\/hoyre.no\/content\/uploads\/2026\/04\/GettyImages-2258268691-768x512.jpg\" class=\"attachment-medium_large size-medium_large\" alt=\"Oslo\" \/>\t\t<\/div>\n\t\t\n\t\t\t<div class=\"teft-card__content-wrapper\">\n\t\t\t\t<div class=\"teft-card__secondary\">\n\t\t\t\t\t\n\t\t\t\t\t\t\t\t<div class=\"teft-card__meta\">\n\t\t\t\t\t\t\t\t\t<span class=\"post-date\">9. apr 2026<\/span>\n\n\t\t\t\t\t\t\t\t\t\t\t\t\t\t\t\t\t<\/div>\n\t\t\t\t\t\t\t\t\t\t\t<\/div>\n\n\t\t\t\t<div class=\"teft-card__primary\">\n\t\t\t\t\t<h2 class=\"teft-card__title\">Er du en som trekker stigen opp etter deg?&nbsp;<span class=\"teft-card__primary-title-append\"><\/span><\/h2>\t\t\t\t<\/div>\n\t\t\t<\/div>\n\t\t<\/a>\n\t<\/div>\n\n\t<!-- From network 1 169--><!-- From card class --><\/div>\t\t\t<div class=\"teft-cards-item has-4-columns is-card-hoyre\">\n\t<div class=\"teft-card hoyre-teft-card post-teft-card\">\n\t\t<a href=\"https:\/\/hoyre.no\/2026\/04\/09\/dette-ser-ut-som-en-skandale\/\" class=\"teft-card__primary-action\">\n\n\t\t\t\t\t<div class=\"teft-card__media teft-card__media--16-9\">\n\t\t\t<span class=\"sticker\">Nasjonal<\/span>\t\t\t<img loading=\"lazy\" decoding=\"async\" width=\"768\" height=\"512\" src=\"https:\/\/hoyre.no\/content\/uploads\/2026\/04\/Y9A1717-768x512.jpg\" class=\"attachment-medium_large size-medium_large\" alt=\"Peter\" \/>\t\t<\/div>\n\t\t\n\t\t\t<div class=\"teft-card__content-wrapper\">\n\t\t\t\t<div class=\"teft-card__secondary\">\n\t\t\t\t\t\n\t\t\t\t\t\t\t\t<div class=\"teft-card__meta\">\n\t\t\t\t\t\t\t\t\t<span class=\"post-date\">9. apr 2026<\/span>\n\n\t\t\t\t\t\t\t\t\t\t\t\t\t\t\t\t\t<\/div>\n\t\t\t\t\t\t\t\t\t\t\t<\/div>\n\n\t\t\t\t<div class=\"teft-card__primary\">\n\t\t\t\t\t<h2 class=\"teft-card__title\">F-16-donasjon til Ukraina st\u00e5r demontert i Belgia: &#8211; En skandale&nbsp;<span class=\"teft-card__primary-title-append\"><\/span><\/h2>\t\t\t\t<\/div>\n\t\t\t<\/div>\n\t\t<\/a>\n\t<\/div>\n\n\t<!-- From network 1 169--><!-- From card class --><\/div>\t\t\t<div class=\"teft-cards-item has-4-columns is-card-hoyre\">\n\t<div class=\"teft-card hoyre-teft-card post-teft-card\">\n\t\t<a href=\"https:\/\/hoyre.no\/2026\/04\/08\/rentelofter-pa-tilliten-los\/\" class=\"teft-card__primary-action\">\n\n\t\t\t\t\t<div class=\"teft-card__media teft-card__media--16-9\">\n\t\t\t<span class=\"sticker\">Nasjonal<\/span>\t\t\t<img loading=\"lazy\" decoding=\"async\" width=\"768\" height=\"512\" src=\"https:\/\/hoyre.no\/content\/uploads\/2026\/04\/fW2QD6jA-768x512.jpeg\" class=\"attachment-medium_large size-medium_large\" alt=\"Ola\" \/>\t\t<\/div>\n\t\t\n\t\t\t<div class=\"teft-card__content-wrapper\">\n\t\t\t\t<div class=\"teft-card__secondary\">\n\t\t\t\t\t\n\t\t\t\t\t\t\t\t<div class=\"teft-card__meta\">\n\t\t\t\t\t\t\t\t\t<span class=\"post-date\">9. apr 2026<\/span>\n\n\t\t\t\t\t\t\t\t\t\t\t\t\t\t\t\t\t<\/div>\n\t\t\t\t\t\t\t\t\t\t\t<\/div>\n\n\t\t\t\t<div class=\"teft-card__primary\">\n\t\t\t\t\t<h2 class=\"teft-card__title\">Aps rentel\u00f8fter g\u00e5r p\u00e5 tilliten l\u00f8s&nbsp;<span class=\"teft-card__primary-title-append\"><\/span><\/h2>\t\t\t\t<\/div>\n\t\t\t<\/div>\n\t\t<\/a>\n\t<\/div>\n\n\t<!-- From network 1 169--><!-- From card class --><\/div>\t\t\t\t\t<\/div>\n\t<\/div>\n<\/section>\n\n\n\n\n\n","protected":false},"excerpt":{"rendered":"","protected":false},"author":51320,"featured_media":0,"parent":0,"menu_order":0,"comment_status":"closed","ping_status":"closed","template":"","meta":{"teft_cards_image_url":"","teft_cards_custom_pretitle":"","teft_cards_image_id":0,"teft_cards_image_focal_point_x":0,"teft_cards_image_focal_point_y":0,"teft_cards_title":"","teft_cards_excerpt":"","teft_show_chapters":false,"footnotes":""},"class_list":["post-3","page","type-page","status-publish","hentry"],"yoast_head":"<!-- This site is optimized with the Yoast SEO plugin v26.6 - https:\/\/yoast.com\/wordpress\/plugins\/seo\/ -->\n<title>Forsiden - Nordre Follo H\u00f8yre<\/title>\n<meta name=\"robots\" content=\"index, follow, max-snippet:-1, max-image-preview:large, max-video-preview:-1\" \/>\n<link rel=\"canonical\" href=\"https:\/\/hoyre.no\/nordre-follo\/\" \/>\n<meta property=\"og:locale\" content=\"nb_NO\" \/>\n<meta property=\"og:type\" content=\"article\" \/>\n<meta property=\"og:title\" content=\"Forsiden - Nordre Follo H\u00f8yre\" \/>\n<meta property=\"og:url\" content=\"https:\/\/hoyre.no\/nordre-follo\/\" \/>\n<meta property=\"og:site_name\" content=\"Nordre Follo H\u00f8yre\" \/>\n<meta property=\"article:modified_time\" content=\"2026-01-12T15:01:32+00:00\" \/>\n<meta property=\"og:image\" content=\"https:\/\/hoyre.no\/content\/uploads\/sites\/169\/2024\/12\/Cecilie-Pind_foto-Lill-Karin-Saltermark.jpg\" \/>\n<meta name=\"twitter:card\" content=\"summary_large_image\" \/>\n<meta name=\"twitter:label1\" content=\"Ansl. lesetid\" \/>\n\t<meta name=\"twitter:data1\" content=\"1 minutt\" \/>\n<script type=\"application\/ld+json\" class=\"yoast-schema-graph\">{\"@context\":\"https:\/\/schema.org\",\"@graph\":[{\"@type\":\"WebPage\",\"@id\":\"https:\/\/hoyre.no\/nordre-follo\/\",\"url\":\"https:\/\/hoyre.no\/nordre-follo\/\",\"name\":\"Forsiden - Nordre Follo H\u00f8yre\",\"isPartOf\":{\"@id\":\"https:\/\/hoyre.no\/nordre-follo\/#website\"},\"image\":{\"@id\":\"https:\/\/hoyre.no\/nordre-follo\/#primaryimage\"},\"thumbnailUrl\":\"https:\/\/hoyre.no\/content\/uploads\/sites\/169\/2024\/12\/Cecilie-Pind_foto-Lill-Karin-Saltermark.jpg\",\"datePublished\":\"2020-11-12T09:13:29+00:00\",\"dateModified\":\"2026-01-12T15:01:32+00:00\",\"breadcrumb\":{\"@id\":\"https:\/\/hoyre.no\/nordre-follo\/#breadcrumb\"},\"inLanguage\":\"nb-NO\",\"potentialAction\":[{\"@type\":\"ReadAction\",\"target\":[\"https:\/\/hoyre.no\/nordre-follo\/\"]}]},{\"@type\":\"ImageObject\",\"inLanguage\":\"nb-NO\",\"@id\":\"https:\/\/hoyre.no\/nordre-follo\/#primaryimage\",\"url\":\"https:\/\/hoyre.no\/content\/uploads\/sites\/169\/2024\/12\/Cecilie-Pind_foto-Lill-Karin-Saltermark.jpg\",\"contentUrl\":\"https:\/\/hoyre.no\/content\/uploads\/sites\/169\/2024\/12\/Cecilie-Pind_foto-Lill-Karin-Saltermark.jpg\"},{\"@type\":\"BreadcrumbList\",\"@id\":\"https:\/\/hoyre.no\/nordre-follo\/#breadcrumb\",\"itemListElement\":[{\"@type\":\"ListItem\",\"position\":1,\"name\":\"Til hoyre.no\",\"item\":\"https:\/\/hoyre.no\"},{\"@type\":\"ListItem\",\"position\":2,\"name\":\"Hjem\",\"item\":\"https:\/\/hoyre.no\/nordre-follo\/\"},{\"@type\":\"ListItem\",\"position\":3,\"name\":\"Forsiden\"}]},{\"@type\":\"WebSite\",\"@id\":\"https:\/\/hoyre.no\/nordre-follo\/#website\",\"url\":\"https:\/\/hoyre.no\/nordre-follo\/\",\"name\":\"Nordre Follo H\u00f8yre\",\"description\":\"Bare enda et H\u00f8yres nettsteder-nettsted\",\"inLanguage\":\"nb-NO\"}]}<\/script>\n<!-- \/ Yoast SEO plugin. -->","yoast_head_json":{"title":"Forsiden - Nordre Follo H\u00f8yre","robots":{"index":"index","follow":"follow","max-snippet":"max-snippet:-1","max-image-preview":"max-image-preview:large","max-video-preview":"max-video-preview:-1"},"canonical":"https:\/\/hoyre.no\/nordre-follo\/","og_locale":"nb_NO","og_type":"article","og_title":"Forsiden - Nordre Follo H\u00f8yre","og_url":"https:\/\/hoyre.no\/nordre-follo\/","og_site_name":"Nordre Follo H\u00f8yre","article_modified_time":"2026-01-12T15:01:32+00:00","og_image":[{"url":"https:\/\/hoyre.no\/content\/uploads\/sites\/169\/2024\/12\/Cecilie-Pind_foto-Lill-Karin-Saltermark.jpg","type":"","width":"","height":""}],"twitter_card":"summary_large_image","twitter_misc":{"Ansl. lesetid":"1 minutt"},"schema":{"@context":"https:\/\/schema.org","@graph":[{"@type":"WebPage","@id":"https:\/\/hoyre.no\/nordre-follo\/","url":"https:\/\/hoyre.no\/nordre-follo\/","name":"Forsiden - Nordre Follo H\u00f8yre","isPartOf":{"@id":"https:\/\/hoyre.no\/nordre-follo\/#website"},"image":{"@id":"https:\/\/hoyre.no\/nordre-follo\/#primaryimage"},"thumbnailUrl":"https:\/\/hoyre.no\/content\/uploads\/sites\/169\/2024\/12\/Cecilie-Pind_foto-Lill-Karin-Saltermark.jpg","datePublished":"2020-11-12T09:13:29+00:00","dateModified":"2026-01-12T15:01:32+00:00","breadcrumb":{"@id":"https:\/\/hoyre.no\/nordre-follo\/#breadcrumb"},"inLanguage":"nb-NO","potentialAction":[{"@type":"ReadAction","target":["https:\/\/hoyre.no\/nordre-follo\/"]}]},{"@type":"ImageObject","inLanguage":"nb-NO","@id":"https:\/\/hoyre.no\/nordre-follo\/#primaryimage","url":"https:\/\/hoyre.no\/content\/uploads\/sites\/169\/2024\/12\/Cecilie-Pind_foto-Lill-Karin-Saltermark.jpg","contentUrl":"https:\/\/hoyre.no\/content\/uploads\/sites\/169\/2024\/12\/Cecilie-Pind_foto-Lill-Karin-Saltermark.jpg"},{"@type":"BreadcrumbList","@id":"https:\/\/hoyre.no\/nordre-follo\/#breadcrumb","itemListElement":[{"@type":"ListItem","position":1,"name":"Til hoyre.no","item":"https:\/\/hoyre.no"},{"@type":"ListItem","position":2,"name":"Hjem","item":"https:\/\/hoyre.no\/nordre-follo\/"},{"@type":"ListItem","position":3,"name":"Forsiden"}]},{"@type":"WebSite","@id":"https:\/\/hoyre.no\/nordre-follo\/#website","url":"https:\/\/hoyre.no\/nordre-follo\/","name":"Nordre Follo H\u00f8yre","description":"Bare enda et H\u00f8yres nettsteder-nettsted","inLanguage":"nb-NO"}]}},"distributor_meta":false,"distributor_terms":false,"distributor_media":false,"distributor_original_site_name":"Nordre Follo H\u00f8yre","distributor_original_site_url":"https:\/\/hoyre.no\/nordre-follo","push-errors":false,"_links":{"self":[{"href":"https:\/\/hoyre.no\/nordre-follo\/wp-json\/wp\/v2\/pages\/3","targetHints":{"allow":["GET"]}}],"collection":[{"href":"https:\/\/hoyre.no\/nordre-follo\/wp-json\/wp\/v2\/pages"}],"about":[{"href":"https:\/\/hoyre.no\/nordre-follo\/wp-json\/wp\/v2\/types\/page"}],"author":[{"embeddable":true,"href":"https:\/\/hoyre.no\/nordre-follo\/wp-json\/wp\/v2\/users\/51320"}],"replies":[{"embeddable":true,"href":"https:\/\/hoyre.no\/nordre-follo\/wp-json\/wp\/v2\/comments?post=3"}],"version-history":[{"count":61,"href":"https:\/\/hoyre.no\/nordre-follo\/wp-json\/wp\/v2\/pages\/3\/revisions"}],"predecessor-version":[{"id":2652,"href":"https:\/\/hoyre.no\/nordre-follo\/wp-json\/wp\/v2\/pages\/3\/revisions\/2652"}],"wp:attachment":[{"href":"https:\/\/hoyre.no\/nordre-follo\/wp-json\/wp\/v2\/media?parent=3"}],"curies":[{"name":"wp","href":"https:\/\/api.w.org\/{rel}","templated":true}]}}