{"id":19,"date":"2023-05-02T12:46:42","date_gmt":"2023-05-02T10:46:42","guid":{"rendered":"https:\/\/hoyre.no\/nore-og-uvdal\/?page_id=19"},"modified":"2023-08-31T13:30:41","modified_gmt":"2023-08-31T11:30:41","slug":"politikk","status":"publish","type":"page","link":"https:\/\/hoyre.no\/nore-og-uvdal\/politikk\/","title":{"rendered":"Politikk"},"content":{"rendered":"\n<div class=\"wp-block-hoyre-hero with-image-gradient text-color-light  alignfull has-background\"><div class=\"hoyre-hero \"><h1 class=\"title\">Politikk<\/h1><p class=\"preamble\">N\u00e5r frivilligheten, n\u00e6ringslivet og offentlig sektor spiller p\u00e5 lag, skapes det gode lokalsamfunn. H\u00f8yre tror p\u00e5 enkeltmenneskets evne og lyst til \u00e5 st\u00e5 p\u00e5 egne ben.<br><br>Det er v\u00e5r oppgave \u00e5 s\u00f8rge for at mennesker kan leve gode liv, uansett utgangspunkt. Vi skaper ikke politikk for kommunen, men for alle som bor der. H\u00f8yre tror p\u00e5 et samfunn som gir muligheter for alle.<\/p><\/div><\/div>\n\n\n<div class=\"wp-block hoyre-section alignfull has-background is-style-light-blue wp-block-hoyre-section\"><div class=\"inner-blocks alignwide\">\n\n<p>Last ned programmet her:<\/p>\n\n\n\n<div class=\"wp-block-teft-file icon-link-block\"><a href=\"https:\/\/hoyre.no\/content\/uploads\/sites\/168\/2023\/08\/Nore-og-Uvdal-Hoyre-valgprogram.pdf\" download><span class=\"file-title\">Nore og Uvdal H\u00f8yres valgprogram 2023-2027<\/span><span class=\"file-name\"><\/span><\/a><\/div>\n\n<\/div><\/div>","protected":false},"excerpt":{"rendered":"","protected":false},"author":16039,"featured_media":0,"parent":0,"menu_order":0,"comment_status":"closed","ping_status":"closed","template":"","meta":{"teft_cards_image_url":"","teft_cards_custom_pretitle":"","teft_cards_image_id":0,"teft_cards_image_focal_point_x":0,"teft_cards_image_focal_point_y":0,"teft_cards_title":"","teft_cards_excerpt":"","teft_show_chapters":false,"footnotes":""},"class_list":["post-19","page","type-page","status-publish","hentry"],"yoast_head":"<!-- This site is optimized with the Yoast SEO plugin v26.6 - https:\/\/yoast.com\/wordpress\/plugins\/seo\/ -->\n<title>Politikk - Nore og Uvdal H\u00f8yre<\/title>\n<meta name=\"robots\" content=\"index, follow, max-snippet:-1, max-image-preview:large, max-video-preview:-1\" \/>\n<link rel=\"canonical\" href=\"https:\/\/hoyre.no\/nore-og-uvdal\/politikk\/\" \/>\n<meta property=\"og:locale\" content=\"nb_NO\" \/>\n<meta property=\"og:type\" content=\"article\" \/>\n<meta property=\"og:title\" content=\"Politikk - Nore og Uvdal H\u00f8yre\" \/>\n<meta property=\"og:url\" content=\"https:\/\/hoyre.no\/nore-og-uvdal\/politikk\/\" \/>\n<meta property=\"og:site_name\" content=\"Nore og Uvdal H\u00f8yre\" \/>\n<meta property=\"article:modified_time\" content=\"2023-08-31T11:30:41+00:00\" \/>\n<meta property=\"og:image\" content=\"https:\/\/hoyre.no\/content\/uploads\/sites\/168\/2022\/11\/Hoyres-logo.png\" \/>\n\t<meta property=\"og:image:width\" content=\"1000\" \/>\n\t<meta property=\"og:image:height\" content=\"1000\" \/>\n\t<meta property=\"og:image:type\" content=\"image\/png\" \/>\n<meta name=\"twitter:card\" content=\"summary_large_image\" \/>\n<script type=\"application\/ld+json\" class=\"yoast-schema-graph\">{\"@context\":\"https:\/\/schema.org\",\"@graph\":[{\"@type\":\"WebPage\",\"@id\":\"https:\/\/hoyre.no\/nore-og-uvdal\/politikk\/\",\"url\":\"https:\/\/hoyre.no\/nore-og-uvdal\/politikk\/\",\"name\":\"Politikk - Nore og Uvdal H\u00f8yre\",\"isPartOf\":{\"@id\":\"https:\/\/hoyre.no\/nore-og-uvdal\/#website\"},\"datePublished\":\"2023-05-02T10:46:42+00:00\",\"dateModified\":\"2023-08-31T11:30:41+00:00\",\"breadcrumb\":{\"@id\":\"https:\/\/hoyre.no\/nore-og-uvdal\/politikk\/#breadcrumb\"},\"inLanguage\":\"nb-NO\",\"potentialAction\":[{\"@type\":\"ReadAction\",\"target\":[\"https:\/\/hoyre.no\/nore-og-uvdal\/politikk\/\"]}]},{\"@type\":\"BreadcrumbList\",\"@id\":\"https:\/\/hoyre.no\/nore-og-uvdal\/politikk\/#breadcrumb\",\"itemListElement\":[{\"@type\":\"ListItem\",\"position\":1,\"name\":\"Til hoyre.no\",\"item\":\"https:\/\/hoyre.no\"},{\"@type\":\"ListItem\",\"position\":2,\"name\":\"Hjem\",\"item\":\"https:\/\/hoyre.no\/nore-og-uvdal\/\"},{\"@type\":\"ListItem\",\"position\":3,\"name\":\"Politikk\"}]},{\"@type\":\"WebSite\",\"@id\":\"https:\/\/hoyre.no\/nore-og-uvdal\/#website\",\"url\":\"https:\/\/hoyre.no\/nore-og-uvdal\/\",\"name\":\"Nore og Uvdal H\u00f8yre\",\"description\":\"Bare enda et H\u00f8yres nettsteder-nettsted\",\"inLanguage\":\"nb-NO\"}]}<\/script>\n<!-- \/ Yoast SEO plugin. -->","yoast_head_json":{"title":"Politikk - Nore og Uvdal H\u00f8yre","robots":{"index":"index","follow":"follow","max-snippet":"max-snippet:-1","max-image-preview":"max-image-preview:large","max-video-preview":"max-video-preview:-1"},"canonical":"https:\/\/hoyre.no\/nore-og-uvdal\/politikk\/","og_locale":"nb_NO","og_type":"article","og_title":"Politikk - Nore og Uvdal H\u00f8yre","og_url":"https:\/\/hoyre.no\/nore-og-uvdal\/politikk\/","og_site_name":"Nore og Uvdal H\u00f8yre","article_modified_time":"2023-08-31T11:30:41+00:00","og_image":[{"width":1000,"height":1000,"url":"https:\/\/hoyre.no\/content\/uploads\/sites\/168\/2022\/11\/Hoyres-logo.png","type":"image\/png"}],"twitter_card":"summary_large_image","schema":{"@context":"https:\/\/schema.org","@graph":[{"@type":"WebPage","@id":"https:\/\/hoyre.no\/nore-og-uvdal\/politikk\/","url":"https:\/\/hoyre.no\/nore-og-uvdal\/politikk\/","name":"Politikk - Nore og Uvdal H\u00f8yre","isPartOf":{"@id":"https:\/\/hoyre.no\/nore-og-uvdal\/#website"},"datePublished":"2023-05-02T10:46:42+00:00","dateModified":"2023-08-31T11:30:41+00:00","breadcrumb":{"@id":"https:\/\/hoyre.no\/nore-og-uvdal\/politikk\/#breadcrumb"},"inLanguage":"nb-NO","potentialAction":[{"@type":"ReadAction","target":["https:\/\/hoyre.no\/nore-og-uvdal\/politikk\/"]}]},{"@type":"BreadcrumbList","@id":"https:\/\/hoyre.no\/nore-og-uvdal\/politikk\/#breadcrumb","itemListElement":[{"@type":"ListItem","position":1,"name":"Til hoyre.no","item":"https:\/\/hoyre.no"},{"@type":"ListItem","position":2,"name":"Hjem","item":"https:\/\/hoyre.no\/nore-og-uvdal\/"},{"@type":"ListItem","position":3,"name":"Politikk"}]},{"@type":"WebSite","@id":"https:\/\/hoyre.no\/nore-og-uvdal\/#website","url":"https:\/\/hoyre.no\/nore-og-uvdal\/","name":"Nore og Uvdal H\u00f8yre","description":"Bare enda et H\u00f8yres nettsteder-nettsted","inLanguage":"nb-NO"}]}},"distributor_meta":false,"distributor_terms":false,"distributor_media":false,"distributor_original_site_name":"Nore og Uvdal H\u00f8yre","distributor_original_site_url":"https:\/\/hoyre.no\/nore-og-uvdal","push-errors":false,"_links":{"self":[{"href":"https:\/\/hoyre.no\/nore-og-uvdal\/wp-json\/wp\/v2\/pages\/19","targetHints":{"allow":["GET"]}}],"collection":[{"href":"https:\/\/hoyre.no\/nore-og-uvdal\/wp-json\/wp\/v2\/pages"}],"about":[{"href":"https:\/\/hoyre.no\/nore-og-uvdal\/wp-json\/wp\/v2\/types\/page"}],"author":[{"embeddable":true,"href":"https:\/\/hoyre.no\/nore-og-uvdal\/wp-json\/wp\/v2\/users\/16039"}],"replies":[{"embeddable":true,"href":"https:\/\/hoyre.no\/nore-og-uvdal\/wp-json\/wp\/v2\/comments?post=19"}],"version-history":[{"count":3,"href":"https:\/\/hoyre.no\/nore-og-uvdal\/wp-json\/wp\/v2\/pages\/19\/revisions"}],"predecessor-version":[{"id":111,"href":"https:\/\/hoyre.no\/nore-og-uvdal\/wp-json\/wp\/v2\/pages\/19\/revisions\/111"}],"wp:attachment":[{"href":"https:\/\/hoyre.no\/nore-og-uvdal\/wp-json\/wp\/v2\/media?parent=19"}],"curies":[{"name":"wp","href":"https:\/\/api.w.org\/{rel}","templated":true}]}}