{"id":162,"date":"2022-11-15T15:31:58","date_gmt":"2022-11-15T14:31:58","guid":{"rendered":"https:\/\/hoyre.no\/notodden\/?page_id=162"},"modified":"2022-11-16T10:28:22","modified_gmt":"2022-11-16T09:28:22","slug":"kandidatliste","status":"publish","type":"page","link":"https:\/\/hoyre.no\/notodden\/kandidatliste\/","title":{"rendered":"Kandidatliste"},"content":{"rendered":"\n<div class=\"wp-block-hoyre-hero with-image-gradient text-color-light  alignfull has-background\"><div class=\"hoyre-hero \"><h1 class=\"title\">Kandidatliste<\/h1><p class=\"preamble\">Nominasjonskomiteen har vedtatt f\u00f8lgende sterke  kandidatliste. <br><br>Anne Mette Gangs\u00f8y ble valgt til partiets ordf\u00f8rerkandidat i eget nominasjonsm\u00f8te i juni. Nominasjonsm\u00f8tet holdes p\u00e5 USN onsdag 23.november kl.18, og der skal endelig kandidatliste velges. <\/p><\/div><\/div>\n\n\n\n\n<div class=\"wp-block-hoyre-banner undefined  is-style-blue\"><div class=\"banner-inner\"><div class=\"banner-content\"><div class=\"entry-content\">\n<h2 class=\"wp-block-heading\">Innstilt kandidatliste<\/h2>\n\n\n\n<ol class=\"wp-block-list\" type=\"1\"><li><strong>Anne Mette Gangs\u00f8y<\/strong><\/li><li><strong>Roger Heimdal<\/strong><\/li><li><strong>Tonje Harbek Brokke<\/strong><\/li><li><strong>Ole Thomas Lunde<\/strong><\/li><li>Thomas Christopher Tinne<\/li><li>Borgar L\u00f8berg<\/li><li>Svetlana F. Neteland<\/li><li>Lene Himberg Krosshus<\/li><li>Tor Sveinung Simones<\/li><li>Ezekiel Hauge<\/li><li>Ida Asland<\/li><li>Laila Glittenberg Moen<\/li><li>Einar Iversen<\/li><li>Liv Mette Tveiten<\/li><li>Tone Juul Fr\u00f8myhr<\/li><li>Hans Olav Gjestrud<\/li><li>Maria Tinnes Bjerkene<\/li><li>Torun Anita Iversen<\/li><li>Gunn Mari Nyheim<\/li><li>Vegard Ryen Skullerud<\/li><li>Anne Cathrine Elde<\/li><li>Svend Yngvar Stokker<\/li><li>G\u00f8ran Liff<\/li><\/ol>\n<\/div><\/div><\/div><\/div>\n\n","protected":false},"excerpt":{"rendered":"","protected":false},"author":31491,"featured_media":0,"parent":0,"menu_order":0,"comment_status":"closed","ping_status":"closed","template":"","meta":{"teft_cards_image_url":"","teft_cards_custom_pretitle":"","teft_cards_image_id":0,"teft_cards_image_focal_point_x":0,"teft_cards_image_focal_point_y":0,"teft_cards_title":"","teft_cards_excerpt":"","teft_show_chapters":false,"footnotes":""},"class_list":["post-162","page","type-page","status-publish","hentry"],"yoast_head":"<!-- This site is optimized with the Yoast SEO plugin v26.6 - https:\/\/yoast.com\/wordpress\/plugins\/seo\/ -->\n<title>Kandidatliste - Notodden H\u00f8yre<\/title>\n<meta name=\"robots\" content=\"index, follow, max-snippet:-1, max-image-preview:large, max-video-preview:-1\" \/>\n<link rel=\"canonical\" href=\"https:\/\/hoyre.no\/notodden\/kandidatliste\/\" \/>\n<meta property=\"og:locale\" content=\"nb_NO\" \/>\n<meta property=\"og:type\" content=\"article\" \/>\n<meta property=\"og:title\" content=\"Kandidatliste - Notodden H\u00f8yre\" \/>\n<meta property=\"og:url\" content=\"https:\/\/hoyre.no\/notodden\/kandidatliste\/\" \/>\n<meta property=\"og:site_name\" content=\"Notodden H\u00f8yre\" \/>\n<meta property=\"article:modified_time\" content=\"2022-11-16T09:28:22+00:00\" \/>\n<meta property=\"og:image\" content=\"https:\/\/hoyre.no\/content\/uploads\/sites\/361\/2022\/11\/Hoyres-logo.png\" \/>\n\t<meta property=\"og:image:width\" content=\"1000\" \/>\n\t<meta property=\"og:image:height\" content=\"1000\" \/>\n\t<meta property=\"og:image:type\" content=\"image\/png\" \/>\n<meta name=\"twitter:card\" content=\"summary_large_image\" \/>\n<meta name=\"twitter:label1\" content=\"Ansl. lesetid\" \/>\n\t<meta name=\"twitter:data1\" content=\"1 minutt\" \/>\n<script type=\"application\/ld+json\" class=\"yoast-schema-graph\">{\"@context\":\"https:\/\/schema.org\",\"@graph\":[{\"@type\":\"WebPage\",\"@id\":\"https:\/\/hoyre.no\/notodden\/kandidatliste\/\",\"url\":\"https:\/\/hoyre.no\/notodden\/kandidatliste\/\",\"name\":\"Kandidatliste - Notodden H\u00f8yre\",\"isPartOf\":{\"@id\":\"https:\/\/hoyre.no\/notodden\/#website\"},\"datePublished\":\"2022-11-15T14:31:58+00:00\",\"dateModified\":\"2022-11-16T09:28:22+00:00\",\"breadcrumb\":{\"@id\":\"https:\/\/hoyre.no\/notodden\/kandidatliste\/#breadcrumb\"},\"inLanguage\":\"nb-NO\",\"potentialAction\":[{\"@type\":\"ReadAction\",\"target\":[\"https:\/\/hoyre.no\/notodden\/kandidatliste\/\"]}]},{\"@type\":\"BreadcrumbList\",\"@id\":\"https:\/\/hoyre.no\/notodden\/kandidatliste\/#breadcrumb\",\"itemListElement\":[{\"@type\":\"ListItem\",\"position\":1,\"name\":\"Til hoyre.no\",\"item\":\"https:\/\/hoyre.no\"},{\"@type\":\"ListItem\",\"position\":2,\"name\":\"Hjem\",\"item\":\"https:\/\/hoyre.no\/notodden\/\"},{\"@type\":\"ListItem\",\"position\":3,\"name\":\"Kandidatliste\"}]},{\"@type\":\"WebSite\",\"@id\":\"https:\/\/hoyre.no\/notodden\/#website\",\"url\":\"https:\/\/hoyre.no\/notodden\/\",\"name\":\"Notodden H\u00f8yre\",\"description\":\"Bare enda et H\u00f8yres nettsteder-nettsted\",\"inLanguage\":\"nb-NO\"}]}<\/script>\n<!-- \/ Yoast SEO plugin. -->","yoast_head_json":{"title":"Kandidatliste - Notodden H\u00f8yre","robots":{"index":"index","follow":"follow","max-snippet":"max-snippet:-1","max-image-preview":"max-image-preview:large","max-video-preview":"max-video-preview:-1"},"canonical":"https:\/\/hoyre.no\/notodden\/kandidatliste\/","og_locale":"nb_NO","og_type":"article","og_title":"Kandidatliste - Notodden H\u00f8yre","og_url":"https:\/\/hoyre.no\/notodden\/kandidatliste\/","og_site_name":"Notodden H\u00f8yre","article_modified_time":"2022-11-16T09:28:22+00:00","og_image":[{"width":1000,"height":1000,"url":"https:\/\/hoyre.no\/content\/uploads\/sites\/361\/2022\/11\/Hoyres-logo.png","type":"image\/png"}],"twitter_card":"summary_large_image","twitter_misc":{"Ansl. lesetid":"1 minutt"},"schema":{"@context":"https:\/\/schema.org","@graph":[{"@type":"WebPage","@id":"https:\/\/hoyre.no\/notodden\/kandidatliste\/","url":"https:\/\/hoyre.no\/notodden\/kandidatliste\/","name":"Kandidatliste - Notodden H\u00f8yre","isPartOf":{"@id":"https:\/\/hoyre.no\/notodden\/#website"},"datePublished":"2022-11-15T14:31:58+00:00","dateModified":"2022-11-16T09:28:22+00:00","breadcrumb":{"@id":"https:\/\/hoyre.no\/notodden\/kandidatliste\/#breadcrumb"},"inLanguage":"nb-NO","potentialAction":[{"@type":"ReadAction","target":["https:\/\/hoyre.no\/notodden\/kandidatliste\/"]}]},{"@type":"BreadcrumbList","@id":"https:\/\/hoyre.no\/notodden\/kandidatliste\/#breadcrumb","itemListElement":[{"@type":"ListItem","position":1,"name":"Til hoyre.no","item":"https:\/\/hoyre.no"},{"@type":"ListItem","position":2,"name":"Hjem","item":"https:\/\/hoyre.no\/notodden\/"},{"@type":"ListItem","position":3,"name":"Kandidatliste"}]},{"@type":"WebSite","@id":"https:\/\/hoyre.no\/notodden\/#website","url":"https:\/\/hoyre.no\/notodden\/","name":"Notodden H\u00f8yre","description":"Bare enda et H\u00f8yres nettsteder-nettsted","inLanguage":"nb-NO"}]}},"distributor_meta":false,"distributor_terms":false,"distributor_media":false,"distributor_original_site_name":"Notodden H\u00f8yre","distributor_original_site_url":"https:\/\/hoyre.no\/notodden","push-errors":false,"_links":{"self":[{"href":"https:\/\/hoyre.no\/notodden\/wp-json\/wp\/v2\/pages\/162","targetHints":{"allow":["GET"]}}],"collection":[{"href":"https:\/\/hoyre.no\/notodden\/wp-json\/wp\/v2\/pages"}],"about":[{"href":"https:\/\/hoyre.no\/notodden\/wp-json\/wp\/v2\/types\/page"}],"author":[{"embeddable":true,"href":"https:\/\/hoyre.no\/notodden\/wp-json\/wp\/v2\/users\/31491"}],"replies":[{"embeddable":true,"href":"https:\/\/hoyre.no\/notodden\/wp-json\/wp\/v2\/comments?post=162"}],"version-history":[{"count":5,"href":"https:\/\/hoyre.no\/notodden\/wp-json\/wp\/v2\/pages\/162\/revisions"}],"predecessor-version":[{"id":172,"href":"https:\/\/hoyre.no\/notodden\/wp-json\/wp\/v2\/pages\/162\/revisions\/172"}],"wp:attachment":[{"href":"https:\/\/hoyre.no\/notodden\/wp-json\/wp\/v2\/media?parent=162"}],"curies":[{"name":"wp","href":"https:\/\/api.w.org\/{rel}","templated":true}]}}