{"id":221,"date":"2023-04-11T09:43:35","date_gmt":"2023-04-11T07:43:35","guid":{"rendered":"https:\/\/hoyre.no\/notodden\/?page_id=221"},"modified":"2025-02-04T13:32:32","modified_gmt":"2025-02-04T12:32:32","slug":"seks-gode-grunner-til-a-stemme-notodden-hoyre","status":"publish","type":"page","link":"https:\/\/hoyre.no\/notodden\/seks-gode-grunner-til-a-stemme-notodden-hoyre\/","title":{"rendered":"Seks gode grunner til \u00e5 stemme Notodden H\u00f8yre"},"content":{"rendered":"\n\t\t<div class=\" has-simple-highlight style-white has-mobile-text-aligned-center slogan-type-custom wp-block-hoyre-slogan\">\n\t\t\t<div class=\"slogan-container\">\n\t\t\t\t<div class=\"slogan__image\">\n\t\t\t\t\t<img decoding=\"async\" class=\"slogan__background-media\" src=\"https:\/\/hoyre.no\/content\/plugins\/block-library\/build\/slogan\/assets\/hoyre_lokal_standard_front.jpg\" alt=\"\" style=\"--focal-point: 100% 65%;\" \/>\n\t\t\t\t<\/div>\n\t\t\t\t<div class=\"slogan__content\">\n\t\t\t\t\t\n\t\t\t\t\t<h2 class=\"slogan__big-title\">Seks gode grunner til \u00e5 stemme Notodden H\u00f8yre<\/h2>\n\t\t\t\t\t\n\t\t\t\t\t\n\t\t\t\t<\/div>\n\t\t\t<\/div>\n\t\t\t\n\t\t<\/div>\n\t\t\n\n\n\t\t<div class=\"has-transparent-background-color is-layout-right alignwide alignwide wp-block-hoyre-media-text\">\n\t\t\t<div class=\"hoyre-media-text__media\">\n\t\t\t\t<img loading=\"lazy\" decoding=\"async\" width=\"1024\" height=\"681\" src=\"https:\/\/hoyre.no\/content\/uploads\/sites\/361\/2023\/05\/1-Alle-DX5F1375-kopi-1024x681.jpg\" class=\"hoyre-media-text__media-image\" alt=\"\" style=\"--focal: 50% 50%;\" srcset=\"https:\/\/hoyre.no\/content\/uploads\/sites\/361\/2023\/05\/1-Alle-DX5F1375-kopi-1024x681.jpg 1024w, https:\/\/hoyre.no\/content\/uploads\/sites\/361\/2023\/05\/1-Alle-DX5F1375-kopi-300x199.jpg 300w, https:\/\/hoyre.no\/content\/uploads\/sites\/361\/2023\/05\/1-Alle-DX5F1375-kopi-768x511.jpg 768w, https:\/\/hoyre.no\/content\/uploads\/sites\/361\/2023\/05\/1-Alle-DX5F1375-kopi-1536x1021.jpg 1536w, https:\/\/hoyre.no\/content\/uploads\/sites\/361\/2023\/05\/1-Alle-DX5F1375-kopi-2048x1362.jpg 2048w\" sizes=\"auto, (max-width: 1024px) 100vw, 1024px\" \/>\n\t\t\t<\/div>\n\t\t\t<div class=\"hoyre-media-text__content\">\n\t\t\t\t<div class=\"hoyre-media-text__content-inner\">\n\t\t\t\t\t\n\t\t\t<div class=\"hoyre-media-text__title-container\">\n\t\t\t\t\n\t\t\t\t<h2 class=\"hoyre-media-text__title\">Vi trenger et skifte!<\/h2>\n\t\t\t<\/div>\n\t\t\t\n\t\t\t\t\t<div class=\"hoyre-media-text__blocks\">\n<p>Derfor vil vi samarbeide med alle partier som mener at Notodden fortjener bedre.<\/p><p>Vi skal sikre en trygg og god \u00f8konomisk styring der vi prioriterer det viktigste f\u00f8rst. Det er innholdet i skolen, valgfrihet i eldreomsorgen og en kommune som spiller p\u00e5 lag med b\u00e5de innbyggerne og n\u00e6ringslivet.<\/p>\n<\/div>\n\t\t\t\t\t\n\t\t\t\t<\/div>\n\t\t\t<\/div>\n\t\t<\/div>\n\t\t\n\n\n\n\t\t<div class=\"has-lightest-blue-background-color is-layout-left alignwide alignwide wp-block-hoyre-media-text\">\n\t\t\t<div class=\"hoyre-media-text__media\">\n\t\t\t\t<img loading=\"lazy\" decoding=\"async\" width=\"1024\" height=\"683\" src=\"https:\/\/hoyre.no\/content\/uploads\/sites\/361\/2023\/04\/nxGVXwmU-1024x683.jpeg\" class=\"hoyre-media-text__media-image\" alt=\"\" style=\"--focal: 50% 50%;\" srcset=\"https:\/\/hoyre.no\/content\/uploads\/sites\/361\/2023\/04\/nxGVXwmU-1024x683.jpeg 1024w, https:\/\/hoyre.no\/content\/uploads\/sites\/361\/2023\/04\/nxGVXwmU-300x200.jpeg 300w, https:\/\/hoyre.no\/content\/uploads\/sites\/361\/2023\/04\/nxGVXwmU-768x512.jpeg 768w, https:\/\/hoyre.no\/content\/uploads\/sites\/361\/2023\/04\/nxGVXwmU-1536x1024.jpeg 1536w, https:\/\/hoyre.no\/content\/uploads\/sites\/361\/2023\/04\/nxGVXwmU-2048x1365.jpeg 2048w\" sizes=\"auto, (max-width: 1024px) 100vw, 1024px\" \/>\n\t\t\t<\/div>\n\t\t\t<div class=\"hoyre-media-text__content\">\n\t\t\t\t<div class=\"hoyre-media-text__content-inner\">\n\t\t\t\t\t\n\t\t\t<div class=\"hoyre-media-text__title-container\">\n\t\t\t\t\n\t\t\t\t<h2 class=\"hoyre-media-text__title\">1. En familievennlig kommune<\/h2>\n\t\t\t<\/div>\n\t\t\t\n\t\t\t\t\t<div class=\"hoyre-media-text__blocks\">\n<p>H\u00f8yre vil ha et mer fleksibelt SFO-tilbud. 9 ukers skoleferie er en stor utfordring for de fleste familier. Dette vil vi gj\u00f8re noe med. H\u00f8yre satser p\u00e5 kvalitet i alle barnehager og vil styrke offentlig og privat samarbeid. <\/p><p>Vi vil tilrettelegge for et mer fleksibelt barnehageopptak gjennom hele \u00e5ret. Vi vil ha en overordnet strategisk plan for barnehagene og styrke foreldrenes mulighet til \u00e5 p\u00e5virke tilbudet<\/p>\n<\/div>\n\t\t\t\t\t\n\t\t\t\t<\/div>\n\t\t\t<\/div>\n\t\t<\/div>\n\t\t\n\n\n\t\t<div class=\"has-pale-purple-background-color is-layout-right alignwide alignwide wp-block-hoyre-media-text\">\n\t\t\t<div class=\"hoyre-media-text__media\">\n\t\t\t\t<img loading=\"lazy\" decoding=\"async\" width=\"1024\" height=\"682\" src=\"https:\/\/hoyre.no\/content\/uploads\/sites\/361\/2023\/04\/m347xAnU-1024x682.jpeg\" class=\"hoyre-media-text__media-image\" alt=\"\" style=\"--focal: 50% 50%;\" srcset=\"https:\/\/hoyre.no\/content\/uploads\/sites\/361\/2023\/04\/m347xAnU-1024x682.jpeg 1024w, https:\/\/hoyre.no\/content\/uploads\/sites\/361\/2023\/04\/m347xAnU-300x200.jpeg 300w, https:\/\/hoyre.no\/content\/uploads\/sites\/361\/2023\/04\/m347xAnU-768x511.jpeg 768w, https:\/\/hoyre.no\/content\/uploads\/sites\/361\/2023\/04\/m347xAnU-1536x1022.jpeg 1536w, https:\/\/hoyre.no\/content\/uploads\/sites\/361\/2023\/04\/m347xAnU.jpeg 2048w\" sizes=\"auto, (max-width: 1024px) 100vw, 1024px\" \/>\n\t\t\t<\/div>\n\t\t\t<div class=\"hoyre-media-text__content\">\n\t\t\t\t<div class=\"hoyre-media-text__content-inner\">\n\t\t\t\t\t\n\t\t\t<div class=\"hoyre-media-text__title-container\">\n\t\t\t\t\n\t\t\t\t<h2 class=\"hoyre-media-text__title\">2. Notodden &#8211; hele livet<\/h2>\n\t\t\t<\/div>\n\t\t\t\n\t\t\t\t\t<div class=\"hoyre-media-text__blocks\">\n<p>I Notodden skal de eldre bestemme selv hvordan de \u00f8nsker \u00e5 leve livene sine. Noen trenger bare litt hjelp for \u00e5 kunne bo hjemme lengre, mens andre kanskje trenger en omsorgsplass. <\/p><p>Kommunen skal strekke seg langt for \u00e5 tilpasse seg folks behov. For at man skal kunne v\u00e6re sjef i eget liv trenger man gode lag rundt seg. De p\u00e5r\u00f8rende er viktige spillere p\u00e5 dette laget. Ogs\u00e5 de p\u00e5r\u00f8rende skal vite at kommunen er der for dem og gir dem st\u00f8tte i den jobben de gj\u00f8r.<\/p><p> Derfor vil Notodden H\u00f8yre lytte til de p\u00e5r\u00f8rende og brukerne. Vi vil innf\u00f8re \u00e5rlige brukerunders\u00f8kelser som gi en retning for de beslutningene kommunestyret gj\u00f8r framover.<\/p>\n<\/div>\n\t\t\t\t\t\n\t\t\t\t<\/div>\n\t\t\t<\/div>\n\t\t<\/div>\n\t\t\n\n\n\t\t<div class=\"has-pink-background-color is-layout-left alignwide alignwide wp-block-hoyre-media-text\">\n\t\t\t<div class=\"hoyre-media-text__media\">\n\t\t\t\t<img loading=\"lazy\" decoding=\"async\" width=\"1024\" height=\"683\" src=\"https:\/\/hoyre.no\/content\/uploads\/sites\/361\/2023\/04\/CbPdonjc-1024x683.jpeg\" class=\"hoyre-media-text__media-image\" alt=\"\" style=\"--focal: 50% 50%;\" srcset=\"https:\/\/hoyre.no\/content\/uploads\/sites\/361\/2023\/04\/CbPdonjc-1024x683.jpeg 1024w, https:\/\/hoyre.no\/content\/uploads\/sites\/361\/2023\/04\/CbPdonjc-300x200.jpeg 300w, https:\/\/hoyre.no\/content\/uploads\/sites\/361\/2023\/04\/CbPdonjc-768x512.jpeg 768w, https:\/\/hoyre.no\/content\/uploads\/sites\/361\/2023\/04\/CbPdonjc-1536x1024.jpeg 1536w, https:\/\/hoyre.no\/content\/uploads\/sites\/361\/2023\/04\/CbPdonjc-2048x1365.jpeg 2048w\" sizes=\"auto, (max-width: 1024px) 100vw, 1024px\" \/>\n\t\t\t<\/div>\n\t\t\t<div class=\"hoyre-media-text__content\">\n\t\t\t\t<div class=\"hoyre-media-text__content-inner\">\n\t\t\t\t\t\n\t\t\t<div class=\"hoyre-media-text__title-container\">\n\t\t\t\t\n\t\t\t\t<h2 class=\"hoyre-media-text__title\">3. Vi er p\u00e5 lag med dem som skaper arbeidsplasser<\/h2>\n\t\t\t<\/div>\n\t\t\t\n\t\t\t\t\t<div class=\"hoyre-media-text__blocks\">\n<p>H\u00f8yre vil at kommunen skal oppleves som en fremoverlent medspiller med en positiv vilje til \u00e5 spille p\u00e5 lag med n\u00e6ringslivet. Forutsigbar og trygg \u00f8konomisk styring av Notodden kommune er avgj\u00f8rende for \u00e5 skape vekst og utvikling. Der noen ser etter den ene grunnen til \u00e5 si nei, vil vi se etter alle grunnene til \u00e5 si ja.<\/p>\n<\/div>\n\t\t\t\t\t\n\t\t\t\t<\/div>\n\t\t\t<\/div>\n\t\t<\/div>\n\t\t\n\n\n\t\t<div class=\"has-pale-green-background-color is-layout-right alignwide alignwide wp-block-hoyre-media-text\">\n\t\t\t<div class=\"hoyre-media-text__media\">\n\t\t\t\t<img loading=\"lazy\" decoding=\"async\" width=\"1024\" height=\"683\" src=\"https:\/\/hoyre.no\/content\/uploads\/sites\/361\/2023\/04\/w5OHPr4c-1024x683.jpeg\" class=\"hoyre-media-text__media-image\" alt=\"\" style=\"--focal: 41% 44%;\" srcset=\"https:\/\/hoyre.no\/content\/uploads\/sites\/361\/2023\/04\/w5OHPr4c-1024x683.jpeg 1024w, https:\/\/hoyre.no\/content\/uploads\/sites\/361\/2023\/04\/w5OHPr4c-300x200.jpeg 300w, https:\/\/hoyre.no\/content\/uploads\/sites\/361\/2023\/04\/w5OHPr4c-768x512.jpeg 768w, https:\/\/hoyre.no\/content\/uploads\/sites\/361\/2023\/04\/w5OHPr4c-1536x1024.jpeg 1536w, https:\/\/hoyre.no\/content\/uploads\/sites\/361\/2023\/04\/w5OHPr4c-2048x1365.jpeg 2048w\" sizes=\"auto, (max-width: 1024px) 100vw, 1024px\" \/>\n\t\t\t<\/div>\n\t\t\t<div class=\"hoyre-media-text__content\">\n\t\t\t\t<div class=\"hoyre-media-text__content-inner\">\n\t\t\t\t\t\n\t\t\t<div class=\"hoyre-media-text__title-container\">\n\t\t\t\t\n\t\t\t\t<h2 class=\"hoyre-media-text__title\">4. Et trygt sted \u00e5 l\u00e6re, som gir muligheter for alle<\/h2>\n\t\t\t<\/div>\n\t\t\t\n\t\t\t\t\t<div class=\"hoyre-media-text__blocks\">\n<p>Vi vil styrke laget rundt eleven, l\u00e6reren og lederen ved \u00e5 trekke inn flere yrkesgrupper i skolen. Samarbeid med lokale bedrifter om praksisplasser er et godt bidrag til \u00e5 motivere ungdommer og gi en mer praktisk skolehverdag. Dette vil ogs\u00e5 styrke rekruttering til lokale arbeidsplasser.<\/p><p>Vi vil at det skal tilbys oppl\u00e6ring i entrepren\u00f8rskap i alle skolene. Det aller viktigste for barn og unge er at de opplever et trygt og godt milj\u00f8 hvor de kan l\u00e6re og utvikle seg som mennesker. MOT-programmert bygger robust ungdom og gir en inkluderende ramme for pedagogikken og innf\u00f8ringen av den nye l\u00e6replanen i praksis. <\/p><p>Notodden H\u00f8yre vil at alle skoler skal bli MOT-skoler, og v\u00e6re en del av programmet: &laquo;Skolen som samfunnsbygger&raquo;.<\/p>\n<\/div>\n\t\t\t\t\t\n\t\t\t\t<\/div>\n\t\t\t<\/div>\n\t\t<\/div>\n\t\t\n\n\n\t\t<div class=\"has-lightest-blue-background-color is-layout-left alignwide alignwide wp-block-hoyre-media-text\">\n\t\t\t<div class=\"hoyre-media-text__media\">\n\t\t\t\t<img loading=\"lazy\" decoding=\"async\" width=\"1024\" height=\"683\" src=\"https:\/\/hoyre.no\/content\/uploads\/sites\/361\/2023\/04\/zI3j2ABY-1024x683.jpeg\" class=\"hoyre-media-text__media-image\" alt=\"\" style=\"--focal: 50% 50%;\" srcset=\"https:\/\/hoyre.no\/content\/uploads\/sites\/361\/2023\/04\/zI3j2ABY-1024x683.jpeg 1024w, https:\/\/hoyre.no\/content\/uploads\/sites\/361\/2023\/04\/zI3j2ABY-300x200.jpeg 300w, https:\/\/hoyre.no\/content\/uploads\/sites\/361\/2023\/04\/zI3j2ABY-768x512.jpeg 768w, https:\/\/hoyre.no\/content\/uploads\/sites\/361\/2023\/04\/zI3j2ABY-1536x1024.jpeg 1536w, https:\/\/hoyre.no\/content\/uploads\/sites\/361\/2023\/04\/zI3j2ABY-2048x1365.jpeg 2048w\" sizes=\"auto, (max-width: 1024px) 100vw, 1024px\" \/>\n\t\t\t<\/div>\n\t\t\t<div class=\"hoyre-media-text__content\">\n\t\t\t\t<div class=\"hoyre-media-text__content-inner\">\n\t\t\t\t\t\n\t\t\t<div class=\"hoyre-media-text__title-container\">\n\t\t\t\t\n\t\t\t\t<h2 class=\"hoyre-media-text__title\">5. Stolt av historien, sammen om fremtiden<\/h2>\n\t\t\t<\/div>\n\t\t\t\n\t\t\t\t\t<div class=\"hoyre-media-text__blocks\">\n<p>Notodden skal v\u00e6re et godt sted \u00e5 bo og leve i, med muligheter for alle. H\u00f8yre er p\u00e5 lag med dem som skaper arbeidsplasser og aktivitet. Vi vil satse p\u00e5 sentrum, og styrke de sosiale m\u00f8teplassene for barnefamilier, ungdom, voksne og eldre. Vi vil ha gode lavterskeltilbud for alle i hele kommunen. Et godt samarbeid mellom det offentlige, n\u00e6ring og frivilligheten er avgj\u00f8rende for \u00e5 skape et godt sted \u00e5 bo og leve.<\/p>\n<\/div>\n\t\t\t\t\t\n\t\t\t\t<\/div>\n\t\t\t<\/div>\n\t\t<\/div>\n\t\t\n\n\n\t\t<div class=\"has-pale-purple-background-color is-layout-right alignwide alignwide wp-block-hoyre-media-text\">\n\t\t\t<div class=\"hoyre-media-text__media\">\n\t\t\t\t<img loading=\"lazy\" decoding=\"async\" width=\"768\" height=\"1024\" src=\"https:\/\/hoyre.no\/content\/uploads\/sites\/361\/2022\/10\/Blide-Hoyrefolk-pa-dorbank-768x1024.jpg\" class=\"hoyre-media-text__media-image\" alt=\"H\u00f8yrevenner p\u00e5 d\u00f8rbankaksjon\" style=\"--focal: 53% 100%;\" srcset=\"https:\/\/hoyre.no\/content\/uploads\/sites\/361\/2022\/10\/Blide-Hoyrefolk-pa-dorbank-768x1024.jpg 768w, https:\/\/hoyre.no\/content\/uploads\/sites\/361\/2022\/10\/Blide-Hoyrefolk-pa-dorbank-225x300.jpg 225w, https:\/\/hoyre.no\/content\/uploads\/sites\/361\/2022\/10\/Blide-Hoyrefolk-pa-dorbank-1152x1536.jpg 1152w, https:\/\/hoyre.no\/content\/uploads\/sites\/361\/2022\/10\/Blide-Hoyrefolk-pa-dorbank.jpg 1536w\" sizes=\"auto, (max-width: 768px) 100vw, 768px\" \/>\n\t\t\t<\/div>\n\t\t\t<div class=\"hoyre-media-text__content\">\n\t\t\t\t<div class=\"hoyre-media-text__content-inner\">\n\t\t\t\t\t\n\t\t\t<div class=\"hoyre-media-text__title-container\">\n\t\t\t\t\n\t\t\t\t<h2 class=\"hoyre-media-text__title\">6. Tillit og samskaping<\/h2>\n\t\t\t<\/div>\n\t\t\t\n\t\t\t\t\t<div class=\"hoyre-media-text__blocks\">\n<p>Tillit er noe vi politikere skal gj\u00f8re oss fortjent til hver dag. Notodden H\u00f8yre vil lytte til folk og n\u00e6ring. Vi vil samarbeide med alle partier til det beste for folk flest. Vi tar ansvar og vil lede arbeide med \u00e5 utvikle det politiske og kollegiale samarbeidsmilj\u00f8et i kommunestyret. La oss n\u00e5 slutte \u00e5 krangle og heller bruke tiden p\u00e5 \u00e5 f\u00e5 gjennomf\u00f8rt de sakene vi alle er enige om!<\/p>\n<\/div>\n\t\t\t\t\t\n\t\t\t\t<\/div>\n\t\t\t<\/div>\n\t\t<\/div>\n\t\t\n\n\n\n\t\t<div class=\"has-lightest-blue-background-color align wp-block-hoyre-media-text\">\n\t\t\t<div class=\"hoyre-media-text__media\">\n\t\t\t\t<img loading=\"lazy\" decoding=\"async\" width=\"1024\" height=\"683\" src=\"https:\/\/hoyre.no\/content\/uploads\/sites\/361\/2022\/10\/Foto-Hans-Kristian-Thorbjornsen-4475-1024x683.jpg\" class=\"hoyre-media-text__media-image\" alt=\"Anne Mette Gangs\u00f8y\" style=\"--focal: 52% 0%;\" srcset=\"https:\/\/hoyre.no\/content\/uploads\/sites\/361\/2022\/10\/Foto-Hans-Kristian-Thorbjornsen-4475-1024x683.jpg 1024w, https:\/\/hoyre.no\/content\/uploads\/sites\/361\/2022\/10\/Foto-Hans-Kristian-Thorbjornsen-4475-300x200.jpg 300w, https:\/\/hoyre.no\/content\/uploads\/sites\/361\/2022\/10\/Foto-Hans-Kristian-Thorbjornsen-4475-768x512.jpg 768w, https:\/\/hoyre.no\/content\/uploads\/sites\/361\/2022\/10\/Foto-Hans-Kristian-Thorbjornsen-4475-1536x1024.jpg 1536w, https:\/\/hoyre.no\/content\/uploads\/sites\/361\/2022\/10\/Foto-Hans-Kristian-Thorbjornsen-4475-2048x1365.jpg 2048w\" sizes=\"auto, (max-width: 1024px) 100vw, 1024px\" \/>\n\t\t\t<\/div>\n\t\t\t<div class=\"hoyre-media-text__content\">\n\t\t\t\t<div class=\"hoyre-media-text__content-inner\">\n\t\t\t\t\t\n\t\t\t<div class=\"hoyre-media-text__title-container\">\n\t\t\t\t\n\t\t\t\t<h2 class=\"hoyre-media-text__title\">Bli kjent med Anne Mette Gangs\u00f8y<\/h2>\n\t\t\t<\/div>\n\t\t\t\n\t\t\t\t\t<div class=\"hoyre-media-text__blocks\">\n<p><\/p>\n<\/div>\n\t\t\t\t\t\n\t\t\t<div class=\"hoyre-media-text__buttons\">\n\t\t\t\t<a class=\"button\" href=\"https:\/\/hoyre.no\/notodden\/anne-mette-gangsoy-var-ordforerkandidat\/\">Bli kjent med anne mette her<\/a>\n\t\t\t<\/div>\n\t\t\t\n\t\t\t\t<\/div>\n\t\t\t<\/div>\n\t\t<\/div>\n\t\t\n\n\n<div class=\"wp-block-teft-file icon-link-block\"><a href=\"https:\/\/hoyre.no\/content\/uploads\/sites\/361\/2023\/06\/Program-Notodden-Hoyre-2023-2027-1.pdf\" download><span class=\"file-title\">Program-Notodden-Hoyre-2023-2027-1<\/span><span class=\"file-name\"><\/span><\/a><\/div>\n\n\n<div class=\"wp-block hoyre-section alignfull has-background is-style-light-blue wp-block-hoyre-section\"><div class=\"inner-blocks alignwide\">\n\n<h1 class=\"wp-block-heading has-text-align-center\" id=\"h-finn-ditt-valglokale\">Finn ditt n\u00e6rmeste valglokale<\/h1>\n\n\n\n<p class=\"has-text-align-center\">Du kan forh\u00e5ndsstemme fra 10. august til og med 8. september. I denne perioden kan du stemme i valglokaler over hele landet. Se oversikt over lokale valglokaler og \u00e5pningstider her:<\/p>\n\n\n\n<div class=\"wp-block-buttons is-layout-flex wp-block-buttons-is-layout-flex\">\n<div class=\"wp-block-button is-style-fill aligncenter\"><a class=\"wp-block-button__link wp-element-button\" href=\"https:\/\/www.valg.no\/valglokaler\/valglokaler2\/stem-pa-forhand\/?mpid=4005\" target=\"_blank\" rel=\"noreferrer noopener\">lokaler for forh\u00e5ndsstemming<\/a><\/div>\n<\/div>\n\n\n\n<p class=\"has-text-align-center\">Valgdagene i \u00e5r er s\u00f8ndag 10. september og mandag 11. september. P\u00e5 valgdagen(e) m\u00e5 du stemme i Notodden kommune. Se oversikt over lokale valglokaler og \u00e5pningstider her:<\/p>\n\n\n\n<div class=\"wp-block-buttons is-layout-flex wp-block-buttons-is-layout-flex\">\n<div class=\"wp-block-button aligncenter\"><a class=\"wp-block-button__link wp-element-button\" href=\"https:\/\/www.valg.no\/valglokaler\/valglokaler2\/stemme-pa-valgdagen\/?mpid=4005\" target=\"_blank\" rel=\"noreferrer noopener\">valglokaler p\u00e5 valgdagen<\/a><\/div>\n<\/div>\n\n\n\n<p class=\"has-text-align-center\"><strong>Husk \u00e5 ta med legitimasjon n\u00e5r du skal stemme. Godt valg!<\/strong><\/p>\n\n<\/div><\/div>","protected":false},"excerpt":{"rendered":"","protected":false},"author":15381,"featured_media":0,"parent":0,"menu_order":0,"comment_status":"closed","ping_status":"closed","template":"","meta":{"teft_cards_image_url":"","teft_cards_custom_pretitle":"","teft_cards_image_id":0,"teft_cards_image_focal_point_x":0,"teft_cards_image_focal_point_y":0,"teft_cards_title":"","teft_cards_excerpt":"","teft_show_chapters":false,"footnotes":""},"class_list":["post-221","page","type-page","status-publish","hentry"],"yoast_head":"<!-- This site is optimized with the Yoast SEO plugin v26.6 - https:\/\/yoast.com\/wordpress\/plugins\/seo\/ -->\n<title>Seks gode grunner til \u00e5 stemme Notodden H\u00f8yre - Notodden H\u00f8yre<\/title>\n<meta name=\"robots\" content=\"index, follow, max-snippet:-1, max-image-preview:large, max-video-preview:-1\" \/>\n<link rel=\"canonical\" href=\"https:\/\/hoyre.no\/notodden\/seks-gode-grunner-til-a-stemme-notodden-hoyre\/\" \/>\n<meta property=\"og:locale\" content=\"nb_NO\" \/>\n<meta property=\"og:type\" content=\"article\" \/>\n<meta property=\"og:title\" content=\"Seks gode grunner til \u00e5 stemme Notodden H\u00f8yre - Notodden H\u00f8yre\" \/>\n<meta property=\"og:url\" content=\"https:\/\/hoyre.no\/notodden\/seks-gode-grunner-til-a-stemme-notodden-hoyre\/\" \/>\n<meta property=\"og:site_name\" content=\"Notodden H\u00f8yre\" \/>\n<meta property=\"article:modified_time\" content=\"2025-02-04T12:32:32+00:00\" \/>\n<meta property=\"og:image\" content=\"https:\/\/hoyre.no\/content\/uploads\/sites\/361\/2022\/11\/Hoyres-logo.png\" \/>\n\t<meta property=\"og:image:width\" content=\"1000\" \/>\n\t<meta property=\"og:image:height\" content=\"1000\" \/>\n\t<meta property=\"og:image:type\" content=\"image\/png\" \/>\n<meta name=\"twitter:card\" content=\"summary_large_image\" \/>\n<meta name=\"twitter:label1\" content=\"Ansl. lesetid\" \/>\n\t<meta name=\"twitter:data1\" content=\"4 minutter\" \/>\n<script type=\"application\/ld+json\" class=\"yoast-schema-graph\">{\"@context\":\"https:\/\/schema.org\",\"@graph\":[{\"@type\":\"WebPage\",\"@id\":\"https:\/\/hoyre.no\/notodden\/seks-gode-grunner-til-a-stemme-notodden-hoyre\/\",\"url\":\"https:\/\/hoyre.no\/notodden\/seks-gode-grunner-til-a-stemme-notodden-hoyre\/\",\"name\":\"Seks gode grunner til \u00e5 stemme Notodden H\u00f8yre - Notodden H\u00f8yre\",\"isPartOf\":{\"@id\":\"https:\/\/hoyre.no\/notodden\/#website\"},\"datePublished\":\"2023-04-11T07:43:35+00:00\",\"dateModified\":\"2025-02-04T12:32:32+00:00\",\"breadcrumb\":{\"@id\":\"https:\/\/hoyre.no\/notodden\/seks-gode-grunner-til-a-stemme-notodden-hoyre\/#breadcrumb\"},\"inLanguage\":\"nb-NO\",\"potentialAction\":[{\"@type\":\"ReadAction\",\"target\":[\"https:\/\/hoyre.no\/notodden\/seks-gode-grunner-til-a-stemme-notodden-hoyre\/\"]}]},{\"@type\":\"BreadcrumbList\",\"@id\":\"https:\/\/hoyre.no\/notodden\/seks-gode-grunner-til-a-stemme-notodden-hoyre\/#breadcrumb\",\"itemListElement\":[{\"@type\":\"ListItem\",\"position\":1,\"name\":\"Til hoyre.no\",\"item\":\"https:\/\/hoyre.no\"},{\"@type\":\"ListItem\",\"position\":2,\"name\":\"Hjem\",\"item\":\"https:\/\/hoyre.no\/notodden\/\"},{\"@type\":\"ListItem\",\"position\":3,\"name\":\"Seks gode grunner til \u00e5 stemme Notodden H\u00f8yre\"}]},{\"@type\":\"WebSite\",\"@id\":\"https:\/\/hoyre.no\/notodden\/#website\",\"url\":\"https:\/\/hoyre.no\/notodden\/\",\"name\":\"Notodden H\u00f8yre\",\"description\":\"Bare enda et H\u00f8yres nettsteder-nettsted\",\"inLanguage\":\"nb-NO\"}]}<\/script>\n<!-- \/ Yoast SEO plugin. -->","yoast_head_json":{"title":"Seks gode grunner til \u00e5 stemme Notodden H\u00f8yre - Notodden H\u00f8yre","robots":{"index":"index","follow":"follow","max-snippet":"max-snippet:-1","max-image-preview":"max-image-preview:large","max-video-preview":"max-video-preview:-1"},"canonical":"https:\/\/hoyre.no\/notodden\/seks-gode-grunner-til-a-stemme-notodden-hoyre\/","og_locale":"nb_NO","og_type":"article","og_title":"Seks gode grunner til \u00e5 stemme Notodden H\u00f8yre - Notodden H\u00f8yre","og_url":"https:\/\/hoyre.no\/notodden\/seks-gode-grunner-til-a-stemme-notodden-hoyre\/","og_site_name":"Notodden H\u00f8yre","article_modified_time":"2025-02-04T12:32:32+00:00","og_image":[{"width":1000,"height":1000,"url":"https:\/\/hoyre.no\/content\/uploads\/sites\/361\/2022\/11\/Hoyres-logo.png","type":"image\/png"}],"twitter_card":"summary_large_image","twitter_misc":{"Ansl. lesetid":"4 minutter"},"schema":{"@context":"https:\/\/schema.org","@graph":[{"@type":"WebPage","@id":"https:\/\/hoyre.no\/notodden\/seks-gode-grunner-til-a-stemme-notodden-hoyre\/","url":"https:\/\/hoyre.no\/notodden\/seks-gode-grunner-til-a-stemme-notodden-hoyre\/","name":"Seks gode grunner til \u00e5 stemme Notodden H\u00f8yre - Notodden H\u00f8yre","isPartOf":{"@id":"https:\/\/hoyre.no\/notodden\/#website"},"datePublished":"2023-04-11T07:43:35+00:00","dateModified":"2025-02-04T12:32:32+00:00","breadcrumb":{"@id":"https:\/\/hoyre.no\/notodden\/seks-gode-grunner-til-a-stemme-notodden-hoyre\/#breadcrumb"},"inLanguage":"nb-NO","potentialAction":[{"@type":"ReadAction","target":["https:\/\/hoyre.no\/notodden\/seks-gode-grunner-til-a-stemme-notodden-hoyre\/"]}]},{"@type":"BreadcrumbList","@id":"https:\/\/hoyre.no\/notodden\/seks-gode-grunner-til-a-stemme-notodden-hoyre\/#breadcrumb","itemListElement":[{"@type":"ListItem","position":1,"name":"Til hoyre.no","item":"https:\/\/hoyre.no"},{"@type":"ListItem","position":2,"name":"Hjem","item":"https:\/\/hoyre.no\/notodden\/"},{"@type":"ListItem","position":3,"name":"Seks gode grunner til \u00e5 stemme Notodden H\u00f8yre"}]},{"@type":"WebSite","@id":"https:\/\/hoyre.no\/notodden\/#website","url":"https:\/\/hoyre.no\/notodden\/","name":"Notodden H\u00f8yre","description":"Bare enda et H\u00f8yres nettsteder-nettsted","inLanguage":"nb-NO"}]}},"distributor_meta":false,"distributor_terms":false,"distributor_media":false,"distributor_original_site_name":"Notodden H\u00f8yre","distributor_original_site_url":"https:\/\/hoyre.no\/notodden","push-errors":false,"_links":{"self":[{"href":"https:\/\/hoyre.no\/notodden\/wp-json\/wp\/v2\/pages\/221","targetHints":{"allow":["GET"]}}],"collection":[{"href":"https:\/\/hoyre.no\/notodden\/wp-json\/wp\/v2\/pages"}],"about":[{"href":"https:\/\/hoyre.no\/notodden\/wp-json\/wp\/v2\/types\/page"}],"author":[{"embeddable":true,"href":"https:\/\/hoyre.no\/notodden\/wp-json\/wp\/v2\/users\/15381"}],"replies":[{"embeddable":true,"href":"https:\/\/hoyre.no\/notodden\/wp-json\/wp\/v2\/comments?post=221"}],"version-history":[{"count":17,"href":"https:\/\/hoyre.no\/notodden\/wp-json\/wp\/v2\/pages\/221\/revisions"}],"predecessor-version":[{"id":388,"href":"https:\/\/hoyre.no\/notodden\/wp-json\/wp\/v2\/pages\/221\/revisions\/388"}],"wp:attachment":[{"href":"https:\/\/hoyre.no\/notodden\/wp-json\/wp\/v2\/media?parent=221"}],"curies":[{"name":"wp","href":"https:\/\/api.w.org\/{rel}","templated":true}]}}