{"id":3,"date":"2020-11-16T11:08:21","date_gmt":"2020-11-16T10:08:21","guid":{"rendered":"https:\/\/hoyre.no\/notodden\/forsiden\/"},"modified":"2026-04-28T14:14:32","modified_gmt":"2026-04-28T12:14:32","slug":"forsiden","status":"publish","type":"page","link":"https:\/\/hoyre.no\/notodden\/","title":{"rendered":"Forsiden"},"content":{"rendered":"<div class=\"hero-2026 ratio-16-9 alignwide is-style-picture-only wp-block-hoyre-hero-2026\">\n\t\t\t<div class=\"hero-2026__image\"><img decoding=\"async\" src=\"https:\/\/hoyre.no\/content\/uploads\/sites\/361\/2022\/10\/Eikeskar-forside-2048x1031-1.jpg\" alt=\"Utsikt fra Eikeskartoppen\" \/><\/div>\n\t\t\t\n\t\t\t<div class=\"hero-2026__content\">\n\t\t\t\t\n\t\t\t\t<p class=\"hero-2026__subtitle\">Notodden H\u00f8yre<\/p>\n\t\t\t\t<h2 class=\"hero-2026__title\">Muligheter for alle<\/h2>\n\t\t\t\t<div class=\"hero-2026__buttons\">\n\n<div class=\"wp-block-buttons is-content-justification-center is-layout-flex wp-container-core-buttons-is-layout-16018d1d wp-block-buttons-is-layout-flex\">\n<div class=\"wp-block-button\"><a class=\"wp-block-button__link wp-element-button\" href=\"https:\/\/hoyre.no\/bli-med\/bli-medlem\/\">bli medlem<\/a><\/div>\n<\/div>\n\n<\/div>\n\t\t\t<\/div>\n\t\t<\/div>\n\n\n\t\t<div class=\"has-pale-blue-background-color is-layout-top alignwide alignwide wp-block-hoyre-media-text\">\n\t\t\t<div class=\"hoyre-media-text__media\">\n\t\t\t\t<img loading=\"lazy\" decoding=\"async\" width=\"1024\" height=\"681\" src=\"https:\/\/hoyre.no\/content\/uploads\/sites\/361\/2023\/05\/1-Alle-DX5F1375-kopi-1024x681.jpg\" class=\"hoyre-media-text__media-image\" alt=\"\" style=\"--focal: 53% 6%;\" srcset=\"https:\/\/hoyre.no\/content\/uploads\/sites\/361\/2023\/05\/1-Alle-DX5F1375-kopi-1024x681.jpg 1024w, https:\/\/hoyre.no\/content\/uploads\/sites\/361\/2023\/05\/1-Alle-DX5F1375-kopi-300x199.jpg 300w, https:\/\/hoyre.no\/content\/uploads\/sites\/361\/2023\/05\/1-Alle-DX5F1375-kopi-768x511.jpg 768w, https:\/\/hoyre.no\/content\/uploads\/sites\/361\/2023\/05\/1-Alle-DX5F1375-kopi-1536x1021.jpg 1536w, https:\/\/hoyre.no\/content\/uploads\/sites\/361\/2023\/05\/1-Alle-DX5F1375-kopi-2048x1362.jpg 2048w\" sizes=\"auto, (max-width: 1024px) 100vw, 1024px\" \/>\n\t\t\t<\/div>\n\t\t\t<div class=\"hoyre-media-text__content\">\n\t\t\t\t<div class=\"hoyre-media-text__content-inner\">\n\t\t\t\t\t\n\t\t\t<div class=\"hoyre-media-text__title-container\">\n\t\t\t\t\n\t\t\t\t<h2 class=\"hoyre-media-text__title\">Seks gode grunner til \u00e5 stemme Notodden H\u00f8yre<\/h2>\n\t\t\t<\/div>\n\t\t\t\n\t\t\t\t\t<div class=\"hoyre-media-text__blocks\"><\/div>\n\t\t\t\t\t\n\t\t\t<div class=\"hoyre-media-text__buttons\">\n\t\t\t\t<a class=\"button\" href=\"https:\/\/hoyre.no\/notodden\/seks-gode-grunner-til-a-stemme-notodden-hoyre\/\">Les mer<\/a>\n\t\t\t<\/div>\n\t\t\t\n\t\t\t\t<\/div>\n\t\t\t<\/div>\n\t\t<\/div>\n\t\t\n\n\n\n\n\n\n\n\n\n\n\n<div class=\"wp-block-hoyre-banner alignwide undefined\"><div class=\"banner-inner\"><figure class=\"hoyre-image-wrapper\"><div class=\"hoyre-image\"><img loading=\"lazy\" decoding=\"async\" width=\"960\" height=\"960\" src=\"https:\/\/hoyre.no\/content\/uploads\/sites\/361\/2022\/08\/anne-mette-kontakt.jpeg\" class=\"attachment-scaled size-scaled\" alt=\"Anne Mette Gangs\u00f8y\" style=\"object-position: 50% 50%\" srcset=\"https:\/\/hoyre.no\/content\/uploads\/sites\/361\/2022\/08\/anne-mette-kontakt.jpeg 960w, https:\/\/hoyre.no\/content\/uploads\/sites\/361\/2022\/08\/anne-mette-kontakt-300x300.jpeg 300w, https:\/\/hoyre.no\/content\/uploads\/sites\/361\/2022\/08\/anne-mette-kontakt-150x150.jpeg 150w, https:\/\/hoyre.no\/content\/uploads\/sites\/361\/2022\/08\/anne-mette-kontakt-768x768.jpeg 768w\" sizes=\"auto, (max-width: 960px) 100vw, 960px\" \/><\/div><\/figure><div class=\"banner-content\"><div class=\"entry-content\">\n<h1 class=\"wp-block-heading has-text-align-left\">Anne Mette Gangs\u00f8y &#8211; Notodden H\u00f8yre<br><\/h1>\n\n\n\n<p><\/p>\n\n\n\n<p><\/p>\n\n\n\n<div class=\"wp-block-buttons is-layout-flex wp-block-buttons-is-layout-flex\">\n<div class=\"wp-block-button\"><a class=\"wp-block-button__link wp-element-button\" href=\"https:\/\/hoyre.no\/notodden\/anne-mette-gangsoy-var-ordforerkandidat\/\">bli bedre kjent med anne mette her\ud83d\udc47<\/a><\/div>\n<\/div>\n<\/div><\/div><\/div><\/div>\n\n\n\n<div class=\"wp-block-hoyre-banner alignwide undefined  is-style-light\"><div class=\"banner-inner\"><figure class=\"hoyre-image-wrapper\"><div class=\"hoyre-image\"><img loading=\"lazy\" decoding=\"async\" width=\"1653\" height=\"2339\" src=\"https:\/\/hoyre.no\/content\/uploads\/sites\/361\/2022\/11\/Arsrapport-Notodden-Hoyre-2022_Side_01.jpg\" class=\"attachment-scaled size-scaled\" alt=\"\" style=\"object-position: 48% 91%\" srcset=\"https:\/\/hoyre.no\/content\/uploads\/sites\/361\/2022\/11\/Arsrapport-Notodden-Hoyre-2022_Side_01.jpg 1653w, https:\/\/hoyre.no\/content\/uploads\/sites\/361\/2022\/11\/Arsrapport-Notodden-Hoyre-2022_Side_01-212x300.jpg 212w, https:\/\/hoyre.no\/content\/uploads\/sites\/361\/2022\/11\/Arsrapport-Notodden-Hoyre-2022_Side_01-724x1024.jpg 724w, https:\/\/hoyre.no\/content\/uploads\/sites\/361\/2022\/11\/Arsrapport-Notodden-Hoyre-2022_Side_01-768x1087.jpg 768w, https:\/\/hoyre.no\/content\/uploads\/sites\/361\/2022\/11\/Arsrapport-Notodden-Hoyre-2022_Side_01-1086x1536.jpg 1086w, https:\/\/hoyre.no\/content\/uploads\/sites\/361\/2022\/11\/Arsrapport-Notodden-Hoyre-2022_Side_01-1447x2048.jpg 1447w\" sizes=\"auto, (max-width: 1653px) 100vw, 1653px\" \/><\/div><\/figure><div class=\"banner-content\"><div class=\"entry-content\">\n<h2 class=\"wp-block-heading\">Nominasjonsm\u00f8te og \u00e5rsm\u00f8te<\/h2>\n\n\n\n<p>Mange engasjerte medlemmer kom til v\u00e5r m\u00f8tekveld onsdag 23. november.<\/p>\n\n\n\n<div class=\"wp-block-buttons is-layout-flex wp-block-buttons-is-layout-flex\">\n<div class=\"wp-block-button\"><a class=\"wp-block-button__link wp-element-button\" href=\"https:\/\/hoyre.no\/notodden\/kommunevalget-2023\/\">Kandidatliste<\/a><\/div>\n<\/div>\n<\/div><\/div><\/div><\/div>\n\n\n\n\n<div class=\"wp-block-hoyre-banner alignwide undefined  is-style-light\"><div class=\"banner-inner\"><figure class=\"hoyre-image-wrapper\"><div class=\"hoyre-image\"><img decoding=\"async\" loading=\"lazy\" width=\"2048\" height=\"1365\" src=\"https:\/\/hoyre.no\/content\/uploads\/2020\/09\/54483135358_f67d549a0f_k.jpg\" class=\"attachment-scaled size-scaled\" alt=\"Ine\" style=\"object-position: 47% 42%\" \/><\/div><\/figure><div class=\"banner-content\"><div class=\"entry-content\">\n<h2 class=\"wp-block-heading\" id=\"h-bli-medlem-i-hoyre\">Bli medlem i H\u00f8yre<\/h2>\n\n\n\n<p>Vil du v\u00e6re med p\u00e5 \u00e5 skape et samfunn med muligheter for alle? Bli med p\u00e5 laget. Ditt bidrag gj\u00f8r oss enda sterkere.<\/p>\n\n\n\n<div class=\"wp-block-buttons is-layout-flex wp-block-buttons-is-layout-flex\">\n<div class=\"wp-block-button\"><a class=\"wp-block-button__link wp-element-button\" href=\"https:\/\/hoyre.no\/bli-med\/bli-medlem\/\">bli medlem i h\u00f8yre<\/a><\/div>\n<\/div>\n<\/div><\/div><\/div><\/div>\n\n\n\n\n<section class=\"wp-block-hoyre-latest-grid\">\n\t<div class=\"block-inner\">\n\t\t<header>\n\t\t\t<h2>Nyheter<\/h2>\n\t\t\t\t\t\t\t<a href=\"https:\/\/hoyre.no\/notodden\/nyheter\/\">Vis alle<\/a>\n\t\t\t\t\t<\/header>\n\t\t<div class=\"teft-cards-grid default-size-4\">\n\t\t\t<div class=\"teft-cards-item has-12-columns is-style-two-columns is-vertically-aligned-center is-aligned-center is-card-hoyre\">\n\t<div class=\"teft-card hoyre-teft-card post-teft-card\">\n\t\t<a href=\"https:\/\/hoyre.no\/notodden\/aktuelt\/ungdom-og-rus\/\" class=\"teft-card__primary-action\">\n\n\t\t\t\t\t<div class=\"teft-card__media teft-card__media--16-9\">\n\t\t\t\t\t\t<img loading=\"lazy\" decoding=\"async\" width=\"768\" height=\"402\" src=\"https:\/\/hoyre.no\/content\/uploads\/sites\/361\/2024\/01\/Ungdom-og-rus-nett-768x402.png\" class=\"attachment-medium_large size-medium_large\" alt=\"\" \/>\t\t<\/div>\n\t\t\n\t\t\t<div class=\"teft-card__content-wrapper\">\n\t\t\t\t<div class=\"teft-card__secondary\">\n\t\t\t\t\t\n\t\t\t\t\t\t\t\t<div class=\"teft-card__meta\">\n\t\t\t\t\t\t\t\t\t<span class=\"post-date\">30. jan 2024<\/span>\n\n\t\t\t\t\t\t\t\t\t\t\t\t\t\t\t\t\t<\/div>\n\t\t\t\t\t\t\t\t\t\t\t<\/div>\n\n\t\t\t\t<div class=\"teft-card__primary\">\n\t\t\t\t\t<h2 class=\"teft-card__title\">Ungdom og rus&nbsp;<span class=\"teft-card__primary-title-append\"><\/span><\/h2>\t\t\t\t<\/div>\n\t\t\t<\/div>\n\t\t<\/a>\n\t<\/div>\n\n\t<\/div>\t\t\t<div class=\"teft-cards-item has-6-columns  is-card-hoyre\">\n\t<div class=\"teft-card hoyre-teft-card post-teft-card\">\n\t\t<a href=\"https:\/\/hoyre.no\/notodden\/aktuelt\/anne-mette-gangsoy-er-hoyres-ordforerkandidat\/\" class=\"teft-card__primary-action\">\n\n\t\t\t\t\t<div class=\"teft-card__media teft-card__media--16-9\">\n\t\t\t\t\t\t<img loading=\"lazy\" decoding=\"async\" width=\"768\" height=\"1024\" src=\"https:\/\/hoyre.no\/content\/uploads\/sites\/361\/2022\/06\/Notodden-768x1024.jpg\" class=\"attachment-medium_large size-medium_large\" alt=\"Bilder av Anne Mette\" \/>\t\t<\/div>\n\t\t\n\t\t\t<div class=\"teft-card__content-wrapper\">\n\t\t\t\t<div class=\"teft-card__secondary\">\n\t\t\t\t\t\n\t\t\t\t\t\t\t\t<div class=\"teft-card__meta\">\n\t\t\t\t\t\t\t\t\t<span class=\"post-date\">30. jun 2022<\/span>\n\n\t\t\t\t\t\t\t\t\t\t\t\t\t\t\t\t\t<\/div>\n\t\t\t\t\t\t\t\t\t\t\t<\/div>\n\n\t\t\t\t<div class=\"teft-card__primary\">\n\t\t\t\t\t<h2 class=\"teft-card__title\">Anne Mette Gangs\u00f8y er H\u00f8yres ordf\u00f8rerkandidat&nbsp;<span class=\"teft-card__primary-title-append\"><\/span><\/h2>\t\t\t\t<\/div>\n\t\t\t<\/div>\n\t\t<\/a>\n\t<\/div>\n\n\t<\/div>\t\t\t<div class=\"teft-cards-item has-6-columns  is-card-hoyre\">\n\t<div class=\"teft-card hoyre-teft-card post-teft-card\">\n\t\t<a href=\"https:\/\/hoyre.no\/2026\/04\/27\/kan-ikke-fortsette-a-gjore-ting-av-gammel-vane\/\" class=\"teft-card__primary-action\">\n\n\t\t\t\t\t<div class=\"teft-card__media teft-card__media--16-9\">\n\t\t\t<span class=\"sticker\">Nasjonal<\/span>\t\t\t<img loading=\"lazy\" decoding=\"async\" width=\"768\" height=\"687\" src=\"https:\/\/hoyre.no\/content\/uploads\/2026\/04\/Skjermbilde-2026-04-27-kl.-12.46.12-768x687.png\" class=\"attachment-medium_large size-medium_large\" alt=\"\" \/>\t\t<\/div>\n\t\t\n\t\t\t<div class=\"teft-card__content-wrapper\">\n\t\t\t\t<div class=\"teft-card__secondary\">\n\t\t\t\t\t\n\t\t\t\t\t\t\t\t<div class=\"teft-card__meta\">\n\t\t\t\t\t\t\t\t\t<span class=\"post-date\">27. apr 2026<\/span>\n\n\t\t\t\t\t\t\t\t\t\t\t\t\t\t\t\t\t<\/div>\n\t\t\t\t\t\t\t\t\t\t\t<\/div>\n\n\t\t\t\t<div class=\"teft-card__primary\">\n\t\t\t\t\t<h2 class=\"teft-card__title\">M\u00e5 t\u00f8rre \u00e5 stille sp\u00f8rsm\u00e5let \u00abhvorfor\u00bb?&nbsp;<span class=\"teft-card__primary-title-append\"><\/span><\/h2>\t\t\t\t<\/div>\n\t\t\t<\/div>\n\t\t<\/a>\n\t<\/div>\n\n\t<!-- From network 1 361--><!-- From card class --><\/div>\t\t\t<div class=\"teft-cards-item has-4-columns is-card-hoyre\">\n\t<div class=\"teft-card hoyre-teft-card post-teft-card\">\n\t\t<a href=\"https:\/\/hoyre.no\/notodden\/aktuelt\/notodden-hoyre-avholder-nominasjonsmote-onsdag-29-juni\/\" class=\"teft-card__primary-action\">\n\n\t\t\t\t\t<div class=\"teft-card__media teft-card__media--16-9\">\n\t\t\t\t\t\t<img loading=\"lazy\" decoding=\"async\" width=\"768\" height=\"1024\" src=\"https:\/\/hoyre.no\/content\/uploads\/sites\/361\/2022\/06\/Anne-Mette-768x1024.jpg\" class=\"attachment-medium_large size-medium_large\" alt=\"\" \/>\t\t<\/div>\n\t\t\n\t\t\t<div class=\"teft-card__content-wrapper\">\n\t\t\t\t<div class=\"teft-card__secondary\">\n\t\t\t\t\t\n\t\t\t\t\t\t\t\t<div class=\"teft-card__meta\">\n\t\t\t\t\t\t\t\t\t<span class=\"post-date\">24. jun 2022<\/span>\n\n\t\t\t\t\t\t\t\t\t\t\t\t\t\t\t\t\t<\/div>\n\t\t\t\t\t\t\t\t\t\t\t<\/div>\n\n\t\t\t\t<div class=\"teft-card__primary\">\n\t\t\t\t\t<h2 class=\"teft-card__title\">Notodden H\u00f8yre avholder nominasjonsm\u00f8te onsdag 29 juni.&nbsp;<span class=\"teft-card__primary-title-append\"><\/span><\/h2>\t\t\t\t<\/div>\n\t\t\t<\/div>\n\t\t<\/a>\n\t<\/div>\n\n\t<\/div>\t\t\t<div class=\"teft-cards-item has-4-columns is-card-hoyre\">\n\t<div class=\"teft-card hoyre-teft-card post-teft-card\">\n\t\t<a href=\"https:\/\/hoyre.no\/notodden\/aktuelt\/er-ikke-aktuell-som-1-kandidat\/\" class=\"teft-card__primary-action\">\n\n\t\t\t\t\t<div class=\"teft-card__media teft-card__media--16-9\">\n\t\t\t\t\t\t<img loading=\"lazy\" decoding=\"async\" width=\"768\" height=\"512\" src=\"https:\/\/hoyre.no\/content\/uploads\/sites\/361\/2022\/01\/TonjeBrokke-1-768x512.jpg\" class=\"attachment-medium_large size-medium_large\" alt=\"\" \/>\t\t<\/div>\n\t\t\n\t\t\t<div class=\"teft-card__content-wrapper\">\n\t\t\t\t<div class=\"teft-card__secondary\">\n\t\t\t\t\t\n\t\t\t\t\t\t\t\t<div class=\"teft-card__meta\">\n\t\t\t\t\t\t\t\t\t<span class=\"post-date\">20. jan 2022<\/span>\n\n\t\t\t\t\t\t\t\t\t\t\t\t\t\t\t\t\t<\/div>\n\t\t\t\t\t\t\t\t\t\t\t<\/div>\n\n\t\t\t\t<div class=\"teft-card__primary\">\n\t\t\t\t\t<h2 class=\"teft-card__title\">Nominasjonsprosessen har startet&nbsp;<span class=\"teft-card__primary-title-append\"><\/span><\/h2>\t\t\t\t<\/div>\n\t\t\t<\/div>\n\t\t<\/a>\n\t<\/div>\n\n\t<\/div>\t\t\t<div class=\"teft-cards-item has-4-columns is-card-hoyre\">\n\t<div class=\"teft-card hoyre-teft-card post-teft-card\">\n\t\t<a href=\"https:\/\/hoyre.no\/2026\/04\/23\/vil-ha-mer-apenhet-i-kulturpolitikken\/\" class=\"teft-card__primary-action\">\n\n\t\t\t\t\t<div class=\"teft-card__media teft-card__media--16-9\">\n\t\t\t<span class=\"sticker\">Nasjonal<\/span>\t\t\t<img loading=\"lazy\" decoding=\"async\" width=\"768\" height=\"512\" src=\"https:\/\/hoyre.no\/content\/uploads\/2026\/04\/54840688366_c09bf4b26e_k-768x512.jpg\" class=\"attachment-medium_large size-medium_large\" alt=\"Poppe\" \/>\t\t<\/div>\n\t\t\n\t\t\t<div class=\"teft-card__content-wrapper\">\n\t\t\t\t<div class=\"teft-card__secondary\">\n\t\t\t\t\t\n\t\t\t\t\t\t\t\t<div class=\"teft-card__meta\">\n\t\t\t\t\t\t\t\t\t<span class=\"post-date\">23. apr 2026<\/span>\n\n\t\t\t\t\t\t\t\t\t\t\t\t\t\t\t\t\t<\/div>\n\t\t\t\t\t\t\t\t\t\t\t<\/div>\n\n\t\t\t\t<div class=\"teft-card__primary\">\n\t\t\t\t\t<h2 class=\"teft-card__title\">H\u00f8yre vil \u00e5pne Kulturr\u00e5det \u2013 Ap sier nei&nbsp;<span class=\"teft-card__primary-title-append\"><\/span><\/h2>\t\t\t\t<\/div>\n\t\t\t<\/div>\n\t\t<\/a>\n\t<\/div>\n\n\t<!-- From network 1 361--><!-- From card class --><\/div>\t\t\t\t\t<\/div>\n\t<\/div>\n<\/section>\n\n\n\n\n\n\n\n\n\n\n\n\n\n","protected":false},"excerpt":{"rendered":"","protected":false},"author":31684,"featured_media":0,"parent":0,"menu_order":0,"comment_status":"closed","ping_status":"closed","template":"","meta":{"teft_cards_image_url":"","teft_cards_custom_pretitle":"","teft_cards_image_id":0,"teft_cards_image_focal_point_x":0,"teft_cards_image_focal_point_y":0,"teft_cards_title":"","teft_cards_excerpt":"","teft_show_chapters":false,"footnotes":""},"class_list":["post-3","page","type-page","status-publish","hentry"],"yoast_head":"<!-- This site is optimized with the Yoast SEO plugin v26.6 - https:\/\/yoast.com\/wordpress\/plugins\/seo\/ -->\n<title>Forsiden - Notodden H\u00f8yre<\/title>\n<meta name=\"description\" content=\"Notodden H\u00f8yre vil skape et trygt sted \u00e5 bo og leve med muligheter for alle. V\u00e5r viktigste ressurs er menneskene i Notodden, og vi er p\u00e5 lag med deg!\" \/>\n<meta name=\"robots\" content=\"index, follow, max-snippet:-1, max-image-preview:large, max-video-preview:-1\" \/>\n<link rel=\"canonical\" href=\"https:\/\/hoyre.no\/notodden\/\" \/>\n<meta property=\"og:locale\" content=\"nb_NO\" \/>\n<meta property=\"og:type\" content=\"article\" \/>\n<meta property=\"og:title\" content=\"Forsiden - Notodden H\u00f8yre\" \/>\n<meta property=\"og:description\" content=\"Notodden H\u00f8yre vil skape et trygt sted \u00e5 bo og leve med muligheter for alle. V\u00e5r viktigste ressurs er menneskene i Notodden, og vi er p\u00e5 lag med deg!\" \/>\n<meta property=\"og:url\" content=\"https:\/\/hoyre.no\/notodden\/\" \/>\n<meta property=\"og:site_name\" content=\"Notodden H\u00f8yre\" \/>\n<meta property=\"article:modified_time\" content=\"2026-04-28T12:14:32+00:00\" \/>\n<meta property=\"og:image\" content=\"https:\/\/hoyre.no\/content\/uploads\/sites\/361\/2022\/11\/Hoyres-logo.png\" \/>\n\t<meta property=\"og:image:width\" content=\"1000\" \/>\n\t<meta property=\"og:image:height\" content=\"1000\" \/>\n\t<meta property=\"og:image:type\" content=\"image\/png\" \/>\n<meta name=\"twitter:card\" content=\"summary_large_image\" \/>\n<meta name=\"twitter:label1\" content=\"Ansl. lesetid\" \/>\n\t<meta name=\"twitter:data1\" content=\"1 minutt\" \/>\n<script type=\"application\/ld+json\" class=\"yoast-schema-graph\">{\"@context\":\"https:\/\/schema.org\",\"@graph\":[{\"@type\":\"WebPage\",\"@id\":\"https:\/\/hoyre.no\/notodden\/\",\"url\":\"https:\/\/hoyre.no\/notodden\/\",\"name\":\"Forsiden - Notodden H\u00f8yre\",\"isPartOf\":{\"@id\":\"https:\/\/hoyre.no\/notodden\/#website\"},\"datePublished\":\"2020-11-16T10:08:21+00:00\",\"dateModified\":\"2026-04-28T12:14:32+00:00\",\"description\":\"Notodden H\u00f8yre vil skape et trygt sted \u00e5 bo og leve med muligheter for alle. V\u00e5r viktigste ressurs er menneskene i Notodden, og vi er p\u00e5 lag med deg!\",\"breadcrumb\":{\"@id\":\"https:\/\/hoyre.no\/notodden\/#breadcrumb\"},\"inLanguage\":\"nb-NO\",\"potentialAction\":[{\"@type\":\"ReadAction\",\"target\":[\"https:\/\/hoyre.no\/notodden\/\"]}]},{\"@type\":\"BreadcrumbList\",\"@id\":\"https:\/\/hoyre.no\/notodden\/#breadcrumb\",\"itemListElement\":[{\"@type\":\"ListItem\",\"position\":1,\"name\":\"Til hoyre.no\",\"item\":\"https:\/\/hoyre.no\"},{\"@type\":\"ListItem\",\"position\":2,\"name\":\"Hjem\",\"item\":\"https:\/\/hoyre.no\/notodden\/\"},{\"@type\":\"ListItem\",\"position\":3,\"name\":\"Forsiden\"}]},{\"@type\":\"WebSite\",\"@id\":\"https:\/\/hoyre.no\/notodden\/#website\",\"url\":\"https:\/\/hoyre.no\/notodden\/\",\"name\":\"Notodden H\u00f8yre\",\"description\":\"Bare enda et H\u00f8yres nettsteder-nettsted\",\"inLanguage\":\"nb-NO\"}]}<\/script>\n<!-- \/ Yoast SEO plugin. -->","yoast_head_json":{"title":"Forsiden - Notodden H\u00f8yre","description":"Notodden H\u00f8yre vil skape et trygt sted \u00e5 bo og leve med muligheter for alle. V\u00e5r viktigste ressurs er menneskene i Notodden, og vi er p\u00e5 lag med deg!","robots":{"index":"index","follow":"follow","max-snippet":"max-snippet:-1","max-image-preview":"max-image-preview:large","max-video-preview":"max-video-preview:-1"},"canonical":"https:\/\/hoyre.no\/notodden\/","og_locale":"nb_NO","og_type":"article","og_title":"Forsiden - Notodden H\u00f8yre","og_description":"Notodden H\u00f8yre vil skape et trygt sted \u00e5 bo og leve med muligheter for alle. V\u00e5r viktigste ressurs er menneskene i Notodden, og vi er p\u00e5 lag med deg!","og_url":"https:\/\/hoyre.no\/notodden\/","og_site_name":"Notodden H\u00f8yre","article_modified_time":"2026-04-28T12:14:32+00:00","og_image":[{"width":1000,"height":1000,"url":"https:\/\/hoyre.no\/content\/uploads\/sites\/361\/2022\/11\/Hoyres-logo.png","type":"image\/png"}],"twitter_card":"summary_large_image","twitter_misc":{"Ansl. lesetid":"1 minutt"},"schema":{"@context":"https:\/\/schema.org","@graph":[{"@type":"WebPage","@id":"https:\/\/hoyre.no\/notodden\/","url":"https:\/\/hoyre.no\/notodden\/","name":"Forsiden - Notodden H\u00f8yre","isPartOf":{"@id":"https:\/\/hoyre.no\/notodden\/#website"},"datePublished":"2020-11-16T10:08:21+00:00","dateModified":"2026-04-28T12:14:32+00:00","description":"Notodden H\u00f8yre vil skape et trygt sted \u00e5 bo og leve med muligheter for alle. V\u00e5r viktigste ressurs er menneskene i Notodden, og vi er p\u00e5 lag med deg!","breadcrumb":{"@id":"https:\/\/hoyre.no\/notodden\/#breadcrumb"},"inLanguage":"nb-NO","potentialAction":[{"@type":"ReadAction","target":["https:\/\/hoyre.no\/notodden\/"]}]},{"@type":"BreadcrumbList","@id":"https:\/\/hoyre.no\/notodden\/#breadcrumb","itemListElement":[{"@type":"ListItem","position":1,"name":"Til hoyre.no","item":"https:\/\/hoyre.no"},{"@type":"ListItem","position":2,"name":"Hjem","item":"https:\/\/hoyre.no\/notodden\/"},{"@type":"ListItem","position":3,"name":"Forsiden"}]},{"@type":"WebSite","@id":"https:\/\/hoyre.no\/notodden\/#website","url":"https:\/\/hoyre.no\/notodden\/","name":"Notodden H\u00f8yre","description":"Bare enda et H\u00f8yres nettsteder-nettsted","inLanguage":"nb-NO"}]}},"distributor_meta":false,"distributor_terms":false,"distributor_media":false,"distributor_original_site_name":"Notodden H\u00f8yre","distributor_original_site_url":"https:\/\/hoyre.no\/notodden","push-errors":false,"_links":{"self":[{"href":"https:\/\/hoyre.no\/notodden\/wp-json\/wp\/v2\/pages\/3","targetHints":{"allow":["GET"]}}],"collection":[{"href":"https:\/\/hoyre.no\/notodden\/wp-json\/wp\/v2\/pages"}],"about":[{"href":"https:\/\/hoyre.no\/notodden\/wp-json\/wp\/v2\/types\/page"}],"author":[{"embeddable":true,"href":"https:\/\/hoyre.no\/notodden\/wp-json\/wp\/v2\/users\/31684"}],"replies":[{"embeddable":true,"href":"https:\/\/hoyre.no\/notodden\/wp-json\/wp\/v2\/comments?post=3"}],"version-history":[{"count":62,"href":"https:\/\/hoyre.no\/notodden\/wp-json\/wp\/v2\/pages\/3\/revisions"}],"predecessor-version":[{"id":396,"href":"https:\/\/hoyre.no\/notodden\/wp-json\/wp\/v2\/pages\/3\/revisions\/396"}],"wp:attachment":[{"href":"https:\/\/hoyre.no\/notodden\/wp-json\/wp\/v2\/media?parent=3"}],"curies":[{"name":"wp","href":"https:\/\/api.w.org\/{rel}","templated":true}]}}