{"id":42,"date":"2022-09-29T19:38:46","date_gmt":"2022-09-29T17:38:46","guid":{"rendered":"https:\/\/hoyre.no\/notodden\/?page_id=42"},"modified":"2025-02-04T13:31:32","modified_gmt":"2025-02-04T12:31:32","slug":"anne-mette-gangsoy-var-ordforerkandidat","status":"publish","type":"page","link":"https:\/\/hoyre.no\/notodden\/anne-mette-gangsoy-var-ordforerkandidat\/","title":{"rendered":"Anne Mette Gangs\u00f8y &#8211; v\u00e5r ordf\u00f8rerkandidat"},"content":{"rendered":"\n<div class=\"wp-block-hoyre-hero with-image-gradient text-color-light  has-media alignfull has-background\"><div class=\"hoyre-hero has-image\"><h1 class=\"title\">Anne Mette Gangs\u00f8y <\/h1><p class=\"preamble\">Hvorfor du skal gi H\u00f8yre din stemme i Notodden kommune?<\/p>\t\t\t<div class=\"post-meta wp-block teft-byline-wrapper\">\n\t\t\t\t<div class=\"top\">\n\t\t\t\t\t<div class=\"signature\">\n\t\t\t\t\t\t<div class=\"teft-byline\">\n\t\t\t\t\t\t\t\t\t\t\t\t\t\t<div>\n\t\t\t\t\t\t\t\t<h3>H\u00f8yres redaksjon<\/h3>\t\t\t\t\t\t\t\t\n\t\t\t\t\t\t\t\t\t\t\t\t\t\t\t\t\t<span class=\"date\">Sist oppdatert: 4. februar 2025<\/span>\n\t\t\t\t\t\t\t\t\t\t\t\t\t\t\t\t\t\t\t\t\t\t\t\t\t<span class=\"reading-time\" itemprop=\"timeRequired\" content=\"PT3M\"><em>Ca. 3 minutter lesetid<\/em><\/span>\n\t\t\t\t\t\t\t\t\t\t\t\t\t\t\t<\/div>\n\t\t\t\t\t\t<\/div>\n\t\t\t\t\t<\/div>\n\t\t\t\t\t\t<div class=\"sharing\">\n\t\t<a class=\"share-button share-link copy-link\" data-copy=\"https:\/\/hoyre.no\/notodden\/anne-mette-gangsoy-var-ordforerkandidat\/\" target=\"_blank\"><span class=\"screen-reader-text\">Del link<\/span><\/a>\n\t\t<a class=\"share-button share-twitter\" href=\"http:\/\/twitter.com\/share?text=Anne Mette Gangs\u00f8y &#8211; v\u00e5r ordf\u00f8rerkandidat&#038;url=https:\/\/hoyre.no\/notodden\/anne-mette-gangsoy-var-ordforerkandidat\/&#038;hashtags=Hoyre\" target=\"_blank\"><span class=\"screen-reader-text\">Del p\u00e5 twitter<\/span><\/a>\n\t\t<a class=\"share-button share-facebook\" href=\"https:\/\/www.facebook.com\/sharer\/sharer.php?u=https:\/\/hoyre.no\/notodden\/anne-mette-gangsoy-var-ordforerkandidat\/\" target=\"_blank\"><span class=\"screen-reader-text\">Del p\u00e5 facebook<\/span><\/a>\n\t<\/div>\n\t\t\t\t\t<\/div>\n\t\t\t<\/div>\n\n\t\t\t<figure class=\"hoyre-image-wrapper\"><div class=\"hoyre-image\"><img loading=\"lazy\" decoding=\"async\" width=\"2500\" height=\"1667\" src=\"https:\/\/hoyre.no\/content\/uploads\/sites\/361\/2022\/10\/Foto-Hans-Kristian-Thorbjornsen-4475-scaled.jpg\" class=\"attachment-scaled size-scaled\" alt=\"Anne Mette Gangs\u00f8y\" style=\"object-position: 61% 33%\" srcset=\"https:\/\/hoyre.no\/content\/uploads\/sites\/361\/2022\/10\/Foto-Hans-Kristian-Thorbjornsen-4475-scaled.jpg 2500w, https:\/\/hoyre.no\/content\/uploads\/sites\/361\/2022\/10\/Foto-Hans-Kristian-Thorbjornsen-4475-300x200.jpg 300w, https:\/\/hoyre.no\/content\/uploads\/sites\/361\/2022\/10\/Foto-Hans-Kristian-Thorbjornsen-4475-1024x683.jpg 1024w, https:\/\/hoyre.no\/content\/uploads\/sites\/361\/2022\/10\/Foto-Hans-Kristian-Thorbjornsen-4475-768x512.jpg 768w, https:\/\/hoyre.no\/content\/uploads\/sites\/361\/2022\/10\/Foto-Hans-Kristian-Thorbjornsen-4475-1536x1024.jpg 1536w, https:\/\/hoyre.no\/content\/uploads\/sites\/361\/2022\/10\/Foto-Hans-Kristian-Thorbjornsen-4475-2048x1365.jpg 2048w\" sizes=\"auto, (max-width: 2500px) 100vw, 2500px\" \/><\/div><\/figure><\/div><\/div>\n\n\n\n\n<div class=\"wp-block-buttons is-layout-flex wp-block-buttons-is-layout-flex\">\n<div class=\"wp-block-button\"><a class=\"wp-block-button__link wp-element-button\" href=\"https:\/\/hoyre.no\/personprofiler\/anne-mette-gangsoy\/\">kom  i kontakt med  anne mette<\/a><\/div>\n\n\n\n<div class=\"wp-block-button\"><a class=\"wp-block-button__link wp-element-button\" href=\"https:\/\/hoyre.no\/nyhetsbrev\/\">abonner p\u00e5 h\u00f8yres nyhetsbrev<\/a><\/div>\n\n\n\n<div class=\"wp-block-button\"><a class=\"wp-block-button__link wp-element-button\" href=\"https:\/\/www.facebook.com\/Notodd1hoyre\">f\u00f8lg notodden h\u00f8yre p\u00e5 facebook<\/a><\/div>\n<\/div>\n\n\n\n<div class=\"wp-block-hoyre-banner undefined has-icon-title icon-heart is-style-dark\"><div class=\"banner-inner\"><div class=\"banner-content\"><div class=\"entry-content\">\n<h2 class=\"wp-block-heading has-text-align-center\">Bli bedre kjent med<br>Anne Mette!<\/h2>\n\n\n\n<p class=\"has-text-align-left\"><strong>Bosted:<\/strong> Notodden<\/p>\n\n\n\n<p class=\"has-text-align-left\"><strong>Jobb:<\/strong> N\u00e5 er jeg rektor ved Heddal ungdomsskole. Tidligere har jeg arbeidet som leder av Notodden Mangfolds- og l\u00e6ringssenter i 11 \u00e5r og 2 \u00e5r som daglig leder i Gullbring Kulturanlegg i B\u00f8. Jeg har v\u00e6rt direkt\u00f8r p\u00e5 Nordens institutt i Gr\u00f8nland i 2 \u00e5r og min f\u00f8rste arbeidsplass var NRK Marienlyst hvor jeg arbeidet i 19 \u00e5r.&nbsp;<\/p>\n\n\n\n<p class=\"has-text-align-left\"><strong>Politisk erfaring:<\/strong> Kommunestyrerepresentant for Notodden H\u00f8yre i perioden 2015-2019. Medlem i Helse og sosialutvalget.<\/p>\n\n\n\n<p class=\"has-text-align-left\"><strong>Hvorfor er H\u00f8yre rett parti for deg?<\/strong> I H\u00f8yre fant jeg et parti hvor jeg deler verdisynet. Det er en tillit til enkeltmenneskets verdighet og frihet, og man arbeider for et samfunn hvor menneskene opplever at de er deltakere og deres mening har en verdi. Det er viktig for meg. I H\u00f8yre ligger det ogs\u00e5 en grunnleggende respekt for tradisjon og historie samtidig som man alltid etterstreber \u00e5 l\u00f8se oppgavene bedre. Dette er verdier jeg identifiserer meg med.<\/p>\n\n\n\n<p class=\"has-text-align-left\"><strong>Hva er din hjertesak lokalt:<\/strong> Lytte til folk! Involvere borgerne i saker som betyr noe for dem. Politikerne har ikke alle l\u00f8sninger &#8211; vi m\u00e5 lytte til borgerne, n\u00e6ringslivslederne, sm\u00e5bedriftene, de eldre, barnefamiliene, ungdommene og p\u00e5r\u00f8rende.<\/p>\n\n\n\n<p class=\"has-text-align-left\"><strong>Hva er din hjertesak nasjonalt:<\/strong> Utdanning &#8211; en skole som faktisk forbereder elevene til \u00e5 bli borgere i morgendagens samfunn.&nbsp;<\/p>\n\n\n\n<p class=\"has-text-align-left\"><strong>Det er l\u00f8rdag, klokka n\u00e6rmer seg 1900. Hva spiser du helst til middag?<\/strong> Kortreist lam fra Gransherad med en god og fyldig r\u00f8dvin til.<\/p>\n\n\n\n<p class=\"has-text-align-left\"><strong>Konsert eller idrettsarrangement?<\/strong> Konsert<\/p>\n\n\n\n<p class=\"has-text-align-left\"><strong>Hvis du skulle valgt en, hva er din favorittartist?<\/strong> Anne Grete Preus<\/p>\n\n\n\n<p class=\"has-text-align-left\"><strong>Hva er din favorittplass i: <br>a) Notodden:<\/strong> Bok og Blueshuset<br><strong>b) Utenfor Notodden?<\/strong> Verdens Ende p\u00e5 Tj\u00f8me<\/p>\n\n\n\n<p class=\"has-text-align-left\"><strong>En kort funfact:<\/strong> Jeg kan ikke sv\u00f8mme, men jeg har v\u00e5ttkort i padling.<\/p>\n\n\n\n<div class=\"wp-block-buttons is-layout-flex wp-block-buttons-is-layout-flex\"><\/div>\n<\/div><\/div><\/div><\/div>\n\n\n\n<figure class=\"wp-block-teft-gallery columns-3 count-3 rows-2 is-cropped is-style-grid\"><ul class=\"teft-gallery-grid\"><li class=\"teft-gallery-item \"><figure><a href=\"https:\/\/hoyre.no\/content\/uploads\/sites\/361\/2022\/08\/anne-mette-2.jpeg\" data-size=\"1536x2048\"><img loading=\"lazy\" decoding=\"async\" width=\"768\" height=\"1024\" src=\"https:\/\/hoyre.no\/content\/uploads\/sites\/361\/2022\/08\/anne-mette-2-768x1024.jpeg\" class=\"attachment-large size-large\" alt=\"\" srcset=\"https:\/\/hoyre.no\/content\/uploads\/sites\/361\/2022\/08\/anne-mette-2-768x1024.jpeg 768w, https:\/\/hoyre.no\/content\/uploads\/sites\/361\/2022\/08\/anne-mette-2-225x300.jpeg 225w, https:\/\/hoyre.no\/content\/uploads\/sites\/361\/2022\/08\/anne-mette-2-1152x1536.jpeg 1152w, https:\/\/hoyre.no\/content\/uploads\/sites\/361\/2022\/08\/anne-mette-2.jpeg 1536w\" sizes=\"auto, (max-width: 768px) 100vw, 768px\" \/ data-full-url=\"https:\/\/hoyre.no\/content\/uploads\/sites\/361\/2022\/08\/anne-mette-2.jpeg\" data-id=\"46\" data-caption=\"46\"\/><\/a><\/figure><\/li><li class=\"teft-gallery-item \"><figure><a href=\"https:\/\/hoyre.no\/content\/uploads\/sites\/361\/2022\/06\/Notodden-scaled.jpg\" data-size=\"1875x2500\"><img loading=\"lazy\" decoding=\"async\" width=\"768\" height=\"1024\" src=\"https:\/\/hoyre.no\/content\/uploads\/sites\/361\/2022\/06\/Notodden-768x1024.jpg\" class=\"attachment-large size-large\" alt=\"Bilder av Anne Mette\" srcset=\"https:\/\/hoyre.no\/content\/uploads\/sites\/361\/2022\/06\/Notodden-768x1024.jpg 768w, https:\/\/hoyre.no\/content\/uploads\/sites\/361\/2022\/06\/Notodden-225x300.jpg 225w, https:\/\/hoyre.no\/content\/uploads\/sites\/361\/2022\/06\/Notodden-1152x1536.jpg 1152w, https:\/\/hoyre.no\/content\/uploads\/sites\/361\/2022\/06\/Notodden-1536x2048.jpg 1536w, https:\/\/hoyre.no\/content\/uploads\/sites\/361\/2022\/06\/Notodden-scaled.jpg 1875w\" sizes=\"auto, (max-width: 768px) 100vw, 768px\" \/ data-full-url=\"https:\/\/hoyre.no\/content\/uploads\/sites\/361\/2022\/06\/Notodden-scaled.jpg\" data-id=\"38\" data-caption=\"38\"\/><\/a><\/figure><\/li><li class=\"teft-gallery-item \"><figure><a href=\"https:\/\/hoyre.no\/content\/uploads\/sites\/361\/2022\/08\/anne-mette-3.jpeg\" data-size=\"1440x1078\"><img loading=\"lazy\" decoding=\"async\" width=\"1024\" height=\"767\" src=\"https:\/\/hoyre.no\/content\/uploads\/sites\/361\/2022\/08\/anne-mette-3-1024x767.jpeg\" class=\"attachment-large size-large\" alt=\"\" srcset=\"https:\/\/hoyre.no\/content\/uploads\/sites\/361\/2022\/08\/anne-mette-3-1024x767.jpeg 1024w, https:\/\/hoyre.no\/content\/uploads\/sites\/361\/2022\/08\/anne-mette-3-300x225.jpeg 300w, https:\/\/hoyre.no\/content\/uploads\/sites\/361\/2022\/08\/anne-mette-3-768x575.jpeg 768w, https:\/\/hoyre.no\/content\/uploads\/sites\/361\/2022\/08\/anne-mette-3.jpeg 1440w\" sizes=\"auto, (max-width: 1024px) 100vw, 1024px\" \/ data-full-url=\"https:\/\/hoyre.no\/content\/uploads\/sites\/361\/2022\/08\/anne-mette-3.jpeg\" data-id=\"47\" data-caption=\"47\"\/><\/a><\/figure><\/li><\/ul><\/figure>\n\n\n\n<h2 class=\"wp-block-heading has-text-align-center\">Anne Mettes hjertesak<\/h2>\n\n\n\n<p>\ud83d\udc99 <strong><strong>Notodden \u2013 en kommune i vekst <\/strong><\/strong><\/p>\n\n\n\n<p>Jeg \u00f8nsker \u00e5 lage et lokalsamfunn hvor det er godt \u00e5 bo og leve. Et lokalsamfunn hvor man kan finne sin dr\u00f8mmejobb, skape sin egen arbeidsplass eller p\u00e5 en enkel m\u00e5te pendle til den jobben man \u00f8nsker.<\/p>\n\n\n\n<p>Notodden kommune trenger flere innbyggere og forn\u00f8yde innbyggere. Innbyggere som vil bo, jobbe og skape arbeidsplasser her. Det vil vi i Notodden H\u00f8yre legge til rette for gjennom tett samarbeid med alle parter, en b\u00e6rekraftig \u00f8konomistyring, fortgang i beslutninger og planarbeid, lytte til den enkelte borger og ta ombudsrollen p\u00e5 alvor \u2013 b\u00e5de for enkeltpersoner og for n\u00e6ringslivet.<\/p>\n\n","protected":false},"excerpt":{"rendered":"","protected":false},"author":31684,"featured_media":0,"parent":0,"menu_order":0,"comment_status":"closed","ping_status":"closed","template":"","meta":{"teft_cards_image_url":"","teft_cards_custom_pretitle":"","teft_cards_image_id":0,"teft_cards_image_focal_point_x":0,"teft_cards_image_focal_point_y":0,"teft_cards_title":"","teft_cards_excerpt":"","teft_show_chapters":false,"footnotes":""},"class_list":["post-42","page","type-page","status-publish","hentry"],"yoast_head":"<!-- This site is optimized with the Yoast SEO plugin v26.6 - https:\/\/yoast.com\/wordpress\/plugins\/seo\/ -->\n<title>Anne Mette Gangs\u00f8y - v\u00e5r ordf\u00f8rerkandidat - Notodden H\u00f8yre<\/title>\n<meta name=\"robots\" content=\"index, follow, max-snippet:-1, max-image-preview:large, max-video-preview:-1\" \/>\n<link rel=\"canonical\" href=\"https:\/\/hoyre.no\/notodden\/anne-mette-gangsoy-var-ordforerkandidat\/\" \/>\n<meta property=\"og:locale\" content=\"nb_NO\" \/>\n<meta property=\"og:type\" content=\"article\" \/>\n<meta property=\"og:title\" content=\"Anne Mette Gangs\u00f8y - v\u00e5r ordf\u00f8rerkandidat - Notodden H\u00f8yre\" \/>\n<meta property=\"og:url\" content=\"https:\/\/hoyre.no\/notodden\/anne-mette-gangsoy-var-ordforerkandidat\/\" \/>\n<meta property=\"og:site_name\" content=\"Notodden H\u00f8yre\" \/>\n<meta property=\"article:modified_time\" content=\"2025-02-04T12:31:32+00:00\" \/>\n<meta property=\"og:image\" content=\"https:\/\/hoyre.no\/content\/uploads\/sites\/361\/2022\/11\/Hoyres-logo.png\" \/>\n\t<meta property=\"og:image:width\" content=\"1000\" \/>\n\t<meta property=\"og:image:height\" content=\"1000\" \/>\n\t<meta property=\"og:image:type\" content=\"image\/png\" \/>\n<meta name=\"twitter:card\" content=\"summary_large_image\" \/>\n<meta name=\"twitter:label1\" content=\"Ansl. lesetid\" \/>\n\t<meta name=\"twitter:data1\" content=\"3 minutter\" \/>\n<script type=\"application\/ld+json\" class=\"yoast-schema-graph\">{\"@context\":\"https:\/\/schema.org\",\"@graph\":[{\"@type\":\"WebPage\",\"@id\":\"https:\/\/hoyre.no\/notodden\/anne-mette-gangsoy-var-ordforerkandidat\/\",\"url\":\"https:\/\/hoyre.no\/notodden\/anne-mette-gangsoy-var-ordforerkandidat\/\",\"name\":\"Anne Mette Gangs\u00f8y - v\u00e5r ordf\u00f8rerkandidat - Notodden H\u00f8yre\",\"isPartOf\":{\"@id\":\"https:\/\/hoyre.no\/notodden\/#website\"},\"datePublished\":\"2022-09-29T17:38:46+00:00\",\"dateModified\":\"2025-02-04T12:31:32+00:00\",\"breadcrumb\":{\"@id\":\"https:\/\/hoyre.no\/notodden\/anne-mette-gangsoy-var-ordforerkandidat\/#breadcrumb\"},\"inLanguage\":\"nb-NO\",\"potentialAction\":[{\"@type\":\"ReadAction\",\"target\":[\"https:\/\/hoyre.no\/notodden\/anne-mette-gangsoy-var-ordforerkandidat\/\"]}]},{\"@type\":\"BreadcrumbList\",\"@id\":\"https:\/\/hoyre.no\/notodden\/anne-mette-gangsoy-var-ordforerkandidat\/#breadcrumb\",\"itemListElement\":[{\"@type\":\"ListItem\",\"position\":1,\"name\":\"Til hoyre.no\",\"item\":\"https:\/\/hoyre.no\"},{\"@type\":\"ListItem\",\"position\":2,\"name\":\"Hjem\",\"item\":\"https:\/\/hoyre.no\/notodden\/\"},{\"@type\":\"ListItem\",\"position\":3,\"name\":\"Anne Mette Gangs\u00f8y &#8211; v\u00e5r ordf\u00f8rerkandidat\"}]},{\"@type\":\"WebSite\",\"@id\":\"https:\/\/hoyre.no\/notodden\/#website\",\"url\":\"https:\/\/hoyre.no\/notodden\/\",\"name\":\"Notodden H\u00f8yre\",\"description\":\"Bare enda et H\u00f8yres nettsteder-nettsted\",\"inLanguage\":\"nb-NO\"}]}<\/script>\n<!-- \/ Yoast SEO plugin. -->","yoast_head_json":{"title":"Anne Mette Gangs\u00f8y - v\u00e5r ordf\u00f8rerkandidat - Notodden H\u00f8yre","robots":{"index":"index","follow":"follow","max-snippet":"max-snippet:-1","max-image-preview":"max-image-preview:large","max-video-preview":"max-video-preview:-1"},"canonical":"https:\/\/hoyre.no\/notodden\/anne-mette-gangsoy-var-ordforerkandidat\/","og_locale":"nb_NO","og_type":"article","og_title":"Anne Mette Gangs\u00f8y - v\u00e5r ordf\u00f8rerkandidat - Notodden H\u00f8yre","og_url":"https:\/\/hoyre.no\/notodden\/anne-mette-gangsoy-var-ordforerkandidat\/","og_site_name":"Notodden H\u00f8yre","article_modified_time":"2025-02-04T12:31:32+00:00","og_image":[{"width":1000,"height":1000,"url":"https:\/\/hoyre.no\/content\/uploads\/sites\/361\/2022\/11\/Hoyres-logo.png","type":"image\/png"}],"twitter_card":"summary_large_image","twitter_misc":{"Ansl. lesetid":"3 minutter"},"schema":{"@context":"https:\/\/schema.org","@graph":[{"@type":"WebPage","@id":"https:\/\/hoyre.no\/notodden\/anne-mette-gangsoy-var-ordforerkandidat\/","url":"https:\/\/hoyre.no\/notodden\/anne-mette-gangsoy-var-ordforerkandidat\/","name":"Anne Mette Gangs\u00f8y - v\u00e5r ordf\u00f8rerkandidat - Notodden H\u00f8yre","isPartOf":{"@id":"https:\/\/hoyre.no\/notodden\/#website"},"datePublished":"2022-09-29T17:38:46+00:00","dateModified":"2025-02-04T12:31:32+00:00","breadcrumb":{"@id":"https:\/\/hoyre.no\/notodden\/anne-mette-gangsoy-var-ordforerkandidat\/#breadcrumb"},"inLanguage":"nb-NO","potentialAction":[{"@type":"ReadAction","target":["https:\/\/hoyre.no\/notodden\/anne-mette-gangsoy-var-ordforerkandidat\/"]}]},{"@type":"BreadcrumbList","@id":"https:\/\/hoyre.no\/notodden\/anne-mette-gangsoy-var-ordforerkandidat\/#breadcrumb","itemListElement":[{"@type":"ListItem","position":1,"name":"Til hoyre.no","item":"https:\/\/hoyre.no"},{"@type":"ListItem","position":2,"name":"Hjem","item":"https:\/\/hoyre.no\/notodden\/"},{"@type":"ListItem","position":3,"name":"Anne Mette Gangs\u00f8y &#8211; v\u00e5r ordf\u00f8rerkandidat"}]},{"@type":"WebSite","@id":"https:\/\/hoyre.no\/notodden\/#website","url":"https:\/\/hoyre.no\/notodden\/","name":"Notodden H\u00f8yre","description":"Bare enda et H\u00f8yres nettsteder-nettsted","inLanguage":"nb-NO"}]}},"distributor_meta":false,"distributor_terms":false,"distributor_media":false,"distributor_original_site_name":"Notodden H\u00f8yre","distributor_original_site_url":"https:\/\/hoyre.no\/notodden","push-errors":false,"_links":{"self":[{"href":"https:\/\/hoyre.no\/notodden\/wp-json\/wp\/v2\/pages\/42","targetHints":{"allow":["GET"]}}],"collection":[{"href":"https:\/\/hoyre.no\/notodden\/wp-json\/wp\/v2\/pages"}],"about":[{"href":"https:\/\/hoyre.no\/notodden\/wp-json\/wp\/v2\/types\/page"}],"author":[{"embeddable":true,"href":"https:\/\/hoyre.no\/notodden\/wp-json\/wp\/v2\/users\/31684"}],"replies":[{"embeddable":true,"href":"https:\/\/hoyre.no\/notodden\/wp-json\/wp\/v2\/comments?post=42"}],"version-history":[{"count":26,"href":"https:\/\/hoyre.no\/notodden\/wp-json\/wp\/v2\/pages\/42\/revisions"}],"predecessor-version":[{"id":386,"href":"https:\/\/hoyre.no\/notodden\/wp-json\/wp\/v2\/pages\/42\/revisions\/386"}],"wp:attachment":[{"href":"https:\/\/hoyre.no\/notodden\/wp-json\/wp\/v2\/media?parent=42"}],"curies":[{"name":"wp","href":"https:\/\/api.w.org\/{rel}","templated":true}]}}