{"id":198,"date":"2023-05-30T20:06:18","date_gmt":"2023-05-30T18:06:18","guid":{"rendered":"https:\/\/hoyre.no\/oppdal\/?page_id=198"},"modified":"2025-02-10T15:26:38","modified_gmt":"2025-02-10T14:26:38","slug":"mal-for-barn-og-unge","status":"publish","type":"page","link":"https:\/\/hoyre.no\/oppdal\/mal-for-barn-og-unge\/","title":{"rendered":"M\u00e5l for barn og unge"},"content":{"rendered":"\n<div class=\"wp-block-hoyre-hero with-image-gradient text-color-light  has-media alignfull has-background\"><div class=\"hoyre-hero has-image\"><h1 class=\"title\"><strong>En god start p\u00e5 livet i barnehage og skole<\/strong><\/h1><figure class=\"hoyre-image-wrapper\"><div class=\"hoyre-image\"><img loading=\"lazy\" decoding=\"async\" width=\"1536\" height=\"864\" src=\"https:\/\/hoyre.no\/content\/uploads\/sites\/284\/2023\/05\/5_112515a7a3.png.jpeg\" class=\"attachment-scaled size-scaled\" alt=\"\" style=\"object-position: 50% 50%\" srcset=\"https:\/\/hoyre.no\/content\/uploads\/sites\/284\/2023\/05\/5_112515a7a3.png.jpeg 1536w, https:\/\/hoyre.no\/content\/uploads\/sites\/284\/2023\/05\/5_112515a7a3.png-300x169.jpeg 300w, https:\/\/hoyre.no\/content\/uploads\/sites\/284\/2023\/05\/5_112515a7a3.png-1024x576.jpeg 1024w, https:\/\/hoyre.no\/content\/uploads\/sites\/284\/2023\/05\/5_112515a7a3.png-768x432.jpeg 768w\" sizes=\"auto, (max-width: 1536px) 100vw, 1536px\" \/><\/div><\/figure><\/div><\/div>\n\n\n\n\n<p><em>Av Solveig Rise Mj\u00f8en og Venche Eithun<\/em><\/p>\n\n\n\n<p>64 av 794 elever i Oppdalsskolen svarte at de opplevde mobbing sist \u00e5r. Det tallet er alt for h\u00f8yt. Et godt og trygt barnehage- og skolemilj\u00f8 og det at elever lykkes med skolegang, er en kjernevirksomhet for Oppdal kommune.<\/p>\n\n\n\n<p>Ingen barn skal oppleve mobbing. Et trygt og godt l\u00e6ringsmilj\u00f8 er avgj\u00f8rende for barnets l\u00e6ring. Barnehage og skole skal v\u00e6re et trygt og godt sted og ingen av v\u00e5re barn skal m\u00e5tte g\u00e5 p\u00e5 barnehage\/skole med en klump i magen. Barnehagen skal bidra til barnas trivsel, livsglede, mestring, f\u00f8lelse av egenverd, forbygge krenkelser og mobbing. Om et barn opplever krenkelser eller mobbing, m\u00e5 barnehagen h\u00e5ndtere, stoppe og f\u00f8lge opp dette. (Rammeplan for barnehagen). Mindre&nbsp;mobbing&nbsp;bidrar til mindre frafall, f\u00e6rre med skolevegring og flere elever som gleder seg til \u00e5 g\u00e5 p\u00e5 barnehagen\/skolen for \u00e5 m\u00f8te venner. Derfor vil Oppdal H\u00f8yre gj\u00f8re mer for \u00e5 bekjempe&nbsp;mobbing i barnehage og skole.<\/p>\n\n\n\n<p>Oppdal kommune har utarbeidet en samhandlingsmodell, \u00abSett i Oppdal\u00bb, der alle barn skal bli sett i et trygt og godt oppvekstmilj\u00f8. Gjennom et tverrfaglig samarbeid skal det bygges et trygt og godt lag rundt barn, ungdom, unge voksne og foresatte som skal legge til rette for riktig hjelp til riktig tid, for \u00e5 fremme inkludering og unng\u00e5 utenforskap i Oppdal Kommune.<\/p>\n\n\n\n<p>H\u00f8yre i regjering innf\u00f8rte en t\u00f8ffere mobbelov, t\u00f8ffere reaksjoner mot skoler som ikke fulgte godt nok opp og mulighet for elever og foreldre til \u00e5 klage til statsforvalteren. Som skoleeier og ansvarlig for forsvarlig barnehagedrift, er det kommunens ansvar at barnehagene og skolene har ressurser, kompetanse og verkt\u00f8y til \u00e5 bekjempe&nbsp;mobbing. Det skal Oppdal H\u00f8yre bidra til.&nbsp;&nbsp;<\/p>\n\n\n\n<p><strong>Vi har laget 9 punkter vi vil jobbe med i tiden fremover:<\/strong><\/p>\n\n\n\n<ol class=\"wp-block-list\">\n<li>Det er elevene som selv vet best hvor skoen trykker og hva som m\u00e5 gj\u00f8res for \u00e5 skape et trygt og godt skolemilj\u00f8 for alle, derfor vil vi m\u00f8te elevene og h\u00f8re p\u00e5 deres innspill<\/li>\n\n\n\n<li>Vi vil se p\u00e5 muligheten for \u00e5 innf\u00f8re en mobbeknapp i Oppdal kommune. M\u00e5let er \u00e5 lage et lett tilgjengelig og lavterskel system for barn og voksne, for \u00e5 melde\u00a0i fra\u00a0om\u00a0mobbing\u00a0eller mistrivsel p\u00e5 skolen. (Ses i sammenheng med bekymringsknapp)<\/li>\n\n\n\n<li>Arbeidet mot\u00a0mobbing\u00a0skal starte tidlig, derfor m\u00e5\u00a0mobbing\u00a0og inkluderende fellesskap v\u00e6re et viktig tema i barnehagen, og det m\u00e5 jobbes for \u00e5 gi personalet \u00f8kt kompetanse for \u00e5 forebygge mobbing i barnehagen. Vi vil styrke samarbeidet barnehage og skole<\/li>\n\n\n\n<li>Vi vil styrke laget rundt l\u00e6rer og elev, milj\u00f8team og fagarbeidere er viktige i klasserommet<\/li>\n\n\n\n<li>Lage en samarbeidsavtale for Oppdal kommune mellom alle akt\u00f8rer som er p\u00e5 lag med barn og ungdom, en avtale med felles m\u00e5l for et godt oppvekst milj\u00f8 i Oppdal<\/li>\n\n\n\n<li>Vi foresl\u00e5r et elevstyrt kurs, der elevene holder kurs for foreldre og l\u00e6rere om skolemilj\u00f8 \u2013 hvordan opplever elevene hverdagen<\/li>\n\n\n\n<li>Vi vil se p\u00e5 samarbeid med fylkets mobbeombud og arbeide med nettvett b\u00e5de p\u00e5 skolen og i fritiden<\/li>\n\n\n\n<li>Sikre god oppf\u00f8lging og\u00a0overganger mellom skoleniv\u00e5ene. Overgangen fra: barnehage til barneskole, ungdomsskole og videreg\u00e5ende<\/li>\n\n\n\n<li>Innf\u00f8re fritt skolevalg, slik at elever som ikke trives p\u00e5 sin n\u00e6rskole\u00a0selv kan velge hvilken skole de vil g\u00e5 p\u00e5. \u00a0<\/li>\n<\/ol>\n\n","protected":false},"excerpt":{"rendered":"","protected":false},"author":9520,"featured_media":0,"parent":0,"menu_order":0,"comment_status":"closed","ping_status":"closed","template":"","meta":{"teft_cards_image_url":"","teft_cards_custom_pretitle":"","teft_cards_image_id":0,"teft_cards_image_focal_point_x":0,"teft_cards_image_focal_point_y":0,"teft_cards_title":"","teft_cards_excerpt":"","teft_show_chapters":false,"footnotes":""},"class_list":["post-198","page","type-page","status-publish","hentry"],"yoast_head":"<!-- This site is optimized with the Yoast SEO plugin v26.6 - https:\/\/yoast.com\/wordpress\/plugins\/seo\/ -->\n<title>M\u00e5l for barn og unge - Oppdal H\u00f8yre<\/title>\n<meta name=\"robots\" content=\"index, follow, max-snippet:-1, max-image-preview:large, max-video-preview:-1\" \/>\n<link rel=\"canonical\" href=\"https:\/\/hoyre.no\/oppdal\/mal-for-barn-og-unge\/\" \/>\n<meta property=\"og:locale\" content=\"nb_NO\" \/>\n<meta property=\"og:type\" content=\"article\" \/>\n<meta property=\"og:title\" content=\"M\u00e5l for barn og unge - Oppdal H\u00f8yre\" \/>\n<meta property=\"og:url\" content=\"https:\/\/hoyre.no\/oppdal\/mal-for-barn-og-unge\/\" \/>\n<meta property=\"og:site_name\" content=\"Oppdal H\u00f8yre\" \/>\n<meta property=\"article:modified_time\" content=\"2025-02-10T14:26:38+00:00\" \/>\n<meta property=\"og:image\" content=\"https:\/\/hoyre.no\/content\/uploads\/sites\/284\/2022\/11\/Hoyres-logo.png\" \/>\n\t<meta property=\"og:image:width\" content=\"1000\" \/>\n\t<meta property=\"og:image:height\" content=\"1000\" \/>\n\t<meta property=\"og:image:type\" content=\"image\/png\" \/>\n<meta name=\"twitter:card\" content=\"summary_large_image\" \/>\n<meta name=\"twitter:label1\" content=\"Ansl. lesetid\" \/>\n\t<meta name=\"twitter:data1\" content=\"3 minutter\" \/>\n<script type=\"application\/ld+json\" class=\"yoast-schema-graph\">{\"@context\":\"https:\/\/schema.org\",\"@graph\":[{\"@type\":\"WebPage\",\"@id\":\"https:\/\/hoyre.no\/oppdal\/mal-for-barn-og-unge\/\",\"url\":\"https:\/\/hoyre.no\/oppdal\/mal-for-barn-og-unge\/\",\"name\":\"M\u00e5l for barn og unge - Oppdal H\u00f8yre\",\"isPartOf\":{\"@id\":\"https:\/\/hoyre.no\/oppdal\/#website\"},\"datePublished\":\"2023-05-30T18:06:18+00:00\",\"dateModified\":\"2025-02-10T14:26:38+00:00\",\"breadcrumb\":{\"@id\":\"https:\/\/hoyre.no\/oppdal\/mal-for-barn-og-unge\/#breadcrumb\"},\"inLanguage\":\"nb-NO\",\"potentialAction\":[{\"@type\":\"ReadAction\",\"target\":[\"https:\/\/hoyre.no\/oppdal\/mal-for-barn-og-unge\/\"]}]},{\"@type\":\"BreadcrumbList\",\"@id\":\"https:\/\/hoyre.no\/oppdal\/mal-for-barn-og-unge\/#breadcrumb\",\"itemListElement\":[{\"@type\":\"ListItem\",\"position\":1,\"name\":\"Til hoyre.no\",\"item\":\"https:\/\/hoyre.no\"},{\"@type\":\"ListItem\",\"position\":2,\"name\":\"Hjem\",\"item\":\"https:\/\/hoyre.no\/oppdal\/\"},{\"@type\":\"ListItem\",\"position\":3,\"name\":\"M\u00e5l for barn og unge\"}]},{\"@type\":\"WebSite\",\"@id\":\"https:\/\/hoyre.no\/oppdal\/#website\",\"url\":\"https:\/\/hoyre.no\/oppdal\/\",\"name\":\"Oppdal H\u00f8yre\",\"description\":\"Bare enda et H\u00f8yres nettsteder-nettsted\",\"inLanguage\":\"nb-NO\"}]}<\/script>\n<!-- \/ Yoast SEO plugin. -->","yoast_head_json":{"title":"M\u00e5l for barn og unge - Oppdal H\u00f8yre","robots":{"index":"index","follow":"follow","max-snippet":"max-snippet:-1","max-image-preview":"max-image-preview:large","max-video-preview":"max-video-preview:-1"},"canonical":"https:\/\/hoyre.no\/oppdal\/mal-for-barn-og-unge\/","og_locale":"nb_NO","og_type":"article","og_title":"M\u00e5l for barn og unge - Oppdal H\u00f8yre","og_url":"https:\/\/hoyre.no\/oppdal\/mal-for-barn-og-unge\/","og_site_name":"Oppdal H\u00f8yre","article_modified_time":"2025-02-10T14:26:38+00:00","og_image":[{"width":1000,"height":1000,"url":"https:\/\/hoyre.no\/content\/uploads\/sites\/284\/2022\/11\/Hoyres-logo.png","type":"image\/png"}],"twitter_card":"summary_large_image","twitter_misc":{"Ansl. lesetid":"3 minutter"},"schema":{"@context":"https:\/\/schema.org","@graph":[{"@type":"WebPage","@id":"https:\/\/hoyre.no\/oppdal\/mal-for-barn-og-unge\/","url":"https:\/\/hoyre.no\/oppdal\/mal-for-barn-og-unge\/","name":"M\u00e5l for barn og unge - Oppdal H\u00f8yre","isPartOf":{"@id":"https:\/\/hoyre.no\/oppdal\/#website"},"datePublished":"2023-05-30T18:06:18+00:00","dateModified":"2025-02-10T14:26:38+00:00","breadcrumb":{"@id":"https:\/\/hoyre.no\/oppdal\/mal-for-barn-og-unge\/#breadcrumb"},"inLanguage":"nb-NO","potentialAction":[{"@type":"ReadAction","target":["https:\/\/hoyre.no\/oppdal\/mal-for-barn-og-unge\/"]}]},{"@type":"BreadcrumbList","@id":"https:\/\/hoyre.no\/oppdal\/mal-for-barn-og-unge\/#breadcrumb","itemListElement":[{"@type":"ListItem","position":1,"name":"Til hoyre.no","item":"https:\/\/hoyre.no"},{"@type":"ListItem","position":2,"name":"Hjem","item":"https:\/\/hoyre.no\/oppdal\/"},{"@type":"ListItem","position":3,"name":"M\u00e5l for barn og unge"}]},{"@type":"WebSite","@id":"https:\/\/hoyre.no\/oppdal\/#website","url":"https:\/\/hoyre.no\/oppdal\/","name":"Oppdal H\u00f8yre","description":"Bare enda et H\u00f8yres nettsteder-nettsted","inLanguage":"nb-NO"}]}},"distributor_meta":false,"distributor_terms":false,"distributor_media":false,"distributor_original_site_name":"Oppdal H\u00f8yre","distributor_original_site_url":"https:\/\/hoyre.no\/oppdal","push-errors":false,"_links":{"self":[{"href":"https:\/\/hoyre.no\/oppdal\/wp-json\/wp\/v2\/pages\/198","targetHints":{"allow":["GET"]}}],"collection":[{"href":"https:\/\/hoyre.no\/oppdal\/wp-json\/wp\/v2\/pages"}],"about":[{"href":"https:\/\/hoyre.no\/oppdal\/wp-json\/wp\/v2\/types\/page"}],"author":[{"embeddable":true,"href":"https:\/\/hoyre.no\/oppdal\/wp-json\/wp\/v2\/users\/9520"}],"replies":[{"embeddable":true,"href":"https:\/\/hoyre.no\/oppdal\/wp-json\/wp\/v2\/comments?post=198"}],"version-history":[{"count":2,"href":"https:\/\/hoyre.no\/oppdal\/wp-json\/wp\/v2\/pages\/198\/revisions"}],"predecessor-version":[{"id":459,"href":"https:\/\/hoyre.no\/oppdal\/wp-json\/wp\/v2\/pages\/198\/revisions\/459"}],"wp:attachment":[{"href":"https:\/\/hoyre.no\/oppdal\/wp-json\/wp\/v2\/media?parent=198"}],"curies":[{"name":"wp","href":"https:\/\/api.w.org\/{rel}","templated":true}]}}