{"id":3,"date":"2020-11-14T20:53:40","date_gmt":"2020-11-14T19:53:40","guid":{"rendered":"https:\/\/hoyre.no\/oppdal\/forsiden\/"},"modified":"2026-04-28T13:24:32","modified_gmt":"2026-04-28T11:24:32","slug":"forsiden","status":"publish","type":"page","link":"https:\/\/hoyre.no\/oppdal\/","title":{"rendered":"Forsiden"},"content":{"rendered":"<div class=\"hero-2026 ratio-16-9 alignwide is-style-picture-only wp-block-hoyre-hero-2026\">\n\t\t\t<div class=\"hero-2026__image\"><img decoding=\"async\" src=\"https:\/\/hoyre.no\/content\/uploads\/sites\/284\/2023\/05\/tempImageEI96tx-scaled.jpg\" alt=\"\" \/><\/div>\n\t\t\t\n\t\t\t<div class=\"hero-2026__content\">\n\t\t\t\t\n\t\t\t\t<p class=\"hero-2026__subtitle\">Oppdal H\u00f8yre<\/p>\n\t\t\t\t<h2 class=\"hero-2026__title\">Muligheter for alle<\/h2>\n\t\t\t\t<div class=\"hero-2026__buttons\">\n\n<div class=\"wp-block-buttons is-content-justification-center is-layout-flex wp-container-core-buttons-is-layout-16018d1d wp-block-buttons-is-layout-flex\">\n<div class=\"wp-block-button\"><a class=\"wp-block-button__link wp-element-button\" href=\"https:\/\/hoyre.no\/bli-med\/bli-medlem\/\">bli medlem<\/a><\/div>\n<\/div>\n\n<\/div>\n\t\t\t<\/div>\n\t\t<\/div>\n\n\n<div class=\"wp-block-hoyre-banner alignwide undefined\"><div class=\"banner-inner\"><figure class=\"hoyre-image-wrapper\"><div class=\"hoyre-image\"><img loading=\"lazy\" decoding=\"async\" width=\"960\" height=\"960\" src=\"https:\/\/hoyre.no\/content\/uploads\/sites\/284\/2023\/05\/IMG_5015.jpg\" class=\"attachment-scaled size-scaled\" alt=\"\" style=\"object-position: 59% 21%\" srcset=\"https:\/\/hoyre.no\/content\/uploads\/sites\/284\/2023\/05\/IMG_5015.jpg 960w, https:\/\/hoyre.no\/content\/uploads\/sites\/284\/2023\/05\/IMG_5015-300x300.jpg 300w, https:\/\/hoyre.no\/content\/uploads\/sites\/284\/2023\/05\/IMG_5015-150x150.jpg 150w, https:\/\/hoyre.no\/content\/uploads\/sites\/284\/2023\/05\/IMG_5015-768x768.jpg 768w\" sizes=\"auto, (max-width: 960px) 100vw, 960px\" \/><\/div><\/figure><div class=\"banner-content\"><div class=\"entry-content\">\n<p><\/p>\n\n\n\n<h2 class=\"wp-block-heading\">Bli kjent med v\u00e5re folk<\/h2>\n\n\n\n<p>Den fine gjengen i Oppdal H\u00f8yre\ud83d\ude00<\/p>\n\n\n\n<div class=\"wp-block-buttons is-layout-flex wp-block-buttons-is-layout-flex\">\n<div class=\"wp-block-button\"><a class=\"wp-block-button__link wp-element-button\" href=\"https:\/\/hoyre.no\/oppdal\/vare-folk\/\">V\u00e5re folk<\/a><\/div>\n<\/div>\n<\/div><\/div><\/div><\/div>\n\n\n\n\n<div class=\"wp-block-hoyre-banner alignwide undefined  is-style-blue\"><div class=\"banner-inner\"><figure class=\"hoyre-image-wrapper\"><div class=\"hoyre-image\"><img loading=\"lazy\" decoding=\"async\" width=\"2500\" height=\"1875\" src=\"https:\/\/hoyre.no\/content\/uploads\/sites\/284\/2023\/05\/tempImage65GZPM-scaled.jpg\" class=\"attachment-scaled size-scaled\" alt=\"\" style=\"object-position: 50% 50%\" srcset=\"https:\/\/hoyre.no\/content\/uploads\/sites\/284\/2023\/05\/tempImage65GZPM-scaled.jpg 2500w, https:\/\/hoyre.no\/content\/uploads\/sites\/284\/2023\/05\/tempImage65GZPM-300x225.jpg 300w, https:\/\/hoyre.no\/content\/uploads\/sites\/284\/2023\/05\/tempImage65GZPM-1024x768.jpg 1024w, https:\/\/hoyre.no\/content\/uploads\/sites\/284\/2023\/05\/tempImage65GZPM-768x576.jpg 768w, https:\/\/hoyre.no\/content\/uploads\/sites\/284\/2023\/05\/tempImage65GZPM-1536x1152.jpg 1536w, https:\/\/hoyre.no\/content\/uploads\/sites\/284\/2023\/05\/tempImage65GZPM-2048x1536.jpg 2048w\" sizes=\"auto, (max-width: 2500px) 100vw, 2500px\" \/><\/div><\/figure><div class=\"banner-content\"><div class=\"entry-content\">\n<h2 class=\"wp-block-heading\">10 grunner til \u00e5 stemme Oppdal H\u00f8yre<\/h2>\n\n\n\n<div class=\"wp-block-buttons is-layout-flex wp-block-buttons-is-layout-flex\">\n<div class=\"wp-block-button\"><a class=\"wp-block-button__link wp-element-button\" href=\"https:\/\/hoyre.no\/oppdal\/forsiden\/10-grunner-til-a-stemme-oppdal-hoyre\/\">Les mer<\/a><\/div>\n<\/div>\n<\/div><\/div><\/div><\/div>\n\n\n\n<div class=\"wp-block-hoyre-banner alignwide undefined  is-style-dark\"><div class=\"banner-inner\"><figure class=\"hoyre-image-wrapper\"><div class=\"hoyre-image\"><img loading=\"lazy\" decoding=\"async\" width=\"1536\" height=\"1026\" src=\"https:\/\/hoyre.no\/content\/uploads\/sites\/284\/2023\/05\/IMG_5004.jpg\" class=\"attachment-scaled size-scaled\" alt=\"\" style=\"object-position: 69% 27%\" srcset=\"https:\/\/hoyre.no\/content\/uploads\/sites\/284\/2023\/05\/IMG_5004.jpg 1536w, https:\/\/hoyre.no\/content\/uploads\/sites\/284\/2023\/05\/IMG_5004-300x200.jpg 300w, https:\/\/hoyre.no\/content\/uploads\/sites\/284\/2023\/05\/IMG_5004-1024x684.jpg 1024w, https:\/\/hoyre.no\/content\/uploads\/sites\/284\/2023\/05\/IMG_5004-768x513.jpg 768w\" sizes=\"auto, (max-width: 1536px) 100vw, 1536px\" \/><\/div><\/figure><div class=\"banner-content\"><div class=\"entry-content\">\n<h2 class=\"wp-block-heading\"><strong>En god start p\u00e5 livet i barnehage og skole<\/strong><\/h2>\n\n\n\n<div class=\"wp-block-buttons is-layout-flex wp-block-buttons-is-layout-flex\">\n<div class=\"wp-block-button\"><a class=\"wp-block-button__link wp-element-button\" href=\"https:\/\/hoyre.no\/oppdal\/mal-for-barn-og-unge\/\">9 punkter for bedre skolemilj\u00f8<\/a><\/div>\n<\/div>\n\n\n\n<div class=\"wp-block-buttons is-layout-flex wp-block-buttons-is-layout-flex\">\n<div class=\"wp-block-button\"><a class=\"wp-block-button__link wp-element-button\" href=\"https:\/\/hoyre.no\/oppdal\/opinion\/en-trygg-skolehverdag\/\">Forebygge Vold i skolen<\/a><\/div>\n<\/div>\n<\/div><\/div><\/div><\/div>\n\n\n\n\n\n<section class=\"wp-block-hoyre-branch-contact-person alignwide\">\n\t<div class=\"block-inner\">\n\t\t\n<div class=\"politician-info-wrapper\">\n\t<div class=\"politician-image-wrapper\">\n\t\t<div class=\"politician-image\">\n\t\t\t\t\t\t\t\t\t\t\t<a href=\"https:\/\/res.cloudinary.com\/hoyre\/image\/upload\/g_face:center,d_defaultprofileimg3.jpg,fl_lossy,f_auto\/v200902\/50162130.jpg\">\n\t\t\t\t\t<img decoding=\"async\" src=\"https:\/\/res.cloudinary.com\/hoyre\/image\/upload\/c_thumb,g_face:center,h_500,w_500,d_defaultprofileimg3.jpg,fl_lossy,f_auto\/w_500\/v20230420\/50162130.jpg\" alt=\"Profilbilde\" style=\"object-position: 50% 50%\" \/>\n\t\t\t\t<\/a>\n\t\t\t\t\t<\/div>\n\t\t\t<\/div>\n\t<div class=\"politician-details\">\n\t\t\t\t\t<h1 class=\"politician-name\"><a href=\"https:\/\/hoyre.no\/personprofiler\/eli-dahle\/\">Eli Dahle<\/a><\/h1>\n\t\t\t\t\t\t\t\t<h2 class=\"politician-title\">Gruppeleder<\/h2>\n\t\t\t\t\t<\/div>\n<\/div>\n\t<\/div>\n<\/section>\n\n\n\n\n<div class=\"wp-block-hoyre-banner alignwide undefined  is-style-light\"><div class=\"banner-inner\"><figure class=\"hoyre-image-wrapper\"><div class=\"hoyre-image\"><img decoding=\"async\" loading=\"lazy\" width=\"2048\" height=\"1365\" src=\"https:\/\/hoyre.no\/content\/uploads\/2020\/09\/54483135358_f67d549a0f_k.jpg\" class=\"attachment-scaled size-scaled\" alt=\"Ine\" style=\"object-position: 47% 42%\" \/><\/div><\/figure><div class=\"banner-content\"><div class=\"entry-content\">\n<h2 class=\"wp-block-heading\" id=\"h-bli-medlem-i-hoyre\">Bli medlem i H\u00f8yre<\/h2>\n\n\n\n<p>Vil du v\u00e6re med p\u00e5 \u00e5 skape et samfunn med muligheter for alle? Bli med p\u00e5 laget. Ditt bidrag gj\u00f8r oss enda sterkere.<\/p>\n\n\n\n<div class=\"wp-block-buttons is-layout-flex wp-block-buttons-is-layout-flex\">\n<div class=\"wp-block-button\"><a class=\"wp-block-button__link wp-element-button\" href=\"https:\/\/hoyre.no\/bli-med\/bli-medlem\/\">bli medlem i h\u00f8yre<\/a><\/div>\n<\/div>\n<\/div><\/div><\/div><\/div>\n\n\n\n\n\n\n\n\n\n\n\n\n\n<div class=\"wp-block-hoyre-banner alignwide undefined  is-style-blue\"><div class=\"banner-inner\"><figure class=\"hoyre-image-wrapper\"><div class=\"hoyre-image\"><img loading=\"lazy\" decoding=\"async\" width=\"1257\" height=\"1131\" src=\"https:\/\/hoyre.no\/content\/uploads\/sites\/284\/2023\/05\/IMG_5206.jpg\" class=\"attachment-scaled size-scaled\" alt=\"\" style=\"object-position: 50% 50%\" srcset=\"https:\/\/hoyre.no\/content\/uploads\/sites\/284\/2023\/05\/IMG_5206.jpg 1257w, https:\/\/hoyre.no\/content\/uploads\/sites\/284\/2023\/05\/IMG_5206-300x270.jpg 300w, https:\/\/hoyre.no\/content\/uploads\/sites\/284\/2023\/05\/IMG_5206-1024x921.jpg 1024w, https:\/\/hoyre.no\/content\/uploads\/sites\/284\/2023\/05\/IMG_5206-768x691.jpg 768w\" sizes=\"auto, (max-width: 1257px) 100vw, 1257px\" \/><\/div><\/figure><div class=\"banner-content\"><div class=\"entry-content\">\n<p>Les v\u00e5rt program p\u00e5 polsk:<\/p>\n\n\n\n<h2 class=\"wp-block-heading alignfull\">10 powod\u00f3w, aby zag\u0142osowa\u0107 na Oppdal H\u00f8yre<\/h2>\n\n\n\n<div class=\"wp-block-buttons is-layout-flex wp-block-buttons-is-layout-flex\">\n<div class=\"wp-block-button\"><a class=\"wp-block-button__link wp-element-button\" href=\"https:\/\/hoyre.no\/oppdal\/154-2\/\">Czytaj wi\u0119cej<\/a><\/div>\n<\/div>\n<\/div><\/div><\/div><\/div>\n\n\n\n<figure class=\"wp-block-teft-gallery columns-3 count-4 rows-2 is-cropped\"><ul class=\"teft-gallery-grid\"><li class=\"teft-gallery-item \"><figure><a href=\"https:\/\/hoyre.no\/content\/uploads\/sites\/284\/2023\/05\/IMG_5017-2.jpg\" data-size=\"1536x2048\"><img loading=\"lazy\" decoding=\"async\" width=\"768\" height=\"1024\" src=\"https:\/\/hoyre.no\/content\/uploads\/sites\/284\/2023\/05\/IMG_5017-2-768x1024.jpg\" class=\"attachment-large size-large\" alt=\"\" srcset=\"https:\/\/hoyre.no\/content\/uploads\/sites\/284\/2023\/05\/IMG_5017-2-768x1024.jpg 768w, https:\/\/hoyre.no\/content\/uploads\/sites\/284\/2023\/05\/IMG_5017-2-225x300.jpg 225w, https:\/\/hoyre.no\/content\/uploads\/sites\/284\/2023\/05\/IMG_5017-2-1152x1536.jpg 1152w, https:\/\/hoyre.no\/content\/uploads\/sites\/284\/2023\/05\/IMG_5017-2.jpg 1536w\" sizes=\"auto, (max-width: 768px) 100vw, 768px\" \/ data-full-url=\"https:\/\/hoyre.no\/content\/uploads\/sites\/284\/2023\/05\/IMG_5017-2.jpg\" data-id=\"111\" data-caption=\"111\"\/><\/a><\/figure><\/li><li class=\"teft-gallery-item \"><figure><a href=\"https:\/\/hoyre.no\/content\/uploads\/sites\/284\/2023\/05\/IMG_5016-1.jpg\" data-size=\"1536x2048\"><img loading=\"lazy\" decoding=\"async\" width=\"768\" height=\"1024\" src=\"https:\/\/hoyre.no\/content\/uploads\/sites\/284\/2023\/05\/IMG_5016-1-768x1024.jpg\" class=\"attachment-large size-large\" alt=\"\" srcset=\"https:\/\/hoyre.no\/content\/uploads\/sites\/284\/2023\/05\/IMG_5016-1-768x1024.jpg 768w, https:\/\/hoyre.no\/content\/uploads\/sites\/284\/2023\/05\/IMG_5016-1-225x300.jpg 225w, https:\/\/hoyre.no\/content\/uploads\/sites\/284\/2023\/05\/IMG_5016-1-1152x1536.jpg 1152w, https:\/\/hoyre.no\/content\/uploads\/sites\/284\/2023\/05\/IMG_5016-1.jpg 1536w\" sizes=\"auto, (max-width: 768px) 100vw, 768px\" \/ data-full-url=\"https:\/\/hoyre.no\/content\/uploads\/sites\/284\/2023\/05\/IMG_5016-1.jpg\" data-id=\"112\" data-caption=\"112\"\/><\/a><\/figure><\/li><li class=\"teft-gallery-item \"><figure><a href=\"https:\/\/hoyre.no\/content\/uploads\/sites\/284\/2023\/05\/IMG_5020.jpg\" data-size=\"1706x2048\"><img loading=\"lazy\" decoding=\"async\" width=\"853\" height=\"1024\" src=\"https:\/\/hoyre.no\/content\/uploads\/sites\/284\/2023\/05\/IMG_5020-853x1024.jpg\" class=\"attachment-large size-large\" alt=\"\" srcset=\"https:\/\/hoyre.no\/content\/uploads\/sites\/284\/2023\/05\/IMG_5020-853x1024.jpg 853w, https:\/\/hoyre.no\/content\/uploads\/sites\/284\/2023\/05\/IMG_5020-250x300.jpg 250w, https:\/\/hoyre.no\/content\/uploads\/sites\/284\/2023\/05\/IMG_5020-768x922.jpg 768w, https:\/\/hoyre.no\/content\/uploads\/sites\/284\/2023\/05\/IMG_5020-1280x1536.jpg 1280w, https:\/\/hoyre.no\/content\/uploads\/sites\/284\/2023\/05\/IMG_5020.jpg 1706w\" sizes=\"auto, (max-width: 853px) 100vw, 853px\" \/ data-full-url=\"https:\/\/hoyre.no\/content\/uploads\/sites\/284\/2023\/05\/IMG_5020.jpg\" data-id=\"113\" data-caption=\"113\"\/><\/a><\/figure><\/li><li class=\"teft-gallery-item \"><figure><a href=\"https:\/\/hoyre.no\/content\/uploads\/sites\/284\/2023\/05\/IMG_5019.jpg\" data-size=\"922x1273\"><img loading=\"lazy\" decoding=\"async\" width=\"742\" height=\"1024\" src=\"https:\/\/hoyre.no\/content\/uploads\/sites\/284\/2023\/05\/IMG_5019-742x1024.jpg\" class=\"attachment-large size-large\" alt=\"\" srcset=\"https:\/\/hoyre.no\/content\/uploads\/sites\/284\/2023\/05\/IMG_5019-742x1024.jpg 742w, https:\/\/hoyre.no\/content\/uploads\/sites\/284\/2023\/05\/IMG_5019-217x300.jpg 217w, https:\/\/hoyre.no\/content\/uploads\/sites\/284\/2023\/05\/IMG_5019-768x1060.jpg 768w, https:\/\/hoyre.no\/content\/uploads\/sites\/284\/2023\/05\/IMG_5019.jpg 922w\" sizes=\"auto, (max-width: 742px) 100vw, 742px\" \/ data-full-url=\"https:\/\/hoyre.no\/content\/uploads\/sites\/284\/2023\/05\/IMG_5019.jpg\" data-id=\"114\" data-caption=\"114\"\/><\/a><\/figure><\/li><\/ul><\/figure>\n","protected":false},"excerpt":{"rendered":"","protected":false},"author":1,"featured_media":0,"parent":0,"menu_order":0,"comment_status":"closed","ping_status":"closed","template":"","meta":{"teft_cards_image_url":"","teft_cards_custom_pretitle":"","teft_cards_image_id":0,"teft_cards_image_focal_point_x":0,"teft_cards_image_focal_point_y":0,"teft_cards_title":"","teft_cards_excerpt":"","teft_show_chapters":false,"footnotes":""},"class_list":["post-3","page","type-page","status-publish","hentry"],"yoast_head":"<!-- This site is optimized with the Yoast SEO plugin v26.6 - https:\/\/yoast.com\/wordpress\/plugins\/seo\/ -->\n<title>Forsiden - Oppdal H\u00f8yre<\/title>\n<meta name=\"robots\" content=\"index, follow, max-snippet:-1, max-image-preview:large, max-video-preview:-1\" \/>\n<link rel=\"canonical\" href=\"https:\/\/hoyre.no\/oppdal\/\" \/>\n<meta property=\"og:locale\" content=\"nb_NO\" \/>\n<meta property=\"og:type\" content=\"article\" \/>\n<meta property=\"og:title\" content=\"Forsiden - Oppdal H\u00f8yre\" \/>\n<meta property=\"og:url\" content=\"https:\/\/hoyre.no\/oppdal\/\" \/>\n<meta property=\"og:site_name\" content=\"Oppdal H\u00f8yre\" \/>\n<meta property=\"article:modified_time\" content=\"2026-04-28T11:24:32+00:00\" \/>\n<meta property=\"og:image\" content=\"https:\/\/hoyre.no\/content\/uploads\/sites\/284\/2022\/11\/Hoyres-logo.png\" \/>\n\t<meta property=\"og:image:width\" content=\"1000\" \/>\n\t<meta property=\"og:image:height\" content=\"1000\" \/>\n\t<meta property=\"og:image:type\" content=\"image\/png\" \/>\n<meta name=\"twitter:card\" content=\"summary_large_image\" \/>\n<meta name=\"twitter:label1\" content=\"Ansl. lesetid\" \/>\n\t<meta name=\"twitter:data1\" content=\"1 minutt\" \/>\n<script type=\"application\/ld+json\" class=\"yoast-schema-graph\">{\"@context\":\"https:\/\/schema.org\",\"@graph\":[{\"@type\":\"WebPage\",\"@id\":\"https:\/\/hoyre.no\/oppdal\/\",\"url\":\"https:\/\/hoyre.no\/oppdal\/\",\"name\":\"Forsiden - Oppdal H\u00f8yre\",\"isPartOf\":{\"@id\":\"https:\/\/hoyre.no\/oppdal\/#website\"},\"datePublished\":\"2020-11-14T19:53:40+00:00\",\"dateModified\":\"2026-04-28T11:24:32+00:00\",\"breadcrumb\":{\"@id\":\"https:\/\/hoyre.no\/oppdal\/#breadcrumb\"},\"inLanguage\":\"nb-NO\",\"potentialAction\":[{\"@type\":\"ReadAction\",\"target\":[\"https:\/\/hoyre.no\/oppdal\/\"]}]},{\"@type\":\"BreadcrumbList\",\"@id\":\"https:\/\/hoyre.no\/oppdal\/#breadcrumb\",\"itemListElement\":[{\"@type\":\"ListItem\",\"position\":1,\"name\":\"Til hoyre.no\",\"item\":\"https:\/\/hoyre.no\"},{\"@type\":\"ListItem\",\"position\":2,\"name\":\"Hjem\",\"item\":\"https:\/\/hoyre.no\/oppdal\/\"},{\"@type\":\"ListItem\",\"position\":3,\"name\":\"Forsiden\"}]},{\"@type\":\"WebSite\",\"@id\":\"https:\/\/hoyre.no\/oppdal\/#website\",\"url\":\"https:\/\/hoyre.no\/oppdal\/\",\"name\":\"Oppdal H\u00f8yre\",\"description\":\"Bare enda et H\u00f8yres nettsteder-nettsted\",\"inLanguage\":\"nb-NO\"}]}<\/script>\n<!-- \/ Yoast SEO plugin. -->","yoast_head_json":{"title":"Forsiden - Oppdal H\u00f8yre","robots":{"index":"index","follow":"follow","max-snippet":"max-snippet:-1","max-image-preview":"max-image-preview:large","max-video-preview":"max-video-preview:-1"},"canonical":"https:\/\/hoyre.no\/oppdal\/","og_locale":"nb_NO","og_type":"article","og_title":"Forsiden - Oppdal H\u00f8yre","og_url":"https:\/\/hoyre.no\/oppdal\/","og_site_name":"Oppdal H\u00f8yre","article_modified_time":"2026-04-28T11:24:32+00:00","og_image":[{"width":1000,"height":1000,"url":"https:\/\/hoyre.no\/content\/uploads\/sites\/284\/2022\/11\/Hoyres-logo.png","type":"image\/png"}],"twitter_card":"summary_large_image","twitter_misc":{"Ansl. lesetid":"1 minutt"},"schema":{"@context":"https:\/\/schema.org","@graph":[{"@type":"WebPage","@id":"https:\/\/hoyre.no\/oppdal\/","url":"https:\/\/hoyre.no\/oppdal\/","name":"Forsiden - Oppdal H\u00f8yre","isPartOf":{"@id":"https:\/\/hoyre.no\/oppdal\/#website"},"datePublished":"2020-11-14T19:53:40+00:00","dateModified":"2026-04-28T11:24:32+00:00","breadcrumb":{"@id":"https:\/\/hoyre.no\/oppdal\/#breadcrumb"},"inLanguage":"nb-NO","potentialAction":[{"@type":"ReadAction","target":["https:\/\/hoyre.no\/oppdal\/"]}]},{"@type":"BreadcrumbList","@id":"https:\/\/hoyre.no\/oppdal\/#breadcrumb","itemListElement":[{"@type":"ListItem","position":1,"name":"Til hoyre.no","item":"https:\/\/hoyre.no"},{"@type":"ListItem","position":2,"name":"Hjem","item":"https:\/\/hoyre.no\/oppdal\/"},{"@type":"ListItem","position":3,"name":"Forsiden"}]},{"@type":"WebSite","@id":"https:\/\/hoyre.no\/oppdal\/#website","url":"https:\/\/hoyre.no\/oppdal\/","name":"Oppdal H\u00f8yre","description":"Bare enda et H\u00f8yres nettsteder-nettsted","inLanguage":"nb-NO"}]}},"distributor_meta":false,"distributor_terms":false,"distributor_media":false,"distributor_original_site_name":"Oppdal H\u00f8yre","distributor_original_site_url":"https:\/\/hoyre.no\/oppdal","push-errors":false,"_links":{"self":[{"href":"https:\/\/hoyre.no\/oppdal\/wp-json\/wp\/v2\/pages\/3","targetHints":{"allow":["GET"]}}],"collection":[{"href":"https:\/\/hoyre.no\/oppdal\/wp-json\/wp\/v2\/pages"}],"about":[{"href":"https:\/\/hoyre.no\/oppdal\/wp-json\/wp\/v2\/types\/page"}],"author":[{"embeddable":true,"href":"https:\/\/hoyre.no\/oppdal\/wp-json\/wp\/v2\/users\/1"}],"replies":[{"embeddable":true,"href":"https:\/\/hoyre.no\/oppdal\/wp-json\/wp\/v2\/comments?post=3"}],"version-history":[{"count":44,"href":"https:\/\/hoyre.no\/oppdal\/wp-json\/wp\/v2\/pages\/3\/revisions"}],"predecessor-version":[{"id":462,"href":"https:\/\/hoyre.no\/oppdal\/wp-json\/wp\/v2\/pages\/3\/revisions\/462"}],"wp:attachment":[{"href":"https:\/\/hoyre.no\/oppdal\/wp-json\/wp\/v2\/media?parent=3"}],"curies":[{"name":"wp","href":"https:\/\/api.w.org\/{rel}","templated":true}]}}