{"id":304,"date":"2023-06-07T21:17:14","date_gmt":"2023-06-07T19:17:14","guid":{"rendered":"https:\/\/hoyre.no\/oppdal\/?page_id=304"},"modified":"2023-06-07T21:27:33","modified_gmt":"2023-06-07T19:27:33","slug":"offentlig-privat-samarbeid","status":"publish","type":"page","link":"https:\/\/hoyre.no\/oppdal\/offentlig-privat-samarbeid\/","title":{"rendered":"Offentlig-privat samarbeid"},"content":{"rendered":"\n<div class=\"wp-block-hoyre-hero with-image-gradient text-color-light  has-media alignfull has-background\"><div class=\"hoyre-hero has-image\"><h1 class=\"title\">Offentlig-privat samarbeid kan gi bedre effektivitet og kvalitet<\/h1><figure class=\"hoyre-image-wrapper\"><div class=\"hoyre-image\"><img loading=\"lazy\" decoding=\"async\" width=\"512\" height=\"512\" src=\"https:\/\/hoyre.no\/content\/uploads\/sites\/284\/2023\/06\/GKsgStIE.jpeg\" class=\"attachment-scaled size-scaled\" alt=\"\" style=\"object-position: 50% 50%\" srcset=\"https:\/\/hoyre.no\/content\/uploads\/sites\/284\/2023\/06\/GKsgStIE.jpeg 512w, https:\/\/hoyre.no\/content\/uploads\/sites\/284\/2023\/06\/GKsgStIE-300x300.jpeg 300w, https:\/\/hoyre.no\/content\/uploads\/sites\/284\/2023\/06\/GKsgStIE-150x150.jpeg 150w\" sizes=\"auto, (max-width: 512px) 100vw, 512px\" \/><\/div><\/figure><\/div><\/div>\n\n\n\n\n<p>Kommuner som bruker en miks av private og offentlige leverand\u00f8rer scorer gjennomsnittlig h\u00f8yere p\u00e5 effektivitet uten at det g\u00e5r p\u00e5 bekostning av kvalitet, viser ny NHO-rapport.<\/p>\n\n\n\n<p>Norge st\u00e5r overfor store utfordringer i \u00e5rene fremover. Mens det i dag st\u00e5r fire personer i yrkesaktiv alder bak hver person i pensjonsalder, vil det i 2060 kun v\u00e6re to. Oljeinntektene vil g\u00e5 ned, mens folks forventninger til de offentlige velferdstjenestene vil fortsette \u00e5 g\u00e5 opp.<\/p>\n\n\n\n<p>Det er mange svar p\u00e5 disse store utfordringene: Vi m\u00e5 blant annet f\u00e5 flere i jobb, vi m\u00e5 v\u00e6re innovative, vi m\u00e5 ha et mer b\u00e6rekraftig velferdssamfunn, og vi m\u00e5 ta alle gode krefter i samfunnet i bruk. Uavhengig av om de er offentlige, private eller ideelle.<\/p>\n\n\n\n<p>St\u00f8re-regjeringen og SV g\u00e5r motsatt vei, og har satt ned et utvalg som skal utrede hvordan private akt\u00f8rer skal fases ut av velferden. Ikke bare er det en avsporing fra de store, viktige utfordringene samfunnet v\u00e5rt st\u00e5r overfor. Det er et angrep p\u00e5 den norske velferdsmodellen, som har tjent oss godt i \u00e5rhundrer. Det vil redusere mangfoldet, f\u00f8re til flere offentlige monopoler, og redusere folks valgfrihet.<\/p>\n\n\n\n<p>H\u00f8yre \u00f8nsker ikke \u00e5 avvikle den norske velferdsmodellen, men skal kjempe for den, og utvikle den videre. Vi \u00f8nsker \u00e5 sikre at innbyggerne f\u00e5r tjenester av h\u00f8y kvalitet, mer valgfrihet, makt over eget liv og raskest mulig hjelp.<\/p>\n\n\n\n\t\t\t<div class=\"wp-block-hoyre-list alignfull has-background\">\n\t\t\t\t<div class=\"block-inner\">\n\t\t\t\t\t\t<div class=\"post-wrap links-wrapper-outer\">\n\t\t<h2 class=\"title anchor-title\">Omr\u00e5der<\/h2>\t\t<div class=\"link-list-inner\">\n\t\t\t\n\n<div class=\"wp-block-button\"><a class=\"wp-block-button__link\" href=\"https:\/\/hoyre.no\/2023\/06\/04\/erna-solberg-alle-gode-krefter-i-bruk\/\">Erna vil ta alle gode krefter i bruk<\/a><\/div>\n\n\t\t<\/div>\n\t<\/div>\n\t\t\t\t\t<\/div>\n\t\t\t<\/div>\n\t\t\t","protected":false},"excerpt":{"rendered":"","protected":false},"author":9520,"featured_media":0,"parent":0,"menu_order":0,"comment_status":"closed","ping_status":"closed","template":"","meta":{"teft_cards_image_url":"","teft_cards_custom_pretitle":"","teft_cards_image_id":0,"teft_cards_image_focal_point_x":0,"teft_cards_image_focal_point_y":0,"teft_cards_title":"","teft_cards_excerpt":"","teft_show_chapters":false,"footnotes":""},"class_list":["post-304","page","type-page","status-publish","hentry"],"yoast_head":"<!-- This site is optimized with the Yoast SEO plugin v26.6 - https:\/\/yoast.com\/wordpress\/plugins\/seo\/ -->\n<title>Offentlig-privat samarbeid - Oppdal H\u00f8yre<\/title>\n<meta name=\"robots\" content=\"index, follow, max-snippet:-1, max-image-preview:large, max-video-preview:-1\" \/>\n<link rel=\"canonical\" href=\"https:\/\/hoyre.no\/oppdal\/offentlig-privat-samarbeid\/\" \/>\n<meta property=\"og:locale\" content=\"nb_NO\" \/>\n<meta property=\"og:type\" content=\"article\" \/>\n<meta property=\"og:title\" content=\"Offentlig-privat samarbeid - Oppdal H\u00f8yre\" \/>\n<meta property=\"og:url\" content=\"https:\/\/hoyre.no\/oppdal\/offentlig-privat-samarbeid\/\" \/>\n<meta property=\"og:site_name\" content=\"Oppdal H\u00f8yre\" \/>\n<meta property=\"article:modified_time\" content=\"2023-06-07T19:27:33+00:00\" \/>\n<meta property=\"og:image\" content=\"https:\/\/hoyre.no\/content\/uploads\/sites\/284\/2022\/11\/Hoyres-logo.png\" \/>\n\t<meta property=\"og:image:width\" content=\"1000\" \/>\n\t<meta property=\"og:image:height\" content=\"1000\" \/>\n\t<meta property=\"og:image:type\" content=\"image\/png\" \/>\n<meta name=\"twitter:card\" content=\"summary_large_image\" \/>\n<meta name=\"twitter:label1\" content=\"Ansl. lesetid\" \/>\n\t<meta name=\"twitter:data1\" content=\"2 minutter\" \/>\n<script type=\"application\/ld+json\" class=\"yoast-schema-graph\">{\"@context\":\"https:\/\/schema.org\",\"@graph\":[{\"@type\":\"WebPage\",\"@id\":\"https:\/\/hoyre.no\/oppdal\/offentlig-privat-samarbeid\/\",\"url\":\"https:\/\/hoyre.no\/oppdal\/offentlig-privat-samarbeid\/\",\"name\":\"Offentlig-privat samarbeid - Oppdal H\u00f8yre\",\"isPartOf\":{\"@id\":\"https:\/\/hoyre.no\/oppdal\/#website\"},\"datePublished\":\"2023-06-07T19:17:14+00:00\",\"dateModified\":\"2023-06-07T19:27:33+00:00\",\"breadcrumb\":{\"@id\":\"https:\/\/hoyre.no\/oppdal\/offentlig-privat-samarbeid\/#breadcrumb\"},\"inLanguage\":\"nb-NO\",\"potentialAction\":[{\"@type\":\"ReadAction\",\"target\":[\"https:\/\/hoyre.no\/oppdal\/offentlig-privat-samarbeid\/\"]}]},{\"@type\":\"BreadcrumbList\",\"@id\":\"https:\/\/hoyre.no\/oppdal\/offentlig-privat-samarbeid\/#breadcrumb\",\"itemListElement\":[{\"@type\":\"ListItem\",\"position\":1,\"name\":\"Til hoyre.no\",\"item\":\"https:\/\/hoyre.no\"},{\"@type\":\"ListItem\",\"position\":2,\"name\":\"Hjem\",\"item\":\"https:\/\/hoyre.no\/oppdal\/\"},{\"@type\":\"ListItem\",\"position\":3,\"name\":\"Offentlig-privat samarbeid\"}]},{\"@type\":\"WebSite\",\"@id\":\"https:\/\/hoyre.no\/oppdal\/#website\",\"url\":\"https:\/\/hoyre.no\/oppdal\/\",\"name\":\"Oppdal H\u00f8yre\",\"description\":\"Bare enda et H\u00f8yres nettsteder-nettsted\",\"inLanguage\":\"nb-NO\"}]}<\/script>\n<!-- \/ Yoast SEO plugin. -->","yoast_head_json":{"title":"Offentlig-privat samarbeid - Oppdal H\u00f8yre","robots":{"index":"index","follow":"follow","max-snippet":"max-snippet:-1","max-image-preview":"max-image-preview:large","max-video-preview":"max-video-preview:-1"},"canonical":"https:\/\/hoyre.no\/oppdal\/offentlig-privat-samarbeid\/","og_locale":"nb_NO","og_type":"article","og_title":"Offentlig-privat samarbeid - Oppdal H\u00f8yre","og_url":"https:\/\/hoyre.no\/oppdal\/offentlig-privat-samarbeid\/","og_site_name":"Oppdal H\u00f8yre","article_modified_time":"2023-06-07T19:27:33+00:00","og_image":[{"width":1000,"height":1000,"url":"https:\/\/hoyre.no\/content\/uploads\/sites\/284\/2022\/11\/Hoyres-logo.png","type":"image\/png"}],"twitter_card":"summary_large_image","twitter_misc":{"Ansl. lesetid":"2 minutter"},"schema":{"@context":"https:\/\/schema.org","@graph":[{"@type":"WebPage","@id":"https:\/\/hoyre.no\/oppdal\/offentlig-privat-samarbeid\/","url":"https:\/\/hoyre.no\/oppdal\/offentlig-privat-samarbeid\/","name":"Offentlig-privat samarbeid - Oppdal H\u00f8yre","isPartOf":{"@id":"https:\/\/hoyre.no\/oppdal\/#website"},"datePublished":"2023-06-07T19:17:14+00:00","dateModified":"2023-06-07T19:27:33+00:00","breadcrumb":{"@id":"https:\/\/hoyre.no\/oppdal\/offentlig-privat-samarbeid\/#breadcrumb"},"inLanguage":"nb-NO","potentialAction":[{"@type":"ReadAction","target":["https:\/\/hoyre.no\/oppdal\/offentlig-privat-samarbeid\/"]}]},{"@type":"BreadcrumbList","@id":"https:\/\/hoyre.no\/oppdal\/offentlig-privat-samarbeid\/#breadcrumb","itemListElement":[{"@type":"ListItem","position":1,"name":"Til hoyre.no","item":"https:\/\/hoyre.no"},{"@type":"ListItem","position":2,"name":"Hjem","item":"https:\/\/hoyre.no\/oppdal\/"},{"@type":"ListItem","position":3,"name":"Offentlig-privat samarbeid"}]},{"@type":"WebSite","@id":"https:\/\/hoyre.no\/oppdal\/#website","url":"https:\/\/hoyre.no\/oppdal\/","name":"Oppdal H\u00f8yre","description":"Bare enda et H\u00f8yres nettsteder-nettsted","inLanguage":"nb-NO"}]}},"distributor_meta":false,"distributor_terms":false,"distributor_media":false,"distributor_original_site_name":"Oppdal H\u00f8yre","distributor_original_site_url":"https:\/\/hoyre.no\/oppdal","push-errors":false,"_links":{"self":[{"href":"https:\/\/hoyre.no\/oppdal\/wp-json\/wp\/v2\/pages\/304","targetHints":{"allow":["GET"]}}],"collection":[{"href":"https:\/\/hoyre.no\/oppdal\/wp-json\/wp\/v2\/pages"}],"about":[{"href":"https:\/\/hoyre.no\/oppdal\/wp-json\/wp\/v2\/types\/page"}],"author":[{"embeddable":true,"href":"https:\/\/hoyre.no\/oppdal\/wp-json\/wp\/v2\/users\/9520"}],"replies":[{"embeddable":true,"href":"https:\/\/hoyre.no\/oppdal\/wp-json\/wp\/v2\/comments?post=304"}],"version-history":[{"count":3,"href":"https:\/\/hoyre.no\/oppdal\/wp-json\/wp\/v2\/pages\/304\/revisions"}],"predecessor-version":[{"id":315,"href":"https:\/\/hoyre.no\/oppdal\/wp-json\/wp\/v2\/pages\/304\/revisions\/315"}],"wp:attachment":[{"href":"https:\/\/hoyre.no\/oppdal\/wp-json\/wp\/v2\/media?parent=304"}],"curies":[{"name":"wp","href":"https:\/\/api.w.org\/{rel}","templated":true}]}}