{"id":4,"date":"2020-11-14T20:53:41","date_gmt":"2020-11-14T19:53:41","guid":{"rendered":"https:\/\/hoyre.no\/oppdal\/vare-folk\/"},"modified":"2023-08-14T15:24:47","modified_gmt":"2023-08-14T13:24:47","slug":"vare-folk","status":"publish","type":"page","link":"https:\/\/hoyre.no\/oppdal\/vare-folk\/","title":{"rendered":"V\u00e5re folk"},"content":{"rendered":"\n<div class=\"wp-block-hoyre-hero with-image-gradient text-color-light  has-media alignfull has-background\"><div class=\"hoyre-hero has-image\"><h1 class=\"title\">V\u00e5re folk<\/h1><p class=\"preamble\">Oppdal H\u00f8yre en herlig gjeng! Har du noen sp\u00f8rsm\u00e5l? Ikke n\u00f8l med \u00e5 ta kontakt!<\/p>\t\t\t<div class=\"post-meta wp-block teft-byline-wrapper\">\n\t\t\t\t<div class=\"top\">\n\t\t\t\t\t<div class=\"signature\">\n\t\t\t\t\t\t<div class=\"teft-byline\">\n\t\t\t\t\t\t\t\t\t\t\t\t\t\t<div>\n\t\t\t\t\t\t\t\t<h3>H\u00f8yres redaksjon<\/h3>\t\t\t\t\t\t\t\t\n\t\t\t\t\t\t\t\t\t\t\t\t\t\t\t\t\t<span class=\"date\">Sist oppdatert: 14. august 2023<\/span>\n\t\t\t\t\t\t\t\t\t\t\t\t\t\t\t\t\t\t\t\t\t\t\t<\/div>\n\t\t\t\t\t\t<\/div>\n\t\t\t\t\t<\/div>\n\t\t\t\t\t\t<div class=\"sharing\">\n\t\t<a class=\"share-button share-link copy-link\" data-copy=\"https:\/\/hoyre.no\/oppdal\/vare-folk\/\" target=\"_blank\"><span class=\"screen-reader-text\">Del link<\/span><\/a>\n\t\t<a class=\"share-button share-twitter\" href=\"http:\/\/twitter.com\/share?text=V\u00e5re folk&#038;url=https:\/\/hoyre.no\/oppdal\/vare-folk\/&#038;hashtags=Hoyre\" target=\"_blank\"><span class=\"screen-reader-text\">Del p\u00e5 twitter<\/span><\/a>\n\t\t<a class=\"share-button share-facebook\" href=\"https:\/\/www.facebook.com\/sharer\/sharer.php?u=https:\/\/hoyre.no\/oppdal\/vare-folk\/\" target=\"_blank\"><span class=\"screen-reader-text\">Del p\u00e5 facebook<\/span><\/a>\n\t<\/div>\n\t\t\t\t\t<\/div>\n\t\t\t<\/div>\n\n\t\t\t<figure class=\"hoyre-image-wrapper\"><div class=\"hoyre-image\"><img loading=\"lazy\" decoding=\"async\" width=\"1290\" height=\"1172\" src=\"https:\/\/hoyre.no\/content\/uploads\/sites\/284\/2023\/06\/IMG_6201.jpg\" class=\"attachment-scaled size-scaled\" alt=\"\" style=\"object-position: 54% 47%\" srcset=\"https:\/\/hoyre.no\/content\/uploads\/sites\/284\/2023\/06\/IMG_6201.jpg 1290w, https:\/\/hoyre.no\/content\/uploads\/sites\/284\/2023\/06\/IMG_6201-300x273.jpg 300w, https:\/\/hoyre.no\/content\/uploads\/sites\/284\/2023\/06\/IMG_6201-1024x930.jpg 1024w, https:\/\/hoyre.no\/content\/uploads\/sites\/284\/2023\/06\/IMG_6201-768x698.jpg 768w\" sizes=\"auto, (max-width: 1290px) 100vw, 1290px\" \/><\/div><\/figure><\/div><\/div>\n\n\n\n\n<section class=\"wp-block-hoyre-local-politicians alignfull has-background\">\n\t<div class=\"block-inner\">\n\t\t<div class=\"select-wrapper\">\n\t\t\t<select class=\"politician-committee-dropdown filter-dropdown\" name=\"committee_id\">\n\t\t\t\t\t\t\t\t\t<option value=\"kommunestyret\"  selected='selected'>\n\t\t\t\t\t\tKommunestyret\t\t\t\t\t<\/option>\n\t\t\t\t\t\t\t\t\t<option value=\"foreningsstyret\" >\n\t\t\t\t\t\tForeningsstyret\t\t\t\t\t<\/option>\n\t\t\t\t\t\t\t<\/select>\n\t\t<\/div>\n\t\t<div class=\"teft-cards-grid default-size-3\">\n\t\t\t<div class=\"teft-cards-item  is-card-hoyre-person\">\n\n\t<article class=\"teft-card hoyre-person has-internal-link\">\n\t\t<div class=\"teft-card__media circle-crop\"><img decoding=\"async\" loading=\"lazy\" width=\"500\" height=\"500\" src=\"https:\/\/res.cloudinary.com\/hoyre\/image\/upload\/c_thumb,g_face:center,h_500,w_500,d_defaultprofileimg3.jpg,fl_lossy,f_auto\/w_500\/v20230420\/50162130.jpg\" style=\"background-position:50% 50%\" alt=\"Eli Dahle\" \/><\/div>\t\t<div class=\"teft-card__primary\">\n\t\t\t\t\t\t\t<a href=\"https:\/\/hoyre.no\/personprofiler\/eli-dahle\/\" class=\"primary-link\"><h2>Eli Dahle<\/h2><\/a>\n\t\t\t\t\t\t\t\t\t\t<p>Gruppeleder, Gruppenestleder<\/p>\n\t\t\t\t\t\t\t\t<\/div>\n\n\t<\/article>\n\n\t<\/div><div class=\"teft-cards-item  is-card-hoyre-person\">\n\n\t<article class=\"teft-card hoyre-person has-internal-link\">\n\t\t<div class=\"teft-card__media circle-crop\"><img decoding=\"async\" loading=\"lazy\" width=\"500\" height=\"500\" src=\"https:\/\/res.cloudinary.com\/hoyre\/image\/upload\/c_thumb,g_face:center,h_500,w_500,d_defaultprofileimg3.jpg,fl_lossy,f_auto\/w_500\/v20230420\/50451475.jpg\" style=\"background-position:50% 50%\" alt=\"Ingvill Dalseg\" \/><\/div>\t\t<div class=\"teft-card__primary\">\n\t\t\t\t\t\t\t<a href=\"https:\/\/hoyre.no\/personprofiler\/ingvill-dalseg\/\" class=\"primary-link\"><h2>Ingvill Dalseg<\/h2><\/a>\n\t\t\t\t\t\t\t\t\t\t<p>Representant<\/p>\n\t\t\t\t\t\t\t\t<\/div>\n\n\t<\/article>\n\n\t<\/div><div class=\"teft-cards-item  is-card-hoyre-person\">\n\n\t<article class=\"teft-card hoyre-person has-internal-link\">\n\t\t<div class=\"teft-card__media circle-crop\"><img decoding=\"async\" loading=\"lazy\" width=\"500\" height=\"500\" src=\"https:\/\/res.cloudinary.com\/hoyre\/image\/upload\/c_thumb,g_face:center,h_500,w_500,d_defaultprofileimg3.jpg,fl_lossy,f_auto\/w_500\/v20230420\/7844723.jpg\" style=\"background-position:50% 50%\" alt=\"Thorvald Storli\" \/><\/div>\t\t<div class=\"teft-card__primary\">\n\t\t\t\t\t\t\t<a href=\"https:\/\/hoyre.no\/personprofiler\/thorvald-storli\/\" class=\"primary-link\"><h2>Thorvald Storli<\/h2><\/a>\n\t\t\t\t\t\t\t\t\t\t<p>Representant<\/p>\n\t\t\t\t\t\t\t\t<\/div>\n\n\t<\/article>\n\n\t<\/div><div class=\"teft-cards-item  is-card-hoyre-person\">\n\n\t<article class=\"teft-card hoyre-person has-internal-link\">\n\t\t<div class=\"teft-card__media circle-crop\"><img decoding=\"async\" loading=\"lazy\" width=\"500\" height=\"500\" src=\"https:\/\/res.cloudinary.com\/hoyre\/image\/upload\/c_thumb,g_face:center,h_500,w_500,d_defaultprofileimg3.jpg,fl_lossy,f_auto\/w_500\/v20230420\/52195526.jpg\" style=\"background-position:50% 50%\" alt=\"Arvid Langseth\" \/><\/div>\t\t<div class=\"teft-card__primary\">\n\t\t\t\t\t\t\t<a href=\"https:\/\/hoyre.no\/personprofiler\/arvid-langseth\/\" class=\"primary-link\"><h2>Arvid Langseth<\/h2><\/a>\n\t\t\t\t\t\t\t\t\t\t<p>Representant<\/p>\n\t\t\t\t\t\t\t\t<\/div>\n\n\t<\/article>\n\n\t<\/div><div class=\"teft-cards-item  is-card-hoyre-person\">\n\n\t<article class=\"teft-card hoyre-person has-internal-link\">\n\t\t<div class=\"teft-card__media circle-crop\"><img decoding=\"async\" loading=\"lazy\" width=\"500\" height=\"500\" src=\"https:\/\/res.cloudinary.com\/hoyre\/image\/upload\/c_thumb,g_face:center,h_500,w_500,d_defaultprofileimg3.jpg,fl_lossy,f_auto\/w_500\/v20230420\/52195104.jpg\" style=\"background-position:50% 50%\" alt=\"Solveig Rise Mj\u00f8en\" \/><\/div>\t\t<div class=\"teft-card__primary\">\n\t\t\t\t\t\t\t<a href=\"https:\/\/hoyre.no\/personprofiler\/solveig-rise-mjoen\/\" class=\"primary-link\"><h2>Solveig Rise Mj\u00f8en<\/h2><\/a>\n\t\t\t\t\t\t\t\t\t\t<p>Varamedlem<\/p>\n\t\t\t\t\t\t\t\t<\/div>\n\n\t<\/article>\n\n\t<\/div><div class=\"teft-cards-item  is-card-hoyre-person\">\n\n\t<article class=\"teft-card hoyre-person has-internal-link\">\n\t\t<div class=\"teft-card__media circle-crop\"><img decoding=\"async\" loading=\"lazy\" width=\"500\" height=\"500\" src=\"https:\/\/res.cloudinary.com\/hoyre\/image\/upload\/c_thumb,g_face:center,h_500,w_500,d_defaultprofileimg3.jpg,fl_lossy,f_auto\/w_500\/v20230420\/52197043.jpg\" style=\"background-position:50% 50%\" alt=\"Terese Guldberg Norheim\" \/><\/div>\t\t<div class=\"teft-card__primary\">\n\t\t\t\t\t\t\t<a href=\"https:\/\/hoyre.no\/personprofiler\/terese-guldberg-norheim\/\" class=\"primary-link\"><h2>Terese Guldberg Norheim<\/h2><\/a>\n\t\t\t\t\t\t\t\t\t\t<p>Varamedlem<\/p>\n\t\t\t\t\t\t\t\t<\/div>\n\n\t<\/article>\n\n\t<\/div><div class=\"teft-cards-item  is-card-hoyre-person\">\n\n\t<article class=\"teft-card hoyre-person has-internal-link\">\n\t\t<div class=\"teft-card__media circle-crop\"><img decoding=\"async\" loading=\"lazy\" width=\"500\" height=\"500\" src=\"https:\/\/res.cloudinary.com\/hoyre\/image\/upload\/c_thumb,g_face:center,h_500,w_500,d_defaultprofileimg3.jpg,fl_lossy,f_auto\/w_500\/v20230420\/52132818.jpg\" style=\"background-position:50% 50%\" alt=\"Kjell Auke\" \/><\/div>\t\t<div class=\"teft-card__primary\">\n\t\t\t\t\t\t\t<a href=\"https:\/\/hoyre.no\/personprofiler\/kjell-auke\/\" class=\"primary-link\"><h2>Kjell Auke<\/h2><\/a>\n\t\t\t\t\t\t\t\t\t\t<p>Varamedlem<\/p>\n\t\t\t\t\t\t\t\t<\/div>\n\n\t<\/article>\n\n\t<\/div><div class=\"teft-cards-item  is-card-hoyre-person\">\n\n\t<article class=\"teft-card hoyre-person has-internal-link\">\n\t\t<div class=\"teft-card__media circle-crop\"><img decoding=\"async\" loading=\"lazy\" width=\"500\" height=\"500\" src=\"https:\/\/res.cloudinary.com\/hoyre\/image\/upload\/c_thumb,g_face:center,h_500,w_500,d_defaultprofileimg3.jpg,fl_lossy,f_auto\/w_500\/v20230420\/51984029.jpg\" style=\"background-position:50% 50%\" alt=\"Tomas Acevedo Rosset\" \/><\/div>\t\t<div class=\"teft-card__primary\">\n\t\t\t\t\t\t\t<a href=\"https:\/\/hoyre.no\/personprofiler\/tomas-acevedo-rosset\/\" class=\"primary-link\"><h2>Tomas Acevedo Rosset<\/h2><\/a>\n\t\t\t\t\t\t\t\t\t\t<p>Varamedlem<\/p>\n\t\t\t\t\t\t\t\t<\/div>\n\n\t<\/article>\n\n\t<\/div><div class=\"teft-cards-item  is-card-hoyre-person\">\n\n\t<article class=\"teft-card hoyre-person has-internal-link\">\n\t\t<div class=\"teft-card__media circle-crop\"><img decoding=\"async\" loading=\"lazy\" width=\"500\" height=\"500\" src=\"https:\/\/res.cloudinary.com\/hoyre\/image\/upload\/c_thumb,g_face:center,h_500,w_500,d_defaultprofileimg3.jpg,fl_lossy,f_auto\/w_500\/v20230420\/7939218.jpg\" style=\"background-position:50% 50%\" alt=\"Erik Skj\u00f8tskift\" \/><\/div>\t\t<div class=\"teft-card__primary\">\n\t\t\t\t\t\t\t<a href=\"https:\/\/hoyre.no\/personprofiler\/erik-skjotskift\/\" class=\"primary-link\"><h2>Erik Skj\u00f8tskift<\/h2><\/a>\n\t\t\t\t\t\t\t\t\t\t<p>Varamedlem<\/p>\n\t\t\t\t\t\t\t\t<\/div>\n\n\t<\/article>\n\n\t<\/div><div class=\"teft-cards-item  is-card-hoyre-person\">\n\n\t<article class=\"teft-card hoyre-person has-internal-link\">\n\t\t<div class=\"teft-card__media circle-crop\"><img decoding=\"async\" loading=\"lazy\" width=\"500\" height=\"500\" src=\"https:\/\/res.cloudinary.com\/hoyre\/image\/upload\/c_thumb,g_face:center,h_500,w_500,d_defaultprofileimg3.jpg,fl_lossy,f_auto\/w_500\/v20230420\/50286442.jpg\" style=\"background-position:50% 50%\" alt=\"Linda Blindheim\" \/><\/div>\t\t<div class=\"teft-card__primary\">\n\t\t\t\t\t\t\t<a href=\"https:\/\/hoyre.no\/personprofiler\/linda-blindheim\/\" class=\"primary-link\"><h2>Linda Blindheim<\/h2><\/a>\n\t\t\t\t\t\t\t\t\t\t<p>Varamedlem<\/p>\n\t\t\t\t\t\t\t\t<\/div>\n\n\t<\/article>\n\n\t<\/div>\t\t<\/div>\n\t<\/div>\n<\/section>\n\n\n\n<section class=\"wp-block-hoyre-branch-contact-info aligncenter\">\n\t<div class=\"block-inner\">\n\t\t<h2>Kontakt oss<\/h2>\n\t\t<div class=\"panel\">\n\t\t\t<h3>Oppdal H\u00f8yre<\/h3>\n\t\t\t<dl class=\"info-misc-with-icons\">\n\t\t\t\t\t\t\t\t\t\t\t\t\n\t\t\t\t\t\t\t<\/dl>\n\t\t<\/div>\n\t<\/div>\n<\/section>\n\n","protected":false},"excerpt":{"rendered":"","protected":false},"author":9520,"featured_media":0,"parent":0,"menu_order":0,"comment_status":"closed","ping_status":"closed","template":"","meta":{"teft_cards_image_url":"","teft_cards_custom_pretitle":"","teft_cards_image_id":400,"teft_cards_image_focal_point_x":0.54,"teft_cards_image_focal_point_y":0.42,"teft_cards_title":"","teft_cards_excerpt":"","teft_show_chapters":false,"footnotes":""},"class_list":["post-4","page","type-page","status-publish","hentry"],"yoast_head":"<!-- This site is optimized with the Yoast SEO plugin v26.6 - https:\/\/yoast.com\/wordpress\/plugins\/seo\/ -->\n<title>V\u00e5re folk - Oppdal H\u00f8yre<\/title>\n<meta name=\"robots\" content=\"index, follow, max-snippet:-1, max-image-preview:large, max-video-preview:-1\" \/>\n<link rel=\"canonical\" href=\"https:\/\/hoyre.no\/oppdal\/vare-folk\/\" \/>\n<meta property=\"og:locale\" content=\"nb_NO\" \/>\n<meta property=\"og:type\" content=\"article\" \/>\n<meta property=\"og:title\" content=\"V\u00e5re folk - Oppdal H\u00f8yre\" \/>\n<meta property=\"og:url\" content=\"https:\/\/hoyre.no\/oppdal\/vare-folk\/\" \/>\n<meta property=\"og:site_name\" content=\"Oppdal H\u00f8yre\" \/>\n<meta property=\"article:modified_time\" content=\"2023-08-14T13:24:47+00:00\" \/>\n<meta property=\"og:image\" content=\"https:\/\/hoyre.no\/content\/uploads\/sites\/284\/2023\/08\/IMG_7723-1024x1024.png\" \/>\n<meta name=\"twitter:card\" content=\"summary_large_image\" \/>\n<meta name=\"twitter:label1\" content=\"Ansl. lesetid\" \/>\n\t<meta name=\"twitter:data1\" content=\"1 minutt\" \/>\n<script type=\"application\/ld+json\" class=\"yoast-schema-graph\">{\"@context\":\"https:\/\/schema.org\",\"@graph\":[{\"@type\":\"WebPage\",\"@id\":\"https:\/\/hoyre.no\/oppdal\/vare-folk\/\",\"url\":\"https:\/\/hoyre.no\/oppdal\/vare-folk\/\",\"name\":\"V\u00e5re folk - Oppdal H\u00f8yre\",\"isPartOf\":{\"@id\":\"https:\/\/hoyre.no\/oppdal\/#website\"},\"datePublished\":\"2020-11-14T19:53:41+00:00\",\"dateModified\":\"2023-08-14T13:24:47+00:00\",\"breadcrumb\":{\"@id\":\"https:\/\/hoyre.no\/oppdal\/vare-folk\/#breadcrumb\"},\"inLanguage\":\"nb-NO\",\"potentialAction\":[{\"@type\":\"ReadAction\",\"target\":[\"https:\/\/hoyre.no\/oppdal\/vare-folk\/\"]}]},{\"@type\":\"BreadcrumbList\",\"@id\":\"https:\/\/hoyre.no\/oppdal\/vare-folk\/#breadcrumb\",\"itemListElement\":[{\"@type\":\"ListItem\",\"position\":1,\"name\":\"Til hoyre.no\",\"item\":\"https:\/\/hoyre.no\"},{\"@type\":\"ListItem\",\"position\":2,\"name\":\"Hjem\",\"item\":\"https:\/\/hoyre.no\/oppdal\/\"},{\"@type\":\"ListItem\",\"position\":3,\"name\":\"V\u00e5re folk\"}]},{\"@type\":\"WebSite\",\"@id\":\"https:\/\/hoyre.no\/oppdal\/#website\",\"url\":\"https:\/\/hoyre.no\/oppdal\/\",\"name\":\"Oppdal H\u00f8yre\",\"description\":\"Bare enda et H\u00f8yres nettsteder-nettsted\",\"inLanguage\":\"nb-NO\"}]}<\/script>\n<!-- \/ Yoast SEO plugin. -->","yoast_head_json":{"title":"V\u00e5re folk - Oppdal H\u00f8yre","robots":{"index":"index","follow":"follow","max-snippet":"max-snippet:-1","max-image-preview":"max-image-preview:large","max-video-preview":"max-video-preview:-1"},"canonical":"https:\/\/hoyre.no\/oppdal\/vare-folk\/","og_locale":"nb_NO","og_type":"article","og_title":"V\u00e5re folk - Oppdal H\u00f8yre","og_url":"https:\/\/hoyre.no\/oppdal\/vare-folk\/","og_site_name":"Oppdal H\u00f8yre","article_modified_time":"2023-08-14T13:24:47+00:00","og_image":[{"url":"https:\/\/hoyre.no\/content\/uploads\/sites\/284\/2023\/08\/IMG_7723-1024x1024.png","width":"","height":"","type":""}],"twitter_card":"summary_large_image","twitter_misc":{"Ansl. lesetid":"1 minutt"},"schema":{"@context":"https:\/\/schema.org","@graph":[{"@type":"WebPage","@id":"https:\/\/hoyre.no\/oppdal\/vare-folk\/","url":"https:\/\/hoyre.no\/oppdal\/vare-folk\/","name":"V\u00e5re folk - Oppdal H\u00f8yre","isPartOf":{"@id":"https:\/\/hoyre.no\/oppdal\/#website"},"datePublished":"2020-11-14T19:53:41+00:00","dateModified":"2023-08-14T13:24:47+00:00","breadcrumb":{"@id":"https:\/\/hoyre.no\/oppdal\/vare-folk\/#breadcrumb"},"inLanguage":"nb-NO","potentialAction":[{"@type":"ReadAction","target":["https:\/\/hoyre.no\/oppdal\/vare-folk\/"]}]},{"@type":"BreadcrumbList","@id":"https:\/\/hoyre.no\/oppdal\/vare-folk\/#breadcrumb","itemListElement":[{"@type":"ListItem","position":1,"name":"Til hoyre.no","item":"https:\/\/hoyre.no"},{"@type":"ListItem","position":2,"name":"Hjem","item":"https:\/\/hoyre.no\/oppdal\/"},{"@type":"ListItem","position":3,"name":"V\u00e5re folk"}]},{"@type":"WebSite","@id":"https:\/\/hoyre.no\/oppdal\/#website","url":"https:\/\/hoyre.no\/oppdal\/","name":"Oppdal H\u00f8yre","description":"Bare enda et H\u00f8yres nettsteder-nettsted","inLanguage":"nb-NO"}]}},"distributor_meta":false,"distributor_terms":false,"distributor_media":false,"distributor_original_site_name":"Oppdal H\u00f8yre","distributor_original_site_url":"https:\/\/hoyre.no\/oppdal","push-errors":false,"_links":{"self":[{"href":"https:\/\/hoyre.no\/oppdal\/wp-json\/wp\/v2\/pages\/4","targetHints":{"allow":["GET"]}}],"collection":[{"href":"https:\/\/hoyre.no\/oppdal\/wp-json\/wp\/v2\/pages"}],"about":[{"href":"https:\/\/hoyre.no\/oppdal\/wp-json\/wp\/v2\/types\/page"}],"author":[{"embeddable":true,"href":"https:\/\/hoyre.no\/oppdal\/wp-json\/wp\/v2\/users\/9520"}],"replies":[{"embeddable":true,"href":"https:\/\/hoyre.no\/oppdal\/wp-json\/wp\/v2\/comments?post=4"}],"version-history":[{"count":9,"href":"https:\/\/hoyre.no\/oppdal\/wp-json\/wp\/v2\/pages\/4\/revisions"}],"predecessor-version":[{"id":404,"href":"https:\/\/hoyre.no\/oppdal\/wp-json\/wp\/v2\/pages\/4\/revisions\/404"}],"wp:attachment":[{"href":"https:\/\/hoyre.no\/oppdal\/wp-json\/wp\/v2\/media?parent=4"}],"curies":[{"name":"wp","href":"https:\/\/api.w.org\/{rel}","templated":true}]}}