{"id":441,"date":"2023-08-27T21:16:28","date_gmt":"2023-08-27T19:16:28","guid":{"rendered":"https:\/\/hoyre.no\/oppdal\/?page_id=441"},"modified":"2023-08-27T21:16:28","modified_gmt":"2023-08-27T19:16:28","slug":"vi-trenger-bedre-tilgang-til-private-bofellesskap-for-eldre","status":"publish","type":"page","link":"https:\/\/hoyre.no\/oppdal\/vi-trenger-bedre-tilgang-til-private-bofellesskap-for-eldre\/","title":{"rendered":"Vi trenger bedre tilgang til private bofellesskap for eldre"},"content":{"rendered":"\n<div class=\"wp-block-hoyre-hero with-image-gradient text-color-light  has-media alignfull has-background\"><div class=\"hoyre-hero has-image\"><h1 class=\"title\">Bofellesskap for eldre<\/h1><p class=\"preamble\">Oppdal H\u00f8yre vil jobbe for at Oppdal kommune tilrettelegger for at n\u00e6ringsliv eller private sameier kan bygge bofellesskap for eldre, skriver listekandidat Mogens Johannessen i dette innlegget .<\/p>\t\t\t<div class=\"post-meta wp-block teft-byline-wrapper\">\n\t\t\t\t<div class=\"top\">\n\t\t\t\t\t<div class=\"signature\">\n\t\t\t\t\t\t<div class=\"teft-byline\">\n\t\t\t\t\t\t\t\t\t\t\t\t\t\t<div>\n\t\t\t\t\t\t\t\t<h3>H\u00f8yres redaksjon<\/h3>\t\t\t\t\t\t\t\t\n\t\t\t\t\t\t\t\t\t\t\t\t\t\t\t\t\t<span class=\"date\">Sist oppdatert: 27. august 2023<\/span>\n\t\t\t\t\t\t\t\t\t\t\t\t\t\t\t\t\t\t\t\t\t\t\t\t\t<span class=\"reading-time\" itemprop=\"timeRequired\" content=\"PT2M\"><em>Ca. 2 minutter lesetid<\/em><\/span>\n\t\t\t\t\t\t\t\t\t\t\t\t\t\t\t<\/div>\n\t\t\t\t\t\t<\/div>\n\t\t\t\t\t<\/div>\n\t\t\t\t\t\t<div class=\"sharing\">\n\t\t<a class=\"share-button share-link copy-link\" data-copy=\"https:\/\/hoyre.no\/oppdal\/vi-trenger-bedre-tilgang-til-private-bofellesskap-for-eldre\/\" target=\"_blank\"><span class=\"screen-reader-text\">Del link<\/span><\/a>\n\t\t<a class=\"share-button share-twitter\" href=\"http:\/\/twitter.com\/share?text=Vi trenger bedre tilgang til private bofellesskap for eldre&#038;url=https:\/\/hoyre.no\/oppdal\/vi-trenger-bedre-tilgang-til-private-bofellesskap-for-eldre\/&#038;hashtags=Hoyre\" target=\"_blank\"><span class=\"screen-reader-text\">Del p\u00e5 twitter<\/span><\/a>\n\t\t<a class=\"share-button share-facebook\" href=\"https:\/\/www.facebook.com\/sharer\/sharer.php?u=https:\/\/hoyre.no\/oppdal\/vi-trenger-bedre-tilgang-til-private-bofellesskap-for-eldre\/\" target=\"_blank\"><span class=\"screen-reader-text\">Del p\u00e5 facebook<\/span><\/a>\n\t<\/div>\n\t\t\t\t\t<\/div>\n\t\t\t<\/div>\n\n\t\t\t<figure class=\"hoyre-image-wrapper\"><div class=\"hoyre-image\"><img loading=\"lazy\" decoding=\"async\" width=\"1050\" height=\"679\" src=\"https:\/\/hoyre.no\/content\/uploads\/sites\/284\/2023\/08\/Skjermbilde-2023-08-27-kl.-21.12.40.png\" class=\"attachment-scaled size-scaled\" alt=\"\" style=\"object-position: 50% 50%\" srcset=\"https:\/\/hoyre.no\/content\/uploads\/sites\/284\/2023\/08\/Skjermbilde-2023-08-27-kl.-21.12.40.png 1050w, https:\/\/hoyre.no\/content\/uploads\/sites\/284\/2023\/08\/Skjermbilde-2023-08-27-kl.-21.12.40-300x194.png 300w, https:\/\/hoyre.no\/content\/uploads\/sites\/284\/2023\/08\/Skjermbilde-2023-08-27-kl.-21.12.40-1024x662.png 1024w, https:\/\/hoyre.no\/content\/uploads\/sites\/284\/2023\/08\/Skjermbilde-2023-08-27-kl.-21.12.40-768x497.png 768w\" sizes=\"auto, (max-width: 1050px) 100vw, 1050px\" \/><\/div><\/figure><\/div><\/div>\n\n\n\n\n<p>Innlegg skrevet av Mogens Johannessen, Oppdal H\u00f8yre<\/p>\n\n\n\n<p>Det vil i l\u00f8pet av f\u00e5 \u00e5r mangle bolig og service tilbud for eldre som ikke er pleietrengende, men som trenger tilpasset bolig med tilh\u00f8rende tjenester i n\u00e6rheten, sentralt i Oppdal.<\/p>\n\n\n\n<p>Det offentlige hverken kan eller \u00f8nsker pr. idag \u00e5 bygge opp et tilbud til denne gruppen, men \u00f8nsker at flere tar ansvar for \u00e5 planlegge sin egen alderdom. Ref v\u00e5r Helseminister.<\/p>\n\n\n\n<p>I flere kommuner er slike tilbud alt en realitet, og med sv\u00e6rt gode erfaringer.<\/p>\n\n\n\n<p>I mai hadde Speakers Corner fokus p\u00e5 temaet, og det var mange som m\u00f8tte opp i Kulturhuset.<\/p>\n\n\n\n<p>Denne gruppen eldre vil ved \u00e5 benytte egenkapital kunne utsette behovet for plasser i det stramme offentlige tilbudet.<\/p>\n\n\n\n<p>Foruten smarte l\u00f8sninger, m\u00e5 det i n\u00e6rheten finnes felles tilbud for slikt som renhold, trim, sosiale treffpunkt, og gjerne en lokal kaf\u00e9\/servicepunkt. Her kan en tenke seg levering av m\u00e5ltid i boenhetene, eller i felles areal.<\/p>\n\n\n\n<p>En kan se for seg flere typer l\u00f8sninger, inkludert leie eller kj\u00f8p, eventuelt med st\u00f8tte fra det offentlige.<\/p>\n\n\n\n<p>Dette vet vi at Oppdals byggebransje mestrer, men trenger kanskje litt drahjelp i et nytt segment.<\/p>\n\n\n\n<p>Oppdal H\u00f8yre \u00f8nsker \u00e5 f\u00f8lge opp dette lokalt, og vil jobbe for at Oppdal Kommune tilrettelegger for n\u00e6ringsliv eller private sameier, slik at sentrale tomter og egnede areal avsettes, og prioriteres til relevante prosjekt.<\/p>\n\n","protected":false},"excerpt":{"rendered":"","protected":false},"author":9520,"featured_media":0,"parent":0,"menu_order":0,"comment_status":"closed","ping_status":"closed","template":"","meta":{"teft_cards_image_url":"","teft_cards_custom_pretitle":"","teft_cards_image_id":0,"teft_cards_image_focal_point_x":0,"teft_cards_image_focal_point_y":0,"teft_cards_title":"","teft_cards_excerpt":"","teft_show_chapters":false,"footnotes":""},"class_list":["post-441","page","type-page","status-publish","hentry"],"yoast_head":"<!-- This site is optimized with the Yoast SEO plugin v26.6 - https:\/\/yoast.com\/wordpress\/plugins\/seo\/ -->\n<title>Vi trenger bedre tilgang til private bofellesskap for eldre - Oppdal H\u00f8yre<\/title>\n<meta name=\"robots\" content=\"index, follow, max-snippet:-1, max-image-preview:large, max-video-preview:-1\" \/>\n<link rel=\"canonical\" href=\"https:\/\/hoyre.no\/oppdal\/vi-trenger-bedre-tilgang-til-private-bofellesskap-for-eldre\/\" \/>\n<meta property=\"og:locale\" content=\"nb_NO\" \/>\n<meta property=\"og:type\" content=\"article\" \/>\n<meta property=\"og:title\" content=\"Vi trenger bedre tilgang til private bofellesskap for eldre - Oppdal H\u00f8yre\" \/>\n<meta property=\"og:url\" content=\"https:\/\/hoyre.no\/oppdal\/vi-trenger-bedre-tilgang-til-private-bofellesskap-for-eldre\/\" \/>\n<meta property=\"og:site_name\" content=\"Oppdal H\u00f8yre\" \/>\n<meta property=\"og:image\" content=\"https:\/\/hoyre.no\/content\/uploads\/sites\/284\/2022\/11\/Hoyres-logo.png\" \/>\n\t<meta property=\"og:image:width\" content=\"1000\" \/>\n\t<meta property=\"og:image:height\" content=\"1000\" \/>\n\t<meta property=\"og:image:type\" content=\"image\/png\" \/>\n<meta name=\"twitter:card\" content=\"summary_large_image\" \/>\n<meta name=\"twitter:label1\" content=\"Ansl. lesetid\" \/>\n\t<meta name=\"twitter:data1\" content=\"2 minutter\" \/>\n<script type=\"application\/ld+json\" class=\"yoast-schema-graph\">{\"@context\":\"https:\/\/schema.org\",\"@graph\":[{\"@type\":\"WebPage\",\"@id\":\"https:\/\/hoyre.no\/oppdal\/vi-trenger-bedre-tilgang-til-private-bofellesskap-for-eldre\/\",\"url\":\"https:\/\/hoyre.no\/oppdal\/vi-trenger-bedre-tilgang-til-private-bofellesskap-for-eldre\/\",\"name\":\"Vi trenger bedre tilgang til private bofellesskap for eldre - Oppdal H\u00f8yre\",\"isPartOf\":{\"@id\":\"https:\/\/hoyre.no\/oppdal\/#website\"},\"datePublished\":\"2023-08-27T19:16:28+00:00\",\"breadcrumb\":{\"@id\":\"https:\/\/hoyre.no\/oppdal\/vi-trenger-bedre-tilgang-til-private-bofellesskap-for-eldre\/#breadcrumb\"},\"inLanguage\":\"nb-NO\",\"potentialAction\":[{\"@type\":\"ReadAction\",\"target\":[\"https:\/\/hoyre.no\/oppdal\/vi-trenger-bedre-tilgang-til-private-bofellesskap-for-eldre\/\"]}]},{\"@type\":\"BreadcrumbList\",\"@id\":\"https:\/\/hoyre.no\/oppdal\/vi-trenger-bedre-tilgang-til-private-bofellesskap-for-eldre\/#breadcrumb\",\"itemListElement\":[{\"@type\":\"ListItem\",\"position\":1,\"name\":\"Til hoyre.no\",\"item\":\"https:\/\/hoyre.no\"},{\"@type\":\"ListItem\",\"position\":2,\"name\":\"Hjem\",\"item\":\"https:\/\/hoyre.no\/oppdal\/\"},{\"@type\":\"ListItem\",\"position\":3,\"name\":\"Vi trenger bedre tilgang til private bofellesskap for eldre\"}]},{\"@type\":\"WebSite\",\"@id\":\"https:\/\/hoyre.no\/oppdal\/#website\",\"url\":\"https:\/\/hoyre.no\/oppdal\/\",\"name\":\"Oppdal H\u00f8yre\",\"description\":\"Bare enda et H\u00f8yres nettsteder-nettsted\",\"inLanguage\":\"nb-NO\"}]}<\/script>\n<!-- \/ Yoast SEO plugin. -->","yoast_head_json":{"title":"Vi trenger bedre tilgang til private bofellesskap for eldre - Oppdal H\u00f8yre","robots":{"index":"index","follow":"follow","max-snippet":"max-snippet:-1","max-image-preview":"max-image-preview:large","max-video-preview":"max-video-preview:-1"},"canonical":"https:\/\/hoyre.no\/oppdal\/vi-trenger-bedre-tilgang-til-private-bofellesskap-for-eldre\/","og_locale":"nb_NO","og_type":"article","og_title":"Vi trenger bedre tilgang til private bofellesskap for eldre - Oppdal H\u00f8yre","og_url":"https:\/\/hoyre.no\/oppdal\/vi-trenger-bedre-tilgang-til-private-bofellesskap-for-eldre\/","og_site_name":"Oppdal H\u00f8yre","og_image":[{"width":1000,"height":1000,"url":"https:\/\/hoyre.no\/content\/uploads\/sites\/284\/2022\/11\/Hoyres-logo.png","type":"image\/png"}],"twitter_card":"summary_large_image","twitter_misc":{"Ansl. lesetid":"2 minutter"},"schema":{"@context":"https:\/\/schema.org","@graph":[{"@type":"WebPage","@id":"https:\/\/hoyre.no\/oppdal\/vi-trenger-bedre-tilgang-til-private-bofellesskap-for-eldre\/","url":"https:\/\/hoyre.no\/oppdal\/vi-trenger-bedre-tilgang-til-private-bofellesskap-for-eldre\/","name":"Vi trenger bedre tilgang til private bofellesskap for eldre - Oppdal H\u00f8yre","isPartOf":{"@id":"https:\/\/hoyre.no\/oppdal\/#website"},"datePublished":"2023-08-27T19:16:28+00:00","breadcrumb":{"@id":"https:\/\/hoyre.no\/oppdal\/vi-trenger-bedre-tilgang-til-private-bofellesskap-for-eldre\/#breadcrumb"},"inLanguage":"nb-NO","potentialAction":[{"@type":"ReadAction","target":["https:\/\/hoyre.no\/oppdal\/vi-trenger-bedre-tilgang-til-private-bofellesskap-for-eldre\/"]}]},{"@type":"BreadcrumbList","@id":"https:\/\/hoyre.no\/oppdal\/vi-trenger-bedre-tilgang-til-private-bofellesskap-for-eldre\/#breadcrumb","itemListElement":[{"@type":"ListItem","position":1,"name":"Til hoyre.no","item":"https:\/\/hoyre.no"},{"@type":"ListItem","position":2,"name":"Hjem","item":"https:\/\/hoyre.no\/oppdal\/"},{"@type":"ListItem","position":3,"name":"Vi trenger bedre tilgang til private bofellesskap for eldre"}]},{"@type":"WebSite","@id":"https:\/\/hoyre.no\/oppdal\/#website","url":"https:\/\/hoyre.no\/oppdal\/","name":"Oppdal H\u00f8yre","description":"Bare enda et H\u00f8yres nettsteder-nettsted","inLanguage":"nb-NO"}]}},"distributor_meta":false,"distributor_terms":false,"distributor_media":false,"distributor_original_site_name":"Oppdal H\u00f8yre","distributor_original_site_url":"https:\/\/hoyre.no\/oppdal","push-errors":false,"_links":{"self":[{"href":"https:\/\/hoyre.no\/oppdal\/wp-json\/wp\/v2\/pages\/441","targetHints":{"allow":["GET"]}}],"collection":[{"href":"https:\/\/hoyre.no\/oppdal\/wp-json\/wp\/v2\/pages"}],"about":[{"href":"https:\/\/hoyre.no\/oppdal\/wp-json\/wp\/v2\/types\/page"}],"author":[{"embeddable":true,"href":"https:\/\/hoyre.no\/oppdal\/wp-json\/wp\/v2\/users\/9520"}],"replies":[{"embeddable":true,"href":"https:\/\/hoyre.no\/oppdal\/wp-json\/wp\/v2\/comments?post=441"}],"version-history":[{"count":3,"href":"https:\/\/hoyre.no\/oppdal\/wp-json\/wp\/v2\/pages\/441\/revisions"}],"predecessor-version":[{"id":445,"href":"https:\/\/hoyre.no\/oppdal\/wp-json\/wp\/v2\/pages\/441\/revisions\/445"}],"wp:attachment":[{"href":"https:\/\/hoyre.no\/oppdal\/wp-json\/wp\/v2\/media?parent=441"}],"curies":[{"name":"wp","href":"https:\/\/api.w.org\/{rel}","templated":true}]}}