{"id":126,"date":"2023-01-18T15:31:14","date_gmt":"2023-01-18T14:31:14","guid":{"rendered":"https:\/\/hoyre.no\/orsta\/?page_id=126"},"modified":"2023-01-18T15:54:58","modified_gmt":"2023-01-18T14:54:58","slug":"kvifor-stemme-orsta-hogre","status":"publish","type":"page","link":"https:\/\/hoyre.no\/orsta\/forsiden\/kvifor-stemme-orsta-hogre\/","title":{"rendered":"Kvifor stemme \u00d8rsta H\u00f8gre?"},"content":{"rendered":"\n<div class=\"wp-block-hoyre-hero with-image-gradient text-color-light  has-media alignfull has-background\"><div class=\"hoyre-hero has-image\"><h1 class=\"title\">Vi har tru p\u00e5 \u00d8rsta!<\/h1><figure class=\"hoyre-image-wrapper\"><div class=\"hoyre-image\"><img loading=\"lazy\" decoding=\"async\" width=\"2500\" height=\"1667\" src=\"https:\/\/hoyre.no\/content\/uploads\/sites\/88\/2023\/01\/GettyImages-1152308900-scaled.jpg\" class=\"attachment-scaled size-scaled\" alt=\"\" style=\"object-position: 50% 50%\" srcset=\"https:\/\/hoyre.no\/content\/uploads\/sites\/88\/2023\/01\/GettyImages-1152308900-scaled.jpg 2500w, https:\/\/hoyre.no\/content\/uploads\/sites\/88\/2023\/01\/GettyImages-1152308900-300x200.jpg 300w, https:\/\/hoyre.no\/content\/uploads\/sites\/88\/2023\/01\/GettyImages-1152308900-1024x683.jpg 1024w, https:\/\/hoyre.no\/content\/uploads\/sites\/88\/2023\/01\/GettyImages-1152308900-768x512.jpg 768w, https:\/\/hoyre.no\/content\/uploads\/sites\/88\/2023\/01\/GettyImages-1152308900-1536x1024.jpg 1536w, https:\/\/hoyre.no\/content\/uploads\/sites\/88\/2023\/01\/GettyImages-1152308900-2048x1365.jpg 2048w\" sizes=\"auto, (max-width: 2500px) 100vw, 2500px\" \/><\/div><\/figure><\/div><\/div>\n\n\n\n\t\t\t<div class=\"wp-block-hoyre-opinions alignfull has-background\">\n\t\t\t\t<div class=\"block-inner\">\n\t\t\t\t\t<h2 class=\"title anchor-title\">Ti gode grunner til \u00e5 stemme p\u00e5 \u00d8rsta H\u00f8gre<\/h2>\t\t\t\t\t\t\t\t\t\t\t<div class=\"post-wrap\">\n\n\t\t\t\t\t\t\t\t\t\t\t\t\t\t<div class=\"single-opinion\" data-opinion=\"87\">\n\t\t\t\t\t\t\t\t\t\t<button type=\"button\" class=\"non-button opinion-toggle\">\n\t\t\tEin skule der alle kan lukkast\t\t<\/button>\n\t\t\t\t\t\t\t\t\t\t\t\t<div class=\"opinion-modal\">\n\t\t\t<div class=\"opinion-modal-inner entry-content\">\n\t\t\t\t<div class=\"opinion-modal-inner__controls\">\n\t\t\t\t\t<button class=\"back-button non-button\">Tilbake<\/button>\n\t\t\t\t\t<button class=\"close-button non-button\"><span class=\"screen-reader-text\">close<\/span><\/button>\n\t\t\t\t<\/div>\n\t\t\t\t<h2>Ein skule der alle kan lukkast<\/h2>\n\t\t\t\t\n<div class=\"wp-block-teft-factbox is-style-blue\"><div class=\"factbox-inner\"><div class=\"entry-content\"><h4 class=\"toggle\">\u00d8rsta H\u00f8gre vil ha ein skule som legg vekt p\u00e5 fagleg utvikling og sosial meistring. Skulen skal sj\u00e5 kvar elev, og gi dei like mogelegheiter til \u00e5 utvikle evnene og realisere draumane sine. Vi vil prioritere tidleg innsats, fleire dyktige l\u00e6rarar og gode skulebygg.<\/h4><\/div><\/div><\/div>\n\t\t\t<\/div>\n\t\t<\/div>\n\t\t\t\t\t\t\t\t\t<\/div>\n\t\t\t\t\t\t\t\t\t\t\t\t\t\t<div class=\"single-opinion\" data-opinion=\"90\">\n\t\t\t\t\t\t\t\t\t\t<button type=\"button\" class=\"non-button opinion-toggle\">\n\t\t\tLeve heile livet\t\t<\/button>\n\t\t\t\t\t\t\t\t\t\t\t\t<div class=\"opinion-modal\">\n\t\t\t<div class=\"opinion-modal-inner entry-content\">\n\t\t\t\t<div class=\"opinion-modal-inner__controls\">\n\t\t\t\t\t<button class=\"back-button non-button\">Tilbake<\/button>\n\t\t\t\t\t<button class=\"close-button non-button\"><span class=\"screen-reader-text\">close<\/span><\/button>\n\t\t\t\t<\/div>\n\t\t\t\t<h2>Leve heile livet<\/h2>\n\t\t\t\t\n<div class=\"wp-block-teft-factbox is-style-blue\"><div class=\"factbox-inner\"><div class=\"entry-content\"><h4 class=\"toggle\">\u00d8rsta H\u00f8gre vil at alle eldre kan ha eit aktivt og sosialt liv og legge til rette for fleire gode aldersvennlege m\u00f8teplassar. Det skal leggast til rette fleire sentrumsn\u00e6re bustader, med livsl\u00f8p standar. Pleietrengande eldre skal m\u00f8te ei kompetent helseteneste som gir dei valfridom og medbestemmelse. \u00a0Vi vil at eldre skal f\u00e5 v\u00e6re sjef i eige liv og sj\u00f8lv f\u00e5 velje mellom kommunale eller private tenester.Dette vil vi gj\u00f8re<\/h4><\/div><\/div><\/div>\n\t\t\t<\/div>\n\t\t<\/div>\n\t\t\t\t\t\t\t\t\t<\/div>\n\t\t\t\t\t\t\t\t\t\t\t\t\t\t<div class=\"single-opinion\" data-opinion=\"92\">\n\t\t\t\t\t\t\t\t\t\t<button type=\"button\" class=\"non-button opinion-toggle\">\n\t\t\tEin familievennleg barnehage\t\t<\/button>\n\t\t\t\t\t\t\t\t\t\t\t\t<div class=\"opinion-modal\">\n\t\t\t<div class=\"opinion-modal-inner entry-content\">\n\t\t\t\t<div class=\"opinion-modal-inner__controls\">\n\t\t\t\t\t<button class=\"back-button non-button\">Tilbake<\/button>\n\t\t\t\t\t<button class=\"close-button non-button\"><span class=\"screen-reader-text\">close<\/span><\/button>\n\t\t\t\t<\/div>\n\t\t\t\t<h2>Ein familievennleg barnehage<\/h2>\n\t\t\t\t\n<div class=\"wp-block-teft-factbox is-style-blue\"><div class=\"factbox-inner\"><div class=\"entry-content\"><h4 class=\"toggle\">\u00d8rsta H\u00f8gre vil ha eit meir fleksibelt barnehageopptak slik at alle kan f\u00e5 ein barnehage plass n\u00e6r der dei bor, n\u00e5r dei treng det. Vi vil utvide opningstidene i dei kommunale barnehagane slik at dei er tilpassa barnefamiliane sine behov.Dette vil vi gj\u00f8re<\/h4><\/div><\/div><\/div>\n\t\t\t<\/div>\n\t\t<\/div>\n\t\t\t\t\t\t\t\t\t<\/div>\n\t\t\t\t\t\t\t\t\t\t\t\t\t\t<div class=\"single-opinion\" data-opinion=\"94\">\n\t\t\t\t\t\t\t\t\t\t<button type=\"button\" class=\"non-button opinion-toggle\">\n\t\t\tStyrk tilbodet til dei som slit med psykisk helse og rus\t\t<\/button>\n\t\t\t\t\t\t\t\t\t\t\t\t<div class=\"opinion-modal\">\n\t\t\t<div class=\"opinion-modal-inner entry-content\">\n\t\t\t\t<div class=\"opinion-modal-inner__controls\">\n\t\t\t\t\t<button class=\"back-button non-button\">Tilbake<\/button>\n\t\t\t\t\t<button class=\"close-button non-button\"><span class=\"screen-reader-text\">close<\/span><\/button>\n\t\t\t\t<\/div>\n\t\t\t\t<h2>Styrk tilbodet til dei som slit med psykisk helse og rus<\/h2>\n\t\t\t\t\n<div class=\"wp-block-teft-factbox is-style-blue\"><div class=\"factbox-inner\"><div class=\"entry-content\"><h4 class=\"toggle\">\u00d8rsta H\u00f8gre vil at alle skal f\u00e5 hjelp n\u00e5r dei treng det. Ungdommane v\u00e5re skal ikkje m\u00f8te ei stengd d\u00f8r n\u00e5r dei tek kontakt med helsestasjonen. Helsestasjonen for ungdom m\u00e5 gjerast meir tilgjengeleg b\u00e5de n\u00e5r det gjeld opningstider og p\u00e5 digitale flater. H\u00f8gre meiner ogs\u00e5 at dei som slit med psykisk helse og rus m\u00e5 f\u00e5 tilbake tilbodet om fritt brukarval, slik at dei kan f\u00e5 raskare hjelp og ei behandling som passar dei.Dette vil vi gj\u00f8re<\/h4><\/div><\/div><\/div>\n\t\t\t<\/div>\n\t\t<\/div>\n\t\t\t\t\t\t\t\t\t<\/div>\n\t\t\t\t\t\t\t\t\t\t\t\t\t\t<div class=\"single-opinion\" data-opinion=\"96\">\n\t\t\t\t\t\t\t\t\t\t<button type=\"button\" class=\"non-button opinion-toggle\">\n\t\t\tKultur, idrett og frivilligheit\t\t<\/button>\n\t\t\t\t\t\t\t\t\t\t\t\t<div class=\"opinion-modal\">\n\t\t\t<div class=\"opinion-modal-inner entry-content\">\n\t\t\t\t<div class=\"opinion-modal-inner__controls\">\n\t\t\t\t\t<button class=\"back-button non-button\">Tilbake<\/button>\n\t\t\t\t\t<button class=\"close-button non-button\"><span class=\"screen-reader-text\">close<\/span><\/button>\n\t\t\t\t<\/div>\n\t\t\t\t<h2>Kultur, idrett og frivilligheit<\/h2>\n\t\t\t\t\n<div class=\"wp-block-teft-factbox is-style-blue\"><div class=\"factbox-inner\"><div class=\"entry-content\"><h4 class=\"toggle\">\u00d8rsta H\u00f8gre \u00f8nskjer eit inkluderande og breitt kultur- og idrettsliv. Frivillige organisasjonar er b\u00e6rebjelken i lokalsamfunna v\u00e5re. I ei tid d\u00e5 mange slit med \u00e5 f\u00e5 endane til \u00e5 m\u00f8test, s\u00e5 vil vi at alle barn og unge i \u00d8rsta skal kunne delta p\u00e5 minst ein fritidsaktivitet kvar veke.Dette vil vi gj\u00f8re<\/h4><\/div><\/div><\/div>\n\t\t\t<\/div>\n\t\t<\/div>\n\t\t\t\t\t\t\t\t\t<\/div>\n\t\t\t\t\t\t\t\t\t\t\t\t\t\t<div class=\"single-opinion\" data-opinion=\"99\">\n\t\t\t\t\t\t\t\t\t\t<button type=\"button\" class=\"non-button opinion-toggle\">\n\t\t\tVi er p\u00e5 lag med dei som skaper arbeidsplassar\t\t<\/button>\n\t\t\t\t\t\t\t\t\t\t\t\t<div class=\"opinion-modal\">\n\t\t\t<div class=\"opinion-modal-inner entry-content\">\n\t\t\t\t<div class=\"opinion-modal-inner__controls\">\n\t\t\t\t\t<button class=\"back-button non-button\">Tilbake<\/button>\n\t\t\t\t\t<button class=\"close-button non-button\"><span class=\"screen-reader-text\">close<\/span><\/button>\n\t\t\t\t<\/div>\n\t\t\t\t<h2>Vi er p\u00e5 lag med dei som skaper arbeidsplassar<\/h2>\n\t\t\t\t\n<div class=\"wp-block-teft-factbox is-style-blue\"><div class=\"factbox-inner\"><div class=\"entry-content\"><h4 class=\"toggle\">\u00d8rsta H\u00f8gre vil gjere kommunen til ein framover lent og aktiv st\u00f8ttespelar for dei som skaper verdiar og arbeidsplassar i \u00d8rsta. Vi vil jobbe aktivt for \u00e5 gjere det lettare \u00e5 utvikle og etablere ny n\u00e6ringsverksemder i \u00d8rsta.Dette vil vi gj\u00f8re<\/h4><\/div><\/div><\/div>\n\t\t\t<\/div>\n\t\t<\/div>\n\t\t\t\t\t\t\t\t\t<\/div>\n\t\t\t\t\t\t\t\t\t\t\t\t\t\t<div class=\"single-opinion\" data-opinion=\"101\">\n\t\t\t\t\t\t\t\t\t\t<button type=\"button\" class=\"non-button opinion-toggle\">\n\t\t\t\u00d8rsta \u2013 regionsenter p\u00e5 s\u00f8re Sunnm\u00f8re\t\t<\/button>\n\t\t\t\t\t\t\t\t\t\t\t\t<div class=\"opinion-modal\">\n\t\t\t<div class=\"opinion-modal-inner entry-content\">\n\t\t\t\t<div class=\"opinion-modal-inner__controls\">\n\t\t\t\t\t<button class=\"back-button non-button\">Tilbake<\/button>\n\t\t\t\t\t<button class=\"close-button non-button\"><span class=\"screen-reader-text\">close<\/span><\/button>\n\t\t\t\t<\/div>\n\t\t\t\t<h2>\u00d8rsta \u2013 regionsenter p\u00e5 s\u00f8re Sunnm\u00f8re<\/h2>\n\t\t\t\t\n<div class=\"wp-block-teft-factbox is-style-blue\"><div class=\"factbox-inner\"><div class=\"entry-content\"><h4 class=\"toggle\">\u00d8rsta H\u00f8gre skal jobbe for \u00e5 utvikle \u00d8rsta vidare i tr\u00e5 med vedtekne arealplanar. Vi er positive til dei ambisi\u00f8se byggeplanane i \u00d8rsta-sentrum, og meiner dette vil ha stor betydning for \u00e5 styrke \u00d8rsta som ein attraktiv og sentral m\u00f8testad for folk, n\u00e6ringsliv, handel og kultur.Dette vil vi gj\u00f8re<\/h4><\/div><\/div><\/div>\n\t\t\t<\/div>\n\t\t<\/div>\n\t\t\t\t\t\t\t\t\t<\/div>\n\t\t\t\t\t\t\t\t\t\t\t\t\t\t<div class=\"single-opinion\" data-opinion=\"103\">\n\t\t\t\t\t\t\t\t\t\t<button type=\"button\" class=\"non-button opinion-toggle\">\n\t\t\tEi JA-kommune\t\t<\/button>\n\t\t\t\t\t\t\t\t\t\t\t\t<div class=\"opinion-modal\">\n\t\t\t<div class=\"opinion-modal-inner entry-content\">\n\t\t\t\t<div class=\"opinion-modal-inner__controls\">\n\t\t\t\t\t<button class=\"back-button non-button\">Tilbake<\/button>\n\t\t\t\t\t<button class=\"close-button non-button\"><span class=\"screen-reader-text\">close<\/span><\/button>\n\t\t\t\t<\/div>\n\t\t\t\t<h2>Ei JA-kommune<\/h2>\n\t\t\t\t\n<div class=\"wp-block-teft-factbox is-style-blue\"><div class=\"factbox-inner\"><div class=\"entry-content\"><h4 class=\"toggle\">\u00d8rsta H\u00f8gre \u00f8nskjer at kommunen skal verte meir serviceorientert og effektiv. Vi \u00f8nskjer raske svar og ei positiv grunnhaldning til dei som tek kontakt. Vi vil gjere det lettare \u00e5 ta kontakt, f\u00e5 informasjon og s\u00f8rge for at fristar for sakshandsaminga vert f\u00f8lgt.Dette vil vi gj\u00f8re<\/h4><\/div><\/div><\/div>\n\t\t\t<\/div>\n\t\t<\/div>\n\t\t\t\t\t\t\t\t\t<\/div>\n\t\t\t\t\t\t\t\t\t\t\t\t\t\t<div class=\"single-opinion\" data-opinion=\"105\">\n\t\t\t\t\t\t\t\t\t\t<button type=\"button\" class=\"non-button opinion-toggle\">\n\t\t\tMilj\u00f8fyrt\u00e5rn\t\t<\/button>\n\t\t\t\t\t\t\t\t\t\t\t\t<div class=\"opinion-modal\">\n\t\t\t<div class=\"opinion-modal-inner entry-content\">\n\t\t\t\t<div class=\"opinion-modal-inner__controls\">\n\t\t\t\t\t<button class=\"back-button non-button\">Tilbake<\/button>\n\t\t\t\t\t<button class=\"close-button non-button\"><span class=\"screen-reader-text\">close<\/span><\/button>\n\t\t\t\t<\/div>\n\t\t\t\t<h2>Milj\u00f8fyrt\u00e5rn<\/h2>\n\t\t\t\t\n<div class=\"wp-block-teft-factbox is-style-blue\"><div class=\"factbox-inner\"><div class=\"entry-content\"><h4 class=\"toggle\">\u00d8rsta H\u00f8gre vil gjere kommunen til ei Milj\u00f8fyrt\u00e5rn-kommune. Det vil auke milj\u00f8kompetansen, redusere milj\u00f8belastningane av kommunale aktivitetar og bidra til at \u00d8rsta kommune tar eit st\u00f8rre ansvar i utviklinga av eit meir milj\u00f8vennleg samfunn.Dette vil vi gj\u00f8re<\/h4><\/div><\/div><\/div>\n\t\t\t<\/div>\n\t\t<\/div>\n\t\t\t\t\t\t\t\t\t<\/div>\n\t\t\t\t\t\t\t\t\t\t\t\t\t\t<div class=\"single-opinion\" data-opinion=\"107\">\n\t\t\t\t\t\t\t\t\t\t<button type=\"button\" class=\"non-button opinion-toggle\">\n\t\t\tTrygg styring\t\t<\/button>\n\t\t\t\t\t\t\t\t\t\t\t\t<div class=\"opinion-modal\">\n\t\t\t<div class=\"opinion-modal-inner entry-content\">\n\t\t\t\t<div class=\"opinion-modal-inner__controls\">\n\t\t\t\t\t<button class=\"back-button non-button\">Tilbake<\/button>\n\t\t\t\t\t<button class=\"close-button non-button\"><span class=\"screen-reader-text\">close<\/span><\/button>\n\t\t\t\t<\/div>\n\t\t\t\t<h2>Trygg styring<\/h2>\n\t\t\t\t\n<div class=\"wp-block-teft-factbox is-style-blue\"><div class=\"factbox-inner\"><div class=\"entry-content\"><h4 class=\"toggle\">\u00d8rsta H\u00f8gre vil alltid st\u00e5 for ein heilskapleg og berekraftig \u00f8konomiske politikk for \u00d8rsta. Vi vil alltid handsame skattebetalaren sine pengar med respekt. Etter ei periode der b\u00e5de gjeld og rentekostnadane har auka s\u00e5 m\u00e5 vi jobbe smartare og ha tydlegare prioriteringar innad i kommunen.Dette vil vi gj\u00f8re<\/h4><\/div><\/div><\/div>\n\t\t\t<\/div>\n\t\t<\/div>\n\t\t\t\t\t\t\t\t\t<\/div>\n\t\t\t\t\t\t\t\t\t\t\t\t\t<\/div>\n\t\t\t\t\t\t\t\t\t<\/div>\n\t\t\t<\/div>\n\t\t\t\n","protected":false},"excerpt":{"rendered":"","protected":false},"author":30082,"featured_media":0,"parent":3,"menu_order":1,"comment_status":"closed","ping_status":"closed","template":"","meta":{"teft_cards_image_url":"","teft_cards_custom_pretitle":"","teft_cards_image_id":0,"teft_cards_image_focal_point_x":0,"teft_cards_image_focal_point_y":0,"teft_cards_title":"","teft_cards_excerpt":"","teft_show_chapters":false,"footnotes":""},"class_list":["post-126","page","type-page","status-publish","hentry"],"yoast_head":"<!-- This site is optimized with the Yoast SEO plugin v26.6 - https:\/\/yoast.com\/wordpress\/plugins\/seo\/ -->\n<title>Kvifor stemme \u00d8rsta H\u00f8gre? - \u00d8rsta H\u00f8gre<\/title>\n<meta name=\"robots\" content=\"index, follow, max-snippet:-1, max-image-preview:large, max-video-preview:-1\" \/>\n<link rel=\"canonical\" href=\"https:\/\/hoyre.no\/orsta\/forsiden\/kvifor-stemme-orsta-hogre\/\" \/>\n<meta property=\"og:locale\" content=\"nn_NO\" \/>\n<meta property=\"og:type\" content=\"article\" \/>\n<meta property=\"og:title\" content=\"Kvifor stemme \u00d8rsta H\u00f8gre? - \u00d8rsta H\u00f8gre\" \/>\n<meta property=\"og:url\" content=\"https:\/\/hoyre.no\/orsta\/forsiden\/kvifor-stemme-orsta-hogre\/\" \/>\n<meta property=\"og:site_name\" content=\"\u00d8rsta H\u00f8gre\" \/>\n<meta property=\"article:modified_time\" content=\"2023-01-18T14:54:58+00:00\" \/>\n<meta property=\"og:image\" content=\"https:\/\/hoyre.no\/content\/uploads\/sites\/88\/2022\/11\/Hoyres-logo.png\" \/>\n\t<meta property=\"og:image:width\" content=\"1000\" \/>\n\t<meta property=\"og:image:height\" content=\"1000\" \/>\n\t<meta property=\"og:image:type\" content=\"image\/png\" \/>\n<meta name=\"twitter:card\" content=\"summary_large_image\" \/>\n<meta name=\"twitter:label1\" content=\"Est. reading time\" \/>\n\t<meta name=\"twitter:data1\" content=\"1 minutt\" \/>\n<script type=\"application\/ld+json\" class=\"yoast-schema-graph\">{\"@context\":\"https:\/\/schema.org\",\"@graph\":[{\"@type\":\"WebPage\",\"@id\":\"https:\/\/hoyre.no\/orsta\/forsiden\/kvifor-stemme-orsta-hogre\/\",\"url\":\"https:\/\/hoyre.no\/orsta\/forsiden\/kvifor-stemme-orsta-hogre\/\",\"name\":\"Kvifor stemme \u00d8rsta H\u00f8gre? - \u00d8rsta H\u00f8gre\",\"isPartOf\":{\"@id\":\"https:\/\/hoyre.no\/orsta\/#website\"},\"datePublished\":\"2023-01-18T14:31:14+00:00\",\"dateModified\":\"2023-01-18T14:54:58+00:00\",\"breadcrumb\":{\"@id\":\"https:\/\/hoyre.no\/orsta\/forsiden\/kvifor-stemme-orsta-hogre\/#breadcrumb\"},\"inLanguage\":\"nn-NO\",\"potentialAction\":[{\"@type\":\"ReadAction\",\"target\":[\"https:\/\/hoyre.no\/orsta\/forsiden\/kvifor-stemme-orsta-hogre\/\"]}]},{\"@type\":\"BreadcrumbList\",\"@id\":\"https:\/\/hoyre.no\/orsta\/forsiden\/kvifor-stemme-orsta-hogre\/#breadcrumb\",\"itemListElement\":[{\"@type\":\"ListItem\",\"position\":1,\"name\":\"Til hoyre.no\",\"item\":\"https:\/\/hoyre.no\"},{\"@type\":\"ListItem\",\"position\":2,\"name\":\"Hjem\",\"item\":\"https:\/\/hoyre.no\/orsta\/\"},{\"@type\":\"ListItem\",\"position\":3,\"name\":\"Forsiden\",\"item\":\"https:\/\/hoyre.no\/orsta\/\"},{\"@type\":\"ListItem\",\"position\":4,\"name\":\"Kvifor stemme \u00d8rsta H\u00f8gre?\"}]},{\"@type\":\"WebSite\",\"@id\":\"https:\/\/hoyre.no\/orsta\/#website\",\"url\":\"https:\/\/hoyre.no\/orsta\/\",\"name\":\"\u00d8rsta H\u00f8gre\",\"description\":\"Bare enda et H\u00f8yres nettsteder-nettsted\",\"inLanguage\":\"nn-NO\"}]}<\/script>\n<!-- \/ Yoast SEO plugin. -->","yoast_head_json":{"title":"Kvifor stemme \u00d8rsta H\u00f8gre? - \u00d8rsta H\u00f8gre","robots":{"index":"index","follow":"follow","max-snippet":"max-snippet:-1","max-image-preview":"max-image-preview:large","max-video-preview":"max-video-preview:-1"},"canonical":"https:\/\/hoyre.no\/orsta\/forsiden\/kvifor-stemme-orsta-hogre\/","og_locale":"nn_NO","og_type":"article","og_title":"Kvifor stemme \u00d8rsta H\u00f8gre? - \u00d8rsta H\u00f8gre","og_url":"https:\/\/hoyre.no\/orsta\/forsiden\/kvifor-stemme-orsta-hogre\/","og_site_name":"\u00d8rsta H\u00f8gre","article_modified_time":"2023-01-18T14:54:58+00:00","og_image":[{"width":1000,"height":1000,"url":"https:\/\/hoyre.no\/content\/uploads\/sites\/88\/2022\/11\/Hoyres-logo.png","type":"image\/png"}],"twitter_card":"summary_large_image","twitter_misc":{"Est. reading time":"1 minutt"},"schema":{"@context":"https:\/\/schema.org","@graph":[{"@type":"WebPage","@id":"https:\/\/hoyre.no\/orsta\/forsiden\/kvifor-stemme-orsta-hogre\/","url":"https:\/\/hoyre.no\/orsta\/forsiden\/kvifor-stemme-orsta-hogre\/","name":"Kvifor stemme \u00d8rsta H\u00f8gre? - \u00d8rsta H\u00f8gre","isPartOf":{"@id":"https:\/\/hoyre.no\/orsta\/#website"},"datePublished":"2023-01-18T14:31:14+00:00","dateModified":"2023-01-18T14:54:58+00:00","breadcrumb":{"@id":"https:\/\/hoyre.no\/orsta\/forsiden\/kvifor-stemme-orsta-hogre\/#breadcrumb"},"inLanguage":"nn-NO","potentialAction":[{"@type":"ReadAction","target":["https:\/\/hoyre.no\/orsta\/forsiden\/kvifor-stemme-orsta-hogre\/"]}]},{"@type":"BreadcrumbList","@id":"https:\/\/hoyre.no\/orsta\/forsiden\/kvifor-stemme-orsta-hogre\/#breadcrumb","itemListElement":[{"@type":"ListItem","position":1,"name":"Til hoyre.no","item":"https:\/\/hoyre.no"},{"@type":"ListItem","position":2,"name":"Hjem","item":"https:\/\/hoyre.no\/orsta\/"},{"@type":"ListItem","position":3,"name":"Forsiden","item":"https:\/\/hoyre.no\/orsta\/"},{"@type":"ListItem","position":4,"name":"Kvifor stemme \u00d8rsta H\u00f8gre?"}]},{"@type":"WebSite","@id":"https:\/\/hoyre.no\/orsta\/#website","url":"https:\/\/hoyre.no\/orsta\/","name":"\u00d8rsta H\u00f8gre","description":"Bare enda et H\u00f8yres nettsteder-nettsted","inLanguage":"nn-NO"}]}},"distributor_meta":false,"distributor_terms":false,"distributor_media":false,"distributor_original_site_name":"\u00d8rsta H\u00f8gre","distributor_original_site_url":"https:\/\/hoyre.no\/orsta","push-errors":false,"_links":{"self":[{"href":"https:\/\/hoyre.no\/orsta\/wp-json\/wp\/v2\/pages\/126","targetHints":{"allow":["GET"]}}],"collection":[{"href":"https:\/\/hoyre.no\/orsta\/wp-json\/wp\/v2\/pages"}],"about":[{"href":"https:\/\/hoyre.no\/orsta\/wp-json\/wp\/v2\/types\/page"}],"author":[{"embeddable":true,"href":"https:\/\/hoyre.no\/orsta\/wp-json\/wp\/v2\/users\/30082"}],"replies":[{"embeddable":true,"href":"https:\/\/hoyre.no\/orsta\/wp-json\/wp\/v2\/comments?post=126"}],"version-history":[{"count":3,"href":"https:\/\/hoyre.no\/orsta\/wp-json\/wp\/v2\/pages\/126\/revisions"}],"predecessor-version":[{"id":135,"href":"https:\/\/hoyre.no\/orsta\/wp-json\/wp\/v2\/pages\/126\/revisions\/135"}],"up":[{"embeddable":true,"href":"https:\/\/hoyre.no\/orsta\/wp-json\/wp\/v2\/pages\/3"}],"wp:attachment":[{"href":"https:\/\/hoyre.no\/orsta\/wp-json\/wp\/v2\/media?parent=126"}],"curies":[{"name":"wp","href":"https:\/\/api.w.org\/{rel}","templated":true}]}}