{"id":172,"date":"2023-01-31T10:49:52","date_gmt":"2023-01-31T09:49:52","guid":{"rendered":"https:\/\/hoyre.no\/orsta\/?page_id=172"},"modified":"2023-02-24T15:43:18","modified_gmt":"2023-02-24T14:43:18","slug":"fra-morenytt-intervju-etter-lanseringa-som-ordforarkandidat-for-orsta-hogre","status":"publish","type":"page","link":"https:\/\/hoyre.no\/orsta\/fra-morenytt-intervju-etter-lanseringa-som-ordforarkandidat-for-orsta-hogre\/","title":{"rendered":"Fr\u00e5 M\u00f8reNytt &#8211; intervju etter lanseringa som ordf\u00f8rarkandidat for \u00d8rsta H\u00f8gre"},"content":{"rendered":"\n<div class=\"wp-block-hoyre-hero with-image-gradient text-color-light  has-media alignfull has-background\"><div class=\"hoyre-hero has-image\"><h1 class=\"title\">Kvifor orf\u00f8rar!<\/h1><p class=\"preamble\"><strong>Den krevjande situasjonen i \u00d8rsta kommune er ei spanande utfordring!<\/strong><\/p>\t\t\t<div class=\"post-meta wp-block teft-byline-wrapper\">\n\t\t\t\t<div class=\"top\">\n\t\t\t\t\t<div class=\"signature\">\n\t\t\t\t\t\t<div class=\"teft-byline\">\n\t\t\t\t\t\t\t\t\t\t\t\t\t\t<div>\n\t\t\t\t\t\t\t\t<h3>H\u00f8yres redaksjon<\/h3>\t\t\t\t\t\t\t\t\n\t\t\t\t\t\t\t\t\t\t\t\t\t\t\t\t\t<span class=\"date\">Sist oppdatert: 24. februar 2023<\/span>\n\t\t\t\t\t\t\t\t\t\t\t\t\t\t\t\t\t\t\t\t\t\t\t\t\t<span class=\"reading-time\" itemprop=\"timeRequired\" content=\"PT3M\"><em>Ca. 3 minutter lesetid<\/em><\/span>\n\t\t\t\t\t\t\t\t\t\t\t\t\t\t\t<\/div>\n\t\t\t\t\t\t<\/div>\n\t\t\t\t\t<\/div>\n\t\t\t\t\t\t<div class=\"sharing\">\n\t\t<a class=\"share-button share-link copy-link\" data-copy=\"https:\/\/hoyre.no\/orsta\/fra-morenytt-intervju-etter-lanseringa-som-ordforarkandidat-for-orsta-hogre\/\" target=\"_blank\"><span class=\"screen-reader-text\">Del link<\/span><\/a>\n\t\t<a class=\"share-button share-twitter\" href=\"http:\/\/twitter.com\/share?text=Fr\u00e5 M\u00f8reNytt &#8211; intervju etter lanseringa som ordf\u00f8rarkandidat for \u00d8rsta H\u00f8gre&#038;url=https:\/\/hoyre.no\/orsta\/fra-morenytt-intervju-etter-lanseringa-som-ordforarkandidat-for-orsta-hogre\/&#038;hashtags=Hoyre\" target=\"_blank\"><span class=\"screen-reader-text\">Del p\u00e5 twitter<\/span><\/a>\n\t\t<a class=\"share-button share-facebook\" href=\"https:\/\/www.facebook.com\/sharer\/sharer.php?u=https:\/\/hoyre.no\/orsta\/fra-morenytt-intervju-etter-lanseringa-som-ordforarkandidat-for-orsta-hogre\/\" target=\"_blank\"><span class=\"screen-reader-text\">Del p\u00e5 facebook<\/span><\/a>\n\t<\/div>\n\t\t\t\t\t<\/div>\n\t\t\t<\/div>\n\n\t\t\t<figure class=\"hoyre-image-wrapper\"><div class=\"hoyre-image\"><img loading=\"lazy\" decoding=\"async\" width=\"2142\" height=\"1644\" src=\"https:\/\/hoyre.no\/content\/uploads\/sites\/88\/2023\/01\/Per-Are-kvadrat-1.jpg\" class=\"attachment-scaled size-scaled\" alt=\"\" style=\"object-position: 50% 50%\" srcset=\"https:\/\/hoyre.no\/content\/uploads\/sites\/88\/2023\/01\/Per-Are-kvadrat-1.jpg 2142w, https:\/\/hoyre.no\/content\/uploads\/sites\/88\/2023\/01\/Per-Are-kvadrat-1-300x230.jpg 300w, https:\/\/hoyre.no\/content\/uploads\/sites\/88\/2023\/01\/Per-Are-kvadrat-1-1024x786.jpg 1024w, https:\/\/hoyre.no\/content\/uploads\/sites\/88\/2023\/01\/Per-Are-kvadrat-1-768x589.jpg 768w, https:\/\/hoyre.no\/content\/uploads\/sites\/88\/2023\/01\/Per-Are-kvadrat-1-1536x1179.jpg 1536w, https:\/\/hoyre.no\/content\/uploads\/sites\/88\/2023\/01\/Per-Are-kvadrat-1-2048x1572.jpg 2048w\" sizes=\"auto, (max-width: 2142px) 100vw, 2142px\" \/><\/div><\/figure><\/div><\/div>\n\n\n\n\n<p>\u2013 Situasjonen til \u00d8rsta kommune er s\u00e5pass utfordrande at det triggar meg litt. Eg har erfaring b\u00e5de fr\u00e5 arbeid og i det politiske livet til \u00e5 vere med p\u00e5 endringsprosessar, seier S\u00f8rheim.<\/p>\n\n\n\n<p>Han har ikkje noko i mot at oppfatninga er at det er Sp som byggjer ut, og at det er H\u00f8gre som m\u00e5 rydde opp.<\/p>\n\n\n\n<p>Det var tysdag \u00d8rsta H\u00f8gre lanserte han som ordf\u00f8rarkandidat til kommunestyrevalet i 2023.<\/p>\n\n\n\n<p>\u2013 Det sat litt langt inne \u00e5 seie ja, for det finst st\u00f8rre sjarmtroll enn meg, seier han med eit smil.<\/p>\n\n\n\n<p>Han forklarar skepsisen med at han har ein krevjande jobb, som ein av leiarane i det nystifta kraftleverand\u00f8rselskapet Wattn AS, der Tussa er ein av eigarane.<\/p>\n\n\n\n<p>\u2013 I det siste har det vore vanskeleg \u00e5 kombinere arbeid og politikk. Samstundes kjenner eg at eg har plikt overfor partiet. Eg har vore med \u00e5 lagt til rette for H\u00f8gre, og H\u00f8gre har lagt til rette for meg, seier S\u00f8rheim.<\/p>\n\n\n\n<p>N\u00e5r avgjerda er teken om \u00e5 stille, ser han fram til valkampen. Det h\u00e5per han vert ein ryddig valkamp.<\/p>\n\n\n\n<p>\u2013 Eg h\u00e5per p\u00e5 gode politiske debattar mellom partia, og at politikarane erkjenner at det er vi som styrer. Eg har sett ein tendens siste tida p\u00e5 at det vert skote p\u00e5 administrasjonen. Det er uryddig. Sj\u00f8lvsagt skal administrasjonen styrast, men ansvaret for dei \u00f8konomiske rammene ligg til dei partia som er i posisjon, seier S\u00f8rheim.<\/p>\n\n\n\n<p>Kva saker som vert valkamptema, meiner han det er for tidleg \u00e5 seie noko om.<\/p>\n\n\n\n<p>\u2013 Likevel veit vi at \u00d8rsta har nokre t\u00f8ffe utfordringar. Det er ynske om \u00e5 byggje b\u00e5de ny sentrumsskule, symjebasseng og kulturhus. Einskilde i noverande posisjon seier at alt skal gjerast. Samstundes har \u00f8konomileiaren i kommunen fortalt oss at \u00f8konomiplanen til \u00d8rsta st\u00e5r i fare for \u00e5 verte underkjent, fordi der er altfor mange millionar utan inndekning. Det er noko eg har p\u00e5peikt gjentekne gonger. Vi risikerer \u00e5 hamne i Robek, og det gjev oss ikkje handlingsrom, seier S\u00f8rheim.<\/p>\n\n\n\n<p>Han understrekar kva som er dei viktige prioriteringane for han framover.<\/p>\n\n\n\n<p>\u2013 Alt handlar ikkje om nye bygningar, men at vi greier \u00e5 levere tenestene vi er p\u00e5lagde. Det at vi greier \u00e5 gje han som er \u00e5tte \u00e5r, og som slit med lese- og skrivevanskar den hjelpa han treng. Det er det som er det viktige og &nbsp;noko vi ikkje kan utsetje i nokre \u00e5r, seier S\u00f8rheim.<\/p>\n\n\n\n<p>Noko valresultat vil han ikkje tippe p\u00e5.<\/p>\n\n\n\n<p>Vi har god tru p\u00e5 at vi vil gjere eit godt val. Meiningsm\u00e5lingane er gode, men det skal godt gjerast at vi kjem tilbake til \u00e5tte mandat slik som i 2011 valet. Sp er nok framleis favorittar. Dessutan er det slik i \u00d8rsta at her ikkje er typiske blokkdanningar. H\u00f8gre kan samarbeide med alle, seier S\u00f8rheim.<\/p>\n\n","protected":false},"excerpt":{"rendered":"","protected":false},"author":30082,"featured_media":0,"parent":0,"menu_order":0,"comment_status":"closed","ping_status":"closed","template":"","meta":{"teft_cards_image_url":"","teft_cards_custom_pretitle":"","teft_cards_image_id":0,"teft_cards_image_focal_point_x":0,"teft_cards_image_focal_point_y":0,"teft_cards_title":"","teft_cards_excerpt":"","teft_show_chapters":false,"footnotes":""},"class_list":["post-172","page","type-page","status-publish","hentry"],"yoast_head":"<!-- This site is optimized with the Yoast SEO plugin v26.6 - https:\/\/yoast.com\/wordpress\/plugins\/seo\/ -->\n<title>Fr\u00e5 M\u00f8reNytt - intervju etter lanseringa som ordf\u00f8rarkandidat for \u00d8rsta H\u00f8gre - \u00d8rsta H\u00f8gre<\/title>\n<meta name=\"robots\" content=\"index, follow, max-snippet:-1, max-image-preview:large, max-video-preview:-1\" \/>\n<link rel=\"canonical\" href=\"https:\/\/hoyre.no\/orsta\/fra-morenytt-intervju-etter-lanseringa-som-ordforarkandidat-for-orsta-hogre\/\" \/>\n<meta property=\"og:locale\" content=\"nn_NO\" \/>\n<meta property=\"og:type\" content=\"article\" \/>\n<meta property=\"og:title\" content=\"Fr\u00e5 M\u00f8reNytt - intervju etter lanseringa som ordf\u00f8rarkandidat for \u00d8rsta H\u00f8gre - \u00d8rsta H\u00f8gre\" \/>\n<meta property=\"og:url\" content=\"https:\/\/hoyre.no\/orsta\/fra-morenytt-intervju-etter-lanseringa-som-ordforarkandidat-for-orsta-hogre\/\" \/>\n<meta property=\"og:site_name\" content=\"\u00d8rsta H\u00f8gre\" \/>\n<meta property=\"article:modified_time\" content=\"2023-02-24T14:43:18+00:00\" \/>\n<meta property=\"og:image\" content=\"https:\/\/hoyre.no\/content\/uploads\/sites\/88\/2022\/11\/Hoyres-logo.png\" \/>\n\t<meta property=\"og:image:width\" content=\"1000\" \/>\n\t<meta property=\"og:image:height\" content=\"1000\" \/>\n\t<meta property=\"og:image:type\" content=\"image\/png\" \/>\n<meta name=\"twitter:card\" content=\"summary_large_image\" \/>\n<meta name=\"twitter:label1\" content=\"Est. reading time\" \/>\n\t<meta name=\"twitter:data1\" content=\"3 minutt\" \/>\n<script type=\"application\/ld+json\" class=\"yoast-schema-graph\">{\"@context\":\"https:\/\/schema.org\",\"@graph\":[{\"@type\":\"WebPage\",\"@id\":\"https:\/\/hoyre.no\/orsta\/fra-morenytt-intervju-etter-lanseringa-som-ordforarkandidat-for-orsta-hogre\/\",\"url\":\"https:\/\/hoyre.no\/orsta\/fra-morenytt-intervju-etter-lanseringa-som-ordforarkandidat-for-orsta-hogre\/\",\"name\":\"Fr\u00e5 M\u00f8reNytt - intervju etter lanseringa som ordf\u00f8rarkandidat for \u00d8rsta H\u00f8gre - \u00d8rsta H\u00f8gre\",\"isPartOf\":{\"@id\":\"https:\/\/hoyre.no\/orsta\/#website\"},\"datePublished\":\"2023-01-31T09:49:52+00:00\",\"dateModified\":\"2023-02-24T14:43:18+00:00\",\"breadcrumb\":{\"@id\":\"https:\/\/hoyre.no\/orsta\/fra-morenytt-intervju-etter-lanseringa-som-ordforarkandidat-for-orsta-hogre\/#breadcrumb\"},\"inLanguage\":\"nn-NO\",\"potentialAction\":[{\"@type\":\"ReadAction\",\"target\":[\"https:\/\/hoyre.no\/orsta\/fra-morenytt-intervju-etter-lanseringa-som-ordforarkandidat-for-orsta-hogre\/\"]}]},{\"@type\":\"BreadcrumbList\",\"@id\":\"https:\/\/hoyre.no\/orsta\/fra-morenytt-intervju-etter-lanseringa-som-ordforarkandidat-for-orsta-hogre\/#breadcrumb\",\"itemListElement\":[{\"@type\":\"ListItem\",\"position\":1,\"name\":\"Til hoyre.no\",\"item\":\"https:\/\/hoyre.no\"},{\"@type\":\"ListItem\",\"position\":2,\"name\":\"Hjem\",\"item\":\"https:\/\/hoyre.no\/orsta\/\"},{\"@type\":\"ListItem\",\"position\":3,\"name\":\"Fr\u00e5 M\u00f8reNytt &#8211; intervju etter lanseringa som ordf\u00f8rarkandidat for \u00d8rsta H\u00f8gre\"}]},{\"@type\":\"WebSite\",\"@id\":\"https:\/\/hoyre.no\/orsta\/#website\",\"url\":\"https:\/\/hoyre.no\/orsta\/\",\"name\":\"\u00d8rsta H\u00f8gre\",\"description\":\"Bare enda et H\u00f8yres nettsteder-nettsted\",\"inLanguage\":\"nn-NO\"}]}<\/script>\n<!-- \/ Yoast SEO plugin. -->","yoast_head_json":{"title":"Fr\u00e5 M\u00f8reNytt - intervju etter lanseringa som ordf\u00f8rarkandidat for \u00d8rsta H\u00f8gre - \u00d8rsta H\u00f8gre","robots":{"index":"index","follow":"follow","max-snippet":"max-snippet:-1","max-image-preview":"max-image-preview:large","max-video-preview":"max-video-preview:-1"},"canonical":"https:\/\/hoyre.no\/orsta\/fra-morenytt-intervju-etter-lanseringa-som-ordforarkandidat-for-orsta-hogre\/","og_locale":"nn_NO","og_type":"article","og_title":"Fr\u00e5 M\u00f8reNytt - intervju etter lanseringa som ordf\u00f8rarkandidat for \u00d8rsta H\u00f8gre - \u00d8rsta H\u00f8gre","og_url":"https:\/\/hoyre.no\/orsta\/fra-morenytt-intervju-etter-lanseringa-som-ordforarkandidat-for-orsta-hogre\/","og_site_name":"\u00d8rsta H\u00f8gre","article_modified_time":"2023-02-24T14:43:18+00:00","og_image":[{"width":1000,"height":1000,"url":"https:\/\/hoyre.no\/content\/uploads\/sites\/88\/2022\/11\/Hoyres-logo.png","type":"image\/png"}],"twitter_card":"summary_large_image","twitter_misc":{"Est. reading time":"3 minutt"},"schema":{"@context":"https:\/\/schema.org","@graph":[{"@type":"WebPage","@id":"https:\/\/hoyre.no\/orsta\/fra-morenytt-intervju-etter-lanseringa-som-ordforarkandidat-for-orsta-hogre\/","url":"https:\/\/hoyre.no\/orsta\/fra-morenytt-intervju-etter-lanseringa-som-ordforarkandidat-for-orsta-hogre\/","name":"Fr\u00e5 M\u00f8reNytt - intervju etter lanseringa som ordf\u00f8rarkandidat for \u00d8rsta H\u00f8gre - \u00d8rsta H\u00f8gre","isPartOf":{"@id":"https:\/\/hoyre.no\/orsta\/#website"},"datePublished":"2023-01-31T09:49:52+00:00","dateModified":"2023-02-24T14:43:18+00:00","breadcrumb":{"@id":"https:\/\/hoyre.no\/orsta\/fra-morenytt-intervju-etter-lanseringa-som-ordforarkandidat-for-orsta-hogre\/#breadcrumb"},"inLanguage":"nn-NO","potentialAction":[{"@type":"ReadAction","target":["https:\/\/hoyre.no\/orsta\/fra-morenytt-intervju-etter-lanseringa-som-ordforarkandidat-for-orsta-hogre\/"]}]},{"@type":"BreadcrumbList","@id":"https:\/\/hoyre.no\/orsta\/fra-morenytt-intervju-etter-lanseringa-som-ordforarkandidat-for-orsta-hogre\/#breadcrumb","itemListElement":[{"@type":"ListItem","position":1,"name":"Til hoyre.no","item":"https:\/\/hoyre.no"},{"@type":"ListItem","position":2,"name":"Hjem","item":"https:\/\/hoyre.no\/orsta\/"},{"@type":"ListItem","position":3,"name":"Fr\u00e5 M\u00f8reNytt &#8211; intervju etter lanseringa som ordf\u00f8rarkandidat for \u00d8rsta H\u00f8gre"}]},{"@type":"WebSite","@id":"https:\/\/hoyre.no\/orsta\/#website","url":"https:\/\/hoyre.no\/orsta\/","name":"\u00d8rsta H\u00f8gre","description":"Bare enda et H\u00f8yres nettsteder-nettsted","inLanguage":"nn-NO"}]}},"distributor_meta":false,"distributor_terms":false,"distributor_media":false,"distributor_original_site_name":"\u00d8rsta H\u00f8gre","distributor_original_site_url":"https:\/\/hoyre.no\/orsta","push-errors":false,"_links":{"self":[{"href":"https:\/\/hoyre.no\/orsta\/wp-json\/wp\/v2\/pages\/172","targetHints":{"allow":["GET"]}}],"collection":[{"href":"https:\/\/hoyre.no\/orsta\/wp-json\/wp\/v2\/pages"}],"about":[{"href":"https:\/\/hoyre.no\/orsta\/wp-json\/wp\/v2\/types\/page"}],"author":[{"embeddable":true,"href":"https:\/\/hoyre.no\/orsta\/wp-json\/wp\/v2\/users\/30082"}],"replies":[{"embeddable":true,"href":"https:\/\/hoyre.no\/orsta\/wp-json\/wp\/v2\/comments?post=172"}],"version-history":[{"count":1,"href":"https:\/\/hoyre.no\/orsta\/wp-json\/wp\/v2\/pages\/172\/revisions"}],"predecessor-version":[{"id":173,"href":"https:\/\/hoyre.no\/orsta\/wp-json\/wp\/v2\/pages\/172\/revisions\/173"}],"wp:attachment":[{"href":"https:\/\/hoyre.no\/orsta\/wp-json\/wp\/v2\/media?parent=172"}],"curies":[{"name":"wp","href":"https:\/\/api.w.org\/{rel}","templated":true}]}}