{"id":219,"date":"2023-03-08T14:30:56","date_gmt":"2023-03-08T13:30:56","guid":{"rendered":"https:\/\/hoyre.no\/orsta\/?page_id=219"},"modified":"2025-02-11T19:21:10","modified_gmt":"2025-02-11T18:21:10","slug":"orsta-hogrepartiprogram-2024-2027","status":"publish","type":"page","link":"https:\/\/hoyre.no\/orsta\/orsta-hogrepartiprogram-2024-2027\/","title":{"rendered":"\u00d8rsta H\u00f8gre sitt partiprogram 2023-2027"},"content":{"rendered":"\n<div class=\"wp-block-hoyre-hero with-image-gradient text-color-light  has-media alignfull has-background\"><div class=\"hoyre-hero has-image\"><h1 class=\"title\"><strong>\u00d8rsta H\u00f8gre<\/strong><br><strong>partiprogram <\/strong><br><strong>2023 &#8211; 2027<\/strong><\/h1><figure class=\"hoyre-image-wrapper\"><div class=\"hoyre-image\"><img loading=\"lazy\" decoding=\"async\" width=\"2500\" height=\"948\" src=\"https:\/\/hoyre.no\/content\/uploads\/sites\/88\/2023\/04\/Orsta-scaled.jpg\" class=\"attachment-scaled size-scaled\" alt=\"\" style=\"object-position: 45% 48%\" srcset=\"https:\/\/hoyre.no\/content\/uploads\/sites\/88\/2023\/04\/Orsta-scaled.jpg 2500w, https:\/\/hoyre.no\/content\/uploads\/sites\/88\/2023\/04\/Orsta-300x114.jpg 300w, https:\/\/hoyre.no\/content\/uploads\/sites\/88\/2023\/04\/Orsta-1024x388.jpg 1024w, https:\/\/hoyre.no\/content\/uploads\/sites\/88\/2023\/04\/Orsta-768x291.jpg 768w, https:\/\/hoyre.no\/content\/uploads\/sites\/88\/2023\/04\/Orsta-1536x582.jpg 1536w, https:\/\/hoyre.no\/content\/uploads\/sites\/88\/2023\/04\/Orsta-2048x776.jpg 2048w\" sizes=\"auto, (max-width: 2500px) 100vw, 2500px\" \/><\/div><\/figure><\/div><\/div>\n\n\n\n\n<h2 class=\"wp-block-heading\">Kj\u00e6re veljar, det er ditt val!<\/h2>\n\n\n\n<p>\u00d8rsta er ei god kommune \u00e5 bu og vekse opp i, og slik vil vi i H\u00f8gre at ogs\u00e5 skal vere framover. Difor har vi laga eit program som vi meiner har dei beste l\u00f8ysningane for deg som innbyggar. For H\u00f8gre er det eit mantra at det skal v\u00e6re moglegheiter for alle. Det gjeld b\u00e5de innan verdiskaping, skule, helsetilbod eller utanforskap, for vi vil at alle skal f\u00e5 ta del med dei f\u00f8resetnadane ein har.<\/p>\n\n\n\n<p>\u00d8rsta er ei kommune med store moglegheiter, men utan trygge- og attraktive arbeidsplassar,&nbsp; gode oppvekstvilk\u00e5r, gode kommunale tenester, utdanning, kulturtilbod og mangfald vil vi ikkje klare oss i konkurransen om \u00e5 halde p\u00e5 ungdommen og n\u00e6ringslivet.<\/p>\n\n\n\n<p>I H\u00f8gre s\u00e5 meiner vi at det er viktig \u00e5 ha eit stekt n\u00e6ringsliv, fordi det gir verdiskaping og skatteinntekter som gjer at vi kan utvikle gode velferdsordningar. D\u00e5 m\u00e5 vi ha f\u00f8reseielege vilk\u00e5r som st\u00e5r seg over tid, og ikkje br\u00e5e endringar i n\u00e6rings- og skattepolitikken.<\/p>\n\n\n\n<p>Vi er inne i ei tid med store utfordringar innan energi, klima, natur og milj\u00f8. I tillegg har vi ein aggressive krig i Ukraina som pregar oss og gir oss ekstra utfordringar med flyktningar som vi m\u00e5 ta vare p\u00e5. Det utfordrar oss b\u00e5de innan \u00f8konomi og beredskap. Det krev ein st\u00f8dig politikk og god styring av \u00d8rsta. I H\u00f8gre meiner vi at vi har den politikken og dei kandidatane som best kan styre oss gjennom dei neste 4 \u00e5ra.<\/p>\n\n\n\n<p>Du finn meir om kva vi st\u00e5r for i programmet.&nbsp;<\/p>\n\n\n\n<p>Lykke til, vi vil ha deg med p\u00e5 laget!<\/p>\n\n\n\n<p>Per Are S\u00f8rheim, ordf\u00f8rarkandidat<\/p>\n\n\n\n<h2 class=\"wp-block-heading\">Innhald<\/h2>\n\n\n\n<p class=\"is-style-default\">Klikk p\u00e5 overskrifta for \u00e5 lese meir.<\/p>\n\n\n\n<p class=\"is-style-large\"><strong><a href=\"https:\/\/hoyre.no\/orsta\/oppvekst-og-laering\/\">Oppvekst og l\u00e6ring<\/a><\/strong><\/p>\n\n\n\n<ul class=\"wp-block-list\">\n<li>Ein meir familievennleg barnehage<\/li>\n\n\n\n<li>Ein skule der alle kan lukkast<\/li>\n\n\n\n<li>Born og unge skal ha ein trygg oppvekst<\/li>\n<\/ul>\n\n\n\n<p class=\"is-style-large\"><strong><a href=\"https:\/\/hoyre.no\/orsta\/helse-og-omsorg\/\">Helse og omsorg<\/a><\/strong><\/p>\n\n\n\n<ul class=\"wp-block-list\">\n<li>Det skal vere trygt \u00e5 bli gammal i \u00d8rsta<\/li>\n\n\n\n<li>Andre med helse- og omsorgsbehov<\/li>\n\n\n\n<li>Styrk tilbod til dei som slit med psykisk helse og rus<\/li>\n\n\n\n<li>Folkehelse<\/li>\n<\/ul>\n\n\n\n<p class=\"is-style-large\"><strong><a href=\"https:\/\/hoyre.no\/orsta\/kultur-idrett-og-frivillige-organisasjonar\/\">Frivilligheit<\/a><\/strong><\/p>\n\n\n\n<ul class=\"wp-block-list\">\n<li>Kultur, idrett og frivillige organisasjonar<\/li>\n<\/ul>\n\n\n\n<p class=\"is-style-large\"><strong><a href=\"https:\/\/hoyre.no\/orsta\/naering-og-samfunnsutvikling\/\">N\u00e6ring- og samfunnsutvikling<\/a><\/strong><\/p>\n\n\n\n<ul class=\"wp-block-list\">\n<li>\u00d8rsta \u2013 regionsenter p\u00e5 s\u00f8re Sunnm\u00f8re<\/li>\n\n\n\n<li>Vi er p\u00e5 lag med dei som skaper arbeidsplassar<\/li>\n\n\n\n<li>Samferdsel og kollektivsatsingar<\/li>\n<\/ul>\n\n\n\n<p class=\"is-style-large\"><strong><a href=\"https:\/\/hoyre.no\/orsta\/energi-klima-og-miljo\/\">Energi, klima og milj\u00f8<\/a><\/strong><\/p>\n\n\n\n<ul class=\"wp-block-list\">\n<li>Energi, klima og milj\u00f8<\/li>\n<\/ul>\n\n\n\n<p class=\"is-style-large\"><strong><a href=\"https:\/\/hoyre.no\/orsta\/ein-serviceorientert-og-effektiv-kommune\/\">\u00d8rsta kommune<\/a><\/strong><\/p>\n\n\n\n<ul class=\"wp-block-list\">\n<li>Ja-kommune<\/li>\n\n\n\n<li>Trygg \u00f8konomisk styring<\/li>\n\n\n\n<li>Betre beredskap gir auka tryggleik<\/li>\n\n\n\n<li>Til medarbeidarane i \u00d8rsta kommune<\/li>\n<\/ul>\n\n","protected":false},"excerpt":{"rendered":"","protected":false},"author":30082,"featured_media":0,"parent":0,"menu_order":0,"comment_status":"closed","ping_status":"closed","template":"","meta":{"teft_cards_image_url":"","teft_cards_custom_pretitle":"","teft_cards_image_id":0,"teft_cards_image_focal_point_x":0,"teft_cards_image_focal_point_y":0,"teft_cards_title":"","teft_cards_excerpt":"","teft_show_chapters":false,"footnotes":""},"class_list":["post-219","page","type-page","status-publish","hentry"],"yoast_head":"<!-- This site is optimized with the Yoast SEO plugin v26.6 - https:\/\/yoast.com\/wordpress\/plugins\/seo\/ -->\n<title>\u00d8rsta H\u00f8gre sitt partiprogram 2023-2027 - \u00d8rsta H\u00f8gre<\/title>\n<meta name=\"robots\" content=\"index, follow, max-snippet:-1, max-image-preview:large, max-video-preview:-1\" \/>\n<link rel=\"canonical\" href=\"https:\/\/hoyre.no\/orsta\/orsta-hogrepartiprogram-2024-2027\/\" \/>\n<meta property=\"og:locale\" content=\"nn_NO\" \/>\n<meta property=\"og:type\" content=\"article\" \/>\n<meta property=\"og:title\" content=\"\u00d8rsta H\u00f8gre sitt partiprogram 2023-2027 - \u00d8rsta H\u00f8gre\" \/>\n<meta property=\"og:url\" content=\"https:\/\/hoyre.no\/orsta\/orsta-hogrepartiprogram-2024-2027\/\" \/>\n<meta property=\"og:site_name\" content=\"\u00d8rsta H\u00f8gre\" \/>\n<meta property=\"article:modified_time\" content=\"2025-02-11T18:21:10+00:00\" \/>\n<meta property=\"og:image\" content=\"https:\/\/hoyre.no\/content\/uploads\/sites\/88\/2022\/11\/Hoyres-logo.png\" \/>\n\t<meta property=\"og:image:width\" content=\"1000\" \/>\n\t<meta property=\"og:image:height\" content=\"1000\" \/>\n\t<meta property=\"og:image:type\" content=\"image\/png\" \/>\n<meta name=\"twitter:card\" content=\"summary_large_image\" \/>\n<meta name=\"twitter:label1\" content=\"Est. reading time\" \/>\n\t<meta name=\"twitter:data1\" content=\"3 minutt\" \/>\n<script type=\"application\/ld+json\" class=\"yoast-schema-graph\">{\"@context\":\"https:\/\/schema.org\",\"@graph\":[{\"@type\":\"WebPage\",\"@id\":\"https:\/\/hoyre.no\/orsta\/orsta-hogrepartiprogram-2024-2027\/\",\"url\":\"https:\/\/hoyre.no\/orsta\/orsta-hogrepartiprogram-2024-2027\/\",\"name\":\"\u00d8rsta H\u00f8gre sitt partiprogram 2023-2027 - \u00d8rsta H\u00f8gre\",\"isPartOf\":{\"@id\":\"https:\/\/hoyre.no\/orsta\/#website\"},\"datePublished\":\"2023-03-08T13:30:56+00:00\",\"dateModified\":\"2025-02-11T18:21:10+00:00\",\"breadcrumb\":{\"@id\":\"https:\/\/hoyre.no\/orsta\/orsta-hogrepartiprogram-2024-2027\/#breadcrumb\"},\"inLanguage\":\"nn-NO\",\"potentialAction\":[{\"@type\":\"ReadAction\",\"target\":[\"https:\/\/hoyre.no\/orsta\/orsta-hogrepartiprogram-2024-2027\/\"]}]},{\"@type\":\"BreadcrumbList\",\"@id\":\"https:\/\/hoyre.no\/orsta\/orsta-hogrepartiprogram-2024-2027\/#breadcrumb\",\"itemListElement\":[{\"@type\":\"ListItem\",\"position\":1,\"name\":\"Til hoyre.no\",\"item\":\"https:\/\/hoyre.no\"},{\"@type\":\"ListItem\",\"position\":2,\"name\":\"Hjem\",\"item\":\"https:\/\/hoyre.no\/orsta\/\"},{\"@type\":\"ListItem\",\"position\":3,\"name\":\"\u00d8rsta H\u00f8gre sitt partiprogram 2023-2027\"}]},{\"@type\":\"WebSite\",\"@id\":\"https:\/\/hoyre.no\/orsta\/#website\",\"url\":\"https:\/\/hoyre.no\/orsta\/\",\"name\":\"\u00d8rsta H\u00f8gre\",\"description\":\"Bare enda et H\u00f8yres nettsteder-nettsted\",\"inLanguage\":\"nn-NO\"}]}<\/script>\n<!-- \/ Yoast SEO plugin. -->","yoast_head_json":{"title":"\u00d8rsta H\u00f8gre sitt partiprogram 2023-2027 - \u00d8rsta H\u00f8gre","robots":{"index":"index","follow":"follow","max-snippet":"max-snippet:-1","max-image-preview":"max-image-preview:large","max-video-preview":"max-video-preview:-1"},"canonical":"https:\/\/hoyre.no\/orsta\/orsta-hogrepartiprogram-2024-2027\/","og_locale":"nn_NO","og_type":"article","og_title":"\u00d8rsta H\u00f8gre sitt partiprogram 2023-2027 - \u00d8rsta H\u00f8gre","og_url":"https:\/\/hoyre.no\/orsta\/orsta-hogrepartiprogram-2024-2027\/","og_site_name":"\u00d8rsta H\u00f8gre","article_modified_time":"2025-02-11T18:21:10+00:00","og_image":[{"width":1000,"height":1000,"url":"https:\/\/hoyre.no\/content\/uploads\/sites\/88\/2022\/11\/Hoyres-logo.png","type":"image\/png"}],"twitter_card":"summary_large_image","twitter_misc":{"Est. reading time":"3 minutt"},"schema":{"@context":"https:\/\/schema.org","@graph":[{"@type":"WebPage","@id":"https:\/\/hoyre.no\/orsta\/orsta-hogrepartiprogram-2024-2027\/","url":"https:\/\/hoyre.no\/orsta\/orsta-hogrepartiprogram-2024-2027\/","name":"\u00d8rsta H\u00f8gre sitt partiprogram 2023-2027 - \u00d8rsta H\u00f8gre","isPartOf":{"@id":"https:\/\/hoyre.no\/orsta\/#website"},"datePublished":"2023-03-08T13:30:56+00:00","dateModified":"2025-02-11T18:21:10+00:00","breadcrumb":{"@id":"https:\/\/hoyre.no\/orsta\/orsta-hogrepartiprogram-2024-2027\/#breadcrumb"},"inLanguage":"nn-NO","potentialAction":[{"@type":"ReadAction","target":["https:\/\/hoyre.no\/orsta\/orsta-hogrepartiprogram-2024-2027\/"]}]},{"@type":"BreadcrumbList","@id":"https:\/\/hoyre.no\/orsta\/orsta-hogrepartiprogram-2024-2027\/#breadcrumb","itemListElement":[{"@type":"ListItem","position":1,"name":"Til hoyre.no","item":"https:\/\/hoyre.no"},{"@type":"ListItem","position":2,"name":"Hjem","item":"https:\/\/hoyre.no\/orsta\/"},{"@type":"ListItem","position":3,"name":"\u00d8rsta H\u00f8gre sitt partiprogram 2023-2027"}]},{"@type":"WebSite","@id":"https:\/\/hoyre.no\/orsta\/#website","url":"https:\/\/hoyre.no\/orsta\/","name":"\u00d8rsta H\u00f8gre","description":"Bare enda et H\u00f8yres nettsteder-nettsted","inLanguage":"nn-NO"}]}},"distributor_meta":false,"distributor_terms":false,"distributor_media":false,"distributor_original_site_name":"\u00d8rsta H\u00f8gre","distributor_original_site_url":"https:\/\/hoyre.no\/orsta","push-errors":false,"_links":{"self":[{"href":"https:\/\/hoyre.no\/orsta\/wp-json\/wp\/v2\/pages\/219","targetHints":{"allow":["GET"]}}],"collection":[{"href":"https:\/\/hoyre.no\/orsta\/wp-json\/wp\/v2\/pages"}],"about":[{"href":"https:\/\/hoyre.no\/orsta\/wp-json\/wp\/v2\/types\/page"}],"author":[{"embeddable":true,"href":"https:\/\/hoyre.no\/orsta\/wp-json\/wp\/v2\/users\/30082"}],"replies":[{"embeddable":true,"href":"https:\/\/hoyre.no\/orsta\/wp-json\/wp\/v2\/comments?post=219"}],"version-history":[{"count":10,"href":"https:\/\/hoyre.no\/orsta\/wp-json\/wp\/v2\/pages\/219\/revisions"}],"predecessor-version":[{"id":609,"href":"https:\/\/hoyre.no\/orsta\/wp-json\/wp\/v2\/pages\/219\/revisions\/609"}],"wp:attachment":[{"href":"https:\/\/hoyre.no\/orsta\/wp-json\/wp\/v2\/media?parent=219"}],"curies":[{"name":"wp","href":"https:\/\/api.w.org\/{rel}","templated":true}]}}