{"id":221,"date":"2023-03-08T14:16:51","date_gmt":"2023-03-08T13:16:51","guid":{"rendered":"https:\/\/hoyre.no\/orsta\/?page_id=221"},"modified":"2023-08-21T12:25:30","modified_gmt":"2023-08-21T10:25:30","slug":"oppvekst-og-laering","status":"publish","type":"page","link":"https:\/\/hoyre.no\/orsta\/oppvekst-og-laering\/","title":{"rendered":"Oppvekst og l\u00e6ring"},"content":{"rendered":"\n<div class=\"wp-block-hoyre-hero with-image-gradient text-color-light  has-media alignfull has-background\"><div class=\"hoyre-hero has-image\"><h1 class=\"title\">Oppvekst og l\u00e6ring<\/h1><figure class=\"hoyre-image-wrapper\"><div class=\"hoyre-image\"><img loading=\"lazy\" decoding=\"async\" width=\"2500\" height=\"1667\" src=\"https:\/\/hoyre.no\/content\/uploads\/sites\/88\/2023\/08\/GettyImages-1269296368-scaled.jpg\" class=\"attachment-scaled size-scaled\" alt=\"\" style=\"object-position: 50% 50%\" srcset=\"https:\/\/hoyre.no\/content\/uploads\/sites\/88\/2023\/08\/GettyImages-1269296368-scaled.jpg 2500w, https:\/\/hoyre.no\/content\/uploads\/sites\/88\/2023\/08\/GettyImages-1269296368-300x200.jpg 300w, https:\/\/hoyre.no\/content\/uploads\/sites\/88\/2023\/08\/GettyImages-1269296368-1024x683.jpg 1024w, https:\/\/hoyre.no\/content\/uploads\/sites\/88\/2023\/08\/GettyImages-1269296368-768x512.jpg 768w, https:\/\/hoyre.no\/content\/uploads\/sites\/88\/2023\/08\/GettyImages-1269296368-1536x1024.jpg 1536w, https:\/\/hoyre.no\/content\/uploads\/sites\/88\/2023\/08\/GettyImages-1269296368-2048x1365.jpg 2048w\" sizes=\"auto, (max-width: 2500px) 100vw, 2500px\" \/><\/div><\/figure><\/div><\/div>\n\n\n\n\n<h2 class=\"wp-block-heading\">Ein meir familievennleg barnehage<\/h2>\n\n\n\n<p>Barnehagane i \u00d8rsta skal gjere borna trygge og stimulere til leik og l\u00e6ring. Det er i barnehagen at ein utviklar spr\u00e5k og sosialt samspel. Barnehagane skal gi dei eldste borna eit godt utgangspunkt for ein god overgang til skulen.<\/p>\n\n\n\n<p><strong>H\u00f8gre vil:<\/strong><\/p>\n\n\n\n<ul class=\"wp-block-list\"><li>Ha opningstider i barnehagane som er tilpassa barnefamiliane sine behov.<\/li><li>Ha eit meir fleksibelt barnehageopptak og tilby plass n\u00e6r der du bur.<\/li><li>Legge til rette for tidleg innsats alt i barnehagen, og f\u00e5 ein god overgang til skulen.<\/li><li>Legge til rette for at barnehagetilsette har god kompetanse og f\u00e5r etter- og vidareutdanning.<\/li><li>Ha ein ny barnehage i sentrum, men vi \u00f8nskjer \u00e5 f\u00e5 vurdert om vi kan realisere den raskare og rimelegare ved ei privat utbygging.<\/li><li>Ha likehandsaming mellom offentlege og ideelle barnehageeigarar.<\/li><\/ul>\n\n\n\n<h2 class=\"wp-block-heading\">Ein skule der alle kan lukkast<\/h2>\n\n\n\n<p>H\u00f8gre sitt m\u00e5l er ein skule som legg vekt p\u00e5 fagleg og sosial meistring. Skulen skal sj\u00e5 kvar elev, og gi dei like moglegheiter til \u00e5 utvikle evnene og realisere draumane sine. Vi vil prioritere tidleg innsats, fleire dyktige l\u00e6rarar og milj\u00f8arbeidarar, og gode skulebygg.<\/p>\n\n\n\n<p>Dyktige og motiverte l\u00e6rarar er den viktigaste enkeltfaktoren for \u00e5 skape ein god skule. Det er difor viktig \u00e5 gi l\u00e6rarane naudsynt st\u00f8tte, og fagleg utvikling.<\/p>\n\n\n\n<p>Utdanning og gode skular er det viktigaste verkt\u00f8yet vi har for \u00e5 &nbsp;utjamne sosiale ulikskapar og ein veg til arbeid, bustad og inkludering. H\u00f8gre sitt m\u00e5l er at skulen skal legge til rette for livslang l\u00e6ring og tilpasse seg eit arbeidsliv i endring.<\/p>\n\n\n\n<p><strong>H\u00f8gre vil:<\/strong><\/p>\n\n\n\n<ul class=\"wp-block-list\"><li>F\u00f8lgje opp bygginga av ein ny skule p\u00e5 Velle for 5-7 klasse. Det er i sentrum barnetalet aukar mest og plassbehovet er st\u00f8rst.<\/li><li>F\u00e5 ein realistisk plan for oppussing av Hovden skule, Vikemarka skule og Vartdal skule og bygging av ein ny felles skule p\u00e5 Legene.<\/li><li>Legge til rette for at l\u00e6rarane og milj\u00f8arbeidarane f\u00e5r h\u00f8ve til utvikling og fordjuping innan sine fagfelt.<\/li><li>Ta ei rolle som ein tydeleg skuleeigar med klare m\u00e5l for l\u00e6ring og utvikling.<\/li><li>Bruke resultat fr\u00e5 nasjonale pr\u00f8ver og eksamen til \u00e5 styrke l\u00e6ringa p\u00e5 kvar enkelt skule.<\/li><li>S\u00f8rge for tidleg innsats i lesing, skriving og rekning tidleg i skulel\u00f8pet<\/li><li>Styrke spesialundervisninga for elevar med store \u00e5tferdsvanskar<\/li><li>At ungdomsskulane kan tilby alternativ undervisning og ulike valfag som passar \u00aballe\u00bb.<\/li><li>Utvikle eit \u201cteknologi-senter\u201d til skulebruk i \u00d8rstahallen.<\/li><li>Ha nulltoleranse mot mobbing.<\/li><li>Arbeide for trygge skulevegar i heile kommunen<\/li><li>Arbeide for at M&amp;R-fylke realiserer vedtaket om \u00e5 bygge ein ny vidareg\u00e5ande skule i \u00d8rsta.<\/li><\/ul>\n\n\n\n<h2 class=\"wp-block-heading\">Born og unge skal ha ein trygg oppvekst.<\/h2>\n\n\n\n<p>Familien har ansvaret for \u00e5 gi born og unge ein god og trygg oppvekst. Kommunen og det offentlege skal, n\u00e5r det er naudsynt, prim\u00e6rt st\u00f8tte, og ikkje styre familiane. Nokre barn og unge har utfordringar og lever under forhold som kan vere skadeleg om dei ikkje f\u00e5r hjelp. Barneverntenestene skal gi naudsynt hjelp, omsorg og sikre ein trygg oppvekst til born og unge som treng det.&nbsp;&nbsp;<\/p>\n\n\n\n<p><strong>H\u00f8gre vil:<\/strong><\/p>\n\n\n\n<ul class=\"wp-block-list\"><li>Styrke \u00f8konomien til barnefamiliane og auke barnetrygda. Dette er ei nasjonal m\u00e5lsetjing.<\/li><li>Utarbeide ein handlingsplan for barn og unge sin oppvekst, der tiltak for l\u00e5ginntekts-familiar blir vurderte.<\/li><li>Sikre at barneverntenestene har nok ressursar til \u00e5 tilby eit forsvarleg hjelpetilbod.<\/li><li>Styrke helsestasjonen for ungdom og ha tilgjengelege helsesjukepleiarar ute p\u00e5 skulane.<\/li><li>Arbeide for ei betre koordinering mellom skule \/ barnehagar og det interkommunale barnevernet og PPT (Pedagogisk psykologisk tenester).<\/li><\/ul>\n\n","protected":false},"excerpt":{"rendered":"","protected":false},"author":30082,"featured_media":0,"parent":0,"menu_order":0,"comment_status":"closed","ping_status":"closed","template":"","meta":{"teft_cards_image_url":"","teft_cards_custom_pretitle":"","teft_cards_image_id":0,"teft_cards_image_focal_point_x":0,"teft_cards_image_focal_point_y":0,"teft_cards_title":"","teft_cards_excerpt":"","teft_show_chapters":false,"footnotes":""},"class_list":["post-221","page","type-page","status-publish","hentry"],"yoast_head":"<!-- This site is optimized with the Yoast SEO plugin v26.6 - https:\/\/yoast.com\/wordpress\/plugins\/seo\/ -->\n<title>Oppvekst og l\u00e6ring - \u00d8rsta H\u00f8gre<\/title>\n<meta name=\"robots\" content=\"index, follow, max-snippet:-1, max-image-preview:large, max-video-preview:-1\" \/>\n<link rel=\"canonical\" href=\"https:\/\/hoyre.no\/orsta\/oppvekst-og-laering\/\" \/>\n<meta property=\"og:locale\" content=\"nn_NO\" \/>\n<meta property=\"og:type\" content=\"article\" \/>\n<meta property=\"og:title\" content=\"Oppvekst og l\u00e6ring - \u00d8rsta H\u00f8gre\" \/>\n<meta property=\"og:url\" content=\"https:\/\/hoyre.no\/orsta\/oppvekst-og-laering\/\" \/>\n<meta property=\"og:site_name\" content=\"\u00d8rsta H\u00f8gre\" \/>\n<meta property=\"article:modified_time\" content=\"2023-08-21T10:25:30+00:00\" \/>\n<meta property=\"og:image\" content=\"https:\/\/hoyre.no\/content\/uploads\/sites\/88\/2022\/11\/Hoyres-logo.png\" \/>\n\t<meta property=\"og:image:width\" content=\"1000\" \/>\n\t<meta property=\"og:image:height\" content=\"1000\" \/>\n\t<meta property=\"og:image:type\" content=\"image\/png\" \/>\n<meta name=\"twitter:card\" content=\"summary_large_image\" \/>\n<meta name=\"twitter:label1\" content=\"Est. reading time\" \/>\n\t<meta name=\"twitter:data1\" content=\"4 minutt\" \/>\n<script type=\"application\/ld+json\" class=\"yoast-schema-graph\">{\"@context\":\"https:\/\/schema.org\",\"@graph\":[{\"@type\":\"WebPage\",\"@id\":\"https:\/\/hoyre.no\/orsta\/oppvekst-og-laering\/\",\"url\":\"https:\/\/hoyre.no\/orsta\/oppvekst-og-laering\/\",\"name\":\"Oppvekst og l\u00e6ring - \u00d8rsta H\u00f8gre\",\"isPartOf\":{\"@id\":\"https:\/\/hoyre.no\/orsta\/#website\"},\"datePublished\":\"2023-03-08T13:16:51+00:00\",\"dateModified\":\"2023-08-21T10:25:30+00:00\",\"breadcrumb\":{\"@id\":\"https:\/\/hoyre.no\/orsta\/oppvekst-og-laering\/#breadcrumb\"},\"inLanguage\":\"nn-NO\",\"potentialAction\":[{\"@type\":\"ReadAction\",\"target\":[\"https:\/\/hoyre.no\/orsta\/oppvekst-og-laering\/\"]}]},{\"@type\":\"BreadcrumbList\",\"@id\":\"https:\/\/hoyre.no\/orsta\/oppvekst-og-laering\/#breadcrumb\",\"itemListElement\":[{\"@type\":\"ListItem\",\"position\":1,\"name\":\"Til hoyre.no\",\"item\":\"https:\/\/hoyre.no\"},{\"@type\":\"ListItem\",\"position\":2,\"name\":\"Hjem\",\"item\":\"https:\/\/hoyre.no\/orsta\/\"},{\"@type\":\"ListItem\",\"position\":3,\"name\":\"Oppvekst og l\u00e6ring\"}]},{\"@type\":\"WebSite\",\"@id\":\"https:\/\/hoyre.no\/orsta\/#website\",\"url\":\"https:\/\/hoyre.no\/orsta\/\",\"name\":\"\u00d8rsta H\u00f8gre\",\"description\":\"Bare enda et H\u00f8yres nettsteder-nettsted\",\"inLanguage\":\"nn-NO\"}]}<\/script>\n<!-- \/ Yoast SEO plugin. -->","yoast_head_json":{"title":"Oppvekst og l\u00e6ring - \u00d8rsta H\u00f8gre","robots":{"index":"index","follow":"follow","max-snippet":"max-snippet:-1","max-image-preview":"max-image-preview:large","max-video-preview":"max-video-preview:-1"},"canonical":"https:\/\/hoyre.no\/orsta\/oppvekst-og-laering\/","og_locale":"nn_NO","og_type":"article","og_title":"Oppvekst og l\u00e6ring - \u00d8rsta H\u00f8gre","og_url":"https:\/\/hoyre.no\/orsta\/oppvekst-og-laering\/","og_site_name":"\u00d8rsta H\u00f8gre","article_modified_time":"2023-08-21T10:25:30+00:00","og_image":[{"width":1000,"height":1000,"url":"https:\/\/hoyre.no\/content\/uploads\/sites\/88\/2022\/11\/Hoyres-logo.png","type":"image\/png"}],"twitter_card":"summary_large_image","twitter_misc":{"Est. reading time":"4 minutt"},"schema":{"@context":"https:\/\/schema.org","@graph":[{"@type":"WebPage","@id":"https:\/\/hoyre.no\/orsta\/oppvekst-og-laering\/","url":"https:\/\/hoyre.no\/orsta\/oppvekst-og-laering\/","name":"Oppvekst og l\u00e6ring - \u00d8rsta H\u00f8gre","isPartOf":{"@id":"https:\/\/hoyre.no\/orsta\/#website"},"datePublished":"2023-03-08T13:16:51+00:00","dateModified":"2023-08-21T10:25:30+00:00","breadcrumb":{"@id":"https:\/\/hoyre.no\/orsta\/oppvekst-og-laering\/#breadcrumb"},"inLanguage":"nn-NO","potentialAction":[{"@type":"ReadAction","target":["https:\/\/hoyre.no\/orsta\/oppvekst-og-laering\/"]}]},{"@type":"BreadcrumbList","@id":"https:\/\/hoyre.no\/orsta\/oppvekst-og-laering\/#breadcrumb","itemListElement":[{"@type":"ListItem","position":1,"name":"Til hoyre.no","item":"https:\/\/hoyre.no"},{"@type":"ListItem","position":2,"name":"Hjem","item":"https:\/\/hoyre.no\/orsta\/"},{"@type":"ListItem","position":3,"name":"Oppvekst og l\u00e6ring"}]},{"@type":"WebSite","@id":"https:\/\/hoyre.no\/orsta\/#website","url":"https:\/\/hoyre.no\/orsta\/","name":"\u00d8rsta H\u00f8gre","description":"Bare enda et H\u00f8yres nettsteder-nettsted","inLanguage":"nn-NO"}]}},"distributor_meta":false,"distributor_terms":false,"distributor_media":false,"distributor_original_site_name":"\u00d8rsta H\u00f8gre","distributor_original_site_url":"https:\/\/hoyre.no\/orsta","push-errors":false,"_links":{"self":[{"href":"https:\/\/hoyre.no\/orsta\/wp-json\/wp\/v2\/pages\/221","targetHints":{"allow":["GET"]}}],"collection":[{"href":"https:\/\/hoyre.no\/orsta\/wp-json\/wp\/v2\/pages"}],"about":[{"href":"https:\/\/hoyre.no\/orsta\/wp-json\/wp\/v2\/types\/page"}],"author":[{"embeddable":true,"href":"https:\/\/hoyre.no\/orsta\/wp-json\/wp\/v2\/users\/30082"}],"replies":[{"embeddable":true,"href":"https:\/\/hoyre.no\/orsta\/wp-json\/wp\/v2\/comments?post=221"}],"version-history":[{"count":4,"href":"https:\/\/hoyre.no\/orsta\/wp-json\/wp\/v2\/pages\/221\/revisions"}],"predecessor-version":[{"id":520,"href":"https:\/\/hoyre.no\/orsta\/wp-json\/wp\/v2\/pages\/221\/revisions\/520"}],"wp:attachment":[{"href":"https:\/\/hoyre.no\/orsta\/wp-json\/wp\/v2\/media?parent=221"}],"curies":[{"name":"wp","href":"https:\/\/api.w.org\/{rel}","templated":true}]}}