{"id":231,"date":"2023-03-08T14:29:41","date_gmt":"2023-03-08T13:29:41","guid":{"rendered":"https:\/\/hoyre.no\/orsta\/?page_id=231"},"modified":"2023-04-19T20:27:47","modified_gmt":"2023-04-19T18:27:47","slug":"helse-og-omsorg","status":"publish","type":"page","link":"https:\/\/hoyre.no\/orsta\/helse-og-omsorg\/","title":{"rendered":"Helse og omsorg"},"content":{"rendered":"\n<div class=\"wp-block-hoyre-hero with-image-gradient text-color-light  has-media alignfull has-background\"><div class=\"hoyre-hero has-image\"><h1 class=\"title\">Helse og omsorg<\/h1><figure class=\"hoyre-image-wrapper\"><div class=\"hoyre-image\"><img loading=\"lazy\" decoding=\"async\" width=\"2500\" height=\"1668\" src=\"https:\/\/hoyre.no\/content\/uploads\/sites\/88\/2023\/03\/GettyImages-649145266-scaled.jpg\" class=\"attachment-scaled size-scaled\" alt=\"\" style=\"object-position: 50% 50%\" srcset=\"https:\/\/hoyre.no\/content\/uploads\/sites\/88\/2023\/03\/GettyImages-649145266-scaled.jpg 2500w, https:\/\/hoyre.no\/content\/uploads\/sites\/88\/2023\/03\/GettyImages-649145266-300x200.jpg 300w, https:\/\/hoyre.no\/content\/uploads\/sites\/88\/2023\/03\/GettyImages-649145266-1024x683.jpg 1024w, https:\/\/hoyre.no\/content\/uploads\/sites\/88\/2023\/03\/GettyImages-649145266-768x513.jpg 768w, https:\/\/hoyre.no\/content\/uploads\/sites\/88\/2023\/03\/GettyImages-649145266-1536x1025.jpg 1536w, https:\/\/hoyre.no\/content\/uploads\/sites\/88\/2023\/03\/GettyImages-649145266-2048x1367.jpg 2048w\" sizes=\"auto, (max-width: 2500px) 100vw, 2500px\" \/><\/div><\/figure><\/div><\/div>\n\n\n\n\n<h2 class=\"wp-block-heading\">Helse og omsorg<\/h2>\n\n\n\n<h2 class=\"wp-block-heading\"><strong>Det skal vere trygt \u00e5 bli gammal i \u00d8rsta<\/strong><\/h2>\n\n\n\n<p>H\u00f8gre vil arbeide for at eldre kan ha eit aktivt og sosialt liv og legge til rette for fleire gode aldersvennlege m\u00f8teplassar. Det skal leggast til rette for fleire sentrumsn\u00e6re bustader, med livsl\u00f8p standar.<\/p>\n\n\n\n<p>H\u00f8gre \u00f8nskjer \u00e5 ta i bruk alle gode krefter for \u00e5 bygge eit best mogleg tenestetilbod. Pleietrengande eldre skal m\u00f8te ein kompetent og kvalifisert helseteneste. Dei eldre skal f\u00e5 v\u00e6re sjef i eige liv og sj\u00f8lv f\u00e5 velje mellom kommunale eller private tenester.<\/p>\n\n\n\n<p><strong>H\u00f8gre vil:<\/strong><\/p>\n\n\n\n<ul class=\"wp-block-list\"><li>At alle som har rett p\u00e5 ein sjukeheimsplass, skal ha ein.<\/li><li>At \u00d8rsta skal ha sjukeheim- og omsorgsplassar tilpassa ulike pleiebehov. Her skal vi nytte institusjonane p\u00e5 Vartdal, S\u00e6b\u00f8 og i \u00d8rsta.<\/li><li>Tilby ektepar og sambuarar, som har f\u00e5tt sjukeheimsplass, \u00e5 f\u00e5 bu saman.<\/li><li>Arbeide for \u00e5 f\u00e5 bygd ut sjukeheimsplassar i 3 etasje p\u00e5 \u00d8rstaheimen.<\/li><li>N\u00e5r tilskotsordning for utbygging av sjukeheimsplassar er p\u00e5 plass, s\u00e5 vil vi s\u00f8kje om ombygging av einerom i 2. etasje og kj\u00f8kkenet p\u00e5 \u00d8rstaheimen.<\/li><li>Vere positive til at andre enn kommunen kan eige og drive ulike helse- og omsorgstenester i \u00d8rsta.<\/li><li>Legge til rette for at dei som \u00f8nskjer det kan bu heime, sj\u00f8lv om dei har eit pleiebehov. Det betyr at vi m\u00e5 tilby god og rett omsorg n\u00e5r behova oppst\u00e5r.<\/li><li>Styrke arbeidet med kvardagsrehabilitering og organisere omsorgstenestene i tr\u00e5d med LEON-prinsippet (L\u00e5gaste effektive omsorgsniv\u00e5).<\/li><li>Ta i bruk velferdsteknologi for \u00e5 sikre betre tenestetilbod og frigi tid til dei \u201cvarme hendene\u201d.<\/li><li>Respektere brukarane sine val, og opne for meir valfridom i omsorga. Fritt brukarval i heimetenesta m\u00e5 utgreiast.<\/li><li>Styrke samarbeidet med dei p\u00e5r\u00f8rande, etablere p\u00e5r\u00f8randekontaktar og tilby dei p\u00e5r\u00f8rande oppl\u00e6ring der det er eit behov.<\/li><li>Legge til rette for ein heiltidskultur i helse- og omsorgssektoren for dei som \u00f8nskjer det.<\/li><li>Ha eit sterkt fokus p\u00e5 kvalitetsm\u00e5la i omsorgstenesta. Kunnskap er ein n\u00f8kkelfaktor, og det er derfor viktig \u00e5 legge til rette for kompetanseheving for \u00e5 utvikle og stimulere medarbeidarane i sektoren.<\/li><li>Ha eit tettare samarbeid med frivillige organisasjonar, fordi vi meiner at det vil kunne gi meir aktivitet, auka omsorg og ei varmare omsorgsteneste.<\/li><\/ul>\n\n\n\n<ul class=\"wp-block-list\"><li>Tilby digital oppl\u00e6ring.<\/li><\/ul>\n\n\n\n<h2 class=\"wp-block-heading\"><strong>Andre med helse- og omsorgsbehov<\/strong><\/h2>\n\n\n\n<p>Stadig fleire omsorgsoppg\u00e5ver vert overf\u00f8rt til kommunane, og tal brukarar aukar. Vi har difor ei stor oppg\u00e5ve framover med \u00e5 legge til rette for eit differensiert tilbod av ulike bustadar og hjelpetilbod. H\u00f8gre meiner at uansett livssituasjon skal alle handsamast med verdigheit og ha ansvar for eige liv<\/p>\n\n\n\n<p><strong>H\u00f8gre vil:<\/strong><\/p>\n\n\n\n<ul class=\"wp-block-list\"><li>Styrke arbeidet med f\u00f8rebygging og rehabilitering.<\/li><li>Styrke tilbodet om brukarstyrt personleg assistanse (BPA). BPA handlar om retten til \u00e5 kunne leve&nbsp; likeverdige liv.<\/li><li>Personar med funksjonsnedsetting skal kunne delta i samfunnet p\u00e5 linje med funksjonsfriske.<\/li><li>Legge vekt p\u00e5 universal utforming ved alle utbyggingar.<\/li><li>Samarbeide med frivillige organisasjonar slik at det vert lagt til rette for at alle kan ha eit aktivt liv, f\u00f8rebygge einsemd og legge til rette for fysisk aktivitet.<\/li><li>At alle skal ha rett til \u00e5 f\u00e5 velje mellom kommunale eller private tenester.<\/li><\/ul>\n\n\n\n<h2 class=\"wp-block-heading\">Raskare psykisk helsehjelp<\/h2>\n\n\n\n<p>Har du behov for hjelp, skal du f\u00e5 det f\u00f8r sm\u00e5 problem veks seg store.<strong>\u00a0<\/strong>Vi m\u00e5 satse p\u00e5 gode og lett tilgjengelege tilbod med kort ventetid, utan krav om tilvisning fr\u00e5 l\u00e6kjar.\u00a0H\u00f8gre vil ha fleire lavterskeltilbod og fleire psykologar.<\/p>\n\n\n\n<p><strong>H\u00f8gre vil:<\/strong><\/p>\n\n\n\n<ul class=\"wp-block-list\"><li>Styrke psykiatritenesta i kommunen<\/li><li>Vidareutvikle ei god og verdig omsorgsteneste for brukarane innan psykiatri. Tilbod skal utviklast i n\u00e6rt samarbeid med brukarane og deira p\u00e5r\u00f8rande.<\/li><\/ul>\n\n\n\n<p><strong>H\u00f8gre vil:<\/strong><\/p>\n\n\n\n<ul class=\"wp-block-list\"><li>At dei som slit med psykisk helse og rus m\u00e5 f\u00e5 tilbake tilbodet om fritt brukarval, slik at dei kan f\u00e5 raskare hjelp og ei behandling som passar dei.<\/li><\/ul>\n\n\n\n<h2 class=\"wp-block-heading\">Folkehelse<\/h2>\n\n\n\n<p>H\u00f8gre vil legge til rette for at folk kan ta gode og sunne helse- og livsstilsval i kvardagen. \u00c5 satse p\u00e5 f\u00f8rebygging gir b\u00e5de god mental og fysisk helse. Det er viktig \u00e5 legge til rette for at felst mogleg kan vere fysisk aktive b\u00e5de innan idrett- og trimaktivtetar i alle delar av kommunen v\u00e5r.<\/p>\n\n\n\n<p><strong>H\u00f8gre vil<\/strong><\/p>\n\n\n\n<ul class=\"wp-block-list\"><li>Arbeide for \u00e5 legge til rette for turstiar og \u00abStikk-ut\u00bb-turar b\u00e5de sommar og vinter.<\/li><li>Turveg til \u00c5mskaret og Brekkeheida er to av prosjekta som det b\u00f8r arbeidast vidare med.<\/li><li>Styrke arbeidet med n\u00e6rmilj\u00f8anlegg og st\u00f8tte til frivillige organisasjonar.<\/li><li>Legge til rette for universell utforming og likestilling av idrett- og n\u00e6rmilj\u00f8anlegg.<\/li><\/ul>\n\n","protected":false},"excerpt":{"rendered":"","protected":false},"author":30082,"featured_media":0,"parent":0,"menu_order":0,"comment_status":"closed","ping_status":"closed","template":"","meta":{"teft_cards_image_url":"","teft_cards_custom_pretitle":"","teft_cards_image_id":0,"teft_cards_image_focal_point_x":0,"teft_cards_image_focal_point_y":0,"teft_cards_title":"","teft_cards_excerpt":"","teft_show_chapters":false,"footnotes":""},"class_list":["post-231","page","type-page","status-publish","hentry"],"yoast_head":"<!-- This site is optimized with the Yoast SEO plugin v26.6 - https:\/\/yoast.com\/wordpress\/plugins\/seo\/ -->\n<title>Helse og omsorg - \u00d8rsta H\u00f8gre<\/title>\n<meta name=\"robots\" content=\"index, follow, max-snippet:-1, max-image-preview:large, max-video-preview:-1\" \/>\n<link rel=\"canonical\" href=\"https:\/\/hoyre.no\/orsta\/helse-og-omsorg\/\" \/>\n<meta property=\"og:locale\" content=\"nn_NO\" \/>\n<meta property=\"og:type\" content=\"article\" \/>\n<meta property=\"og:title\" content=\"Helse og omsorg - \u00d8rsta H\u00f8gre\" \/>\n<meta property=\"og:url\" content=\"https:\/\/hoyre.no\/orsta\/helse-og-omsorg\/\" \/>\n<meta property=\"og:site_name\" content=\"\u00d8rsta H\u00f8gre\" \/>\n<meta property=\"article:modified_time\" content=\"2023-04-19T18:27:47+00:00\" \/>\n<meta property=\"og:image\" content=\"https:\/\/hoyre.no\/content\/uploads\/sites\/88\/2022\/11\/Hoyres-logo.png\" \/>\n\t<meta property=\"og:image:width\" content=\"1000\" \/>\n\t<meta property=\"og:image:height\" content=\"1000\" \/>\n\t<meta property=\"og:image:type\" content=\"image\/png\" \/>\n<meta name=\"twitter:card\" content=\"summary_large_image\" \/>\n<meta name=\"twitter:label1\" content=\"Est. reading time\" \/>\n\t<meta name=\"twitter:data1\" content=\"4 minutt\" \/>\n<script type=\"application\/ld+json\" class=\"yoast-schema-graph\">{\"@context\":\"https:\/\/schema.org\",\"@graph\":[{\"@type\":\"WebPage\",\"@id\":\"https:\/\/hoyre.no\/orsta\/helse-og-omsorg\/\",\"url\":\"https:\/\/hoyre.no\/orsta\/helse-og-omsorg\/\",\"name\":\"Helse og omsorg - \u00d8rsta H\u00f8gre\",\"isPartOf\":{\"@id\":\"https:\/\/hoyre.no\/orsta\/#website\"},\"datePublished\":\"2023-03-08T13:29:41+00:00\",\"dateModified\":\"2023-04-19T18:27:47+00:00\",\"breadcrumb\":{\"@id\":\"https:\/\/hoyre.no\/orsta\/helse-og-omsorg\/#breadcrumb\"},\"inLanguage\":\"nn-NO\",\"potentialAction\":[{\"@type\":\"ReadAction\",\"target\":[\"https:\/\/hoyre.no\/orsta\/helse-og-omsorg\/\"]}]},{\"@type\":\"BreadcrumbList\",\"@id\":\"https:\/\/hoyre.no\/orsta\/helse-og-omsorg\/#breadcrumb\",\"itemListElement\":[{\"@type\":\"ListItem\",\"position\":1,\"name\":\"Til hoyre.no\",\"item\":\"https:\/\/hoyre.no\"},{\"@type\":\"ListItem\",\"position\":2,\"name\":\"Hjem\",\"item\":\"https:\/\/hoyre.no\/orsta\/\"},{\"@type\":\"ListItem\",\"position\":3,\"name\":\"Helse og omsorg\"}]},{\"@type\":\"WebSite\",\"@id\":\"https:\/\/hoyre.no\/orsta\/#website\",\"url\":\"https:\/\/hoyre.no\/orsta\/\",\"name\":\"\u00d8rsta H\u00f8gre\",\"description\":\"Bare enda et H\u00f8yres nettsteder-nettsted\",\"inLanguage\":\"nn-NO\"}]}<\/script>\n<!-- \/ Yoast SEO plugin. -->","yoast_head_json":{"title":"Helse og omsorg - \u00d8rsta H\u00f8gre","robots":{"index":"index","follow":"follow","max-snippet":"max-snippet:-1","max-image-preview":"max-image-preview:large","max-video-preview":"max-video-preview:-1"},"canonical":"https:\/\/hoyre.no\/orsta\/helse-og-omsorg\/","og_locale":"nn_NO","og_type":"article","og_title":"Helse og omsorg - \u00d8rsta H\u00f8gre","og_url":"https:\/\/hoyre.no\/orsta\/helse-og-omsorg\/","og_site_name":"\u00d8rsta H\u00f8gre","article_modified_time":"2023-04-19T18:27:47+00:00","og_image":[{"width":1000,"height":1000,"url":"https:\/\/hoyre.no\/content\/uploads\/sites\/88\/2022\/11\/Hoyres-logo.png","type":"image\/png"}],"twitter_card":"summary_large_image","twitter_misc":{"Est. reading time":"4 minutt"},"schema":{"@context":"https:\/\/schema.org","@graph":[{"@type":"WebPage","@id":"https:\/\/hoyre.no\/orsta\/helse-og-omsorg\/","url":"https:\/\/hoyre.no\/orsta\/helse-og-omsorg\/","name":"Helse og omsorg - \u00d8rsta H\u00f8gre","isPartOf":{"@id":"https:\/\/hoyre.no\/orsta\/#website"},"datePublished":"2023-03-08T13:29:41+00:00","dateModified":"2023-04-19T18:27:47+00:00","breadcrumb":{"@id":"https:\/\/hoyre.no\/orsta\/helse-og-omsorg\/#breadcrumb"},"inLanguage":"nn-NO","potentialAction":[{"@type":"ReadAction","target":["https:\/\/hoyre.no\/orsta\/helse-og-omsorg\/"]}]},{"@type":"BreadcrumbList","@id":"https:\/\/hoyre.no\/orsta\/helse-og-omsorg\/#breadcrumb","itemListElement":[{"@type":"ListItem","position":1,"name":"Til hoyre.no","item":"https:\/\/hoyre.no"},{"@type":"ListItem","position":2,"name":"Hjem","item":"https:\/\/hoyre.no\/orsta\/"},{"@type":"ListItem","position":3,"name":"Helse og omsorg"}]},{"@type":"WebSite","@id":"https:\/\/hoyre.no\/orsta\/#website","url":"https:\/\/hoyre.no\/orsta\/","name":"\u00d8rsta H\u00f8gre","description":"Bare enda et H\u00f8yres nettsteder-nettsted","inLanguage":"nn-NO"}]}},"distributor_meta":false,"distributor_terms":false,"distributor_media":false,"distributor_original_site_name":"\u00d8rsta H\u00f8gre","distributor_original_site_url":"https:\/\/hoyre.no\/orsta","push-errors":false,"_links":{"self":[{"href":"https:\/\/hoyre.no\/orsta\/wp-json\/wp\/v2\/pages\/231","targetHints":{"allow":["GET"]}}],"collection":[{"href":"https:\/\/hoyre.no\/orsta\/wp-json\/wp\/v2\/pages"}],"about":[{"href":"https:\/\/hoyre.no\/orsta\/wp-json\/wp\/v2\/types\/page"}],"author":[{"embeddable":true,"href":"https:\/\/hoyre.no\/orsta\/wp-json\/wp\/v2\/users\/30082"}],"replies":[{"embeddable":true,"href":"https:\/\/hoyre.no\/orsta\/wp-json\/wp\/v2\/comments?post=231"}],"version-history":[{"count":3,"href":"https:\/\/hoyre.no\/orsta\/wp-json\/wp\/v2\/pages\/231\/revisions"}],"predecessor-version":[{"id":321,"href":"https:\/\/hoyre.no\/orsta\/wp-json\/wp\/v2\/pages\/231\/revisions\/321"}],"wp:attachment":[{"href":"https:\/\/hoyre.no\/orsta\/wp-json\/wp\/v2\/media?parent=231"}],"curies":[{"name":"wp","href":"https:\/\/api.w.org\/{rel}","templated":true}]}}