{"id":240,"date":"2023-03-08T14:37:44","date_gmt":"2023-03-08T13:37:44","guid":{"rendered":"https:\/\/hoyre.no\/orsta\/?page_id=240"},"modified":"2023-04-19T14:36:19","modified_gmt":"2023-04-19T12:36:19","slug":"energi-klima-og-miljo","status":"publish","type":"page","link":"https:\/\/hoyre.no\/orsta\/energi-klima-og-miljo\/","title":{"rendered":"Energi, klima og milj\u00f8"},"content":{"rendered":"\n<div class=\"wp-block-hoyre-hero with-image-gradient text-color-light  has-media alignfull has-background\"><div class=\"hoyre-hero has-image\"><h1 class=\"title\">Energi, klima og milj\u00f8<\/h1><figure class=\"hoyre-image-wrapper\"><div class=\"hoyre-image\"><img loading=\"lazy\" decoding=\"async\" width=\"2500\" height=\"1667\" src=\"https:\/\/hoyre.no\/content\/uploads\/sites\/88\/2023\/04\/Molladalen-scaled.jpg\" class=\"attachment-scaled size-scaled\" alt=\"\" style=\"object-position: 50% 50%\" srcset=\"https:\/\/hoyre.no\/content\/uploads\/sites\/88\/2023\/04\/Molladalen-scaled.jpg 2500w, https:\/\/hoyre.no\/content\/uploads\/sites\/88\/2023\/04\/Molladalen-300x200.jpg 300w, https:\/\/hoyre.no\/content\/uploads\/sites\/88\/2023\/04\/Molladalen-1024x683.jpg 1024w, https:\/\/hoyre.no\/content\/uploads\/sites\/88\/2023\/04\/Molladalen-768x512.jpg 768w, https:\/\/hoyre.no\/content\/uploads\/sites\/88\/2023\/04\/Molladalen-1536x1024.jpg 1536w, https:\/\/hoyre.no\/content\/uploads\/sites\/88\/2023\/04\/Molladalen-2048x1365.jpg 2048w\" sizes=\"auto, (max-width: 2500px) 100vw, 2500px\" \/><\/div><\/figure><\/div><\/div>\n\n\n\n\n<h2 class=\"wp-block-heading\">Energi, klima og milj\u00f8<\/h2>\n\n\n\n<p>Vi forvaltar milj\u00f8 og klima p\u00e5 vegne av komande generasjonar. Klimautfordringane er globale, men mange tiltak er lokale. Vi treng difor ein energi- og milj\u00f8politikk som sikrar at innbyggarane kan ta gode og milj\u00f8vennlege val i kvardagen.<\/p>\n\n\n\n<p>H\u00f8gre meiner at der er tilstrekkeleg areal b\u00e5de til \u00e5 ha ei forsvarleg utbygging av nye bustadar, nydyrking av landbruksjord og vern av skog og utmark. Det er likevel viktig \u00e5 legge til rette for ein ny og fagleg gjennomgang slik at vi f\u00e5r p\u00e5 plass ein jordvernstrategi som det er r\u00e5d \u00e5 samle seg om lokalt.<\/p>\n\n\n\n<p><strong>H\u00f8gre vil:<\/strong><\/p>\n\n\n\n<ul class=\"wp-block-list\"><li>Ta opp igjen prosessen om vern av Sunnm\u00f8rsalpane. Vi \u00f8nskjer \u00e5 ha kunnskapsgrunnlaget p\u00e5 plass f\u00f8r vi gjer vedtak, difor meiner vi det var feil \u00e5 stoppe prosessen slik kommunestyret gjorde vedtak om.<\/li><li>Utarbeide ein konkret og forpliktande klimastrategi for \u00d8rsta kommune som skal f\u00f8lgjast opp og dr\u00f8ftast i kommunestyret \u00e5rleg, p\u00e5 lik linje med budsjettarbeidet.<\/li><li>Utarbeide ein jordvernplan, som ein del av arealplanen, slik at der er klart definerte omr\u00e5der for kva som kan byggast ut og kva som er eit LNF-omr\u00e5de.<\/li><li>Starte ein prosess der \u00d8rsta kommune vert milj\u00f8sertifisert \u2013 det betyr bla:<ul><li>\u00c5 arbeide for \u00e5 verte meir energieffektive og redusere energibruken.<\/li><\/ul><ul><li>\u00c5 arbeide for ein innkj\u00f8pspolitikk for varer og tenester med klare milj\u00f8krav og \u201ckortreiste innkj\u00f8p\u201d.<\/li><\/ul><ul><li>\u00c5 arbeide for at ein g\u00e5r over til ein meir energieffektiv bilpark.<\/li><\/ul><ul><li>Gjennomf\u00f8re l\u00f8nsame milj\u00f8investeringar i LED-gatelys og EN\u00d8K-tiltak i kommunale bygg.<\/li><\/ul><\/li><li>Legge til rette for at det vert etablert ladepunkt i sentrum, og ved kommunale bygg.<\/li><li>Arbeide for at V\u00d8R utviklar ei brukartilpassa, effektiv og milj\u00f8vennleg avfallshandsaming.<\/li><li>Prioritere arbeidet med flaum- og rassikring.<\/li><li>Vere positiv til utbygging av nye sm\u00e5kraftverk som har avgrensa milj\u00f8konsekvensar.<\/li><li>Gjere det l\u00f8nnsamt for enkeltpersonar og n\u00e6ringsliv \u00e5 ta milj\u00f8omsyn.<\/li><\/ul>\n\n","protected":false},"excerpt":{"rendered":"","protected":false},"author":30082,"featured_media":0,"parent":0,"menu_order":0,"comment_status":"closed","ping_status":"closed","template":"","meta":{"teft_cards_image_url":"","teft_cards_custom_pretitle":"","teft_cards_image_id":0,"teft_cards_image_focal_point_x":0,"teft_cards_image_focal_point_y":0,"teft_cards_title":"","teft_cards_excerpt":"","teft_show_chapters":false,"footnotes":""},"class_list":["post-240","page","type-page","status-publish","hentry"],"yoast_head":"<!-- This site is optimized with the Yoast SEO plugin v26.6 - https:\/\/yoast.com\/wordpress\/plugins\/seo\/ -->\n<title>Energi, klima og milj\u00f8 - \u00d8rsta H\u00f8gre<\/title>\n<meta name=\"robots\" content=\"index, follow, max-snippet:-1, max-image-preview:large, max-video-preview:-1\" \/>\n<link rel=\"canonical\" href=\"https:\/\/hoyre.no\/orsta\/energi-klima-og-miljo\/\" \/>\n<meta property=\"og:locale\" content=\"nn_NO\" \/>\n<meta property=\"og:type\" content=\"article\" \/>\n<meta property=\"og:title\" content=\"Energi, klima og milj\u00f8 - \u00d8rsta H\u00f8gre\" \/>\n<meta property=\"og:url\" content=\"https:\/\/hoyre.no\/orsta\/energi-klima-og-miljo\/\" \/>\n<meta property=\"og:site_name\" content=\"\u00d8rsta H\u00f8gre\" \/>\n<meta property=\"article:modified_time\" content=\"2023-04-19T12:36:19+00:00\" \/>\n<meta property=\"og:image\" content=\"https:\/\/hoyre.no\/content\/uploads\/sites\/88\/2022\/11\/Hoyres-logo.png\" \/>\n\t<meta property=\"og:image:width\" content=\"1000\" \/>\n\t<meta property=\"og:image:height\" content=\"1000\" \/>\n\t<meta property=\"og:image:type\" content=\"image\/png\" \/>\n<meta name=\"twitter:card\" content=\"summary_large_image\" \/>\n<meta name=\"twitter:label1\" content=\"Est. reading time\" \/>\n\t<meta name=\"twitter:data1\" content=\"2 minutt\" \/>\n<script type=\"application\/ld+json\" class=\"yoast-schema-graph\">{\"@context\":\"https:\/\/schema.org\",\"@graph\":[{\"@type\":\"WebPage\",\"@id\":\"https:\/\/hoyre.no\/orsta\/energi-klima-og-miljo\/\",\"url\":\"https:\/\/hoyre.no\/orsta\/energi-klima-og-miljo\/\",\"name\":\"Energi, klima og milj\u00f8 - \u00d8rsta H\u00f8gre\",\"isPartOf\":{\"@id\":\"https:\/\/hoyre.no\/orsta\/#website\"},\"datePublished\":\"2023-03-08T13:37:44+00:00\",\"dateModified\":\"2023-04-19T12:36:19+00:00\",\"breadcrumb\":{\"@id\":\"https:\/\/hoyre.no\/orsta\/energi-klima-og-miljo\/#breadcrumb\"},\"inLanguage\":\"nn-NO\",\"potentialAction\":[{\"@type\":\"ReadAction\",\"target\":[\"https:\/\/hoyre.no\/orsta\/energi-klima-og-miljo\/\"]}]},{\"@type\":\"BreadcrumbList\",\"@id\":\"https:\/\/hoyre.no\/orsta\/energi-klima-og-miljo\/#breadcrumb\",\"itemListElement\":[{\"@type\":\"ListItem\",\"position\":1,\"name\":\"Til hoyre.no\",\"item\":\"https:\/\/hoyre.no\"},{\"@type\":\"ListItem\",\"position\":2,\"name\":\"Hjem\",\"item\":\"https:\/\/hoyre.no\/orsta\/\"},{\"@type\":\"ListItem\",\"position\":3,\"name\":\"Energi, klima og milj\u00f8\"}]},{\"@type\":\"WebSite\",\"@id\":\"https:\/\/hoyre.no\/orsta\/#website\",\"url\":\"https:\/\/hoyre.no\/orsta\/\",\"name\":\"\u00d8rsta H\u00f8gre\",\"description\":\"Bare enda et H\u00f8yres nettsteder-nettsted\",\"inLanguage\":\"nn-NO\"}]}<\/script>\n<!-- \/ Yoast SEO plugin. -->","yoast_head_json":{"title":"Energi, klima og milj\u00f8 - \u00d8rsta H\u00f8gre","robots":{"index":"index","follow":"follow","max-snippet":"max-snippet:-1","max-image-preview":"max-image-preview:large","max-video-preview":"max-video-preview:-1"},"canonical":"https:\/\/hoyre.no\/orsta\/energi-klima-og-miljo\/","og_locale":"nn_NO","og_type":"article","og_title":"Energi, klima og milj\u00f8 - \u00d8rsta H\u00f8gre","og_url":"https:\/\/hoyre.no\/orsta\/energi-klima-og-miljo\/","og_site_name":"\u00d8rsta H\u00f8gre","article_modified_time":"2023-04-19T12:36:19+00:00","og_image":[{"width":1000,"height":1000,"url":"https:\/\/hoyre.no\/content\/uploads\/sites\/88\/2022\/11\/Hoyres-logo.png","type":"image\/png"}],"twitter_card":"summary_large_image","twitter_misc":{"Est. reading time":"2 minutt"},"schema":{"@context":"https:\/\/schema.org","@graph":[{"@type":"WebPage","@id":"https:\/\/hoyre.no\/orsta\/energi-klima-og-miljo\/","url":"https:\/\/hoyre.no\/orsta\/energi-klima-og-miljo\/","name":"Energi, klima og milj\u00f8 - \u00d8rsta H\u00f8gre","isPartOf":{"@id":"https:\/\/hoyre.no\/orsta\/#website"},"datePublished":"2023-03-08T13:37:44+00:00","dateModified":"2023-04-19T12:36:19+00:00","breadcrumb":{"@id":"https:\/\/hoyre.no\/orsta\/energi-klima-og-miljo\/#breadcrumb"},"inLanguage":"nn-NO","potentialAction":[{"@type":"ReadAction","target":["https:\/\/hoyre.no\/orsta\/energi-klima-og-miljo\/"]}]},{"@type":"BreadcrumbList","@id":"https:\/\/hoyre.no\/orsta\/energi-klima-og-miljo\/#breadcrumb","itemListElement":[{"@type":"ListItem","position":1,"name":"Til hoyre.no","item":"https:\/\/hoyre.no"},{"@type":"ListItem","position":2,"name":"Hjem","item":"https:\/\/hoyre.no\/orsta\/"},{"@type":"ListItem","position":3,"name":"Energi, klima og milj\u00f8"}]},{"@type":"WebSite","@id":"https:\/\/hoyre.no\/orsta\/#website","url":"https:\/\/hoyre.no\/orsta\/","name":"\u00d8rsta H\u00f8gre","description":"Bare enda et H\u00f8yres nettsteder-nettsted","inLanguage":"nn-NO"}]}},"distributor_meta":false,"distributor_terms":false,"distributor_media":false,"distributor_original_site_name":"\u00d8rsta H\u00f8gre","distributor_original_site_url":"https:\/\/hoyre.no\/orsta","push-errors":false,"_links":{"self":[{"href":"https:\/\/hoyre.no\/orsta\/wp-json\/wp\/v2\/pages\/240","targetHints":{"allow":["GET"]}}],"collection":[{"href":"https:\/\/hoyre.no\/orsta\/wp-json\/wp\/v2\/pages"}],"about":[{"href":"https:\/\/hoyre.no\/orsta\/wp-json\/wp\/v2\/types\/page"}],"author":[{"embeddable":true,"href":"https:\/\/hoyre.no\/orsta\/wp-json\/wp\/v2\/users\/30082"}],"replies":[{"embeddable":true,"href":"https:\/\/hoyre.no\/orsta\/wp-json\/wp\/v2\/comments?post=240"}],"version-history":[{"count":3,"href":"https:\/\/hoyre.no\/orsta\/wp-json\/wp\/v2\/pages\/240\/revisions"}],"predecessor-version":[{"id":309,"href":"https:\/\/hoyre.no\/orsta\/wp-json\/wp\/v2\/pages\/240\/revisions\/309"}],"wp:attachment":[{"href":"https:\/\/hoyre.no\/orsta\/wp-json\/wp\/v2\/media?parent=240"}],"curies":[{"name":"wp","href":"https:\/\/api.w.org\/{rel}","templated":true}]}}