{"id":243,"date":"2023-03-08T14:41:14","date_gmt":"2023-03-08T13:41:14","guid":{"rendered":"https:\/\/hoyre.no\/orsta\/?page_id=243"},"modified":"2023-04-19T14:33:23","modified_gmt":"2023-04-19T12:33:23","slug":"ein-serviceorientert-og-effektiv-kommune","status":"publish","type":"page","link":"https:\/\/hoyre.no\/orsta\/ein-serviceorientert-og-effektiv-kommune\/","title":{"rendered":"Ein serviceorientert og effektiv kommune"},"content":{"rendered":"\n<div class=\"wp-block-hoyre-hero with-image-gradient text-color-light  has-media alignfull has-background\"><div class=\"hoyre-hero has-image\"><h1 class=\"title\">Ein serviceorientert og effektiv kommune<\/h1><figure class=\"hoyre-image-wrapper\"><div class=\"hoyre-image\"><img loading=\"lazy\" decoding=\"async\" width=\"1200\" height=\"734\" src=\"https:\/\/hoyre.no\/content\/uploads\/sites\/88\/2023\/03\/orsta-radhus-jan-2021.jpg\" class=\"attachment-scaled size-scaled\" alt=\"\" style=\"object-position: 50% 50%\" srcset=\"https:\/\/hoyre.no\/content\/uploads\/sites\/88\/2023\/03\/orsta-radhus-jan-2021.jpg 1200w, https:\/\/hoyre.no\/content\/uploads\/sites\/88\/2023\/03\/orsta-radhus-jan-2021-300x184.jpg 300w, https:\/\/hoyre.no\/content\/uploads\/sites\/88\/2023\/03\/orsta-radhus-jan-2021-1024x626.jpg 1024w, https:\/\/hoyre.no\/content\/uploads\/sites\/88\/2023\/03\/orsta-radhus-jan-2021-768x470.jpg 768w\" sizes=\"auto, (max-width: 1200px) 100vw, 1200px\" \/><\/div><\/figure><\/div><\/div>\n\n\n\n\n<h2 class=\"wp-block-heading\">JA-kommune<\/h2>\n\n\n\n<p>H\u00f8gre \u00f8nskjer at \u00d8rsta skal verte ein JA-kommune. Det betyr at vi vil m\u00f8te folk, bedrifter og frivillige organisasjonar i \u00d8rsta med ei positiv haldning og h\u00f8g grad av service. Det skal vere tydleg at kommunen er til for innbyggarane i \u00d8rsta. Vi \u00f8nskjer raske svar og ei positiv grunnhaldning til dei som tek kontakt. Vi vil gjere det lettare \u00e5 ta kontakt, f\u00e5 informasjon og s\u00f8rge for at fristar for sakshandsaminga vert f\u00f8lgt.<\/p>\n\n\n\n<p><strong>H\u00f8gre vil:<\/strong><\/p>\n\n\n\n<ul class=\"wp-block-list\"><li>Bygge vidare og styrke servicekulturen i kommunen, og der det er mogleg b\u00f8r vi kunne gi positive svar over bordet.<\/li><li>Arbeide for at sakshandsaming og planarbeid i kommunen skal f\u00f8lgje dei tempo- og kvalitetskrav som er forventa av innbyggarane og n\u00e6ringslivet.<\/li><li>Ha lett tilgjengeleg areal b\u00e5de for bustadar og n\u00e6ring for vidare utvikling av \u00d8rsta<\/li><li>Ha klare effektivitetsm\u00e5l p\u00e5 den kommunale drifta. Vi skal m\u00e5le oss mot dei beste n\u00e5r det gjeld kvalitet og effektivitet.<\/li><\/ul>\n\n\n\n<h2 class=\"wp-block-heading\">Trygg styring<\/h2>\n\n\n\n<p>\u00d8rsta kommune er no i ein sv\u00e6rt krevjande \u00f8konomisk situasjon. L\u00e5negjelda har auka kraftig dei siste \u00e5ra utan at det er gjort n\u00f8dvendige omstillingar for \u00e5 gjere drifta i kommunen meir effektiv. H\u00f8gre har lenge \u00e5tvara mot denne utviklinga. Budsjettet for 2023 vart gjort opp i ubalanse og \u00f8konomien er no sv\u00e6rt stram. Det var H\u00f8gre som rydda opp sist \u00d8rsta hadde store \u00f8konomiske problem og s\u00f8rga for at kommunen fekk tilbake handlefridomen sin. No m\u00e5 vi gjere den jobben p\u00e5 ny, dersom \u00d8rstingane gir oss den n\u00f8dvendige tilliten.<\/p>\n\n\n\n<p><strong>H\u00f8gre vil:<\/strong><\/p>\n\n\n\n<ul class=\"wp-block-list\"><li>Arbeide for ein styrka plan for ein berekraftig \u00f8konomi og god langsiktig styring.<\/li><li>Ha eit politisk samarbeid som sikrar ein ansvarleg politikk der det er balanse mellom inntekter og utgifter.<\/li><li>Ha ein kritisk gjennomgang av investeringsbudsjettet, b\u00e5de n\u00e5r det gjeld prioriteringar og gjennomf\u00f8ringstidspunkt.<\/li><li>Gjennomf\u00f8re effektiviseringstiltak som reduserer den kommunale drifta og med det f\u00e5 ein betre balanse mellom drift og investeringar. Effektiviseringa m\u00e5 i st\u00f8rst mogleg grad skjerme lovp\u00e5lagde oppg\u00e5ver, og oppg\u00e5ver retta mot dei mest s\u00e5rbare brukargruppene.<\/li><li>Ha fokus p\u00e5 dei kommunale kjerneaktivitetane.<\/li><li>Vurdere om kommunale driftsoppg\u00e5ver kan utf\u00f8rast av andre tilbydarar. Det skal d\u00e5 alltid vere eit krav at opplevd kvalitet fr\u00e5 brukarane ikkje blir d\u00e5rlegare, og at tilsette skal ha ordna arbeidstilh\u00f8ve.<\/li><li>S\u00f8rge for at dei kommunale avgiftene og eigedomsskatten er p\u00e5 eit l\u00e5gast mogleg niv\u00e5.<\/li><\/ul>\n\n\n\n<h2 class=\"wp-block-heading\">Betre beredskap gjev auka tryggleik<\/h2>\n\n\n\n<p>\u00d8rsta kommune har eit grunnleggande ansvar for \u00e5 ivareta innbyggarane si sikkerheit og tryggheit. Det er eit stort ansvar i ei tid der sikkerheitssituasjonen i Europa er trua pga. krigen i Ukraina, og der klimakonsekvensane gjer oss meir utsette for \u00e5 bli r\u00e5ka av flaumar og skred. I samarbeid med politiet,&nbsp; sivilforsvaret, \u00d8rsta brann- og redning, ambulansetenesta, Volda sjukehus, legevakta og HV har kommunen ei viktig rolle b\u00e5de n\u00e5r det gjeld \u00e5 f\u00f8rebygge&nbsp;og kriser og handtere desse.<\/p>\n\n\n\n<p>I krise m\u00e5 \u00d8rsta kommune gje god informasjon til folket.<\/p>\n\n\n\n<p><strong>H\u00f8gre vil:<\/strong><\/p>\n\n\n\n<ul class=\"wp-block-list\"><li>Arbeide for vidare utbygging av fonnvern i utsette omr\u00e5der i \u00d8rsta. Det er ogs\u00e5 omr\u00e5der som kan verte frigjevne til bustadbygging og n\u00e6ring.<\/li><li>Arbeide for vidare flaumsikring av elvar i \u00d8rsta.<\/li><li>God arealplanlegging og arealutnytting, i skredtrygge omr\u00e5de.<\/li><li>Ta vare p\u00e5 dagens bomberomskapasitet<\/li><li>Legge til rette for betre brannvernberedskap i form av treningsanlegg<\/li><li>Utvikle og vidaref\u00f8re&nbsp;det gode samarbeidet med \u00d8rsta R\u00f8de Kors og frivillige organisasjonar<\/li><li>St\u00f8tte Volda som lokalsjukehus og beredskapssjukehus for s\u00f8re Sunnm\u00f8re og Nordfjord.<\/li><li>St\u00f8tte sikker og god energiforsyning, godt internett og mobilnett: God kapasitet i h\u00f8ve feilretting.<\/li><li>Tidleg innleige&nbsp;av entrepren\u00f8rar&nbsp;om busetnad, n\u00e6ringsomr\u00e5de og vegar som kan vere flaumutsette<\/li><\/ul>\n\n\n\n<h2 class=\"wp-block-heading\">Til medarbeidarane i \u00d8rsta kommune<\/h2>\n\n\n\n<p>H\u00f8gre set pris p\u00e5 alle dykk som kvar dag gjer ein god jobb for \u00d8rsta. Vi veit at det i \u00d8rsta kommune er dyktige fagfolk som kvar dag leverer tenester av h\u00f8g kvalitet. Den jobben som de gjer er ogs\u00e5 heilt avgjerande for livskvaliteten til mange av innbyggarane v\u00e5re. Vi \u00f8nskjer \u00e5 takke dykk for den jobben.<\/p>\n\n\n\n<p>H\u00f8gre vil at det skal verte meir attraktivt \u00e5 jobbe for \u00d8rsta kommune.<\/p>\n\n\n\n<p><strong>H\u00f8gre vil:<\/strong><\/p>\n\n\n\n<ul class=\"wp-block-list\"><li>Arbeide for eit helsefremmande arbeidsmilj\u00f8 og l\u00e5gt sjukefr\u00e5v\u00e6r.<\/li><li>St\u00f8tte arbeidet med \u00e5 bygge ein sterkare kultur for utvikling og leiing<\/li><li>Ha tett og god dialog i tre-part samarbeidet mellom politikk, administrativ leiing og tillitsvalde.<\/li><li>Gjere det meir attraktivt \u00e5 arbeide i \u00d8rsta kommune<\/li><li>At \u00d8rsta er ei god l\u00e6rebedrift.<\/li><li>Legge til rette for n\u00f8dvendig etter- og vidareutdanning.<\/li><li>Legge til rette for at ufagl\u00e6rte kan ta fagbrev gjennom jobb.<\/li><\/ul>\n\n","protected":false},"excerpt":{"rendered":"","protected":false},"author":30082,"featured_media":0,"parent":0,"menu_order":0,"comment_status":"closed","ping_status":"closed","template":"","meta":{"teft_cards_image_url":"","teft_cards_custom_pretitle":"","teft_cards_image_id":0,"teft_cards_image_focal_point_x":0,"teft_cards_image_focal_point_y":0,"teft_cards_title":"","teft_cards_excerpt":"","teft_show_chapters":false,"footnotes":""},"class_list":["post-243","page","type-page","status-publish","hentry"],"yoast_head":"<!-- This site is optimized with the Yoast SEO plugin v26.6 - https:\/\/yoast.com\/wordpress\/plugins\/seo\/ -->\n<title>Ein serviceorientert og effektiv kommune - \u00d8rsta H\u00f8gre<\/title>\n<meta name=\"robots\" content=\"index, follow, max-snippet:-1, max-image-preview:large, max-video-preview:-1\" \/>\n<link rel=\"canonical\" href=\"https:\/\/hoyre.no\/orsta\/ein-serviceorientert-og-effektiv-kommune\/\" \/>\n<meta property=\"og:locale\" content=\"nn_NO\" \/>\n<meta property=\"og:type\" content=\"article\" \/>\n<meta property=\"og:title\" content=\"Ein serviceorientert og effektiv kommune - \u00d8rsta H\u00f8gre\" \/>\n<meta property=\"og:url\" content=\"https:\/\/hoyre.no\/orsta\/ein-serviceorientert-og-effektiv-kommune\/\" \/>\n<meta property=\"og:site_name\" content=\"\u00d8rsta H\u00f8gre\" \/>\n<meta property=\"article:modified_time\" content=\"2023-04-19T12:33:23+00:00\" \/>\n<meta property=\"og:image\" content=\"https:\/\/hoyre.no\/content\/uploads\/sites\/88\/2022\/11\/Hoyres-logo.png\" \/>\n\t<meta property=\"og:image:width\" content=\"1000\" \/>\n\t<meta property=\"og:image:height\" content=\"1000\" \/>\n\t<meta property=\"og:image:type\" content=\"image\/png\" \/>\n<meta name=\"twitter:card\" content=\"summary_large_image\" \/>\n<meta name=\"twitter:label1\" content=\"Est. reading time\" \/>\n\t<meta name=\"twitter:data1\" content=\"4 minutt\" \/>\n<script type=\"application\/ld+json\" class=\"yoast-schema-graph\">{\"@context\":\"https:\/\/schema.org\",\"@graph\":[{\"@type\":\"WebPage\",\"@id\":\"https:\/\/hoyre.no\/orsta\/ein-serviceorientert-og-effektiv-kommune\/\",\"url\":\"https:\/\/hoyre.no\/orsta\/ein-serviceorientert-og-effektiv-kommune\/\",\"name\":\"Ein serviceorientert og effektiv kommune - \u00d8rsta H\u00f8gre\",\"isPartOf\":{\"@id\":\"https:\/\/hoyre.no\/orsta\/#website\"},\"datePublished\":\"2023-03-08T13:41:14+00:00\",\"dateModified\":\"2023-04-19T12:33:23+00:00\",\"breadcrumb\":{\"@id\":\"https:\/\/hoyre.no\/orsta\/ein-serviceorientert-og-effektiv-kommune\/#breadcrumb\"},\"inLanguage\":\"nn-NO\",\"potentialAction\":[{\"@type\":\"ReadAction\",\"target\":[\"https:\/\/hoyre.no\/orsta\/ein-serviceorientert-og-effektiv-kommune\/\"]}]},{\"@type\":\"BreadcrumbList\",\"@id\":\"https:\/\/hoyre.no\/orsta\/ein-serviceorientert-og-effektiv-kommune\/#breadcrumb\",\"itemListElement\":[{\"@type\":\"ListItem\",\"position\":1,\"name\":\"Til hoyre.no\",\"item\":\"https:\/\/hoyre.no\"},{\"@type\":\"ListItem\",\"position\":2,\"name\":\"Hjem\",\"item\":\"https:\/\/hoyre.no\/orsta\/\"},{\"@type\":\"ListItem\",\"position\":3,\"name\":\"Ein serviceorientert og effektiv kommune\"}]},{\"@type\":\"WebSite\",\"@id\":\"https:\/\/hoyre.no\/orsta\/#website\",\"url\":\"https:\/\/hoyre.no\/orsta\/\",\"name\":\"\u00d8rsta H\u00f8gre\",\"description\":\"Bare enda et H\u00f8yres nettsteder-nettsted\",\"inLanguage\":\"nn-NO\"}]}<\/script>\n<!-- \/ Yoast SEO plugin. -->","yoast_head_json":{"title":"Ein serviceorientert og effektiv kommune - \u00d8rsta H\u00f8gre","robots":{"index":"index","follow":"follow","max-snippet":"max-snippet:-1","max-image-preview":"max-image-preview:large","max-video-preview":"max-video-preview:-1"},"canonical":"https:\/\/hoyre.no\/orsta\/ein-serviceorientert-og-effektiv-kommune\/","og_locale":"nn_NO","og_type":"article","og_title":"Ein serviceorientert og effektiv kommune - \u00d8rsta H\u00f8gre","og_url":"https:\/\/hoyre.no\/orsta\/ein-serviceorientert-og-effektiv-kommune\/","og_site_name":"\u00d8rsta H\u00f8gre","article_modified_time":"2023-04-19T12:33:23+00:00","og_image":[{"width":1000,"height":1000,"url":"https:\/\/hoyre.no\/content\/uploads\/sites\/88\/2022\/11\/Hoyres-logo.png","type":"image\/png"}],"twitter_card":"summary_large_image","twitter_misc":{"Est. reading time":"4 minutt"},"schema":{"@context":"https:\/\/schema.org","@graph":[{"@type":"WebPage","@id":"https:\/\/hoyre.no\/orsta\/ein-serviceorientert-og-effektiv-kommune\/","url":"https:\/\/hoyre.no\/orsta\/ein-serviceorientert-og-effektiv-kommune\/","name":"Ein serviceorientert og effektiv kommune - \u00d8rsta H\u00f8gre","isPartOf":{"@id":"https:\/\/hoyre.no\/orsta\/#website"},"datePublished":"2023-03-08T13:41:14+00:00","dateModified":"2023-04-19T12:33:23+00:00","breadcrumb":{"@id":"https:\/\/hoyre.no\/orsta\/ein-serviceorientert-og-effektiv-kommune\/#breadcrumb"},"inLanguage":"nn-NO","potentialAction":[{"@type":"ReadAction","target":["https:\/\/hoyre.no\/orsta\/ein-serviceorientert-og-effektiv-kommune\/"]}]},{"@type":"BreadcrumbList","@id":"https:\/\/hoyre.no\/orsta\/ein-serviceorientert-og-effektiv-kommune\/#breadcrumb","itemListElement":[{"@type":"ListItem","position":1,"name":"Til hoyre.no","item":"https:\/\/hoyre.no"},{"@type":"ListItem","position":2,"name":"Hjem","item":"https:\/\/hoyre.no\/orsta\/"},{"@type":"ListItem","position":3,"name":"Ein serviceorientert og effektiv kommune"}]},{"@type":"WebSite","@id":"https:\/\/hoyre.no\/orsta\/#website","url":"https:\/\/hoyre.no\/orsta\/","name":"\u00d8rsta H\u00f8gre","description":"Bare enda et H\u00f8yres nettsteder-nettsted","inLanguage":"nn-NO"}]}},"distributor_meta":false,"distributor_terms":false,"distributor_media":false,"distributor_original_site_name":"\u00d8rsta H\u00f8gre","distributor_original_site_url":"https:\/\/hoyre.no\/orsta","push-errors":false,"_links":{"self":[{"href":"https:\/\/hoyre.no\/orsta\/wp-json\/wp\/v2\/pages\/243","targetHints":{"allow":["GET"]}}],"collection":[{"href":"https:\/\/hoyre.no\/orsta\/wp-json\/wp\/v2\/pages"}],"about":[{"href":"https:\/\/hoyre.no\/orsta\/wp-json\/wp\/v2\/types\/page"}],"author":[{"embeddable":true,"href":"https:\/\/hoyre.no\/orsta\/wp-json\/wp\/v2\/users\/30082"}],"replies":[{"embeddable":true,"href":"https:\/\/hoyre.no\/orsta\/wp-json\/wp\/v2\/comments?post=243"}],"version-history":[{"count":2,"href":"https:\/\/hoyre.no\/orsta\/wp-json\/wp\/v2\/pages\/243\/revisions"}],"predecessor-version":[{"id":306,"href":"https:\/\/hoyre.no\/orsta\/wp-json\/wp\/v2\/pages\/243\/revisions\/306"}],"wp:attachment":[{"href":"https:\/\/hoyre.no\/orsta\/wp-json\/wp\/v2\/media?parent=243"}],"curies":[{"name":"wp","href":"https:\/\/api.w.org\/{rel}","templated":true}]}}