{"id":370,"date":"2023-05-22T14:27:10","date_gmt":"2023-05-22T12:27:10","guid":{"rendered":"https:\/\/hoyre.no\/orsta\/?page_id=370"},"modified":"2025-01-24T11:04:43","modified_gmt":"2025-01-24T10:04:43","slug":"sven-castberg","status":"publish","type":"page","link":"https:\/\/hoyre.no\/orsta\/sven-castberg\/","title":{"rendered":"Sven Castberg"},"content":{"rendered":"\n\n\n<div class=\"wp-block-media-text alignwide is-stacked-on-mobile is-vertically-aligned-top\"><figure class=\"wp-block-media-text__media\"><img loading=\"lazy\" decoding=\"async\" width=\"819\" height=\"1024\" src=\"https:\/\/hoyre.no\/content\/uploads\/sites\/88\/2023\/05\/Sven-Castberg-819x1024.jpg\" alt=\"\" class=\"wp-image-354 size-full\" srcset=\"https:\/\/hoyre.no\/content\/uploads\/sites\/88\/2023\/05\/Sven-Castberg-819x1024.jpg 819w, https:\/\/hoyre.no\/content\/uploads\/sites\/88\/2023\/05\/Sven-Castberg-240x300.jpg 240w, https:\/\/hoyre.no\/content\/uploads\/sites\/88\/2023\/05\/Sven-Castberg-768x960.jpg 768w, https:\/\/hoyre.no\/content\/uploads\/sites\/88\/2023\/05\/Sven-Castberg-1229x1536.jpg 1229w, https:\/\/hoyre.no\/content\/uploads\/sites\/88\/2023\/05\/Sven-Castberg.jpg 1440w\" sizes=\"auto, (max-width: 819px) 100vw, 819px\" \/><\/figure><div class=\"wp-block-media-text__content\">\n<h2 class=\"wp-block-heading\">Sven Castberg<br><br><\/h2>\n\n\n\n<h3 class=\"wp-block-heading\">Bosted: \u00d8rsta sentrum<br>Yrke: Daglig leder i \u00d8rsta Handball<\/h3>\n\n\n\n<p><br><strong>Bakgrunn:<\/strong><br>F\u00f8dt og oppvokst i Elverum. Har bodd i \u00d8rsta siden 2000. <\/p>\n\n\n\n<p>Studier i salg og markedsf\u00f8ring. 30 \u00e5r som leder i forskjellige virksomheter i Oslo og \u00d8rsta. Tre voksne barn.<\/p>\n\n\n\n<p><strong>Politisk erfaring:  <\/strong>Medlem i kommunestyret 2007- 2019, leder i levek\u00e5rsutvalget 2011-2015, leder i kontrollutvalget 2015-DD, lokallagsleder i \u00d8rsta H\u00f8gre 2004-2011 og 2021-DD.<\/p>\n\n\n\n<p><strong>Hjertesaker:<\/strong><\/p>\n\n\n\n<p>\ud83d\udc99 Jeg er opptatt av barn og unges oppvekstvilk\u00e5r og tilbud. Det er mange utfordringer i skolehverdagen og i fritiden for de som vokser opp. Jeg tror at et bedre samarbeid mellom det offentlige, n\u00e6ringslivet og frivillige organisasjoner vil kunne gj\u00f8re en stor forskjell for mange som faller utenfor. Vi har mange gode bygg og mange gode intensjoner, men byr\u00e5krati og manglende samspill begrenser og demotiverer mange som ellers ville bidratt.<\/p>\n\n\n\n<p>\ud83d\udc99 Jeg vil st\u00f8tte og heie p\u00e5 de som skaper arbeidsplasser, b\u00e5de i ord og gjerning. Lokal industri og n\u00e6ringsliv er grunnpilarer i kommunen v\u00e5r. Disse virksomhetene gj\u00f8r det mulig \u00e5 drive lokale kulturtilbud, idrett og andre aktiviteter som igjen gj\u00f8r det attraktivt \u00e5 bosette seg i \u00d8rsta.<\/p>\n\n\n\n<p>\ud83d\udc99 For meg er det viktig at alle skal kunne f\u00e5 bestemme over eget liv. Vi trenger samspillet og bredden i \u00e5 ha b\u00e5de offentlige og private tilbud.<\/p>\n\n\n\n<p><strong>Hvorfor H\u00f8yre?<\/strong><\/p>\n\n\n\n<p>H\u00f8yre er et liberalt konservativt parti som st\u00e5r for verdier jeg deler. Jeg synes det er viktig at partiet ikke fristes til \u00e5 str\u00f8 om seg med populistiske p\u00e5stander og saker. H\u00f8yre er styringsdyktige og evner \u00e5 prioritere n\u00e5r det er behov for det.<\/p>\n\n\n\n<p><strong>Fritidsinteresser:<\/strong>                                                               H\u00e5ndball, politikk og reiser.<\/p>\n<\/div><\/div>\n","protected":false},"excerpt":{"rendered":"<p>Sven Castberg Bosted: \u00d8rsta sentrumYrke: Daglig leder i \u00d8rsta Handball Bakgrunn:F\u00f8dt og oppvokst i Elverum. Har bodd i \u00d8rsta siden 2000. Studier i salg og markedsf\u00f8ring. 30 \u00e5r som leder i forskjellige virksomheter i Oslo og \u00d8rsta. Tre voksne barn. Politisk erfaring: Medlem i kommunestyret 2007- 2019, leder i levek\u00e5rsutvalget 2011-2015, leder i kontrollutvalget 2015-DD, [&hellip;]<\/p>\n","protected":false},"author":30082,"featured_media":0,"parent":0,"menu_order":0,"comment_status":"closed","ping_status":"closed","template":"","meta":{"teft_cards_image_url":"","teft_cards_custom_pretitle":"","teft_cards_image_id":0,"teft_cards_image_focal_point_x":0,"teft_cards_image_focal_point_y":0,"teft_cards_title":"","teft_cards_excerpt":"","teft_show_chapters":false,"footnotes":""},"class_list":["post-370","page","type-page","status-publish","hentry"],"yoast_head":"<!-- This site is optimized with the Yoast SEO plugin v26.6 - https:\/\/yoast.com\/wordpress\/plugins\/seo\/ -->\n<title>Sven Castberg - \u00d8rsta H\u00f8gre<\/title>\n<meta name=\"robots\" content=\"index, follow, max-snippet:-1, max-image-preview:large, max-video-preview:-1\" \/>\n<link rel=\"canonical\" href=\"https:\/\/hoyre.no\/orsta\/sven-castberg\/\" \/>\n<meta property=\"og:locale\" content=\"nn_NO\" \/>\n<meta property=\"og:type\" content=\"article\" \/>\n<meta property=\"og:title\" content=\"Sven Castberg - \u00d8rsta H\u00f8gre\" \/>\n<meta property=\"og:description\" content=\"Sven Castberg Bosted: \u00d8rsta sentrumYrke: Daglig leder i \u00d8rsta Handball Bakgrunn:F\u00f8dt og oppvokst i Elverum. Har bodd i \u00d8rsta siden 2000. Studier i salg og markedsf\u00f8ring. 30 \u00e5r som leder i forskjellige virksomheter i Oslo og \u00d8rsta. Tre voksne barn. Politisk erfaring: Medlem i kommunestyret 2007- 2019, leder i levek\u00e5rsutvalget 2011-2015, leder i kontrollutvalget 2015-DD, [&hellip;]\" \/>\n<meta property=\"og:url\" content=\"https:\/\/hoyre.no\/orsta\/sven-castberg\/\" \/>\n<meta property=\"og:site_name\" content=\"\u00d8rsta H\u00f8gre\" \/>\n<meta property=\"article:modified_time\" content=\"2025-01-24T10:04:43+00:00\" \/>\n<meta property=\"og:image\" content=\"https:\/\/hoyre.no\/content\/uploads\/sites\/88\/2023\/05\/Sven-Castberg.jpg\" \/>\n\t<meta property=\"og:image:width\" content=\"1440\" \/>\n\t<meta property=\"og:image:height\" content=\"1800\" \/>\n\t<meta property=\"og:image:type\" content=\"image\/jpeg\" \/>\n<meta name=\"twitter:card\" content=\"summary_large_image\" \/>\n<meta name=\"twitter:label1\" content=\"Est. reading time\" \/>\n\t<meta name=\"twitter:data1\" content=\"2 minutt\" \/>\n<script type=\"application\/ld+json\" class=\"yoast-schema-graph\">{\"@context\":\"https:\/\/schema.org\",\"@graph\":[{\"@type\":\"WebPage\",\"@id\":\"https:\/\/hoyre.no\/orsta\/sven-castberg\/\",\"url\":\"https:\/\/hoyre.no\/orsta\/sven-castberg\/\",\"name\":\"Sven Castberg - \u00d8rsta H\u00f8gre\",\"isPartOf\":{\"@id\":\"https:\/\/hoyre.no\/orsta\/#website\"},\"image\":{\"@id\":\"https:\/\/hoyre.no\/orsta\/sven-castberg\/#primaryimage\"},\"thumbnailUrl\":\"https:\/\/hoyre.no\/content\/uploads\/sites\/88\/2023\/05\/Sven-Castberg-819x1024.jpg\",\"datePublished\":\"2023-05-22T12:27:10+00:00\",\"dateModified\":\"2025-01-24T10:04:43+00:00\",\"breadcrumb\":{\"@id\":\"https:\/\/hoyre.no\/orsta\/sven-castberg\/#breadcrumb\"},\"inLanguage\":\"nn-NO\",\"potentialAction\":[{\"@type\":\"ReadAction\",\"target\":[\"https:\/\/hoyre.no\/orsta\/sven-castberg\/\"]}]},{\"@type\":\"ImageObject\",\"inLanguage\":\"nn-NO\",\"@id\":\"https:\/\/hoyre.no\/orsta\/sven-castberg\/#primaryimage\",\"url\":\"https:\/\/hoyre.no\/content\/uploads\/sites\/88\/2023\/05\/Sven-Castberg-819x1024.jpg\",\"contentUrl\":\"https:\/\/hoyre.no\/content\/uploads\/sites\/88\/2023\/05\/Sven-Castberg-819x1024.jpg\"},{\"@type\":\"BreadcrumbList\",\"@id\":\"https:\/\/hoyre.no\/orsta\/sven-castberg\/#breadcrumb\",\"itemListElement\":[{\"@type\":\"ListItem\",\"position\":1,\"name\":\"Til hoyre.no\",\"item\":\"https:\/\/hoyre.no\"},{\"@type\":\"ListItem\",\"position\":2,\"name\":\"Hjem\",\"item\":\"https:\/\/hoyre.no\/orsta\/\"},{\"@type\":\"ListItem\",\"position\":3,\"name\":\"Sven Castberg\"}]},{\"@type\":\"WebSite\",\"@id\":\"https:\/\/hoyre.no\/orsta\/#website\",\"url\":\"https:\/\/hoyre.no\/orsta\/\",\"name\":\"\u00d8rsta H\u00f8gre\",\"description\":\"Bare enda et H\u00f8yres nettsteder-nettsted\",\"inLanguage\":\"nn-NO\"}]}<\/script>\n<!-- \/ Yoast SEO plugin. -->","yoast_head_json":{"title":"Sven Castberg - \u00d8rsta H\u00f8gre","robots":{"index":"index","follow":"follow","max-snippet":"max-snippet:-1","max-image-preview":"max-image-preview:large","max-video-preview":"max-video-preview:-1"},"canonical":"https:\/\/hoyre.no\/orsta\/sven-castberg\/","og_locale":"nn_NO","og_type":"article","og_title":"Sven Castberg - \u00d8rsta H\u00f8gre","og_description":"Sven Castberg Bosted: \u00d8rsta sentrumYrke: Daglig leder i \u00d8rsta Handball Bakgrunn:F\u00f8dt og oppvokst i Elverum. Har bodd i \u00d8rsta siden 2000. Studier i salg og markedsf\u00f8ring. 30 \u00e5r som leder i forskjellige virksomheter i Oslo og \u00d8rsta. Tre voksne barn. Politisk erfaring: Medlem i kommunestyret 2007- 2019, leder i levek\u00e5rsutvalget 2011-2015, leder i kontrollutvalget 2015-DD, [&hellip;]","og_url":"https:\/\/hoyre.no\/orsta\/sven-castberg\/","og_site_name":"\u00d8rsta H\u00f8gre","article_modified_time":"2025-01-24T10:04:43+00:00","og_image":[{"width":1440,"height":1800,"url":"https:\/\/hoyre.no\/content\/uploads\/sites\/88\/2023\/05\/Sven-Castberg.jpg","type":"image\/jpeg"}],"twitter_card":"summary_large_image","twitter_misc":{"Est. reading time":"2 minutt"},"schema":{"@context":"https:\/\/schema.org","@graph":[{"@type":"WebPage","@id":"https:\/\/hoyre.no\/orsta\/sven-castberg\/","url":"https:\/\/hoyre.no\/orsta\/sven-castberg\/","name":"Sven Castberg - \u00d8rsta H\u00f8gre","isPartOf":{"@id":"https:\/\/hoyre.no\/orsta\/#website"},"image":{"@id":"https:\/\/hoyre.no\/orsta\/sven-castberg\/#primaryimage"},"thumbnailUrl":"https:\/\/hoyre.no\/content\/uploads\/sites\/88\/2023\/05\/Sven-Castberg-819x1024.jpg","datePublished":"2023-05-22T12:27:10+00:00","dateModified":"2025-01-24T10:04:43+00:00","breadcrumb":{"@id":"https:\/\/hoyre.no\/orsta\/sven-castberg\/#breadcrumb"},"inLanguage":"nn-NO","potentialAction":[{"@type":"ReadAction","target":["https:\/\/hoyre.no\/orsta\/sven-castberg\/"]}]},{"@type":"ImageObject","inLanguage":"nn-NO","@id":"https:\/\/hoyre.no\/orsta\/sven-castberg\/#primaryimage","url":"https:\/\/hoyre.no\/content\/uploads\/sites\/88\/2023\/05\/Sven-Castberg-819x1024.jpg","contentUrl":"https:\/\/hoyre.no\/content\/uploads\/sites\/88\/2023\/05\/Sven-Castberg-819x1024.jpg"},{"@type":"BreadcrumbList","@id":"https:\/\/hoyre.no\/orsta\/sven-castberg\/#breadcrumb","itemListElement":[{"@type":"ListItem","position":1,"name":"Til hoyre.no","item":"https:\/\/hoyre.no"},{"@type":"ListItem","position":2,"name":"Hjem","item":"https:\/\/hoyre.no\/orsta\/"},{"@type":"ListItem","position":3,"name":"Sven Castberg"}]},{"@type":"WebSite","@id":"https:\/\/hoyre.no\/orsta\/#website","url":"https:\/\/hoyre.no\/orsta\/","name":"\u00d8rsta H\u00f8gre","description":"Bare enda et H\u00f8yres nettsteder-nettsted","inLanguage":"nn-NO"}]}},"distributor_meta":false,"distributor_terms":false,"distributor_media":false,"distributor_original_site_name":"\u00d8rsta H\u00f8gre","distributor_original_site_url":"https:\/\/hoyre.no\/orsta","push-errors":false,"_links":{"self":[{"href":"https:\/\/hoyre.no\/orsta\/wp-json\/wp\/v2\/pages\/370","targetHints":{"allow":["GET"]}}],"collection":[{"href":"https:\/\/hoyre.no\/orsta\/wp-json\/wp\/v2\/pages"}],"about":[{"href":"https:\/\/hoyre.no\/orsta\/wp-json\/wp\/v2\/types\/page"}],"author":[{"embeddable":true,"href":"https:\/\/hoyre.no\/orsta\/wp-json\/wp\/v2\/users\/30082"}],"replies":[{"embeddable":true,"href":"https:\/\/hoyre.no\/orsta\/wp-json\/wp\/v2\/comments?post=370"}],"version-history":[{"count":5,"href":"https:\/\/hoyre.no\/orsta\/wp-json\/wp\/v2\/pages\/370\/revisions"}],"predecessor-version":[{"id":559,"href":"https:\/\/hoyre.no\/orsta\/wp-json\/wp\/v2\/pages\/370\/revisions\/559"}],"wp:attachment":[{"href":"https:\/\/hoyre.no\/orsta\/wp-json\/wp\/v2\/media?parent=370"}],"curies":[{"name":"wp","href":"https:\/\/api.w.org\/{rel}","templated":true}]}}