{"id":383,"date":"2023-05-22T14:28:26","date_gmt":"2023-05-22T12:28:26","guid":{"rendered":"https:\/\/hoyre.no\/orsta\/?page_id=383"},"modified":"2025-01-24T11:25:21","modified_gmt":"2025-01-24T10:25:21","slug":"guttorm-hagen","status":"publish","type":"page","link":"https:\/\/hoyre.no\/orsta\/guttorm-hagen\/","title":{"rendered":"Guttorm Hagen"},"content":{"rendered":"\n\n\n<div class=\"wp-block-media-text alignwide is-stacked-on-mobile is-vertically-aligned-top\"><figure class=\"wp-block-media-text__media\"><img loading=\"lazy\" decoding=\"async\" width=\"852\" height=\"1024\" src=\"https:\/\/hoyre.no\/content\/uploads\/sites\/88\/2023\/05\/20230507_203923-852x1024.jpg\" alt=\"\" class=\"wp-image-384 size-full\" srcset=\"https:\/\/hoyre.no\/content\/uploads\/sites\/88\/2023\/05\/20230507_203923-852x1024.jpg 852w, https:\/\/hoyre.no\/content\/uploads\/sites\/88\/2023\/05\/20230507_203923-250x300.jpg 250w, https:\/\/hoyre.no\/content\/uploads\/sites\/88\/2023\/05\/20230507_203923-768x923.jpg 768w, https:\/\/hoyre.no\/content\/uploads\/sites\/88\/2023\/05\/20230507_203923-1278x1536.jpg 1278w, https:\/\/hoyre.no\/content\/uploads\/sites\/88\/2023\/05\/20230507_203923.jpg 1464w\" sizes=\"auto, (max-width: 852px) 100vw, 852px\" \/><\/figure><div class=\"wp-block-media-text__content\">\n<h2 class=\"wp-block-heading\">Guttorm Hagen<br><br><\/h2>\n\n\n\n<h3 class=\"wp-block-heading\">Bustad: Hagen, \u00d8rsta<br>Yrke: Pensjonist<\/h3>\n\n\n\n<p><strong>Bakgrunn:<\/strong><br>Lensmann i Volda og \u00d8rsta, driftseiningsleiar i M\u00f8re og Romsdal politidistrikt. Kjenner godt til heile \u00d8rsta<br>kommune.<br>Politih\u00f8gskulen, leiarutdanning i Heimevernet og ved Politih\u00f8gskulen.<br>Politisk erfaring: Ingen, men er samfunnsengasjert. Som lensmann skreiv eg mange uttalar, s\u00e6rleg knytt til<br>beredskap, samferdsle, trafikkreguleringar, reguleringsplanar og skjenkesaker.<\/p>\n\n\n\n<p><strong>Kvifor H\u00f8gre<\/strong>?<\/p>\n\n\n\n<p>H\u00f8gre st\u00e5r for ansvarleg, f\u00f8reseieleg politikk. Privat n\u00e6ringsliv m\u00e5 st\u00f8ttast over heile kommunen. Vi treng aktivitet, jamn verdiskaping, vekst og trygge arbeidsplassar. Offentleg sektor m\u00e5 vere ein attraktiv arbeidsstad, der det s\u00e6rleg er god kvalitet og kapasitet i den spisse enden. Tenester knytt til barn, unge, familiar, helse og eldreomsorg m\u00e5 vere gode.<br><\/p>\n\n\n\n<p><strong>Favorittartist: <\/strong>Sivert Bj\u00f8rdal<br><strong>Kjekt:<\/strong> Eg er med i styret i Volda og \u00d8rsta Kunstlag. Kunsthuset er eit smykke, som gjev tilbod til b\u00e5de lokale<br>og tilreisande. Eg er ogs\u00e5 medlem i NROF(Norsk Reservistforbund) avd. S\u00f8re Sunnm\u00f8re, og trivast saman<br>med Forsvarsvener. Forsvarssak og beredskap er viktig. Eg koplar av saman med familie og gode vener, gjerne ved fjorden.<\/p>\n\n\n\n<p><strong>Hjartesaker:<\/strong><\/p>\n\n\n\n<p>\ud83d\udc99 \u00d8rsta sentrum og \u00d8rsta kommune har stort potensiale. Alle vakre og positive utbyggingsprosjekt b\u00f8r<br>st\u00f8ttast. Nye prosjekt ved fjorden vil l\u00f8fte fram \u00d8rsta som eit senter mellom fjorden og fjella. Omr\u00e5det fr\u00e5 Alti<br>og vestover kan utviklast, gjerne med solide flytebrygger i front. P\u00e5 den m\u00e5ten vert \u00d8rsta sin tilkomst til<br>fjorden betre.<\/p>\n\n\n\n<p><br>\ud83d\udc99 Eg er s\u00e6rleg oppteken av sivil- og offentleg beredskap. Arbeidet med \u00e5 sikre \u00d8rsta sin busetnad og infrastruktur mot naturhendingar m\u00e5 halde fram. P\u00e5 denne m\u00e5ten kan vi frigjere nye buomr\u00e5de og sikre eksisterande, utan \u00e5 kome nemnande i konflikt med jordvern.<\/p>\n\n\n\n<p><br>\ud83d\udc99\u00d8rsta kommune og \u00d8rsta m\u00e5 snakkast fram, og privat- og offentleg sektor, friviljuge lag- og organisasjonar m\u00e5 samhandle for \u00e5 utvikle ein attraktiv kommune.<\/p>\n\n\n\n<p><br>\ud83d\udc99 \u00d8rsta m\u00e5 ha som m\u00e5l \u00e5 vere ein \u00abja-kommune\u00bb. \u00d8rsta m\u00e5 tilby barnefamiliar (og ogs\u00e5 dei som bur vekke og vil etablere seg her) attraktive buomr\u00e5de, arbeidsplassar og fritidsaktivitetar.<\/p>\n<\/div><\/div>\n","protected":false},"excerpt":{"rendered":"<p>Guttorm Hagen Bustad: Hagen, \u00d8rstaYrke: Pensjonist Bakgrunn:Lensmann i Volda og \u00d8rsta, driftseiningsleiar i M\u00f8re og Romsdal politidistrikt. Kjenner godt til heile \u00d8rstakommune.Politih\u00f8gskulen, leiarutdanning i Heimevernet og ved Politih\u00f8gskulen.Politisk erfaring: Ingen, men er samfunnsengasjert. Som lensmann skreiv eg mange uttalar, s\u00e6rleg knytt tilberedskap, samferdsle, trafikkreguleringar, reguleringsplanar og skjenkesaker. Kvifor H\u00f8gre? H\u00f8gre st\u00e5r for ansvarleg, f\u00f8reseieleg politikk. [&hellip;]<\/p>\n","protected":false},"author":30082,"featured_media":0,"parent":0,"menu_order":0,"comment_status":"closed","ping_status":"closed","template":"","meta":{"teft_cards_image_url":"","teft_cards_custom_pretitle":"","teft_cards_image_id":0,"teft_cards_image_focal_point_x":0,"teft_cards_image_focal_point_y":0,"teft_cards_title":"","teft_cards_excerpt":"","teft_show_chapters":false,"footnotes":""},"class_list":["post-383","page","type-page","status-publish","hentry"],"yoast_head":"<!-- This site is optimized with the Yoast SEO plugin v26.6 - https:\/\/yoast.com\/wordpress\/plugins\/seo\/ -->\n<title>Guttorm Hagen - \u00d8rsta H\u00f8gre<\/title>\n<meta name=\"robots\" content=\"index, follow, max-snippet:-1, max-image-preview:large, max-video-preview:-1\" \/>\n<link rel=\"canonical\" href=\"https:\/\/hoyre.no\/orsta\/guttorm-hagen\/\" \/>\n<meta property=\"og:locale\" content=\"nn_NO\" \/>\n<meta property=\"og:type\" content=\"article\" \/>\n<meta property=\"og:title\" content=\"Guttorm Hagen - \u00d8rsta H\u00f8gre\" \/>\n<meta property=\"og:description\" content=\"Guttorm Hagen Bustad: Hagen, \u00d8rstaYrke: Pensjonist Bakgrunn:Lensmann i Volda og \u00d8rsta, driftseiningsleiar i M\u00f8re og Romsdal politidistrikt. Kjenner godt til heile \u00d8rstakommune.Politih\u00f8gskulen, leiarutdanning i Heimevernet og ved Politih\u00f8gskulen.Politisk erfaring: Ingen, men er samfunnsengasjert. Som lensmann skreiv eg mange uttalar, s\u00e6rleg knytt tilberedskap, samferdsle, trafikkreguleringar, reguleringsplanar og skjenkesaker. Kvifor H\u00f8gre? H\u00f8gre st\u00e5r for ansvarleg, f\u00f8reseieleg politikk. [&hellip;]\" \/>\n<meta property=\"og:url\" content=\"https:\/\/hoyre.no\/orsta\/guttorm-hagen\/\" \/>\n<meta property=\"og:site_name\" content=\"\u00d8rsta H\u00f8gre\" \/>\n<meta property=\"article:modified_time\" content=\"2025-01-24T10:25:21+00:00\" \/>\n<meta property=\"og:image\" content=\"https:\/\/hoyre.no\/content\/uploads\/sites\/88\/2023\/05\/20230507_203923.jpg\" \/>\n\t<meta property=\"og:image:width\" content=\"1464\" \/>\n\t<meta property=\"og:image:height\" content=\"1760\" \/>\n\t<meta property=\"og:image:type\" content=\"image\/jpeg\" \/>\n<meta name=\"twitter:card\" content=\"summary_large_image\" \/>\n<meta name=\"twitter:label1\" content=\"Est. reading time\" \/>\n\t<meta name=\"twitter:data1\" content=\"2 minutt\" \/>\n<script type=\"application\/ld+json\" class=\"yoast-schema-graph\">{\"@context\":\"https:\/\/schema.org\",\"@graph\":[{\"@type\":\"WebPage\",\"@id\":\"https:\/\/hoyre.no\/orsta\/guttorm-hagen\/\",\"url\":\"https:\/\/hoyre.no\/orsta\/guttorm-hagen\/\",\"name\":\"Guttorm Hagen - \u00d8rsta H\u00f8gre\",\"isPartOf\":{\"@id\":\"https:\/\/hoyre.no\/orsta\/#website\"},\"image\":{\"@id\":\"https:\/\/hoyre.no\/orsta\/guttorm-hagen\/#primaryimage\"},\"thumbnailUrl\":\"https:\/\/hoyre.no\/content\/uploads\/sites\/88\/2023\/05\/20230507_203923-852x1024.jpg\",\"datePublished\":\"2023-05-22T12:28:26+00:00\",\"dateModified\":\"2025-01-24T10:25:21+00:00\",\"breadcrumb\":{\"@id\":\"https:\/\/hoyre.no\/orsta\/guttorm-hagen\/#breadcrumb\"},\"inLanguage\":\"nn-NO\",\"potentialAction\":[{\"@type\":\"ReadAction\",\"target\":[\"https:\/\/hoyre.no\/orsta\/guttorm-hagen\/\"]}]},{\"@type\":\"ImageObject\",\"inLanguage\":\"nn-NO\",\"@id\":\"https:\/\/hoyre.no\/orsta\/guttorm-hagen\/#primaryimage\",\"url\":\"https:\/\/hoyre.no\/content\/uploads\/sites\/88\/2023\/05\/20230507_203923-852x1024.jpg\",\"contentUrl\":\"https:\/\/hoyre.no\/content\/uploads\/sites\/88\/2023\/05\/20230507_203923-852x1024.jpg\"},{\"@type\":\"BreadcrumbList\",\"@id\":\"https:\/\/hoyre.no\/orsta\/guttorm-hagen\/#breadcrumb\",\"itemListElement\":[{\"@type\":\"ListItem\",\"position\":1,\"name\":\"Til hoyre.no\",\"item\":\"https:\/\/hoyre.no\"},{\"@type\":\"ListItem\",\"position\":2,\"name\":\"Hjem\",\"item\":\"https:\/\/hoyre.no\/orsta\/\"},{\"@type\":\"ListItem\",\"position\":3,\"name\":\"Guttorm Hagen\"}]},{\"@type\":\"WebSite\",\"@id\":\"https:\/\/hoyre.no\/orsta\/#website\",\"url\":\"https:\/\/hoyre.no\/orsta\/\",\"name\":\"\u00d8rsta H\u00f8gre\",\"description\":\"Bare enda et H\u00f8yres nettsteder-nettsted\",\"inLanguage\":\"nn-NO\"}]}<\/script>\n<!-- \/ Yoast SEO plugin. -->","yoast_head_json":{"title":"Guttorm Hagen - \u00d8rsta H\u00f8gre","robots":{"index":"index","follow":"follow","max-snippet":"max-snippet:-1","max-image-preview":"max-image-preview:large","max-video-preview":"max-video-preview:-1"},"canonical":"https:\/\/hoyre.no\/orsta\/guttorm-hagen\/","og_locale":"nn_NO","og_type":"article","og_title":"Guttorm Hagen - \u00d8rsta H\u00f8gre","og_description":"Guttorm Hagen Bustad: Hagen, \u00d8rstaYrke: Pensjonist Bakgrunn:Lensmann i Volda og \u00d8rsta, driftseiningsleiar i M\u00f8re og Romsdal politidistrikt. Kjenner godt til heile \u00d8rstakommune.Politih\u00f8gskulen, leiarutdanning i Heimevernet og ved Politih\u00f8gskulen.Politisk erfaring: Ingen, men er samfunnsengasjert. Som lensmann skreiv eg mange uttalar, s\u00e6rleg knytt tilberedskap, samferdsle, trafikkreguleringar, reguleringsplanar og skjenkesaker. Kvifor H\u00f8gre? H\u00f8gre st\u00e5r for ansvarleg, f\u00f8reseieleg politikk. [&hellip;]","og_url":"https:\/\/hoyre.no\/orsta\/guttorm-hagen\/","og_site_name":"\u00d8rsta H\u00f8gre","article_modified_time":"2025-01-24T10:25:21+00:00","og_image":[{"width":1464,"height":1760,"url":"https:\/\/hoyre.no\/content\/uploads\/sites\/88\/2023\/05\/20230507_203923.jpg","type":"image\/jpeg"}],"twitter_card":"summary_large_image","twitter_misc":{"Est. reading time":"2 minutt"},"schema":{"@context":"https:\/\/schema.org","@graph":[{"@type":"WebPage","@id":"https:\/\/hoyre.no\/orsta\/guttorm-hagen\/","url":"https:\/\/hoyre.no\/orsta\/guttorm-hagen\/","name":"Guttorm Hagen - \u00d8rsta H\u00f8gre","isPartOf":{"@id":"https:\/\/hoyre.no\/orsta\/#website"},"image":{"@id":"https:\/\/hoyre.no\/orsta\/guttorm-hagen\/#primaryimage"},"thumbnailUrl":"https:\/\/hoyre.no\/content\/uploads\/sites\/88\/2023\/05\/20230507_203923-852x1024.jpg","datePublished":"2023-05-22T12:28:26+00:00","dateModified":"2025-01-24T10:25:21+00:00","breadcrumb":{"@id":"https:\/\/hoyre.no\/orsta\/guttorm-hagen\/#breadcrumb"},"inLanguage":"nn-NO","potentialAction":[{"@type":"ReadAction","target":["https:\/\/hoyre.no\/orsta\/guttorm-hagen\/"]}]},{"@type":"ImageObject","inLanguage":"nn-NO","@id":"https:\/\/hoyre.no\/orsta\/guttorm-hagen\/#primaryimage","url":"https:\/\/hoyre.no\/content\/uploads\/sites\/88\/2023\/05\/20230507_203923-852x1024.jpg","contentUrl":"https:\/\/hoyre.no\/content\/uploads\/sites\/88\/2023\/05\/20230507_203923-852x1024.jpg"},{"@type":"BreadcrumbList","@id":"https:\/\/hoyre.no\/orsta\/guttorm-hagen\/#breadcrumb","itemListElement":[{"@type":"ListItem","position":1,"name":"Til hoyre.no","item":"https:\/\/hoyre.no"},{"@type":"ListItem","position":2,"name":"Hjem","item":"https:\/\/hoyre.no\/orsta\/"},{"@type":"ListItem","position":3,"name":"Guttorm Hagen"}]},{"@type":"WebSite","@id":"https:\/\/hoyre.no\/orsta\/#website","url":"https:\/\/hoyre.no\/orsta\/","name":"\u00d8rsta H\u00f8gre","description":"Bare enda et H\u00f8yres nettsteder-nettsted","inLanguage":"nn-NO"}]}},"distributor_meta":false,"distributor_terms":false,"distributor_media":false,"distributor_original_site_name":"\u00d8rsta H\u00f8gre","distributor_original_site_url":"https:\/\/hoyre.no\/orsta","push-errors":false,"_links":{"self":[{"href":"https:\/\/hoyre.no\/orsta\/wp-json\/wp\/v2\/pages\/383","targetHints":{"allow":["GET"]}}],"collection":[{"href":"https:\/\/hoyre.no\/orsta\/wp-json\/wp\/v2\/pages"}],"about":[{"href":"https:\/\/hoyre.no\/orsta\/wp-json\/wp\/v2\/types\/page"}],"author":[{"embeddable":true,"href":"https:\/\/hoyre.no\/orsta\/wp-json\/wp\/v2\/users\/30082"}],"replies":[{"embeddable":true,"href":"https:\/\/hoyre.no\/orsta\/wp-json\/wp\/v2\/comments?post=383"}],"version-history":[{"count":3,"href":"https:\/\/hoyre.no\/orsta\/wp-json\/wp\/v2\/pages\/383\/revisions"}],"predecessor-version":[{"id":562,"href":"https:\/\/hoyre.no\/orsta\/wp-json\/wp\/v2\/pages\/383\/revisions\/562"}],"wp:attachment":[{"href":"https:\/\/hoyre.no\/orsta\/wp-json\/wp\/v2\/media?parent=383"}],"curies":[{"name":"wp","href":"https:\/\/api.w.org\/{rel}","templated":true}]}}