{"id":386,"date":"2023-05-22T14:31:25","date_gmt":"2023-05-22T12:31:25","guid":{"rendered":"https:\/\/hoyre.no\/orsta\/?page_id=386"},"modified":"2025-01-24T11:35:50","modified_gmt":"2025-01-24T10:35:50","slug":"stian-berntsen-nytun","status":"publish","type":"page","link":"https:\/\/hoyre.no\/orsta\/stian-berntsen-nytun\/","title":{"rendered":"Stian Berntsen Nytun"},"content":{"rendered":"\n<div class=\"wp-block-hoyre-hero with-image-gradient text-color-light  alignfull has-background\"><div class=\"hoyre-hero \"><h1 class=\"title\">Stian Berntsen Nytun<\/h1><\/div><\/div>\n\n\n\n\n\n<div class=\"wp-block-media-text is-stacked-on-mobile is-vertically-aligned-top is-image-fill alignwide\"><figure class=\"wp-block-media-text__media\" style=\"background-image:url('https:\/\/hoyre.no\/content\/uploads\/sites\/88\/2023\/05\/Stian-473x1024.jpg');background-position:50% 50%\"><img loading=\"lazy\" decoding=\"async\" width=\"473\" height=\"1024\" src=\"https:\/\/hoyre.no\/content\/uploads\/sites\/88\/2023\/05\/Stian-473x1024.jpg\" alt=\"\" class=\"wp-image-387 size-full\" srcset=\"https:\/\/hoyre.no\/content\/uploads\/sites\/88\/2023\/05\/Stian-473x1024.jpg 473w, https:\/\/hoyre.no\/content\/uploads\/sites\/88\/2023\/05\/Stian-139x300.jpg 139w, https:\/\/hoyre.no\/content\/uploads\/sites\/88\/2023\/05\/Stian-768x1662.jpg 768w, https:\/\/hoyre.no\/content\/uploads\/sites\/88\/2023\/05\/Stian-710x1536.jpg 710w, https:\/\/hoyre.no\/content\/uploads\/sites\/88\/2023\/05\/Stian-946x2048.jpg 946w, https:\/\/hoyre.no\/content\/uploads\/sites\/88\/2023\/05\/Stian-scaled.jpg 1155w\" sizes=\"auto, (max-width: 473px) 100vw, 473px\" \/><\/figure><div class=\"wp-block-media-text__content\">\n<h2 class=\"wp-block-heading\">Stian Berntsen Nytun<br><\/h2>\n\n\n\n<h3 class=\"wp-block-heading\"><br>Bustad: Osmarka<br>Yrke: Maskinist p\u00e5 MS S\u00e6bj\u00f8rn<br><\/h3>\n\n\n\n<p><strong>Bakgrunn:<\/strong> Har jobba p\u00e5 br\u00f8nnb\u00e5t, fleire \u00e5r p\u00e5 flytande borerigg, og no p\u00e5 ringnotsnurper heimeh\u00f8rande<br>p\u00e5 Vartdal. Tillitsvalgt i DSO siste \u00e5ra offshore.<br>Vore sterkt delaktig i \u00e5 bl\u00e5se nytt liv i \u00d8IL Turn.<br>Har g\u00e5tt grunnkurs elektro, vk1 skipsteknisk drift, to \u00e5r som motormann l\u00e6rling f\u00f8r fagbrev og deretter to \u00e5r teknisk fagskule.<br><strong>Politisk erfaring:<\/strong> Lite politisk erfaring. Har ett sterkt engasjement og \u00f8nsker \u00e5 kunne bruke dette for \u00e5 gjere \u00f8rsta til ein enda bedre plass for spesielt barn og unge \u00e5 vekse opp.<br><strong>Kvifor H\u00f8gre<\/strong>? Eg likar at H\u00f8gre ikkje pr\u00f8var \u00e5 drive ein populistisk politikk, men istaden driv ein<br>gjennomf\u00f8rbar politikk som faktisk fungerar og bidreg til utvikling.<br>Ein ansvarleg \u00f8konomisk og b\u00e6rekraftig politikk som p\u00e5 sikt gjer ting forutsigbart b\u00e5de for private og n\u00e6ringsdrivande.<\/p>\n\n\n\n<p><strong>Funfact:<\/strong> Blei bestefar som 39-\u00e5ring.<br><\/p>\n\n\n\n<p><strong>Hjartesaker:<\/strong><br>\ud83d\udc99 Gi barn og unge gode oppvekstvilk\u00e5r, s\u00f8rge for eit godt kommunalt tilbod heilt fr\u00e5 barnehage alder der borna kan f\u00e5 utfordra seg i trygge rammer.<br>\ud83d\udc99 Gode skulebygningar for b\u00e5de elevar og tilsette.<br>\ud83d\udc99 Rett og nok bemanning i skule og barnehage.<br>\ud83d\udc99 Sv\u00f8mmehall og turnhall i \u00d8rsta.<br>Gjere \u00d8rsta til ein attraktiv plass og bu.<br>\ud83d\udc99 Tilrettelegge for n\u00e6ringsliv og tilflytting.<\/p>\n<\/div><\/div>\n","protected":false},"excerpt":{"rendered":"<p>Stian Berntsen Nytun Bustad: OsmarkaYrke: Maskinist p\u00e5 MS S\u00e6bj\u00f8rn Bakgrunn: Har jobba p\u00e5 br\u00f8nnb\u00e5t, fleire \u00e5r p\u00e5 flytande borerigg, og no p\u00e5 ringnotsnurper heimeh\u00f8randep\u00e5 Vartdal. Tillitsvalgt i DSO siste \u00e5ra offshore.Vore sterkt delaktig i \u00e5 bl\u00e5se nytt liv i \u00d8IL Turn.Har g\u00e5tt grunnkurs elektro, vk1 skipsteknisk drift, to \u00e5r som motormann l\u00e6rling f\u00f8r fagbrev og [&hellip;]<\/p>\n","protected":false},"author":30082,"featured_media":0,"parent":0,"menu_order":0,"comment_status":"closed","ping_status":"closed","template":"","meta":{"teft_cards_image_url":"","teft_cards_custom_pretitle":"","teft_cards_image_id":0,"teft_cards_image_focal_point_x":0,"teft_cards_image_focal_point_y":0,"teft_cards_title":"","teft_cards_excerpt":"","teft_show_chapters":false,"footnotes":""},"class_list":["post-386","page","type-page","status-publish","hentry"],"yoast_head":"<!-- This site is optimized with the Yoast SEO plugin v26.6 - https:\/\/yoast.com\/wordpress\/plugins\/seo\/ -->\n<title>Stian Berntsen Nytun - \u00d8rsta H\u00f8gre<\/title>\n<meta name=\"robots\" content=\"index, follow, max-snippet:-1, max-image-preview:large, max-video-preview:-1\" \/>\n<link rel=\"canonical\" href=\"https:\/\/hoyre.no\/orsta\/stian-berntsen-nytun\/\" \/>\n<meta property=\"og:locale\" content=\"nn_NO\" \/>\n<meta property=\"og:type\" content=\"article\" \/>\n<meta property=\"og:title\" content=\"Stian Berntsen Nytun - \u00d8rsta H\u00f8gre\" \/>\n<meta property=\"og:description\" content=\"Stian Berntsen Nytun Bustad: OsmarkaYrke: Maskinist p\u00e5 MS S\u00e6bj\u00f8rn Bakgrunn: Har jobba p\u00e5 br\u00f8nnb\u00e5t, fleire \u00e5r p\u00e5 flytande borerigg, og no p\u00e5 ringnotsnurper heimeh\u00f8randep\u00e5 Vartdal. Tillitsvalgt i DSO siste \u00e5ra offshore.Vore sterkt delaktig i \u00e5 bl\u00e5se nytt liv i \u00d8IL Turn.Har g\u00e5tt grunnkurs elektro, vk1 skipsteknisk drift, to \u00e5r som motormann l\u00e6rling f\u00f8r fagbrev og [&hellip;]\" \/>\n<meta property=\"og:url\" content=\"https:\/\/hoyre.no\/orsta\/stian-berntsen-nytun\/\" \/>\n<meta property=\"og:site_name\" content=\"\u00d8rsta H\u00f8gre\" \/>\n<meta property=\"article:modified_time\" content=\"2025-01-24T10:35:50+00:00\" \/>\n<meta property=\"og:image\" content=\"https:\/\/hoyre.no\/content\/uploads\/sites\/88\/2023\/05\/Stian-scaled.jpg\" \/>\n\t<meta property=\"og:image:width\" content=\"1155\" \/>\n\t<meta property=\"og:image:height\" content=\"2500\" \/>\n\t<meta property=\"og:image:type\" content=\"image\/jpeg\" \/>\n<meta name=\"twitter:card\" content=\"summary_large_image\" \/>\n<meta name=\"twitter:label1\" content=\"Est. reading time\" \/>\n\t<meta name=\"twitter:data1\" content=\"2 minutt\" \/>\n<script type=\"application\/ld+json\" class=\"yoast-schema-graph\">{\"@context\":\"https:\/\/schema.org\",\"@graph\":[{\"@type\":\"WebPage\",\"@id\":\"https:\/\/hoyre.no\/orsta\/stian-berntsen-nytun\/\",\"url\":\"https:\/\/hoyre.no\/orsta\/stian-berntsen-nytun\/\",\"name\":\"Stian Berntsen Nytun - \u00d8rsta H\u00f8gre\",\"isPartOf\":{\"@id\":\"https:\/\/hoyre.no\/orsta\/#website\"},\"image\":{\"@id\":\"https:\/\/hoyre.no\/orsta\/stian-berntsen-nytun\/#primaryimage\"},\"thumbnailUrl\":\"https:\/\/hoyre.no\/content\/uploads\/sites\/88\/2023\/05\/Stian-473x1024.jpg\",\"datePublished\":\"2023-05-22T12:31:25+00:00\",\"dateModified\":\"2025-01-24T10:35:50+00:00\",\"breadcrumb\":{\"@id\":\"https:\/\/hoyre.no\/orsta\/stian-berntsen-nytun\/#breadcrumb\"},\"inLanguage\":\"nn-NO\",\"potentialAction\":[{\"@type\":\"ReadAction\",\"target\":[\"https:\/\/hoyre.no\/orsta\/stian-berntsen-nytun\/\"]}]},{\"@type\":\"ImageObject\",\"inLanguage\":\"nn-NO\",\"@id\":\"https:\/\/hoyre.no\/orsta\/stian-berntsen-nytun\/#primaryimage\",\"url\":\"https:\/\/hoyre.no\/content\/uploads\/sites\/88\/2023\/05\/Stian-473x1024.jpg\",\"contentUrl\":\"https:\/\/hoyre.no\/content\/uploads\/sites\/88\/2023\/05\/Stian-473x1024.jpg\"},{\"@type\":\"BreadcrumbList\",\"@id\":\"https:\/\/hoyre.no\/orsta\/stian-berntsen-nytun\/#breadcrumb\",\"itemListElement\":[{\"@type\":\"ListItem\",\"position\":1,\"name\":\"Til hoyre.no\",\"item\":\"https:\/\/hoyre.no\"},{\"@type\":\"ListItem\",\"position\":2,\"name\":\"Hjem\",\"item\":\"https:\/\/hoyre.no\/orsta\/\"},{\"@type\":\"ListItem\",\"position\":3,\"name\":\"Stian Berntsen Nytun\"}]},{\"@type\":\"WebSite\",\"@id\":\"https:\/\/hoyre.no\/orsta\/#website\",\"url\":\"https:\/\/hoyre.no\/orsta\/\",\"name\":\"\u00d8rsta H\u00f8gre\",\"description\":\"Bare enda et H\u00f8yres nettsteder-nettsted\",\"inLanguage\":\"nn-NO\"}]}<\/script>\n<!-- \/ Yoast SEO plugin. -->","yoast_head_json":{"title":"Stian Berntsen Nytun - \u00d8rsta H\u00f8gre","robots":{"index":"index","follow":"follow","max-snippet":"max-snippet:-1","max-image-preview":"max-image-preview:large","max-video-preview":"max-video-preview:-1"},"canonical":"https:\/\/hoyre.no\/orsta\/stian-berntsen-nytun\/","og_locale":"nn_NO","og_type":"article","og_title":"Stian Berntsen Nytun - \u00d8rsta H\u00f8gre","og_description":"Stian Berntsen Nytun Bustad: OsmarkaYrke: Maskinist p\u00e5 MS S\u00e6bj\u00f8rn Bakgrunn: Har jobba p\u00e5 br\u00f8nnb\u00e5t, fleire \u00e5r p\u00e5 flytande borerigg, og no p\u00e5 ringnotsnurper heimeh\u00f8randep\u00e5 Vartdal. Tillitsvalgt i DSO siste \u00e5ra offshore.Vore sterkt delaktig i \u00e5 bl\u00e5se nytt liv i \u00d8IL Turn.Har g\u00e5tt grunnkurs elektro, vk1 skipsteknisk drift, to \u00e5r som motormann l\u00e6rling f\u00f8r fagbrev og [&hellip;]","og_url":"https:\/\/hoyre.no\/orsta\/stian-berntsen-nytun\/","og_site_name":"\u00d8rsta H\u00f8gre","article_modified_time":"2025-01-24T10:35:50+00:00","og_image":[{"width":1155,"height":2500,"url":"https:\/\/hoyre.no\/content\/uploads\/sites\/88\/2023\/05\/Stian-scaled.jpg","type":"image\/jpeg"}],"twitter_card":"summary_large_image","twitter_misc":{"Est. reading time":"2 minutt"},"schema":{"@context":"https:\/\/schema.org","@graph":[{"@type":"WebPage","@id":"https:\/\/hoyre.no\/orsta\/stian-berntsen-nytun\/","url":"https:\/\/hoyre.no\/orsta\/stian-berntsen-nytun\/","name":"Stian Berntsen Nytun - \u00d8rsta H\u00f8gre","isPartOf":{"@id":"https:\/\/hoyre.no\/orsta\/#website"},"image":{"@id":"https:\/\/hoyre.no\/orsta\/stian-berntsen-nytun\/#primaryimage"},"thumbnailUrl":"https:\/\/hoyre.no\/content\/uploads\/sites\/88\/2023\/05\/Stian-473x1024.jpg","datePublished":"2023-05-22T12:31:25+00:00","dateModified":"2025-01-24T10:35:50+00:00","breadcrumb":{"@id":"https:\/\/hoyre.no\/orsta\/stian-berntsen-nytun\/#breadcrumb"},"inLanguage":"nn-NO","potentialAction":[{"@type":"ReadAction","target":["https:\/\/hoyre.no\/orsta\/stian-berntsen-nytun\/"]}]},{"@type":"ImageObject","inLanguage":"nn-NO","@id":"https:\/\/hoyre.no\/orsta\/stian-berntsen-nytun\/#primaryimage","url":"https:\/\/hoyre.no\/content\/uploads\/sites\/88\/2023\/05\/Stian-473x1024.jpg","contentUrl":"https:\/\/hoyre.no\/content\/uploads\/sites\/88\/2023\/05\/Stian-473x1024.jpg"},{"@type":"BreadcrumbList","@id":"https:\/\/hoyre.no\/orsta\/stian-berntsen-nytun\/#breadcrumb","itemListElement":[{"@type":"ListItem","position":1,"name":"Til hoyre.no","item":"https:\/\/hoyre.no"},{"@type":"ListItem","position":2,"name":"Hjem","item":"https:\/\/hoyre.no\/orsta\/"},{"@type":"ListItem","position":3,"name":"Stian Berntsen Nytun"}]},{"@type":"WebSite","@id":"https:\/\/hoyre.no\/orsta\/#website","url":"https:\/\/hoyre.no\/orsta\/","name":"\u00d8rsta H\u00f8gre","description":"Bare enda et H\u00f8yres nettsteder-nettsted","inLanguage":"nn-NO"}]}},"distributor_meta":false,"distributor_terms":false,"distributor_media":false,"distributor_original_site_name":"\u00d8rsta H\u00f8gre","distributor_original_site_url":"https:\/\/hoyre.no\/orsta","push-errors":false,"_links":{"self":[{"href":"https:\/\/hoyre.no\/orsta\/wp-json\/wp\/v2\/pages\/386","targetHints":{"allow":["GET"]}}],"collection":[{"href":"https:\/\/hoyre.no\/orsta\/wp-json\/wp\/v2\/pages"}],"about":[{"href":"https:\/\/hoyre.no\/orsta\/wp-json\/wp\/v2\/types\/page"}],"author":[{"embeddable":true,"href":"https:\/\/hoyre.no\/orsta\/wp-json\/wp\/v2\/users\/30082"}],"replies":[{"embeddable":true,"href":"https:\/\/hoyre.no\/orsta\/wp-json\/wp\/v2\/comments?post=386"}],"version-history":[{"count":3,"href":"https:\/\/hoyre.no\/orsta\/wp-json\/wp\/v2\/pages\/386\/revisions"}],"predecessor-version":[{"id":572,"href":"https:\/\/hoyre.no\/orsta\/wp-json\/wp\/v2\/pages\/386\/revisions\/572"}],"wp:attachment":[{"href":"https:\/\/hoyre.no\/orsta\/wp-json\/wp\/v2\/media?parent=386"}],"curies":[{"name":"wp","href":"https:\/\/api.w.org\/{rel}","templated":true}]}}