{"id":391,"date":"2023-05-22T14:29:51","date_gmt":"2023-05-22T12:29:51","guid":{"rendered":"https:\/\/hoyre.no\/orsta\/?page_id=391"},"modified":"2025-01-24T11:30:45","modified_gmt":"2025-01-24T10:30:45","slug":"jahn-christer-nerbovik-humberset","status":"publish","type":"page","link":"https:\/\/hoyre.no\/orsta\/jahn-christer-nerbovik-humberset\/","title":{"rendered":"Jahn Christer Nerb\u00f8vik Humberset"},"content":{"rendered":"\n<div class=\"wp-block-hoyre-hero with-image-gradient text-color-light  alignfull has-background\"><div class=\"hoyre-hero \"><h1 class=\"title\">Jahn Christer Nerb\u00f8vik Humberset<\/h1><\/div><\/div>\n\n\n\n\n\n<div class=\"wp-block-media-text alignwide is-stacked-on-mobile is-vertically-aligned-top\"><figure class=\"wp-block-media-text__media\"><img loading=\"lazy\" decoding=\"async\" width=\"238\" height=\"246\" src=\"https:\/\/hoyre.no\/content\/uploads\/sites\/88\/2023\/05\/Jahn-Christer-e1683549474123.jpg\" alt=\"\" class=\"wp-image-358 size-full\"\/><\/figure><div class=\"wp-block-media-text__content\">\n<h2 class=\"wp-block-heading\">Jahn Christer Nerb\u00f8vik Humberset<br><\/h2>\n\n\n\n<h3 class=\"wp-block-heading\"><br>Bustad: \u00d8vre Mo<br>Yrke: Avdelingsleiar i Furene Utvikling AS<br><\/h3>\n\n\n\n<p><strong>Bakgrunn:<\/strong> 15 \u00e5r som Milj\u00f8terapeut for ungdom med samansette utfordringar.<br>Bachelor i Sosialt arbeid, med vidareutdanning i leiing og personalutvikling, prosessleiing og prosjektdesign.<br>Politisk erfaring: Inga, men generelt samfunnsinteressert og korleis vi best kan ruste oss for framtida.<br><\/p>\n\n\n\n<p><strong>Kvifor H\u00f8gre<\/strong>? Eg ser p\u00e5 H\u00f8gre som eit rasjonelt, realistisk og moderne styringsparti. Gode og lokale tiltak for \u00f8rstingen, samtidig lagspelar og d\u00f8ropnar for at det lokale n\u00e6ringslivet skal f\u00e5 vekse og utvikle seg.<\/p>\n\n\n\n<p>Partiprogrammet har ei god blanding av satsing p\u00e5 b\u00e5de born, ungdom, unge vaksne, vaksne og eldre. I tillegg eit sterkt fokus p\u00e5 \u00e5 bist\u00e5 dei som av ulike grunnar slit med helsa si. H\u00f8gre vil gjere \u00d8rsta til eit regionsenter p\u00e5 S\u00f8re Sunnm\u00f8re og ein ettertrakta plass \u00e5 etablere seg i, flytte heim til, oppsede born i og trygt g\u00e5 inn i alderdomen i.<\/p>\n\n\n\n<p>Skal ein busette seg p\u00e5 S\u00f8re Sunnm\u00f8re skal \u00d8rsta vere f\u00f8rstevalet. Oppvekst, kultur og helsetilbod skal vere av h\u00f8gste kvalitet og noko \u00e5 vere stolte av.<br><\/p>\n\n\n\n<p><strong>Favorittartist:<\/strong> Michael Jackson<br><\/p>\n\n\n\n<p><strong>Funfact: <\/strong>Eg har fagbrev som fiskar, men \u00abaldri\u00bb vore p\u00e5 sj\u00f8en.<br><\/p>\n\n\n\n<p><strong>Hjartesaker:<\/strong><\/p>\n\n\n\n<p>\ud83d\udc99 Det tek ei bygd \u00e5 oppsede eit born. Born og unge er framtida. Saman skal vi skape eit lokalmilj\u00f8 der vi bist\u00e5r kvarandre med \u00e5 ta vare p\u00e5 dei yngre, skape trygge milj\u00f8 og rammer for dei. Samtidig skal det vere plass for at vi satsar p\u00e5 ulike interesser, slik at alle har ein plass dei f\u00e5 pr\u00f8ve seg, utvikle seg og h\u00f8yre heime.<\/p>\n\n\n\n<p>Mangfald av omr\u00e5de\/tilbod for dyrking av interesser, hobby og kultur skal st\u00e5 i h\u00f8gsetet. Fr\u00e5 tradisjonell idrett og musikk, til motorsport og e-sport.<\/p>\n\n\n\n<p><br>\ud83d\udc99 Tidleg innsats for dei som har det vanskeleg. Enten du er ung eller eldre, men treng hjelp med psykiske helseutfordringar, skal du f\u00e5 rask og god hjelp. Ventetida m\u00e5 ned, fleire og ulike tilbod m\u00e5 styrkast. Samtidig m\u00e5 vi f\u00e5 fleire milj\u00f8terapeutar inn i grunnskulen, som kan hjelpe til med dei samansette utfordringane, ha tid til \u00e5 sj\u00e5 og h\u00f8yre den enkelte, danne trygge, gjensidige relasjonar, basert p\u00e5 tillit og legge til rette for meistring. D\u00e5 vil ogs\u00e5 l\u00e6rarar f\u00e5 tid og rom til \u00e5 f\u00e5 vere nettopp det, l\u00e6rarar.<\/p>\n<\/div><\/div>\n","protected":false},"excerpt":{"rendered":"<p>Jahn Christer Nerb\u00f8vik Humberset Bustad: \u00d8vre MoYrke: Avdelingsleiar i Furene Utvikling AS Bakgrunn: 15 \u00e5r som Milj\u00f8terapeut for ungdom med samansette utfordringar.Bachelor i Sosialt arbeid, med vidareutdanning i leiing og personalutvikling, prosessleiing og prosjektdesign.Politisk erfaring: Inga, men generelt samfunnsinteressert og korleis vi best kan ruste oss for framtida. Kvifor H\u00f8gre? Eg ser p\u00e5 H\u00f8gre som [&hellip;]<\/p>\n","protected":false},"author":30082,"featured_media":0,"parent":0,"menu_order":0,"comment_status":"closed","ping_status":"closed","template":"","meta":{"teft_cards_image_url":"","teft_cards_custom_pretitle":"","teft_cards_image_id":0,"teft_cards_image_focal_point_x":0,"teft_cards_image_focal_point_y":0,"teft_cards_title":"","teft_cards_excerpt":"","teft_show_chapters":false,"footnotes":""},"class_list":["post-391","page","type-page","status-publish","hentry"],"yoast_head":"<!-- This site is optimized with the Yoast SEO plugin v26.6 - https:\/\/yoast.com\/wordpress\/plugins\/seo\/ -->\n<title>Jahn Christer Nerb\u00f8vik Humberset - \u00d8rsta H\u00f8gre<\/title>\n<meta name=\"robots\" content=\"index, follow, max-snippet:-1, max-image-preview:large, max-video-preview:-1\" \/>\n<link rel=\"canonical\" href=\"https:\/\/hoyre.no\/orsta\/jahn-christer-nerbovik-humberset\/\" \/>\n<meta property=\"og:locale\" content=\"nn_NO\" \/>\n<meta property=\"og:type\" content=\"article\" \/>\n<meta property=\"og:title\" content=\"Jahn Christer Nerb\u00f8vik Humberset - \u00d8rsta H\u00f8gre\" \/>\n<meta property=\"og:description\" content=\"Jahn Christer Nerb\u00f8vik Humberset Bustad: \u00d8vre MoYrke: Avdelingsleiar i Furene Utvikling AS Bakgrunn: 15 \u00e5r som Milj\u00f8terapeut for ungdom med samansette utfordringar.Bachelor i Sosialt arbeid, med vidareutdanning i leiing og personalutvikling, prosessleiing og prosjektdesign.Politisk erfaring: Inga, men generelt samfunnsinteressert og korleis vi best kan ruste oss for framtida. Kvifor H\u00f8gre? Eg ser p\u00e5 H\u00f8gre som [&hellip;]\" \/>\n<meta property=\"og:url\" content=\"https:\/\/hoyre.no\/orsta\/jahn-christer-nerbovik-humberset\/\" \/>\n<meta property=\"og:site_name\" content=\"\u00d8rsta H\u00f8gre\" \/>\n<meta property=\"article:modified_time\" content=\"2025-01-24T10:30:45+00:00\" \/>\n<meta property=\"og:image\" content=\"https:\/\/hoyre.no\/content\/uploads\/sites\/88\/2023\/05\/Jahn-Christer-e1683549474123.jpg\" \/>\n\t<meta property=\"og:image:width\" content=\"238\" \/>\n\t<meta property=\"og:image:height\" content=\"246\" \/>\n\t<meta property=\"og:image:type\" content=\"image\/jpeg\" \/>\n<meta name=\"twitter:card\" content=\"summary_large_image\" \/>\n<meta name=\"twitter:label1\" content=\"Est. reading time\" \/>\n\t<meta name=\"twitter:data1\" content=\"3 minutt\" \/>\n<script type=\"application\/ld+json\" class=\"yoast-schema-graph\">{\"@context\":\"https:\/\/schema.org\",\"@graph\":[{\"@type\":\"WebPage\",\"@id\":\"https:\/\/hoyre.no\/orsta\/jahn-christer-nerbovik-humberset\/\",\"url\":\"https:\/\/hoyre.no\/orsta\/jahn-christer-nerbovik-humberset\/\",\"name\":\"Jahn Christer Nerb\u00f8vik Humberset - \u00d8rsta H\u00f8gre\",\"isPartOf\":{\"@id\":\"https:\/\/hoyre.no\/orsta\/#website\"},\"image\":{\"@id\":\"https:\/\/hoyre.no\/orsta\/jahn-christer-nerbovik-humberset\/#primaryimage\"},\"thumbnailUrl\":\"https:\/\/hoyre.no\/content\/uploads\/sites\/88\/2023\/05\/Jahn-Christer-e1683549474123.jpg\",\"datePublished\":\"2023-05-22T12:29:51+00:00\",\"dateModified\":\"2025-01-24T10:30:45+00:00\",\"breadcrumb\":{\"@id\":\"https:\/\/hoyre.no\/orsta\/jahn-christer-nerbovik-humberset\/#breadcrumb\"},\"inLanguage\":\"nn-NO\",\"potentialAction\":[{\"@type\":\"ReadAction\",\"target\":[\"https:\/\/hoyre.no\/orsta\/jahn-christer-nerbovik-humberset\/\"]}]},{\"@type\":\"ImageObject\",\"inLanguage\":\"nn-NO\",\"@id\":\"https:\/\/hoyre.no\/orsta\/jahn-christer-nerbovik-humberset\/#primaryimage\",\"url\":\"https:\/\/hoyre.no\/content\/uploads\/sites\/88\/2023\/05\/Jahn-Christer-e1683549474123.jpg\",\"contentUrl\":\"https:\/\/hoyre.no\/content\/uploads\/sites\/88\/2023\/05\/Jahn-Christer-e1683549474123.jpg\"},{\"@type\":\"BreadcrumbList\",\"@id\":\"https:\/\/hoyre.no\/orsta\/jahn-christer-nerbovik-humberset\/#breadcrumb\",\"itemListElement\":[{\"@type\":\"ListItem\",\"position\":1,\"name\":\"Til hoyre.no\",\"item\":\"https:\/\/hoyre.no\"},{\"@type\":\"ListItem\",\"position\":2,\"name\":\"Hjem\",\"item\":\"https:\/\/hoyre.no\/orsta\/\"},{\"@type\":\"ListItem\",\"position\":3,\"name\":\"Jahn Christer Nerb\u00f8vik Humberset\"}]},{\"@type\":\"WebSite\",\"@id\":\"https:\/\/hoyre.no\/orsta\/#website\",\"url\":\"https:\/\/hoyre.no\/orsta\/\",\"name\":\"\u00d8rsta H\u00f8gre\",\"description\":\"Bare enda et H\u00f8yres nettsteder-nettsted\",\"inLanguage\":\"nn-NO\"}]}<\/script>\n<!-- \/ Yoast SEO plugin. -->","yoast_head_json":{"title":"Jahn Christer Nerb\u00f8vik Humberset - \u00d8rsta H\u00f8gre","robots":{"index":"index","follow":"follow","max-snippet":"max-snippet:-1","max-image-preview":"max-image-preview:large","max-video-preview":"max-video-preview:-1"},"canonical":"https:\/\/hoyre.no\/orsta\/jahn-christer-nerbovik-humberset\/","og_locale":"nn_NO","og_type":"article","og_title":"Jahn Christer Nerb\u00f8vik Humberset - \u00d8rsta H\u00f8gre","og_description":"Jahn Christer Nerb\u00f8vik Humberset Bustad: \u00d8vre MoYrke: Avdelingsleiar i Furene Utvikling AS Bakgrunn: 15 \u00e5r som Milj\u00f8terapeut for ungdom med samansette utfordringar.Bachelor i Sosialt arbeid, med vidareutdanning i leiing og personalutvikling, prosessleiing og prosjektdesign.Politisk erfaring: Inga, men generelt samfunnsinteressert og korleis vi best kan ruste oss for framtida. Kvifor H\u00f8gre? Eg ser p\u00e5 H\u00f8gre som [&hellip;]","og_url":"https:\/\/hoyre.no\/orsta\/jahn-christer-nerbovik-humberset\/","og_site_name":"\u00d8rsta H\u00f8gre","article_modified_time":"2025-01-24T10:30:45+00:00","og_image":[{"width":238,"height":246,"url":"https:\/\/hoyre.no\/content\/uploads\/sites\/88\/2023\/05\/Jahn-Christer-e1683549474123.jpg","type":"image\/jpeg"}],"twitter_card":"summary_large_image","twitter_misc":{"Est. reading time":"3 minutt"},"schema":{"@context":"https:\/\/schema.org","@graph":[{"@type":"WebPage","@id":"https:\/\/hoyre.no\/orsta\/jahn-christer-nerbovik-humberset\/","url":"https:\/\/hoyre.no\/orsta\/jahn-christer-nerbovik-humberset\/","name":"Jahn Christer Nerb\u00f8vik Humberset - \u00d8rsta H\u00f8gre","isPartOf":{"@id":"https:\/\/hoyre.no\/orsta\/#website"},"image":{"@id":"https:\/\/hoyre.no\/orsta\/jahn-christer-nerbovik-humberset\/#primaryimage"},"thumbnailUrl":"https:\/\/hoyre.no\/content\/uploads\/sites\/88\/2023\/05\/Jahn-Christer-e1683549474123.jpg","datePublished":"2023-05-22T12:29:51+00:00","dateModified":"2025-01-24T10:30:45+00:00","breadcrumb":{"@id":"https:\/\/hoyre.no\/orsta\/jahn-christer-nerbovik-humberset\/#breadcrumb"},"inLanguage":"nn-NO","potentialAction":[{"@type":"ReadAction","target":["https:\/\/hoyre.no\/orsta\/jahn-christer-nerbovik-humberset\/"]}]},{"@type":"ImageObject","inLanguage":"nn-NO","@id":"https:\/\/hoyre.no\/orsta\/jahn-christer-nerbovik-humberset\/#primaryimage","url":"https:\/\/hoyre.no\/content\/uploads\/sites\/88\/2023\/05\/Jahn-Christer-e1683549474123.jpg","contentUrl":"https:\/\/hoyre.no\/content\/uploads\/sites\/88\/2023\/05\/Jahn-Christer-e1683549474123.jpg"},{"@type":"BreadcrumbList","@id":"https:\/\/hoyre.no\/orsta\/jahn-christer-nerbovik-humberset\/#breadcrumb","itemListElement":[{"@type":"ListItem","position":1,"name":"Til hoyre.no","item":"https:\/\/hoyre.no"},{"@type":"ListItem","position":2,"name":"Hjem","item":"https:\/\/hoyre.no\/orsta\/"},{"@type":"ListItem","position":3,"name":"Jahn Christer Nerb\u00f8vik Humberset"}]},{"@type":"WebSite","@id":"https:\/\/hoyre.no\/orsta\/#website","url":"https:\/\/hoyre.no\/orsta\/","name":"\u00d8rsta H\u00f8gre","description":"Bare enda et H\u00f8yres nettsteder-nettsted","inLanguage":"nn-NO"}]}},"distributor_meta":false,"distributor_terms":false,"distributor_media":false,"distributor_original_site_name":"\u00d8rsta H\u00f8gre","distributor_original_site_url":"https:\/\/hoyre.no\/orsta","push-errors":false,"_links":{"self":[{"href":"https:\/\/hoyre.no\/orsta\/wp-json\/wp\/v2\/pages\/391","targetHints":{"allow":["GET"]}}],"collection":[{"href":"https:\/\/hoyre.no\/orsta\/wp-json\/wp\/v2\/pages"}],"about":[{"href":"https:\/\/hoyre.no\/orsta\/wp-json\/wp\/v2\/types\/page"}],"author":[{"embeddable":true,"href":"https:\/\/hoyre.no\/orsta\/wp-json\/wp\/v2\/users\/30082"}],"replies":[{"embeddable":true,"href":"https:\/\/hoyre.no\/orsta\/wp-json\/wp\/v2\/comments?post=391"}],"version-history":[{"count":2,"href":"https:\/\/hoyre.no\/orsta\/wp-json\/wp\/v2\/pages\/391\/revisions"}],"predecessor-version":[{"id":568,"href":"https:\/\/hoyre.no\/orsta\/wp-json\/wp\/v2\/pages\/391\/revisions\/568"}],"wp:attachment":[{"href":"https:\/\/hoyre.no\/orsta\/wp-json\/wp\/v2\/media?parent=391"}],"curies":[{"name":"wp","href":"https:\/\/api.w.org\/{rel}","templated":true}]}}