{"id":393,"date":"2023-05-22T14:27:59","date_gmt":"2023-05-22T12:27:59","guid":{"rendered":"https:\/\/hoyre.no\/orsta\/?page_id=393"},"modified":"2025-01-24T10:40:49","modified_gmt":"2025-01-24T09:40:49","slug":"inger-sandvik-sundnes","status":"publish","type":"page","link":"https:\/\/hoyre.no\/orsta\/inger-sandvik-sundnes\/","title":{"rendered":"Inger Sandvik Sundnes"},"content":{"rendered":"\n<div class=\"wp-block-hoyre-hero with-image-gradient text-color-light  alignfull has-background\"><div class=\"hoyre-hero \"><h1 class=\"title\">Inger Sandvik Sundnes<\/h1><\/div><\/div>\n\n\n\n\n<div class=\"wp-block-media-text alignwide is-stacked-on-mobile is-vertically-aligned-top\"><figure class=\"wp-block-media-text__media\"><img loading=\"lazy\" decoding=\"async\" width=\"768\" height=\"1024\" src=\"https:\/\/hoyre.no\/content\/uploads\/sites\/88\/2023\/05\/Inger-1-768x1024.jpg\" alt=\"\" class=\"wp-image-365 size-full\" srcset=\"https:\/\/hoyre.no\/content\/uploads\/sites\/88\/2023\/05\/Inger-1-768x1024.jpg 768w, https:\/\/hoyre.no\/content\/uploads\/sites\/88\/2023\/05\/Inger-1-225x300.jpg 225w, https:\/\/hoyre.no\/content\/uploads\/sites\/88\/2023\/05\/Inger-1-1152x1536.jpg 1152w, https:\/\/hoyre.no\/content\/uploads\/sites\/88\/2023\/05\/Inger-1-1536x2048.jpg 1536w, https:\/\/hoyre.no\/content\/uploads\/sites\/88\/2023\/05\/Inger-1-scaled.jpg 1875w\" sizes=\"auto, (max-width: 768px) 100vw, 768px\" \/><\/figure><div class=\"wp-block-media-text__content\">\n<h2 class=\"wp-block-heading\">Inger Merete Sandvik Sundnes <\/h2>\n\n\n\n<h3 class=\"wp-block-heading\">Bustad: \u00d8rsta sentrum<\/h3>\n\n\n\n<h3 class=\"wp-block-heading\">Yrke: Senterleiar p\u00e5 Alti \u00d8rsta<\/h3>\n\n\n\n<p><strong>Fritidsinteresser:<\/strong> Politikk, fjell og sj\u00f8liv, yoga og trening og strikking.<\/p>\n\n\n\n<p><strong>Utdanna<\/strong> innan \u00f8konomi og marknadsf\u00f8ring. Studerer for tida Emosjonell kompetanse og leiing.<\/p>\n\n\n\n<p><strong>Politisk erfaring<\/strong> fr\u00e5 kommunestyre, formannskap og Levek\u00e5rsutvalet.<\/p>\n\n\n\n<p><strong>Kvifor \u00d8rsta H\u00f8gre?<\/strong> Eg elskar \u00d8rsta og er opptatt av lokalt n\u00e6ringsliv og utvikling lokalt knytt til kultur og offentlege tjenester.<\/p>\n\n\n\n<p>Gjennom godt samspel mellom private og offentlege akt\u00f8rar kan vi f\u00e5 til utrulig spennande og gode tilbod til alle som bur i \u00d8rsta, eller vil flytte hit til denne kjekke bygda v\u00e5r. Som kommune og tjenesteleverand\u00f8r kan vi vere med \u00e5 sikre at forutsetningane til den einskilde blir godt ivaretatt gjennom tjenestene som kommuna leverer.<\/p>\n\n\n\n<p><strong>Hjartesaker:<\/strong><\/p>\n\n\n\n<p><strong>\ud83d\udc99 Born og unge<\/strong> sine oppvekst og levevilk\u00e5r. Barndomen er um\u00e5teleg viktig og vi treng \u00e5 ha fokus p\u00e5 \u00e5 bygge solide og gode tilbod knytt til barnehage, skule og tjenester knytt til dette.<\/p>\n\n\n\n<p>\ud83d\udc99 <strong>Psykisk helse<\/strong> m\u00e5 vere i fokus b\u00e5de for unge og eldre. Vi m\u00e5 bygge gode tilbod som sikrar at den einskulde f\u00e5r den hjelpa dei treng.<\/p>\n\n\n\n<p><strong>\ud83d\udc99 Sikre godt sampel<\/strong> mellom dei ulike tjenestene som vi tilbyr i kommuna, samt sikre godt samspel mellom kommunale tjenester, private og regionale tjenester. Det er av stor verdi for innbyggjarane v\u00e5re at dette fungerer godt n\u00e5r den einskilde er i ein s\u00e5rbar situasjon. Det er alltid mennesket som m\u00e5 vere i fokus.<\/p>\n\n\n\n<p><strong>\ud83d\udc99 N\u00e6ringsutvikling lokalt.<\/strong> Gjennom satsing p\u00e5 kunnskap og kompetanse fremjar vi ogs\u00e5 n\u00e6ringsutvikling. N\u00e6ringslivet m\u00e5 f\u00e5 friheit til \u00e5 skape meir ogs\u00e5 lokalt. Vi m\u00e5 bidra til at det vert skapt attraktive arbeidsplassar og bidra til at private akt\u00f8rar utviklar gode tilbod til innbyggjarane v\u00e5re.<\/p>\n\n\n\n<p><strong>Favorittartist og favorittsong:<\/strong> Jan Teigen med Optimist.<\/p>\n\n\n\n<p><strong>Motto<\/strong>: Alle gjer s\u00e5 godt dei kan, gitt forutsetningane den einskilde har.<\/p>\n<\/div><\/div>\n\n","protected":false},"excerpt":{"rendered":"","protected":false},"author":30082,"featured_media":0,"parent":0,"menu_order":0,"comment_status":"closed","ping_status":"closed","template":"","meta":{"teft_cards_image_url":"","teft_cards_custom_pretitle":"","teft_cards_image_id":0,"teft_cards_image_focal_point_x":0,"teft_cards_image_focal_point_y":0,"teft_cards_title":"","teft_cards_excerpt":"","teft_show_chapters":false,"footnotes":""},"class_list":["post-393","page","type-page","status-publish","hentry"],"yoast_head":"<!-- This site is optimized with the Yoast SEO plugin v26.6 - https:\/\/yoast.com\/wordpress\/plugins\/seo\/ -->\n<title>Inger Sandvik Sundnes - \u00d8rsta H\u00f8gre<\/title>\n<meta name=\"robots\" content=\"index, follow, max-snippet:-1, max-image-preview:large, max-video-preview:-1\" \/>\n<link rel=\"canonical\" href=\"https:\/\/hoyre.no\/orsta\/inger-sandvik-sundnes\/\" \/>\n<meta property=\"og:locale\" content=\"nn_NO\" \/>\n<meta property=\"og:type\" content=\"article\" \/>\n<meta property=\"og:title\" content=\"Inger Sandvik Sundnes - \u00d8rsta H\u00f8gre\" \/>\n<meta property=\"og:url\" content=\"https:\/\/hoyre.no\/orsta\/inger-sandvik-sundnes\/\" \/>\n<meta property=\"og:site_name\" content=\"\u00d8rsta H\u00f8gre\" \/>\n<meta property=\"article:modified_time\" content=\"2025-01-24T09:40:49+00:00\" \/>\n<meta property=\"og:image\" content=\"https:\/\/hoyre.no\/content\/uploads\/sites\/88\/2023\/05\/Inger-1-scaled.jpg\" \/>\n\t<meta property=\"og:image:width\" content=\"1875\" \/>\n\t<meta property=\"og:image:height\" content=\"2500\" \/>\n\t<meta property=\"og:image:type\" content=\"image\/jpeg\" \/>\n<meta name=\"twitter:card\" content=\"summary_large_image\" \/>\n<meta name=\"twitter:label1\" content=\"Est. reading time\" \/>\n\t<meta name=\"twitter:data1\" content=\"2 minutt\" \/>\n<script type=\"application\/ld+json\" class=\"yoast-schema-graph\">{\"@context\":\"https:\/\/schema.org\",\"@graph\":[{\"@type\":\"WebPage\",\"@id\":\"https:\/\/hoyre.no\/orsta\/inger-sandvik-sundnes\/\",\"url\":\"https:\/\/hoyre.no\/orsta\/inger-sandvik-sundnes\/\",\"name\":\"Inger Sandvik Sundnes - \u00d8rsta H\u00f8gre\",\"isPartOf\":{\"@id\":\"https:\/\/hoyre.no\/orsta\/#website\"},\"image\":{\"@id\":\"https:\/\/hoyre.no\/orsta\/inger-sandvik-sundnes\/#primaryimage\"},\"thumbnailUrl\":\"https:\/\/hoyre.no\/content\/uploads\/sites\/88\/2023\/05\/Inger-1-768x1024.jpg\",\"datePublished\":\"2023-05-22T12:27:59+00:00\",\"dateModified\":\"2025-01-24T09:40:49+00:00\",\"breadcrumb\":{\"@id\":\"https:\/\/hoyre.no\/orsta\/inger-sandvik-sundnes\/#breadcrumb\"},\"inLanguage\":\"nn-NO\",\"potentialAction\":[{\"@type\":\"ReadAction\",\"target\":[\"https:\/\/hoyre.no\/orsta\/inger-sandvik-sundnes\/\"]}]},{\"@type\":\"ImageObject\",\"inLanguage\":\"nn-NO\",\"@id\":\"https:\/\/hoyre.no\/orsta\/inger-sandvik-sundnes\/#primaryimage\",\"url\":\"https:\/\/hoyre.no\/content\/uploads\/sites\/88\/2023\/05\/Inger-1-768x1024.jpg\",\"contentUrl\":\"https:\/\/hoyre.no\/content\/uploads\/sites\/88\/2023\/05\/Inger-1-768x1024.jpg\"},{\"@type\":\"BreadcrumbList\",\"@id\":\"https:\/\/hoyre.no\/orsta\/inger-sandvik-sundnes\/#breadcrumb\",\"itemListElement\":[{\"@type\":\"ListItem\",\"position\":1,\"name\":\"Til hoyre.no\",\"item\":\"https:\/\/hoyre.no\"},{\"@type\":\"ListItem\",\"position\":2,\"name\":\"Hjem\",\"item\":\"https:\/\/hoyre.no\/orsta\/\"},{\"@type\":\"ListItem\",\"position\":3,\"name\":\"Inger Sandvik Sundnes\"}]},{\"@type\":\"WebSite\",\"@id\":\"https:\/\/hoyre.no\/orsta\/#website\",\"url\":\"https:\/\/hoyre.no\/orsta\/\",\"name\":\"\u00d8rsta H\u00f8gre\",\"description\":\"Bare enda et H\u00f8yres nettsteder-nettsted\",\"inLanguage\":\"nn-NO\"}]}<\/script>\n<!-- \/ Yoast SEO plugin. -->","yoast_head_json":{"title":"Inger Sandvik Sundnes - \u00d8rsta H\u00f8gre","robots":{"index":"index","follow":"follow","max-snippet":"max-snippet:-1","max-image-preview":"max-image-preview:large","max-video-preview":"max-video-preview:-1"},"canonical":"https:\/\/hoyre.no\/orsta\/inger-sandvik-sundnes\/","og_locale":"nn_NO","og_type":"article","og_title":"Inger Sandvik Sundnes - \u00d8rsta H\u00f8gre","og_url":"https:\/\/hoyre.no\/orsta\/inger-sandvik-sundnes\/","og_site_name":"\u00d8rsta H\u00f8gre","article_modified_time":"2025-01-24T09:40:49+00:00","og_image":[{"width":1875,"height":2500,"url":"https:\/\/hoyre.no\/content\/uploads\/sites\/88\/2023\/05\/Inger-1-scaled.jpg","type":"image\/jpeg"}],"twitter_card":"summary_large_image","twitter_misc":{"Est. reading time":"2 minutt"},"schema":{"@context":"https:\/\/schema.org","@graph":[{"@type":"WebPage","@id":"https:\/\/hoyre.no\/orsta\/inger-sandvik-sundnes\/","url":"https:\/\/hoyre.no\/orsta\/inger-sandvik-sundnes\/","name":"Inger Sandvik Sundnes - \u00d8rsta H\u00f8gre","isPartOf":{"@id":"https:\/\/hoyre.no\/orsta\/#website"},"image":{"@id":"https:\/\/hoyre.no\/orsta\/inger-sandvik-sundnes\/#primaryimage"},"thumbnailUrl":"https:\/\/hoyre.no\/content\/uploads\/sites\/88\/2023\/05\/Inger-1-768x1024.jpg","datePublished":"2023-05-22T12:27:59+00:00","dateModified":"2025-01-24T09:40:49+00:00","breadcrumb":{"@id":"https:\/\/hoyre.no\/orsta\/inger-sandvik-sundnes\/#breadcrumb"},"inLanguage":"nn-NO","potentialAction":[{"@type":"ReadAction","target":["https:\/\/hoyre.no\/orsta\/inger-sandvik-sundnes\/"]}]},{"@type":"ImageObject","inLanguage":"nn-NO","@id":"https:\/\/hoyre.no\/orsta\/inger-sandvik-sundnes\/#primaryimage","url":"https:\/\/hoyre.no\/content\/uploads\/sites\/88\/2023\/05\/Inger-1-768x1024.jpg","contentUrl":"https:\/\/hoyre.no\/content\/uploads\/sites\/88\/2023\/05\/Inger-1-768x1024.jpg"},{"@type":"BreadcrumbList","@id":"https:\/\/hoyre.no\/orsta\/inger-sandvik-sundnes\/#breadcrumb","itemListElement":[{"@type":"ListItem","position":1,"name":"Til hoyre.no","item":"https:\/\/hoyre.no"},{"@type":"ListItem","position":2,"name":"Hjem","item":"https:\/\/hoyre.no\/orsta\/"},{"@type":"ListItem","position":3,"name":"Inger Sandvik Sundnes"}]},{"@type":"WebSite","@id":"https:\/\/hoyre.no\/orsta\/#website","url":"https:\/\/hoyre.no\/orsta\/","name":"\u00d8rsta H\u00f8gre","description":"Bare enda et H\u00f8yres nettsteder-nettsted","inLanguage":"nn-NO"}]}},"distributor_meta":false,"distributor_terms":false,"distributor_media":false,"distributor_original_site_name":"\u00d8rsta H\u00f8gre","distributor_original_site_url":"https:\/\/hoyre.no\/orsta","push-errors":false,"_links":{"self":[{"href":"https:\/\/hoyre.no\/orsta\/wp-json\/wp\/v2\/pages\/393","targetHints":{"allow":["GET"]}}],"collection":[{"href":"https:\/\/hoyre.no\/orsta\/wp-json\/wp\/v2\/pages"}],"about":[{"href":"https:\/\/hoyre.no\/orsta\/wp-json\/wp\/v2\/types\/page"}],"author":[{"embeddable":true,"href":"https:\/\/hoyre.no\/orsta\/wp-json\/wp\/v2\/users\/30082"}],"replies":[{"embeddable":true,"href":"https:\/\/hoyre.no\/orsta\/wp-json\/wp\/v2\/comments?post=393"}],"version-history":[{"count":5,"href":"https:\/\/hoyre.no\/orsta\/wp-json\/wp\/v2\/pages\/393\/revisions"}],"predecessor-version":[{"id":555,"href":"https:\/\/hoyre.no\/orsta\/wp-json\/wp\/v2\/pages\/393\/revisions\/555"}],"wp:attachment":[{"href":"https:\/\/hoyre.no\/orsta\/wp-json\/wp\/v2\/media?parent=393"}],"curies":[{"name":"wp","href":"https:\/\/api.w.org\/{rel}","templated":true}]}}