{"id":398,"date":"2023-06-20T17:48:55","date_gmt":"2023-06-20T15:48:55","guid":{"rendered":"https:\/\/hoyre.no\/orsta\/?page_id=398"},"modified":"2025-01-24T11:37:45","modified_gmt":"2025-01-24T10:37:45","slug":"lisbeth-bjorneset-myklebust","status":"publish","type":"page","link":"https:\/\/hoyre.no\/orsta\/lisbeth-bjorneset-myklebust\/","title":{"rendered":"Lisbeth Bj\u00f8rneset Myklebust"},"content":{"rendered":"\n<div class=\"wp-block-hoyre-hero with-image-gradient text-color-light  alignfull has-background\"><div class=\"hoyre-hero \"><h1 class=\"title\">Lisbeth Bj\u00f8rneset Myklebust<\/h1><\/div><\/div>\n\n\n\n\n<div class=\"wp-block-media-text is-stacked-on-mobile is-vertically-aligned-top is-image-fill alignwide\"><figure class=\"wp-block-media-text__media\" style=\"background-image:url('https:\/\/hoyre.no\/content\/uploads\/sites\/88\/2023\/05\/Lisbeth-.jpeg');background-position:50% 50%\"><img loading=\"lazy\" decoding=\"async\" width=\"1540\" height=\"1864\" src=\"https:\/\/hoyre.no\/content\/uploads\/sites\/88\/2023\/05\/Lisbeth-.jpeg\" alt=\"\" class=\"wp-image-348 size-full\" srcset=\"https:\/\/hoyre.no\/content\/uploads\/sites\/88\/2023\/05\/Lisbeth-.jpeg 1540w, https:\/\/hoyre.no\/content\/uploads\/sites\/88\/2023\/05\/Lisbeth--248x300.jpeg 248w, https:\/\/hoyre.no\/content\/uploads\/sites\/88\/2023\/05\/Lisbeth--846x1024.jpeg 846w, https:\/\/hoyre.no\/content\/uploads\/sites\/88\/2023\/05\/Lisbeth--768x930.jpeg 768w, https:\/\/hoyre.no\/content\/uploads\/sites\/88\/2023\/05\/Lisbeth--1269x1536.jpeg 1269w\" sizes=\"auto, (max-width: 1540px) 100vw, 1540px\" \/><\/figure><div class=\"wp-block-media-text__content\">\n<h2 class=\"wp-block-heading\">Lisbeth Bj\u00f8rneset Myklebust<br><\/h2>\n\n\n\n<h3 class=\"wp-block-heading\"><br>Bustad: \u00d8rsta sentrum    Yrke: Pensjonist<\/h3>\n\n\n\n<p><br><strong>Bakgrunn:<\/strong>\u00a0 Organisasjonssjef i Tussakonsernet.<br>Bachelor i kommunikasjon og leiing<br><strong>Politisk erfaring:<\/strong> Ingen, men generelt samfunnsinteressert<br><\/p>\n\n\n\n<p><strong>Kvifor H\u00f8gre:<\/strong> Eg ser p\u00e5 H\u00f8gre som eit ansvarleg styringsparti. Dei evnar \u00e5 kombinere god \u00f8konomistyring med offensive lokale tiltak, som til d\u00f8mes satsing p\u00e5 lokalt n\u00e6ringsliv,\u00a0 og den enkelte sin rett til \u00e5 sj\u00f8lv kunne ta dei store vala i livet.<br><\/p>\n\n\n\n<p><strong>Favorittartist: Louis Armstrong<\/strong><br><strong>Funfact:<\/strong> Eg er sv\u00e6rt glad i kunst, og har vore med i styret i Volda og \u00d8rsta Kunstlag sidan 2015.<br><strong>Hjertesaker:<\/strong><br>\ud83d\udc99 Det skal vere trygt \u00e5 bli gamal i \u00d8rsta. Eg brenn for at dei eldre i kommunen skal ha sj\u00f8lvr\u00e5derett over eige liv, og f\u00e5 den hjelpa dei treng, n\u00e5r dei treng den. Eg meiner det m\u00e5 jobbast langsiktig for \u00e5 bygge husv\u00e6re i sentrumsomr\u00e5da, som er tilpassa dei eldre sine behov.<br>\ud83d\udc99 Dei som treng hjelp med psykiske helseutfordringar, skal f\u00e5 rask og god hjelp. Eg brenn for \u00e5 at behandlingstilbodet innafor psykisk helse m\u00e5 gjerast betre. Ventetidene m\u00e5 vekk, tilboda m\u00e5 styrkast, kompetanse og m\u00e5lkrav m\u00e5 betrast, og behandlingsmetoder og resultat m\u00e5 evaluerast og justerast fortl\u00f8pande.<\/p>\n<\/div><\/div>\n\n","protected":false},"excerpt":{"rendered":"","protected":false},"author":30082,"featured_media":0,"parent":0,"menu_order":0,"comment_status":"closed","ping_status":"closed","template":"","meta":{"teft_cards_image_url":"","teft_cards_custom_pretitle":"","teft_cards_image_id":0,"teft_cards_image_focal_point_x":0,"teft_cards_image_focal_point_y":0,"teft_cards_title":"","teft_cards_excerpt":"","teft_show_chapters":false,"footnotes":""},"class_list":["post-398","page","type-page","status-publish","hentry"],"yoast_head":"<!-- This site is optimized with the Yoast SEO plugin v26.6 - https:\/\/yoast.com\/wordpress\/plugins\/seo\/ -->\n<title>Lisbeth Bj\u00f8rneset Myklebust - \u00d8rsta H\u00f8gre<\/title>\n<meta name=\"robots\" content=\"index, follow, max-snippet:-1, max-image-preview:large, max-video-preview:-1\" \/>\n<link rel=\"canonical\" href=\"https:\/\/hoyre.no\/orsta\/lisbeth-bjorneset-myklebust\/\" \/>\n<meta property=\"og:locale\" content=\"nn_NO\" \/>\n<meta property=\"og:type\" content=\"article\" \/>\n<meta property=\"og:title\" content=\"Lisbeth Bj\u00f8rneset Myklebust - \u00d8rsta H\u00f8gre\" \/>\n<meta property=\"og:url\" content=\"https:\/\/hoyre.no\/orsta\/lisbeth-bjorneset-myklebust\/\" \/>\n<meta property=\"og:site_name\" content=\"\u00d8rsta H\u00f8gre\" \/>\n<meta property=\"article:modified_time\" content=\"2025-01-24T10:37:45+00:00\" \/>\n<meta property=\"og:image\" content=\"https:\/\/hoyre.no\/content\/uploads\/sites\/88\/2023\/05\/Lisbeth-.jpeg\" \/>\n\t<meta property=\"og:image:width\" content=\"1540\" \/>\n\t<meta property=\"og:image:height\" content=\"1864\" \/>\n\t<meta property=\"og:image:type\" content=\"image\/jpeg\" \/>\n<meta name=\"twitter:card\" content=\"summary_large_image\" \/>\n<meta name=\"twitter:label1\" content=\"Est. reading time\" \/>\n\t<meta name=\"twitter:data1\" content=\"2 minutt\" \/>\n<script type=\"application\/ld+json\" class=\"yoast-schema-graph\">{\"@context\":\"https:\/\/schema.org\",\"@graph\":[{\"@type\":\"WebPage\",\"@id\":\"https:\/\/hoyre.no\/orsta\/lisbeth-bjorneset-myklebust\/\",\"url\":\"https:\/\/hoyre.no\/orsta\/lisbeth-bjorneset-myklebust\/\",\"name\":\"Lisbeth Bj\u00f8rneset Myklebust - \u00d8rsta H\u00f8gre\",\"isPartOf\":{\"@id\":\"https:\/\/hoyre.no\/orsta\/#website\"},\"image\":{\"@id\":\"https:\/\/hoyre.no\/orsta\/lisbeth-bjorneset-myklebust\/#primaryimage\"},\"thumbnailUrl\":\"https:\/\/hoyre.no\/content\/uploads\/sites\/88\/2023\/05\/Lisbeth-.jpeg\",\"datePublished\":\"2023-06-20T15:48:55+00:00\",\"dateModified\":\"2025-01-24T10:37:45+00:00\",\"breadcrumb\":{\"@id\":\"https:\/\/hoyre.no\/orsta\/lisbeth-bjorneset-myklebust\/#breadcrumb\"},\"inLanguage\":\"nn-NO\",\"potentialAction\":[{\"@type\":\"ReadAction\",\"target\":[\"https:\/\/hoyre.no\/orsta\/lisbeth-bjorneset-myklebust\/\"]}]},{\"@type\":\"ImageObject\",\"inLanguage\":\"nn-NO\",\"@id\":\"https:\/\/hoyre.no\/orsta\/lisbeth-bjorneset-myklebust\/#primaryimage\",\"url\":\"https:\/\/hoyre.no\/content\/uploads\/sites\/88\/2023\/05\/Lisbeth-.jpeg\",\"contentUrl\":\"https:\/\/hoyre.no\/content\/uploads\/sites\/88\/2023\/05\/Lisbeth-.jpeg\"},{\"@type\":\"BreadcrumbList\",\"@id\":\"https:\/\/hoyre.no\/orsta\/lisbeth-bjorneset-myklebust\/#breadcrumb\",\"itemListElement\":[{\"@type\":\"ListItem\",\"position\":1,\"name\":\"Til hoyre.no\",\"item\":\"https:\/\/hoyre.no\"},{\"@type\":\"ListItem\",\"position\":2,\"name\":\"Hjem\",\"item\":\"https:\/\/hoyre.no\/orsta\/\"},{\"@type\":\"ListItem\",\"position\":3,\"name\":\"Lisbeth Bj\u00f8rneset Myklebust\"}]},{\"@type\":\"WebSite\",\"@id\":\"https:\/\/hoyre.no\/orsta\/#website\",\"url\":\"https:\/\/hoyre.no\/orsta\/\",\"name\":\"\u00d8rsta H\u00f8gre\",\"description\":\"Bare enda et H\u00f8yres nettsteder-nettsted\",\"inLanguage\":\"nn-NO\"}]}<\/script>\n<!-- \/ Yoast SEO plugin. -->","yoast_head_json":{"title":"Lisbeth Bj\u00f8rneset Myklebust - \u00d8rsta H\u00f8gre","robots":{"index":"index","follow":"follow","max-snippet":"max-snippet:-1","max-image-preview":"max-image-preview:large","max-video-preview":"max-video-preview:-1"},"canonical":"https:\/\/hoyre.no\/orsta\/lisbeth-bjorneset-myklebust\/","og_locale":"nn_NO","og_type":"article","og_title":"Lisbeth Bj\u00f8rneset Myklebust - \u00d8rsta H\u00f8gre","og_url":"https:\/\/hoyre.no\/orsta\/lisbeth-bjorneset-myklebust\/","og_site_name":"\u00d8rsta H\u00f8gre","article_modified_time":"2025-01-24T10:37:45+00:00","og_image":[{"width":1540,"height":1864,"url":"https:\/\/hoyre.no\/content\/uploads\/sites\/88\/2023\/05\/Lisbeth-.jpeg","type":"image\/jpeg"}],"twitter_card":"summary_large_image","twitter_misc":{"Est. reading time":"2 minutt"},"schema":{"@context":"https:\/\/schema.org","@graph":[{"@type":"WebPage","@id":"https:\/\/hoyre.no\/orsta\/lisbeth-bjorneset-myklebust\/","url":"https:\/\/hoyre.no\/orsta\/lisbeth-bjorneset-myklebust\/","name":"Lisbeth Bj\u00f8rneset Myklebust - \u00d8rsta H\u00f8gre","isPartOf":{"@id":"https:\/\/hoyre.no\/orsta\/#website"},"image":{"@id":"https:\/\/hoyre.no\/orsta\/lisbeth-bjorneset-myklebust\/#primaryimage"},"thumbnailUrl":"https:\/\/hoyre.no\/content\/uploads\/sites\/88\/2023\/05\/Lisbeth-.jpeg","datePublished":"2023-06-20T15:48:55+00:00","dateModified":"2025-01-24T10:37:45+00:00","breadcrumb":{"@id":"https:\/\/hoyre.no\/orsta\/lisbeth-bjorneset-myklebust\/#breadcrumb"},"inLanguage":"nn-NO","potentialAction":[{"@type":"ReadAction","target":["https:\/\/hoyre.no\/orsta\/lisbeth-bjorneset-myklebust\/"]}]},{"@type":"ImageObject","inLanguage":"nn-NO","@id":"https:\/\/hoyre.no\/orsta\/lisbeth-bjorneset-myklebust\/#primaryimage","url":"https:\/\/hoyre.no\/content\/uploads\/sites\/88\/2023\/05\/Lisbeth-.jpeg","contentUrl":"https:\/\/hoyre.no\/content\/uploads\/sites\/88\/2023\/05\/Lisbeth-.jpeg"},{"@type":"BreadcrumbList","@id":"https:\/\/hoyre.no\/orsta\/lisbeth-bjorneset-myklebust\/#breadcrumb","itemListElement":[{"@type":"ListItem","position":1,"name":"Til hoyre.no","item":"https:\/\/hoyre.no"},{"@type":"ListItem","position":2,"name":"Hjem","item":"https:\/\/hoyre.no\/orsta\/"},{"@type":"ListItem","position":3,"name":"Lisbeth Bj\u00f8rneset Myklebust"}]},{"@type":"WebSite","@id":"https:\/\/hoyre.no\/orsta\/#website","url":"https:\/\/hoyre.no\/orsta\/","name":"\u00d8rsta H\u00f8gre","description":"Bare enda et H\u00f8yres nettsteder-nettsted","inLanguage":"nn-NO"}]}},"distributor_meta":false,"distributor_terms":false,"distributor_media":false,"distributor_original_site_name":"\u00d8rsta H\u00f8gre","distributor_original_site_url":"https:\/\/hoyre.no\/orsta","push-errors":false,"_links":{"self":[{"href":"https:\/\/hoyre.no\/orsta\/wp-json\/wp\/v2\/pages\/398","targetHints":{"allow":["GET"]}}],"collection":[{"href":"https:\/\/hoyre.no\/orsta\/wp-json\/wp\/v2\/pages"}],"about":[{"href":"https:\/\/hoyre.no\/orsta\/wp-json\/wp\/v2\/types\/page"}],"author":[{"embeddable":true,"href":"https:\/\/hoyre.no\/orsta\/wp-json\/wp\/v2\/users\/30082"}],"replies":[{"embeddable":true,"href":"https:\/\/hoyre.no\/orsta\/wp-json\/wp\/v2\/comments?post=398"}],"version-history":[{"count":6,"href":"https:\/\/hoyre.no\/orsta\/wp-json\/wp\/v2\/pages\/398\/revisions"}],"predecessor-version":[{"id":575,"href":"https:\/\/hoyre.no\/orsta\/wp-json\/wp\/v2\/pages\/398\/revisions\/575"}],"wp:attachment":[{"href":"https:\/\/hoyre.no\/orsta\/wp-json\/wp\/v2\/media?parent=398"}],"curies":[{"name":"wp","href":"https:\/\/api.w.org\/{rel}","templated":true}]}}