{"id":400,"date":"2023-05-22T14:30:24","date_gmt":"2023-05-22T12:30:24","guid":{"rendered":"https:\/\/hoyre.no\/orsta\/?page_id=400"},"modified":"2025-01-24T11:32:35","modified_gmt":"2025-01-24T10:32:35","slug":"brit-aanning-aarseth","status":"publish","type":"page","link":"https:\/\/hoyre.no\/orsta\/brit-aanning-aarseth\/","title":{"rendered":"Brit Aanning Aarseth"},"content":{"rendered":"\n<div class=\"wp-block-hoyre-hero with-image-gradient text-color-light  alignfull has-background\"><div class=\"hoyre-hero \"><h1 class=\"title\">Brit Aanning Aarseth<\/h1><\/div><\/div>\n\n\n\n\n<div class=\"wp-block-media-text alignwide is-stacked-on-mobile is-vertically-aligned-top\"><figure class=\"wp-block-media-text__media\"><img loading=\"lazy\" decoding=\"async\" width=\"819\" height=\"1024\" src=\"https:\/\/hoyre.no\/content\/uploads\/sites\/88\/2023\/05\/Brit-1-819x1024.jpg\" alt=\"\" class=\"wp-image-366 size-full\" srcset=\"https:\/\/hoyre.no\/content\/uploads\/sites\/88\/2023\/05\/Brit-1-819x1024.jpg 819w, https:\/\/hoyre.no\/content\/uploads\/sites\/88\/2023\/05\/Brit-1-240x300.jpg 240w, https:\/\/hoyre.no\/content\/uploads\/sites\/88\/2023\/05\/Brit-1-768x960.jpg 768w, https:\/\/hoyre.no\/content\/uploads\/sites\/88\/2023\/05\/Brit-1-1229x1536.jpg 1229w, https:\/\/hoyre.no\/content\/uploads\/sites\/88\/2023\/05\/Brit-1-1638x2048.jpg 1638w, https:\/\/hoyre.no\/content\/uploads\/sites\/88\/2023\/05\/Brit-1-scaled.jpg 2000w\" sizes=\"auto, (max-width: 819px) 100vw, 819px\" \/><\/figure><div class=\"wp-block-media-text__content\">\n<h2 class=\"wp-block-heading\">Brit Aanning Aarseth                                                               <\/h2>\n\n\n\n<h3 class=\"wp-block-heading\">                                                                                 Bustad: Vartdal                                                                          Yrke: Pensjonist<\/h3>\n\n\n\n<p><strong>Bakgrunn:<\/strong>\u00a0L\u00e6rar og kultursjef<\/p>\n\n\n\n<p>L\u00e6rarh\u00f8gskule. Grunnfag i historie, musikk\/forming,\u00a0spansk, kunsthistorie<\/p>\n\n\n\n<p><strong>Politisk erfaring:<\/strong> Mange\u00e5rig medlem i H\u00f8gre, kommunestyremedlem ei periode, medlem i Eldrer\u00e5det to perioder.<\/p>\n\n\n\n<p><strong>Kvifor h\u00f8gre<\/strong>? H\u00f8gre er eit liberalt-konservativt parti som gir st\u00f8rre fridom og styring av menneskets eige liv. H\u00f8gre har tru p\u00e5 gr\u00fcnderen, det skapande menneske, eit n\u00e6ringsliv som gir grobotn for vekst. H\u00f8gre vil ha eit samfunn som set mennesket framfor systemet.\u00a0<\/p>\n\n\n\n<p><strong>Favorittartist:<\/strong> Ella Fitzerald<\/p>\n\n\n\n<p><strong>Funfact: <\/strong>Spelar piano og toradar, syng i kor. Teiknar og m\u00e5lar, har eige keramikkverkstad. Held foredrag om ulike tema. Er museumsbestyrer for eit lite privat museum p\u00e5 Vartdal. Turistvertinne p\u00e5 Alpehytta. Likar hagearbeid. Skrivelysten, slektshistorie, romaner og barndomsminne. Skriv artikler i ulike bygdeb\u00f8ker, magasin.<\/p>\n\n\n\n<p><strong>Hjartesaker:<\/strong><\/p>\n\n\n\n<p>\ud83d\udc99 Kulturvern, kunst, reiseliv, fredsarbeid. eldresaker, skule. Har st\u00e5tt i bresjen for vern av ms Hindholmen, ein gammal fiskeb\u00e5t fr\u00e5 1916.Er med i stiftinga Embla kvinneskipet ro for fred. Var med i\u00a0 bygginga av Vartdal barnehage p\u00e5 slutten av 1960 talet.<\/p>\n\n\n\n<p>\ud83d\udc99  Er opptatt av livskraftige bygder der barn, unge og eldre framleis skal f\u00e5 bu og virke saman. Viktig at det vert lagt til rette for eit fellesareal for omsorgsbustader p\u00e5 Vartdal. Brenn for at eldre skal f\u00e5 bu lengst muleg i eigen heim. Heimesjukepleia m\u00e5 styrkast. Og eit hjartesukk til slutt: Ver s\u00e5 snill! Alderdommen m\u00e5 friskmeldast, ikkje snakk berre om sjukdom og elende, dei fleste eldre er h\u00f8gst oppeg\u00e5ande og lystne p\u00e5 livet som aldri f\u00f8r.<\/p>\n<\/div><\/div>\n\n","protected":false},"excerpt":{"rendered":"","protected":false},"author":30082,"featured_media":0,"parent":0,"menu_order":0,"comment_status":"closed","ping_status":"closed","template":"","meta":{"teft_cards_image_url":"","teft_cards_custom_pretitle":"","teft_cards_image_id":0,"teft_cards_image_focal_point_x":0,"teft_cards_image_focal_point_y":0,"teft_cards_title":"","teft_cards_excerpt":"","teft_show_chapters":false,"footnotes":""},"class_list":["post-400","page","type-page","status-publish","hentry"],"yoast_head":"<!-- This site is optimized with the Yoast SEO plugin v26.6 - https:\/\/yoast.com\/wordpress\/plugins\/seo\/ -->\n<title>Brit Aanning Aarseth - \u00d8rsta H\u00f8gre<\/title>\n<meta name=\"robots\" content=\"index, follow, max-snippet:-1, max-image-preview:large, max-video-preview:-1\" \/>\n<link rel=\"canonical\" href=\"https:\/\/hoyre.no\/orsta\/brit-aanning-aarseth\/\" \/>\n<meta property=\"og:locale\" content=\"nn_NO\" \/>\n<meta property=\"og:type\" content=\"article\" \/>\n<meta property=\"og:title\" content=\"Brit Aanning Aarseth - \u00d8rsta H\u00f8gre\" \/>\n<meta property=\"og:url\" content=\"https:\/\/hoyre.no\/orsta\/brit-aanning-aarseth\/\" \/>\n<meta property=\"og:site_name\" content=\"\u00d8rsta H\u00f8gre\" \/>\n<meta property=\"article:modified_time\" content=\"2025-01-24T10:32:35+00:00\" \/>\n<meta property=\"og:image\" content=\"https:\/\/hoyre.no\/content\/uploads\/sites\/88\/2023\/05\/Brit-1-scaled.jpg\" \/>\n\t<meta property=\"og:image:width\" content=\"2000\" \/>\n\t<meta property=\"og:image:height\" content=\"2500\" \/>\n\t<meta property=\"og:image:type\" content=\"image\/jpeg\" \/>\n<meta name=\"twitter:card\" content=\"summary_large_image\" \/>\n<meta name=\"twitter:label1\" content=\"Est. reading time\" \/>\n\t<meta name=\"twitter:data1\" content=\"2 minutt\" \/>\n<script type=\"application\/ld+json\" class=\"yoast-schema-graph\">{\"@context\":\"https:\/\/schema.org\",\"@graph\":[{\"@type\":\"WebPage\",\"@id\":\"https:\/\/hoyre.no\/orsta\/brit-aanning-aarseth\/\",\"url\":\"https:\/\/hoyre.no\/orsta\/brit-aanning-aarseth\/\",\"name\":\"Brit Aanning Aarseth - \u00d8rsta H\u00f8gre\",\"isPartOf\":{\"@id\":\"https:\/\/hoyre.no\/orsta\/#website\"},\"image\":{\"@id\":\"https:\/\/hoyre.no\/orsta\/brit-aanning-aarseth\/#primaryimage\"},\"thumbnailUrl\":\"https:\/\/hoyre.no\/content\/uploads\/sites\/88\/2023\/05\/Brit-1-819x1024.jpg\",\"datePublished\":\"2023-05-22T12:30:24+00:00\",\"dateModified\":\"2025-01-24T10:32:35+00:00\",\"breadcrumb\":{\"@id\":\"https:\/\/hoyre.no\/orsta\/brit-aanning-aarseth\/#breadcrumb\"},\"inLanguage\":\"nn-NO\",\"potentialAction\":[{\"@type\":\"ReadAction\",\"target\":[\"https:\/\/hoyre.no\/orsta\/brit-aanning-aarseth\/\"]}]},{\"@type\":\"ImageObject\",\"inLanguage\":\"nn-NO\",\"@id\":\"https:\/\/hoyre.no\/orsta\/brit-aanning-aarseth\/#primaryimage\",\"url\":\"https:\/\/hoyre.no\/content\/uploads\/sites\/88\/2023\/05\/Brit-1-819x1024.jpg\",\"contentUrl\":\"https:\/\/hoyre.no\/content\/uploads\/sites\/88\/2023\/05\/Brit-1-819x1024.jpg\"},{\"@type\":\"BreadcrumbList\",\"@id\":\"https:\/\/hoyre.no\/orsta\/brit-aanning-aarseth\/#breadcrumb\",\"itemListElement\":[{\"@type\":\"ListItem\",\"position\":1,\"name\":\"Til hoyre.no\",\"item\":\"https:\/\/hoyre.no\"},{\"@type\":\"ListItem\",\"position\":2,\"name\":\"Hjem\",\"item\":\"https:\/\/hoyre.no\/orsta\/\"},{\"@type\":\"ListItem\",\"position\":3,\"name\":\"Brit Aanning Aarseth\"}]},{\"@type\":\"WebSite\",\"@id\":\"https:\/\/hoyre.no\/orsta\/#website\",\"url\":\"https:\/\/hoyre.no\/orsta\/\",\"name\":\"\u00d8rsta H\u00f8gre\",\"description\":\"Bare enda et H\u00f8yres nettsteder-nettsted\",\"inLanguage\":\"nn-NO\"}]}<\/script>\n<!-- \/ Yoast SEO plugin. -->","yoast_head_json":{"title":"Brit Aanning Aarseth - \u00d8rsta H\u00f8gre","robots":{"index":"index","follow":"follow","max-snippet":"max-snippet:-1","max-image-preview":"max-image-preview:large","max-video-preview":"max-video-preview:-1"},"canonical":"https:\/\/hoyre.no\/orsta\/brit-aanning-aarseth\/","og_locale":"nn_NO","og_type":"article","og_title":"Brit Aanning Aarseth - \u00d8rsta H\u00f8gre","og_url":"https:\/\/hoyre.no\/orsta\/brit-aanning-aarseth\/","og_site_name":"\u00d8rsta H\u00f8gre","article_modified_time":"2025-01-24T10:32:35+00:00","og_image":[{"width":2000,"height":2500,"url":"https:\/\/hoyre.no\/content\/uploads\/sites\/88\/2023\/05\/Brit-1-scaled.jpg","type":"image\/jpeg"}],"twitter_card":"summary_large_image","twitter_misc":{"Est. reading time":"2 minutt"},"schema":{"@context":"https:\/\/schema.org","@graph":[{"@type":"WebPage","@id":"https:\/\/hoyre.no\/orsta\/brit-aanning-aarseth\/","url":"https:\/\/hoyre.no\/orsta\/brit-aanning-aarseth\/","name":"Brit Aanning Aarseth - \u00d8rsta H\u00f8gre","isPartOf":{"@id":"https:\/\/hoyre.no\/orsta\/#website"},"image":{"@id":"https:\/\/hoyre.no\/orsta\/brit-aanning-aarseth\/#primaryimage"},"thumbnailUrl":"https:\/\/hoyre.no\/content\/uploads\/sites\/88\/2023\/05\/Brit-1-819x1024.jpg","datePublished":"2023-05-22T12:30:24+00:00","dateModified":"2025-01-24T10:32:35+00:00","breadcrumb":{"@id":"https:\/\/hoyre.no\/orsta\/brit-aanning-aarseth\/#breadcrumb"},"inLanguage":"nn-NO","potentialAction":[{"@type":"ReadAction","target":["https:\/\/hoyre.no\/orsta\/brit-aanning-aarseth\/"]}]},{"@type":"ImageObject","inLanguage":"nn-NO","@id":"https:\/\/hoyre.no\/orsta\/brit-aanning-aarseth\/#primaryimage","url":"https:\/\/hoyre.no\/content\/uploads\/sites\/88\/2023\/05\/Brit-1-819x1024.jpg","contentUrl":"https:\/\/hoyre.no\/content\/uploads\/sites\/88\/2023\/05\/Brit-1-819x1024.jpg"},{"@type":"BreadcrumbList","@id":"https:\/\/hoyre.no\/orsta\/brit-aanning-aarseth\/#breadcrumb","itemListElement":[{"@type":"ListItem","position":1,"name":"Til hoyre.no","item":"https:\/\/hoyre.no"},{"@type":"ListItem","position":2,"name":"Hjem","item":"https:\/\/hoyre.no\/orsta\/"},{"@type":"ListItem","position":3,"name":"Brit Aanning Aarseth"}]},{"@type":"WebSite","@id":"https:\/\/hoyre.no\/orsta\/#website","url":"https:\/\/hoyre.no\/orsta\/","name":"\u00d8rsta H\u00f8gre","description":"Bare enda et H\u00f8yres nettsteder-nettsted","inLanguage":"nn-NO"}]}},"distributor_meta":false,"distributor_terms":false,"distributor_media":false,"distributor_original_site_name":"\u00d8rsta H\u00f8gre","distributor_original_site_url":"https:\/\/hoyre.no\/orsta","push-errors":false,"_links":{"self":[{"href":"https:\/\/hoyre.no\/orsta\/wp-json\/wp\/v2\/pages\/400","targetHints":{"allow":["GET"]}}],"collection":[{"href":"https:\/\/hoyre.no\/orsta\/wp-json\/wp\/v2\/pages"}],"about":[{"href":"https:\/\/hoyre.no\/orsta\/wp-json\/wp\/v2\/types\/page"}],"author":[{"embeddable":true,"href":"https:\/\/hoyre.no\/orsta\/wp-json\/wp\/v2\/users\/30082"}],"replies":[{"embeddable":true,"href":"https:\/\/hoyre.no\/orsta\/wp-json\/wp\/v2\/comments?post=400"}],"version-history":[{"count":3,"href":"https:\/\/hoyre.no\/orsta\/wp-json\/wp\/v2\/pages\/400\/revisions"}],"predecessor-version":[{"id":570,"href":"https:\/\/hoyre.no\/orsta\/wp-json\/wp\/v2\/pages\/400\/revisions\/570"}],"wp:attachment":[{"href":"https:\/\/hoyre.no\/orsta\/wp-json\/wp\/v2\/media?parent=400"}],"curies":[{"name":"wp","href":"https:\/\/api.w.org\/{rel}","templated":true}]}}