{"id":511,"date":"2023-08-15T22:11:05","date_gmt":"2023-08-15T20:11:05","guid":{"rendered":"https:\/\/hoyre.no\/orsta\/?page_id=511"},"modified":"2025-01-24T11:44:15","modified_gmt":"2025-01-24T10:44:15","slug":"rune-hovde","status":"publish","type":"page","link":"https:\/\/hoyre.no\/orsta\/rune-hovde\/","title":{"rendered":"Rune Hovde"},"content":{"rendered":"\n\n<p><\/p>\n\n\n\n\n<div class=\"wp-block-media-text alignfull has-media-on-the-right is-stacked-on-mobile is-image-fill\" style=\"grid-template-columns:auto 53%\"><div class=\"wp-block-media-text__content\">\n<h3 class=\"wp-block-heading\"><strong>Rune Hovde<\/strong><br><br>Sivil status: Gift med Ingrid Marie, tre born<br>Bustad: \u00d8rsta sentrum<br>Yrke: Rektor M\u00f8re folkeh\u00f8gskule<\/h3>\n\n\n\n<p><strong>Bakgrunn:<\/strong> Utdanna \u00f8konom med mastergrader i forretningsdrift, marknadsf\u00f8ring og leiing.<br>Ordf\u00f8rar i \u00d8rsta 2011-2015, kommunedirekt\u00f8r Stryn, 2017-2021, fleire leiarstillingar og styreverv.<br>Kommunestyrereoresentant i \u00d8rsta 2003-2017.<br><\/p>\n\n\n\n<p><strong>Fritidsinteresser:<\/strong> Aktiv i sykkelklubben, flyklubben, veteranvognklubben og skyttarlaget. Kanskje<br>naturleg at eg har eit stort hjarte for frivillig arbeid og verdien av dette?<\/p>\n\n\n\n<p><br><strong>Kvifor H\u00f8gre?<\/strong> \u00d8rsta treng eit ansvarleg styringsparti i kommunestyret. For \u00e5 gjere kommunen s\u00e5 god<br>som r\u00e5d er m\u00e5 vi tenkje langsiktig og vere villige til \u00e5 gjere kloke og velfunderte investeringar som vi kan hauste av i framtida. Eg har aldri hatt tru p\u00e5 at det \u00e5 drive ein kommune etter innfallsmetoden er det som gir suksess i det lange l\u00f8pet. H\u00f8gre er garantisten for at vi arbeider etter ein langsiktig og god plan!<br><\/p>\n\n\n\n<p><strong>Hjartesaker:<\/strong> <\/p>\n\n\n\n<p>\ud83d\udc99 Vi m\u00e5 sj\u00e5 og hjelpe dei som verkeleg treng hjelp. N\u00e5r vi prioriterer s\u00e5 m\u00e5 dei svakaste kome f\u00f8rst. Og dei svakaste er slett ikkje alltid dei som ropar h\u00f8gast.<\/p>\n<\/div><figure class=\"wp-block-media-text__media\" style=\"background-image:url('https:\/\/hoyre.no\/content\/uploads\/sites\/88\/2023\/08\/RuneHovde-1-1021x1024.jpg');background-position:33% 13%\"><img loading=\"lazy\" decoding=\"async\" width=\"1021\" height=\"1024\" src=\"https:\/\/hoyre.no\/content\/uploads\/sites\/88\/2023\/08\/RuneHovde-1-1021x1024.jpg\" alt=\"\" class=\"wp-image-513 size-full\" srcset=\"https:\/\/hoyre.no\/content\/uploads\/sites\/88\/2023\/08\/RuneHovde-1-1021x1024.jpg 1021w, https:\/\/hoyre.no\/content\/uploads\/sites\/88\/2023\/08\/RuneHovde-1-300x300.jpg 300w, https:\/\/hoyre.no\/content\/uploads\/sites\/88\/2023\/08\/RuneHovde-1-150x150.jpg 150w, https:\/\/hoyre.no\/content\/uploads\/sites\/88\/2023\/08\/RuneHovde-1-768x770.jpg 768w, https:\/\/hoyre.no\/content\/uploads\/sites\/88\/2023\/08\/RuneHovde-1.jpg 1436w\" sizes=\"auto, (max-width: 1021px) 100vw, 1021px\" \/><\/figure><\/div>\n","protected":false},"excerpt":{"rendered":"<p>Rune Hovde Sivil status: Gift med Ingrid Marie, tre bornBustad: \u00d8rsta sentrumYrke: Rektor M\u00f8re folkeh\u00f8gskule Bakgrunn: Utdanna \u00f8konom med mastergrader i forretningsdrift, marknadsf\u00f8ring og leiing.Ordf\u00f8rar i \u00d8rsta 2011-2015, kommunedirekt\u00f8r Stryn, 2017-2021, fleire leiarstillingar og styreverv.Kommunestyrereoresentant i \u00d8rsta 2003-2017. Fritidsinteresser: Aktiv i sykkelklubben, flyklubben, veteranvognklubben og skyttarlaget. Kanskjenaturleg at eg har eit stort hjarte for frivillig [&hellip;]<\/p>\n","protected":false},"author":30082,"featured_media":0,"parent":0,"menu_order":0,"comment_status":"closed","ping_status":"closed","template":"","meta":{"teft_cards_image_url":"","teft_cards_custom_pretitle":"","teft_cards_image_id":0,"teft_cards_image_focal_point_x":0,"teft_cards_image_focal_point_y":0,"teft_cards_title":"","teft_cards_excerpt":"","teft_show_chapters":false,"footnotes":""},"class_list":["post-511","page","type-page","status-publish","hentry"],"yoast_head":"<!-- This site is optimized with the Yoast SEO plugin v26.6 - https:\/\/yoast.com\/wordpress\/plugins\/seo\/ -->\n<title>Rune Hovde - \u00d8rsta H\u00f8gre<\/title>\n<meta name=\"robots\" content=\"index, follow, max-snippet:-1, max-image-preview:large, max-video-preview:-1\" \/>\n<link rel=\"canonical\" href=\"https:\/\/hoyre.no\/orsta\/rune-hovde\/\" \/>\n<meta property=\"og:locale\" content=\"nn_NO\" \/>\n<meta property=\"og:type\" content=\"article\" \/>\n<meta property=\"og:title\" content=\"Rune Hovde - \u00d8rsta H\u00f8gre\" \/>\n<meta property=\"og:description\" content=\"Rune Hovde Sivil status: Gift med Ingrid Marie, tre bornBustad: \u00d8rsta sentrumYrke: Rektor M\u00f8re folkeh\u00f8gskule Bakgrunn: Utdanna \u00f8konom med mastergrader i forretningsdrift, marknadsf\u00f8ring og leiing.Ordf\u00f8rar i \u00d8rsta 2011-2015, kommunedirekt\u00f8r Stryn, 2017-2021, fleire leiarstillingar og styreverv.Kommunestyrereoresentant i \u00d8rsta 2003-2017. Fritidsinteresser: Aktiv i sykkelklubben, flyklubben, veteranvognklubben og skyttarlaget. Kanskjenaturleg at eg har eit stort hjarte for frivillig [&hellip;]\" \/>\n<meta property=\"og:url\" content=\"https:\/\/hoyre.no\/orsta\/rune-hovde\/\" \/>\n<meta property=\"og:site_name\" content=\"\u00d8rsta H\u00f8gre\" \/>\n<meta property=\"article:modified_time\" content=\"2025-01-24T10:44:15+00:00\" \/>\n<meta property=\"og:image\" content=\"https:\/\/hoyre.no\/content\/uploads\/sites\/88\/2023\/08\/RuneHovde-1.jpg\" \/>\n\t<meta property=\"og:image:width\" content=\"1436\" \/>\n\t<meta property=\"og:image:height\" content=\"1440\" \/>\n\t<meta property=\"og:image:type\" content=\"image\/jpeg\" \/>\n<meta name=\"twitter:card\" content=\"summary_large_image\" \/>\n<meta name=\"twitter:label1\" content=\"Est. reading time\" \/>\n\t<meta name=\"twitter:data1\" content=\"2 minutt\" \/>\n<script type=\"application\/ld+json\" class=\"yoast-schema-graph\">{\"@context\":\"https:\/\/schema.org\",\"@graph\":[{\"@type\":\"WebPage\",\"@id\":\"https:\/\/hoyre.no\/orsta\/rune-hovde\/\",\"url\":\"https:\/\/hoyre.no\/orsta\/rune-hovde\/\",\"name\":\"Rune Hovde - \u00d8rsta H\u00f8gre\",\"isPartOf\":{\"@id\":\"https:\/\/hoyre.no\/orsta\/#website\"},\"image\":{\"@id\":\"https:\/\/hoyre.no\/orsta\/rune-hovde\/#primaryimage\"},\"thumbnailUrl\":\"https:\/\/hoyre.no\/content\/uploads\/sites\/88\/2023\/08\/RuneHovde-1-1021x1024.jpg\",\"datePublished\":\"2023-08-15T20:11:05+00:00\",\"dateModified\":\"2025-01-24T10:44:15+00:00\",\"breadcrumb\":{\"@id\":\"https:\/\/hoyre.no\/orsta\/rune-hovde\/#breadcrumb\"},\"inLanguage\":\"nn-NO\",\"potentialAction\":[{\"@type\":\"ReadAction\",\"target\":[\"https:\/\/hoyre.no\/orsta\/rune-hovde\/\"]}]},{\"@type\":\"ImageObject\",\"inLanguage\":\"nn-NO\",\"@id\":\"https:\/\/hoyre.no\/orsta\/rune-hovde\/#primaryimage\",\"url\":\"https:\/\/hoyre.no\/content\/uploads\/sites\/88\/2023\/08\/RuneHovde-1-1021x1024.jpg\",\"contentUrl\":\"https:\/\/hoyre.no\/content\/uploads\/sites\/88\/2023\/08\/RuneHovde-1-1021x1024.jpg\"},{\"@type\":\"BreadcrumbList\",\"@id\":\"https:\/\/hoyre.no\/orsta\/rune-hovde\/#breadcrumb\",\"itemListElement\":[{\"@type\":\"ListItem\",\"position\":1,\"name\":\"Til hoyre.no\",\"item\":\"https:\/\/hoyre.no\"},{\"@type\":\"ListItem\",\"position\":2,\"name\":\"Hjem\",\"item\":\"https:\/\/hoyre.no\/orsta\/\"},{\"@type\":\"ListItem\",\"position\":3,\"name\":\"Rune Hovde\"}]},{\"@type\":\"WebSite\",\"@id\":\"https:\/\/hoyre.no\/orsta\/#website\",\"url\":\"https:\/\/hoyre.no\/orsta\/\",\"name\":\"\u00d8rsta H\u00f8gre\",\"description\":\"Bare enda et H\u00f8yres nettsteder-nettsted\",\"inLanguage\":\"nn-NO\"}]}<\/script>\n<!-- \/ Yoast SEO plugin. -->","yoast_head_json":{"title":"Rune Hovde - \u00d8rsta H\u00f8gre","robots":{"index":"index","follow":"follow","max-snippet":"max-snippet:-1","max-image-preview":"max-image-preview:large","max-video-preview":"max-video-preview:-1"},"canonical":"https:\/\/hoyre.no\/orsta\/rune-hovde\/","og_locale":"nn_NO","og_type":"article","og_title":"Rune Hovde - \u00d8rsta H\u00f8gre","og_description":"Rune Hovde Sivil status: Gift med Ingrid Marie, tre bornBustad: \u00d8rsta sentrumYrke: Rektor M\u00f8re folkeh\u00f8gskule Bakgrunn: Utdanna \u00f8konom med mastergrader i forretningsdrift, marknadsf\u00f8ring og leiing.Ordf\u00f8rar i \u00d8rsta 2011-2015, kommunedirekt\u00f8r Stryn, 2017-2021, fleire leiarstillingar og styreverv.Kommunestyrereoresentant i \u00d8rsta 2003-2017. Fritidsinteresser: Aktiv i sykkelklubben, flyklubben, veteranvognklubben og skyttarlaget. Kanskjenaturleg at eg har eit stort hjarte for frivillig [&hellip;]","og_url":"https:\/\/hoyre.no\/orsta\/rune-hovde\/","og_site_name":"\u00d8rsta H\u00f8gre","article_modified_time":"2025-01-24T10:44:15+00:00","og_image":[{"width":1436,"height":1440,"url":"https:\/\/hoyre.no\/content\/uploads\/sites\/88\/2023\/08\/RuneHovde-1.jpg","type":"image\/jpeg"}],"twitter_card":"summary_large_image","twitter_misc":{"Est. reading time":"2 minutt"},"schema":{"@context":"https:\/\/schema.org","@graph":[{"@type":"WebPage","@id":"https:\/\/hoyre.no\/orsta\/rune-hovde\/","url":"https:\/\/hoyre.no\/orsta\/rune-hovde\/","name":"Rune Hovde - \u00d8rsta H\u00f8gre","isPartOf":{"@id":"https:\/\/hoyre.no\/orsta\/#website"},"image":{"@id":"https:\/\/hoyre.no\/orsta\/rune-hovde\/#primaryimage"},"thumbnailUrl":"https:\/\/hoyre.no\/content\/uploads\/sites\/88\/2023\/08\/RuneHovde-1-1021x1024.jpg","datePublished":"2023-08-15T20:11:05+00:00","dateModified":"2025-01-24T10:44:15+00:00","breadcrumb":{"@id":"https:\/\/hoyre.no\/orsta\/rune-hovde\/#breadcrumb"},"inLanguage":"nn-NO","potentialAction":[{"@type":"ReadAction","target":["https:\/\/hoyre.no\/orsta\/rune-hovde\/"]}]},{"@type":"ImageObject","inLanguage":"nn-NO","@id":"https:\/\/hoyre.no\/orsta\/rune-hovde\/#primaryimage","url":"https:\/\/hoyre.no\/content\/uploads\/sites\/88\/2023\/08\/RuneHovde-1-1021x1024.jpg","contentUrl":"https:\/\/hoyre.no\/content\/uploads\/sites\/88\/2023\/08\/RuneHovde-1-1021x1024.jpg"},{"@type":"BreadcrumbList","@id":"https:\/\/hoyre.no\/orsta\/rune-hovde\/#breadcrumb","itemListElement":[{"@type":"ListItem","position":1,"name":"Til hoyre.no","item":"https:\/\/hoyre.no"},{"@type":"ListItem","position":2,"name":"Hjem","item":"https:\/\/hoyre.no\/orsta\/"},{"@type":"ListItem","position":3,"name":"Rune Hovde"}]},{"@type":"WebSite","@id":"https:\/\/hoyre.no\/orsta\/#website","url":"https:\/\/hoyre.no\/orsta\/","name":"\u00d8rsta H\u00f8gre","description":"Bare enda et H\u00f8yres nettsteder-nettsted","inLanguage":"nn-NO"}]}},"distributor_meta":false,"distributor_terms":false,"distributor_media":false,"distributor_original_site_name":"\u00d8rsta H\u00f8gre","distributor_original_site_url":"https:\/\/hoyre.no\/orsta","push-errors":false,"_links":{"self":[{"href":"https:\/\/hoyre.no\/orsta\/wp-json\/wp\/v2\/pages\/511","targetHints":{"allow":["GET"]}}],"collection":[{"href":"https:\/\/hoyre.no\/orsta\/wp-json\/wp\/v2\/pages"}],"about":[{"href":"https:\/\/hoyre.no\/orsta\/wp-json\/wp\/v2\/types\/page"}],"author":[{"embeddable":true,"href":"https:\/\/hoyre.no\/orsta\/wp-json\/wp\/v2\/users\/30082"}],"replies":[{"embeddable":true,"href":"https:\/\/hoyre.no\/orsta\/wp-json\/wp\/v2\/comments?post=511"}],"version-history":[{"count":2,"href":"https:\/\/hoyre.no\/orsta\/wp-json\/wp\/v2\/pages\/511\/revisions"}],"predecessor-version":[{"id":577,"href":"https:\/\/hoyre.no\/orsta\/wp-json\/wp\/v2\/pages\/511\/revisions\/577"}],"wp:attachment":[{"href":"https:\/\/hoyre.no\/orsta\/wp-json\/wp\/v2\/media?parent=511"}],"curies":[{"name":"wp","href":"https:\/\/api.w.org\/{rel}","templated":true}]}}