{"id":5,"date":"2024-02-26T13:38:14","date_gmt":"2024-02-26T12:38:14","guid":{"rendered":"https:\/\/hoyre.no\/oslo-senior\/politikk\/"},"modified":"2025-08-11T23:22:46","modified_gmt":"2025-08-11T21:22:46","slug":"politikk","status":"publish","type":"page","link":"https:\/\/hoyre.no\/oslo-senior\/politikk\/","title":{"rendered":"Politikk"},"content":{"rendered":"\n<div class=\"wp-block-hoyre-hero with-image-gradient text-color-light  has-media alignfull has-background\"><div class=\"hoyre-hero has-image\"><h1 class=\"title\">Politikk<br><\/h1><p class=\"preamble\"> H\u00f8yre gj\u00f8r Norge klar for fremtiden. <br>Verden forandrer seg i et tempo vi aldri f\u00f8r har opplevd. <br>Da er det v\u00e5rt ansvar \u00e5 ta vare p\u00e5 velferden for alle. <br><br>H\u00f8yre i din kommune og i regjering jobber <br>hver dag for \u00e5 fornye, forenkle og forbedre. <br>Det dreier seg om din velferd. <br><br><strong>Det betyr noe om H\u00f8yre styrer<\/strong>.<\/p>\t\t\t<div class=\"post-meta wp-block teft-byline-wrapper\">\n\t\t\t\t<div class=\"top\">\n\t\t\t\t\t<div class=\"signature\">\n\t\t\t\t\t\t<div class=\"teft-byline\">\n\t\t\t\t\t\t\t\t\t\t\t\t\t\t<div>\n\t\t\t\t\t\t\t\t<h3>H\u00f8yres redaksjon<\/h3>\t\t\t\t\t\t\t\t\n\t\t\t\t\t\t\t\t\t\t\t\t\t\t\t\t\t<span class=\"date\">Sist oppdatert: 11. august 2025<\/span>\n\t\t\t\t\t\t\t\t\t\t\t\t\t\t\t\t\t\t\t\t\t\t\t\t\t<span class=\"reading-time\" itemprop=\"timeRequired\" content=\"PT3M\"><em>Ca. 3 minutter lesetid<\/em><\/span>\n\t\t\t\t\t\t\t\t\t\t\t\t\t\t\t<\/div>\n\t\t\t\t\t\t<\/div>\n\t\t\t\t\t<\/div>\n\t\t\t\t\t\t<div class=\"sharing\">\n\t\t<a class=\"share-button share-link copy-link\" data-copy=\"https:\/\/hoyre.no\/oslo-senior\/politikk\/\" target=\"_blank\"><span class=\"screen-reader-text\">Del link<\/span><\/a>\n\t\t<a class=\"share-button share-twitter\" href=\"http:\/\/twitter.com\/share?text=Politikk&#038;url=https:\/\/hoyre.no\/oslo-senior\/politikk\/&#038;hashtags=Hoyre\" target=\"_blank\"><span class=\"screen-reader-text\">Del p\u00e5 twitter<\/span><\/a>\n\t\t<a class=\"share-button share-facebook\" href=\"https:\/\/www.facebook.com\/sharer\/sharer.php?u=https:\/\/hoyre.no\/oslo-senior\/politikk\/\" target=\"_blank\"><span class=\"screen-reader-text\">Del p\u00e5 facebook<\/span><\/a>\n\t<\/div>\n\t\t\t\t\t<\/div>\n\t\t\t<\/div>\n\n\t\t\t<figure class=\"hoyre-image-wrapper\"><div class=\"hoyre-image\"><img loading=\"lazy\" decoding=\"async\" width=\"1920\" height=\"1080\" src=\"https:\/\/hoyre.no\/content\/uploads\/sites\/438\/2025\/01\/2.png\" class=\"attachment-scaled size-scaled\" alt=\"\" style=\"object-position: 50% 50%\" srcset=\"https:\/\/hoyre.no\/content\/uploads\/sites\/438\/2025\/01\/2.png 1920w, https:\/\/hoyre.no\/content\/uploads\/sites\/438\/2025\/01\/2-300x169.png 300w, https:\/\/hoyre.no\/content\/uploads\/sites\/438\/2025\/01\/2-1024x576.png 1024w, https:\/\/hoyre.no\/content\/uploads\/sites\/438\/2025\/01\/2-768x432.png 768w, https:\/\/hoyre.no\/content\/uploads\/sites\/438\/2025\/01\/2-1536x864.png 1536w\" sizes=\"auto, (max-width: 1920px) 100vw, 1920px\" \/><\/div><\/figure><\/div><\/div>\n\n\n\n\n<p>De <strong>ordin\u00e6re medlemsm\u00f8tene<\/strong> i Oslo Senior-H\u00f8yre er \u00e5pne&nbsp;for alle interesserte som er medlem av H\u00f8yre eller av en lokal Senior H\u00f8yre gruppe. <br>Inviter gjerne med venner og bekjente. <br><strong>Andre m\u00f8ter og turer:<\/strong> Til v\u00e5re \u00f8vrige m\u00f8ter og turer er det n\u00f8dvendig med p\u00e5melding.<\/p>\n\n\n\n<p><\/p>\n\n\n\n<p><\/p>\n\n\n\n<p><strong>Nedenfor finner du dokumenter, innspill og synspunkter fra Oslo Senior H\u00f8yre formidlet til H\u00f8yres lokale og\/eller nasjonale politikere.<\/strong><br><\/p>\n\n\n\n<div class=\"wp-block-teft-file icon-link-block\"><a href=\"https:\/\/hoyre.no\/content\/uploads\/sites\/438\/2025\/08\/HOYREs-argumentliste-valg-2025-1.pdf\" download><span class=\"file-title\">H\u00d8YREs argumentliste valg 2025<\/span><span class=\"file-name\"><\/span><\/a><\/div>\n\n\n\n<div class=\"wp-block-teft-file icon-link-block\"><a href=\"https:\/\/hoyre.no\/content\/uploads\/sites\/438\/2025\/04\/Langsiktige-avtaler-om-rehabilitering_24.04.2025.pdf\" download><span class=\"file-title\">Langsiktige avtaler om rehabilitering 24.04.2025<\/span><span class=\"file-name\"><\/span><\/a><\/div>\n\n\n\n<div class=\"wp-block-teft-file icon-link-block\"><a href=\"https:\/\/hoyre.no\/content\/uploads\/sites\/438\/2025\/03\/Innspill-fra-Forsvarsgruppen-14.03.2025_web-1.pdf\" download><span class=\"file-title\">Innspill om forsvar- og sikkerhetspolitikk 14.03.2025<\/span><span class=\"file-name\"><\/span><\/a><\/div>\n\n\n\n<div class=\"wp-block-teft-file icon-link-block\"><a href=\"https:\/\/hoyre.no\/content\/uploads\/sites\/438\/2025\/03\/Vi-trenger-ny-verdensorden_OSH_05.03.2025.pdf\" download><span class=\"file-title\">En ny verdensorden. Innspill 05.03.2025<\/span><span class=\"file-name\"><\/span><\/a><\/div>\n\n\n\n\n<div class=\"wp-block-teft-file icon-link-block\"><a href=\"https:\/\/hoyre.no\/content\/uploads\/sites\/438\/2025\/01\/Digital-versjon-OSH-program25.pdf\" download><span class=\"file-title\">Oslo Senior H\u00f8yre program for 2025<\/span><span class=\"file-name\">Digital-versjon-OSH-program25.pdf [136.3kb]<\/span><\/a><\/div>\n\n\n\n<div class=\"wp-block-teft-file icon-link-block\"><a href=\"https:\/\/hoyre.no\/content\/uploads\/sites\/438\/2024\/02\/Uttalelse-Nye-boformer-23.01.2476.pdf\" download><span class=\"file-title\">Uttalelse Nye boformer 23.01.24<\/span><span class=\"file-name\">Uttalelse-Nye-boformer-23.01.2476.pdf [11.1kb]<\/span><\/a><\/div>\n\n\n\n<div class=\"wp-block-teft-file icon-link-block\"><a href=\"https:\/\/hoyre.no\/content\/uploads\/sites\/438\/2024\/02\/Uttalelse-personer-med-demens-23.01.2453.pdf\" download><span class=\"file-title\">Uttalelse personer med demens 23.01.24<\/span><span class=\"file-name\">Uttalelse-personer-med-demens-23.01.2453.pdf [11.1kb]<\/span><\/a><\/div>\n\n\n\n<div class=\"wp-block-teft-file icon-link-block\"><a href=\"https:\/\/hoyre.no\/content\/uploads\/sites\/438\/2024\/02\/OSH-Resolusjon-kjernekraft54.pdf\" download><span class=\"file-title\">OSH Resolusjon kjernekraft 12.12.2023<\/span><span class=\"file-name\">OSH-Resolusjon-kjernekraft54.pdf [18.2kb]<\/span><\/a><\/div>\n\n\n\n<div class=\"wp-block-teft-file icon-link-block\"><a href=\"https:\/\/hoyre.no\/content\/uploads\/sites\/438\/2024\/02\/Uttalelse-om-a\u030a-sta\u030a-lenger-i-jobb-23.01.2418.pdf\" download><span class=\"file-title\">Uttalelse om a\u030a sta\u030a lenger i jobb 23.01.24<\/span><span class=\"file-name\">Uttalelse-om-a\u030a-sta\u030a-lenger-i-jobb-23.01.2418.pdf [6.2kb]<\/span><\/a><\/div>\n\n\n\n<div class=\"wp-block-teft-file icon-link-block\"><a href=\"https:\/\/hoyre.no\/content\/uploads\/sites\/438\/2024\/02\/To-resolusjoner.-1.-Personer-med-demens-2.-Eldreboliger86.pdf\" download><span class=\"file-title\">To resolusjoner: 1. Personer med demens 2. Eldreboliger<\/span><span class=\"file-name\">To-resolusjoner.-1.-Personer-med-demens-2.-Eldreboliger86.pdf [15.7kb]<\/span><\/a><\/div>\n\n\n\n<div class=\"wp-block-teft-file icon-link-block\"><a href=\"https:\/\/hoyre.no\/content\/uploads\/sites\/408\/2024\/01\/Protokoll_Oslo-H_13122023.pdf\" download><span class=\"file-title\">Protokoll fra \u00e5rsm\u00f8te 2023<\/span><\/a><\/div>\n\n\n\n<div class=\"wp-block-teft-file icon-link-block\"><a href=\"https:\/\/hoyre.no\/content\/uploads\/sites\/408\/2023\/01\/OSH-om-forsvaret-24.1167.docx\" download><span class=\"file-title\">OSH om forsvaret <\/span><span class=\"file-name\">OSH-om-forsvaret-24.1167.docx [1.4kb]<\/span><\/a><\/div>\n\n\n\n<div class=\"wp-block-teft-file icon-link-block\"><a href=\"https:\/\/hoyre.no\/content\/uploads\/sites\/408\/2022\/10\/Fastlegeordningen.pdf\" download><span class=\"file-title\">Fastlegeordningen<\/span><span class=\"file-name\"><\/span><\/a><\/div>\n\n\n\n<div class=\"wp-block-teft-file icon-link-block\"><a href=\"https:\/\/hoyre.no\/content\/uploads\/sites\/408\/2022\/10\/Et-forbedret-pensjonssystem.pdf\" download><span class=\"file-title\">Et forbedret pensjonssystem<\/span><span class=\"file-name\"><\/span><\/a><\/div>\n\n\n","protected":false},"excerpt":{"rendered":"","protected":false},"author":51320,"featured_media":0,"parent":0,"menu_order":0,"comment_status":"closed","ping_status":"closed","template":"","meta":{"teft_cards_image_url":"","teft_cards_custom_pretitle":"","teft_cards_image_id":284,"teft_cards_image_focal_point_x":0.5,"teft_cards_image_focal_point_y":0.5,"teft_cards_title":"","teft_cards_excerpt":"","teft_show_chapters":false,"footnotes":""},"class_list":["post-5","page","type-page","status-publish","hentry"],"yoast_head":"<!-- This site is optimized with the Yoast SEO plugin v26.6 - https:\/\/yoast.com\/wordpress\/plugins\/seo\/ -->\n<title>Politikk - Oslo Senior H\u00f8yre<\/title>\n<meta name=\"robots\" content=\"index, follow, max-snippet:-1, max-image-preview:large, max-video-preview:-1\" \/>\n<link rel=\"canonical\" href=\"https:\/\/hoyre.no\/oslo-senior\/politikk\/\" \/>\n<meta property=\"og:locale\" content=\"nb_NO\" \/>\n<meta property=\"og:type\" content=\"article\" \/>\n<meta property=\"og:title\" content=\"Politikk - Oslo Senior H\u00f8yre\" \/>\n<meta property=\"og:url\" content=\"https:\/\/hoyre.no\/oslo-senior\/politikk\/\" \/>\n<meta property=\"og:site_name\" content=\"Oslo Senior H\u00f8yre\" \/>\n<meta property=\"article:modified_time\" content=\"2025-08-11T21:22:46+00:00\" \/>\n<meta property=\"og:image\" content=\"https:\/\/hoyre.no\/content\/uploads\/sites\/438\/2025\/01\/3-1024x576.png\" \/>\n<meta name=\"twitter:card\" content=\"summary_large_image\" \/>\n<meta name=\"twitter:label1\" content=\"Ansl. lesetid\" \/>\n\t<meta name=\"twitter:data1\" content=\"2 minutter\" \/>\n<script type=\"application\/ld+json\" class=\"yoast-schema-graph\">{\"@context\":\"https:\/\/schema.org\",\"@graph\":[{\"@type\":\"WebPage\",\"@id\":\"https:\/\/hoyre.no\/oslo-senior\/politikk\/\",\"url\":\"https:\/\/hoyre.no\/oslo-senior\/politikk\/\",\"name\":\"Politikk - Oslo Senior H\u00f8yre\",\"isPartOf\":{\"@id\":\"https:\/\/hoyre.no\/oslo-senior\/#website\"},\"datePublished\":\"2024-02-26T12:38:14+00:00\",\"dateModified\":\"2025-08-11T21:22:46+00:00\",\"breadcrumb\":{\"@id\":\"https:\/\/hoyre.no\/oslo-senior\/politikk\/#breadcrumb\"},\"inLanguage\":\"nb-NO\",\"potentialAction\":[{\"@type\":\"ReadAction\",\"target\":[\"https:\/\/hoyre.no\/oslo-senior\/politikk\/\"]}]},{\"@type\":\"BreadcrumbList\",\"@id\":\"https:\/\/hoyre.no\/oslo-senior\/politikk\/#breadcrumb\",\"itemListElement\":[{\"@type\":\"ListItem\",\"position\":1,\"name\":\"Til hoyre.no\",\"item\":\"https:\/\/hoyre.no\"},{\"@type\":\"ListItem\",\"position\":2,\"name\":\"Hjem\",\"item\":\"https:\/\/hoyre.no\/oslo-senior\/\"},{\"@type\":\"ListItem\",\"position\":3,\"name\":\"Politikk\"}]},{\"@type\":\"WebSite\",\"@id\":\"https:\/\/hoyre.no\/oslo-senior\/#website\",\"url\":\"https:\/\/hoyre.no\/oslo-senior\/\",\"name\":\"Oslo Senior H\u00f8yre\",\"description\":\"\",\"inLanguage\":\"nb-NO\"}]}<\/script>\n<!-- \/ Yoast SEO plugin. -->","yoast_head_json":{"title":"Politikk - Oslo Senior H\u00f8yre","robots":{"index":"index","follow":"follow","max-snippet":"max-snippet:-1","max-image-preview":"max-image-preview:large","max-video-preview":"max-video-preview:-1"},"canonical":"https:\/\/hoyre.no\/oslo-senior\/politikk\/","og_locale":"nb_NO","og_type":"article","og_title":"Politikk - Oslo Senior H\u00f8yre","og_url":"https:\/\/hoyre.no\/oslo-senior\/politikk\/","og_site_name":"Oslo Senior H\u00f8yre","article_modified_time":"2025-08-11T21:22:46+00:00","og_image":[{"url":"https:\/\/hoyre.no\/content\/uploads\/sites\/438\/2025\/01\/3-1024x576.png","width":"","height":"","type":""}],"twitter_card":"summary_large_image","twitter_misc":{"Ansl. lesetid":"2 minutter"},"schema":{"@context":"https:\/\/schema.org","@graph":[{"@type":"WebPage","@id":"https:\/\/hoyre.no\/oslo-senior\/politikk\/","url":"https:\/\/hoyre.no\/oslo-senior\/politikk\/","name":"Politikk - Oslo Senior H\u00f8yre","isPartOf":{"@id":"https:\/\/hoyre.no\/oslo-senior\/#website"},"datePublished":"2024-02-26T12:38:14+00:00","dateModified":"2025-08-11T21:22:46+00:00","breadcrumb":{"@id":"https:\/\/hoyre.no\/oslo-senior\/politikk\/#breadcrumb"},"inLanguage":"nb-NO","potentialAction":[{"@type":"ReadAction","target":["https:\/\/hoyre.no\/oslo-senior\/politikk\/"]}]},{"@type":"BreadcrumbList","@id":"https:\/\/hoyre.no\/oslo-senior\/politikk\/#breadcrumb","itemListElement":[{"@type":"ListItem","position":1,"name":"Til hoyre.no","item":"https:\/\/hoyre.no"},{"@type":"ListItem","position":2,"name":"Hjem","item":"https:\/\/hoyre.no\/oslo-senior\/"},{"@type":"ListItem","position":3,"name":"Politikk"}]},{"@type":"WebSite","@id":"https:\/\/hoyre.no\/oslo-senior\/#website","url":"https:\/\/hoyre.no\/oslo-senior\/","name":"Oslo Senior H\u00f8yre","description":"","inLanguage":"nb-NO"}]}},"distributor_meta":false,"distributor_terms":false,"distributor_media":false,"distributor_original_site_name":"Oslo Senior H\u00f8yre","distributor_original_site_url":"https:\/\/hoyre.no\/oslo-senior","push-errors":false,"_links":{"self":[{"href":"https:\/\/hoyre.no\/oslo-senior\/wp-json\/wp\/v2\/pages\/5","targetHints":{"allow":["GET"]}}],"collection":[{"href":"https:\/\/hoyre.no\/oslo-senior\/wp-json\/wp\/v2\/pages"}],"about":[{"href":"https:\/\/hoyre.no\/oslo-senior\/wp-json\/wp\/v2\/types\/page"}],"author":[{"embeddable":true,"href":"https:\/\/hoyre.no\/oslo-senior\/wp-json\/wp\/v2\/users\/51320"}],"replies":[{"embeddable":true,"href":"https:\/\/hoyre.no\/oslo-senior\/wp-json\/wp\/v2\/comments?post=5"}],"version-history":[{"count":33,"href":"https:\/\/hoyre.no\/oslo-senior\/wp-json\/wp\/v2\/pages\/5\/revisions"}],"predecessor-version":[{"id":752,"href":"https:\/\/hoyre.no\/oslo-senior\/wp-json\/wp\/v2\/pages\/5\/revisions\/752"}],"wp:attachment":[{"href":"https:\/\/hoyre.no\/oslo-senior\/wp-json\/wp\/v2\/media?parent=5"}],"curies":[{"name":"wp","href":"https:\/\/api.w.org\/{rel}","templated":true}]}}