{"id":109,"date":"2022-09-18T16:33:49","date_gmt":"2022-09-18T14:33:49","guid":{"rendered":"https:\/\/hoyre.no\/oslo\/?page_id=109"},"modified":"2025-05-27T12:56:08","modified_gmt":"2025-05-27T10:56:08","slug":"politisk-ideologi","status":"publish","type":"page","link":"https:\/\/hoyre.no\/oslo\/politikk\/politisk-ideologi\/","title":{"rendered":"Politisk ideologi"},"content":{"rendered":"\n<div class=\"wp-block-hoyre-hero with-image-gradient text-color-light  has-media alignfull has-background\"><div class=\"hoyre-hero has-image\"><h1 class=\"title\">Politisk ideologi<\/h1><p class=\"preamble\">Her kan du lese om Oslo H\u00f8yres ideologiske grunnlag.<\/p>\t\t\t<div class=\"post-meta wp-block teft-byline-wrapper\">\n\t\t\t\t<div class=\"top\">\n\t\t\t\t\t<div class=\"signature\">\n\t\t\t\t\t\t<div class=\"teft-byline\">\n\t\t\t\t\t\t\t\t\t\t\t\t\t\t<div>\n\t\t\t\t\t\t\t\t<h3>H\u00f8yres redaksjon<\/h3>\t\t\t\t\t\t\t\t\n\t\t\t\t\t\t\t\t\t\t\t\t\t\t\t\t\t<span class=\"date\">Sist oppdatert: 27. mai 2025<\/span>\n\t\t\t\t\t\t\t\t\t\t\t\t\t\t\t\t\t\t\t\t\t\t\t\t\t<span class=\"reading-time\" itemprop=\"timeRequired\" content=\"PT2M\"><em>Ca. 2 minutter lesetid<\/em><\/span>\n\t\t\t\t\t\t\t\t\t\t\t\t\t\t\t<\/div>\n\t\t\t\t\t\t<\/div>\n\t\t\t\t\t<\/div>\n\t\t\t\t\t\t<div class=\"sharing\">\n\t\t<a class=\"share-button share-link copy-link\" data-copy=\"https:\/\/hoyre.no\/oslo\/politikk\/politisk-ideologi\/\" target=\"_blank\"><span class=\"screen-reader-text\">Del link<\/span><\/a>\n\t\t<a class=\"share-button share-twitter\" href=\"http:\/\/twitter.com\/share?text=Politisk ideologi&#038;url=https:\/\/hoyre.no\/oslo\/politikk\/politisk-ideologi\/&#038;hashtags=Hoyre\" target=\"_blank\"><span class=\"screen-reader-text\">Del p\u00e5 twitter<\/span><\/a>\n\t\t<a class=\"share-button share-facebook\" href=\"https:\/\/www.facebook.com\/sharer\/sharer.php?u=https:\/\/hoyre.no\/oslo\/politikk\/politisk-ideologi\/\" target=\"_blank\"><span class=\"screen-reader-text\">Del p\u00e5 facebook<\/span><\/a>\n\t<\/div>\n\t\t\t\t\t<\/div>\n\t\t\t<\/div>\n\n\t\t\t<figure class=\"hoyre-image-wrapper\"><div class=\"hoyre-image\"><img loading=\"lazy\" decoding=\"async\" width=\"2500\" height=\"1667\" src=\"https:\/\/hoyre.no\/content\/uploads\/sites\/408\/2023\/01\/3i1XMVUE-scaled.jpeg\" class=\"attachment-scaled size-scaled\" alt=\"\" style=\"object-position: 50% 50%\" srcset=\"https:\/\/hoyre.no\/content\/uploads\/sites\/408\/2023\/01\/3i1XMVUE-scaled.jpeg 2500w, https:\/\/hoyre.no\/content\/uploads\/sites\/408\/2023\/01\/3i1XMVUE-300x200.jpeg 300w, https:\/\/hoyre.no\/content\/uploads\/sites\/408\/2023\/01\/3i1XMVUE-1024x683.jpeg 1024w, https:\/\/hoyre.no\/content\/uploads\/sites\/408\/2023\/01\/3i1XMVUE-768x512.jpeg 768w, https:\/\/hoyre.no\/content\/uploads\/sites\/408\/2023\/01\/3i1XMVUE-1536x1024.jpeg 1536w, https:\/\/hoyre.no\/content\/uploads\/sites\/408\/2023\/01\/3i1XMVUE-2048x1365.jpeg 2048w\" sizes=\"auto, (max-width: 2500px) 100vw, 2500px\" \/><\/div><\/figure><\/div><\/div>\n\n\n\n\n<p><strong>Partiet H\u00f8yre ble stiftet i 1884. Partiets form\u00e5lsparagraf fra 1971 sl\u00e5r fast at:<\/strong><br><br><em>H\u00f8yre vil f\u00f8re en konservativ fremskrittspolitikk, bygget p\u00e5 det kristne kulturgrunnlag, rettsstaten og folkestyret, for \u00e5 fremme personlig frihet og sosialt ansvar, medbestemmelse og eiendomsrett, og et forpliktende nasjonalt og internasjonalt samarbeid.<\/em><\/p>\n\n\n\n<p>Oslo H\u00f8yre vil f\u00f8re en politikk som forsterker innbyggernes og familienes muligheter til \u00e5 ta egne valg og forme sin egen fremtid. Oslo er mulighetenes by. F\u00e5 andre steder har familier og enkeltmennesker de samme mulighetene til \u00e5 leve de livene de \u00f8nsker og til \u00e5 virkeliggj\u00f8re dr\u00f8mmene sine. Mangfoldet som finnes i Oslo gj\u00f8r at mulighetene til \u00e5 ta egne valg er st\u00f8rst her.<\/p>\n\n\n\n<p>Oslo H\u00f8yre arbeider ogs\u00e5 for at Oslo skal v\u00e6re verdens mest milj\u00f8 -og klimavennlige storby. N\u00e5r vi tar vare p\u00e5 v\u00e5rt lokale milj\u00f8, reduserer vi ogs\u00e5 v\u00e5rt globale klimafotavtrykk. Det m\u00e5 v\u00e6re enkelt for oss alle \u00e5 gj\u00f8re gode milj\u00f8valg i hverdagen.<\/p>\n\n\n\n<p><strong>Oslo H\u00f8yres viktigste grep for at Oslo skal v\u00e6re en bedre by for oss som lever her er<\/strong>:<\/p>\n\n\n\n<ul class=\"wp-block-list\">\n<li>\u00e5 s\u00f8rge for at kommunens tjeneste- og velferdstilbud for oss som innbyggere har h\u00f8y kvalitet<\/li>\n\n\n\n<li>\u00e5 bidra til valgfrihet og muligheter slik at vi kan skape det beste for v\u00e5re n\u00e6rmeste<\/li>\n\n\n\n<li>at n\u00e6ringslivet har de beste vilk\u00e5rene for nyskaping og vekst<\/li>\n<\/ul>\n\n\n\n<div class=\"wp-block-hoyre-banner undefined\"><div class=\"banner-inner\"><figure class=\"hoyre-image-wrapper\"><div class=\"hoyre-image\"><img loading=\"lazy\" decoding=\"async\" width=\"2048\" height=\"1366\" src=\"https:\/\/hoyre.no\/content\/uploads\/sites\/408\/2025\/01\/kare.png\" class=\"attachment-scaled size-scaled\" alt=\"K\u00e5re Willoch\" style=\"object-position: 50% 20%\" srcset=\"https:\/\/hoyre.no\/content\/uploads\/sites\/408\/2025\/01\/kare.png 2048w, https:\/\/hoyre.no\/content\/uploads\/sites\/408\/2025\/01\/kare-300x200.png 300w, https:\/\/hoyre.no\/content\/uploads\/sites\/408\/2025\/01\/kare-1024x683.png 1024w, https:\/\/hoyre.no\/content\/uploads\/sites\/408\/2025\/01\/kare-768x512.png 768w, https:\/\/hoyre.no\/content\/uploads\/sites\/408\/2025\/01\/kare-1536x1025.png 1536w\" sizes=\"auto, (max-width: 2048px) 100vw, 2048px\" \/><\/div><\/figure><div class=\"banner-content\"><div class=\"entry-content\">\n<h2 class=\"wp-block-heading\" id=\"h-vil-du-lese-mer-om-hoyres-ideologi\">Vil du lese mer om H\u00f8yres ideologi?<\/h2>\n\n\n\n<p><\/p>\n\n\n\n<div class=\"wp-block-buttons is-layout-flex wp-block-buttons-is-layout-flex\">\n<div class=\"wp-block-button\"><a class=\"wp-block-button__link wp-element-button\" href=\"https:\/\/hoyre.no\/var-ideologi\/'\">Trykk her<\/a><\/div>\n<\/div>\n<\/div><\/div><\/div><\/div>\n\n\n\n<p><br><br><\/p>\n\n","protected":false},"excerpt":{"rendered":"","protected":false},"author":51320,"featured_media":0,"parent":5,"menu_order":0,"comment_status":"closed","ping_status":"closed","template":"","meta":{"teft_cards_image_url":"","teft_cards_custom_pretitle":"","teft_cards_image_id":0,"teft_cards_image_focal_point_x":0,"teft_cards_image_focal_point_y":0,"teft_cards_title":"","teft_cards_excerpt":"","teft_show_chapters":false,"footnotes":""},"class_list":["post-109","page","type-page","status-publish","hentry"],"yoast_head":"<!-- This site is optimized with the Yoast SEO Premium plugin v26.5 (Yoast SEO v26.6) - https:\/\/yoast.com\/wordpress\/plugins\/seo\/ -->\n<title>Politisk ideologi - Oslo H\u00f8yre<\/title>\n<meta name=\"description\" content=\"Oslo H\u00f8yre vil f\u00f8re en politikk som forsterker innbyggernes og familienes muligheter til \u00e5 ta egne valg og forme sin egen fremtid.\" \/>\n<meta name=\"robots\" content=\"index, follow, max-snippet:-1, max-image-preview:large, max-video-preview:-1\" \/>\n<link rel=\"canonical\" href=\"https:\/\/hoyre.no\/oslo\/politikk\/politisk-ideologi\/\" \/>\n<meta property=\"og:locale\" content=\"nb_NO\" \/>\n<meta property=\"og:type\" content=\"article\" \/>\n<meta property=\"og:title\" content=\"Politisk ideologi\" \/>\n<meta property=\"og:description\" content=\"Oslo H\u00f8yre vil f\u00f8re en politikk som forsterker innbyggernes og familienes muligheter til \u00e5 ta egne valg og forme sin egen fremtid.\" \/>\n<meta property=\"og:url\" content=\"https:\/\/hoyre.no\/oslo\/politikk\/politisk-ideologi\/\" \/>\n<meta property=\"og:site_name\" content=\"Oslo H\u00f8yre\" \/>\n<meta property=\"article:publisher\" content=\"https:\/\/www.facebook.com\/oslo.hoyre\" \/>\n<meta property=\"article:modified_time\" content=\"2025-05-27T10:56:08+00:00\" \/>\n<meta property=\"og:image\" content=\"https:\/\/hoyre.no\/content\/uploads\/sites\/408\/2022\/11\/Hoyres-logo.png\" \/>\n\t<meta property=\"og:image:width\" content=\"1000\" \/>\n\t<meta property=\"og:image:height\" content=\"1000\" \/>\n\t<meta property=\"og:image:type\" content=\"image\/png\" \/>\n<meta name=\"twitter:card\" content=\"summary_large_image\" \/>\n<meta name=\"twitter:label1\" content=\"Ansl. lesetid\" \/>\n\t<meta name=\"twitter:data1\" content=\"2 minutter\" \/>\n<script type=\"application\/ld+json\" class=\"yoast-schema-graph\">{\"@context\":\"https:\/\/schema.org\",\"@graph\":[{\"@type\":\"WebPage\",\"@id\":\"https:\/\/hoyre.no\/oslo\/politikk\/politisk-ideologi\/\",\"url\":\"https:\/\/hoyre.no\/oslo\/politikk\/politisk-ideologi\/\",\"name\":\"Politisk ideologi - Oslo H\u00f8yre\",\"isPartOf\":{\"@id\":\"https:\/\/hoyre.no\/oslo\/#website\"},\"datePublished\":\"2022-09-18T14:33:49+00:00\",\"dateModified\":\"2025-05-27T10:56:08+00:00\",\"description\":\"Oslo H\u00f8yre vil f\u00f8re en politikk som forsterker innbyggernes og familienes muligheter til \u00e5 ta egne valg og forme sin egen fremtid.\",\"breadcrumb\":{\"@id\":\"https:\/\/hoyre.no\/oslo\/politikk\/politisk-ideologi\/#breadcrumb\"},\"inLanguage\":\"nb-NO\",\"potentialAction\":[{\"@type\":\"ReadAction\",\"target\":[\"https:\/\/hoyre.no\/oslo\/politikk\/politisk-ideologi\/\"]}]},{\"@type\":\"BreadcrumbList\",\"@id\":\"https:\/\/hoyre.no\/oslo\/politikk\/politisk-ideologi\/#breadcrumb\",\"itemListElement\":[{\"@type\":\"ListItem\",\"position\":1,\"name\":\"Til hoyre.no\",\"item\":\"https:\/\/hoyre.no\"},{\"@type\":\"ListItem\",\"position\":2,\"name\":\"Hjem\",\"item\":\"https:\/\/hoyre.no\/oslo\/\"},{\"@type\":\"ListItem\",\"position\":3,\"name\":\"Politikk\",\"item\":\"https:\/\/hoyre.no\/oslo\/politikk\/\"},{\"@type\":\"ListItem\",\"position\":4,\"name\":\"Politisk ideologi\"}]},{\"@type\":\"WebSite\",\"@id\":\"https:\/\/hoyre.no\/oslo\/#website\",\"url\":\"https:\/\/hoyre.no\/oslo\/\",\"name\":\"Oslo H\u00f8yre\",\"description\":\"\",\"publisher\":{\"@id\":\"https:\/\/hoyre.no\/oslo\/#organization\"},\"inLanguage\":\"nb-NO\"},{\"@type\":\"Organization\",\"@id\":\"https:\/\/hoyre.no\/oslo\/#organization\",\"name\":\"Oslo H\u00f8yre\",\"url\":\"https:\/\/hoyre.no\/oslo\/\",\"logo\":{\"@type\":\"ImageObject\",\"inLanguage\":\"nb-NO\",\"@id\":\"https:\/\/hoyre.no\/oslo\/#\/schema\/logo\/image\/\",\"url\":\"https:\/\/hoyre.no\/content\/uploads\/sites\/408\/2022\/11\/Hoyres-logo.png\",\"contentUrl\":\"https:\/\/hoyre.no\/content\/uploads\/sites\/408\/2022\/11\/Hoyres-logo.png\",\"width\":1000,\"height\":1000,\"caption\":\"Oslo H\u00f8yre\"},\"image\":{\"@id\":\"https:\/\/hoyre.no\/oslo\/#\/schema\/logo\/image\/\"},\"sameAs\":[\"https:\/\/www.facebook.com\/oslo.hoyre\"]}]}<\/script>\n<!-- \/ Yoast SEO Premium plugin. -->","yoast_head_json":{"title":"Politisk ideologi - Oslo H\u00f8yre","description":"Oslo H\u00f8yre vil f\u00f8re en politikk som forsterker innbyggernes og familienes muligheter til \u00e5 ta egne valg og forme sin egen fremtid.","robots":{"index":"index","follow":"follow","max-snippet":"max-snippet:-1","max-image-preview":"max-image-preview:large","max-video-preview":"max-video-preview:-1"},"canonical":"https:\/\/hoyre.no\/oslo\/politikk\/politisk-ideologi\/","og_locale":"nb_NO","og_type":"article","og_title":"Politisk ideologi","og_description":"Oslo H\u00f8yre vil f\u00f8re en politikk som forsterker innbyggernes og familienes muligheter til \u00e5 ta egne valg og forme sin egen fremtid.","og_url":"https:\/\/hoyre.no\/oslo\/politikk\/politisk-ideologi\/","og_site_name":"Oslo H\u00f8yre","article_publisher":"https:\/\/www.facebook.com\/oslo.hoyre","article_modified_time":"2025-05-27T10:56:08+00:00","og_image":[{"width":1000,"height":1000,"url":"https:\/\/hoyre.no\/content\/uploads\/sites\/408\/2022\/11\/Hoyres-logo.png","type":"image\/png"}],"twitter_card":"summary_large_image","twitter_misc":{"Ansl. lesetid":"2 minutter"},"schema":{"@context":"https:\/\/schema.org","@graph":[{"@type":"WebPage","@id":"https:\/\/hoyre.no\/oslo\/politikk\/politisk-ideologi\/","url":"https:\/\/hoyre.no\/oslo\/politikk\/politisk-ideologi\/","name":"Politisk ideologi - Oslo H\u00f8yre","isPartOf":{"@id":"https:\/\/hoyre.no\/oslo\/#website"},"datePublished":"2022-09-18T14:33:49+00:00","dateModified":"2025-05-27T10:56:08+00:00","description":"Oslo H\u00f8yre vil f\u00f8re en politikk som forsterker innbyggernes og familienes muligheter til \u00e5 ta egne valg og forme sin egen fremtid.","breadcrumb":{"@id":"https:\/\/hoyre.no\/oslo\/politikk\/politisk-ideologi\/#breadcrumb"},"inLanguage":"nb-NO","potentialAction":[{"@type":"ReadAction","target":["https:\/\/hoyre.no\/oslo\/politikk\/politisk-ideologi\/"]}]},{"@type":"BreadcrumbList","@id":"https:\/\/hoyre.no\/oslo\/politikk\/politisk-ideologi\/#breadcrumb","itemListElement":[{"@type":"ListItem","position":1,"name":"Til hoyre.no","item":"https:\/\/hoyre.no"},{"@type":"ListItem","position":2,"name":"Hjem","item":"https:\/\/hoyre.no\/oslo\/"},{"@type":"ListItem","position":3,"name":"Politikk","item":"https:\/\/hoyre.no\/oslo\/politikk\/"},{"@type":"ListItem","position":4,"name":"Politisk ideologi"}]},{"@type":"WebSite","@id":"https:\/\/hoyre.no\/oslo\/#website","url":"https:\/\/hoyre.no\/oslo\/","name":"Oslo H\u00f8yre","description":"","publisher":{"@id":"https:\/\/hoyre.no\/oslo\/#organization"},"inLanguage":"nb-NO"},{"@type":"Organization","@id":"https:\/\/hoyre.no\/oslo\/#organization","name":"Oslo H\u00f8yre","url":"https:\/\/hoyre.no\/oslo\/","logo":{"@type":"ImageObject","inLanguage":"nb-NO","@id":"https:\/\/hoyre.no\/oslo\/#\/schema\/logo\/image\/","url":"https:\/\/hoyre.no\/content\/uploads\/sites\/408\/2022\/11\/Hoyres-logo.png","contentUrl":"https:\/\/hoyre.no\/content\/uploads\/sites\/408\/2022\/11\/Hoyres-logo.png","width":1000,"height":1000,"caption":"Oslo H\u00f8yre"},"image":{"@id":"https:\/\/hoyre.no\/oslo\/#\/schema\/logo\/image\/"},"sameAs":["https:\/\/www.facebook.com\/oslo.hoyre"]}]}},"distributor_meta":false,"distributor_terms":false,"distributor_media":false,"distributor_original_site_name":"Oslo H\u00f8yre","distributor_original_site_url":"https:\/\/hoyre.no\/oslo","push-errors":false,"_links":{"self":[{"href":"https:\/\/hoyre.no\/oslo\/wp-json\/wp\/v2\/pages\/109","targetHints":{"allow":["GET"]}}],"collection":[{"href":"https:\/\/hoyre.no\/oslo\/wp-json\/wp\/v2\/pages"}],"about":[{"href":"https:\/\/hoyre.no\/oslo\/wp-json\/wp\/v2\/types\/page"}],"author":[{"embeddable":true,"href":"https:\/\/hoyre.no\/oslo\/wp-json\/wp\/v2\/users\/51320"}],"replies":[{"embeddable":true,"href":"https:\/\/hoyre.no\/oslo\/wp-json\/wp\/v2\/comments?post=109"}],"version-history":[{"count":7,"href":"https:\/\/hoyre.no\/oslo\/wp-json\/wp\/v2\/pages\/109\/revisions"}],"predecessor-version":[{"id":8154,"href":"https:\/\/hoyre.no\/oslo\/wp-json\/wp\/v2\/pages\/109\/revisions\/8154"}],"up":[{"embeddable":true,"href":"https:\/\/hoyre.no\/oslo\/wp-json\/wp\/v2\/pages\/5"}],"wp:attachment":[{"href":"https:\/\/hoyre.no\/oslo\/wp-json\/wp\/v2\/media?parent=109"}],"curies":[{"name":"wp","href":"https:\/\/api.w.org\/{rel}","templated":true}]}}