{"id":179,"date":"2022-09-18T18:48:01","date_gmt":"2022-09-18T16:48:01","guid":{"rendered":"https:\/\/hoyre.no\/oslo\/?page_id=179"},"modified":"2026-01-26T09:57:06","modified_gmt":"2026-01-26T08:57:06","slug":"resolusjoner","status":"publish","type":"page","link":"https:\/\/hoyre.no\/oslo\/politikk\/resolusjoner\/","title":{"rendered":"Resolusjoner"},"content":{"rendered":"\n<div class=\"wp-block-hoyre-hero with-image-gradient text-color-light  alignfull has-background \"><div class=\"hoyre-hero \"><h1 class=\"title\">Resolusjoner<\/h1><p class=\"preamble\">Her finner du resolusjoner vedtatt av Oslo H\u00f8yre.<\/p><\/div><\/div>\n\n\n\n<h2 class=\"wp-block-heading\" id=\"h-2026\">2026<\/h2>\n\n\n\n<div class=\"wp-block-teft-accentuated-link undefined\"><div class=\"kf-link__wrapper\"><div class=\"kf-link__tagline\"><\/div><a class=\"kf-link__link\" href=\"https:\/\/hoyre.no\/oslo\/offentlig-sektor-ma-omstilles-og-effektiviseres\/\">Offentlig sektor m\u00e5 omstilles og effektiviseres<span class=\"kf-link__link-source\">hoyre.no<\/span><\/a><\/div><\/div>\n\n\n\n<div class=\"wp-block-teft-accentuated-link undefined\"><div class=\"kf-link__wrapper\"><div class=\"kf-link__tagline\"><\/div><a class=\"kf-link__link\" href=\"https:\/\/hoyre.no\/oslo\/norge-ma-bli-medlem-i-eu\/\">Norge m\u00e5 bli medlem i EU<span class=\"kf-link__link-source\">hoyre.no<\/span><\/a><\/div><\/div>\n\n\n\n<div class=\"wp-block-teft-accentuated-link undefined\"><div class=\"kf-link__wrapper\"><div class=\"kf-link__tagline\"><\/div><a class=\"kf-link__link\" href=\"https:\/\/hoyre.no\/oslo\/en-friere-hovedstad-ti-ting-oslo-hoyre-vil-si-ja-til\/\">En friere hovedstad: Ti ting Oslo H\u00f8yre vil si ja til<span class=\"kf-link__link-source\">hoyre.no<\/span><\/a><\/div><\/div>\n\n\n\n<div class=\"wp-block-teft-accentuated-link undefined\"><div class=\"kf-link__wrapper\"><div class=\"kf-link__tagline\"><\/div><a class=\"kf-link__link\" href=\"https:\/\/hoyre.no\/oslo\/en-bydelsreform-som-styrker-lokaldemokratiet\/\">En bydelsreform som styrker lokaldemokratiet<span class=\"kf-link__link-source\">hoyre.no<\/span><\/a><\/div><\/div>\n\n\n\n<div class=\"wp-block-teft-accentuated-link undefined\"><div class=\"kf-link__wrapper\"><div class=\"kf-link__tagline\"><\/div><a class=\"kf-link__link\" href=\"https:\/\/hoyre.no\/oslo\/la-skole-vaere-skole\/\" rel=\"La skole v\u00e6re skole\">La skole v\u00e6re skole<span class=\"kf-link__link-source\">hoyre.no<\/span><\/a><\/div><\/div>\n\n\n\n<div class=\"wp-block-teft-accentuated-link undefined\"><div class=\"kf-link__wrapper\"><div class=\"kf-link__tagline\"><\/div><a class=\"kf-link__link\" href=\"https:\/\/hoyre.no\/oslo\/toffere-tak-mot-kriminelle-nettverk-i-oslo-og-norge\/\">T\u00f8ffere tak mot kriminelle nettverk i Oslo og Norge<span class=\"kf-link__link-source\">hoyre.no<\/span><\/a><\/div><\/div>\n\n\n\n<div class=\"wp-block-teft-accentuated-link undefined\"><div class=\"kf-link__wrapper\"><div class=\"kf-link__tagline\"><\/div><a class=\"kf-link__link\" href=\"https:\/\/hoyre.no\/oslo\/en-fremkommelig-by\/\">En fremkommelig by<span class=\"kf-link__link-source\">hoyre.no<\/span><\/a><\/div><\/div>\n\n\n\n<h2 class=\"wp-block-heading\" id=\"h-2025\">2025<\/h2>\n\n\n\n<div class=\"wp-block-teft-accentuated-link undefined\"><div class=\"kf-link__wrapper\"><div class=\"kf-link__tagline\"><\/div><a class=\"kf-link__link\" href=\"https:\/\/hoyre.no\/oslo\/oslo-trenger-en-bedre-bilpolitikk\/\">Oslo trenger en bedre bilpolitikk<span class=\"kf-link__link-source\">hoyre.no<\/span><\/a><\/div><\/div>\n\n\n\n<div class=\"wp-block-teft-accentuated-link undefined\"><div class=\"kf-link__wrapper\"><div class=\"kf-link__tagline\"><\/div><a class=\"kf-link__link\" href=\"https:\/\/hoyre.no\/oslo\/uttalelse-ny-smahusplan-ma-godkjennes-na\/\">Ny sm\u00e5husplan m\u00e5 godkjennes n\u00e5!<span class=\"kf-link__link-source\">hoyre.no<\/span><\/a><\/div><\/div>\n\n\n\n<div class=\"wp-block-teft-accentuated-link undefined\"><div class=\"kf-link__wrapper\"><div class=\"kf-link__tagline\"><\/div><a class=\"kf-link__link\" href=\"https:\/\/hoyre.no\/oslo\/en-slankere-offentlig-sektor\/\">En slankere offentlig sektor<span class=\"kf-link__link-source\">hoyre.no<\/span><\/a><\/div><\/div>\n\n\n\n<div class=\"wp-block-teft-accentuated-link undefined\"><div class=\"kf-link__wrapper\"><div class=\"kf-link__tagline\"><\/div><a class=\"kf-link__link\" href=\"https:\/\/hoyre.no\/oslo\/studentboliger-er-en-del-av-losningen-pa-boligkrisen\/\">Studentboliger er en del av l\u00f8sningen p\u00e5 boligkrisen<span class=\"kf-link__link-source\">hoyre.no<\/span><\/a><\/div><\/div>\n\n\n\n<div class=\"wp-block-teft-accentuated-link undefined\"><div class=\"kf-link__wrapper\"><div class=\"kf-link__tagline\"><\/div><a class=\"kf-link__link\" href=\"https:\/\/hoyre.no\/oslo\/vi-skal-bygge-bedre\/\">Vi skal bygge bedre!<span class=\"kf-link__link-source\">hoyre.no<\/span><\/a><\/div><\/div>\n\n\n\n<h2 class=\"wp-block-heading\" id=\"h-2024\">2024<\/h2>\n\n\n\n<div class=\"wp-block-teft-accentuated-link undefined\"><div class=\"kf-link__wrapper\"><div class=\"kf-link__tagline\"><\/div><a class=\"kf-link__link\" href=\"https:\/\/hoyre.no\/oslo\/aktuelt\/et-skattesystem-som-fremmer-verdiskaping-personlig-frihet-ansvar-og-et-baerekraftig-velferdssamfunn\/\" rel=\"\">Et skattesystem som fremmer verdiskaping, personlig frihet, ansvar og et b\u00e6rekraftig velferdssamfunn<span class=\"kf-link__link-source\">hoyre.no<\/span><\/a><\/div><\/div>\n\n\n\n\n<div class=\"wp-block-teft-accentuated-link undefined\"><div class=\"kf-link__wrapper\"><div class=\"kf-link__tagline\"><\/div><a class=\"kf-link__link\" href=\"https:\/\/hoyre.no\/oslo\/aktuelt\/kampen-mot-kriminalitet-og-for-trygge-lokalsamfunn\/\">Kampen mot kriminalitet &#8211; og for trygge lokalsamfunn<\/a><\/div><\/div>\n\n\n\n<div class=\"wp-block-teft-accentuated-link undefined\"><div class=\"kf-link__wrapper\"><div class=\"kf-link__tagline\"><\/div><a class=\"kf-link__link\" href=\"https:\/\/hoyre.no\/oslo\/aktuelt\/forsvaret-ma-styrkes-betydelig\/\">Forsvaret m\u00e5 styrkes betydelig<\/a><\/div><\/div>\n\n\n\n<div class=\"wp-block-teft-accentuated-link undefined\"><div class=\"kf-link__wrapper\"><div class=\"kf-link__tagline\"><\/div><a class=\"kf-link__link\" href=\"https:\/\/hoyre.no\/oslo\/aktuelt\/et-arbeidsliv-for-fremtiden\/\" rel=\"\">Et arbeidsliv for fremtiden<\/a><\/div><\/div>\n\n\n\n<div class=\"wp-block-teft-accentuated-link undefined\"><div class=\"kf-link__wrapper\"><div class=\"kf-link__tagline\"><\/div><a class=\"kf-link__link\" href=\"https:\/\/hoyre.no\/oslo\/aktuelt\/mer-ren-energi-til-naeringslivet\/\" rel=\"\">Mer ren energi til n\u00e6ringslivet<\/a><\/div><\/div>\n\n\n\n<div class=\"wp-block-teft-accentuated-link undefined\"><div class=\"kf-link__wrapper\"><div class=\"kf-link__tagline\"><\/div><a class=\"kf-link__link\" href=\"https:\/\/hoyre.no\/oslo\/aktuelt\/oslo-trenger-en-handlingsplan-mot-negativ-sosial-kontroll-og-vold-i-naere-relasjoner\/\">Oslo trenger en handlingsplan mot negativ sosial kontroll og vold i n\u00e6re relasjoner<\/a><\/div><\/div>\n\n\n\n<div class=\"wp-block-teft-accentuated-link undefined\"><div class=\"kf-link__wrapper\"><div class=\"kf-link__tagline\"><\/div><a class=\"kf-link__link\" href=\"https:\/\/hoyre.no\/oslo\/aktuelt\/opptakskrav-til-hoyere-utdanning\/\">Opptakskrav til h\u00f8yere utdanning<\/a><\/div><\/div>\n\n\n\n<h2 class=\"wp-block-heading\" id=\"h-\"><\/h2>\n\n\n\n<p><\/p>\n\n\n\n<h2 class=\"wp-block-heading\" id=\"h-2023\">-2023<\/h2>\n\n\n\n<div class=\"wp-block-teft-accentuated-link undefined\"><div class=\"kf-link__wrapper\"><div class=\"kf-link__tagline\"><\/div><a class=\"kf-link__link\" href=\"https:\/\/hoyre.no\/content\/uploads\/sites\/408\/2022\/09\/Resolusjoner-vedtatt-av-Oslo-Hoyres-arsmote-2021-1.pdf\">Resolusjoner vedtatt av Oslo H\u00f8yres \u00e5rsm\u00f8te 2021<\/a><\/div><\/div>\n\n\n\n<div class=\"wp-block-teft-accentuated-link undefined\"><div class=\"kf-link__wrapper\"><div class=\"kf-link__tagline\"><\/div><a class=\"kf-link__link\" href=\"https:\/\/hoyre.no\/content\/uploads\/sites\/408\/2022\/09\/Vedtatt-resolusjon-Rusreform-02032020.pdf\">Rusreform<\/a><\/div><\/div>\n\n\n\n<div class=\"wp-block-teft-accentuated-link undefined\"><div class=\"kf-link__wrapper\"><div class=\"kf-link__tagline\"><\/div><a class=\"kf-link__link\" href=\"https:\/\/hoyre.no\/content\/uploads\/sites\/408\/2022\/09\/20200124-Vedtatt-resolusjon-Forsvars-og-sikkerhetspolitikk-for-en-ny-tid.pdf\">Forsvars og sikkerhetspolitikk for en ny tid<\/a><\/div><\/div>\n\n\n\n<div class=\"wp-block-teft-accentuated-link undefined\"><div class=\"kf-link__wrapper\"><div class=\"kf-link__tagline\"><\/div><a class=\"kf-link__link\" href=\"https:\/\/hoyre.no\/content\/uploads\/sites\/408\/2022\/09\/20200124-Vedtatt-resolusjon-Osloelevene-fortjener-det-beste.pdf\">Osloelevene fortjener det beste!<\/a><\/div><\/div>\n\n\n\n<div class=\"wp-block-teft-accentuated-link undefined\"><div class=\"kf-link__wrapper\"><div class=\"kf-link__tagline\"><\/div><a class=\"kf-link__link\" href=\"https:\/\/hoyre.no\/content\/uploads\/sites\/408\/2022\/09\/Resolusjon-Oslo-Hoyre-satser-pa-ytre-by.pdf\">Oslo H\u00f8yre satser p\u00e5 ytre by<\/a><\/div><\/div>\n\n\n\n<div class=\"wp-block-teft-accentuated-link undefined\"><div class=\"kf-link__wrapper\"><div class=\"kf-link__tagline\"><\/div><a class=\"kf-link__link\" href=\"https:\/\/hoyre.no\/content\/uploads\/sites\/408\/2022\/09\/20200124-Vedtatt-resolusjon-En-trygg-by-krever-god-forebygging-og-tydelige-reaksjoner.pdf\">En trygg by krever god forebygging og tydelige reaksjoner<\/a><\/div><\/div>\n\n\n\n<div class=\"wp-block-teft-accentuated-link undefined\"><div class=\"kf-link__wrapper\"><div class=\"kf-link__tagline\"><\/div><a class=\"kf-link__link\" href=\"https:\/\/hoyre.no\/content\/uploads\/sites\/408\/2022\/09\/20200124-Vedtatt-resolusjon-Aktiv-og-trygg-alderdom.pdf\">Aktiv og trygg alderdom<\/a><\/div><\/div>\n\n\n\n<div class=\"wp-block-teft-accentuated-link undefined\"><div class=\"kf-link__wrapper\"><div class=\"kf-link__tagline\"><\/div><a class=\"kf-link__link\" href=\"https:\/\/hoyre.no\/content\/uploads\/sites\/408\/2022\/09\/20200124-Vedtatt-resolusjon-en-enklere-digital-hverdag.pdf\">En enklere digital hverdag<\/a><\/div><\/div>\n\n\n\n<div class=\"wp-block-teft-accentuated-link undefined\"><div class=\"kf-link__wrapper\"><div class=\"kf-link__tagline\"><\/div><a class=\"kf-link__link\" href=\"https:\/\/hoyre.no\/content\/uploads\/sites\/408\/2022\/09\/20200124-Vedtatt-resolusjon-Norge-som-et-klimaprogressivt-land.pdf\">Norge som et klimaprogressivt land<\/a><\/div><\/div>\n\n\n\n<div class=\"wp-block-teft-accentuated-link undefined\"><div class=\"kf-link__wrapper\"><div class=\"kf-link__tagline\"><\/div><a class=\"kf-link__link\" href=\"https:\/\/hoyre.no\/content\/uploads\/sites\/408\/2022\/09\/20190325-Vedtatt-resolusjon-Sykehuskapasitet-i-Oslo.pdf\">Sykehuskapasitet i Oslo<\/a><\/div><\/div>\n\n\n\n<div class=\"wp-block-teft-accentuated-link undefined\"><div class=\"kf-link__wrapper\"><div class=\"kf-link__tagline\"><\/div><a class=\"kf-link__link\" href=\"https:\/\/hoyre.no\/content\/uploads\/sites\/408\/2022\/09\/20190325-Vedtatt-resolusjon-Oslo-verdensledende-i-helsenaering.pdf\">Oslo verdensledende i helsen\u00e6ring<\/a><\/div><\/div>\n\n\n\n<div class=\"wp-block-teft-accentuated-link undefined\"><div class=\"kf-link__wrapper\"><div class=\"kf-link__tagline\"><\/div><a class=\"kf-link__link\" href=\"https:\/\/hoyre.no\/content\/uploads\/sites\/408\/2022\/09\/OH-resolusjoner-arsmotet-2018.pdf\">Resolusjoner fra Oslo H\u00f8yres \u00e5rsm\u00f8te 2018<\/a><\/div><\/div>\n\n\n\n<div class=\"wp-block-teft-accentuated-link undefined\"><div class=\"kf-link__wrapper\"><div class=\"kf-link__tagline\"><\/div><a class=\"kf-link__link\" href=\"https:\/\/hoyre.no\/content\/uploads\/sites\/408\/2022\/09\/Vedtatte-kortresolusjoner-Oslo-Hoyres-arsmote-2016.pdf\">Kortresolusjoner Oslo H\u00f8yres \u00e5rsm\u00f8te 2016<\/a><\/div><\/div>\n\n\n\n<div class=\"wp-block-teft-accentuated-link undefined\"><div class=\"kf-link__wrapper\"><div class=\"kf-link__tagline\"><\/div><a class=\"kf-link__link\" href=\"https:\/\/hoyre.no\/content\/uploads\/sites\/408\/2022\/09\/Oslo-skal-vaere-en-inkluderende-by-endelig-vedtak.pdf\">Oslo skal v\u00e6re en inkluderende by<\/a><\/div><\/div>\n\n\n\n<div class=\"wp-block-teft-accentuated-link undefined\"><div class=\"kf-link__wrapper\"><div class=\"kf-link__tagline\"><\/div><a class=\"kf-link__link\" href=\"https:\/\/hoyre.no\/content\/uploads\/sites\/408\/2022\/09\/Resolusjon-I-et-sterkere-forsvar-endelig-vedtak-1.pdf\">Et sterkere forsvar<\/a><\/div><\/div>\n\n\n\n<div class=\"wp-block-teft-accentuated-link undefined\"><div class=\"kf-link__wrapper\"><div class=\"kf-link__tagline\"><\/div><a class=\"kf-link__link\" href=\"https:\/\/hoyre.no\/content\/uploads\/sites\/408\/2022\/09\/Resolusjon-Storbyens-bidrag-til-en-baerekraftig-fremtid-endelig-vedtak.pdf\">Storbyens bidrag til en b\u00e6rekraftig fremtid<\/a><\/div><\/div>\n\n\n\n<div class=\"wp-block-teft-accentuated-link undefined\"><div class=\"kf-link__wrapper\"><div class=\"kf-link__tagline\"><\/div><a class=\"kf-link__link\" href=\"https:\/\/hoyre.no\/content\/uploads\/sites\/408\/2022\/09\/Resolusjon-Et-levende-miljosentrum-Endelig-vedtak.pdf\">Et levende milj\u00f8sentrum<\/a><\/div><\/div>\n\n\n\n<div class=\"wp-block-teft-accentuated-link undefined\"><div class=\"kf-link__wrapper\"><div class=\"kf-link__tagline\"><\/div><a class=\"kf-link__link\" href=\"https:\/\/hoyre.no\/content\/uploads\/sites\/408\/2022\/09\/Resolusjon-En-skole-for-fremtiden-endelig-vedtak.pdf\">En skole for fremtiden<\/a><\/div><\/div>\n\n\n\n<div class=\"wp-block-teft-accentuated-link undefined\"><div class=\"kf-link__wrapper\"><div class=\"kf-link__tagline\"><\/div><a class=\"kf-link__link\" href=\"https:\/\/hoyre.no\/content\/uploads\/sites\/408\/2022\/09\/Resolusjon-styrk-forsvaret-vedtatt-RS-27102014.pdf\">Styrk forsvaret<\/a><\/div><\/div>\n\n\n\n\n<div class=\"wp-block-teft-accentuated-link undefined\"><div class=\"kf-link__wrapper\"><div class=\"kf-link__tagline\"><\/div><a class=\"kf-link__link\"><\/a><\/div><\/div>\n","protected":false},"excerpt":{"rendered":"<p>2026 2025 2024<\/p>\n","protected":false},"author":51320,"featured_media":0,"parent":5,"menu_order":0,"comment_status":"closed","ping_status":"closed","template":"","meta":{"teft_cards_image_url":"","teft_cards_custom_pretitle":"","teft_cards_image_id":0,"teft_cards_image_focal_point_x":0,"teft_cards_image_focal_point_y":0,"teft_cards_title":"","teft_cards_excerpt":"","teft_show_chapters":false,"footnotes":""},"class_list":["post-179","page","type-page","status-publish","hentry"],"yoast_head":"<!-- This site is optimized with the Yoast SEO Premium plugin v26.5 (Yoast SEO v26.6) - https:\/\/yoast.com\/wordpress\/plugins\/seo\/ -->\n<title>Resolusjoner - Oslo H\u00f8yre<\/title>\n<meta name=\"description\" content=\"Her kan du lese Oslo H\u00f8yres vedtatte resolusjoner.\" \/>\n<meta name=\"robots\" content=\"index, follow, max-snippet:-1, max-image-preview:large, max-video-preview:-1\" \/>\n<link rel=\"canonical\" href=\"https:\/\/hoyre.no\/oslo\/politikk\/resolusjoner\/\" \/>\n<meta property=\"og:locale\" content=\"nb_NO\" \/>\n<meta property=\"og:type\" content=\"article\" \/>\n<meta property=\"og:title\" content=\"Resolusjoner\" \/>\n<meta property=\"og:description\" content=\"Her kan du lese Oslo H\u00f8yres vedtatte resolusjoner.\" \/>\n<meta property=\"og:url\" content=\"https:\/\/hoyre.no\/oslo\/politikk\/resolusjoner\/\" \/>\n<meta property=\"og:site_name\" content=\"Oslo H\u00f8yre\" \/>\n<meta property=\"article:publisher\" content=\"https:\/\/www.facebook.com\/oslo.hoyre\" \/>\n<meta property=\"article:modified_time\" content=\"2026-01-26T08:57:06+00:00\" \/>\n<meta property=\"og:image\" content=\"https:\/\/hoyre.no\/content\/uploads\/sites\/408\/2022\/11\/Hoyres-logo.png\" \/>\n\t<meta property=\"og:image:width\" content=\"1000\" \/>\n\t<meta property=\"og:image:height\" content=\"1000\" \/>\n\t<meta property=\"og:image:type\" content=\"image\/png\" \/>\n<meta name=\"twitter:card\" content=\"summary_large_image\" \/>\n<meta name=\"twitter:label1\" content=\"Ansl. lesetid\" \/>\n\t<meta name=\"twitter:data1\" content=\"2 minutter\" \/>\n<script type=\"application\/ld+json\" class=\"yoast-schema-graph\">{\"@context\":\"https:\/\/schema.org\",\"@graph\":[{\"@type\":\"WebPage\",\"@id\":\"https:\/\/hoyre.no\/oslo\/politikk\/resolusjoner\/\",\"url\":\"https:\/\/hoyre.no\/oslo\/politikk\/resolusjoner\/\",\"name\":\"Resolusjoner - Oslo H\u00f8yre\",\"isPartOf\":{\"@id\":\"https:\/\/hoyre.no\/oslo\/#website\"},\"datePublished\":\"2022-09-18T16:48:01+00:00\",\"dateModified\":\"2026-01-26T08:57:06+00:00\",\"description\":\"Her kan du lese Oslo H\u00f8yres vedtatte resolusjoner.\",\"breadcrumb\":{\"@id\":\"https:\/\/hoyre.no\/oslo\/politikk\/resolusjoner\/#breadcrumb\"},\"inLanguage\":\"nb-NO\",\"potentialAction\":[{\"@type\":\"ReadAction\",\"target\":[\"https:\/\/hoyre.no\/oslo\/politikk\/resolusjoner\/\"]}]},{\"@type\":\"BreadcrumbList\",\"@id\":\"https:\/\/hoyre.no\/oslo\/politikk\/resolusjoner\/#breadcrumb\",\"itemListElement\":[{\"@type\":\"ListItem\",\"position\":1,\"name\":\"Til hoyre.no\",\"item\":\"https:\/\/hoyre.no\"},{\"@type\":\"ListItem\",\"position\":2,\"name\":\"Hjem\",\"item\":\"https:\/\/hoyre.no\/oslo\/\"},{\"@type\":\"ListItem\",\"position\":3,\"name\":\"Politikk\",\"item\":\"https:\/\/hoyre.no\/oslo\/politikk\/\"},{\"@type\":\"ListItem\",\"position\":4,\"name\":\"Resolusjoner\"}]},{\"@type\":\"WebSite\",\"@id\":\"https:\/\/hoyre.no\/oslo\/#website\",\"url\":\"https:\/\/hoyre.no\/oslo\/\",\"name\":\"Oslo H\u00f8yre\",\"description\":\"\",\"publisher\":{\"@id\":\"https:\/\/hoyre.no\/oslo\/#organization\"},\"inLanguage\":\"nb-NO\"},{\"@type\":\"Organization\",\"@id\":\"https:\/\/hoyre.no\/oslo\/#organization\",\"name\":\"Oslo H\u00f8yre\",\"url\":\"https:\/\/hoyre.no\/oslo\/\",\"logo\":{\"@type\":\"ImageObject\",\"inLanguage\":\"nb-NO\",\"@id\":\"https:\/\/hoyre.no\/oslo\/#\/schema\/logo\/image\/\",\"url\":\"https:\/\/hoyre.no\/content\/uploads\/sites\/408\/2022\/11\/Hoyres-logo.png\",\"contentUrl\":\"https:\/\/hoyre.no\/content\/uploads\/sites\/408\/2022\/11\/Hoyres-logo.png\",\"width\":1000,\"height\":1000,\"caption\":\"Oslo H\u00f8yre\"},\"image\":{\"@id\":\"https:\/\/hoyre.no\/oslo\/#\/schema\/logo\/image\/\"},\"sameAs\":[\"https:\/\/www.facebook.com\/oslo.hoyre\"]}]}<\/script>\n<!-- \/ Yoast SEO Premium plugin. -->","yoast_head_json":{"title":"Resolusjoner - Oslo H\u00f8yre","description":"Her kan du lese Oslo H\u00f8yres vedtatte resolusjoner.","robots":{"index":"index","follow":"follow","max-snippet":"max-snippet:-1","max-image-preview":"max-image-preview:large","max-video-preview":"max-video-preview:-1"},"canonical":"https:\/\/hoyre.no\/oslo\/politikk\/resolusjoner\/","og_locale":"nb_NO","og_type":"article","og_title":"Resolusjoner","og_description":"Her kan du lese Oslo H\u00f8yres vedtatte resolusjoner.","og_url":"https:\/\/hoyre.no\/oslo\/politikk\/resolusjoner\/","og_site_name":"Oslo H\u00f8yre","article_publisher":"https:\/\/www.facebook.com\/oslo.hoyre","article_modified_time":"2026-01-26T08:57:06+00:00","og_image":[{"width":1000,"height":1000,"url":"https:\/\/hoyre.no\/content\/uploads\/sites\/408\/2022\/11\/Hoyres-logo.png","type":"image\/png"}],"twitter_card":"summary_large_image","twitter_misc":{"Ansl. lesetid":"2 minutter"},"schema":{"@context":"https:\/\/schema.org","@graph":[{"@type":"WebPage","@id":"https:\/\/hoyre.no\/oslo\/politikk\/resolusjoner\/","url":"https:\/\/hoyre.no\/oslo\/politikk\/resolusjoner\/","name":"Resolusjoner - Oslo H\u00f8yre","isPartOf":{"@id":"https:\/\/hoyre.no\/oslo\/#website"},"datePublished":"2022-09-18T16:48:01+00:00","dateModified":"2026-01-26T08:57:06+00:00","description":"Her kan du lese Oslo H\u00f8yres vedtatte resolusjoner.","breadcrumb":{"@id":"https:\/\/hoyre.no\/oslo\/politikk\/resolusjoner\/#breadcrumb"},"inLanguage":"nb-NO","potentialAction":[{"@type":"ReadAction","target":["https:\/\/hoyre.no\/oslo\/politikk\/resolusjoner\/"]}]},{"@type":"BreadcrumbList","@id":"https:\/\/hoyre.no\/oslo\/politikk\/resolusjoner\/#breadcrumb","itemListElement":[{"@type":"ListItem","position":1,"name":"Til hoyre.no","item":"https:\/\/hoyre.no"},{"@type":"ListItem","position":2,"name":"Hjem","item":"https:\/\/hoyre.no\/oslo\/"},{"@type":"ListItem","position":3,"name":"Politikk","item":"https:\/\/hoyre.no\/oslo\/politikk\/"},{"@type":"ListItem","position":4,"name":"Resolusjoner"}]},{"@type":"WebSite","@id":"https:\/\/hoyre.no\/oslo\/#website","url":"https:\/\/hoyre.no\/oslo\/","name":"Oslo H\u00f8yre","description":"","publisher":{"@id":"https:\/\/hoyre.no\/oslo\/#organization"},"inLanguage":"nb-NO"},{"@type":"Organization","@id":"https:\/\/hoyre.no\/oslo\/#organization","name":"Oslo H\u00f8yre","url":"https:\/\/hoyre.no\/oslo\/","logo":{"@type":"ImageObject","inLanguage":"nb-NO","@id":"https:\/\/hoyre.no\/oslo\/#\/schema\/logo\/image\/","url":"https:\/\/hoyre.no\/content\/uploads\/sites\/408\/2022\/11\/Hoyres-logo.png","contentUrl":"https:\/\/hoyre.no\/content\/uploads\/sites\/408\/2022\/11\/Hoyres-logo.png","width":1000,"height":1000,"caption":"Oslo H\u00f8yre"},"image":{"@id":"https:\/\/hoyre.no\/oslo\/#\/schema\/logo\/image\/"},"sameAs":["https:\/\/www.facebook.com\/oslo.hoyre"]}]}},"distributor_meta":false,"distributor_terms":false,"distributor_media":false,"distributor_original_site_name":"Oslo H\u00f8yre","distributor_original_site_url":"https:\/\/hoyre.no\/oslo","push-errors":false,"_links":{"self":[{"href":"https:\/\/hoyre.no\/oslo\/wp-json\/wp\/v2\/pages\/179","targetHints":{"allow":["GET"]}}],"collection":[{"href":"https:\/\/hoyre.no\/oslo\/wp-json\/wp\/v2\/pages"}],"about":[{"href":"https:\/\/hoyre.no\/oslo\/wp-json\/wp\/v2\/types\/page"}],"author":[{"embeddable":true,"href":"https:\/\/hoyre.no\/oslo\/wp-json\/wp\/v2\/users\/51320"}],"replies":[{"embeddable":true,"href":"https:\/\/hoyre.no\/oslo\/wp-json\/wp\/v2\/comments?post=179"}],"version-history":[{"count":91,"href":"https:\/\/hoyre.no\/oslo\/wp-json\/wp\/v2\/pages\/179\/revisions"}],"predecessor-version":[{"id":9748,"href":"https:\/\/hoyre.no\/oslo\/wp-json\/wp\/v2\/pages\/179\/revisions\/9748"}],"up":[{"embeddable":true,"href":"https:\/\/hoyre.no\/oslo\/wp-json\/wp\/v2\/pages\/5"}],"wp:attachment":[{"href":"https:\/\/hoyre.no\/oslo\/wp-json\/wp\/v2\/media?parent=179"}],"curies":[{"name":"wp","href":"https:\/\/api.w.org\/{rel}","templated":true}]}}