{"id":235,"date":"2022-09-18T20:58:51","date_gmt":"2022-09-18T18:58:51","guid":{"rendered":"https:\/\/hoyre.no\/oslo\/?page_id=235"},"modified":"2025-05-27T13:03:23","modified_gmt":"2025-05-27T11:03:23","slug":"presse","status":"publish","type":"page","link":"https:\/\/hoyre.no\/oslo\/om-oss\/om-oslo-hoyre\/presse\/","title":{"rendered":"Presse"},"content":{"rendered":"\n<div class=\"wp-block-hoyre-hero with-image-gradient text-color-light  alignfull has-background\"><div class=\"hoyre-hero \"><h1 class=\"title\">Pressekontakter<\/h1><\/div><\/div>\n\n\n\n<div class=\"wp-block-hoyre-contacts alignwide\"><div class=\"hoyre-contacts__inner\">\n<div class=\"wp-block-hoyre-contact alignwide\"><div class=\"hoyre-contact__inner\"><figure class=\"hoyre-image-wrapper\"><div class=\"hoyre-image\"><img loading=\"lazy\" decoding=\"async\" width=\"1080\" height=\"1080\" src=\"https:\/\/hoyre.no\/content\/uploads\/sites\/408\/2024\/01\/Design-uten-navn.png\" class=\"attachment-scaled size-scaled\" alt=\"Rune Dahl Franck\" style=\"object-position: 24% 44%\" srcset=\"https:\/\/hoyre.no\/content\/uploads\/sites\/408\/2024\/01\/Design-uten-navn.png 1080w, https:\/\/hoyre.no\/content\/uploads\/sites\/408\/2024\/01\/Design-uten-navn-300x300.png 300w, https:\/\/hoyre.no\/content\/uploads\/sites\/408\/2024\/01\/Design-uten-navn-1024x1024.png 1024w, https:\/\/hoyre.no\/content\/uploads\/sites\/408\/2024\/01\/Design-uten-navn-150x150.png 150w, https:\/\/hoyre.no\/content\/uploads\/sites\/408\/2024\/01\/Design-uten-navn-768x768.png 768w\" sizes=\"auto, (max-width: 1080px) 100vw, 1080px\" \/><\/div><\/figure><h3 class=\"title\">Rune Dahl Franck<\/h3><span class=\"position\">Byr\u00e5dssekret\u00e6r for kommunikasjon<\/span><br\/><a class=\"phone\" href=\"tel:94 17 02 12\">94 17 02 12<\/a><br\/><a class=\"email\" href=\"mailto:rune.dahl@oslo.kommune.no\">rune.dahl@oslo.kommune.no<\/a><\/div><\/div>\n<\/div><\/div>\n","protected":false},"excerpt":{"rendered":"","protected":false},"author":51320,"featured_media":0,"parent":224,"menu_order":0,"comment_status":"closed","ping_status":"closed","template":"","meta":{"teft_cards_image_url":"","teft_cards_custom_pretitle":"","teft_cards_image_id":0,"teft_cards_image_focal_point_x":0,"teft_cards_image_focal_point_y":0,"teft_cards_title":"","teft_cards_excerpt":"","teft_show_chapters":false,"footnotes":""},"class_list":["post-235","page","type-page","status-publish","hentry"],"yoast_head":"<!-- This site is optimized with the Yoast SEO Premium plugin v26.5 (Yoast SEO v26.6) - https:\/\/yoast.com\/wordpress\/plugins\/seo\/ -->\n<title>Presse - Oslo H\u00f8yre<\/title>\n<meta name=\"description\" content=\"Her kan du komme i kontakt med byr\u00e5dssekret\u00e6r for kommunikasjon.\" \/>\n<meta name=\"robots\" content=\"index, follow, max-snippet:-1, max-image-preview:large, max-video-preview:-1\" \/>\n<link rel=\"canonical\" href=\"https:\/\/hoyre.no\/oslo\/om-oss\/om-oslo-hoyre\/presse\/\" \/>\n<meta property=\"og:locale\" content=\"nb_NO\" \/>\n<meta property=\"og:type\" content=\"article\" \/>\n<meta property=\"og:title\" content=\"Presse\" \/>\n<meta property=\"og:description\" content=\"Her kan du komme i kontakt med byr\u00e5dssekret\u00e6r for kommunikasjon.\" \/>\n<meta property=\"og:url\" content=\"https:\/\/hoyre.no\/oslo\/om-oss\/om-oslo-hoyre\/presse\/\" \/>\n<meta property=\"og:site_name\" content=\"Oslo H\u00f8yre\" \/>\n<meta property=\"article:publisher\" content=\"https:\/\/www.facebook.com\/oslo.hoyre\" \/>\n<meta property=\"article:modified_time\" content=\"2025-05-27T11:03:23+00:00\" \/>\n<meta property=\"og:image\" content=\"https:\/\/hoyre.no\/content\/uploads\/sites\/408\/2022\/11\/Hoyres-logo.png\" \/>\n\t<meta property=\"og:image:width\" content=\"1000\" \/>\n\t<meta property=\"og:image:height\" content=\"1000\" \/>\n\t<meta property=\"og:image:type\" content=\"image\/png\" \/>\n<meta name=\"twitter:card\" content=\"summary_large_image\" \/>\n<meta name=\"twitter:label1\" content=\"Ansl. lesetid\" \/>\n\t<meta name=\"twitter:data1\" content=\"1 minutt\" \/>\n<script type=\"application\/ld+json\" class=\"yoast-schema-graph\">{\"@context\":\"https:\/\/schema.org\",\"@graph\":[{\"@type\":\"WebPage\",\"@id\":\"https:\/\/hoyre.no\/oslo\/om-oss\/om-oslo-hoyre\/presse\/\",\"url\":\"https:\/\/hoyre.no\/oslo\/om-oss\/om-oslo-hoyre\/presse\/\",\"name\":\"Presse - Oslo H\u00f8yre\",\"isPartOf\":{\"@id\":\"https:\/\/hoyre.no\/oslo\/#website\"},\"datePublished\":\"2022-09-18T18:58:51+00:00\",\"dateModified\":\"2025-05-27T11:03:23+00:00\",\"description\":\"Her kan du komme i kontakt med byr\u00e5dssekret\u00e6r for kommunikasjon.\",\"breadcrumb\":{\"@id\":\"https:\/\/hoyre.no\/oslo\/om-oss\/om-oslo-hoyre\/presse\/#breadcrumb\"},\"inLanguage\":\"nb-NO\",\"potentialAction\":[{\"@type\":\"ReadAction\",\"target\":[\"https:\/\/hoyre.no\/oslo\/om-oss\/om-oslo-hoyre\/presse\/\"]}]},{\"@type\":\"BreadcrumbList\",\"@id\":\"https:\/\/hoyre.no\/oslo\/om-oss\/om-oslo-hoyre\/presse\/#breadcrumb\",\"itemListElement\":[{\"@type\":\"ListItem\",\"position\":1,\"name\":\"Til hoyre.no\",\"item\":\"https:\/\/hoyre.no\"},{\"@type\":\"ListItem\",\"position\":2,\"name\":\"Hjem\",\"item\":\"https:\/\/hoyre.no\/oslo\/\"},{\"@type\":\"ListItem\",\"position\":3,\"name\":\"Om oss\",\"item\":\"https:\/\/hoyre.no\/oslo\/?page_id=116\"},{\"@type\":\"ListItem\",\"position\":4,\"name\":\"Om Oslo H\u00f8yre\",\"item\":\"https:\/\/hoyre.no\/oslo\/om-oss\/om-oslo-hoyre\/\"},{\"@type\":\"ListItem\",\"position\":5,\"name\":\"Presse\"}]},{\"@type\":\"WebSite\",\"@id\":\"https:\/\/hoyre.no\/oslo\/#website\",\"url\":\"https:\/\/hoyre.no\/oslo\/\",\"name\":\"Oslo H\u00f8yre\",\"description\":\"\",\"publisher\":{\"@id\":\"https:\/\/hoyre.no\/oslo\/#organization\"},\"inLanguage\":\"nb-NO\"},{\"@type\":\"Organization\",\"@id\":\"https:\/\/hoyre.no\/oslo\/#organization\",\"name\":\"Oslo H\u00f8yre\",\"url\":\"https:\/\/hoyre.no\/oslo\/\",\"logo\":{\"@type\":\"ImageObject\",\"inLanguage\":\"nb-NO\",\"@id\":\"https:\/\/hoyre.no\/oslo\/#\/schema\/logo\/image\/\",\"url\":\"https:\/\/hoyre.no\/content\/uploads\/sites\/408\/2022\/11\/Hoyres-logo.png\",\"contentUrl\":\"https:\/\/hoyre.no\/content\/uploads\/sites\/408\/2022\/11\/Hoyres-logo.png\",\"width\":1000,\"height\":1000,\"caption\":\"Oslo H\u00f8yre\"},\"image\":{\"@id\":\"https:\/\/hoyre.no\/oslo\/#\/schema\/logo\/image\/\"},\"sameAs\":[\"https:\/\/www.facebook.com\/oslo.hoyre\"]}]}<\/script>\n<!-- \/ Yoast SEO Premium plugin. -->","yoast_head_json":{"title":"Presse - Oslo H\u00f8yre","description":"Her kan du komme i kontakt med byr\u00e5dssekret\u00e6r for kommunikasjon.","robots":{"index":"index","follow":"follow","max-snippet":"max-snippet:-1","max-image-preview":"max-image-preview:large","max-video-preview":"max-video-preview:-1"},"canonical":"https:\/\/hoyre.no\/oslo\/om-oss\/om-oslo-hoyre\/presse\/","og_locale":"nb_NO","og_type":"article","og_title":"Presse","og_description":"Her kan du komme i kontakt med byr\u00e5dssekret\u00e6r for kommunikasjon.","og_url":"https:\/\/hoyre.no\/oslo\/om-oss\/om-oslo-hoyre\/presse\/","og_site_name":"Oslo H\u00f8yre","article_publisher":"https:\/\/www.facebook.com\/oslo.hoyre","article_modified_time":"2025-05-27T11:03:23+00:00","og_image":[{"width":1000,"height":1000,"url":"https:\/\/hoyre.no\/content\/uploads\/sites\/408\/2022\/11\/Hoyres-logo.png","type":"image\/png"}],"twitter_card":"summary_large_image","twitter_misc":{"Ansl. lesetid":"1 minutt"},"schema":{"@context":"https:\/\/schema.org","@graph":[{"@type":"WebPage","@id":"https:\/\/hoyre.no\/oslo\/om-oss\/om-oslo-hoyre\/presse\/","url":"https:\/\/hoyre.no\/oslo\/om-oss\/om-oslo-hoyre\/presse\/","name":"Presse - Oslo H\u00f8yre","isPartOf":{"@id":"https:\/\/hoyre.no\/oslo\/#website"},"datePublished":"2022-09-18T18:58:51+00:00","dateModified":"2025-05-27T11:03:23+00:00","description":"Her kan du komme i kontakt med byr\u00e5dssekret\u00e6r for kommunikasjon.","breadcrumb":{"@id":"https:\/\/hoyre.no\/oslo\/om-oss\/om-oslo-hoyre\/presse\/#breadcrumb"},"inLanguage":"nb-NO","potentialAction":[{"@type":"ReadAction","target":["https:\/\/hoyre.no\/oslo\/om-oss\/om-oslo-hoyre\/presse\/"]}]},{"@type":"BreadcrumbList","@id":"https:\/\/hoyre.no\/oslo\/om-oss\/om-oslo-hoyre\/presse\/#breadcrumb","itemListElement":[{"@type":"ListItem","position":1,"name":"Til hoyre.no","item":"https:\/\/hoyre.no"},{"@type":"ListItem","position":2,"name":"Hjem","item":"https:\/\/hoyre.no\/oslo\/"},{"@type":"ListItem","position":3,"name":"Om oss","item":"https:\/\/hoyre.no\/oslo\/?page_id=116"},{"@type":"ListItem","position":4,"name":"Om Oslo H\u00f8yre","item":"https:\/\/hoyre.no\/oslo\/om-oss\/om-oslo-hoyre\/"},{"@type":"ListItem","position":5,"name":"Presse"}]},{"@type":"WebSite","@id":"https:\/\/hoyre.no\/oslo\/#website","url":"https:\/\/hoyre.no\/oslo\/","name":"Oslo H\u00f8yre","description":"","publisher":{"@id":"https:\/\/hoyre.no\/oslo\/#organization"},"inLanguage":"nb-NO"},{"@type":"Organization","@id":"https:\/\/hoyre.no\/oslo\/#organization","name":"Oslo H\u00f8yre","url":"https:\/\/hoyre.no\/oslo\/","logo":{"@type":"ImageObject","inLanguage":"nb-NO","@id":"https:\/\/hoyre.no\/oslo\/#\/schema\/logo\/image\/","url":"https:\/\/hoyre.no\/content\/uploads\/sites\/408\/2022\/11\/Hoyres-logo.png","contentUrl":"https:\/\/hoyre.no\/content\/uploads\/sites\/408\/2022\/11\/Hoyres-logo.png","width":1000,"height":1000,"caption":"Oslo H\u00f8yre"},"image":{"@id":"https:\/\/hoyre.no\/oslo\/#\/schema\/logo\/image\/"},"sameAs":["https:\/\/www.facebook.com\/oslo.hoyre"]}]}},"distributor_meta":false,"distributor_terms":false,"distributor_media":false,"distributor_original_site_name":"Oslo H\u00f8yre","distributor_original_site_url":"https:\/\/hoyre.no\/oslo","push-errors":false,"_links":{"self":[{"href":"https:\/\/hoyre.no\/oslo\/wp-json\/wp\/v2\/pages\/235","targetHints":{"allow":["GET"]}}],"collection":[{"href":"https:\/\/hoyre.no\/oslo\/wp-json\/wp\/v2\/pages"}],"about":[{"href":"https:\/\/hoyre.no\/oslo\/wp-json\/wp\/v2\/types\/page"}],"author":[{"embeddable":true,"href":"https:\/\/hoyre.no\/oslo\/wp-json\/wp\/v2\/users\/51320"}],"replies":[{"embeddable":true,"href":"https:\/\/hoyre.no\/oslo\/wp-json\/wp\/v2\/comments?post=235"}],"version-history":[{"count":13,"href":"https:\/\/hoyre.no\/oslo\/wp-json\/wp\/v2\/pages\/235\/revisions"}],"predecessor-version":[{"id":8938,"href":"https:\/\/hoyre.no\/oslo\/wp-json\/wp\/v2\/pages\/235\/revisions\/8938"}],"up":[{"embeddable":true,"href":"https:\/\/hoyre.no\/oslo\/wp-json\/wp\/v2\/pages\/224"}],"wp:attachment":[{"href":"https:\/\/hoyre.no\/oslo\/wp-json\/wp\/v2\/media?parent=235"}],"curies":[{"name":"wp","href":"https:\/\/api.w.org\/{rel}","templated":true}]}}