{"id":3132,"date":"2022-09-28T11:08:47","date_gmt":"2022-09-28T09:08:47","guid":{"rendered":"https:\/\/hoyre.no\/oslo\/?page_id=3132"},"modified":"2026-03-12T16:08:14","modified_gmt":"2026-03-12T15:08:14","slug":"arbeidsutvalget","status":"publish","type":"page","link":"https:\/\/hoyre.no\/oslo\/om-oss\/om-oslo-hoyre\/arbeidsutvalget\/","title":{"rendered":"Arbeidsutvalget"},"content":{"rendered":"\n<div class=\"wp-block-hoyre-hero with-image-gradient text-color-light  alignfull has-background \"><div class=\"hoyre-hero \"><h1 class=\"title\">Oslo H\u00f8yres arbeidsutvalg<\/h1><\/div><\/div>\n\n\n\n\n<div class=\"wp-block-hoyre-banner undefined  is-style-blue\"><div class=\"banner-inner\"><figure class=\"hoyre-image-wrapper\"><div class=\"hoyre-image\"><img loading=\"lazy\" decoding=\"async\" width=\"2500\" height=\"1667\" src=\"https:\/\/hoyre.no\/content\/uploads\/sites\/408\/2025\/05\/IMG_6577-scaled.jpeg\" class=\"attachment-scaled size-scaled\" alt=\"Mudassar Kapur\" style=\"object-position: 61% 17%\" srcset=\"https:\/\/hoyre.no\/content\/uploads\/sites\/408\/2025\/05\/IMG_6577-scaled.jpeg 2500w, https:\/\/hoyre.no\/content\/uploads\/sites\/408\/2025\/05\/IMG_6577-300x200.jpeg 300w, https:\/\/hoyre.no\/content\/uploads\/sites\/408\/2025\/05\/IMG_6577-1024x683.jpeg 1024w, https:\/\/hoyre.no\/content\/uploads\/sites\/408\/2025\/05\/IMG_6577-768x512.jpeg 768w, https:\/\/hoyre.no\/content\/uploads\/sites\/408\/2025\/05\/IMG_6577-1536x1024.jpeg 1536w, https:\/\/hoyre.no\/content\/uploads\/sites\/408\/2025\/05\/IMG_6577-2048x1365.jpeg 2048w\" sizes=\"auto, (max-width: 2500px) 100vw, 2500px\" \/><\/div><\/figure><div class=\"banner-content\"><div class=\"entry-content\">\n<h2 class=\"wp-block-heading\" id=\"h-mudassar-kapur\">Mudassar Kapur<\/h2>\n\n\n\n<p>Leder i Oslo H\u00f8yre<\/p>\n\n\n\n<div class=\"wp-block-buttons is-layout-flex wp-block-buttons-is-layout-flex\">\n<div class=\"wp-block-button\"><a class=\"wp-block-button__link wp-element-button\" href=\"https:\/\/hoyre.no\/personprofiler\/mudassar-hussain-kapur\/\">kontaktinfo<\/a><\/div>\n<\/div>\n<\/div><\/div><\/div><\/div>\n\n\n\n<div class=\"wp-block-hoyre-banner undefined  is-style-blue\"><div class=\"banner-inner\"><figure class=\"hoyre-image-wrapper\"><div class=\"hoyre-image\"><img loading=\"lazy\" decoding=\"async\" width=\"2500\" height=\"1667\" src=\"https:\/\/hoyre.no\/content\/uploads\/sites\/408\/2022\/10\/ingeborg-tennes-scaled.jpg\" class=\"attachment-scaled size-scaled\" alt=\"ingeborg tennes\" style=\"object-position: 51% 36%\" srcset=\"https:\/\/hoyre.no\/content\/uploads\/sites\/408\/2022\/10\/ingeborg-tennes-scaled.jpg 2500w, https:\/\/hoyre.no\/content\/uploads\/sites\/408\/2022\/10\/ingeborg-tennes-300x200.jpg 300w, https:\/\/hoyre.no\/content\/uploads\/sites\/408\/2022\/10\/ingeborg-tennes-1024x683.jpg 1024w, https:\/\/hoyre.no\/content\/uploads\/sites\/408\/2022\/10\/ingeborg-tennes-768x512.jpg 768w, https:\/\/hoyre.no\/content\/uploads\/sites\/408\/2022\/10\/ingeborg-tennes-1536x1024.jpg 1536w, https:\/\/hoyre.no\/content\/uploads\/sites\/408\/2022\/10\/ingeborg-tennes-2048x1365.jpg 2048w\" sizes=\"auto, (max-width: 2500px) 100vw, 2500px\" \/><\/div><\/figure><div class=\"banner-content\"><div class=\"entry-content\">\n<h2 class=\"wp-block-heading\" id=\"h-ingeborg-tennes\"><strong>Ingeborg Tennes<\/strong><\/h2>\n\n\n\n<p>Nestleder i Oslo H\u00f8yre<\/p>\n\n\n\n<div class=\"wp-block-buttons is-layout-flex wp-block-buttons-is-layout-flex\">\n<div class=\"wp-block-button\"><a class=\"wp-block-button__link wp-element-button\" href=\"https:\/\/hoyre.no\/personprofiler\/ingeborg-tennes\/\">Kontaktinfo<\/a><\/div>\n<\/div>\n<\/div><\/div><\/div><\/div>\n\n\n\n<div class=\"wp-block-hoyre-banner undefined  is-style-blue\"><div class=\"banner-inner\"><figure class=\"hoyre-image-wrapper\"><div class=\"hoyre-image\"><img loading=\"lazy\" decoding=\"async\" width=\"2500\" height=\"1667\" src=\"https:\/\/hoyre.no\/content\/uploads\/sites\/408\/2023\/10\/IMG_2687-2-scaled.jpg\" class=\"attachment-scaled size-scaled\" alt=\"Byr\u00e5dsleder Eirik Lae Solberg\" style=\"object-position: 51% 20%\" srcset=\"https:\/\/hoyre.no\/content\/uploads\/sites\/408\/2023\/10\/IMG_2687-2-scaled.jpg 2500w, https:\/\/hoyre.no\/content\/uploads\/sites\/408\/2023\/10\/IMG_2687-2-300x200.jpg 300w, https:\/\/hoyre.no\/content\/uploads\/sites\/408\/2023\/10\/IMG_2687-2-1024x683.jpg 1024w, https:\/\/hoyre.no\/content\/uploads\/sites\/408\/2023\/10\/IMG_2687-2-768x512.jpg 768w, https:\/\/hoyre.no\/content\/uploads\/sites\/408\/2023\/10\/IMG_2687-2-1536x1024.jpg 1536w, https:\/\/hoyre.no\/content\/uploads\/sites\/408\/2023\/10\/IMG_2687-2-2048x1365.jpg 2048w\" sizes=\"auto, (max-width: 2500px) 100vw, 2500px\" \/><\/div><\/figure><div class=\"banner-content\"><div class=\"entry-content\">\n<h2 class=\"wp-block-heading\" id=\"h-eirik-lae-solberg\"><strong>Eirik Lae Solberg<\/strong><\/h2>\n\n\n\n<p>Byr\u00e5dsleder<\/p>\n\n\n\n<div class=\"wp-block-buttons is-layout-flex wp-block-buttons-is-layout-flex\">\n<div class=\"wp-block-button\"><a class=\"wp-block-button__link wp-element-button\" href=\"https:\/\/hoyre.no\/personprofiler\/eirik-lae-solberg\/\">Kontaktinfo<\/a><\/div>\n<\/div>\n<\/div><\/div><\/div><\/div>\n\n\n\n<div class=\"wp-block-hoyre-banner undefined  is-style-blue\"><div class=\"banner-inner\"><figure class=\"hoyre-image-wrapper\"><div class=\"hoyre-image\"><img loading=\"lazy\" decoding=\"async\" width=\"2500\" height=\"1667\" src=\"https:\/\/hoyre.no\/content\/uploads\/sites\/408\/2023\/05\/IMG_1165-scaled.jpg\" class=\"attachment-scaled size-scaled\" alt=\"Anne Lindboe ordf\u00f8rerkandidat\" style=\"object-position: 46% 20%\" srcset=\"https:\/\/hoyre.no\/content\/uploads\/sites\/408\/2023\/05\/IMG_1165-scaled.jpg 2500w, https:\/\/hoyre.no\/content\/uploads\/sites\/408\/2023\/05\/IMG_1165-300x200.jpg 300w, https:\/\/hoyre.no\/content\/uploads\/sites\/408\/2023\/05\/IMG_1165-1024x683.jpg 1024w, https:\/\/hoyre.no\/content\/uploads\/sites\/408\/2023\/05\/IMG_1165-768x512.jpg 768w, https:\/\/hoyre.no\/content\/uploads\/sites\/408\/2023\/05\/IMG_1165-1536x1024.jpg 1536w, https:\/\/hoyre.no\/content\/uploads\/sites\/408\/2023\/05\/IMG_1165-2048x1365.jpg 2048w\" sizes=\"auto, (max-width: 2500px) 100vw, 2500px\" \/><\/div><\/figure><div class=\"banner-content\"><div class=\"entry-content\">\n<h2 class=\"wp-block-heading\" id=\"h-anne-lindboe\"><strong>Anne Lindboe<\/strong><\/h2>\n\n\n\n<p>Ordf\u00f8rer<\/p>\n\n\n\n<div class=\"wp-block-buttons is-layout-flex wp-block-buttons-is-layout-flex\">\n<div class=\"wp-block-button\"><a class=\"wp-block-button__link wp-element-button\" href=\"https:\/\/hoyre.no\/personprofiler\/anne-lindboe\/\">Kontaktinfo<\/a><\/div>\n<\/div>\n<\/div><\/div><\/div><\/div>\n\n\n\n<div class=\"wp-block-hoyre-banner undefined  is-style-blue\"><div class=\"banner-inner\"><figure class=\"hoyre-image-wrapper\"><div class=\"hoyre-image\"><img loading=\"lazy\" decoding=\"async\" width=\"2500\" height=\"1667\" src=\"https:\/\/hoyre.no\/content\/uploads\/sites\/408\/2024\/01\/QZQlxtOC-scaled.jpeg\" class=\"attachment-scaled size-scaled\" alt=\"Merete Agerbak-Jensen\" style=\"object-position: 53% 46%\" srcset=\"https:\/\/hoyre.no\/content\/uploads\/sites\/408\/2024\/01\/QZQlxtOC-scaled.jpeg 2500w, https:\/\/hoyre.no\/content\/uploads\/sites\/408\/2024\/01\/QZQlxtOC-300x200.jpeg 300w, https:\/\/hoyre.no\/content\/uploads\/sites\/408\/2024\/01\/QZQlxtOC-1024x683.jpeg 1024w, https:\/\/hoyre.no\/content\/uploads\/sites\/408\/2024\/01\/QZQlxtOC-768x512.jpeg 768w, https:\/\/hoyre.no\/content\/uploads\/sites\/408\/2024\/01\/QZQlxtOC-1536x1024.jpeg 1536w, https:\/\/hoyre.no\/content\/uploads\/sites\/408\/2024\/01\/QZQlxtOC-2048x1365.jpeg 2048w\" sizes=\"auto, (max-width: 2500px) 100vw, 2500px\" \/><\/div><\/figure><div class=\"banner-content\"><div class=\"entry-content\">\n<h2 class=\"wp-block-heading\" id=\"h-merete-agerbak-jensen\">Merete Agerbak-Jensen<\/h2>\n\n\n\n<p>Gruppeleder<\/p>\n\n\n\n<div class=\"wp-block-buttons is-layout-flex wp-block-buttons-is-layout-flex\">\n<div class=\"wp-block-button\"><a class=\"wp-block-button__link wp-element-button\" href=\"https:\/\/hoyre.no\/personprofiler\/merete-agerbak-jensen\/\">Kontaktinfo<\/a><\/div>\n<\/div>\n<\/div><\/div><\/div><\/div>\n\n\n\n<div class=\"wp-block-hoyre-banner undefined  is-style-blue\"><div class=\"banner-inner\"><figure class=\"hoyre-image-wrapper\"><div class=\"hoyre-image\"><img loading=\"lazy\" decoding=\"async\" width=\"1667\" height=\"2500\" src=\"https:\/\/hoyre.no\/content\/uploads\/sites\/408\/2026\/01\/IMG_0350-scaled.jpg\" class=\"attachment-scaled size-scaled\" alt=\"Nina Cecilie Th\u00fcrmer Ford\" style=\"object-position: 50% 18%\" srcset=\"https:\/\/hoyre.no\/content\/uploads\/sites\/408\/2026\/01\/IMG_0350-scaled.jpg 1667w, https:\/\/hoyre.no\/content\/uploads\/sites\/408\/2026\/01\/IMG_0350-200x300.jpg 200w, https:\/\/hoyre.no\/content\/uploads\/sites\/408\/2026\/01\/IMG_0350-683x1024.jpg 683w, https:\/\/hoyre.no\/content\/uploads\/sites\/408\/2026\/01\/IMG_0350-768x1152.jpg 768w, https:\/\/hoyre.no\/content\/uploads\/sites\/408\/2026\/01\/IMG_0350-1024x1536.jpg 1024w, https:\/\/hoyre.no\/content\/uploads\/sites\/408\/2026\/01\/IMG_0350-1365x2048.jpg 1365w\" sizes=\"auto, (max-width: 1667px) 100vw, 1667px\" \/><\/div><\/figure><div class=\"banner-content\"><div class=\"entry-content\">\n<h2 class=\"wp-block-heading\" id=\"h-nina-cecilie-thurmer-ford\"><strong>Nina Cecilie Th\u00fcrmer Ford<\/strong><\/h2>\n\n\n\n<p>Leder av Oslo H\u00f8yres kvinneforum<\/p>\n\n\n\n<div class=\"wp-block-buttons is-layout-flex wp-block-buttons-is-layout-flex\">\n<div class=\"wp-block-button\"><a class=\"wp-block-button__link wp-element-button\" href=\"https:\/\/hoyre.no\/personprofiler\/nina-cecilie-thurmer-ford\/\">Kontaktinfo<\/a><\/div>\n<\/div>\n<\/div><\/div><\/div><\/div>\n\n\n\n<div class=\"wp-block-hoyre-banner undefined  is-style-blue\"><div class=\"banner-inner\"><figure class=\"hoyre-image-wrapper\"><div class=\"hoyre-image\"><img loading=\"lazy\" decoding=\"async\" width=\"2500\" height=\"1667\" src=\"https:\/\/hoyre.no\/content\/uploads\/sites\/408\/2024\/01\/Oslo-Hoyres-kandidater-Foto-Hans-Kristian-Thorbjornsen-0691-scaled.jpg\" class=\"attachment-scaled size-scaled\" alt=\"Jens J\u00f8rgen Lie\" style=\"object-position: 54% 25%\" srcset=\"https:\/\/hoyre.no\/content\/uploads\/sites\/408\/2024\/01\/Oslo-Hoyres-kandidater-Foto-Hans-Kristian-Thorbjornsen-0691-scaled.jpg 2500w, https:\/\/hoyre.no\/content\/uploads\/sites\/408\/2024\/01\/Oslo-Hoyres-kandidater-Foto-Hans-Kristian-Thorbjornsen-0691-300x200.jpg 300w, https:\/\/hoyre.no\/content\/uploads\/sites\/408\/2024\/01\/Oslo-Hoyres-kandidater-Foto-Hans-Kristian-Thorbjornsen-0691-1024x683.jpg 1024w, https:\/\/hoyre.no\/content\/uploads\/sites\/408\/2024\/01\/Oslo-Hoyres-kandidater-Foto-Hans-Kristian-Thorbjornsen-0691-768x512.jpg 768w, https:\/\/hoyre.no\/content\/uploads\/sites\/408\/2024\/01\/Oslo-Hoyres-kandidater-Foto-Hans-Kristian-Thorbjornsen-0691-1536x1024.jpg 1536w, https:\/\/hoyre.no\/content\/uploads\/sites\/408\/2024\/01\/Oslo-Hoyres-kandidater-Foto-Hans-Kristian-Thorbjornsen-0691-2048x1365.jpg 2048w\" sizes=\"auto, (max-width: 2500px) 100vw, 2500px\" \/><\/div><\/figure><div class=\"banner-content\"><div class=\"entry-content\">\n<h2 class=\"wp-block-heading\" id=\"h-jens-jorgen-lie\"><strong>Jens J\u00f8rgen Lie<\/strong><\/h2>\n\n\n\n<p>Medlem av arbeidsutvalget<\/p>\n\n\n\n<div class=\"wp-block-buttons is-layout-flex wp-block-buttons-is-layout-flex\">\n<div class=\"wp-block-button\"><a class=\"wp-block-button__link wp-element-button\" href=\"https:\/\/hoyre.no\/personprofiler\/jens-jorgen-lie\/\">Kontaktinfo<\/a><\/div>\n<\/div>\n<\/div><\/div><\/div><\/div>\n\n\n\n<div class=\"wp-block-hoyre-banner undefined  is-style-blue\"><div class=\"banner-inner\"><figure class=\"hoyre-image-wrapper\"><div class=\"hoyre-image\"><img loading=\"lazy\" decoding=\"async\" width=\"2500\" height=\"1667\" src=\"https:\/\/hoyre.no\/content\/uploads\/sites\/408\/2025\/10\/Nikolai-Astrup-scaled.jpeg\" class=\"attachment-scaled size-scaled\" alt=\"Nikolai Astrup\" style=\"object-position: 51% 24%\" srcset=\"https:\/\/hoyre.no\/content\/uploads\/sites\/408\/2025\/10\/Nikolai-Astrup-scaled.jpeg 2500w, https:\/\/hoyre.no\/content\/uploads\/sites\/408\/2025\/10\/Nikolai-Astrup-300x200.jpeg 300w, https:\/\/hoyre.no\/content\/uploads\/sites\/408\/2025\/10\/Nikolai-Astrup-1024x683.jpeg 1024w, https:\/\/hoyre.no\/content\/uploads\/sites\/408\/2025\/10\/Nikolai-Astrup-768x512.jpeg 768w, https:\/\/hoyre.no\/content\/uploads\/sites\/408\/2025\/10\/Nikolai-Astrup-1536x1024.jpeg 1536w, https:\/\/hoyre.no\/content\/uploads\/sites\/408\/2025\/10\/Nikolai-Astrup-2048x1365.jpeg 2048w\" sizes=\"auto, (max-width: 2500px) 100vw, 2500px\" \/><\/div><\/figure><div class=\"banner-content\"><div class=\"entry-content\">\n<h2 class=\"wp-block-heading\" id=\"h-nikolai-astrup\">Nikolai Astrup<\/h2>\n\n\n\n<p>Stortingsrepresentant<\/p>\n\n\n\n<div class=\"wp-block-buttons is-layout-flex wp-block-buttons-is-layout-flex\">\n<div class=\"wp-block-button\"><a class=\"wp-block-button__link wp-element-button\" href=\"https:\/\/hoyre.no\/personprofiler\/nikolai-astrup\/\" target=\"_blank\" rel=\"noreferrer noopener\">Kontaktinfo<\/a><\/div>\n<\/div>\n<\/div><\/div><\/div><\/div>\n\n\n\n<div class=\"wp-block-hoyre-banner undefined  is-style-blue\"><div class=\"banner-inner\"><figure class=\"hoyre-image-wrapper\"><div class=\"hoyre-image\"><img loading=\"lazy\" decoding=\"async\" width=\"3024\" height=\"4032\" src=\"https:\/\/hoyre.no\/content\/uploads\/sites\/408\/2025\/01\/IMG_9949.png\" class=\"attachment-scaled size-scaled\" alt=\"Per Henry Christiansen\" style=\"object-position: 66% 36%\" srcset=\"https:\/\/hoyre.no\/content\/uploads\/sites\/408\/2025\/01\/IMG_9949.png 3024w, https:\/\/hoyre.no\/content\/uploads\/sites\/408\/2025\/01\/IMG_9949-225x300.png 225w, https:\/\/hoyre.no\/content\/uploads\/sites\/408\/2025\/01\/IMG_9949-768x1024.png 768w, https:\/\/hoyre.no\/content\/uploads\/sites\/408\/2025\/01\/IMG_9949-1152x1536.png 1152w, https:\/\/hoyre.no\/content\/uploads\/sites\/408\/2025\/01\/IMG_9949-1536x2048.png 1536w\" sizes=\"auto, (max-width: 3024px) 100vw, 3024px\" \/><\/div><\/figure><div class=\"banner-content\"><div class=\"entry-content\">\n<h2 class=\"wp-block-heading\" id=\"h-per-henry-christiansen\"><strong><strong>Per Henry Christiansen<\/strong><\/strong><\/h2>\n\n\n\n<p>Leder av Oslo Senior H\u00f8yre<\/p>\n\n\n\n<div class=\"wp-block-buttons is-layout-flex wp-block-buttons-is-layout-flex\">\n<div class=\"wp-block-button\"><a class=\"wp-block-button__link wp-element-button\" href=\"https:\/\/hoyre.no\/personprofiler\/per-henry-christiansen\/\">Kontaktinfo<\/a><\/div>\n<\/div>\n<\/div><\/div><\/div><\/div>\n\n\n\n<div class=\"wp-block-hoyre-banner undefined  is-style-blue\"><div class=\"banner-inner\"><figure class=\"hoyre-image-wrapper\"><div class=\"hoyre-image\"><img loading=\"lazy\" decoding=\"async\" width=\"2500\" height=\"1667\" src=\"https:\/\/hoyre.no\/content\/uploads\/sites\/408\/2025\/11\/Fav-1-scaled.jpg\" class=\"attachment-scaled size-scaled\" alt=\"Elisabeth Hekneby\" style=\"object-position: 7.000000000000001% 4%\" srcset=\"https:\/\/hoyre.no\/content\/uploads\/sites\/408\/2025\/11\/Fav-1-scaled.jpg 2500w, https:\/\/hoyre.no\/content\/uploads\/sites\/408\/2025\/11\/Fav-1-300x200.jpg 300w, https:\/\/hoyre.no\/content\/uploads\/sites\/408\/2025\/11\/Fav-1-1024x683.jpg 1024w, https:\/\/hoyre.no\/content\/uploads\/sites\/408\/2025\/11\/Fav-1-768x512.jpg 768w, https:\/\/hoyre.no\/content\/uploads\/sites\/408\/2025\/11\/Fav-1-1536x1024.jpg 1536w, https:\/\/hoyre.no\/content\/uploads\/sites\/408\/2025\/11\/Fav-1-2048x1365.jpg 2048w\" sizes=\"auto, (max-width: 2500px) 100vw, 2500px\" \/><\/div><\/figure><div class=\"banner-content\"><div class=\"entry-content\">\n<h2 class=\"wp-block-heading\" id=\"h-elisabeth-hekneby\">Elisabeth Hekneby<\/h2>\n\n\n\n<p>Leder av Oslo Unge H\u00f8yre<\/p>\n\n\n\n<div class=\"wp-block-buttons is-layout-flex wp-block-buttons-is-layout-flex\">\n<div class=\"wp-block-button\"><a class=\"wp-block-button__link wp-element-button\" href=\"https:\/\/hoyre.no\/personprofiler\/elisabeth-hekneby\/\">Kontaktinfo<\/a><\/div>\n<\/div>\n<\/div><\/div><\/div><\/div>\n\n\n\n<p><\/p>\n\n","protected":false},"excerpt":{"rendered":"","protected":false},"author":51320,"featured_media":0,"parent":224,"menu_order":0,"comment_status":"closed","ping_status":"closed","template":"","meta":{"teft_cards_image_url":"","teft_cards_custom_pretitle":"","teft_cards_image_id":9736,"teft_cards_image_focal_point_x":0.5,"teft_cards_image_focal_point_y":0.5,"teft_cards_title":"Oslo H\u00f8yres arbeidsutvalg","teft_cards_excerpt":"","teft_show_chapters":false,"footnotes":""},"class_list":["post-3132","page","type-page","status-publish","hentry"],"yoast_head":"<!-- This site is optimized with the Yoast SEO Premium plugin v26.5 (Yoast SEO v26.6) - https:\/\/yoast.com\/wordpress\/plugins\/seo\/ -->\n<title>Arbeidsutvalget - Oslo H\u00f8yre<\/title>\n<meta name=\"description\" content=\"Oslo H\u00f8yres arbeidsutvalg best\u00e5r av ti personer. Her er en oversikt over arbeidsutvalgets sammensetning, samt kontaktinformasjon.\" \/>\n<meta name=\"robots\" content=\"index, follow, max-snippet:-1, max-image-preview:large, max-video-preview:-1\" \/>\n<link rel=\"canonical\" href=\"https:\/\/hoyre.no\/oslo\/om-oss\/om-oslo-hoyre\/arbeidsutvalget\/\" \/>\n<meta property=\"og:locale\" content=\"nb_NO\" \/>\n<meta property=\"og:type\" content=\"article\" \/>\n<meta property=\"og:title\" content=\"Arbeidsutvalget\" \/>\n<meta property=\"og:description\" content=\"Oslo H\u00f8yres arbeidsutvalg best\u00e5r av ti personer. Her er en oversikt over arbeidsutvalgets sammensetning, samt kontaktinformasjon.\" \/>\n<meta property=\"og:url\" content=\"https:\/\/hoyre.no\/oslo\/om-oss\/om-oslo-hoyre\/arbeidsutvalget\/\" \/>\n<meta property=\"og:site_name\" content=\"Oslo H\u00f8yre\" \/>\n<meta property=\"article:publisher\" content=\"https:\/\/www.facebook.com\/oslo.hoyre\" \/>\n<meta property=\"article:modified_time\" content=\"2026-03-12T15:08:14+00:00\" \/>\n<meta property=\"og:image\" content=\"https:\/\/hoyre.no\/content\/uploads\/sites\/408\/2026\/01\/IMG_0370-1024x683.jpg\" \/>\n<meta name=\"twitter:card\" content=\"summary_large_image\" \/>\n<meta name=\"twitter:label1\" content=\"Ansl. lesetid\" \/>\n\t<meta name=\"twitter:data1\" content=\"1 minutt\" \/>\n<script type=\"application\/ld+json\" class=\"yoast-schema-graph\">{\"@context\":\"https:\/\/schema.org\",\"@graph\":[{\"@type\":\"WebPage\",\"@id\":\"https:\/\/hoyre.no\/oslo\/om-oss\/om-oslo-hoyre\/arbeidsutvalget\/\",\"url\":\"https:\/\/hoyre.no\/oslo\/om-oss\/om-oslo-hoyre\/arbeidsutvalget\/\",\"name\":\"Arbeidsutvalget - Oslo H\u00f8yre\",\"isPartOf\":{\"@id\":\"https:\/\/hoyre.no\/oslo\/#website\"},\"datePublished\":\"2022-09-28T09:08:47+00:00\",\"dateModified\":\"2026-03-12T15:08:14+00:00\",\"description\":\"Oslo H\u00f8yres arbeidsutvalg best\u00e5r av ti personer. Her er en oversikt over arbeidsutvalgets sammensetning, samt kontaktinformasjon.\",\"breadcrumb\":{\"@id\":\"https:\/\/hoyre.no\/oslo\/om-oss\/om-oslo-hoyre\/arbeidsutvalget\/#breadcrumb\"},\"inLanguage\":\"nb-NO\",\"potentialAction\":[{\"@type\":\"ReadAction\",\"target\":[\"https:\/\/hoyre.no\/oslo\/om-oss\/om-oslo-hoyre\/arbeidsutvalget\/\"]}]},{\"@type\":\"BreadcrumbList\",\"@id\":\"https:\/\/hoyre.no\/oslo\/om-oss\/om-oslo-hoyre\/arbeidsutvalget\/#breadcrumb\",\"itemListElement\":[{\"@type\":\"ListItem\",\"position\":1,\"name\":\"Til hoyre.no\",\"item\":\"https:\/\/hoyre.no\"},{\"@type\":\"ListItem\",\"position\":2,\"name\":\"Hjem\",\"item\":\"https:\/\/hoyre.no\/oslo\/\"},{\"@type\":\"ListItem\",\"position\":3,\"name\":\"Om oss\",\"item\":\"https:\/\/hoyre.no\/oslo\/?page_id=116\"},{\"@type\":\"ListItem\",\"position\":4,\"name\":\"Om Oslo H\u00f8yre\",\"item\":\"https:\/\/hoyre.no\/oslo\/om-oss\/om-oslo-hoyre\/\"},{\"@type\":\"ListItem\",\"position\":5,\"name\":\"Arbeidsutvalget\"}]},{\"@type\":\"WebSite\",\"@id\":\"https:\/\/hoyre.no\/oslo\/#website\",\"url\":\"https:\/\/hoyre.no\/oslo\/\",\"name\":\"Oslo H\u00f8yre\",\"description\":\"\",\"publisher\":{\"@id\":\"https:\/\/hoyre.no\/oslo\/#organization\"},\"inLanguage\":\"nb-NO\"},{\"@type\":\"Organization\",\"@id\":\"https:\/\/hoyre.no\/oslo\/#organization\",\"name\":\"Oslo H\u00f8yre\",\"url\":\"https:\/\/hoyre.no\/oslo\/\",\"logo\":{\"@type\":\"ImageObject\",\"inLanguage\":\"nb-NO\",\"@id\":\"https:\/\/hoyre.no\/oslo\/#\/schema\/logo\/image\/\",\"url\":\"https:\/\/hoyre.no\/content\/uploads\/sites\/408\/2022\/11\/Hoyres-logo.png\",\"contentUrl\":\"https:\/\/hoyre.no\/content\/uploads\/sites\/408\/2022\/11\/Hoyres-logo.png\",\"width\":1000,\"height\":1000,\"caption\":\"Oslo H\u00f8yre\"},\"image\":{\"@id\":\"https:\/\/hoyre.no\/oslo\/#\/schema\/logo\/image\/\"},\"sameAs\":[\"https:\/\/www.facebook.com\/oslo.hoyre\"]}]}<\/script>\n<!-- \/ Yoast SEO Premium plugin. -->","yoast_head_json":{"title":"Arbeidsutvalget - Oslo H\u00f8yre","description":"Oslo H\u00f8yres arbeidsutvalg best\u00e5r av ti personer. Her er en oversikt over arbeidsutvalgets sammensetning, samt kontaktinformasjon.","robots":{"index":"index","follow":"follow","max-snippet":"max-snippet:-1","max-image-preview":"max-image-preview:large","max-video-preview":"max-video-preview:-1"},"canonical":"https:\/\/hoyre.no\/oslo\/om-oss\/om-oslo-hoyre\/arbeidsutvalget\/","og_locale":"nb_NO","og_type":"article","og_title":"Arbeidsutvalget","og_description":"Oslo H\u00f8yres arbeidsutvalg best\u00e5r av ti personer. Her er en oversikt over arbeidsutvalgets sammensetning, samt kontaktinformasjon.","og_url":"https:\/\/hoyre.no\/oslo\/om-oss\/om-oslo-hoyre\/arbeidsutvalget\/","og_site_name":"Oslo H\u00f8yre","article_publisher":"https:\/\/www.facebook.com\/oslo.hoyre","article_modified_time":"2026-03-12T15:08:14+00:00","og_image":[{"url":"https:\/\/hoyre.no\/content\/uploads\/sites\/408\/2026\/01\/IMG_0370-1024x683.jpg","width":"","height":"","type":""}],"twitter_card":"summary_large_image","twitter_misc":{"Ansl. lesetid":"1 minutt"},"schema":{"@context":"https:\/\/schema.org","@graph":[{"@type":"WebPage","@id":"https:\/\/hoyre.no\/oslo\/om-oss\/om-oslo-hoyre\/arbeidsutvalget\/","url":"https:\/\/hoyre.no\/oslo\/om-oss\/om-oslo-hoyre\/arbeidsutvalget\/","name":"Arbeidsutvalget - Oslo H\u00f8yre","isPartOf":{"@id":"https:\/\/hoyre.no\/oslo\/#website"},"datePublished":"2022-09-28T09:08:47+00:00","dateModified":"2026-03-12T15:08:14+00:00","description":"Oslo H\u00f8yres arbeidsutvalg best\u00e5r av ti personer. Her er en oversikt over arbeidsutvalgets sammensetning, samt kontaktinformasjon.","breadcrumb":{"@id":"https:\/\/hoyre.no\/oslo\/om-oss\/om-oslo-hoyre\/arbeidsutvalget\/#breadcrumb"},"inLanguage":"nb-NO","potentialAction":[{"@type":"ReadAction","target":["https:\/\/hoyre.no\/oslo\/om-oss\/om-oslo-hoyre\/arbeidsutvalget\/"]}]},{"@type":"BreadcrumbList","@id":"https:\/\/hoyre.no\/oslo\/om-oss\/om-oslo-hoyre\/arbeidsutvalget\/#breadcrumb","itemListElement":[{"@type":"ListItem","position":1,"name":"Til hoyre.no","item":"https:\/\/hoyre.no"},{"@type":"ListItem","position":2,"name":"Hjem","item":"https:\/\/hoyre.no\/oslo\/"},{"@type":"ListItem","position":3,"name":"Om oss","item":"https:\/\/hoyre.no\/oslo\/?page_id=116"},{"@type":"ListItem","position":4,"name":"Om Oslo H\u00f8yre","item":"https:\/\/hoyre.no\/oslo\/om-oss\/om-oslo-hoyre\/"},{"@type":"ListItem","position":5,"name":"Arbeidsutvalget"}]},{"@type":"WebSite","@id":"https:\/\/hoyre.no\/oslo\/#website","url":"https:\/\/hoyre.no\/oslo\/","name":"Oslo H\u00f8yre","description":"","publisher":{"@id":"https:\/\/hoyre.no\/oslo\/#organization"},"inLanguage":"nb-NO"},{"@type":"Organization","@id":"https:\/\/hoyre.no\/oslo\/#organization","name":"Oslo H\u00f8yre","url":"https:\/\/hoyre.no\/oslo\/","logo":{"@type":"ImageObject","inLanguage":"nb-NO","@id":"https:\/\/hoyre.no\/oslo\/#\/schema\/logo\/image\/","url":"https:\/\/hoyre.no\/content\/uploads\/sites\/408\/2022\/11\/Hoyres-logo.png","contentUrl":"https:\/\/hoyre.no\/content\/uploads\/sites\/408\/2022\/11\/Hoyres-logo.png","width":1000,"height":1000,"caption":"Oslo H\u00f8yre"},"image":{"@id":"https:\/\/hoyre.no\/oslo\/#\/schema\/logo\/image\/"},"sameAs":["https:\/\/www.facebook.com\/oslo.hoyre"]}]}},"distributor_meta":false,"distributor_terms":false,"distributor_media":false,"distributor_original_site_name":"Oslo H\u00f8yre","distributor_original_site_url":"https:\/\/hoyre.no\/oslo","push-errors":false,"_links":{"self":[{"href":"https:\/\/hoyre.no\/oslo\/wp-json\/wp\/v2\/pages\/3132","targetHints":{"allow":["GET"]}}],"collection":[{"href":"https:\/\/hoyre.no\/oslo\/wp-json\/wp\/v2\/pages"}],"about":[{"href":"https:\/\/hoyre.no\/oslo\/wp-json\/wp\/v2\/types\/page"}],"author":[{"embeddable":true,"href":"https:\/\/hoyre.no\/oslo\/wp-json\/wp\/v2\/users\/51320"}],"replies":[{"embeddable":true,"href":"https:\/\/hoyre.no\/oslo\/wp-json\/wp\/v2\/comments?post=3132"}],"version-history":[{"count":45,"href":"https:\/\/hoyre.no\/oslo\/wp-json\/wp\/v2\/pages\/3132\/revisions"}],"predecessor-version":[{"id":9872,"href":"https:\/\/hoyre.no\/oslo\/wp-json\/wp\/v2\/pages\/3132\/revisions\/9872"}],"up":[{"embeddable":true,"href":"https:\/\/hoyre.no\/oslo\/wp-json\/wp\/v2\/pages\/224"}],"wp:attachment":[{"href":"https:\/\/hoyre.no\/oslo\/wp-json\/wp\/v2\/media?parent=3132"}],"curies":[{"name":"wp","href":"https:\/\/api.w.org\/{rel}","templated":true}]}}