{"id":3134,"date":"2022-09-28T11:09:36","date_gmt":"2022-09-28T09:09:36","guid":{"rendered":"https:\/\/hoyre.no\/oslo\/?page_id=3134"},"modified":"2025-10-09T14:12:00","modified_gmt":"2025-10-09T12:12:00","slug":"sekretariatet","status":"publish","type":"page","link":"https:\/\/hoyre.no\/oslo\/om-oss\/om-oslo-hoyre\/sekretariatet\/","title":{"rendered":"Sekretariatet"},"content":{"rendered":"\n<div class=\"wp-block-hoyre-hero with-image-gradient text-color-light  alignfull has-background\"><div class=\"hoyre-hero \"><h1 class=\"title\">Oslo H\u00f8yres sekretariat<\/h1><\/div><\/div>\n\n\n\n\n<div class=\"wp-block-hoyre-contacts alignwide\"><div class=\"hoyre-contacts__inner\">\n<div class=\"wp-block-hoyre-contact alignwide\"><div class=\"hoyre-contact__inner\"><figure class=\"hoyre-image-wrapper\"><div class=\"hoyre-image\"><img loading=\"lazy\" decoding=\"async\" width=\"800\" height=\"533\" src=\"https:\/\/hoyre.no\/content\/uploads\/sites\/408\/2023\/09\/IMG-4575.jpg\" class=\"attachment-scaled size-scaled\" alt=\"Ingrid Eriksen\" style=\"object-position: 3% 6%\" srcset=\"https:\/\/hoyre.no\/content\/uploads\/sites\/408\/2023\/09\/IMG-4575.jpg 800w, https:\/\/hoyre.no\/content\/uploads\/sites\/408\/2023\/09\/IMG-4575-300x200.jpg 300w, https:\/\/hoyre.no\/content\/uploads\/sites\/408\/2023\/09\/IMG-4575-768x512.jpg 768w\" sizes=\"auto, (max-width: 800px) 100vw, 800px\" \/><\/div><\/figure><h3 class=\"title\">Ingrid Eriksen<\/h3><span class=\"position\">Sjefsekret\u00e6r<\/span><br\/><a class=\"phone\" href=\"tel:22 82 90 00\">22 82 90 00<\/a><br\/><a class=\"email\" href=\"mailto:ingeri@hoyre.no\">ingeri@hoyre.no<\/a><\/div><\/div>\n\n\n\n<div class=\"wp-block-hoyre-contact alignwide\"><div class=\"hoyre-contact__inner\"><figure class=\"hoyre-image-wrapper\"><div class=\"hoyre-image\"><img loading=\"lazy\" decoding=\"async\" width=\"1200\" height=\"1800\" src=\"https:\/\/hoyre.no\/content\/uploads\/sites\/408\/2022\/10\/Lars-Jorgen-Kihlberg-Olsen.jpg\" class=\"attachment-scaled size-scaled\" alt=\"\" style=\"object-position: 46% 15%\" srcset=\"https:\/\/hoyre.no\/content\/uploads\/sites\/408\/2022\/10\/Lars-Jorgen-Kihlberg-Olsen.jpg 1200w, https:\/\/hoyre.no\/content\/uploads\/sites\/408\/2022\/10\/Lars-Jorgen-Kihlberg-Olsen-200x300.jpg 200w, https:\/\/hoyre.no\/content\/uploads\/sites\/408\/2022\/10\/Lars-Jorgen-Kihlberg-Olsen-683x1024.jpg 683w, https:\/\/hoyre.no\/content\/uploads\/sites\/408\/2022\/10\/Lars-Jorgen-Kihlberg-Olsen-768x1152.jpg 768w, https:\/\/hoyre.no\/content\/uploads\/sites\/408\/2022\/10\/Lars-Jorgen-Kihlberg-Olsen-1024x1536.jpg 1024w\" sizes=\"auto, (max-width: 1200px) 100vw, 1200px\" \/><\/div><\/figure><h3 class=\"title\">Lars-J\u00f8rgen<br>Kihlberg Olsen<\/h3><span class=\"position\">Seniorr\u00e5dgiver politikk og analyse, og nestleder i sekretariatet<\/span><br\/><a class=\"phone\" href=\"tel:93 20 83 16\">93 20 83 16<\/a><br\/><a class=\"email\" href=\"mailto:ljko@hoyre.no\">ljko@hoyre.no<\/a><\/div><\/div>\n\n\n\n<div class=\"wp-block-hoyre-contact alignwide\"><div class=\"hoyre-contact__inner\"><figure class=\"hoyre-image-wrapper\"><div class=\"hoyre-image\"><img loading=\"lazy\" decoding=\"async\" width=\"1200\" height=\"1200\" src=\"https:\/\/hoyre.no\/content\/uploads\/sites\/408\/2022\/10\/stian-skalle.jpg\" class=\"attachment-scaled size-scaled\" alt=\"\" style=\"object-position: 49% 13%\" srcset=\"https:\/\/hoyre.no\/content\/uploads\/sites\/408\/2022\/10\/stian-skalle.jpg 1200w, https:\/\/hoyre.no\/content\/uploads\/sites\/408\/2022\/10\/stian-skalle-300x300.jpg 300w, https:\/\/hoyre.no\/content\/uploads\/sites\/408\/2022\/10\/stian-skalle-1024x1024.jpg 1024w, https:\/\/hoyre.no\/content\/uploads\/sites\/408\/2022\/10\/stian-skalle-150x150.jpg 150w, https:\/\/hoyre.no\/content\/uploads\/sites\/408\/2022\/10\/stian-skalle-768x768.jpg 768w\" sizes=\"auto, (max-width: 1200px) 100vw, 1200px\" \/><\/div><\/figure><h3 class=\"title\">Stian Skalle<\/h3><span class=\"position\">Kampanjesjef<\/span><br\/><a class=\"phone\" href=\"tel:99 45 55 04\">99 45 55 04<\/a><br\/><a class=\"email\" href=\"mailto:stiska@hoyre.no\">stiska@hoyre.no<\/a><\/div><\/div>\n\n\n\n<div class=\"wp-block-hoyre-contact alignwide\"><div class=\"hoyre-contact__inner\"><figure class=\"hoyre-image-wrapper\"><div class=\"hoyre-image\"><img loading=\"lazy\" decoding=\"async\" width=\"2500\" height=\"1667\" src=\"https:\/\/hoyre.no\/content\/uploads\/sites\/408\/2022\/10\/benjamin-borno-scaled.jpg\" class=\"attachment-scaled size-scaled\" alt=\"\" style=\"object-position: 50% 50%\" srcset=\"https:\/\/hoyre.no\/content\/uploads\/sites\/408\/2022\/10\/benjamin-borno-scaled.jpg 2500w, https:\/\/hoyre.no\/content\/uploads\/sites\/408\/2022\/10\/benjamin-borno-300x200.jpg 300w, https:\/\/hoyre.no\/content\/uploads\/sites\/408\/2022\/10\/benjamin-borno-1024x683.jpg 1024w, https:\/\/hoyre.no\/content\/uploads\/sites\/408\/2022\/10\/benjamin-borno-768x512.jpg 768w, https:\/\/hoyre.no\/content\/uploads\/sites\/408\/2022\/10\/benjamin-borno-1536x1024.jpg 1536w, https:\/\/hoyre.no\/content\/uploads\/sites\/408\/2022\/10\/benjamin-borno-2048x1365.jpg 2048w\" sizes=\"auto, (max-width: 2500px) 100vw, 2500px\" \/><\/div><\/figure><h3 class=\"title\">Benjamin Born\u00f8<\/h3><span class=\"position\">Organisasjonsr\u00e5dgiver<\/span><br\/><a class=\"phone\" href=\"tel:47 30 67 19\">47 30 67 19<\/a><br\/><a class=\"email\" href=\"mailto:benjamin@hoyre.no\">benjamin@hoyre.no<\/a><\/div><\/div>\n\n\n\n<div class=\"wp-block-hoyre-contact alignwide\"><div class=\"hoyre-contact__inner\"><figure class=\"hoyre-image-wrapper\"><div class=\"hoyre-image\"><img loading=\"lazy\" decoding=\"async\" width=\"477\" height=\"548\" src=\"https:\/\/hoyre.no\/content\/uploads\/sites\/408\/2022\/10\/helen-flatjord.jpg\" class=\"attachment-scaled size-scaled\" alt=\"\" style=\"object-position: 46% 33%\" srcset=\"https:\/\/hoyre.no\/content\/uploads\/sites\/408\/2022\/10\/helen-flatjord.jpg 477w, https:\/\/hoyre.no\/content\/uploads\/sites\/408\/2022\/10\/helen-flatjord-261x300.jpg 261w\" sizes=\"auto, (max-width: 477px) 100vw, 477px\" \/><\/div><\/figure><h3 class=\"title\">Hel\u00e9n Baartvedt Flatjord<\/h3><span class=\"position\">Kommunikasjonsr\u00e5dgiver<\/span><br\/><a class=\"phone\" href=\"tel:97 40 42 83\">97 40 42 83<\/a><br\/><a class=\"email\" href=\"mailto:HelFla@hoyre.no\">HelFla@hoyre.no<\/a><\/div><\/div>\n\n\n\n<div class=\"wp-block-hoyre-contact alignwide\"><div class=\"hoyre-contact__inner\"><figure class=\"hoyre-image-wrapper\"><div class=\"hoyre-image\"><img loading=\"lazy\" decoding=\"async\" width=\"2500\" height=\"1667\" src=\"https:\/\/hoyre.no\/content\/uploads\/sites\/408\/2024\/04\/49B858C1-DEB4-4F92-BEDE-BAE8B397CDAC-scaled.jpg\" class=\"attachment-scaled size-scaled\" alt=\"Thea Thomassen\" style=\"object-position: 50% 50%\" srcset=\"https:\/\/hoyre.no\/content\/uploads\/sites\/408\/2024\/04\/49B858C1-DEB4-4F92-BEDE-BAE8B397CDAC-scaled.jpg 2500w, https:\/\/hoyre.no\/content\/uploads\/sites\/408\/2024\/04\/49B858C1-DEB4-4F92-BEDE-BAE8B397CDAC-300x200.jpg 300w, https:\/\/hoyre.no\/content\/uploads\/sites\/408\/2024\/04\/49B858C1-DEB4-4F92-BEDE-BAE8B397CDAC-1024x683.jpg 1024w, https:\/\/hoyre.no\/content\/uploads\/sites\/408\/2024\/04\/49B858C1-DEB4-4F92-BEDE-BAE8B397CDAC-768x512.jpg 768w, https:\/\/hoyre.no\/content\/uploads\/sites\/408\/2024\/04\/49B858C1-DEB4-4F92-BEDE-BAE8B397CDAC-1536x1024.jpg 1536w, https:\/\/hoyre.no\/content\/uploads\/sites\/408\/2024\/04\/49B858C1-DEB4-4F92-BEDE-BAE8B397CDAC-2048x1365.jpg 2048w\" sizes=\"auto, (max-width: 2500px) 100vw, 2500px\" \/><\/div><\/figure><h3 class=\"title\">Thea Thomassen<\/h3><span class=\"position\">Organisasjonsr\u00e5dgiver<\/span><br\/><a class=\"phone\" href=\"tel:48 12 41 84\">48 12 41 84<\/a><br\/><a class=\"email\" href=\"mailto:thetho@hoyre.no\">thetho@hoyre.no<\/a><\/div><\/div>\n\n\n\n<div class=\"wp-block-hoyre-contact alignwide\"><div class=\"hoyre-contact__inner\"><figure class=\"hoyre-image-wrapper\"><div class=\"hoyre-image\"><img loading=\"lazy\" decoding=\"async\" width=\"1667\" height=\"2500\" src=\"https:\/\/hoyre.no\/content\/uploads\/sites\/408\/2024\/09\/Ole_Stordahl-scaled.jpeg\" class=\"attachment-scaled size-scaled\" alt=\"Ole Stordahl\" style=\"object-position: 52% 34%\" srcset=\"https:\/\/hoyre.no\/content\/uploads\/sites\/408\/2024\/09\/Ole_Stordahl-scaled.jpeg 1667w, https:\/\/hoyre.no\/content\/uploads\/sites\/408\/2024\/09\/Ole_Stordahl-200x300.jpeg 200w, https:\/\/hoyre.no\/content\/uploads\/sites\/408\/2024\/09\/Ole_Stordahl-683x1024.jpeg 683w, https:\/\/hoyre.no\/content\/uploads\/sites\/408\/2024\/09\/Ole_Stordahl-768x1152.jpeg 768w, https:\/\/hoyre.no\/content\/uploads\/sites\/408\/2024\/09\/Ole_Stordahl-1024x1536.jpeg 1024w, https:\/\/hoyre.no\/content\/uploads\/sites\/408\/2024\/09\/Ole_Stordahl-1365x2048.jpeg 1365w\" sizes=\"auto, (max-width: 1667px) 100vw, 1667px\" \/><\/div><\/figure><h3 class=\"title\">Ole Stordahl<\/h3><span class=\"position\">Organisasjonsr\u00e5dgiver<\/span><br\/><a class=\"phone\" href=\"tel:477 07 701\">477 07 701<\/a><br\/><a class=\"email\" href=\"mailto:olesto@hoyre.no\">olesto@hoyre.no<\/a><\/div><\/div>\n\n\n\n<div class=\"wp-block-hoyre-contact alignwide\"><div class=\"hoyre-contact__inner\"><figure class=\"hoyre-image-wrapper\"><div class=\"hoyre-image\"><img loading=\"lazy\" decoding=\"async\" width=\"1031\" height=\"773\" src=\"https:\/\/hoyre.no\/content\/uploads\/sites\/408\/2024\/09\/pro-yagunMTX.jpeg\" class=\"attachment-scaled size-scaled\" alt=\"Tage Slind Jensen\" style=\"object-position: 40% 38%\" srcset=\"https:\/\/hoyre.no\/content\/uploads\/sites\/408\/2024\/09\/pro-yagunMTX.jpeg 1031w, https:\/\/hoyre.no\/content\/uploads\/sites\/408\/2024\/09\/pro-yagunMTX-300x225.jpeg 300w, https:\/\/hoyre.no\/content\/uploads\/sites\/408\/2024\/09\/pro-yagunMTX-1024x768.jpeg 1024w, https:\/\/hoyre.no\/content\/uploads\/sites\/408\/2024\/09\/pro-yagunMTX-768x576.jpeg 768w\" sizes=\"auto, (max-width: 1031px) 100vw, 1031px\" \/><\/div><\/figure><h3 class=\"title\">Tage Slind Jensen<\/h3><span class=\"position\">Kommunikasjonsr\u00e5dgiver<\/span><br\/><a class=\"phone\" href=\"tel:481 25 251\">481 25 251<\/a><br\/><a class=\"email\" href=\"mailto:tagjen@hoyre.no\">tagjen@hoyre.no<\/a><\/div><\/div>\n<\/div><\/div>\n\n\n\n\n<p><\/p>\n","protected":false},"excerpt":{"rendered":"","protected":false},"author":51320,"featured_media":0,"parent":224,"menu_order":0,"comment_status":"closed","ping_status":"closed","template":"","meta":{"teft_cards_image_url":"","teft_cards_custom_pretitle":"","teft_cards_image_id":3614,"teft_cards_image_focal_point_x":0.5,"teft_cards_image_focal_point_y":0.5,"teft_cards_title":"","teft_cards_excerpt":"","teft_show_chapters":false,"footnotes":""},"class_list":["post-3134","page","type-page","status-publish","hentry"],"yoast_head":"<!-- This site is optimized with the Yoast SEO Premium plugin v26.5 (Yoast SEO v26.6) - https:\/\/yoast.com\/wordpress\/plugins\/seo\/ -->\n<title>Sekretariatet - Oslo H\u00f8yre<\/title>\n<meta name=\"description\" content=\"Har du sp\u00f8rsm\u00e5l til Oslo H\u00f8yres sekretariat? Her finner du de ansatte i Oslo H\u00f8yres kontaktinformasjon!\" \/>\n<meta name=\"robots\" content=\"index, follow, max-snippet:-1, max-image-preview:large, max-video-preview:-1\" \/>\n<link rel=\"canonical\" href=\"https:\/\/hoyre.no\/oslo\/om-oss\/om-oslo-hoyre\/sekretariatet\/\" \/>\n<meta property=\"og:locale\" content=\"nb_NO\" \/>\n<meta property=\"og:type\" content=\"article\" \/>\n<meta property=\"og:title\" content=\"Sekretariatet\" \/>\n<meta property=\"og:description\" content=\"Har du sp\u00f8rsm\u00e5l til Oslo H\u00f8yres sekretariat? Her finner du de ansatte i Oslo H\u00f8yres kontaktinformasjon!\" \/>\n<meta property=\"og:url\" content=\"https:\/\/hoyre.no\/oslo\/om-oss\/om-oslo-hoyre\/sekretariatet\/\" \/>\n<meta property=\"og:site_name\" content=\"Oslo H\u00f8yre\" \/>\n<meta property=\"article:publisher\" content=\"https:\/\/www.facebook.com\/oslo.hoyre\" \/>\n<meta property=\"article:modified_time\" content=\"2025-10-09T12:12:00+00:00\" \/>\n<meta property=\"og:image\" content=\"https:\/\/hoyre.no\/content\/uploads\/sites\/408\/2022\/11\/Hoyres-logo.png\" \/>\n<meta name=\"twitter:card\" content=\"summary_large_image\" \/>\n<meta name=\"twitter:label1\" content=\"Ansl. lesetid\" \/>\n\t<meta name=\"twitter:data1\" content=\"1 minutt\" \/>\n<script type=\"application\/ld+json\" class=\"yoast-schema-graph\">{\"@context\":\"https:\/\/schema.org\",\"@graph\":[{\"@type\":\"WebPage\",\"@id\":\"https:\/\/hoyre.no\/oslo\/om-oss\/om-oslo-hoyre\/sekretariatet\/\",\"url\":\"https:\/\/hoyre.no\/oslo\/om-oss\/om-oslo-hoyre\/sekretariatet\/\",\"name\":\"Sekretariatet - Oslo H\u00f8yre\",\"isPartOf\":{\"@id\":\"https:\/\/hoyre.no\/oslo\/#website\"},\"datePublished\":\"2022-09-28T09:09:36+00:00\",\"dateModified\":\"2025-10-09T12:12:00+00:00\",\"description\":\"Har du sp\u00f8rsm\u00e5l til Oslo H\u00f8yres sekretariat? Her finner du de ansatte i Oslo H\u00f8yres kontaktinformasjon!\",\"breadcrumb\":{\"@id\":\"https:\/\/hoyre.no\/oslo\/om-oss\/om-oslo-hoyre\/sekretariatet\/#breadcrumb\"},\"inLanguage\":\"nb-NO\",\"potentialAction\":[{\"@type\":\"ReadAction\",\"target\":[\"https:\/\/hoyre.no\/oslo\/om-oss\/om-oslo-hoyre\/sekretariatet\/\"]}]},{\"@type\":\"BreadcrumbList\",\"@id\":\"https:\/\/hoyre.no\/oslo\/om-oss\/om-oslo-hoyre\/sekretariatet\/#breadcrumb\",\"itemListElement\":[{\"@type\":\"ListItem\",\"position\":1,\"name\":\"Til hoyre.no\",\"item\":\"https:\/\/hoyre.no\"},{\"@type\":\"ListItem\",\"position\":2,\"name\":\"Hjem\",\"item\":\"https:\/\/hoyre.no\/oslo\/\"},{\"@type\":\"ListItem\",\"position\":3,\"name\":\"Om oss\",\"item\":\"https:\/\/hoyre.no\/oslo\/?page_id=116\"},{\"@type\":\"ListItem\",\"position\":4,\"name\":\"Om Oslo H\u00f8yre\",\"item\":\"https:\/\/hoyre.no\/oslo\/om-oss\/om-oslo-hoyre\/\"},{\"@type\":\"ListItem\",\"position\":5,\"name\":\"Sekretariatet\"}]},{\"@type\":\"WebSite\",\"@id\":\"https:\/\/hoyre.no\/oslo\/#website\",\"url\":\"https:\/\/hoyre.no\/oslo\/\",\"name\":\"Oslo H\u00f8yre\",\"description\":\"\",\"publisher\":{\"@id\":\"https:\/\/hoyre.no\/oslo\/#organization\"},\"inLanguage\":\"nb-NO\"},{\"@type\":\"Organization\",\"@id\":\"https:\/\/hoyre.no\/oslo\/#organization\",\"name\":\"Oslo H\u00f8yre\",\"url\":\"https:\/\/hoyre.no\/oslo\/\",\"logo\":{\"@type\":\"ImageObject\",\"inLanguage\":\"nb-NO\",\"@id\":\"https:\/\/hoyre.no\/oslo\/#\/schema\/logo\/image\/\",\"url\":\"https:\/\/hoyre.no\/content\/uploads\/sites\/408\/2022\/11\/Hoyres-logo.png\",\"contentUrl\":\"https:\/\/hoyre.no\/content\/uploads\/sites\/408\/2022\/11\/Hoyres-logo.png\",\"width\":1000,\"height\":1000,\"caption\":\"Oslo H\u00f8yre\"},\"image\":{\"@id\":\"https:\/\/hoyre.no\/oslo\/#\/schema\/logo\/image\/\"},\"sameAs\":[\"https:\/\/www.facebook.com\/oslo.hoyre\"]}]}<\/script>\n<!-- \/ Yoast SEO Premium plugin. -->","yoast_head_json":{"title":"Sekretariatet - Oslo H\u00f8yre","description":"Har du sp\u00f8rsm\u00e5l til Oslo H\u00f8yres sekretariat? Her finner du de ansatte i Oslo H\u00f8yres kontaktinformasjon!","robots":{"index":"index","follow":"follow","max-snippet":"max-snippet:-1","max-image-preview":"max-image-preview:large","max-video-preview":"max-video-preview:-1"},"canonical":"https:\/\/hoyre.no\/oslo\/om-oss\/om-oslo-hoyre\/sekretariatet\/","og_locale":"nb_NO","og_type":"article","og_title":"Sekretariatet","og_description":"Har du sp\u00f8rsm\u00e5l til Oslo H\u00f8yres sekretariat? Her finner du de ansatte i Oslo H\u00f8yres kontaktinformasjon!","og_url":"https:\/\/hoyre.no\/oslo\/om-oss\/om-oslo-hoyre\/sekretariatet\/","og_site_name":"Oslo H\u00f8yre","article_publisher":"https:\/\/www.facebook.com\/oslo.hoyre","article_modified_time":"2025-10-09T12:12:00+00:00","og_image":[{"url":"https:\/\/hoyre.no\/content\/uploads\/sites\/408\/2022\/11\/Hoyres-logo.png","width":"","height":"","type":""}],"twitter_card":"summary_large_image","twitter_misc":{"Ansl. lesetid":"1 minutt"},"schema":{"@context":"https:\/\/schema.org","@graph":[{"@type":"WebPage","@id":"https:\/\/hoyre.no\/oslo\/om-oss\/om-oslo-hoyre\/sekretariatet\/","url":"https:\/\/hoyre.no\/oslo\/om-oss\/om-oslo-hoyre\/sekretariatet\/","name":"Sekretariatet - Oslo H\u00f8yre","isPartOf":{"@id":"https:\/\/hoyre.no\/oslo\/#website"},"datePublished":"2022-09-28T09:09:36+00:00","dateModified":"2025-10-09T12:12:00+00:00","description":"Har du sp\u00f8rsm\u00e5l til Oslo H\u00f8yres sekretariat? Her finner du de ansatte i Oslo H\u00f8yres kontaktinformasjon!","breadcrumb":{"@id":"https:\/\/hoyre.no\/oslo\/om-oss\/om-oslo-hoyre\/sekretariatet\/#breadcrumb"},"inLanguage":"nb-NO","potentialAction":[{"@type":"ReadAction","target":["https:\/\/hoyre.no\/oslo\/om-oss\/om-oslo-hoyre\/sekretariatet\/"]}]},{"@type":"BreadcrumbList","@id":"https:\/\/hoyre.no\/oslo\/om-oss\/om-oslo-hoyre\/sekretariatet\/#breadcrumb","itemListElement":[{"@type":"ListItem","position":1,"name":"Til hoyre.no","item":"https:\/\/hoyre.no"},{"@type":"ListItem","position":2,"name":"Hjem","item":"https:\/\/hoyre.no\/oslo\/"},{"@type":"ListItem","position":3,"name":"Om oss","item":"https:\/\/hoyre.no\/oslo\/?page_id=116"},{"@type":"ListItem","position":4,"name":"Om Oslo H\u00f8yre","item":"https:\/\/hoyre.no\/oslo\/om-oss\/om-oslo-hoyre\/"},{"@type":"ListItem","position":5,"name":"Sekretariatet"}]},{"@type":"WebSite","@id":"https:\/\/hoyre.no\/oslo\/#website","url":"https:\/\/hoyre.no\/oslo\/","name":"Oslo H\u00f8yre","description":"","publisher":{"@id":"https:\/\/hoyre.no\/oslo\/#organization"},"inLanguage":"nb-NO"},{"@type":"Organization","@id":"https:\/\/hoyre.no\/oslo\/#organization","name":"Oslo H\u00f8yre","url":"https:\/\/hoyre.no\/oslo\/","logo":{"@type":"ImageObject","inLanguage":"nb-NO","@id":"https:\/\/hoyre.no\/oslo\/#\/schema\/logo\/image\/","url":"https:\/\/hoyre.no\/content\/uploads\/sites\/408\/2022\/11\/Hoyres-logo.png","contentUrl":"https:\/\/hoyre.no\/content\/uploads\/sites\/408\/2022\/11\/Hoyres-logo.png","width":1000,"height":1000,"caption":"Oslo H\u00f8yre"},"image":{"@id":"https:\/\/hoyre.no\/oslo\/#\/schema\/logo\/image\/"},"sameAs":["https:\/\/www.facebook.com\/oslo.hoyre"]}]}},"distributor_meta":false,"distributor_terms":false,"distributor_media":false,"distributor_original_site_name":"Oslo H\u00f8yre","distributor_original_site_url":"https:\/\/hoyre.no\/oslo","push-errors":false,"_links":{"self":[{"href":"https:\/\/hoyre.no\/oslo\/wp-json\/wp\/v2\/pages\/3134","targetHints":{"allow":["GET"]}}],"collection":[{"href":"https:\/\/hoyre.no\/oslo\/wp-json\/wp\/v2\/pages"}],"about":[{"href":"https:\/\/hoyre.no\/oslo\/wp-json\/wp\/v2\/types\/page"}],"author":[{"embeddable":true,"href":"https:\/\/hoyre.no\/oslo\/wp-json\/wp\/v2\/users\/51320"}],"replies":[{"embeddable":true,"href":"https:\/\/hoyre.no\/oslo\/wp-json\/wp\/v2\/comments?post=3134"}],"version-history":[{"count":58,"href":"https:\/\/hoyre.no\/oslo\/wp-json\/wp\/v2\/pages\/3134\/revisions"}],"predecessor-version":[{"id":9810,"href":"https:\/\/hoyre.no\/oslo\/wp-json\/wp\/v2\/pages\/3134\/revisions\/9810"}],"up":[{"embeddable":true,"href":"https:\/\/hoyre.no\/oslo\/wp-json\/wp\/v2\/pages\/224"}],"wp:attachment":[{"href":"https:\/\/hoyre.no\/oslo\/wp-json\/wp\/v2\/media?parent=3134"}],"curies":[{"name":"wp","href":"https:\/\/api.w.org\/{rel}","templated":true}]}}