{"id":3136,"date":"2022-09-28T11:10:30","date_gmt":"2022-09-28T09:10:30","guid":{"rendered":"https:\/\/hoyre.no\/oslo\/?page_id=3136"},"modified":"2026-04-15T14:59:21","modified_gmt":"2026-04-15T12:59:21","slug":"bystyregruppens-sekretariat","status":"publish","type":"page","link":"https:\/\/hoyre.no\/oslo\/om-oss\/om-oslo-hoyre\/bystyregruppens-sekretariat\/","title":{"rendered":"Bystyregruppens sekretariat"},"content":{"rendered":"\n<div class=\"wp-block-hoyre-hero with-image-gradient text-color-light  alignfull has-background \"><div class=\"hoyre-hero \"><h1 class=\"title\">Bystyregruppens sekretariat<\/h1><p class=\"preamble\">Kontakt bystyregruppen: <a href=\"mailto:hoyre@oslobystyre.no\">hoyre@oslobystyre.no<\/a><\/p><\/div><\/div>\n\n\n\n\n<div class=\"wp-block-hoyre-contacts alignwide\"><div class=\"hoyre-contacts__inner\">\n<div class=\"wp-block-hoyre-contact alignwide\"><div class=\"hoyre-contact__inner\"><figure class=\"hoyre-image-wrapper\"><div class=\"hoyre-image\"><img loading=\"lazy\" decoding=\"async\" width=\"700\" height=\"982\" src=\"https:\/\/hoyre.no\/content\/uploads\/sites\/408\/2022\/10\/marte-mellerud-1.jpg\" class=\"attachment-scaled size-scaled\" alt=\"\" style=\"object-position: 56.99999999999999% 1%\" srcset=\"https:\/\/hoyre.no\/content\/uploads\/sites\/408\/2022\/10\/marte-mellerud-1.jpg 700w, https:\/\/hoyre.no\/content\/uploads\/sites\/408\/2022\/10\/marte-mellerud-1-214x300.jpg 214w\" sizes=\"auto, (max-width: 700px) 100vw, 700px\" \/><\/div><\/figure><h3 class=\"title\">Marte Mellerud<\/h3><span class=\"position\">Stabssjef<\/span><br\/><a class=\"phone\" href=\"tel:93 68 32 38\">93 68 32 38<\/a><br\/><a class=\"email\" href=\"mailto:marte.mellerud@oslobystyre.no\">marte.mellerud@oslobystyre.no<\/a><\/div><\/div>\n\n\n\n<div class=\"wp-block-hoyre-contact alignwide\"><div class=\"hoyre-contact__inner\"><figure class=\"hoyre-image-wrapper\"><div class=\"hoyre-image\"><img loading=\"lazy\" decoding=\"async\" width=\"1080\" height=\"1080\" src=\"https:\/\/hoyre.no\/content\/uploads\/sites\/408\/2025\/05\/aga.png\" class=\"attachment-scaled size-scaled\" alt=\"Aga Sadlowska\" style=\"object-position: 0% 25%\" srcset=\"https:\/\/hoyre.no\/content\/uploads\/sites\/408\/2025\/05\/aga.png 1080w, https:\/\/hoyre.no\/content\/uploads\/sites\/408\/2025\/05\/aga-300x300.png 300w, https:\/\/hoyre.no\/content\/uploads\/sites\/408\/2025\/05\/aga-1024x1024.png 1024w, https:\/\/hoyre.no\/content\/uploads\/sites\/408\/2025\/05\/aga-150x150.png 150w, https:\/\/hoyre.no\/content\/uploads\/sites\/408\/2025\/05\/aga-768x768.png 768w\" sizes=\"auto, (max-width: 1080px) 100vw, 1080px\" \/><\/div><\/figure><h3 class=\"title\">Aga Sadlowska<\/h3><span class=\"position\">Politisk r\u00e5dgiver for byutvikling og milj\u00f8 og samferdsel<\/span><br\/><a class=\"phone\" href=\"tel:908 85 444\">908 85 444<\/a><br\/><a class=\"email\" href=\"mailto:aga.sadlowska@oslobystyre.no\">aga.sadlowska@oslobystyre.no<\/a><\/div><\/div>\n<\/div><\/div>\n\n\n\n\n<div class=\"wp-block-hoyre-contacts alignwide\"><div class=\"hoyre-contacts__inner\">\n<div class=\"wp-block-hoyre-contact alignwide\"><div class=\"hoyre-contact__inner\"><figure class=\"hoyre-image-wrapper\"><div class=\"hoyre-image\"><img loading=\"lazy\" decoding=\"async\" width=\"2100\" height=\"1692\" src=\"https:\/\/hoyre.no\/content\/uploads\/sites\/408\/2023\/04\/Skjermbilde-2023-04-11-kl.-09.25.43.png\" class=\"attachment-scaled size-scaled\" alt=\"Tone-Lise\" style=\"object-position: 46% 37%\" srcset=\"https:\/\/hoyre.no\/content\/uploads\/sites\/408\/2023\/04\/Skjermbilde-2023-04-11-kl.-09.25.43.png 2100w, https:\/\/hoyre.no\/content\/uploads\/sites\/408\/2023\/04\/Skjermbilde-2023-04-11-kl.-09.25.43-300x242.png 300w, https:\/\/hoyre.no\/content\/uploads\/sites\/408\/2023\/04\/Skjermbilde-2023-04-11-kl.-09.25.43-1024x825.png 1024w, https:\/\/hoyre.no\/content\/uploads\/sites\/408\/2023\/04\/Skjermbilde-2023-04-11-kl.-09.25.43-768x619.png 768w, https:\/\/hoyre.no\/content\/uploads\/sites\/408\/2023\/04\/Skjermbilde-2023-04-11-kl.-09.25.43-1536x1238.png 1536w, https:\/\/hoyre.no\/content\/uploads\/sites\/408\/2023\/04\/Skjermbilde-2023-04-11-kl.-09.25.43-2048x1650.png 2048w\" sizes=\"auto, (max-width: 2100px) 100vw, 2100px\" \/><\/div><\/figure><h3 class=\"title\">Tone-Lise Muri Skagefoss<\/h3><span class=\"position\">Politisk r\u00e5dgiver for ordf\u00f8reren<\/span><br\/><a class=\"phone\" href=\"tel:90 73 99 73\">90 73 99 73<\/a><br\/><a class=\"email\" href=\"mailto:tone-lise.skagefoss@oslobystyre.no\">tone-lise.skagefoss@oslobystyre.no<\/a><\/div><\/div>\n<\/div><\/div>\n\n\n\n<div class=\"wp-block-columns is-layout-flex wp-container-core-columns-is-layout-9d6595d7 wp-block-columns-is-layout-flex\">\n<div class=\"wp-block-column is-layout-flow wp-block-column-is-layout-flow\"><\/div>\n<\/div>\n\n\n","protected":false},"excerpt":{"rendered":"","protected":false},"author":51320,"featured_media":0,"parent":224,"menu_order":0,"comment_status":"closed","ping_status":"closed","template":"","meta":{"teft_cards_image_url":"","teft_cards_custom_pretitle":"","teft_cards_image_id":215,"teft_cards_image_focal_point_x":0.5,"teft_cards_image_focal_point_y":0.5,"teft_cards_title":"","teft_cards_excerpt":"","teft_show_chapters":false,"footnotes":""},"class_list":["post-3136","page","type-page","status-publish","hentry"],"yoast_head":"<!-- This site is optimized with the Yoast SEO Premium plugin v26.5 (Yoast SEO v26.6) - https:\/\/yoast.com\/wordpress\/plugins\/seo\/ -->\n<title>Bystyregruppens sekretariat - Oslo H\u00f8yre<\/title>\n<meta name=\"description\" content=\"\u00d8nsker du \u00e5 komme i kontakt med Oslo H\u00f8yres bystyresekretariat? Du finner kontaktinformasjonen deres her!\" \/>\n<meta name=\"robots\" content=\"index, follow, max-snippet:-1, max-image-preview:large, max-video-preview:-1\" \/>\n<link rel=\"canonical\" href=\"https:\/\/hoyre.no\/oslo\/om-oss\/om-oslo-hoyre\/bystyregruppens-sekretariat\/\" \/>\n<meta property=\"og:locale\" content=\"nb_NO\" \/>\n<meta property=\"og:type\" content=\"article\" \/>\n<meta property=\"og:title\" content=\"Bystyregruppens sekretariat\" \/>\n<meta property=\"og:description\" content=\"\u00d8nsker du \u00e5 komme i kontakt med Oslo H\u00f8yres bystyresekretariat? Du finner kontaktinformasjonen deres her!\" \/>\n<meta property=\"og:url\" content=\"https:\/\/hoyre.no\/oslo\/om-oss\/om-oslo-hoyre\/bystyregruppens-sekretariat\/\" \/>\n<meta property=\"og:site_name\" content=\"Oslo H\u00f8yre\" \/>\n<meta property=\"article:publisher\" content=\"https:\/\/www.facebook.com\/oslo.hoyre\" \/>\n<meta property=\"article:modified_time\" content=\"2026-04-15T12:59:21+00:00\" \/>\n<meta property=\"og:image\" content=\"https:\/\/hoyre.no\/content\/uploads\/sites\/408\/2022\/09\/Logo-for-oh-1024x1024.jpg\" \/>\n<meta name=\"twitter:card\" content=\"summary_large_image\" \/>\n<meta name=\"twitter:label1\" content=\"Ansl. lesetid\" \/>\n\t<meta name=\"twitter:data1\" content=\"1 minutt\" \/>\n<script type=\"application\/ld+json\" class=\"yoast-schema-graph\">{\"@context\":\"https:\/\/schema.org\",\"@graph\":[{\"@type\":\"WebPage\",\"@id\":\"https:\/\/hoyre.no\/oslo\/om-oss\/om-oslo-hoyre\/bystyregruppens-sekretariat\/\",\"url\":\"https:\/\/hoyre.no\/oslo\/om-oss\/om-oslo-hoyre\/bystyregruppens-sekretariat\/\",\"name\":\"Bystyregruppens sekretariat - Oslo H\u00f8yre\",\"isPartOf\":{\"@id\":\"https:\/\/hoyre.no\/oslo\/#website\"},\"datePublished\":\"2022-09-28T09:10:30+00:00\",\"dateModified\":\"2026-04-15T12:59:21+00:00\",\"description\":\"\u00d8nsker du \u00e5 komme i kontakt med Oslo H\u00f8yres bystyresekretariat? Du finner kontaktinformasjonen deres her!\",\"breadcrumb\":{\"@id\":\"https:\/\/hoyre.no\/oslo\/om-oss\/om-oslo-hoyre\/bystyregruppens-sekretariat\/#breadcrumb\"},\"inLanguage\":\"nb-NO\",\"potentialAction\":[{\"@type\":\"ReadAction\",\"target\":[\"https:\/\/hoyre.no\/oslo\/om-oss\/om-oslo-hoyre\/bystyregruppens-sekretariat\/\"]}]},{\"@type\":\"BreadcrumbList\",\"@id\":\"https:\/\/hoyre.no\/oslo\/om-oss\/om-oslo-hoyre\/bystyregruppens-sekretariat\/#breadcrumb\",\"itemListElement\":[{\"@type\":\"ListItem\",\"position\":1,\"name\":\"Til hoyre.no\",\"item\":\"https:\/\/hoyre.no\"},{\"@type\":\"ListItem\",\"position\":2,\"name\":\"Hjem\",\"item\":\"https:\/\/hoyre.no\/oslo\/\"},{\"@type\":\"ListItem\",\"position\":3,\"name\":\"Om oss\",\"item\":\"https:\/\/hoyre.no\/oslo\/?page_id=116\"},{\"@type\":\"ListItem\",\"position\":4,\"name\":\"Om Oslo H\u00f8yre\",\"item\":\"https:\/\/hoyre.no\/oslo\/om-oss\/om-oslo-hoyre\/\"},{\"@type\":\"ListItem\",\"position\":5,\"name\":\"Bystyregruppens sekretariat\"}]},{\"@type\":\"WebSite\",\"@id\":\"https:\/\/hoyre.no\/oslo\/#website\",\"url\":\"https:\/\/hoyre.no\/oslo\/\",\"name\":\"Oslo H\u00f8yre\",\"description\":\"\",\"publisher\":{\"@id\":\"https:\/\/hoyre.no\/oslo\/#organization\"},\"inLanguage\":\"nb-NO\"},{\"@type\":\"Organization\",\"@id\":\"https:\/\/hoyre.no\/oslo\/#organization\",\"name\":\"Oslo H\u00f8yre\",\"url\":\"https:\/\/hoyre.no\/oslo\/\",\"logo\":{\"@type\":\"ImageObject\",\"inLanguage\":\"nb-NO\",\"@id\":\"https:\/\/hoyre.no\/oslo\/#\/schema\/logo\/image\/\",\"url\":\"https:\/\/hoyre.no\/content\/uploads\/sites\/408\/2022\/11\/Hoyres-logo.png\",\"contentUrl\":\"https:\/\/hoyre.no\/content\/uploads\/sites\/408\/2022\/11\/Hoyres-logo.png\",\"width\":1000,\"height\":1000,\"caption\":\"Oslo H\u00f8yre\"},\"image\":{\"@id\":\"https:\/\/hoyre.no\/oslo\/#\/schema\/logo\/image\/\"},\"sameAs\":[\"https:\/\/www.facebook.com\/oslo.hoyre\"]}]}<\/script>\n<!-- \/ Yoast SEO Premium plugin. -->","yoast_head_json":{"title":"Bystyregruppens sekretariat - Oslo H\u00f8yre","description":"\u00d8nsker du \u00e5 komme i kontakt med Oslo H\u00f8yres bystyresekretariat? Du finner kontaktinformasjonen deres her!","robots":{"index":"index","follow":"follow","max-snippet":"max-snippet:-1","max-image-preview":"max-image-preview:large","max-video-preview":"max-video-preview:-1"},"canonical":"https:\/\/hoyre.no\/oslo\/om-oss\/om-oslo-hoyre\/bystyregruppens-sekretariat\/","og_locale":"nb_NO","og_type":"article","og_title":"Bystyregruppens sekretariat","og_description":"\u00d8nsker du \u00e5 komme i kontakt med Oslo H\u00f8yres bystyresekretariat? Du finner kontaktinformasjonen deres her!","og_url":"https:\/\/hoyre.no\/oslo\/om-oss\/om-oslo-hoyre\/bystyregruppens-sekretariat\/","og_site_name":"Oslo H\u00f8yre","article_publisher":"https:\/\/www.facebook.com\/oslo.hoyre","article_modified_time":"2026-04-15T12:59:21+00:00","og_image":[{"url":"https:\/\/hoyre.no\/content\/uploads\/sites\/408\/2022\/09\/Logo-for-oh-1024x1024.jpg","width":"","height":"","type":""}],"twitter_card":"summary_large_image","twitter_misc":{"Ansl. lesetid":"1 minutt"},"schema":{"@context":"https:\/\/schema.org","@graph":[{"@type":"WebPage","@id":"https:\/\/hoyre.no\/oslo\/om-oss\/om-oslo-hoyre\/bystyregruppens-sekretariat\/","url":"https:\/\/hoyre.no\/oslo\/om-oss\/om-oslo-hoyre\/bystyregruppens-sekretariat\/","name":"Bystyregruppens sekretariat - Oslo H\u00f8yre","isPartOf":{"@id":"https:\/\/hoyre.no\/oslo\/#website"},"datePublished":"2022-09-28T09:10:30+00:00","dateModified":"2026-04-15T12:59:21+00:00","description":"\u00d8nsker du \u00e5 komme i kontakt med Oslo H\u00f8yres bystyresekretariat? Du finner kontaktinformasjonen deres her!","breadcrumb":{"@id":"https:\/\/hoyre.no\/oslo\/om-oss\/om-oslo-hoyre\/bystyregruppens-sekretariat\/#breadcrumb"},"inLanguage":"nb-NO","potentialAction":[{"@type":"ReadAction","target":["https:\/\/hoyre.no\/oslo\/om-oss\/om-oslo-hoyre\/bystyregruppens-sekretariat\/"]}]},{"@type":"BreadcrumbList","@id":"https:\/\/hoyre.no\/oslo\/om-oss\/om-oslo-hoyre\/bystyregruppens-sekretariat\/#breadcrumb","itemListElement":[{"@type":"ListItem","position":1,"name":"Til hoyre.no","item":"https:\/\/hoyre.no"},{"@type":"ListItem","position":2,"name":"Hjem","item":"https:\/\/hoyre.no\/oslo\/"},{"@type":"ListItem","position":3,"name":"Om oss","item":"https:\/\/hoyre.no\/oslo\/?page_id=116"},{"@type":"ListItem","position":4,"name":"Om Oslo H\u00f8yre","item":"https:\/\/hoyre.no\/oslo\/om-oss\/om-oslo-hoyre\/"},{"@type":"ListItem","position":5,"name":"Bystyregruppens sekretariat"}]},{"@type":"WebSite","@id":"https:\/\/hoyre.no\/oslo\/#website","url":"https:\/\/hoyre.no\/oslo\/","name":"Oslo H\u00f8yre","description":"","publisher":{"@id":"https:\/\/hoyre.no\/oslo\/#organization"},"inLanguage":"nb-NO"},{"@type":"Organization","@id":"https:\/\/hoyre.no\/oslo\/#organization","name":"Oslo H\u00f8yre","url":"https:\/\/hoyre.no\/oslo\/","logo":{"@type":"ImageObject","inLanguage":"nb-NO","@id":"https:\/\/hoyre.no\/oslo\/#\/schema\/logo\/image\/","url":"https:\/\/hoyre.no\/content\/uploads\/sites\/408\/2022\/11\/Hoyres-logo.png","contentUrl":"https:\/\/hoyre.no\/content\/uploads\/sites\/408\/2022\/11\/Hoyres-logo.png","width":1000,"height":1000,"caption":"Oslo H\u00f8yre"},"image":{"@id":"https:\/\/hoyre.no\/oslo\/#\/schema\/logo\/image\/"},"sameAs":["https:\/\/www.facebook.com\/oslo.hoyre"]}]}},"distributor_meta":false,"distributor_terms":false,"distributor_media":false,"distributor_original_site_name":"Oslo H\u00f8yre","distributor_original_site_url":"https:\/\/hoyre.no\/oslo","push-errors":false,"_links":{"self":[{"href":"https:\/\/hoyre.no\/oslo\/wp-json\/wp\/v2\/pages\/3136","targetHints":{"allow":["GET"]}}],"collection":[{"href":"https:\/\/hoyre.no\/oslo\/wp-json\/wp\/v2\/pages"}],"about":[{"href":"https:\/\/hoyre.no\/oslo\/wp-json\/wp\/v2\/types\/page"}],"author":[{"embeddable":true,"href":"https:\/\/hoyre.no\/oslo\/wp-json\/wp\/v2\/users\/51320"}],"replies":[{"embeddable":true,"href":"https:\/\/hoyre.no\/oslo\/wp-json\/wp\/v2\/comments?post=3136"}],"version-history":[{"count":32,"href":"https:\/\/hoyre.no\/oslo\/wp-json\/wp\/v2\/pages\/3136\/revisions"}],"predecessor-version":[{"id":9985,"href":"https:\/\/hoyre.no\/oslo\/wp-json\/wp\/v2\/pages\/3136\/revisions\/9985"}],"up":[{"embeddable":true,"href":"https:\/\/hoyre.no\/oslo\/wp-json\/wp\/v2\/pages\/224"}],"wp:attachment":[{"href":"https:\/\/hoyre.no\/oslo\/wp-json\/wp\/v2\/media?parent=3136"}],"curies":[{"name":"wp","href":"https:\/\/api.w.org\/{rel}","templated":true}]}}