{"id":3225,"date":"2022-10-06T11:54:52","date_gmt":"2022-10-06T09:54:52","guid":{"rendered":"https:\/\/hoyre.no\/oslo\/?page_id=3225"},"modified":"2022-10-06T11:54:53","modified_gmt":"2022-10-06T09:54:53","slug":"et-loft-for-yrkesfagene","status":"publish","type":"page","link":"https:\/\/hoyre.no\/oslo\/politikk\/vaar-politikk\/et-loft-for-yrkesfagene\/","title":{"rendered":"Et l\u00f8ft for yrkesfagene"},"content":{"rendered":"\n<div class=\"wp-block-hoyre-hero with-image-gradient text-color-light  alignfull has-background\"><div class=\"hoyre-hero \"><h1 class=\"title\">Et l\u00f8ft for yrkesfagene<\/h1><p class=\"preamble\">Oslo trenger flere dyktige fagarbeidere b\u00e5de i privat og offentlig sektor. Oslo H\u00f8yre \u00f8nsker \u00e5 styrke yrkesfagene og stimulere til at flere velger yrkesfag, og at flere fullf\u00f8rer og best\u00e5r. Vi vil jobbe for flere l\u00e6rlingplasser, mer praksisn\u00e6r undervisning og flere tilpassede utdanningsl\u00f8p.<\/p><\/div><\/div>\n\n\n\n\n<p>Faglig sterke yrkesfagl\u00e6rere kan utgj\u00f8re en stor forskjell. For \u00e5 gj\u00f8re undervisningen mer arbeidslivsrelevant for elevene er det n\u00f8dvendig at flere yrkesfagl\u00e6rere f\u00e5r etter- og videreutdanning. Oslo H\u00f8yre \u00f8nsker at flere yrkesfagelever kan utvikle sine egne ideer og etablere egne bedrifter, og vil derfor tilby entrepren\u00f8rskap som en del av undervisningen.<\/p>\n\n\n\n<p><strong>Oslo H\u00f8yre vil:<\/strong><\/p>\n\n\n\n<ul class=\"wp-block-list\"><li>Styrke r\u00e5dgivningstjenesten og karriereveiledningen slik at elever i ungdomsskolen f\u00e5r god kjennskap til yrkesfagene og hvilke muligheter de gir i arbeidslivet.<\/li><li>Etablere flere samarbeidsavtaler og utvekslingsprogrammer mellom skoler og arbeidsliv, slik at alle elever f\u00e5r tilbud om praksisn\u00e6r undervisning.<\/li><li>Gi yrkesfagelever mulighet til \u00e5 spesialisere seg tidligere i skolel\u00f8pet og gj\u00f8re undervisningen i fellesfagene mer yrkesrettet og praksisn\u00e6r.<\/li><li>Stille krav om at flere kommunale virksomheter m\u00e5 ta inn l\u00e6rlinger.<\/li><li>Sikre at elever f\u00e5r oppl\u00e6ring med oppdatert og kvalitetssikret utstyr.<\/li><li>Satse p\u00e5 hospiteringsordningen for yrkesfagl\u00e6rere og \u00ablektor 2\u00bb-ordningen, som gir fagpersoner i arbeidslivet mulighet til \u00e5 undervise i skolen.<\/li><li>Fortsette \u00e5 utvikle flere YSK-l\u00f8p i videreg\u00e5ende skole, der elevene b\u00e5de f\u00e5r fagbrev og generell studiekompetanse, for eksempel innen byggfag og helsefag.<\/li><li>Innf\u00f8re et kommunalt l\u00e6rlingtilskudd for enkelte fagomr\u00e5der, slik at flere elever f\u00e5r l\u00e6rlingplass.<\/li><li>Differensiere det kommunale l\u00e6rlingtilskuddet slik at bedrifter som \u00f8nsker \u00e5 forplikte seg til \u00e5 ta imot l\u00e6rlinger over flere \u00e5r, f\u00e5r mer i tilskudd.<\/li><li>Bekjempe frafall p\u00e5 p\u00e5byggslinjen ved \u00e5 ha et fors\u00f8ksprosjekt med karakterkrav for \u00e5 g\u00e5 fra yrkesfag til p\u00e5bygg. Dersom man har under karakteren tre i fellesfagene, m\u00e5 man ta p\u00e5bygg over to \u00e5r.<\/li><li>Se p\u00e5 muligheten for \u00e5 gi yrkesfagelever et utdanningsl\u00f8p som resulterer i et fagbrev p\u00e5 engelsk, etter modell fra IB-linjen.<\/li><li>Legge til rette for at flere elever t\u00f8r \u00e5 ta utradisjonelle utdanningsvalg, for \u00e5 styrke kj\u00f8nnsbalansen p\u00e5 ulike studieretninger.<\/li><li>S\u00f8rge for at flere yrkesfagelever f\u00e5r tilbud om oppl\u00e6ring innen \u00f8konomi og entrepren\u00f8rskap.<\/li><li>Styrke studiekvaliteten i fagskolene, blant annet gjennom \u00e5 gi flere fagskolel\u00e6rere kompetansep\u00e5fyll, etablere flere etter- og videreutdanningsprogrammer og f\u00e5 et tettere samarbeid med arbeids- og n\u00e6ringsliv.<\/li><li>Innf\u00f8re anonymiserte s\u00f8knader til l\u00e6rlingplasser, i f\u00f8rste omgang i kommunale virksomheter.<\/li><li>Gi tilbud om praksis for l\u00e6rlinger i VG3.<\/li><\/ul>\n\n","protected":false},"excerpt":{"rendered":"","protected":false},"author":51320,"featured_media":0,"parent":51,"menu_order":0,"comment_status":"closed","ping_status":"closed","template":"","meta":{"teft_cards_image_url":"","teft_cards_custom_pretitle":"","teft_cards_image_id":0,"teft_cards_image_focal_point_x":0,"teft_cards_image_focal_point_y":0,"teft_cards_title":"","teft_cards_excerpt":"","teft_show_chapters":false,"footnotes":""},"class_list":["post-3225","page","type-page","status-publish","hentry"],"yoast_head":"<!-- This site is optimized with the Yoast SEO Premium plugin v26.5 (Yoast SEO v26.6) - https:\/\/yoast.com\/wordpress\/plugins\/seo\/ -->\n<title>Et l\u00f8ft for yrkesfagene - Oslo H\u00f8yre<\/title>\n<meta name=\"robots\" content=\"index, follow, max-snippet:-1, max-image-preview:large, max-video-preview:-1\" \/>\n<link rel=\"canonical\" href=\"https:\/\/hoyre.no\/oslo\/politikk\/vaar-politikk\/et-loft-for-yrkesfagene\/\" \/>\n<meta property=\"og:locale\" content=\"nb_NO\" \/>\n<meta property=\"og:type\" content=\"article\" \/>\n<meta property=\"og:title\" content=\"Et l\u00f8ft for yrkesfagene\" \/>\n<meta property=\"og:url\" content=\"https:\/\/hoyre.no\/oslo\/politikk\/vaar-politikk\/et-loft-for-yrkesfagene\/\" \/>\n<meta property=\"og:site_name\" content=\"Oslo H\u00f8yre\" \/>\n<meta property=\"article:publisher\" content=\"https:\/\/www.facebook.com\/oslo.hoyre\" \/>\n<meta property=\"article:modified_time\" content=\"2022-10-06T09:54:53+00:00\" \/>\n<meta property=\"og:image\" content=\"https:\/\/hoyre.no\/content\/uploads\/sites\/408\/2022\/11\/Hoyres-logo.png\" \/>\n\t<meta property=\"og:image:width\" content=\"1000\" \/>\n\t<meta property=\"og:image:height\" content=\"1000\" \/>\n\t<meta property=\"og:image:type\" content=\"image\/png\" \/>\n<meta name=\"twitter:card\" content=\"summary_large_image\" \/>\n<meta name=\"twitter:label1\" content=\"Ansl. lesetid\" \/>\n\t<meta name=\"twitter:data1\" content=\"3 minutter\" \/>\n<script type=\"application\/ld+json\" class=\"yoast-schema-graph\">{\"@context\":\"https:\/\/schema.org\",\"@graph\":[{\"@type\":\"WebPage\",\"@id\":\"https:\/\/hoyre.no\/oslo\/politikk\/vaar-politikk\/et-loft-for-yrkesfagene\/\",\"url\":\"https:\/\/hoyre.no\/oslo\/politikk\/vaar-politikk\/et-loft-for-yrkesfagene\/\",\"name\":\"Et l\u00f8ft for yrkesfagene - Oslo H\u00f8yre\",\"isPartOf\":{\"@id\":\"https:\/\/hoyre.no\/oslo\/#website\"},\"datePublished\":\"2022-10-06T09:54:52+00:00\",\"dateModified\":\"2022-10-06T09:54:53+00:00\",\"breadcrumb\":{\"@id\":\"https:\/\/hoyre.no\/oslo\/politikk\/vaar-politikk\/et-loft-for-yrkesfagene\/#breadcrumb\"},\"inLanguage\":\"nb-NO\",\"potentialAction\":[{\"@type\":\"ReadAction\",\"target\":[\"https:\/\/hoyre.no\/oslo\/politikk\/vaar-politikk\/et-loft-for-yrkesfagene\/\"]}]},{\"@type\":\"BreadcrumbList\",\"@id\":\"https:\/\/hoyre.no\/oslo\/politikk\/vaar-politikk\/et-loft-for-yrkesfagene\/#breadcrumb\",\"itemListElement\":[{\"@type\":\"ListItem\",\"position\":1,\"name\":\"Til hoyre.no\",\"item\":\"https:\/\/hoyre.no\"},{\"@type\":\"ListItem\",\"position\":2,\"name\":\"Hjem\",\"item\":\"https:\/\/hoyre.no\/oslo\/\"},{\"@type\":\"ListItem\",\"position\":3,\"name\":\"Politikk\",\"item\":\"https:\/\/hoyre.no\/oslo\/politikk\/\"},{\"@type\":\"ListItem\",\"position\":4,\"name\":\"V\u00e5r politikk\",\"item\":\"https:\/\/hoyre.no\/oslo\/politikk\/vaar-politikk\/\"},{\"@type\":\"ListItem\",\"position\":5,\"name\":\"Et l\u00f8ft for yrkesfagene\"}]},{\"@type\":\"WebSite\",\"@id\":\"https:\/\/hoyre.no\/oslo\/#website\",\"url\":\"https:\/\/hoyre.no\/oslo\/\",\"name\":\"Oslo H\u00f8yre\",\"description\":\"\",\"publisher\":{\"@id\":\"https:\/\/hoyre.no\/oslo\/#organization\"},\"inLanguage\":\"nb-NO\"},{\"@type\":\"Organization\",\"@id\":\"https:\/\/hoyre.no\/oslo\/#organization\",\"name\":\"Oslo H\u00f8yre\",\"url\":\"https:\/\/hoyre.no\/oslo\/\",\"logo\":{\"@type\":\"ImageObject\",\"inLanguage\":\"nb-NO\",\"@id\":\"https:\/\/hoyre.no\/oslo\/#\/schema\/logo\/image\/\",\"url\":\"https:\/\/hoyre.no\/content\/uploads\/sites\/408\/2022\/11\/Hoyres-logo.png\",\"contentUrl\":\"https:\/\/hoyre.no\/content\/uploads\/sites\/408\/2022\/11\/Hoyres-logo.png\",\"width\":1000,\"height\":1000,\"caption\":\"Oslo H\u00f8yre\"},\"image\":{\"@id\":\"https:\/\/hoyre.no\/oslo\/#\/schema\/logo\/image\/\"},\"sameAs\":[\"https:\/\/www.facebook.com\/oslo.hoyre\"]}]}<\/script>\n<!-- \/ Yoast SEO Premium plugin. -->","yoast_head_json":{"title":"Et l\u00f8ft for yrkesfagene - Oslo H\u00f8yre","robots":{"index":"index","follow":"follow","max-snippet":"max-snippet:-1","max-image-preview":"max-image-preview:large","max-video-preview":"max-video-preview:-1"},"canonical":"https:\/\/hoyre.no\/oslo\/politikk\/vaar-politikk\/et-loft-for-yrkesfagene\/","og_locale":"nb_NO","og_type":"article","og_title":"Et l\u00f8ft for yrkesfagene","og_url":"https:\/\/hoyre.no\/oslo\/politikk\/vaar-politikk\/et-loft-for-yrkesfagene\/","og_site_name":"Oslo H\u00f8yre","article_publisher":"https:\/\/www.facebook.com\/oslo.hoyre","article_modified_time":"2022-10-06T09:54:53+00:00","og_image":[{"width":1000,"height":1000,"url":"https:\/\/hoyre.no\/content\/uploads\/sites\/408\/2022\/11\/Hoyres-logo.png","type":"image\/png"}],"twitter_card":"summary_large_image","twitter_misc":{"Ansl. lesetid":"3 minutter"},"schema":{"@context":"https:\/\/schema.org","@graph":[{"@type":"WebPage","@id":"https:\/\/hoyre.no\/oslo\/politikk\/vaar-politikk\/et-loft-for-yrkesfagene\/","url":"https:\/\/hoyre.no\/oslo\/politikk\/vaar-politikk\/et-loft-for-yrkesfagene\/","name":"Et l\u00f8ft for yrkesfagene - Oslo H\u00f8yre","isPartOf":{"@id":"https:\/\/hoyre.no\/oslo\/#website"},"datePublished":"2022-10-06T09:54:52+00:00","dateModified":"2022-10-06T09:54:53+00:00","breadcrumb":{"@id":"https:\/\/hoyre.no\/oslo\/politikk\/vaar-politikk\/et-loft-for-yrkesfagene\/#breadcrumb"},"inLanguage":"nb-NO","potentialAction":[{"@type":"ReadAction","target":["https:\/\/hoyre.no\/oslo\/politikk\/vaar-politikk\/et-loft-for-yrkesfagene\/"]}]},{"@type":"BreadcrumbList","@id":"https:\/\/hoyre.no\/oslo\/politikk\/vaar-politikk\/et-loft-for-yrkesfagene\/#breadcrumb","itemListElement":[{"@type":"ListItem","position":1,"name":"Til hoyre.no","item":"https:\/\/hoyre.no"},{"@type":"ListItem","position":2,"name":"Hjem","item":"https:\/\/hoyre.no\/oslo\/"},{"@type":"ListItem","position":3,"name":"Politikk","item":"https:\/\/hoyre.no\/oslo\/politikk\/"},{"@type":"ListItem","position":4,"name":"V\u00e5r politikk","item":"https:\/\/hoyre.no\/oslo\/politikk\/vaar-politikk\/"},{"@type":"ListItem","position":5,"name":"Et l\u00f8ft for yrkesfagene"}]},{"@type":"WebSite","@id":"https:\/\/hoyre.no\/oslo\/#website","url":"https:\/\/hoyre.no\/oslo\/","name":"Oslo H\u00f8yre","description":"","publisher":{"@id":"https:\/\/hoyre.no\/oslo\/#organization"},"inLanguage":"nb-NO"},{"@type":"Organization","@id":"https:\/\/hoyre.no\/oslo\/#organization","name":"Oslo H\u00f8yre","url":"https:\/\/hoyre.no\/oslo\/","logo":{"@type":"ImageObject","inLanguage":"nb-NO","@id":"https:\/\/hoyre.no\/oslo\/#\/schema\/logo\/image\/","url":"https:\/\/hoyre.no\/content\/uploads\/sites\/408\/2022\/11\/Hoyres-logo.png","contentUrl":"https:\/\/hoyre.no\/content\/uploads\/sites\/408\/2022\/11\/Hoyres-logo.png","width":1000,"height":1000,"caption":"Oslo H\u00f8yre"},"image":{"@id":"https:\/\/hoyre.no\/oslo\/#\/schema\/logo\/image\/"},"sameAs":["https:\/\/www.facebook.com\/oslo.hoyre"]}]}},"distributor_meta":false,"distributor_terms":false,"distributor_media":false,"distributor_original_site_name":"Oslo H\u00f8yre","distributor_original_site_url":"https:\/\/hoyre.no\/oslo","push-errors":false,"_links":{"self":[{"href":"https:\/\/hoyre.no\/oslo\/wp-json\/wp\/v2\/pages\/3225","targetHints":{"allow":["GET"]}}],"collection":[{"href":"https:\/\/hoyre.no\/oslo\/wp-json\/wp\/v2\/pages"}],"about":[{"href":"https:\/\/hoyre.no\/oslo\/wp-json\/wp\/v2\/types\/page"}],"author":[{"embeddable":true,"href":"https:\/\/hoyre.no\/oslo\/wp-json\/wp\/v2\/users\/51320"}],"replies":[{"embeddable":true,"href":"https:\/\/hoyre.no\/oslo\/wp-json\/wp\/v2\/comments?post=3225"}],"version-history":[{"count":1,"href":"https:\/\/hoyre.no\/oslo\/wp-json\/wp\/v2\/pages\/3225\/revisions"}],"predecessor-version":[{"id":3226,"href":"https:\/\/hoyre.no\/oslo\/wp-json\/wp\/v2\/pages\/3225\/revisions\/3226"}],"up":[{"embeddable":true,"href":"https:\/\/hoyre.no\/oslo\/wp-json\/wp\/v2\/pages\/51"}],"wp:attachment":[{"href":"https:\/\/hoyre.no\/oslo\/wp-json\/wp\/v2\/media?parent=3225"}],"curies":[{"name":"wp","href":"https:\/\/api.w.org\/{rel}","templated":true}]}}