{"id":3228,"date":"2022-10-06T11:57:01","date_gmt":"2022-10-06T09:57:01","guid":{"rendered":"https:\/\/hoyre.no\/oslo\/?page_id=3228"},"modified":"2022-10-06T11:57:01","modified_gmt":"2022-10-06T09:57:01","slug":"videregaende-laering-for-fremtiden","status":"publish","type":"page","link":"https:\/\/hoyre.no\/oslo\/politikk\/vaar-politikk\/videregaende-laering-for-fremtiden\/","title":{"rendered":"Videreg\u00e5ende l\u00e6ring for fremtiden"},"content":{"rendered":"\n<div class=\"wp-block-hoyre-hero with-image-gradient text-color-light  alignfull has-background\"><div class=\"hoyre-hero \"><h1 class=\"title\">Videreg\u00e5ende l\u00e6ring for fremtiden<\/h1><p class=\"preamble\">Oslo H\u00f8yre har som m\u00e5l at ni av ti elever skal fullf\u00f8re videreg\u00e5ende oppl\u00e6ring. At flere fullf\u00f8rer videreg\u00e5ende skole, er viktig b\u00e5de for samfunnet og for den enkelte. Videreg\u00e5ende oppl\u00e6ring skal fortsatt v\u00e6re et frivillig tilbud, samtidig som skolen skal stille tydelige krav og forventninger til b\u00e5de oppm\u00f8te og innsats.<\/p><\/div><\/div>\n\n\n\n\n<p>Oslo H\u00f8yre \u00f8nsker et inntakssystem til videreg\u00e5ende skole som sikrer at elevene selv kan s\u00f8ke seg til den skolen de \u00f8nsker. Ordningen med fritt skolevalg er ikke perfekt, men tidligere erfaring fra bostedsbasert opptak viser at det hindrer elever i \u00e5 s\u00f8ke seg bort fra n\u00e6rskolene. Oslo H\u00f8yre \u00f8nsker fortsatt fritt skolevalg for \u00e5 sikre sosial mobilitet og et rettferdig opptakssystem for elevene. Samtidig er det behov for \u00e5 gj\u00f8re endringer i finansieringsmodellen slik at alle videreg\u00e5ende skoler f\u00e5r forsvarlige og forutsigbare rammer.<\/p>\n\n\n\n<p><strong>Oslo H\u00f8yre vil:<\/strong><\/p>\n\n\n\n<ul class=\"wp-block-list\"><li>Videref\u00f8re fritt skolevalg for \u00e5 utjevne sosiale forskjeller og hindre at elevers muligheter begrenses av hvor de bor.<\/li><li>Gj\u00f8re endringer i finansieringsmodellen for \u00e5 sikre forsvarlige og forutsigbare rammer for alle skoler.<\/li><li>Gj\u00f8re avtaler med arbeids- og n\u00e6ringslivet for \u00e5 gi flere elever mulighet til arbeidspraksis i l\u00f8pet av videreg\u00e5ende skole.<\/li><li>At det skal v\u00e6re mulig for elever p\u00e5 videreg\u00e5ende skole \u00e5 ta fag p\u00e5 h\u00f8yere utdanningsinstitusjoner.<\/li><li>Utvikle et eget talentprogram for elever innen matematikk, naturfag og andre realfag, etter modell fra samarbeidet med Vitensenteret.<\/li><li>Opprette en e-sportlinje p\u00e5 en videreg\u00e5ende skole.<\/li><li>Satse p\u00e5 entrepren\u00f8rskap i skolen, gjennom blant annet elevbedrifter og arbeidspraksis.<\/li><li>Samlokalisere videreg\u00e5ende skoler med forskningsmilj\u00f8er og arbeidsliv der det er naturlig, etter modell fra Ullern og Kuben videreg\u00e5ende skole.<\/li><li>Legge til rette for \u00e5 etablere flere internasjonale skoler i Oslo.<\/li><li>Igangsette et fors\u00f8ksprosjekt med valgfritt sidem\u00e5l i videreg\u00e5ende skole.<\/li><li>Beholde frav\u00e6rsgrensen i videreg\u00e5ende skole.<\/li><li>Legge eksamen p\u00e5 videreg\u00e5ende f\u00f8r 17. mai.<\/li><li>Tilby frivillig undervisningstilbud i helgene og etter skoletid for elever som av ulike grunner m\u00e5 ha en utsatt pr\u00f8ve eller eksamen, s\u00e6rlig innenfor fellesfagene p\u00e5 yrkesfaglig linjer.<\/li><li>Gjennomg\u00e5 reglementet for bortvisning og innf\u00f8re en aktivitetsplikt for elever som bortvises.<\/li><li>Elever i videreg\u00e5ende skole skal f\u00e5 mulighet til f\u00e5 f\u00f8lge forelesningsserier p\u00e5 universitet eller h\u00f8yskole i egnede fag. Slike forserte l\u00f8p skal ikke g\u00e5 ut over elevenes mulighet til \u00e5 ha valgfag.<\/li><\/ul>\n\n","protected":false},"excerpt":{"rendered":"","protected":false},"author":51320,"featured_media":0,"parent":51,"menu_order":0,"comment_status":"closed","ping_status":"closed","template":"","meta":{"teft_cards_image_url":"","teft_cards_custom_pretitle":"","teft_cards_image_id":0,"teft_cards_image_focal_point_x":0,"teft_cards_image_focal_point_y":0,"teft_cards_title":"","teft_cards_excerpt":"","teft_show_chapters":false,"footnotes":""},"class_list":["post-3228","page","type-page","status-publish","hentry"],"yoast_head":"<!-- This site is optimized with the Yoast SEO Premium plugin v26.5 (Yoast SEO v26.6) - https:\/\/yoast.com\/wordpress\/plugins\/seo\/ -->\n<title>Videreg\u00e5ende l\u00e6ring for fremtiden - Oslo H\u00f8yre<\/title>\n<meta name=\"robots\" content=\"index, follow, max-snippet:-1, max-image-preview:large, max-video-preview:-1\" \/>\n<link rel=\"canonical\" href=\"https:\/\/hoyre.no\/oslo\/politikk\/vaar-politikk\/videregaende-laering-for-fremtiden\/\" \/>\n<meta property=\"og:locale\" content=\"nb_NO\" \/>\n<meta property=\"og:type\" content=\"article\" \/>\n<meta property=\"og:title\" content=\"Videreg\u00e5ende l\u00e6ring for fremtiden\" \/>\n<meta property=\"og:url\" content=\"https:\/\/hoyre.no\/oslo\/politikk\/vaar-politikk\/videregaende-laering-for-fremtiden\/\" \/>\n<meta property=\"og:site_name\" content=\"Oslo H\u00f8yre\" \/>\n<meta property=\"article:publisher\" content=\"https:\/\/www.facebook.com\/oslo.hoyre\" \/>\n<meta property=\"og:image\" content=\"https:\/\/hoyre.no\/content\/uploads\/sites\/408\/2022\/11\/Hoyres-logo.png\" \/>\n\t<meta property=\"og:image:width\" content=\"1000\" \/>\n\t<meta property=\"og:image:height\" content=\"1000\" \/>\n\t<meta property=\"og:image:type\" content=\"image\/png\" \/>\n<meta name=\"twitter:card\" content=\"summary_large_image\" \/>\n<meta name=\"twitter:label1\" content=\"Ansl. lesetid\" \/>\n\t<meta name=\"twitter:data1\" content=\"2 minutter\" \/>\n<script type=\"application\/ld+json\" class=\"yoast-schema-graph\">{\"@context\":\"https:\/\/schema.org\",\"@graph\":[{\"@type\":\"WebPage\",\"@id\":\"https:\/\/hoyre.no\/oslo\/politikk\/vaar-politikk\/videregaende-laering-for-fremtiden\/\",\"url\":\"https:\/\/hoyre.no\/oslo\/politikk\/vaar-politikk\/videregaende-laering-for-fremtiden\/\",\"name\":\"Videreg\u00e5ende l\u00e6ring for fremtiden - Oslo H\u00f8yre\",\"isPartOf\":{\"@id\":\"https:\/\/hoyre.no\/oslo\/#website\"},\"datePublished\":\"2022-10-06T09:57:01+00:00\",\"breadcrumb\":{\"@id\":\"https:\/\/hoyre.no\/oslo\/politikk\/vaar-politikk\/videregaende-laering-for-fremtiden\/#breadcrumb\"},\"inLanguage\":\"nb-NO\",\"potentialAction\":[{\"@type\":\"ReadAction\",\"target\":[\"https:\/\/hoyre.no\/oslo\/politikk\/vaar-politikk\/videregaende-laering-for-fremtiden\/\"]}]},{\"@type\":\"BreadcrumbList\",\"@id\":\"https:\/\/hoyre.no\/oslo\/politikk\/vaar-politikk\/videregaende-laering-for-fremtiden\/#breadcrumb\",\"itemListElement\":[{\"@type\":\"ListItem\",\"position\":1,\"name\":\"Til hoyre.no\",\"item\":\"https:\/\/hoyre.no\"},{\"@type\":\"ListItem\",\"position\":2,\"name\":\"Hjem\",\"item\":\"https:\/\/hoyre.no\/oslo\/\"},{\"@type\":\"ListItem\",\"position\":3,\"name\":\"Politikk\",\"item\":\"https:\/\/hoyre.no\/oslo\/politikk\/\"},{\"@type\":\"ListItem\",\"position\":4,\"name\":\"V\u00e5r politikk\",\"item\":\"https:\/\/hoyre.no\/oslo\/politikk\/vaar-politikk\/\"},{\"@type\":\"ListItem\",\"position\":5,\"name\":\"Videreg\u00e5ende l\u00e6ring for fremtiden\"}]},{\"@type\":\"WebSite\",\"@id\":\"https:\/\/hoyre.no\/oslo\/#website\",\"url\":\"https:\/\/hoyre.no\/oslo\/\",\"name\":\"Oslo H\u00f8yre\",\"description\":\"\",\"publisher\":{\"@id\":\"https:\/\/hoyre.no\/oslo\/#organization\"},\"inLanguage\":\"nb-NO\"},{\"@type\":\"Organization\",\"@id\":\"https:\/\/hoyre.no\/oslo\/#organization\",\"name\":\"Oslo H\u00f8yre\",\"url\":\"https:\/\/hoyre.no\/oslo\/\",\"logo\":{\"@type\":\"ImageObject\",\"inLanguage\":\"nb-NO\",\"@id\":\"https:\/\/hoyre.no\/oslo\/#\/schema\/logo\/image\/\",\"url\":\"https:\/\/hoyre.no\/content\/uploads\/sites\/408\/2022\/11\/Hoyres-logo.png\",\"contentUrl\":\"https:\/\/hoyre.no\/content\/uploads\/sites\/408\/2022\/11\/Hoyres-logo.png\",\"width\":1000,\"height\":1000,\"caption\":\"Oslo H\u00f8yre\"},\"image\":{\"@id\":\"https:\/\/hoyre.no\/oslo\/#\/schema\/logo\/image\/\"},\"sameAs\":[\"https:\/\/www.facebook.com\/oslo.hoyre\"]}]}<\/script>\n<!-- \/ Yoast SEO Premium plugin. -->","yoast_head_json":{"title":"Videreg\u00e5ende l\u00e6ring for fremtiden - Oslo H\u00f8yre","robots":{"index":"index","follow":"follow","max-snippet":"max-snippet:-1","max-image-preview":"max-image-preview:large","max-video-preview":"max-video-preview:-1"},"canonical":"https:\/\/hoyre.no\/oslo\/politikk\/vaar-politikk\/videregaende-laering-for-fremtiden\/","og_locale":"nb_NO","og_type":"article","og_title":"Videreg\u00e5ende l\u00e6ring for fremtiden","og_url":"https:\/\/hoyre.no\/oslo\/politikk\/vaar-politikk\/videregaende-laering-for-fremtiden\/","og_site_name":"Oslo H\u00f8yre","article_publisher":"https:\/\/www.facebook.com\/oslo.hoyre","og_image":[{"width":1000,"height":1000,"url":"https:\/\/hoyre.no\/content\/uploads\/sites\/408\/2022\/11\/Hoyres-logo.png","type":"image\/png"}],"twitter_card":"summary_large_image","twitter_misc":{"Ansl. lesetid":"2 minutter"},"schema":{"@context":"https:\/\/schema.org","@graph":[{"@type":"WebPage","@id":"https:\/\/hoyre.no\/oslo\/politikk\/vaar-politikk\/videregaende-laering-for-fremtiden\/","url":"https:\/\/hoyre.no\/oslo\/politikk\/vaar-politikk\/videregaende-laering-for-fremtiden\/","name":"Videreg\u00e5ende l\u00e6ring for fremtiden - Oslo H\u00f8yre","isPartOf":{"@id":"https:\/\/hoyre.no\/oslo\/#website"},"datePublished":"2022-10-06T09:57:01+00:00","breadcrumb":{"@id":"https:\/\/hoyre.no\/oslo\/politikk\/vaar-politikk\/videregaende-laering-for-fremtiden\/#breadcrumb"},"inLanguage":"nb-NO","potentialAction":[{"@type":"ReadAction","target":["https:\/\/hoyre.no\/oslo\/politikk\/vaar-politikk\/videregaende-laering-for-fremtiden\/"]}]},{"@type":"BreadcrumbList","@id":"https:\/\/hoyre.no\/oslo\/politikk\/vaar-politikk\/videregaende-laering-for-fremtiden\/#breadcrumb","itemListElement":[{"@type":"ListItem","position":1,"name":"Til hoyre.no","item":"https:\/\/hoyre.no"},{"@type":"ListItem","position":2,"name":"Hjem","item":"https:\/\/hoyre.no\/oslo\/"},{"@type":"ListItem","position":3,"name":"Politikk","item":"https:\/\/hoyre.no\/oslo\/politikk\/"},{"@type":"ListItem","position":4,"name":"V\u00e5r politikk","item":"https:\/\/hoyre.no\/oslo\/politikk\/vaar-politikk\/"},{"@type":"ListItem","position":5,"name":"Videreg\u00e5ende l\u00e6ring for fremtiden"}]},{"@type":"WebSite","@id":"https:\/\/hoyre.no\/oslo\/#website","url":"https:\/\/hoyre.no\/oslo\/","name":"Oslo H\u00f8yre","description":"","publisher":{"@id":"https:\/\/hoyre.no\/oslo\/#organization"},"inLanguage":"nb-NO"},{"@type":"Organization","@id":"https:\/\/hoyre.no\/oslo\/#organization","name":"Oslo H\u00f8yre","url":"https:\/\/hoyre.no\/oslo\/","logo":{"@type":"ImageObject","inLanguage":"nb-NO","@id":"https:\/\/hoyre.no\/oslo\/#\/schema\/logo\/image\/","url":"https:\/\/hoyre.no\/content\/uploads\/sites\/408\/2022\/11\/Hoyres-logo.png","contentUrl":"https:\/\/hoyre.no\/content\/uploads\/sites\/408\/2022\/11\/Hoyres-logo.png","width":1000,"height":1000,"caption":"Oslo H\u00f8yre"},"image":{"@id":"https:\/\/hoyre.no\/oslo\/#\/schema\/logo\/image\/"},"sameAs":["https:\/\/www.facebook.com\/oslo.hoyre"]}]}},"distributor_meta":false,"distributor_terms":false,"distributor_media":false,"distributor_original_site_name":"Oslo H\u00f8yre","distributor_original_site_url":"https:\/\/hoyre.no\/oslo","push-errors":false,"_links":{"self":[{"href":"https:\/\/hoyre.no\/oslo\/wp-json\/wp\/v2\/pages\/3228","targetHints":{"allow":["GET"]}}],"collection":[{"href":"https:\/\/hoyre.no\/oslo\/wp-json\/wp\/v2\/pages"}],"about":[{"href":"https:\/\/hoyre.no\/oslo\/wp-json\/wp\/v2\/types\/page"}],"author":[{"embeddable":true,"href":"https:\/\/hoyre.no\/oslo\/wp-json\/wp\/v2\/users\/51320"}],"replies":[{"embeddable":true,"href":"https:\/\/hoyre.no\/oslo\/wp-json\/wp\/v2\/comments?post=3228"}],"version-history":[{"count":1,"href":"https:\/\/hoyre.no\/oslo\/wp-json\/wp\/v2\/pages\/3228\/revisions"}],"predecessor-version":[{"id":3229,"href":"https:\/\/hoyre.no\/oslo\/wp-json\/wp\/v2\/pages\/3228\/revisions\/3229"}],"up":[{"embeddable":true,"href":"https:\/\/hoyre.no\/oslo\/wp-json\/wp\/v2\/pages\/51"}],"wp:attachment":[{"href":"https:\/\/hoyre.no\/oslo\/wp-json\/wp\/v2\/media?parent=3228"}],"curies":[{"name":"wp","href":"https:\/\/api.w.org\/{rel}","templated":true}]}}