{"id":3231,"date":"2022-10-06T11:59:19","date_gmt":"2022-10-06T09:59:19","guid":{"rendered":"https:\/\/hoyre.no\/oslo\/?page_id=3231"},"modified":"2022-10-07T11:46:46","modified_gmt":"2022-10-07T09:46:46","slug":"en-verdig-rusomsorg","status":"publish","type":"page","link":"https:\/\/hoyre.no\/oslo\/politikk\/vaar-politikk\/en-verdig-rusomsorg\/","title":{"rendered":"En verdig rusomsorg"},"content":{"rendered":"\n<div class=\"wp-block-hoyre-hero with-image-gradient text-color-light  alignfull has-background\"><div class=\"hoyre-hero \"><h1 class=\"title\">En verdig rusomsorg<\/h1><p class=\"preamble\">Oslo kommune skal ha en verdig og human rusomsorg som ikke har som m\u00e5l \u00e5 straffe brukeren, men s\u00f8rge for at de f\u00e5r god behandling hos kommunen og kommunens samarbeidspartnere.<\/p><\/div><\/div>\n\n\n\n\n<p>Overdosed\u00f8dsfallene i Oslo er for h\u00f8ye, spesielt etter rehabilitering eller soning. Derfor er det avgj\u00f8rende at ettervernet i rusomsorgen prioriteres gjennom samarbeid med ideelle og private akt\u00f8rer med kompetanse p\u00e5 feltet. Kommunen m\u00e5 ogs\u00e5 samarbeide tettere med spesialisthelsetjenesten for \u00e5 sikre at brukeren videref\u00f8res til et trygt rusfritt milj\u00f8 etter utskrivelse.<\/p>\n\n\n\n<p><strong>Oslo H\u00f8yre vil:<\/strong><\/p>\n\n\n\n<ul class=\"wp-block-list\"><li>At Oslo kommune skal arbeide etter en nullvisjon for overdosed\u00f8dsfall.<\/li><li>Styrke ettervernet i rusomsorgen gjennom samarbeid med private, sosiale entrepren\u00f8rer og<br>ideelle akt\u00f8rer, slik at flere f\u00e5r muligheten til arbeidstrening og annen aktivitet etter avrusning,<br>rehabilitering og soning.<\/li><li>&nbsp;Tillate at det r\u00f8ykes heroin p\u00e5 byens spr\u00f8yterom.<\/li><li>At egnede overgangsboliger stilles til r\u00e5dighet for rusavhengige.<\/li><li>Ha flere tilpassede boliger med booppf\u00f8lging i bydelene.<\/li><li>At kommunen f\u00f8lger retningslinjene fra Helsedirektoratet om utdeling av brukerutstyr for \u00e5<br>forebygge mot hepatitt C.<\/li><li>Desentralisere lavterskeltilbud for rusavhengige, slik at de i st\u00f8rre grad kan f\u00e5 sine behov dekket i n\u00e6rheten av sitt bosted, istedenfor \u00e5 m\u00e5tte reise inn til sentrum.<\/li><li>Utvide tilbudet om individuell oppf\u00f8lging (IPS) til flere bydeler, for \u00e5 sikre tilgang til arbeid og<br>arbeidsrettede aktiviteter som en del av rehabiliteringen.<\/li><li>Intensivere det rusforebyggende arbeidet i skolen, blant annet ved \u00e5 ha en ruskonsulent i flere<br>bydeler.<\/li><li>S\u00f8ke \u00e5 tilby metoder som gj\u00f8r brukere selv i stand til \u00e5 teste narkotika for d\u00f8delige urenheter.<\/li><\/ul>\n\n","protected":false},"excerpt":{"rendered":"","protected":false},"author":51320,"featured_media":0,"parent":51,"menu_order":0,"comment_status":"closed","ping_status":"closed","template":"","meta":{"teft_cards_image_url":"","teft_cards_custom_pretitle":"","teft_cards_image_id":0,"teft_cards_image_focal_point_x":0,"teft_cards_image_focal_point_y":0,"teft_cards_title":"","teft_cards_excerpt":"","teft_show_chapters":false,"footnotes":""},"class_list":["post-3231","page","type-page","status-publish","hentry"],"yoast_head":"<!-- This site is optimized with the Yoast SEO Premium plugin v26.5 (Yoast SEO v26.6) - https:\/\/yoast.com\/wordpress\/plugins\/seo\/ -->\n<title>En verdig rusomsorg - Oslo H\u00f8yre<\/title>\n<meta name=\"robots\" content=\"index, follow, max-snippet:-1, max-image-preview:large, max-video-preview:-1\" \/>\n<link rel=\"canonical\" href=\"https:\/\/hoyre.no\/oslo\/politikk\/vaar-politikk\/en-verdig-rusomsorg\/\" \/>\n<meta property=\"og:locale\" content=\"nb_NO\" \/>\n<meta property=\"og:type\" content=\"article\" \/>\n<meta property=\"og:title\" content=\"En verdig rusomsorg\" \/>\n<meta property=\"og:url\" content=\"https:\/\/hoyre.no\/oslo\/politikk\/vaar-politikk\/en-verdig-rusomsorg\/\" \/>\n<meta property=\"og:site_name\" content=\"Oslo H\u00f8yre\" \/>\n<meta property=\"article:publisher\" content=\"https:\/\/www.facebook.com\/oslo.hoyre\" \/>\n<meta property=\"article:modified_time\" content=\"2022-10-07T09:46:46+00:00\" \/>\n<meta property=\"og:image\" content=\"https:\/\/hoyre.no\/content\/uploads\/sites\/408\/2022\/11\/Hoyres-logo.png\" \/>\n\t<meta property=\"og:image:width\" content=\"1000\" \/>\n\t<meta property=\"og:image:height\" content=\"1000\" \/>\n\t<meta property=\"og:image:type\" content=\"image\/png\" \/>\n<meta name=\"twitter:card\" content=\"summary_large_image\" \/>\n<meta name=\"twitter:label1\" content=\"Ansl. lesetid\" \/>\n\t<meta name=\"twitter:data1\" content=\"2 minutter\" \/>\n<script type=\"application\/ld+json\" class=\"yoast-schema-graph\">{\"@context\":\"https:\/\/schema.org\",\"@graph\":[{\"@type\":\"WebPage\",\"@id\":\"https:\/\/hoyre.no\/oslo\/politikk\/vaar-politikk\/en-verdig-rusomsorg\/\",\"url\":\"https:\/\/hoyre.no\/oslo\/politikk\/vaar-politikk\/en-verdig-rusomsorg\/\",\"name\":\"En verdig rusomsorg - Oslo H\u00f8yre\",\"isPartOf\":{\"@id\":\"https:\/\/hoyre.no\/oslo\/#website\"},\"datePublished\":\"2022-10-06T09:59:19+00:00\",\"dateModified\":\"2022-10-07T09:46:46+00:00\",\"breadcrumb\":{\"@id\":\"https:\/\/hoyre.no\/oslo\/politikk\/vaar-politikk\/en-verdig-rusomsorg\/#breadcrumb\"},\"inLanguage\":\"nb-NO\",\"potentialAction\":[{\"@type\":\"ReadAction\",\"target\":[\"https:\/\/hoyre.no\/oslo\/politikk\/vaar-politikk\/en-verdig-rusomsorg\/\"]}]},{\"@type\":\"BreadcrumbList\",\"@id\":\"https:\/\/hoyre.no\/oslo\/politikk\/vaar-politikk\/en-verdig-rusomsorg\/#breadcrumb\",\"itemListElement\":[{\"@type\":\"ListItem\",\"position\":1,\"name\":\"Til hoyre.no\",\"item\":\"https:\/\/hoyre.no\"},{\"@type\":\"ListItem\",\"position\":2,\"name\":\"Hjem\",\"item\":\"https:\/\/hoyre.no\/oslo\/\"},{\"@type\":\"ListItem\",\"position\":3,\"name\":\"Politikk\",\"item\":\"https:\/\/hoyre.no\/oslo\/politikk\/\"},{\"@type\":\"ListItem\",\"position\":4,\"name\":\"V\u00e5r politikk\",\"item\":\"https:\/\/hoyre.no\/oslo\/politikk\/vaar-politikk\/\"},{\"@type\":\"ListItem\",\"position\":5,\"name\":\"En verdig rusomsorg\"}]},{\"@type\":\"WebSite\",\"@id\":\"https:\/\/hoyre.no\/oslo\/#website\",\"url\":\"https:\/\/hoyre.no\/oslo\/\",\"name\":\"Oslo H\u00f8yre\",\"description\":\"\",\"publisher\":{\"@id\":\"https:\/\/hoyre.no\/oslo\/#organization\"},\"inLanguage\":\"nb-NO\"},{\"@type\":\"Organization\",\"@id\":\"https:\/\/hoyre.no\/oslo\/#organization\",\"name\":\"Oslo H\u00f8yre\",\"url\":\"https:\/\/hoyre.no\/oslo\/\",\"logo\":{\"@type\":\"ImageObject\",\"inLanguage\":\"nb-NO\",\"@id\":\"https:\/\/hoyre.no\/oslo\/#\/schema\/logo\/image\/\",\"url\":\"https:\/\/hoyre.no\/content\/uploads\/sites\/408\/2022\/11\/Hoyres-logo.png\",\"contentUrl\":\"https:\/\/hoyre.no\/content\/uploads\/sites\/408\/2022\/11\/Hoyres-logo.png\",\"width\":1000,\"height\":1000,\"caption\":\"Oslo H\u00f8yre\"},\"image\":{\"@id\":\"https:\/\/hoyre.no\/oslo\/#\/schema\/logo\/image\/\"},\"sameAs\":[\"https:\/\/www.facebook.com\/oslo.hoyre\"]}]}<\/script>\n<!-- \/ Yoast SEO Premium plugin. -->","yoast_head_json":{"title":"En verdig rusomsorg - Oslo H\u00f8yre","robots":{"index":"index","follow":"follow","max-snippet":"max-snippet:-1","max-image-preview":"max-image-preview:large","max-video-preview":"max-video-preview:-1"},"canonical":"https:\/\/hoyre.no\/oslo\/politikk\/vaar-politikk\/en-verdig-rusomsorg\/","og_locale":"nb_NO","og_type":"article","og_title":"En verdig rusomsorg","og_url":"https:\/\/hoyre.no\/oslo\/politikk\/vaar-politikk\/en-verdig-rusomsorg\/","og_site_name":"Oslo H\u00f8yre","article_publisher":"https:\/\/www.facebook.com\/oslo.hoyre","article_modified_time":"2022-10-07T09:46:46+00:00","og_image":[{"width":1000,"height":1000,"url":"https:\/\/hoyre.no\/content\/uploads\/sites\/408\/2022\/11\/Hoyres-logo.png","type":"image\/png"}],"twitter_card":"summary_large_image","twitter_misc":{"Ansl. lesetid":"2 minutter"},"schema":{"@context":"https:\/\/schema.org","@graph":[{"@type":"WebPage","@id":"https:\/\/hoyre.no\/oslo\/politikk\/vaar-politikk\/en-verdig-rusomsorg\/","url":"https:\/\/hoyre.no\/oslo\/politikk\/vaar-politikk\/en-verdig-rusomsorg\/","name":"En verdig rusomsorg - Oslo H\u00f8yre","isPartOf":{"@id":"https:\/\/hoyre.no\/oslo\/#website"},"datePublished":"2022-10-06T09:59:19+00:00","dateModified":"2022-10-07T09:46:46+00:00","breadcrumb":{"@id":"https:\/\/hoyre.no\/oslo\/politikk\/vaar-politikk\/en-verdig-rusomsorg\/#breadcrumb"},"inLanguage":"nb-NO","potentialAction":[{"@type":"ReadAction","target":["https:\/\/hoyre.no\/oslo\/politikk\/vaar-politikk\/en-verdig-rusomsorg\/"]}]},{"@type":"BreadcrumbList","@id":"https:\/\/hoyre.no\/oslo\/politikk\/vaar-politikk\/en-verdig-rusomsorg\/#breadcrumb","itemListElement":[{"@type":"ListItem","position":1,"name":"Til hoyre.no","item":"https:\/\/hoyre.no"},{"@type":"ListItem","position":2,"name":"Hjem","item":"https:\/\/hoyre.no\/oslo\/"},{"@type":"ListItem","position":3,"name":"Politikk","item":"https:\/\/hoyre.no\/oslo\/politikk\/"},{"@type":"ListItem","position":4,"name":"V\u00e5r politikk","item":"https:\/\/hoyre.no\/oslo\/politikk\/vaar-politikk\/"},{"@type":"ListItem","position":5,"name":"En verdig rusomsorg"}]},{"@type":"WebSite","@id":"https:\/\/hoyre.no\/oslo\/#website","url":"https:\/\/hoyre.no\/oslo\/","name":"Oslo H\u00f8yre","description":"","publisher":{"@id":"https:\/\/hoyre.no\/oslo\/#organization"},"inLanguage":"nb-NO"},{"@type":"Organization","@id":"https:\/\/hoyre.no\/oslo\/#organization","name":"Oslo H\u00f8yre","url":"https:\/\/hoyre.no\/oslo\/","logo":{"@type":"ImageObject","inLanguage":"nb-NO","@id":"https:\/\/hoyre.no\/oslo\/#\/schema\/logo\/image\/","url":"https:\/\/hoyre.no\/content\/uploads\/sites\/408\/2022\/11\/Hoyres-logo.png","contentUrl":"https:\/\/hoyre.no\/content\/uploads\/sites\/408\/2022\/11\/Hoyres-logo.png","width":1000,"height":1000,"caption":"Oslo H\u00f8yre"},"image":{"@id":"https:\/\/hoyre.no\/oslo\/#\/schema\/logo\/image\/"},"sameAs":["https:\/\/www.facebook.com\/oslo.hoyre"]}]}},"distributor_meta":false,"distributor_terms":false,"distributor_media":false,"distributor_original_site_name":"Oslo H\u00f8yre","distributor_original_site_url":"https:\/\/hoyre.no\/oslo","push-errors":false,"_links":{"self":[{"href":"https:\/\/hoyre.no\/oslo\/wp-json\/wp\/v2\/pages\/3231","targetHints":{"allow":["GET"]}}],"collection":[{"href":"https:\/\/hoyre.no\/oslo\/wp-json\/wp\/v2\/pages"}],"about":[{"href":"https:\/\/hoyre.no\/oslo\/wp-json\/wp\/v2\/types\/page"}],"author":[{"embeddable":true,"href":"https:\/\/hoyre.no\/oslo\/wp-json\/wp\/v2\/users\/51320"}],"replies":[{"embeddable":true,"href":"https:\/\/hoyre.no\/oslo\/wp-json\/wp\/v2\/comments?post=3231"}],"version-history":[{"count":2,"href":"https:\/\/hoyre.no\/oslo\/wp-json\/wp\/v2\/pages\/3231\/revisions"}],"predecessor-version":[{"id":3272,"href":"https:\/\/hoyre.no\/oslo\/wp-json\/wp\/v2\/pages\/3231\/revisions\/3272"}],"up":[{"embeddable":true,"href":"https:\/\/hoyre.no\/oslo\/wp-json\/wp\/v2\/pages\/51"}],"wp:attachment":[{"href":"https:\/\/hoyre.no\/oslo\/wp-json\/wp\/v2\/media?parent=3231"}],"curies":[{"name":"wp","href":"https:\/\/api.w.org\/{rel}","templated":true}]}}