{"id":3247,"date":"2022-10-07T11:22:23","date_gmt":"2022-10-07T09:22:23","guid":{"rendered":"https:\/\/hoyre.no\/oslo\/?page_id=3247"},"modified":"2022-10-07T11:22:23","modified_gmt":"2022-10-07T09:22:23","slug":"handel-naeringsliv-og-turisme","status":"publish","type":"page","link":"https:\/\/hoyre.no\/oslo\/politikk\/vaar-politikk\/handel-naeringsliv-og-turisme\/","title":{"rendered":"Handel, n\u00e6ringsliv og turisme"},"content":{"rendered":"\n<div class=\"wp-block-hoyre-hero with-image-gradient text-color-light  alignfull has-background\"><div class=\"hoyre-hero \"><h1 class=\"title\">Handel, n\u00e6ringsliv og turisme<\/h1><p class=\"preamble\">N\u00e6ringslivet er en viktig del av bybildet. Sm\u00e5, mellomstore og store bedrifter setter et positivt preg p\u00e5 byen ved \u00e5 skape arbeidsplasser, handel, turisme og en levende by. Et mangfoldig n\u00e6ringsliv gir spennende opplevelser og unike muligheter for innbyggerne og de som bes\u00f8ker byen v\u00e5r. <br><br>Oslo skal derfor ogs\u00e5 v\u00e6re en hovedstad for n\u00e6ringslivet. Det skal gj\u00f8res ved \u00e5 gi bedriftene forutsigbare og gode rammevilk\u00e5r, slik at det blir enkelt \u00e5 drive bedrift i byen. For \u00e5 legge til rette for mer handel og n\u00e6ring i byen m\u00e5 vi se avgifts-, n\u00e6rings- og byutviklingspolitikken i sammenheng.<\/p><\/div><\/div>\n\n\n\n\n<p>Oslo er en sv\u00e6rt popul\u00e6r reiselivsdestinasjon, og antallet turister til Oslo \u00f8ker \u00e5r for \u00e5r. Kommunen m\u00e5 legge til rette for at service-, handels- og reiselivsn\u00e6ringen i Oslo har s\u00e5 gode vilk\u00e5r som mulig. Oslo skal v\u00e6re en \u00e5pen og tilgjengelig by, b\u00e5de for oss som bor her, og for alle som bes\u00f8ker byen v\u00e5r.<\/p>\n\n\n\n<p><strong>Oslo H\u00f8yre vil:<\/strong><\/p>\n\n\n\n<ul class=\"wp-block-list\"><li>Sikre en byutvikling med gode rammevilk\u00e5r for n\u00e6ringsdrivende som skaper verdier for samfunnet.<\/li><li>Legge til rette for n\u00e6ringsvirksomhet, spesielt handel, lytte til handelsn\u00e6ringen og iverksette tiltak for \u00e5 motvirke nedgangen i sentrumshandelen.<\/li><li>Spre klynger av utdanningssteder og arbeidsplasser over hele byen og i tilknytning til kollektivtransporten.<\/li><li>Innf\u00f8re mer fleksible skjenketider over hele byen s\u00e5fremt det ikke er til vesentlig sjenanse for beboerne.<\/li><li>Legge til rette for at serveringssteder kan utvide uteserveringen i v\u00e5re felles byrom, og legge til rette for servering og annen egnet n\u00e6ringsvirksomhet i parker.<\/li><li>Tillate at sentrumsforretninger kan servere lav-alkoholholdig drikke til sine kunder.<\/li><li>Utvide salgstidene for alkohol i butikk til butikkenes \u00e5pningstid.<\/li><li>Jobbe for at Oslo skal f\u00e5 status som turistkommune, med mulighet for \u00e5 kunne ha s\u00f8ndags\u00e5pne butikker.<\/li><li>S\u00f8rge for at kommunale bygg ikke st\u00e5r ubenyttet uten konkrete planer for fremtidig bruk. De b\u00f8r vurderes solgt til private.<\/li><li>Arbeide for at dagens ordning med et begrenset antall drosjel\u00f8yver erstattes med en godkjenningsordning med vandelsattest.<\/li><li>Etablere langsiktige l\u00f8sninger for turistbusser i tilknytning til store turistattraksjoner.<\/li><li>Redusere un\u00f8dvendige detaljkrav for n\u00e6ringsarealer i nye prosjekter.<\/li><\/ul>\n\n","protected":false},"excerpt":{"rendered":"","protected":false},"author":51320,"featured_media":0,"parent":51,"menu_order":0,"comment_status":"closed","ping_status":"closed","template":"","meta":{"teft_cards_image_url":"","teft_cards_custom_pretitle":"","teft_cards_image_id":0,"teft_cards_image_focal_point_x":0,"teft_cards_image_focal_point_y":0,"teft_cards_title":"","teft_cards_excerpt":"","teft_show_chapters":false,"footnotes":""},"class_list":["post-3247","page","type-page","status-publish","hentry"],"yoast_head":"<!-- This site is optimized with the Yoast SEO Premium plugin v26.5 (Yoast SEO v26.6) - https:\/\/yoast.com\/wordpress\/plugins\/seo\/ -->\n<title>Handel, n\u00e6ringsliv og turisme - Oslo H\u00f8yre<\/title>\n<meta name=\"robots\" content=\"index, follow, max-snippet:-1, max-image-preview:large, max-video-preview:-1\" \/>\n<link rel=\"canonical\" href=\"https:\/\/hoyre.no\/oslo\/politikk\/vaar-politikk\/handel-naeringsliv-og-turisme\/\" \/>\n<meta property=\"og:locale\" content=\"nb_NO\" \/>\n<meta property=\"og:type\" content=\"article\" \/>\n<meta property=\"og:title\" content=\"Handel, n\u00e6ringsliv og turisme\" \/>\n<meta property=\"og:url\" content=\"https:\/\/hoyre.no\/oslo\/politikk\/vaar-politikk\/handel-naeringsliv-og-turisme\/\" \/>\n<meta property=\"og:site_name\" content=\"Oslo H\u00f8yre\" \/>\n<meta property=\"article:publisher\" content=\"https:\/\/www.facebook.com\/oslo.hoyre\" \/>\n<meta property=\"og:image\" content=\"https:\/\/hoyre.no\/content\/uploads\/sites\/408\/2022\/11\/Hoyres-logo.png\" \/>\n\t<meta property=\"og:image:width\" content=\"1000\" \/>\n\t<meta property=\"og:image:height\" content=\"1000\" \/>\n\t<meta property=\"og:image:type\" content=\"image\/png\" \/>\n<meta name=\"twitter:card\" content=\"summary_large_image\" \/>\n<meta name=\"twitter:label1\" content=\"Ansl. lesetid\" \/>\n\t<meta name=\"twitter:data1\" content=\"2 minutter\" \/>\n<script type=\"application\/ld+json\" class=\"yoast-schema-graph\">{\"@context\":\"https:\/\/schema.org\",\"@graph\":[{\"@type\":\"WebPage\",\"@id\":\"https:\/\/hoyre.no\/oslo\/politikk\/vaar-politikk\/handel-naeringsliv-og-turisme\/\",\"url\":\"https:\/\/hoyre.no\/oslo\/politikk\/vaar-politikk\/handel-naeringsliv-og-turisme\/\",\"name\":\"Handel, n\u00e6ringsliv og turisme - Oslo H\u00f8yre\",\"isPartOf\":{\"@id\":\"https:\/\/hoyre.no\/oslo\/#website\"},\"datePublished\":\"2022-10-07T09:22:23+00:00\",\"breadcrumb\":{\"@id\":\"https:\/\/hoyre.no\/oslo\/politikk\/vaar-politikk\/handel-naeringsliv-og-turisme\/#breadcrumb\"},\"inLanguage\":\"nb-NO\",\"potentialAction\":[{\"@type\":\"ReadAction\",\"target\":[\"https:\/\/hoyre.no\/oslo\/politikk\/vaar-politikk\/handel-naeringsliv-og-turisme\/\"]}]},{\"@type\":\"BreadcrumbList\",\"@id\":\"https:\/\/hoyre.no\/oslo\/politikk\/vaar-politikk\/handel-naeringsliv-og-turisme\/#breadcrumb\",\"itemListElement\":[{\"@type\":\"ListItem\",\"position\":1,\"name\":\"Til hoyre.no\",\"item\":\"https:\/\/hoyre.no\"},{\"@type\":\"ListItem\",\"position\":2,\"name\":\"Hjem\",\"item\":\"https:\/\/hoyre.no\/oslo\/\"},{\"@type\":\"ListItem\",\"position\":3,\"name\":\"Politikk\",\"item\":\"https:\/\/hoyre.no\/oslo\/politikk\/\"},{\"@type\":\"ListItem\",\"position\":4,\"name\":\"V\u00e5r politikk\",\"item\":\"https:\/\/hoyre.no\/oslo\/politikk\/vaar-politikk\/\"},{\"@type\":\"ListItem\",\"position\":5,\"name\":\"Handel, n\u00e6ringsliv og turisme\"}]},{\"@type\":\"WebSite\",\"@id\":\"https:\/\/hoyre.no\/oslo\/#website\",\"url\":\"https:\/\/hoyre.no\/oslo\/\",\"name\":\"Oslo H\u00f8yre\",\"description\":\"\",\"publisher\":{\"@id\":\"https:\/\/hoyre.no\/oslo\/#organization\"},\"inLanguage\":\"nb-NO\"},{\"@type\":\"Organization\",\"@id\":\"https:\/\/hoyre.no\/oslo\/#organization\",\"name\":\"Oslo H\u00f8yre\",\"url\":\"https:\/\/hoyre.no\/oslo\/\",\"logo\":{\"@type\":\"ImageObject\",\"inLanguage\":\"nb-NO\",\"@id\":\"https:\/\/hoyre.no\/oslo\/#\/schema\/logo\/image\/\",\"url\":\"https:\/\/hoyre.no\/content\/uploads\/sites\/408\/2022\/11\/Hoyres-logo.png\",\"contentUrl\":\"https:\/\/hoyre.no\/content\/uploads\/sites\/408\/2022\/11\/Hoyres-logo.png\",\"width\":1000,\"height\":1000,\"caption\":\"Oslo H\u00f8yre\"},\"image\":{\"@id\":\"https:\/\/hoyre.no\/oslo\/#\/schema\/logo\/image\/\"},\"sameAs\":[\"https:\/\/www.facebook.com\/oslo.hoyre\"]}]}<\/script>\n<!-- \/ Yoast SEO Premium plugin. -->","yoast_head_json":{"title":"Handel, n\u00e6ringsliv og turisme - Oslo H\u00f8yre","robots":{"index":"index","follow":"follow","max-snippet":"max-snippet:-1","max-image-preview":"max-image-preview:large","max-video-preview":"max-video-preview:-1"},"canonical":"https:\/\/hoyre.no\/oslo\/politikk\/vaar-politikk\/handel-naeringsliv-og-turisme\/","og_locale":"nb_NO","og_type":"article","og_title":"Handel, n\u00e6ringsliv og turisme","og_url":"https:\/\/hoyre.no\/oslo\/politikk\/vaar-politikk\/handel-naeringsliv-og-turisme\/","og_site_name":"Oslo H\u00f8yre","article_publisher":"https:\/\/www.facebook.com\/oslo.hoyre","og_image":[{"width":1000,"height":1000,"url":"https:\/\/hoyre.no\/content\/uploads\/sites\/408\/2022\/11\/Hoyres-logo.png","type":"image\/png"}],"twitter_card":"summary_large_image","twitter_misc":{"Ansl. lesetid":"2 minutter"},"schema":{"@context":"https:\/\/schema.org","@graph":[{"@type":"WebPage","@id":"https:\/\/hoyre.no\/oslo\/politikk\/vaar-politikk\/handel-naeringsliv-og-turisme\/","url":"https:\/\/hoyre.no\/oslo\/politikk\/vaar-politikk\/handel-naeringsliv-og-turisme\/","name":"Handel, n\u00e6ringsliv og turisme - Oslo H\u00f8yre","isPartOf":{"@id":"https:\/\/hoyre.no\/oslo\/#website"},"datePublished":"2022-10-07T09:22:23+00:00","breadcrumb":{"@id":"https:\/\/hoyre.no\/oslo\/politikk\/vaar-politikk\/handel-naeringsliv-og-turisme\/#breadcrumb"},"inLanguage":"nb-NO","potentialAction":[{"@type":"ReadAction","target":["https:\/\/hoyre.no\/oslo\/politikk\/vaar-politikk\/handel-naeringsliv-og-turisme\/"]}]},{"@type":"BreadcrumbList","@id":"https:\/\/hoyre.no\/oslo\/politikk\/vaar-politikk\/handel-naeringsliv-og-turisme\/#breadcrumb","itemListElement":[{"@type":"ListItem","position":1,"name":"Til hoyre.no","item":"https:\/\/hoyre.no"},{"@type":"ListItem","position":2,"name":"Hjem","item":"https:\/\/hoyre.no\/oslo\/"},{"@type":"ListItem","position":3,"name":"Politikk","item":"https:\/\/hoyre.no\/oslo\/politikk\/"},{"@type":"ListItem","position":4,"name":"V\u00e5r politikk","item":"https:\/\/hoyre.no\/oslo\/politikk\/vaar-politikk\/"},{"@type":"ListItem","position":5,"name":"Handel, n\u00e6ringsliv og turisme"}]},{"@type":"WebSite","@id":"https:\/\/hoyre.no\/oslo\/#website","url":"https:\/\/hoyre.no\/oslo\/","name":"Oslo H\u00f8yre","description":"","publisher":{"@id":"https:\/\/hoyre.no\/oslo\/#organization"},"inLanguage":"nb-NO"},{"@type":"Organization","@id":"https:\/\/hoyre.no\/oslo\/#organization","name":"Oslo H\u00f8yre","url":"https:\/\/hoyre.no\/oslo\/","logo":{"@type":"ImageObject","inLanguage":"nb-NO","@id":"https:\/\/hoyre.no\/oslo\/#\/schema\/logo\/image\/","url":"https:\/\/hoyre.no\/content\/uploads\/sites\/408\/2022\/11\/Hoyres-logo.png","contentUrl":"https:\/\/hoyre.no\/content\/uploads\/sites\/408\/2022\/11\/Hoyres-logo.png","width":1000,"height":1000,"caption":"Oslo H\u00f8yre"},"image":{"@id":"https:\/\/hoyre.no\/oslo\/#\/schema\/logo\/image\/"},"sameAs":["https:\/\/www.facebook.com\/oslo.hoyre"]}]}},"distributor_meta":false,"distributor_terms":false,"distributor_media":false,"distributor_original_site_name":"Oslo H\u00f8yre","distributor_original_site_url":"https:\/\/hoyre.no\/oslo","push-errors":false,"_links":{"self":[{"href":"https:\/\/hoyre.no\/oslo\/wp-json\/wp\/v2\/pages\/3247","targetHints":{"allow":["GET"]}}],"collection":[{"href":"https:\/\/hoyre.no\/oslo\/wp-json\/wp\/v2\/pages"}],"about":[{"href":"https:\/\/hoyre.no\/oslo\/wp-json\/wp\/v2\/types\/page"}],"author":[{"embeddable":true,"href":"https:\/\/hoyre.no\/oslo\/wp-json\/wp\/v2\/users\/51320"}],"replies":[{"embeddable":true,"href":"https:\/\/hoyre.no\/oslo\/wp-json\/wp\/v2\/comments?post=3247"}],"version-history":[{"count":1,"href":"https:\/\/hoyre.no\/oslo\/wp-json\/wp\/v2\/pages\/3247\/revisions"}],"predecessor-version":[{"id":3248,"href":"https:\/\/hoyre.no\/oslo\/wp-json\/wp\/v2\/pages\/3247\/revisions\/3248"}],"up":[{"embeddable":true,"href":"https:\/\/hoyre.no\/oslo\/wp-json\/wp\/v2\/pages\/51"}],"wp:attachment":[{"href":"https:\/\/hoyre.no\/oslo\/wp-json\/wp\/v2\/media?parent=3247"}],"curies":[{"name":"wp","href":"https:\/\/api.w.org\/{rel}","templated":true}]}}